{"id":91,"date":"2012-05-24T17:07:10","date_gmt":"2012-05-24T16:07:10","guid":{"rendered":"https:\/\/www.itakaescolapios.org\/?page_id=91"},"modified":"2023-11-28T12:39:51","modified_gmt":"2023-11-28T11:39:51","slug":"hogares","status":"publish","type":"page","link":"https:\/\/www.itakaescolapios.org\/eu\/zer-egiten-dugu\/hogares\/","title":{"rendered":"Hogares"},"content":{"rendered":"<p><code>[meteor_slideshow slideshow=\"hogares\"]<\/code><br \/>\nMantiene y gestiona <span style=\"color: #808000;\"><strong>hogares para j\u00f3venes y menores <\/strong><\/span>en situaci\u00f3n o riesgo de exclusi\u00f3n en Espa\u00f1a y Brasil. Servicios educativos que trabajan la formaci\u00f3n y el acompa\u00f1amiento integral de las personas que acogen.<!--more--><\/p>\n","protected":false},"excerpt":{"rendered":"<p>[meteor_slideshow slideshow=&#8221;hogares&#8221;] Mantiene y gestiona hogares para j\u00f3venes y menores en situaci\u00f3n o riesgo de exclusi\u00f3n en Espa\u00f1a y Brasil. Servicios educativos que trabajan la formaci\u00f3n y el acompa\u00f1amiento integral [&hellip;]<\/p>\n","protected":false},"author":1,"featured_media":0,"parent":5,"menu_order":8,"comment_status":"closed","ping_status":"closed","template":"","meta":{"_et_pb_use_builder":"","_et_pb_old_content":"","_et_gb_content_width":"","footnotes":""},"class_list":["post-91","page","type-page","status-publish","hentry"],"yoast_head":"<!-- This site is optimized with the Yoast SEO plugin v27.4 - https:\/\/yoast.com\/product\/yoast-seo-wordpress\/ -->\n<title>Hogares<\/title>\n<meta name=\"description\" content=\"[meteor_slideshow slideshow=&quot;hogares&quot;] Mantiene y gestiona hogares para j\u00f3venes y menores en situaci\u00f3n o riesgo de exclusi\u00f3n en Espa\u00f1a y Brasil. Servicios educativos que trabajan la formaci\u00f3n y el acompa\u00f1amiento integral de las personas que acogen.\" \/>\n<meta name=\"robots\" content=\"index, follow, max-snippet:-1, max-image-preview:large, max-video-preview:-1\" \/>\n<link rel=\"canonical\" href=\"http:\/\/[meteor_slideshow%20slideshow=hogares]%20Mantiene%20y%20gestiona%20hogares%20para%20j\u00f3venes%20y%20menores%20en%20situaci\u00f3n%20o%20riesgo%20de%20exclusi\u00f3n%20en%20Espa\u00f1a%20y%20Brasil.%20Servicios%20educativos%20que%20trabajan%20la%20formaci\u00f3n%20y%20el%20acompa\u00f1amiento%20integral%20de%20las%20personas%20que%20acogen.\" \/>\n<meta property=\"og:locale\" content=\"en_US\" \/>\n<meta property=\"og:type\" content=\"article\" \/>\n<meta property=\"og:title\" content=\"Hogares\" \/>\n<meta property=\"og:description\" content=\"[meteor_slideshow slideshow=&quot;hogares&quot;] Mantiene y gestiona hogares para j\u00f3venes y menores en situaci\u00f3n o riesgo de exclusi\u00f3n en Espa\u00f1a y Brasil. Servicios educativos que trabajan la formaci\u00f3n y el acompa\u00f1amiento integral de las personas que acogen.\" \/>\n<meta property=\"og:url\" content=\"https:\/\/www.itakaescolapios.org\/eu\/zer-egiten-dugu\/hogares\/\" \/>\n<meta property=\"og:site_name\" content=\"Itaka-Escolapios\" \/>\n<meta property=\"article:modified_time\" content=\"2023-11-28T11:39:51+00:00\" \/>\n<meta name=\"twitter:card\" content=\"summary_large_image\" \/>\n<script type=\"application\/ld+json\" class=\"yoast-schema-graph\">{\"@context\":\"https:\\\/\\\/schema.org\",\"@graph\":[{\"@type\":\"WebPage\",\"@id\":\"https:\\\/\\\/www.itakaescolapios.org\\\/eu\\\/zer-egiten-dugu\\\/hogares\\\/\",\"url\":\"https:\\\/\\\/www.itakaescolapios.org\\\/eu\\\/zer-egiten-dugu\\\/hogares\\\/\",\"name\":\"Hogares - Itaka-Escolapios\",\"isPartOf\":{\"@id\":\"https:\\\/\\\/www.itakaescolapios.org\\\/es\\\/#website\"},\"datePublished\":\"2012-05-24T16:07:10+00:00\",\"dateModified\":\"2023-11-28T11:39:51+00:00\",\"breadcrumb\":{\"@id\":\"https:\\\/\\\/www.itakaescolapios.org\\\/eu\\\/zer-egiten-dugu\\\/hogares\\\/#breadcrumb\"},\"inLanguage\":\"eu\",\"potentialAction\":[{\"@type\":\"ReadAction\",\"target\":[\"https:\\\/\\\/www.itakaescolapios.org\\\/eu\\\/zer-egiten-dugu\\\/hogares\\\/\"]}]},{\"@type\":\"BreadcrumbList\",\"@id\":\"https:\\\/\\\/www.itakaescolapios.org\\\/eu\\\/zer-egiten-dugu\\\/hogares\\\/#breadcrumb\",\"itemListElement\":[{\"@type\":\"ListItem\",\"position\":1,\"name\":\"Itaka-Escolapios\",\"item\":\"https:\\\/\\\/www.itakaescolapios.org\\\/es\\\/\"},{\"@type\":\"ListItem\",\"position\":2,\"name\":\"Zer egiten dugu\",\"item\":\"https:\\\/\\\/www.itakaescolapios.org\\\/es\\\/que-hacemos\\\/\"},{\"@type\":\"ListItem\",\"position\":3,\"name\":\"Hogares\"}]},{\"@type\":\"WebSite\",\"@id\":\"https:\\\/\\\/www.itakaescolapios.org\\\/eu\\\/es\\\/#website\",\"url\":\"https:\\\/\\\/www.itakaescolapios.org\\\/eu\\\/es\\\/\",\"name\":\"Itaka-Escolapios\",\"description\":\"Red de Itaka-Escolapios\",\"publisher\":{\"@id\":\"https:\\\/\\\/www.itakaescolapios.org\\\/eu\\\/es\\\/#organization\"},\"potentialAction\":[{\"@type\":\"SearchAction\",\"target\":{\"@type\":\"EntryPoint\",\"urlTemplate\":\"https:\\\/\\\/www.itakaescolapios.org\\\/eu\\\/es\\\/?s={search_term_string}\"},\"query-input\":{\"@type\":\"PropertyValueSpecification\",\"valueRequired\":true,\"valueName\":\"search_term_string\"}}],\"inLanguage\":\"eu\"},{\"@type\":\"Organization\",\"@id\":\"https:\\\/\\\/www.itakaescolapios.org\\\/eu\\\/es\\\/#organization\",\"name\":\"Fundaci\u00f3 Itaka-Escolapios\",\"url\":\"https:\\\/\\\/www.itakaescolapios.org\\\/eu\\\/es\\\/\",\"logo\":{\"@type\":\"ImageObject\",\"inLanguage\":\"eu\",\"@id\":\"https:\\\/\\\/www.itakaescolapios.org\\\/eu\\\/es\\\/#\\\/schema\\\/logo\\\/image\\\/\",\"url\":\"https:\\\/\\\/www.itakaescolapios.org\\\/wp-content\\\/uploads\\\/2024\\\/04\\\/Logo-itakaescolapios-peque.png\",\"contentUrl\":\"https:\\\/\\\/www.itakaescolapios.org\\\/wp-content\\\/uploads\\\/2024\\\/04\\\/Logo-itakaescolapios-peque.png\",\"width\":500,\"height\":199,\"caption\":\"Fundaci\u00f3 Itaka-Escolapios\"},\"image\":{\"@id\":\"https:\\\/\\\/www.itakaescolapios.org\\\/eu\\\/es\\\/#\\\/schema\\\/logo\\\/image\\\/\"}}]}<\/script>\n<!-- \/ Yoast SEO plugin. -->","yoast_head_json":{"title":"Hogares","description":"[meteor_slideshow slideshow=\"hogares\"] Mantiene y gestiona hogares para j\u00f3venes y menores en situaci\u00f3n o riesgo de exclusi\u00f3n en Espa\u00f1a y Brasil. Servicios educativos que trabajan la formaci\u00f3n y el acompa\u00f1amiento integral de las personas que acogen.","robots":{"index":"index","follow":"follow","max-snippet":"max-snippet:-1","max-image-preview":"max-image-preview:large","max-video-preview":"max-video-preview:-1"},"canonical":"[meteor_slideshow slideshow=\"hogares\"] Mantiene y gestiona hogares para j\u00f3venes y menores en situaci\u00f3n o riesgo de exclusi\u00f3n en Espa\u00f1a y Brasil. Servicios educativos que trabajan la formaci\u00f3n y el acompa\u00f1amiento integral de las personas que acogen.","og_locale":"en_US","og_type":"article","og_title":"Hogares","og_description":"[meteor_slideshow slideshow=\"hogares\"] Mantiene y gestiona hogares para j\u00f3venes y menores en situaci\u00f3n o riesgo de exclusi\u00f3n en Espa\u00f1a y Brasil. Servicios educativos que trabajan la formaci\u00f3n y el acompa\u00f1amiento integral de las personas que acogen.","og_url":"https:\/\/www.itakaescolapios.org\/eu\/zer-egiten-dugu\/hogares\/","og_site_name":"Itaka-Escolapios","article_modified_time":"2023-11-28T11:39:51+00:00","twitter_card":"summary_large_image","schema":{"@context":"https:\/\/schema.org","@graph":[{"@type":"WebPage","@id":"https:\/\/www.itakaescolapios.org\/eu\/zer-egiten-dugu\/hogares\/","url":"https:\/\/www.itakaescolapios.org\/eu\/zer-egiten-dugu\/hogares\/","name":"Hogares - Itaka-Escolapios","isPartOf":{"@id":"https:\/\/www.itakaescolapios.org\/es\/#website"},"datePublished":"2012-05-24T16:07:10+00:00","dateModified":"2023-11-28T11:39:51+00:00","breadcrumb":{"@id":"https:\/\/www.itakaescolapios.org\/eu\/zer-egiten-dugu\/hogares\/#breadcrumb"},"inLanguage":"eu","potentialAction":[{"@type":"ReadAction","target":["https:\/\/www.itakaescolapios.org\/eu\/zer-egiten-dugu\/hogares\/"]}]},{"@type":"BreadcrumbList","@id":"https:\/\/www.itakaescolapios.org\/eu\/zer-egiten-dugu\/hogares\/#breadcrumb","itemListElement":[{"@type":"ListItem","position":1,"name":"Itaka-Escolapios","item":"https:\/\/www.itakaescolapios.org\/es\/"},{"@type":"ListItem","position":2,"name":"Zer egiten dugu","item":"https:\/\/www.itakaescolapios.org\/es\/que-hacemos\/"},{"@type":"ListItem","position":3,"name":"Hogares"}]},{"@type":"WebSite","@id":"https:\/\/www.itakaescolapios.org\/eu\/es\/#website","url":"https:\/\/www.itakaescolapios.org\/eu\/es\/","name":"Itaka-Escolapios","description":"Red de Itaka-Escolapios","publisher":{"@id":"https:\/\/www.itakaescolapios.org\/eu\/es\/#organization"},"potentialAction":[{"@type":"SearchAction","target":{"@type":"EntryPoint","urlTemplate":"https:\/\/www.itakaescolapios.org\/eu\/es\/?s={search_term_string}"},"query-input":{"@type":"PropertyValueSpecification","valueRequired":true,"valueName":"search_term_string"}}],"inLanguage":"eu"},{"@type":"Organization","@id":"https:\/\/www.itakaescolapios.org\/eu\/es\/#organization","name":"Fundaci\u00f3 Itaka-Escolapios","url":"https:\/\/www.itakaescolapios.org\/eu\/es\/","logo":{"@type":"ImageObject","inLanguage":"eu","@id":"https:\/\/www.itakaescolapios.org\/eu\/es\/#\/schema\/logo\/image\/","url":"https:\/\/www.itakaescolapios.org\/wp-content\/uploads\/2024\/04\/Logo-itakaescolapios-peque.png","contentUrl":"https:\/\/www.itakaescolapios.org\/wp-content\/uploads\/2024\/04\/Logo-itakaescolapios-peque.png","width":500,"height":199,"caption":"Fundaci\u00f3 Itaka-Escolapios"},"image":{"@id":"https:\/\/www.itakaescolapios.org\/eu\/es\/#\/schema\/logo\/image\/"}}]}},"_links":{"self":[{"href":"https:\/\/www.itakaescolapios.org\/eu\/wp-json\/wp\/v2\/pages\/91","targetHints":{"allow":["GET"]}}],"collection":[{"href":"https:\/\/www.itakaescolapios.org\/eu\/wp-json\/wp\/v2\/pages"}],"about":[{"href":"https:\/\/www.itakaescolapios.org\/eu\/wp-json\/wp\/v2\/types\/page"}],"author":[{"embeddable":true,"href":"https:\/\/www.itakaescolapios.org\/eu\/wp-json\/wp\/v2\/users\/1"}],"replies":[{"embeddable":true,"href":"https:\/\/www.itakaescolapios.org\/eu\/wp-json\/wp\/v2\/comments?post=91"}],"version-history":[{"count":21,"href":"https:\/\/www.itakaescolapios.org\/eu\/wp-json\/wp\/v2\/pages\/91\/revisions"}],"predecessor-version":[{"id":50340,"href":"https:\/\/www.itakaescolapios.org\/eu\/wp-json\/wp\/v2\/pages\/91\/revisions\/50340"}],"up":[{"embeddable":true,"href":"https:\/\/www.itakaescolapios.org\/eu\/wp-json\/wp\/v2\/pages\/5"}],"wp:attachment":[{"href":"https:\/\/www.itakaescolapios.org\/eu\/wp-json\/wp\/v2\/media?parent=91"}],"curies":[{"name":"wp","href":"https:\/\/api.w.org\/{rel}","templated":true}]}}