{"id":102,"date":"2012-05-28T16:02:01","date_gmt":"2012-05-28T15:02:01","guid":{"rendered":"https:\/\/www.itakaescolapios.org\/?page_id=102"},"modified":"2025-03-19T11:32:52","modified_gmt":"2025-03-19T10:32:52","slug":"cabana-de-trueba","status":"publish","type":"page","link":"https:\/\/www.itakaescolapios.org\/fr\/que-faisons-nous\/auberges\/cabana-de-trueba\/","title":{"rendered":"CABANE DE TRUEBA"},"content":{"rendered":"<p align=\"JUSTIFY\">La cabane Estacas de Trueba se trouve \u00e0 Sel de Losa dans la Vall\u00e9e de Trueba (province de Burgos), \u00e0 90 km de Bilbao.<\/p>\n<p align=\"JUSTIFY\">Pour y arriver, prendre la sortie de Bilbao en direction de Balmaseda (BI-636). De l\u00e0, il faut aller \u00e0 Espinosa de los Monteros, en passant \u00e0 c\u00f4t\u00e9 de Villasana de Mena et en montant le Port de El Cabrio. Passer par Espinosa de los Monteros, sortir du village et suivre la direction de Las Machorras. Apr\u00e8s avoir travers\u00e9 ce village, nous trouverons un croisement qui divise la route en deux, une vers Lunada (ne pas prendre cette route) et l&rsquo;autre vers le port de ESTACAS DE TRUEBA (c&rsquo;est la route qu&rsquo;il faut prendre). A environ 8 km du croisement se trouve la grille d&rsquo;entr\u00e9e de la cabane.<\/p>\n<p align=\"JUSTIFY\">La Cabane a une capacit\u00e9 pour une quarantaine de personnes. Elle dispose de chauffage et d\u2019eau chaude.<\/p>\n<p align=\"JUSTIFY\">La maison se compose de 2 \u00e9tages. Au rez-de-chauss\u00e9e\u00a0: la cuisine, une grande salle \u00e0 manger, la salle des jeux (babyfoot et table de ping-pong) et la zone de douches. Au 2\u00c8ME \u00e9tage, il y a un grand dortoir avec des lits et une petite chambre de 2 lits doubles. Il y a une salle de r\u00e9unions avec chemin\u00e9e, TV et DVD.<\/p>\n<p align=\"JUSTIFY\">Les ext\u00e9rieurs sont si \u00e9tendus qu\u00b4ils arrivent \u00e0 la rivi\u00e8re Trueba. Il y a plusieurs possibilit\u00e9s de promenades dans cette zone, Castro Balnera, Valle del Pas, Tunnel de La Enga\u00f1a,\u2026<\/p>\n<p align=\"JUSTIFY\">La maison peut \u00eatre lou\u00e9e au complet car elle est totalement \u00e9quip\u00e9e. La priorit\u00e9 dans les r\u00e9servations est pour\u00a0: les \u00e9coles, les ikastolas, les paroisses, les clubs de loisirs et les associations \u00e0 but principalement \u00e9ducatif.<\/p>\n<p align=\"JUSTIFY\">Le service de cuisini\u00e8re n\u2019est pas disponible.<\/p>\n<p align=\"JUSTIFY\">Pour en savoir plus sur les prix et la disponibilit\u00e9, prendre contact avec le bureau du si\u00e8ge de Bilbao de la Fondation Itaka Escolapios.<\/p>\n","protected":false},"excerpt":{"rendered":"<p>La cabane Estacas de Trueba se trouve \u00e0 Sel de Losa dans la Vall\u00e9e de Trueba (province de Burgos), \u00e0 90 km de Bilbao. Pour y arriver, prendre la sortie [&hellip;]<\/p>\n","protected":false},"author":1,"featured_media":1179,"parent":51317,"menu_order":2,"comment_status":"closed","ping_status":"closed","template":"","meta":{"_et_pb_use_builder":"","_et_pb_old_content":"","_et_gb_content_width":"","footnotes":""},"class_list":["post-102","page","type-page","status-publish","has-post-thumbnail","hentry"],"yoast_head":"<!-- This site is optimized with the Yoast SEO plugin v27.3 - https:\/\/yoast.com\/product\/yoast-seo-wordpress\/ -->\n<title>CABANE DE TRUEBA<\/title>\n<meta name=\"description\" content=\"La cabane Estacas de Trueba se trouve \u00e0 Sel de Losa dans la Vall\u00e9e de Trueba (province de Burgos), \u00e0 90 km de Bilbao. Pour y arriver, prendre la sortie de Bilbao en direction de Balmaseda (BI-636). De l\u00e0, il faut aller \u00e0 Espinosa de los Monteros, en passant \u00e0 c\u00f4t\u00e9 de Villasana de Mena\u2026\" \/>\n<meta name=\"robots\" content=\"index, follow, max-snippet:-1, max-image-preview:large, max-video-preview:-1\" \/>\n<link rel=\"canonical\" href=\"http:\/\/La%20cabane%20Estacas%20de%20Trueba%20se%20trouve%20\u00e0%20Sel%20de%20Losa%20dans%20la%20Vall\u00e9e%20de%20Trueba%20(province%20de%20Burgos),%20\u00e0%2090%20km%20de%20Bilbao.%20Pour%20y%20arriver,%20prendre%20la%20sortie%20de%20Bilbao%20en%20direction%20de%20Balmaseda%20(BI-636).%20De%20l\u00e0,%20il%20faut%20aller%20\u00e0%20Espinosa%20de%20los%20Monteros,%20en%20passant%20\u00e0%20c\u00f4t\u00e9%20de%20Villasana%20de%20Mena\u2026\" \/>\n<meta property=\"og:locale\" content=\"fr_FR\" \/>\n<meta property=\"og:type\" content=\"article\" \/>\n<meta property=\"og:title\" content=\"CABANE DE TRUEBA\" \/>\n<meta property=\"og:description\" content=\"La cabane Estacas de Trueba se trouve \u00e0 Sel de Losa dans la Vall\u00e9e de Trueba (province de Burgos), \u00e0 90 km de Bilbao. Pour y arriver, prendre la sortie de Bilbao en direction de Balmaseda (BI-636). De l\u00e0, il faut aller \u00e0 Espinosa de los Monteros, en passant \u00e0 c\u00f4t\u00e9 de Villasana de Mena\u2026\" \/>\n<meta property=\"og:url\" content=\"https:\/\/www.itakaescolapios.org\/fr\/que-faisons-nous\/auberges\/cabana-de-trueba\/\" \/>\n<meta property=\"og:site_name\" content=\"Itaka-Escolapios\" \/>\n<meta property=\"article:modified_time\" content=\"2025-03-19T10:32:52+00:00\" \/>\n<meta property=\"og:image\" content=\"https:\/\/www.itakaescolapios.org\/wp-content\/uploads\/2012\/05\/Albergues-Trueba-1-Bilbao.jpg\" \/>\n\t<meta property=\"og:image:width\" content=\"1980\" \/>\n\t<meta property=\"og:image:height\" content=\"1500\" \/>\n\t<meta property=\"og:image:type\" content=\"image\/jpeg\" \/>\n<meta name=\"twitter:card\" content=\"summary_large_image\" \/>\n<meta name=\"twitter:label1\" content=\"Dur\u00e9e de lecture estim\u00e9e\" \/>\n\t<meta name=\"twitter:data1\" content=\"2 minutes\" \/>\n<script type=\"application\/ld+json\" class=\"yoast-schema-graph\">{\"@context\":\"https:\\\/\\\/schema.org\",\"@graph\":[{\"@type\":\"WebPage\",\"@id\":\"https:\\\/\\\/www.itakaescolapios.org\\\/fr\\\/que-faisons-nous\\\/auberges\\\/cabana-de-trueba\\\/\",\"url\":\"https:\\\/\\\/www.itakaescolapios.org\\\/fr\\\/que-faisons-nous\\\/auberges\\\/cabana-de-trueba\\\/\",\"name\":\"Caba\u00f1a de Trueba - Itaka-Escolapios\",\"isPartOf\":{\"@id\":\"https:\\\/\\\/www.itakaescolapios.org\\\/es\\\/#website\"},\"primaryImageOfPage\":{\"@id\":\"https:\\\/\\\/www.itakaescolapios.org\\\/fr\\\/que-faisons-nous\\\/auberges\\\/cabana-de-trueba\\\/#primaryimage\"},\"image\":{\"@id\":\"https:\\\/\\\/www.itakaescolapios.org\\\/fr\\\/que-faisons-nous\\\/auberges\\\/cabana-de-trueba\\\/#primaryimage\"},\"thumbnailUrl\":\"https:\\\/\\\/www.itakaescolapios.org\\\/wp-content\\\/uploads\\\/2012\\\/05\\\/Albergues-Trueba-1-Bilbao.jpg\",\"datePublished\":\"2012-05-28T15:02:01+00:00\",\"dateModified\":\"2025-03-19T10:32:52+00:00\",\"breadcrumb\":{\"@id\":\"https:\\\/\\\/www.itakaescolapios.org\\\/fr\\\/que-faisons-nous\\\/auberges\\\/cabana-de-trueba\\\/#breadcrumb\"},\"inLanguage\":\"fr-FR\",\"potentialAction\":[{\"@type\":\"ReadAction\",\"target\":[\"https:\\\/\\\/www.itakaescolapios.org\\\/fr\\\/que-faisons-nous\\\/auberges\\\/cabana-de-trueba\\\/\"]}]},{\"@type\":\"ImageObject\",\"inLanguage\":\"fr-FR\",\"@id\":\"https:\\\/\\\/www.itakaescolapios.org\\\/fr\\\/que-faisons-nous\\\/auberges\\\/cabana-de-trueba\\\/#primaryimage\",\"url\":\"https:\\\/\\\/www.itakaescolapios.org\\\/wp-content\\\/uploads\\\/2012\\\/05\\\/Albergues-Trueba-1-Bilbao.jpg\",\"contentUrl\":\"https:\\\/\\\/www.itakaescolapios.org\\\/wp-content\\\/uploads\\\/2012\\\/05\\\/Albergues-Trueba-1-Bilbao.jpg\",\"width\":1980,\"height\":1500},{\"@type\":\"BreadcrumbList\",\"@id\":\"https:\\\/\\\/www.itakaescolapios.org\\\/fr\\\/que-faisons-nous\\\/auberges\\\/cabana-de-trueba\\\/#breadcrumb\",\"itemListElement\":[{\"@type\":\"ListItem\",\"position\":1,\"name\":\"Itaka-Escolapios\",\"item\":\"https:\\\/\\\/www.itakaescolapios.org\\\/es\\\/\"},{\"@type\":\"ListItem\",\"position\":2,\"name\":\"Que faisons-nous\",\"item\":\"https:\\\/\\\/www.itakaescolapios.org\\\/es\\\/que-hacemos\\\/\"},{\"@type\":\"ListItem\",\"position\":3,\"name\":\"Auberges\",\"item\":\"https:\\\/\\\/www.itakaescolapios.org\\\/es\\\/que-hacemos\\\/albergues-es\\\/\"},{\"@type\":\"ListItem\",\"position\":4,\"name\":\"CABANE DE TRUEBA\"}]},{\"@type\":\"WebSite\",\"@id\":\"https:\\\/\\\/www.itakaescolapios.org\\\/fr\\\/es\\\/#website\",\"url\":\"https:\\\/\\\/www.itakaescolapios.org\\\/fr\\\/es\\\/\",\"name\":\"Itaka-Escolapios\",\"description\":\"Red de Itaka-Escolapios\",\"publisher\":{\"@id\":\"https:\\\/\\\/www.itakaescolapios.org\\\/fr\\\/es\\\/#organization\"},\"potentialAction\":[{\"@type\":\"SearchAction\",\"target\":{\"@type\":\"EntryPoint\",\"urlTemplate\":\"https:\\\/\\\/www.itakaescolapios.org\\\/fr\\\/es\\\/?s={search_term_string}\"},\"query-input\":{\"@type\":\"PropertyValueSpecification\",\"valueRequired\":true,\"valueName\":\"search_term_string\"}}],\"inLanguage\":\"fr-FR\"},{\"@type\":\"Organization\",\"@id\":\"https:\\\/\\\/www.itakaescolapios.org\\\/fr\\\/es\\\/#organization\",\"name\":\"Fundaci\u00f3 Itaka-Escolapios\",\"url\":\"https:\\\/\\\/www.itakaescolapios.org\\\/fr\\\/es\\\/\",\"logo\":{\"@type\":\"ImageObject\",\"inLanguage\":\"fr-FR\",\"@id\":\"https:\\\/\\\/www.itakaescolapios.org\\\/fr\\\/es\\\/#\\\/schema\\\/logo\\\/image\\\/\",\"url\":\"https:\\\/\\\/www.itakaescolapios.org\\\/wp-content\\\/uploads\\\/2024\\\/04\\\/Logo-itakaescolapios-peque.png\",\"contentUrl\":\"https:\\\/\\\/www.itakaescolapios.org\\\/wp-content\\\/uploads\\\/2024\\\/04\\\/Logo-itakaescolapios-peque.png\",\"width\":500,\"height\":199,\"caption\":\"Fundaci\u00f3 Itaka-Escolapios\"},\"image\":{\"@id\":\"https:\\\/\\\/www.itakaescolapios.org\\\/fr\\\/es\\\/#\\\/schema\\\/logo\\\/image\\\/\"}}]}<\/script>\n<!-- \/ Yoast SEO plugin. -->","yoast_head_json":{"title":"CABANE DE TRUEBA","description":"La cabane Estacas de Trueba se trouve \u00e0 Sel de Losa dans la Vall\u00e9e de Trueba (province de Burgos), \u00e0 90 km de Bilbao. Pour y arriver, prendre la sortie de Bilbao en direction de Balmaseda (BI-636). De l\u00e0, il faut aller \u00e0 Espinosa de los Monteros, en passant \u00e0 c\u00f4t\u00e9 de Villasana de Mena\u2026","robots":{"index":"index","follow":"follow","max-snippet":"max-snippet:-1","max-image-preview":"max-image-preview:large","max-video-preview":"max-video-preview:-1"},"canonical":"La cabane Estacas de Trueba se trouve \u00e0 Sel de Losa dans la Vall\u00e9e de Trueba (province de Burgos), \u00e0 90 km de Bilbao. Pour y arriver, prendre la sortie de Bilbao en direction de Balmaseda (BI-636). De l\u00e0, il faut aller \u00e0 Espinosa de los Monteros, en passant \u00e0 c\u00f4t\u00e9 de Villasana de Mena\u2026","og_locale":"fr_FR","og_type":"article","og_title":"CABANE DE TRUEBA","og_description":"La cabane Estacas de Trueba se trouve \u00e0 Sel de Losa dans la Vall\u00e9e de Trueba (province de Burgos), \u00e0 90 km de Bilbao. Pour y arriver, prendre la sortie de Bilbao en direction de Balmaseda (BI-636). De l\u00e0, il faut aller \u00e0 Espinosa de los Monteros, en passant \u00e0 c\u00f4t\u00e9 de Villasana de Mena\u2026","og_url":"https:\/\/www.itakaescolapios.org\/fr\/que-faisons-nous\/auberges\/cabana-de-trueba\/","og_site_name":"Itaka-Escolapios","article_modified_time":"2025-03-19T10:32:52+00:00","og_image":[{"width":1980,"height":1500,"url":"https:\/\/www.itakaescolapios.org\/wp-content\/uploads\/2012\/05\/Albergues-Trueba-1-Bilbao.jpg","type":"image\/jpeg"}],"twitter_card":"summary_large_image","twitter_misc":{"Dur\u00e9e de lecture estim\u00e9e":"2 minutes"},"schema":{"@context":"https:\/\/schema.org","@graph":[{"@type":"WebPage","@id":"https:\/\/www.itakaescolapios.org\/fr\/que-faisons-nous\/auberges\/cabana-de-trueba\/","url":"https:\/\/www.itakaescolapios.org\/fr\/que-faisons-nous\/auberges\/cabana-de-trueba\/","name":"Caba\u00f1a de Trueba - Itaka-Escolapios","isPartOf":{"@id":"https:\/\/www.itakaescolapios.org\/es\/#website"},"primaryImageOfPage":{"@id":"https:\/\/www.itakaescolapios.org\/fr\/que-faisons-nous\/auberges\/cabana-de-trueba\/#primaryimage"},"image":{"@id":"https:\/\/www.itakaescolapios.org\/fr\/que-faisons-nous\/auberges\/cabana-de-trueba\/#primaryimage"},"thumbnailUrl":"https:\/\/www.itakaescolapios.org\/wp-content\/uploads\/2012\/05\/Albergues-Trueba-1-Bilbao.jpg","datePublished":"2012-05-28T15:02:01+00:00","dateModified":"2025-03-19T10:32:52+00:00","breadcrumb":{"@id":"https:\/\/www.itakaescolapios.org\/fr\/que-faisons-nous\/auberges\/cabana-de-trueba\/#breadcrumb"},"inLanguage":"fr-FR","potentialAction":[{"@type":"ReadAction","target":["https:\/\/www.itakaescolapios.org\/fr\/que-faisons-nous\/auberges\/cabana-de-trueba\/"]}]},{"@type":"ImageObject","inLanguage":"fr-FR","@id":"https:\/\/www.itakaescolapios.org\/fr\/que-faisons-nous\/auberges\/cabana-de-trueba\/#primaryimage","url":"https:\/\/www.itakaescolapios.org\/wp-content\/uploads\/2012\/05\/Albergues-Trueba-1-Bilbao.jpg","contentUrl":"https:\/\/www.itakaescolapios.org\/wp-content\/uploads\/2012\/05\/Albergues-Trueba-1-Bilbao.jpg","width":1980,"height":1500},{"@type":"BreadcrumbList","@id":"https:\/\/www.itakaescolapios.org\/fr\/que-faisons-nous\/auberges\/cabana-de-trueba\/#breadcrumb","itemListElement":[{"@type":"ListItem","position":1,"name":"Itaka-Escolapios","item":"https:\/\/www.itakaescolapios.org\/es\/"},{"@type":"ListItem","position":2,"name":"Que faisons-nous","item":"https:\/\/www.itakaescolapios.org\/es\/que-hacemos\/"},{"@type":"ListItem","position":3,"name":"Auberges","item":"https:\/\/www.itakaescolapios.org\/es\/que-hacemos\/albergues-es\/"},{"@type":"ListItem","position":4,"name":"CABANE DE TRUEBA"}]},{"@type":"WebSite","@id":"https:\/\/www.itakaescolapios.org\/fr\/es\/#website","url":"https:\/\/www.itakaescolapios.org\/fr\/es\/","name":"Itaka-Escolapios","description":"Red de Itaka-Escolapios","publisher":{"@id":"https:\/\/www.itakaescolapios.org\/fr\/es\/#organization"},"potentialAction":[{"@type":"SearchAction","target":{"@type":"EntryPoint","urlTemplate":"https:\/\/www.itakaescolapios.org\/fr\/es\/?s={search_term_string}"},"query-input":{"@type":"PropertyValueSpecification","valueRequired":true,"valueName":"search_term_string"}}],"inLanguage":"fr-FR"},{"@type":"Organization","@id":"https:\/\/www.itakaescolapios.org\/fr\/es\/#organization","name":"Fundaci\u00f3 Itaka-Escolapios","url":"https:\/\/www.itakaescolapios.org\/fr\/es\/","logo":{"@type":"ImageObject","inLanguage":"fr-FR","@id":"https:\/\/www.itakaescolapios.org\/fr\/es\/#\/schema\/logo\/image\/","url":"https:\/\/www.itakaescolapios.org\/wp-content\/uploads\/2024\/04\/Logo-itakaescolapios-peque.png","contentUrl":"https:\/\/www.itakaescolapios.org\/wp-content\/uploads\/2024\/04\/Logo-itakaescolapios-peque.png","width":500,"height":199,"caption":"Fundaci\u00f3 Itaka-Escolapios"},"image":{"@id":"https:\/\/www.itakaescolapios.org\/fr\/es\/#\/schema\/logo\/image\/"}}]}},"_links":{"self":[{"href":"https:\/\/www.itakaescolapios.org\/fr\/wp-json\/wp\/v2\/pages\/102","targetHints":{"allow":["GET"]}}],"collection":[{"href":"https:\/\/www.itakaescolapios.org\/fr\/wp-json\/wp\/v2\/pages"}],"about":[{"href":"https:\/\/www.itakaescolapios.org\/fr\/wp-json\/wp\/v2\/types\/page"}],"author":[{"embeddable":true,"href":"https:\/\/www.itakaescolapios.org\/fr\/wp-json\/wp\/v2\/users\/1"}],"replies":[{"embeddable":true,"href":"https:\/\/www.itakaescolapios.org\/fr\/wp-json\/wp\/v2\/comments?post=102"}],"version-history":[{"count":9,"href":"https:\/\/www.itakaescolapios.org\/fr\/wp-json\/wp\/v2\/pages\/102\/revisions"}],"predecessor-version":[{"id":50330,"href":"https:\/\/www.itakaescolapios.org\/fr\/wp-json\/wp\/v2\/pages\/102\/revisions\/50330"}],"up":[{"embeddable":true,"href":"https:\/\/www.itakaescolapios.org\/fr\/wp-json\/wp\/v2\/pages\/51317"}],"wp:featuredmedia":[{"embeddable":true,"href":"https:\/\/www.itakaescolapios.org\/fr\/wp-json\/wp\/v2\/media\/1179"}],"wp:attachment":[{"href":"https:\/\/www.itakaescolapios.org\/fr\/wp-json\/wp\/v2\/media?parent=102"}],"curies":[{"name":"wp","href":"https:\/\/api.w.org\/{rel}","templated":true}]}}