{"id":108,"date":"2012-05-28T16:02:56","date_gmt":"2012-05-28T15:02:56","guid":{"rendered":"https:\/\/www.itakaescolapios.org\/?page_id=108"},"modified":"2025-03-19T11:36:12","modified_gmt":"2025-03-19T10:36:12","slug":"lekunetxea","status":"publish","type":"page","link":"https:\/\/www.itakaescolapios.org\/fr\/que-faisons-nous\/auberges\/lekunetxea\/","title":{"rendered":"Lekunetxea"},"content":{"rendered":"<p align=\"JUSTIFY\">L\u2019auberge est situ\u00e9e dans la commune d\u2019Arrazola, Province de Bizkaia, \u00e0 43 km de Bilbao.<\/p>\n<p align=\"JUSTIFY\">PPour s\u2019y rendre depuis Bilbao, on peut prendre l\u2019autoroute jusqu&rsquo;\u00e0 Durango (A-8 en direction de San Sebasti\u00e1n) ou par la r\u00e9gionale (N-634). Depuis Durango, prendre la route locale BI-632 en direction d\u2019Elorrio par la sortie d\u2019Apatamonasterio et traversant le village vers Arrazola. L\u2019auberge se trouve avant d&rsquo;arriver au centre municipal d&rsquo;Arrazola, sur un chemin qui arrive du cot\u00e9 gauche de la route (l\u2019auberge est un hameau \u00e0 fa\u00e7ade blanche que l\u00b4on voit depuis la route).<\/p>\n<p align=\"JUSTIFY\">On peut \u00e9galement acc\u00e9der \u00e0 l\u2019auberge en transport public depuis Bizkaibus. <a href=\"http:\/\/www.bizkaia.net\/herri_lanak\/bizkaibus\/ca_index.asp\" target=\"_blank\">Horarios Bizkaiabus.<\/a><\/p>\n<p align=\"JUSTIFY\">L\u2019auberge a une capacit\u00e9 pour 60 personnes, avec chauffage et eau chaude. Au rez-de-chauss\u00e9e, il y a une tr\u00e8s grande salle \u00e0 manger (avec babyfoot et table de ping-pong), une petite salle de r\u00e9union pr\u00e8s de la cuisine et des salles de bain avec douches.<\/p>\n<p align=\"JUSTIFY\">Au premier \u00e9tage, il y a deux dortoirs avec des lits, un dortoir avec quatre lits doubles et trois chambres individuelles. Toujours dans le m\u00eame \u00e9tage, il y a une salle avec baignoire, une grande salle de r\u00e9union avec TV et DVD et deux magasins.<\/p>\n<p align=\"JUSTIFY\">Au deuxi\u00e8me \u00e9tage, en arrivant depuis l&rsquo;une des chambres principales, il y a une chapelle \u00e0 usage exclusivement religieux. Depuis l\u2019autre chambre, on peut arriver \u00e0 une grande salle et \u00e0 la terrasse de l\u2019auberge.<\/p>\n<p align=\"JUSTIFY\">L\u2019auberge compte \u00e0 l\u00b4ext\u00e9rieur avec de grandes zones de d\u00e9tente, dans la partie-avant de la maison, d\u2019un terrain de football et d&rsquo;espaces verts.<\/p>\n<p align=\"JUSTIFY\">La zone offre plusieurs possibilit\u00e9s de promenades puisque l\u2019auberge est situ\u00e9e dans la Vall\u00e9e d&rsquo;Atxondo. Tout pr\u00e8s, se trouvent les piscines publiques de la commune de d&rsquo;Apatamonasterio.<\/p>\n<p align=\"JUSTIFY\">La maison peut \u00eatre lou\u00e9e au complet\u00a0car elle est totalement \u00e9quip\u00e9e. On exige un minimum de 16 personnes pour sa location\u00a0; pour des groupes inf\u00e9rieurs, le prix est plus \u00e9lev\u00e9. La priorit\u00e9 dans les r\u00e9servations est pour\u00a0: les \u00e9coles, les ikastolas, les paroisses, les clubs de loisir et les associations \u00e0 but principalement \u00e9ducatif.<\/p>\n<p align=\"JUSTIFY\">Le service de cuisine est disponible sur demande.<\/p>\n<p align=\"JUSTIFY\">Pour en savoir plus sur les prix et la disponibilit\u00e9, prendre contact avec le bureau du si\u00e8ge de Bilbao de la Fondation Itaka Escolapios.<\/p>\n","protected":false},"excerpt":{"rendered":"<p>L\u2019auberge est situ\u00e9e dans la commune d\u2019Arrazola, Province de Bizkaia, \u00e0 43 km de Bilbao. PPour s\u2019y rendre depuis Bilbao, on peut prendre l\u2019autoroute jusqu&rsquo;\u00e0 Durango (A-8 en direction de [&hellip;]<\/p>\n","protected":false},"author":1,"featured_media":1203,"parent":51317,"menu_order":5,"comment_status":"closed","ping_status":"closed","template":"","meta":{"_et_pb_use_builder":"","_et_pb_old_content":"","_et_gb_content_width":"","footnotes":""},"class_list":["post-108","page","type-page","status-publish","has-post-thumbnail","hentry"],"yoast_head":"<!-- This site is optimized with the Yoast SEO plugin v27.4 - https:\/\/yoast.com\/product\/yoast-seo-wordpress\/ -->\n<title>Lekunetxea - Itaka-Escolapios<\/title>\n<meta name=\"description\" content=\"L\u2019auberge est situ\u00e9e dans la commune d\u2019Arrazola, Province de Bizkaia, \u00e0 43 km de Bilbao. PPour s\u2019y rendre depuis Bilbao, on peut prendre l\u2019autoroute jusqu&#039;\u00e0 Durango (A-8 en direction de San Sebasti\u00e1n) ou par la r\u00e9gionale (N-634). Depuis Durango, prendre la route locale BI-632 en direction d\u2019Elorrio par la sortie d\u2019Apatamonasterio et traversant le village\u2026\" \/>\n<meta name=\"robots\" content=\"index, follow, max-snippet:-1, max-image-preview:large, max-video-preview:-1\" \/>\n<link rel=\"canonical\" href=\"http:\/\/L\u2019auberge%20est%20situ\u00e9e%20dans%20la%20commune%20d\u2019Arrazola,%20Province%20de%20Bizkaia,%20\u00e0%2043%20km%20de%20Bilbao.%20PPour%20s\u2019y%20rendre%20depuis%20Bilbao,%20on%20peut%20prendre%20l\u2019autoroute%20jusqu'\u00e0%20Durango%20(A-8%20en%20direction%20de%20San%20Sebasti\u00e1n)%20ou%20par%20la%20r\u00e9gionale%20(N-634).%20Depuis%20Durango,%20prendre%20la%20route%20locale%20BI-632%20en%20direction%20d\u2019Elorrio%20par%20la%20sortie%20d\u2019Apatamonasterio%20et%20traversant%20le%20village\u2026\" \/>\n<meta property=\"og:locale\" content=\"fr_FR\" \/>\n<meta property=\"og:type\" content=\"article\" \/>\n<meta property=\"og:title\" content=\"Lekunetxea - Itaka-Escolapios\" \/>\n<meta property=\"og:description\" content=\"L\u2019auberge est situ\u00e9e dans la commune d\u2019Arrazola, Province de Bizkaia, \u00e0 43 km de Bilbao. PPour s\u2019y rendre depuis Bilbao, on peut prendre l\u2019autoroute jusqu&#039;\u00e0 Durango (A-8 en direction de San Sebasti\u00e1n) ou par la r\u00e9gionale (N-634). Depuis Durango, prendre la route locale BI-632 en direction d\u2019Elorrio par la sortie d\u2019Apatamonasterio et traversant le village\u2026\" \/>\n<meta property=\"og:url\" content=\"https:\/\/www.itakaescolapios.org\/fr\/que-faisons-nous\/auberges\/lekunetxea\/\" \/>\n<meta property=\"og:site_name\" content=\"Itaka-Escolapios\" \/>\n<meta property=\"article:modified_time\" content=\"2025-03-19T10:36:12+00:00\" \/>\n<meta property=\"og:image\" content=\"https:\/\/www.itakaescolapios.org\/wp-content\/uploads\/2012\/05\/Albergues-Lekunetxea-5-Bilbao.jpg\" \/>\n\t<meta property=\"og:image:width\" content=\"1200\" \/>\n\t<meta property=\"og:image:height\" content=\"796\" \/>\n\t<meta property=\"og:image:type\" content=\"image\/jpeg\" \/>\n<meta name=\"twitter:card\" content=\"summary_large_image\" \/>\n<meta name=\"twitter:label1\" content=\"Dur\u00e9e de lecture estim\u00e9e\" \/>\n\t<meta name=\"twitter:data1\" content=\"2 minutes\" \/>\n<script type=\"application\/ld+json\" class=\"yoast-schema-graph\">{\"@context\":\"https:\\\/\\\/schema.org\",\"@graph\":[{\"@type\":\"WebPage\",\"@id\":\"https:\\\/\\\/www.itakaescolapios.org\\\/fr\\\/que-faisons-nous\\\/auberges\\\/lekunetxea\\\/\",\"url\":\"https:\\\/\\\/www.itakaescolapios.org\\\/fr\\\/que-faisons-nous\\\/auberges\\\/lekunetxea\\\/\",\"name\":\"Lekunetxea - Itaka-Escolapios\",\"isPartOf\":{\"@id\":\"https:\\\/\\\/www.itakaescolapios.org\\\/es\\\/#website\"},\"primaryImageOfPage\":{\"@id\":\"https:\\\/\\\/www.itakaescolapios.org\\\/fr\\\/que-faisons-nous\\\/auberges\\\/lekunetxea\\\/#primaryimage\"},\"image\":{\"@id\":\"https:\\\/\\\/www.itakaescolapios.org\\\/fr\\\/que-faisons-nous\\\/auberges\\\/lekunetxea\\\/#primaryimage\"},\"thumbnailUrl\":\"https:\\\/\\\/www.itakaescolapios.org\\\/wp-content\\\/uploads\\\/2012\\\/05\\\/Albergues-Lekunetxea-5-Bilbao.jpg\",\"datePublished\":\"2012-05-28T15:02:56+00:00\",\"dateModified\":\"2025-03-19T10:36:12+00:00\",\"breadcrumb\":{\"@id\":\"https:\\\/\\\/www.itakaescolapios.org\\\/fr\\\/que-faisons-nous\\\/auberges\\\/lekunetxea\\\/#breadcrumb\"},\"inLanguage\":\"fr-FR\",\"potentialAction\":[{\"@type\":\"ReadAction\",\"target\":[\"https:\\\/\\\/www.itakaescolapios.org\\\/fr\\\/que-faisons-nous\\\/auberges\\\/lekunetxea\\\/\"]}]},{\"@type\":\"ImageObject\",\"inLanguage\":\"fr-FR\",\"@id\":\"https:\\\/\\\/www.itakaescolapios.org\\\/fr\\\/que-faisons-nous\\\/auberges\\\/lekunetxea\\\/#primaryimage\",\"url\":\"https:\\\/\\\/www.itakaescolapios.org\\\/wp-content\\\/uploads\\\/2012\\\/05\\\/Albergues-Lekunetxea-5-Bilbao.jpg\",\"contentUrl\":\"https:\\\/\\\/www.itakaescolapios.org\\\/wp-content\\\/uploads\\\/2012\\\/05\\\/Albergues-Lekunetxea-5-Bilbao.jpg\",\"width\":\"1200\",\"height\":\"796\"},{\"@type\":\"BreadcrumbList\",\"@id\":\"https:\\\/\\\/www.itakaescolapios.org\\\/fr\\\/que-faisons-nous\\\/auberges\\\/lekunetxea\\\/#breadcrumb\",\"itemListElement\":[{\"@type\":\"ListItem\",\"position\":1,\"name\":\"Itaka-Escolapios\",\"item\":\"https:\\\/\\\/www.itakaescolapios.org\\\/es\\\/\"},{\"@type\":\"ListItem\",\"position\":2,\"name\":\"Que faisons-nous\",\"item\":\"https:\\\/\\\/www.itakaescolapios.org\\\/es\\\/que-hacemos\\\/\"},{\"@type\":\"ListItem\",\"position\":3,\"name\":\"Auberges\",\"item\":\"https:\\\/\\\/www.itakaescolapios.org\\\/es\\\/que-hacemos\\\/albergues-es\\\/\"},{\"@type\":\"ListItem\",\"position\":4,\"name\":\"Lekunetxea\"}]},{\"@type\":\"WebSite\",\"@id\":\"https:\\\/\\\/www.itakaescolapios.org\\\/fr\\\/es\\\/#website\",\"url\":\"https:\\\/\\\/www.itakaescolapios.org\\\/fr\\\/es\\\/\",\"name\":\"Itaka-Escolapios\",\"description\":\"Red de Itaka-Escolapios\",\"publisher\":{\"@id\":\"https:\\\/\\\/www.itakaescolapios.org\\\/fr\\\/es\\\/#organization\"},\"potentialAction\":[{\"@type\":\"SearchAction\",\"target\":{\"@type\":\"EntryPoint\",\"urlTemplate\":\"https:\\\/\\\/www.itakaescolapios.org\\\/fr\\\/es\\\/?s={search_term_string}\"},\"query-input\":{\"@type\":\"PropertyValueSpecification\",\"valueRequired\":true,\"valueName\":\"search_term_string\"}}],\"inLanguage\":\"fr-FR\"},{\"@type\":\"Organization\",\"@id\":\"https:\\\/\\\/www.itakaescolapios.org\\\/fr\\\/es\\\/#organization\",\"name\":\"Fundaci\u00f3 Itaka-Escolapios\",\"url\":\"https:\\\/\\\/www.itakaescolapios.org\\\/fr\\\/es\\\/\",\"logo\":{\"@type\":\"ImageObject\",\"inLanguage\":\"fr-FR\",\"@id\":\"https:\\\/\\\/www.itakaescolapios.org\\\/fr\\\/es\\\/#\\\/schema\\\/logo\\\/image\\\/\",\"url\":\"https:\\\/\\\/www.itakaescolapios.org\\\/wp-content\\\/uploads\\\/2024\\\/04\\\/Logo-itakaescolapios-peque.png\",\"contentUrl\":\"https:\\\/\\\/www.itakaescolapios.org\\\/wp-content\\\/uploads\\\/2024\\\/04\\\/Logo-itakaescolapios-peque.png\",\"width\":500,\"height\":199,\"caption\":\"Fundaci\u00f3 Itaka-Escolapios\"},\"image\":{\"@id\":\"https:\\\/\\\/www.itakaescolapios.org\\\/fr\\\/es\\\/#\\\/schema\\\/logo\\\/image\\\/\"}}]}<\/script>\n<!-- \/ Yoast SEO plugin. -->","yoast_head_json":{"title":"Lekunetxea - Itaka-Escolapios","description":"L\u2019auberge est situ\u00e9e dans la commune d\u2019Arrazola, Province de Bizkaia, \u00e0 43 km de Bilbao. PPour s\u2019y rendre depuis Bilbao, on peut prendre l\u2019autoroute jusqu'\u00e0 Durango (A-8 en direction de San Sebasti\u00e1n) ou par la r\u00e9gionale (N-634). Depuis Durango, prendre la route locale BI-632 en direction d\u2019Elorrio par la sortie d\u2019Apatamonasterio et traversant le village\u2026","robots":{"index":"index","follow":"follow","max-snippet":"max-snippet:-1","max-image-preview":"max-image-preview:large","max-video-preview":"max-video-preview:-1"},"canonical":"L\u2019auberge est situ\u00e9e dans la commune d\u2019Arrazola, Province de Bizkaia, \u00e0 43 km de Bilbao. PPour s\u2019y rendre depuis Bilbao, on peut prendre l\u2019autoroute jusqu'\u00e0 Durango (A-8 en direction de San Sebasti\u00e1n) ou par la r\u00e9gionale (N-634). Depuis Durango, prendre la route locale BI-632 en direction d\u2019Elorrio par la sortie d\u2019Apatamonasterio et traversant le village\u2026","og_locale":"fr_FR","og_type":"article","og_title":"Lekunetxea - Itaka-Escolapios","og_description":"L\u2019auberge est situ\u00e9e dans la commune d\u2019Arrazola, Province de Bizkaia, \u00e0 43 km de Bilbao. PPour s\u2019y rendre depuis Bilbao, on peut prendre l\u2019autoroute jusqu'\u00e0 Durango (A-8 en direction de San Sebasti\u00e1n) ou par la r\u00e9gionale (N-634). Depuis Durango, prendre la route locale BI-632 en direction d\u2019Elorrio par la sortie d\u2019Apatamonasterio et traversant le village\u2026","og_url":"https:\/\/www.itakaescolapios.org\/fr\/que-faisons-nous\/auberges\/lekunetxea\/","og_site_name":"Itaka-Escolapios","article_modified_time":"2025-03-19T10:36:12+00:00","og_image":[{"width":1200,"height":796,"url":"https:\/\/www.itakaescolapios.org\/wp-content\/uploads\/2012\/05\/Albergues-Lekunetxea-5-Bilbao.jpg","type":"image\/jpeg"}],"twitter_card":"summary_large_image","twitter_misc":{"Dur\u00e9e de lecture estim\u00e9e":"2 minutes"},"schema":{"@context":"https:\/\/schema.org","@graph":[{"@type":"WebPage","@id":"https:\/\/www.itakaescolapios.org\/fr\/que-faisons-nous\/auberges\/lekunetxea\/","url":"https:\/\/www.itakaescolapios.org\/fr\/que-faisons-nous\/auberges\/lekunetxea\/","name":"Lekunetxea - Itaka-Escolapios","isPartOf":{"@id":"https:\/\/www.itakaescolapios.org\/es\/#website"},"primaryImageOfPage":{"@id":"https:\/\/www.itakaescolapios.org\/fr\/que-faisons-nous\/auberges\/lekunetxea\/#primaryimage"},"image":{"@id":"https:\/\/www.itakaescolapios.org\/fr\/que-faisons-nous\/auberges\/lekunetxea\/#primaryimage"},"thumbnailUrl":"https:\/\/www.itakaescolapios.org\/wp-content\/uploads\/2012\/05\/Albergues-Lekunetxea-5-Bilbao.jpg","datePublished":"2012-05-28T15:02:56+00:00","dateModified":"2025-03-19T10:36:12+00:00","breadcrumb":{"@id":"https:\/\/www.itakaescolapios.org\/fr\/que-faisons-nous\/auberges\/lekunetxea\/#breadcrumb"},"inLanguage":"fr-FR","potentialAction":[{"@type":"ReadAction","target":["https:\/\/www.itakaescolapios.org\/fr\/que-faisons-nous\/auberges\/lekunetxea\/"]}]},{"@type":"ImageObject","inLanguage":"fr-FR","@id":"https:\/\/www.itakaescolapios.org\/fr\/que-faisons-nous\/auberges\/lekunetxea\/#primaryimage","url":"https:\/\/www.itakaescolapios.org\/wp-content\/uploads\/2012\/05\/Albergues-Lekunetxea-5-Bilbao.jpg","contentUrl":"https:\/\/www.itakaescolapios.org\/wp-content\/uploads\/2012\/05\/Albergues-Lekunetxea-5-Bilbao.jpg","width":"1200","height":"796"},{"@type":"BreadcrumbList","@id":"https:\/\/www.itakaescolapios.org\/fr\/que-faisons-nous\/auberges\/lekunetxea\/#breadcrumb","itemListElement":[{"@type":"ListItem","position":1,"name":"Itaka-Escolapios","item":"https:\/\/www.itakaescolapios.org\/es\/"},{"@type":"ListItem","position":2,"name":"Que faisons-nous","item":"https:\/\/www.itakaescolapios.org\/es\/que-hacemos\/"},{"@type":"ListItem","position":3,"name":"Auberges","item":"https:\/\/www.itakaescolapios.org\/es\/que-hacemos\/albergues-es\/"},{"@type":"ListItem","position":4,"name":"Lekunetxea"}]},{"@type":"WebSite","@id":"https:\/\/www.itakaescolapios.org\/fr\/es\/#website","url":"https:\/\/www.itakaescolapios.org\/fr\/es\/","name":"Itaka-Escolapios","description":"Red de Itaka-Escolapios","publisher":{"@id":"https:\/\/www.itakaescolapios.org\/fr\/es\/#organization"},"potentialAction":[{"@type":"SearchAction","target":{"@type":"EntryPoint","urlTemplate":"https:\/\/www.itakaescolapios.org\/fr\/es\/?s={search_term_string}"},"query-input":{"@type":"PropertyValueSpecification","valueRequired":true,"valueName":"search_term_string"}}],"inLanguage":"fr-FR"},{"@type":"Organization","@id":"https:\/\/www.itakaescolapios.org\/fr\/es\/#organization","name":"Fundaci\u00f3 Itaka-Escolapios","url":"https:\/\/www.itakaescolapios.org\/fr\/es\/","logo":{"@type":"ImageObject","inLanguage":"fr-FR","@id":"https:\/\/www.itakaescolapios.org\/fr\/es\/#\/schema\/logo\/image\/","url":"https:\/\/www.itakaescolapios.org\/wp-content\/uploads\/2024\/04\/Logo-itakaescolapios-peque.png","contentUrl":"https:\/\/www.itakaescolapios.org\/wp-content\/uploads\/2024\/04\/Logo-itakaescolapios-peque.png","width":500,"height":199,"caption":"Fundaci\u00f3 Itaka-Escolapios"},"image":{"@id":"https:\/\/www.itakaescolapios.org\/fr\/es\/#\/schema\/logo\/image\/"}}]}},"_links":{"self":[{"href":"https:\/\/www.itakaescolapios.org\/fr\/wp-json\/wp\/v2\/pages\/108","targetHints":{"allow":["GET"]}}],"collection":[{"href":"https:\/\/www.itakaescolapios.org\/fr\/wp-json\/wp\/v2\/pages"}],"about":[{"href":"https:\/\/www.itakaescolapios.org\/fr\/wp-json\/wp\/v2\/types\/page"}],"author":[{"embeddable":true,"href":"https:\/\/www.itakaescolapios.org\/fr\/wp-json\/wp\/v2\/users\/1"}],"replies":[{"embeddable":true,"href":"https:\/\/www.itakaescolapios.org\/fr\/wp-json\/wp\/v2\/comments?post=108"}],"version-history":[{"count":16,"href":"https:\/\/www.itakaescolapios.org\/fr\/wp-json\/wp\/v2\/pages\/108\/revisions"}],"predecessor-version":[{"id":50324,"href":"https:\/\/www.itakaescolapios.org\/fr\/wp-json\/wp\/v2\/pages\/108\/revisions\/50324"}],"up":[{"embeddable":true,"href":"https:\/\/www.itakaescolapios.org\/fr\/wp-json\/wp\/v2\/pages\/51317"}],"wp:featuredmedia":[{"embeddable":true,"href":"https:\/\/www.itakaescolapios.org\/fr\/wp-json\/wp\/v2\/media\/1203"}],"wp:attachment":[{"href":"https:\/\/www.itakaescolapios.org\/fr\/wp-json\/wp\/v2\/media?parent=108"}],"curies":[{"name":"wp","href":"https:\/\/api.w.org\/{rel}","templated":true}]}}