{"id":11860,"date":"2015-02-11T14:45:54","date_gmt":"2015-02-11T13:45:54","guid":{"rendered":"https:\/\/www.itakaescolapios.org\/?page_id=11860"},"modified":"2023-11-28T12:38:47","modified_gmt":"2023-11-28T11:38:47","slug":"itavere-en-zaragoza-espana","status":"publish","type":"page","link":"https:\/\/www.itakaescolapios.org\/fr\/que-faisons-nous\/centros-socio-educativos\/itavere-en-zaragoza-espana\/","title":{"rendered":"ITAVERE, ZARAGOSSE"},"content":{"rendered":"<p>It\u00e1vere est un projet social de caract\u00e8re int\u00e9grateur\u00a0 qui s\u00b4adresse \u00e0 des gar\u00e7ous et des filles de 6 \u00e0 13 ans. Il se d\u00e9veloppe dans la ville de Zaragosse et, pour pouvoir le r\u00e9aliser, il utilise les installations du coll\u00e8ge \u201cEcoles Piaristes\u201d.<\/p>\n<p>Son nom surgit de l\u00b4union des mots Itaka et Trast\u00e9vere, et le quartier de Saint Paul (o\u00f9 il se d\u00e8veloppe) ressemble aux quartiers o\u00f9 San Joseph de Calasanz travailla.<\/p>\n<p>Ce Projet n\u00e9 du besoin que pr\u00e9sente le quartier d\u00b4offrir aux enfants et aux jeunes, un temps et un espace ad\u00e9quate pour qu\u00b4ils aqui\u00e8rent et d\u00e9veloppent des habilit\u00e8s sociales n\u00e9cessaires pour mettre en pratique dans leur vie de chaque jour . Ansi que pour qu\u00b4ils d\u00e9veloppent des habitudes positives pendant leur temps libre et pour qu\u00b4ils g\u00e9n\u00e8rent des occasions pour am\u00e9liorer leur integration sociale.<\/p>\n<p>Avec It\u00e1vere, nous voulons que les enfants, les moins favoris\u00e9s et en risque d\u00b4exclusion sociale, aient un lieu de convivialit\u00e9 avec d\u00b4autres enfants et qu\u00b4ils puissent jouir des activit\u00e9s et des recours qui ne sont pas habituellement \u00e0 leur port\u00e9e.<\/p>\n<p>Le Projet peut se faire gr\u00e2ce au travail volontaire des \u00e9ducateurs sociaux, des professeurs, des moniteurs et des entraineurs de sports.<\/p>\n","protected":false},"excerpt":{"rendered":"<p>It\u00e1vere est un projet social de caract\u00e8re int\u00e9grateur\u00a0 qui s\u00b4adresse \u00e0 des gar\u00e7ous et des filles de 6 \u00e0 13 ans. Il se d\u00e9veloppe dans la ville de Zaragosse et, [&hellip;]<\/p>\n","protected":false},"author":46,"featured_media":11864,"parent":83,"menu_order":12,"comment_status":"closed","ping_status":"closed","template":"","meta":{"_et_pb_use_builder":"","_et_pb_old_content":"","_et_gb_content_width":"","footnotes":""},"class_list":["post-11860","page","type-page","status-publish","has-post-thumbnail","hentry"],"yoast_head":"<!-- This site is optimized with the Yoast SEO plugin v27.3 - https:\/\/yoast.com\/product\/yoast-seo-wordpress\/ -->\n<title>ITAVERE, ZARAGOSSE<\/title>\n<meta name=\"description\" content=\"It\u00e1vere est un projet social de caract\u00e8re int\u00e9grateur\u00a0 qui s\u00b4adresse \u00e0 des gar\u00e7ous et des filles de 6 \u00e0 13 ans. Il se d\u00e9veloppe dans la ville de Zaragosse et, pour pouvoir le r\u00e9aliser, il utilise les installations du coll\u00e8ge \u201cEcoles Piaristes\u201d. Son nom surgit de l\u00b4union des mots Itaka et Trast\u00e9vere, et le quartier\u2026\" \/>\n<meta name=\"robots\" content=\"index, follow, max-snippet:-1, max-image-preview:large, max-video-preview:-1\" \/>\n<link rel=\"canonical\" href=\"http:\/\/It\u00e1vere%20est%20un%20projet%20social%20de%20caract\u00e8re%20int\u00e9grateur\u00a0%20qui%20s\u00b4adresse%20\u00e0%20des%20gar\u00e7ous%20et%20des%20filles%20de%206%20\u00e0%2013%20ans.%20Il%20se%20d\u00e9veloppe%20dans%20la%20ville%20de%20Zaragosse%20et,%20pour%20pouvoir%20le%20r\u00e9aliser,%20il%20utilise%20les%20installations%20du%20coll\u00e8ge%20\u201cEcoles%20Piaristes\u201d.%20Son%20nom%20surgit%20de%20l\u00b4union%20des%20mots%20Itaka%20et%20Trast\u00e9vere,%20et%20le%20quartier\u2026\" \/>\n<meta property=\"og:locale\" content=\"fr_FR\" \/>\n<meta property=\"og:type\" content=\"article\" \/>\n<meta property=\"og:title\" content=\"ITAVERE, ZARAGOSSE\" \/>\n<meta property=\"og:description\" content=\"It\u00e1vere est un projet social de caract\u00e8re int\u00e9grateur\u00a0 qui s\u00b4adresse \u00e0 des gar\u00e7ous et des filles de 6 \u00e0 13 ans. Il se d\u00e9veloppe dans la ville de Zaragosse et, pour pouvoir le r\u00e9aliser, il utilise les installations du coll\u00e8ge \u201cEcoles Piaristes\u201d. Son nom surgit de l\u00b4union des mots Itaka et Trast\u00e9vere, et le quartier\u2026\" \/>\n<meta property=\"og:url\" content=\"https:\/\/www.itakaescolapios.org\/fr\/que-faisons-nous\/centros-socio-educativos\/itavere-en-zaragoza-espana\/\" \/>\n<meta property=\"og:site_name\" content=\"Itaka-Escolapios\" \/>\n<meta property=\"article:modified_time\" content=\"2023-11-28T11:38:47+00:00\" \/>\n<meta property=\"og:image\" content=\"https:\/\/www.itakaescolapios.org\/wp-content\/uploads\/2015\/02\/Itavere-2.jpg\" \/>\n\t<meta property=\"og:image:width\" content=\"2000\" \/>\n\t<meta property=\"og:image:height\" content=\"1500\" \/>\n\t<meta property=\"og:image:type\" content=\"image\/jpeg\" \/>\n<meta name=\"twitter:card\" content=\"summary_large_image\" \/>\n<meta name=\"twitter:label1\" content=\"Dur\u00e9e de lecture estim\u00e9e\" \/>\n\t<meta name=\"twitter:data1\" content=\"1 minute\" \/>\n<script type=\"application\/ld+json\" class=\"yoast-schema-graph\">{\"@context\":\"https:\\\/\\\/schema.org\",\"@graph\":[{\"@type\":\"WebPage\",\"@id\":\"https:\\\/\\\/www.itakaescolapios.org\\\/fr\\\/que-faisons-nous\\\/centros-socio-educativos\\\/itavere-en-zaragoza-espana\\\/\",\"url\":\"https:\\\/\\\/www.itakaescolapios.org\\\/fr\\\/que-faisons-nous\\\/centros-socio-educativos\\\/itavere-en-zaragoza-espana\\\/\",\"name\":\"IT\u00c1VERE EN ZARAGOZA (ESPA\u00d1A) - Itaka-Escolapios\",\"isPartOf\":{\"@id\":\"https:\\\/\\\/www.itakaescolapios.org\\\/es\\\/#website\"},\"primaryImageOfPage\":{\"@id\":\"https:\\\/\\\/www.itakaescolapios.org\\\/fr\\\/que-faisons-nous\\\/centros-socio-educativos\\\/itavere-en-zaragoza-espana\\\/#primaryimage\"},\"image\":{\"@id\":\"https:\\\/\\\/www.itakaescolapios.org\\\/fr\\\/que-faisons-nous\\\/centros-socio-educativos\\\/itavere-en-zaragoza-espana\\\/#primaryimage\"},\"thumbnailUrl\":\"https:\\\/\\\/www.itakaescolapios.org\\\/wp-content\\\/uploads\\\/2015\\\/02\\\/Itavere-2.jpg\",\"datePublished\":\"2015-02-11T13:45:54+00:00\",\"dateModified\":\"2023-11-28T11:38:47+00:00\",\"breadcrumb\":{\"@id\":\"https:\\\/\\\/www.itakaescolapios.org\\\/fr\\\/que-faisons-nous\\\/centros-socio-educativos\\\/itavere-en-zaragoza-espana\\\/#breadcrumb\"},\"inLanguage\":\"fr-FR\",\"potentialAction\":[{\"@type\":\"ReadAction\",\"target\":[\"https:\\\/\\\/www.itakaescolapios.org\\\/fr\\\/que-faisons-nous\\\/centros-socio-educativos\\\/itavere-en-zaragoza-espana\\\/\"]}]},{\"@type\":\"ImageObject\",\"inLanguage\":\"fr-FR\",\"@id\":\"https:\\\/\\\/www.itakaescolapios.org\\\/fr\\\/que-faisons-nous\\\/centros-socio-educativos\\\/itavere-en-zaragoza-espana\\\/#primaryimage\",\"url\":\"https:\\\/\\\/www.itakaescolapios.org\\\/wp-content\\\/uploads\\\/2015\\\/02\\\/Itavere-2.jpg\",\"contentUrl\":\"https:\\\/\\\/www.itakaescolapios.org\\\/wp-content\\\/uploads\\\/2015\\\/02\\\/Itavere-2.jpg\",\"width\":2000,\"height\":1500},{\"@type\":\"BreadcrumbList\",\"@id\":\"https:\\\/\\\/www.itakaescolapios.org\\\/fr\\\/que-faisons-nous\\\/centros-socio-educativos\\\/itavere-en-zaragoza-espana\\\/#breadcrumb\",\"itemListElement\":[{\"@type\":\"ListItem\",\"position\":1,\"name\":\"Itaka-Escolapios\",\"item\":\"https:\\\/\\\/www.itakaescolapios.org\\\/es\\\/\"},{\"@type\":\"ListItem\",\"position\":2,\"name\":\"Que faisons-nous\",\"item\":\"https:\\\/\\\/www.itakaescolapios.org\\\/es\\\/que-hacemos\\\/\"},{\"@type\":\"ListItem\",\"position\":3,\"name\":\"Centres socio-\u00e9ducatifs\",\"item\":\"https:\\\/\\\/www.itakaescolapios.org\\\/es\\\/que-hacemos\\\/centros-socio-educativos\\\/\"},{\"@type\":\"ListItem\",\"position\":4,\"name\":\"ITAVERE, ZARAGOSSE\"}]},{\"@type\":\"WebSite\",\"@id\":\"https:\\\/\\\/www.itakaescolapios.org\\\/fr\\\/es\\\/#website\",\"url\":\"https:\\\/\\\/www.itakaescolapios.org\\\/fr\\\/es\\\/\",\"name\":\"Itaka-Escolapios\",\"description\":\"Red de Itaka-Escolapios\",\"publisher\":{\"@id\":\"https:\\\/\\\/www.itakaescolapios.org\\\/fr\\\/es\\\/#organization\"},\"potentialAction\":[{\"@type\":\"SearchAction\",\"target\":{\"@type\":\"EntryPoint\",\"urlTemplate\":\"https:\\\/\\\/www.itakaescolapios.org\\\/fr\\\/es\\\/?s={search_term_string}\"},\"query-input\":{\"@type\":\"PropertyValueSpecification\",\"valueRequired\":true,\"valueName\":\"search_term_string\"}}],\"inLanguage\":\"fr-FR\"},{\"@type\":\"Organization\",\"@id\":\"https:\\\/\\\/www.itakaescolapios.org\\\/fr\\\/es\\\/#organization\",\"name\":\"Fundaci\u00f3 Itaka-Escolapios\",\"url\":\"https:\\\/\\\/www.itakaescolapios.org\\\/fr\\\/es\\\/\",\"logo\":{\"@type\":\"ImageObject\",\"inLanguage\":\"fr-FR\",\"@id\":\"https:\\\/\\\/www.itakaescolapios.org\\\/fr\\\/es\\\/#\\\/schema\\\/logo\\\/image\\\/\",\"url\":\"https:\\\/\\\/www.itakaescolapios.org\\\/wp-content\\\/uploads\\\/2024\\\/04\\\/Logo-itakaescolapios-peque.png\",\"contentUrl\":\"https:\\\/\\\/www.itakaescolapios.org\\\/wp-content\\\/uploads\\\/2024\\\/04\\\/Logo-itakaescolapios-peque.png\",\"width\":500,\"height\":199,\"caption\":\"Fundaci\u00f3 Itaka-Escolapios\"},\"image\":{\"@id\":\"https:\\\/\\\/www.itakaescolapios.org\\\/fr\\\/es\\\/#\\\/schema\\\/logo\\\/image\\\/\"}}]}<\/script>\n<!-- \/ Yoast SEO plugin. -->","yoast_head_json":{"title":"ITAVERE, ZARAGOSSE","description":"It\u00e1vere est un projet social de caract\u00e8re int\u00e9grateur\u00a0 qui s\u00b4adresse \u00e0 des gar\u00e7ous et des filles de 6 \u00e0 13 ans. Il se d\u00e9veloppe dans la ville de Zaragosse et, pour pouvoir le r\u00e9aliser, il utilise les installations du coll\u00e8ge \u201cEcoles Piaristes\u201d. Son nom surgit de l\u00b4union des mots Itaka et Trast\u00e9vere, et le quartier\u2026","robots":{"index":"index","follow":"follow","max-snippet":"max-snippet:-1","max-image-preview":"max-image-preview:large","max-video-preview":"max-video-preview:-1"},"canonical":"It\u00e1vere est un projet social de caract\u00e8re int\u00e9grateur\u00a0 qui s\u00b4adresse \u00e0 des gar\u00e7ous et des filles de 6 \u00e0 13 ans. Il se d\u00e9veloppe dans la ville de Zaragosse et, pour pouvoir le r\u00e9aliser, il utilise les installations du coll\u00e8ge \u201cEcoles Piaristes\u201d. Son nom surgit de l\u00b4union des mots Itaka et Trast\u00e9vere, et le quartier\u2026","og_locale":"fr_FR","og_type":"article","og_title":"ITAVERE, ZARAGOSSE","og_description":"It\u00e1vere est un projet social de caract\u00e8re int\u00e9grateur\u00a0 qui s\u00b4adresse \u00e0 des gar\u00e7ous et des filles de 6 \u00e0 13 ans. Il se d\u00e9veloppe dans la ville de Zaragosse et, pour pouvoir le r\u00e9aliser, il utilise les installations du coll\u00e8ge \u201cEcoles Piaristes\u201d. Son nom surgit de l\u00b4union des mots Itaka et Trast\u00e9vere, et le quartier\u2026","og_url":"https:\/\/www.itakaescolapios.org\/fr\/que-faisons-nous\/centros-socio-educativos\/itavere-en-zaragoza-espana\/","og_site_name":"Itaka-Escolapios","article_modified_time":"2023-11-28T11:38:47+00:00","og_image":[{"width":2000,"height":1500,"url":"https:\/\/www.itakaescolapios.org\/wp-content\/uploads\/2015\/02\/Itavere-2.jpg","type":"image\/jpeg"}],"twitter_card":"summary_large_image","twitter_misc":{"Dur\u00e9e de lecture estim\u00e9e":"1 minute"},"schema":{"@context":"https:\/\/schema.org","@graph":[{"@type":"WebPage","@id":"https:\/\/www.itakaescolapios.org\/fr\/que-faisons-nous\/centros-socio-educativos\/itavere-en-zaragoza-espana\/","url":"https:\/\/www.itakaescolapios.org\/fr\/que-faisons-nous\/centros-socio-educativos\/itavere-en-zaragoza-espana\/","name":"IT\u00c1VERE EN ZARAGOZA (ESPA\u00d1A) - Itaka-Escolapios","isPartOf":{"@id":"https:\/\/www.itakaescolapios.org\/es\/#website"},"primaryImageOfPage":{"@id":"https:\/\/www.itakaescolapios.org\/fr\/que-faisons-nous\/centros-socio-educativos\/itavere-en-zaragoza-espana\/#primaryimage"},"image":{"@id":"https:\/\/www.itakaescolapios.org\/fr\/que-faisons-nous\/centros-socio-educativos\/itavere-en-zaragoza-espana\/#primaryimage"},"thumbnailUrl":"https:\/\/www.itakaescolapios.org\/wp-content\/uploads\/2015\/02\/Itavere-2.jpg","datePublished":"2015-02-11T13:45:54+00:00","dateModified":"2023-11-28T11:38:47+00:00","breadcrumb":{"@id":"https:\/\/www.itakaescolapios.org\/fr\/que-faisons-nous\/centros-socio-educativos\/itavere-en-zaragoza-espana\/#breadcrumb"},"inLanguage":"fr-FR","potentialAction":[{"@type":"ReadAction","target":["https:\/\/www.itakaescolapios.org\/fr\/que-faisons-nous\/centros-socio-educativos\/itavere-en-zaragoza-espana\/"]}]},{"@type":"ImageObject","inLanguage":"fr-FR","@id":"https:\/\/www.itakaescolapios.org\/fr\/que-faisons-nous\/centros-socio-educativos\/itavere-en-zaragoza-espana\/#primaryimage","url":"https:\/\/www.itakaescolapios.org\/wp-content\/uploads\/2015\/02\/Itavere-2.jpg","contentUrl":"https:\/\/www.itakaescolapios.org\/wp-content\/uploads\/2015\/02\/Itavere-2.jpg","width":2000,"height":1500},{"@type":"BreadcrumbList","@id":"https:\/\/www.itakaescolapios.org\/fr\/que-faisons-nous\/centros-socio-educativos\/itavere-en-zaragoza-espana\/#breadcrumb","itemListElement":[{"@type":"ListItem","position":1,"name":"Itaka-Escolapios","item":"https:\/\/www.itakaescolapios.org\/es\/"},{"@type":"ListItem","position":2,"name":"Que faisons-nous","item":"https:\/\/www.itakaescolapios.org\/es\/que-hacemos\/"},{"@type":"ListItem","position":3,"name":"Centres socio-\u00e9ducatifs","item":"https:\/\/www.itakaescolapios.org\/es\/que-hacemos\/centros-socio-educativos\/"},{"@type":"ListItem","position":4,"name":"ITAVERE, ZARAGOSSE"}]},{"@type":"WebSite","@id":"https:\/\/www.itakaescolapios.org\/fr\/es\/#website","url":"https:\/\/www.itakaescolapios.org\/fr\/es\/","name":"Itaka-Escolapios","description":"Red de Itaka-Escolapios","publisher":{"@id":"https:\/\/www.itakaescolapios.org\/fr\/es\/#organization"},"potentialAction":[{"@type":"SearchAction","target":{"@type":"EntryPoint","urlTemplate":"https:\/\/www.itakaescolapios.org\/fr\/es\/?s={search_term_string}"},"query-input":{"@type":"PropertyValueSpecification","valueRequired":true,"valueName":"search_term_string"}}],"inLanguage":"fr-FR"},{"@type":"Organization","@id":"https:\/\/www.itakaescolapios.org\/fr\/es\/#organization","name":"Fundaci\u00f3 Itaka-Escolapios","url":"https:\/\/www.itakaescolapios.org\/fr\/es\/","logo":{"@type":"ImageObject","inLanguage":"fr-FR","@id":"https:\/\/www.itakaescolapios.org\/fr\/es\/#\/schema\/logo\/image\/","url":"https:\/\/www.itakaescolapios.org\/wp-content\/uploads\/2024\/04\/Logo-itakaescolapios-peque.png","contentUrl":"https:\/\/www.itakaescolapios.org\/wp-content\/uploads\/2024\/04\/Logo-itakaescolapios-peque.png","width":500,"height":199,"caption":"Fundaci\u00f3 Itaka-Escolapios"},"image":{"@id":"https:\/\/www.itakaescolapios.org\/fr\/es\/#\/schema\/logo\/image\/"}}]}},"_links":{"self":[{"href":"https:\/\/www.itakaescolapios.org\/fr\/wp-json\/wp\/v2\/pages\/11860","targetHints":{"allow":["GET"]}}],"collection":[{"href":"https:\/\/www.itakaescolapios.org\/fr\/wp-json\/wp\/v2\/pages"}],"about":[{"href":"https:\/\/www.itakaescolapios.org\/fr\/wp-json\/wp\/v2\/types\/page"}],"author":[{"embeddable":true,"href":"https:\/\/www.itakaescolapios.org\/fr\/wp-json\/wp\/v2\/users\/46"}],"replies":[{"embeddable":true,"href":"https:\/\/www.itakaescolapios.org\/fr\/wp-json\/wp\/v2\/comments?post=11860"}],"version-history":[{"count":11,"href":"https:\/\/www.itakaescolapios.org\/fr\/wp-json\/wp\/v2\/pages\/11860\/revisions"}],"predecessor-version":[{"id":48757,"href":"https:\/\/www.itakaescolapios.org\/fr\/wp-json\/wp\/v2\/pages\/11860\/revisions\/48757"}],"up":[{"embeddable":true,"href":"https:\/\/www.itakaescolapios.org\/fr\/wp-json\/wp\/v2\/pages\/83"}],"wp:featuredmedia":[{"embeddable":true,"href":"https:\/\/www.itakaescolapios.org\/fr\/wp-json\/wp\/v2\/media\/11864"}],"wp:attachment":[{"href":"https:\/\/www.itakaescolapios.org\/fr\/wp-json\/wp\/v2\/media?parent=11860"}],"curies":[{"name":"wp","href":"https:\/\/api.w.org\/{rel}","templated":true}]}}