{"id":11898,"date":"2015-02-11T15:45:54","date_gmt":"2015-02-11T14:45:54","guid":{"rendered":"https:\/\/www.itakaescolapios.org\/?page_id=11898"},"modified":"2023-11-28T12:38:47","modified_gmt":"2023-11-28T11:38:47","slug":"centro-cultural-calasanz-del-barrio-de-la-puya-r-dominicana","status":"publish","type":"page","link":"https:\/\/www.itakaescolapios.org\/fr\/que-faisons-nous\/centros-socio-educativos\/centro-cultural-calasanz-del-barrio-de-la-puya-r-dominicana\/","title":{"rendered":"Centro Cultural Calasanz \u201cLa Puya\u201d"},"content":{"rendered":"<p style=\"text-align: justify;\">Espace communautaire inser\u00e9 dans \u201cLa Puya de Arroyo Hondo\u201d, communaut\u00e9 tr\u00e8s appauvrie de Santo Domingo, pour le d\u00e9veloppement de programmes d\u00b4\u00e9ducation non formelle. Sa mission est d\u00b4\u00e9duquer de mani\u00e8re integrale, \u00e0 travers ce genre de programmes, des enfants, des jeunes et des familles vuln\u00e9rables pour am\u00e9liorer leur qualit\u00e9 de vie, \u00e0 la fa\u00e7on de Calasanz. Les espaces comprennent: l\u2019appui scolaire, et pr\u00e9scolaire, des campements et des sports, art et culture, la capacitation t\u00e9chnico-profesionelle, les valeurs humaines et spirituelles, et le d\u00e8veloppement communautaire par la promotion de la sant\u00e9 et de l\u2019oriantetion familiale, rassemblant actuellement 40 volontaires et 240 enfants, mais\u00a0 avec le desir d\u2019atteindre beaucoup d\u2019autres.<\/p>\n","protected":false},"excerpt":{"rendered":"<p>Espace communautaire inser\u00e9 dans \u201cLa Puya de Arroyo Hondo\u201d, communaut\u00e9 tr\u00e8s appauvrie de Santo Domingo, pour le d\u00e9veloppement de programmes d\u00b4\u00e9ducation non formelle. Sa mission est d\u00b4\u00e9duquer de mani\u00e8re integrale, [&hellip;]<\/p>\n","protected":false},"author":46,"featured_media":11900,"parent":83,"menu_order":10,"comment_status":"closed","ping_status":"closed","template":"","meta":{"_et_pb_use_builder":"","_et_pb_old_content":"","_et_gb_content_width":"","footnotes":""},"class_list":["post-11898","page","type-page","status-publish","has-post-thumbnail","hentry"],"yoast_head":"<!-- This site is optimized with the Yoast SEO plugin v27.3 - https:\/\/yoast.com\/product\/yoast-seo-wordpress\/ -->\n<title>Centro Cultural Calasanz \u201cLa Puya\u201d<\/title>\n<meta name=\"description\" content=\"Espace communautaire inser\u00e9 dans \u201cLa Puya de Arroyo Hondo\u201d, communaut\u00e9 tr\u00e8s appauvrie de Santo Domingo, pour le d\u00e9veloppement de programmes d\u00b4\u00e9ducation non formelle. Sa mission est d\u00b4\u00e9duquer de mani\u00e8re integrale, \u00e0 travers ce genre de programmes, des enfants, des jeunes et des familles vuln\u00e9rables pour am\u00e9liorer leur qualit\u00e9 de vie, \u00e0 la fa\u00e7on de Calasanz.\u2026\" \/>\n<meta name=\"robots\" content=\"index, follow, max-snippet:-1, max-image-preview:large, max-video-preview:-1\" \/>\n<link rel=\"canonical\" href=\"http:\/\/Espace%20communautaire%20inser\u00e9%20dans%20\u201cLa%20Puya%20de%20Arroyo%20Hondo\u201d,%20communaut\u00e9%20tr\u00e8s%20appauvrie%20de%20Santo%20Domingo,%20pour%20le%20d\u00e9veloppement%20de%20programmes%20d\u00b4\u00e9ducation%20non%20formelle.%20Sa%20mission%20est%20d\u00b4\u00e9duquer%20de%20mani\u00e8re%20integrale,%20\u00e0%20travers%20ce%20genre%20de%20programmes,%20des%20enfants,%20des%20jeunes%20et%20des%20familles%20vuln\u00e9rables%20pour%20am\u00e9liorer%20leur%20qualit\u00e9%20de%20vie,%20\u00e0%20la%20fa\u00e7on%20de%20Calasanz.\u2026\" \/>\n<meta property=\"og:locale\" content=\"fr_FR\" \/>\n<meta property=\"og:type\" content=\"article\" \/>\n<meta property=\"og:title\" content=\"Centro Cultural Calasanz \u201cLa Puya\u201d\" \/>\n<meta property=\"og:description\" content=\"Espace communautaire inser\u00e9 dans \u201cLa Puya de Arroyo Hondo\u201d, communaut\u00e9 tr\u00e8s appauvrie de Santo Domingo, pour le d\u00e9veloppement de programmes d\u00b4\u00e9ducation non formelle. Sa mission est d\u00b4\u00e9duquer de mani\u00e8re integrale, \u00e0 travers ce genre de programmes, des enfants, des jeunes et des familles vuln\u00e9rables pour am\u00e9liorer leur qualit\u00e9 de vie, \u00e0 la fa\u00e7on de Calasanz.\u2026\" \/>\n<meta property=\"og:url\" content=\"https:\/\/www.itakaescolapios.org\/fr\/que-faisons-nous\/centros-socio-educativos\/centro-cultural-calasanz-del-barrio-de-la-puya-r-dominicana\/\" \/>\n<meta property=\"og:site_name\" content=\"Itaka-Escolapios\" \/>\n<meta property=\"article:modified_time\" content=\"2023-11-28T11:38:47+00:00\" \/>\n<meta property=\"og:image\" content=\"https:\/\/www.itakaescolapios.org\/wp-content\/uploads\/2015\/02\/Dominicana.jpg\" \/>\n\t<meta property=\"og:image:width\" content=\"960\" \/>\n\t<meta property=\"og:image:height\" content=\"721\" \/>\n\t<meta property=\"og:image:type\" content=\"image\/jpeg\" \/>\n<meta name=\"twitter:card\" content=\"summary_large_image\" \/>\n<meta name=\"twitter:label1\" content=\"Dur\u00e9e de lecture estim\u00e9e\" \/>\n\t<meta name=\"twitter:data1\" content=\"1 minute\" \/>\n<script type=\"application\/ld+json\" class=\"yoast-schema-graph\">{\"@context\":\"https:\\\/\\\/schema.org\",\"@graph\":[{\"@type\":\"WebPage\",\"@id\":\"https:\\\/\\\/www.itakaescolapios.org\\\/fr\\\/que-faisons-nous\\\/centros-socio-educativos\\\/centro-cultural-calasanz-del-barrio-de-la-puya-r-dominicana\\\/\",\"url\":\"https:\\\/\\\/www.itakaescolapios.org\\\/fr\\\/que-faisons-nous\\\/centros-socio-educativos\\\/centro-cultural-calasanz-del-barrio-de-la-puya-r-dominicana\\\/\",\"name\":\"CENTRO CULTURAL CALASANZ BARRIO DE LA PUYA (R. DOMINICANA) - Itaka-Escolapios\",\"isPartOf\":{\"@id\":\"https:\\\/\\\/www.itakaescolapios.org\\\/es\\\/#website\"},\"primaryImageOfPage\":{\"@id\":\"https:\\\/\\\/www.itakaescolapios.org\\\/fr\\\/que-faisons-nous\\\/centros-socio-educativos\\\/centro-cultural-calasanz-del-barrio-de-la-puya-r-dominicana\\\/#primaryimage\"},\"image\":{\"@id\":\"https:\\\/\\\/www.itakaescolapios.org\\\/fr\\\/que-faisons-nous\\\/centros-socio-educativos\\\/centro-cultural-calasanz-del-barrio-de-la-puya-r-dominicana\\\/#primaryimage\"},\"thumbnailUrl\":\"https:\\\/\\\/www.itakaescolapios.org\\\/wp-content\\\/uploads\\\/2015\\\/02\\\/Dominicana.jpg\",\"datePublished\":\"2015-02-11T14:45:54+00:00\",\"dateModified\":\"2023-11-28T11:38:47+00:00\",\"breadcrumb\":{\"@id\":\"https:\\\/\\\/www.itakaescolapios.org\\\/fr\\\/que-faisons-nous\\\/centros-socio-educativos\\\/centro-cultural-calasanz-del-barrio-de-la-puya-r-dominicana\\\/#breadcrumb\"},\"inLanguage\":\"fr-FR\",\"potentialAction\":[{\"@type\":\"ReadAction\",\"target\":[\"https:\\\/\\\/www.itakaescolapios.org\\\/fr\\\/que-faisons-nous\\\/centros-socio-educativos\\\/centro-cultural-calasanz-del-barrio-de-la-puya-r-dominicana\\\/\"]}]},{\"@type\":\"ImageObject\",\"inLanguage\":\"fr-FR\",\"@id\":\"https:\\\/\\\/www.itakaescolapios.org\\\/fr\\\/que-faisons-nous\\\/centros-socio-educativos\\\/centro-cultural-calasanz-del-barrio-de-la-puya-r-dominicana\\\/#primaryimage\",\"url\":\"https:\\\/\\\/www.itakaescolapios.org\\\/wp-content\\\/uploads\\\/2015\\\/02\\\/Dominicana.jpg\",\"contentUrl\":\"https:\\\/\\\/www.itakaescolapios.org\\\/wp-content\\\/uploads\\\/2015\\\/02\\\/Dominicana.jpg\",\"width\":960,\"height\":721},{\"@type\":\"BreadcrumbList\",\"@id\":\"https:\\\/\\\/www.itakaescolapios.org\\\/fr\\\/que-faisons-nous\\\/centros-socio-educativos\\\/centro-cultural-calasanz-del-barrio-de-la-puya-r-dominicana\\\/#breadcrumb\",\"itemListElement\":[{\"@type\":\"ListItem\",\"position\":1,\"name\":\"Itaka-Escolapios\",\"item\":\"https:\\\/\\\/www.itakaescolapios.org\\\/es\\\/\"},{\"@type\":\"ListItem\",\"position\":2,\"name\":\"Que faisons-nous\",\"item\":\"https:\\\/\\\/www.itakaescolapios.org\\\/es\\\/que-hacemos\\\/\"},{\"@type\":\"ListItem\",\"position\":3,\"name\":\"Centres socio-\u00e9ducatifs\",\"item\":\"https:\\\/\\\/www.itakaescolapios.org\\\/es\\\/que-hacemos\\\/centros-socio-educativos\\\/\"},{\"@type\":\"ListItem\",\"position\":4,\"name\":\"Centro Cultural Calasanz \u201cLa Puya\u201d\"}]},{\"@type\":\"WebSite\",\"@id\":\"https:\\\/\\\/www.itakaescolapios.org\\\/fr\\\/es\\\/#website\",\"url\":\"https:\\\/\\\/www.itakaescolapios.org\\\/fr\\\/es\\\/\",\"name\":\"Itaka-Escolapios\",\"description\":\"Red de Itaka-Escolapios\",\"publisher\":{\"@id\":\"https:\\\/\\\/www.itakaescolapios.org\\\/fr\\\/es\\\/#organization\"},\"potentialAction\":[{\"@type\":\"SearchAction\",\"target\":{\"@type\":\"EntryPoint\",\"urlTemplate\":\"https:\\\/\\\/www.itakaescolapios.org\\\/fr\\\/es\\\/?s={search_term_string}\"},\"query-input\":{\"@type\":\"PropertyValueSpecification\",\"valueRequired\":true,\"valueName\":\"search_term_string\"}}],\"inLanguage\":\"fr-FR\"},{\"@type\":\"Organization\",\"@id\":\"https:\\\/\\\/www.itakaescolapios.org\\\/fr\\\/es\\\/#organization\",\"name\":\"Fundaci\u00f3 Itaka-Escolapios\",\"url\":\"https:\\\/\\\/www.itakaescolapios.org\\\/fr\\\/es\\\/\",\"logo\":{\"@type\":\"ImageObject\",\"inLanguage\":\"fr-FR\",\"@id\":\"https:\\\/\\\/www.itakaescolapios.org\\\/fr\\\/es\\\/#\\\/schema\\\/logo\\\/image\\\/\",\"url\":\"https:\\\/\\\/www.itakaescolapios.org\\\/wp-content\\\/uploads\\\/2024\\\/04\\\/Logo-itakaescolapios-peque.png\",\"contentUrl\":\"https:\\\/\\\/www.itakaescolapios.org\\\/wp-content\\\/uploads\\\/2024\\\/04\\\/Logo-itakaescolapios-peque.png\",\"width\":500,\"height\":199,\"caption\":\"Fundaci\u00f3 Itaka-Escolapios\"},\"image\":{\"@id\":\"https:\\\/\\\/www.itakaescolapios.org\\\/fr\\\/es\\\/#\\\/schema\\\/logo\\\/image\\\/\"}}]}<\/script>\n<!-- \/ Yoast SEO plugin. -->","yoast_head_json":{"title":"Centro Cultural Calasanz \u201cLa Puya\u201d","description":"Espace communautaire inser\u00e9 dans \u201cLa Puya de Arroyo Hondo\u201d, communaut\u00e9 tr\u00e8s appauvrie de Santo Domingo, pour le d\u00e9veloppement de programmes d\u00b4\u00e9ducation non formelle. Sa mission est d\u00b4\u00e9duquer de mani\u00e8re integrale, \u00e0 travers ce genre de programmes, des enfants, des jeunes et des familles vuln\u00e9rables pour am\u00e9liorer leur qualit\u00e9 de vie, \u00e0 la fa\u00e7on de Calasanz.\u2026","robots":{"index":"index","follow":"follow","max-snippet":"max-snippet:-1","max-image-preview":"max-image-preview:large","max-video-preview":"max-video-preview:-1"},"canonical":"Espace communautaire inser\u00e9 dans \u201cLa Puya de Arroyo Hondo\u201d, communaut\u00e9 tr\u00e8s appauvrie de Santo Domingo, pour le d\u00e9veloppement de programmes d\u00b4\u00e9ducation non formelle. Sa mission est d\u00b4\u00e9duquer de mani\u00e8re integrale, \u00e0 travers ce genre de programmes, des enfants, des jeunes et des familles vuln\u00e9rables pour am\u00e9liorer leur qualit\u00e9 de vie, \u00e0 la fa\u00e7on de Calasanz.\u2026","og_locale":"fr_FR","og_type":"article","og_title":"Centro Cultural Calasanz \u201cLa Puya\u201d","og_description":"Espace communautaire inser\u00e9 dans \u201cLa Puya de Arroyo Hondo\u201d, communaut\u00e9 tr\u00e8s appauvrie de Santo Domingo, pour le d\u00e9veloppement de programmes d\u00b4\u00e9ducation non formelle. Sa mission est d\u00b4\u00e9duquer de mani\u00e8re integrale, \u00e0 travers ce genre de programmes, des enfants, des jeunes et des familles vuln\u00e9rables pour am\u00e9liorer leur qualit\u00e9 de vie, \u00e0 la fa\u00e7on de Calasanz.\u2026","og_url":"https:\/\/www.itakaescolapios.org\/fr\/que-faisons-nous\/centros-socio-educativos\/centro-cultural-calasanz-del-barrio-de-la-puya-r-dominicana\/","og_site_name":"Itaka-Escolapios","article_modified_time":"2023-11-28T11:38:47+00:00","og_image":[{"width":960,"height":721,"url":"https:\/\/www.itakaescolapios.org\/wp-content\/uploads\/2015\/02\/Dominicana.jpg","type":"image\/jpeg"}],"twitter_card":"summary_large_image","twitter_misc":{"Dur\u00e9e de lecture estim\u00e9e":"1 minute"},"schema":{"@context":"https:\/\/schema.org","@graph":[{"@type":"WebPage","@id":"https:\/\/www.itakaescolapios.org\/fr\/que-faisons-nous\/centros-socio-educativos\/centro-cultural-calasanz-del-barrio-de-la-puya-r-dominicana\/","url":"https:\/\/www.itakaescolapios.org\/fr\/que-faisons-nous\/centros-socio-educativos\/centro-cultural-calasanz-del-barrio-de-la-puya-r-dominicana\/","name":"CENTRO CULTURAL CALASANZ BARRIO DE LA PUYA (R. DOMINICANA) - Itaka-Escolapios","isPartOf":{"@id":"https:\/\/www.itakaescolapios.org\/es\/#website"},"primaryImageOfPage":{"@id":"https:\/\/www.itakaescolapios.org\/fr\/que-faisons-nous\/centros-socio-educativos\/centro-cultural-calasanz-del-barrio-de-la-puya-r-dominicana\/#primaryimage"},"image":{"@id":"https:\/\/www.itakaescolapios.org\/fr\/que-faisons-nous\/centros-socio-educativos\/centro-cultural-calasanz-del-barrio-de-la-puya-r-dominicana\/#primaryimage"},"thumbnailUrl":"https:\/\/www.itakaescolapios.org\/wp-content\/uploads\/2015\/02\/Dominicana.jpg","datePublished":"2015-02-11T14:45:54+00:00","dateModified":"2023-11-28T11:38:47+00:00","breadcrumb":{"@id":"https:\/\/www.itakaescolapios.org\/fr\/que-faisons-nous\/centros-socio-educativos\/centro-cultural-calasanz-del-barrio-de-la-puya-r-dominicana\/#breadcrumb"},"inLanguage":"fr-FR","potentialAction":[{"@type":"ReadAction","target":["https:\/\/www.itakaescolapios.org\/fr\/que-faisons-nous\/centros-socio-educativos\/centro-cultural-calasanz-del-barrio-de-la-puya-r-dominicana\/"]}]},{"@type":"ImageObject","inLanguage":"fr-FR","@id":"https:\/\/www.itakaescolapios.org\/fr\/que-faisons-nous\/centros-socio-educativos\/centro-cultural-calasanz-del-barrio-de-la-puya-r-dominicana\/#primaryimage","url":"https:\/\/www.itakaescolapios.org\/wp-content\/uploads\/2015\/02\/Dominicana.jpg","contentUrl":"https:\/\/www.itakaescolapios.org\/wp-content\/uploads\/2015\/02\/Dominicana.jpg","width":960,"height":721},{"@type":"BreadcrumbList","@id":"https:\/\/www.itakaescolapios.org\/fr\/que-faisons-nous\/centros-socio-educativos\/centro-cultural-calasanz-del-barrio-de-la-puya-r-dominicana\/#breadcrumb","itemListElement":[{"@type":"ListItem","position":1,"name":"Itaka-Escolapios","item":"https:\/\/www.itakaescolapios.org\/es\/"},{"@type":"ListItem","position":2,"name":"Que faisons-nous","item":"https:\/\/www.itakaescolapios.org\/es\/que-hacemos\/"},{"@type":"ListItem","position":3,"name":"Centres socio-\u00e9ducatifs","item":"https:\/\/www.itakaescolapios.org\/es\/que-hacemos\/centros-socio-educativos\/"},{"@type":"ListItem","position":4,"name":"Centro Cultural Calasanz \u201cLa Puya\u201d"}]},{"@type":"WebSite","@id":"https:\/\/www.itakaescolapios.org\/fr\/es\/#website","url":"https:\/\/www.itakaescolapios.org\/fr\/es\/","name":"Itaka-Escolapios","description":"Red de Itaka-Escolapios","publisher":{"@id":"https:\/\/www.itakaescolapios.org\/fr\/es\/#organization"},"potentialAction":[{"@type":"SearchAction","target":{"@type":"EntryPoint","urlTemplate":"https:\/\/www.itakaescolapios.org\/fr\/es\/?s={search_term_string}"},"query-input":{"@type":"PropertyValueSpecification","valueRequired":true,"valueName":"search_term_string"}}],"inLanguage":"fr-FR"},{"@type":"Organization","@id":"https:\/\/www.itakaescolapios.org\/fr\/es\/#organization","name":"Fundaci\u00f3 Itaka-Escolapios","url":"https:\/\/www.itakaescolapios.org\/fr\/es\/","logo":{"@type":"ImageObject","inLanguage":"fr-FR","@id":"https:\/\/www.itakaescolapios.org\/fr\/es\/#\/schema\/logo\/image\/","url":"https:\/\/www.itakaescolapios.org\/wp-content\/uploads\/2024\/04\/Logo-itakaescolapios-peque.png","contentUrl":"https:\/\/www.itakaescolapios.org\/wp-content\/uploads\/2024\/04\/Logo-itakaescolapios-peque.png","width":500,"height":199,"caption":"Fundaci\u00f3 Itaka-Escolapios"},"image":{"@id":"https:\/\/www.itakaescolapios.org\/fr\/es\/#\/schema\/logo\/image\/"}}]}},"_links":{"self":[{"href":"https:\/\/www.itakaescolapios.org\/fr\/wp-json\/wp\/v2\/pages\/11898","targetHints":{"allow":["GET"]}}],"collection":[{"href":"https:\/\/www.itakaescolapios.org\/fr\/wp-json\/wp\/v2\/pages"}],"about":[{"href":"https:\/\/www.itakaescolapios.org\/fr\/wp-json\/wp\/v2\/types\/page"}],"author":[{"embeddable":true,"href":"https:\/\/www.itakaescolapios.org\/fr\/wp-json\/wp\/v2\/users\/46"}],"replies":[{"embeddable":true,"href":"https:\/\/www.itakaescolapios.org\/fr\/wp-json\/wp\/v2\/comments?post=11898"}],"version-history":[{"count":12,"href":"https:\/\/www.itakaescolapios.org\/fr\/wp-json\/wp\/v2\/pages\/11898\/revisions"}],"predecessor-version":[{"id":48751,"href":"https:\/\/www.itakaescolapios.org\/fr\/wp-json\/wp\/v2\/pages\/11898\/revisions\/48751"}],"up":[{"embeddable":true,"href":"https:\/\/www.itakaescolapios.org\/fr\/wp-json\/wp\/v2\/pages\/83"}],"wp:featuredmedia":[{"embeddable":true,"href":"https:\/\/www.itakaescolapios.org\/fr\/wp-json\/wp\/v2\/media\/11900"}],"wp:attachment":[{"href":"https:\/\/www.itakaescolapios.org\/fr\/wp-json\/wp\/v2\/media?parent=11898"}],"curies":[{"name":"wp","href":"https:\/\/api.w.org\/{rel}","templated":true}]}}