{"id":13325,"date":"2015-10-22T10:47:21","date_gmt":"2015-10-22T09:47:21","guid":{"rendered":"https:\/\/www.itakaescolapios.org\/?page_id=13325"},"modified":"2023-11-28T12:38:36","modified_gmt":"2023-11-28T11:38:36","slug":"al-encuentro-con-atambua-berjumpa-dengan-atambua","status":"publish","type":"page","link":"https:\/\/www.itakaescolapios.org\/fr\/campanas\/2015-2016-al-encuentro-de-atambua\/al-encuentro-con-atambua-berjumpa-dengan-atambua\/","title":{"rendered":"A LA RENCONTRE D'ATAMBUA \u2013 BERJUMPA DENGAN ATAMBUA"},"content":{"rendered":"<p><a href=\"https:\/\/www.itakaescolapios.org\/wp-content\/uploads\/2015\/10\/cartel-campa\u00f1a-1516-web.jpg\"><img decoding=\"async\" class=\"wp-image-13481 aligncenter\" style=\"width: 454px; height: 305px;\" alt=\"cartel campa\u00f1a 1516 web\" src=\"https:\/\/www.itakaescolapios.org\/wp-content\/uploads\/2015\/10\/cartel-campa\u00f1a-1516-web-300x214.jpg\" width=\"300\" height=\"214\" srcset=\"https:\/\/www.itakaescolapios.org\/wp-content\/uploads\/2015\/10\/cartel-campa\u00f1a-1516-web-300x214.jpg 300w, https:\/\/www.itakaescolapios.org\/wp-content\/uploads\/2015\/10\/cartel-campa\u00f1a-1516-web-1024x731.jpg 1024w, https:\/\/www.itakaescolapios.org\/wp-content\/uploads\/2015\/10\/cartel-campa\u00f1a-1516-web-250x178.jpg 250w, https:\/\/www.itakaescolapios.org\/wp-content\/uploads\/2015\/10\/cartel-campa\u00f1a-1516-web.jpg 2000w\" sizes=\"(max-width: 300px) 100vw, 300px\" \/> <\/a><\/p>\n<p>Durant tout ce cours, les Ecoles Pies de nombreux endroits ont partag\u00e9 le slogan \u201cA la rencontre\u201d comme fil conducteur de tout ce que nous faisons. Dans ce contexte, nous nous retrouvons une fois de plus avec l&rsquo;une des initiatives les plus significatives que nous encourageons chez Itaka-Escolapios conjointement tout au long de l&rsquo;ann\u00e9e: la campagne de solidarit\u00e9 en faveur de la mission piariste dans les pays pauvres du Sud.<\/p>\n<p>Apr\u00e8s trois ann\u00e9es cons\u00e9cutives au cours desquelles nos campagnes de solidarit\u00e9 ont \u00e9t\u00e9 destin\u00e9es \u00e0 appuyer une pluralit\u00e9 de pays et de projets, ce cours centre de nouveau notre regard et nos efforts sur la mission piariste dans un unique pays, dans ce cas l&rsquo;Indon\u00e9sie.<\/p>\n<p>L&rsquo;objectif de cette campagne de solidarit\u00e9 est double: d&rsquo;une part, rencontrer les Ecoles Pies en Indon\u00e9sie, l&rsquo;une des pr\u00e9sences de l&rsquo;ordre les plus r\u00e9cemment fond\u00e9es dans le monde. Nous conna\u00eetrons la r\u00e9alit\u00e9 de la mission d&rsquo;Atambua, mise en marche en 2013, et nous nous ouvrirons au travail socio-\u00e9ducatif et pastoral qu&rsquo;y r\u00e9alisent les fr\u00e8res piaristes, travaillant parmi les personnes les plus dans le besoin, nous partagerons aussi nos r\u00eaves pour faire \u00e9voluer cette mission dans le futur.<\/p>\n<p>De fait, nous voulons que la campagne serve afin que notre solidarit\u00e9 se retrouve avec celle de nombreuses autres personnes, dans des dizaines de villes et de coll\u00e8ges. Nous rendrons ainsi possible un projet particuli\u00e8rement n\u00e9cessaire aujourd&rsquo;hui \u00e0 Atambua: la construction d&rsquo;un internat qui accueille des enfants et des jeunes avec peu de ressources provenant des zones rurales proches, afin qu&rsquo;ils puissent continuer leurs \u00e9tudes secondaires et avoir de meilleures attentes pour leur vie et pour le futur de leurs communaut\u00e9s.<\/p>\n<p>Depuis ces expos\u00e9s, nous mettons en marche la campagne de solidarit\u00e9 en 2015-2016 avec le slogan \u201cA la rencontre d&rsquo;Atambua\u201d. Nous soulignons ainsi notre proposition de sortir \u00e0 la rencontre et de nous laisser emporter par la mission piariste dans les lieux les plus pauvres. Et d&rsquo;un autre c\u00f4t\u00e9, l&rsquo;appel \u00e0 rendre le tout possible avec le reste des personnes, centres \u00e9ducatifs et projets auxquels nous participons dans ce grand r\u00e9seau solidaire qu&rsquo;est Itaka-Escolapios.<\/p>\n<p>Nous vous invitons \u00e0 participer et \u00e0 vous impliquer avec joie dans cette campagne.<\/p>\n<p>Terima kasih banyak. Merci Beaucoup.<\/p>\n","protected":false},"excerpt":{"rendered":"<p>Durant tout ce cours, les Ecoles Pies de nombreux endroits ont partag\u00e9 le slogan \u201cA la rencontre\u201d comme fil conducteur de tout ce que nous faisons. Dans ce contexte, nous [&hellip;]<\/p>\n","protected":false},"author":46,"featured_media":0,"parent":13298,"menu_order":2,"comment_status":"closed","ping_status":"closed","template":"","meta":{"_et_pb_use_builder":"","_et_pb_old_content":"","_et_gb_content_width":"","footnotes":""},"class_list":["post-13325","page","type-page","status-publish","hentry"],"yoast_head":"<!-- This site is optimized with the Yoast SEO plugin v27.3 - https:\/\/yoast.com\/product\/yoast-seo-wordpress\/ -->\n<title>A LA RENCONTRE D&#039;ATAMBUA \u2013 BERJUMPA DENGAN ATAMBUA<\/title>\n<meta name=\"description\" content=\"Durant tout ce cours, les Ecoles Pies de nombreux endroits ont partag\u00e9 le slogan \u201cA la rencontre\u201d comme fil conducteur de tout ce que nous faisons. Dans ce contexte, nous nous retrouvons une fois de plus avec l&#039;une des initiatives les plus significatives que nous encourageons chez Itaka-Escolapios conjointement tout au long de l&#039;ann\u00e9e: la\u2026\" \/>\n<meta name=\"robots\" content=\"index, follow, max-snippet:-1, max-image-preview:large, max-video-preview:-1\" \/>\n<link rel=\"canonical\" href=\"\" \/>\n<meta property=\"og:locale\" content=\"fr_FR\" \/>\n<meta property=\"og:type\" content=\"article\" \/>\n<meta property=\"og:title\" content=\"A LA RENCONTRE D&#039;ATAMBUA \u2013 BERJUMPA DENGAN ATAMBUA\" \/>\n<meta property=\"og:description\" content=\"Durant tout ce cours, les Ecoles Pies de nombreux endroits ont partag\u00e9 le slogan \u201cA la rencontre\u201d comme fil conducteur de tout ce que nous faisons. Dans ce contexte, nous nous retrouvons une fois de plus avec l&#039;une des initiatives les plus significatives que nous encourageons chez Itaka-Escolapios conjointement tout au long de l&#039;ann\u00e9e: la\u2026\" \/>\n<meta property=\"og:url\" content=\"https:\/\/www.itakaescolapios.org\/fr\/campanas\/2015-2016-al-encuentro-de-atambua\/al-encuentro-con-atambua-berjumpa-dengan-atambua\/\" \/>\n<meta property=\"og:site_name\" content=\"Itaka-Escolapios\" \/>\n<meta property=\"article:modified_time\" content=\"2023-11-28T11:38:36+00:00\" \/>\n<meta name=\"twitter:card\" content=\"summary_large_image\" \/>\n<meta name=\"twitter:label1\" content=\"Dur\u00e9e de lecture estim\u00e9e\" \/>\n\t<meta name=\"twitter:data1\" content=\"2 minutes\" \/>\n<script type=\"application\/ld+json\" class=\"yoast-schema-graph\">{\"@context\":\"https:\\\/\\\/schema.org\",\"@graph\":[{\"@type\":\"WebPage\",\"@id\":\"https:\\\/\\\/www.itakaescolapios.org\\\/fr\\\/campanas\\\/2015-2016-al-encuentro-de-atambua\\\/al-encuentro-con-atambua-berjumpa-dengan-atambua\\\/\",\"url\":\"https:\\\/\\\/www.itakaescolapios.org\\\/fr\\\/campanas\\\/2015-2016-al-encuentro-de-atambua\\\/al-encuentro-con-atambua-berjumpa-dengan-atambua\\\/\",\"name\":\"AL ENCUENTRO CON ATAMB\u00daA \\\/ BERJUMPA DENGAN ATAMBUA - Itaka-Escolapios\",\"isPartOf\":{\"@id\":\"https:\\\/\\\/www.itakaescolapios.org\\\/es\\\/#website\"},\"datePublished\":\"2015-10-22T09:47:21+00:00\",\"dateModified\":\"2023-11-28T11:38:36+00:00\",\"breadcrumb\":{\"@id\":\"https:\\\/\\\/www.itakaescolapios.org\\\/fr\\\/campanas\\\/2015-2016-al-encuentro-de-atambua\\\/al-encuentro-con-atambua-berjumpa-dengan-atambua\\\/#breadcrumb\"},\"inLanguage\":\"fr-FR\",\"potentialAction\":[{\"@type\":\"ReadAction\",\"target\":[\"https:\\\/\\\/www.itakaescolapios.org\\\/fr\\\/campanas\\\/2015-2016-al-encuentro-de-atambua\\\/al-encuentro-con-atambua-berjumpa-dengan-atambua\\\/\"]}]},{\"@type\":\"BreadcrumbList\",\"@id\":\"https:\\\/\\\/www.itakaescolapios.org\\\/fr\\\/campanas\\\/2015-2016-al-encuentro-de-atambua\\\/al-encuentro-con-atambua-berjumpa-dengan-atambua\\\/#breadcrumb\",\"itemListElement\":[{\"@type\":\"ListItem\",\"position\":1,\"name\":\"Itaka-Escolapios\",\"item\":\"https:\\\/\\\/www.itakaescolapios.org\\\/es\\\/\"},{\"@type\":\"ListItem\",\"position\":2,\"name\":\"Campagnes\",\"item\":\"https:\\\/\\\/www.itakaescolapios.org\\\/es\\\/campanas\\\/\"},{\"@type\":\"ListItem\",\"position\":3,\"name\":\"2015-2016 A LA RENCONTRE D'ATAMBUA\",\"item\":\"https:\\\/\\\/www.itakaescolapios.org\\\/es\\\/campanas\\\/2015-2016-al-encuentro-de-atambua\\\/\"},{\"@type\":\"ListItem\",\"position\":4,\"name\":\"A LA RENCONTRE D'ATAMBUA \u2013 BERJUMPA DENGAN ATAMBUA\"}]},{\"@type\":\"WebSite\",\"@id\":\"https:\\\/\\\/www.itakaescolapios.org\\\/fr\\\/es\\\/#website\",\"url\":\"https:\\\/\\\/www.itakaescolapios.org\\\/fr\\\/es\\\/\",\"name\":\"Itaka-Escolapios\",\"description\":\"Red de Itaka-Escolapios\",\"publisher\":{\"@id\":\"https:\\\/\\\/www.itakaescolapios.org\\\/fr\\\/es\\\/#organization\"},\"potentialAction\":[{\"@type\":\"SearchAction\",\"target\":{\"@type\":\"EntryPoint\",\"urlTemplate\":\"https:\\\/\\\/www.itakaescolapios.org\\\/fr\\\/es\\\/?s={search_term_string}\"},\"query-input\":{\"@type\":\"PropertyValueSpecification\",\"valueRequired\":true,\"valueName\":\"search_term_string\"}}],\"inLanguage\":\"fr-FR\"},{\"@type\":\"Organization\",\"@id\":\"https:\\\/\\\/www.itakaescolapios.org\\\/fr\\\/es\\\/#organization\",\"name\":\"Fundaci\u00f3 Itaka-Escolapios\",\"url\":\"https:\\\/\\\/www.itakaescolapios.org\\\/fr\\\/es\\\/\",\"logo\":{\"@type\":\"ImageObject\",\"inLanguage\":\"fr-FR\",\"@id\":\"https:\\\/\\\/www.itakaescolapios.org\\\/fr\\\/es\\\/#\\\/schema\\\/logo\\\/image\\\/\",\"url\":\"https:\\\/\\\/www.itakaescolapios.org\\\/wp-content\\\/uploads\\\/2024\\\/04\\\/Logo-itakaescolapios-peque.png\",\"contentUrl\":\"https:\\\/\\\/www.itakaescolapios.org\\\/wp-content\\\/uploads\\\/2024\\\/04\\\/Logo-itakaescolapios-peque.png\",\"width\":500,\"height\":199,\"caption\":\"Fundaci\u00f3 Itaka-Escolapios\"},\"image\":{\"@id\":\"https:\\\/\\\/www.itakaescolapios.org\\\/fr\\\/es\\\/#\\\/schema\\\/logo\\\/image\\\/\"}}]}<\/script>\n<!-- \/ Yoast SEO plugin. -->","yoast_head_json":{"title":"A LA RENCONTRE D'ATAMBUA \u2013 BERJUMPA DENGAN ATAMBUA","description":"Durant tout ce cours, les Ecoles Pies de nombreux endroits ont partag\u00e9 le slogan \u201cA la rencontre\u201d comme fil conducteur de tout ce que nous faisons. Dans ce contexte, nous nous retrouvons une fois de plus avec l'une des initiatives les plus significatives que nous encourageons chez Itaka-Escolapios conjointement tout au long de l'ann\u00e9e: la\u2026","robots":{"index":"index","follow":"follow","max-snippet":"max-snippet:-1","max-image-preview":"max-image-preview:large","max-video-preview":"max-video-preview:-1"},"canonical":"Durant tout ce cours, les Ecoles Pies de nombreux endroits ont partag\u00e9 le slogan \u201cA la rencontre\u201d comme fil conducteur de tout ce que nous faisons. Dans ce contexte, nous nous retrouvons une fois de plus avec l'une des initiatives les plus significatives que nous encourageons chez Itaka-Escolapios conjointement tout au long de l'ann\u00e9e: la\u2026","og_locale":"fr_FR","og_type":"article","og_title":"A LA RENCONTRE D'ATAMBUA \u2013 BERJUMPA DENGAN ATAMBUA","og_description":"Durant tout ce cours, les Ecoles Pies de nombreux endroits ont partag\u00e9 le slogan \u201cA la rencontre\u201d comme fil conducteur de tout ce que nous faisons. Dans ce contexte, nous nous retrouvons une fois de plus avec l'une des initiatives les plus significatives que nous encourageons chez Itaka-Escolapios conjointement tout au long de l'ann\u00e9e: la\u2026","og_url":"https:\/\/www.itakaescolapios.org\/fr\/campanas\/2015-2016-al-encuentro-de-atambua\/al-encuentro-con-atambua-berjumpa-dengan-atambua\/","og_site_name":"Itaka-Escolapios","article_modified_time":"2023-11-28T11:38:36+00:00","twitter_card":"summary_large_image","twitter_misc":{"Dur\u00e9e de lecture estim\u00e9e":"2 minutes"},"schema":{"@context":"https:\/\/schema.org","@graph":[{"@type":"WebPage","@id":"https:\/\/www.itakaescolapios.org\/fr\/campanas\/2015-2016-al-encuentro-de-atambua\/al-encuentro-con-atambua-berjumpa-dengan-atambua\/","url":"https:\/\/www.itakaescolapios.org\/fr\/campanas\/2015-2016-al-encuentro-de-atambua\/al-encuentro-con-atambua-berjumpa-dengan-atambua\/","name":"AL ENCUENTRO CON ATAMB\u00daA \/ BERJUMPA DENGAN ATAMBUA - Itaka-Escolapios","isPartOf":{"@id":"https:\/\/www.itakaescolapios.org\/es\/#website"},"datePublished":"2015-10-22T09:47:21+00:00","dateModified":"2023-11-28T11:38:36+00:00","breadcrumb":{"@id":"https:\/\/www.itakaescolapios.org\/fr\/campanas\/2015-2016-al-encuentro-de-atambua\/al-encuentro-con-atambua-berjumpa-dengan-atambua\/#breadcrumb"},"inLanguage":"fr-FR","potentialAction":[{"@type":"ReadAction","target":["https:\/\/www.itakaescolapios.org\/fr\/campanas\/2015-2016-al-encuentro-de-atambua\/al-encuentro-con-atambua-berjumpa-dengan-atambua\/"]}]},{"@type":"BreadcrumbList","@id":"https:\/\/www.itakaescolapios.org\/fr\/campanas\/2015-2016-al-encuentro-de-atambua\/al-encuentro-con-atambua-berjumpa-dengan-atambua\/#breadcrumb","itemListElement":[{"@type":"ListItem","position":1,"name":"Itaka-Escolapios","item":"https:\/\/www.itakaescolapios.org\/es\/"},{"@type":"ListItem","position":2,"name":"Campagnes","item":"https:\/\/www.itakaescolapios.org\/es\/campanas\/"},{"@type":"ListItem","position":3,"name":"2015-2016 A LA RENCONTRE D'ATAMBUA","item":"https:\/\/www.itakaescolapios.org\/es\/campanas\/2015-2016-al-encuentro-de-atambua\/"},{"@type":"ListItem","position":4,"name":"A LA RENCONTRE D'ATAMBUA \u2013 BERJUMPA DENGAN ATAMBUA"}]},{"@type":"WebSite","@id":"https:\/\/www.itakaescolapios.org\/fr\/es\/#website","url":"https:\/\/www.itakaescolapios.org\/fr\/es\/","name":"Itaka-Escolapios","description":"Red de Itaka-Escolapios","publisher":{"@id":"https:\/\/www.itakaescolapios.org\/fr\/es\/#organization"},"potentialAction":[{"@type":"SearchAction","target":{"@type":"EntryPoint","urlTemplate":"https:\/\/www.itakaescolapios.org\/fr\/es\/?s={search_term_string}"},"query-input":{"@type":"PropertyValueSpecification","valueRequired":true,"valueName":"search_term_string"}}],"inLanguage":"fr-FR"},{"@type":"Organization","@id":"https:\/\/www.itakaescolapios.org\/fr\/es\/#organization","name":"Fundaci\u00f3 Itaka-Escolapios","url":"https:\/\/www.itakaescolapios.org\/fr\/es\/","logo":{"@type":"ImageObject","inLanguage":"fr-FR","@id":"https:\/\/www.itakaescolapios.org\/fr\/es\/#\/schema\/logo\/image\/","url":"https:\/\/www.itakaescolapios.org\/wp-content\/uploads\/2024\/04\/Logo-itakaescolapios-peque.png","contentUrl":"https:\/\/www.itakaescolapios.org\/wp-content\/uploads\/2024\/04\/Logo-itakaescolapios-peque.png","width":500,"height":199,"caption":"Fundaci\u00f3 Itaka-Escolapios"},"image":{"@id":"https:\/\/www.itakaescolapios.org\/fr\/es\/#\/schema\/logo\/image\/"}}]}},"_links":{"self":[{"href":"https:\/\/www.itakaescolapios.org\/fr\/wp-json\/wp\/v2\/pages\/13325","targetHints":{"allow":["GET"]}}],"collection":[{"href":"https:\/\/www.itakaescolapios.org\/fr\/wp-json\/wp\/v2\/pages"}],"about":[{"href":"https:\/\/www.itakaescolapios.org\/fr\/wp-json\/wp\/v2\/types\/page"}],"author":[{"embeddable":true,"href":"https:\/\/www.itakaescolapios.org\/fr\/wp-json\/wp\/v2\/users\/46"}],"replies":[{"embeddable":true,"href":"https:\/\/www.itakaescolapios.org\/fr\/wp-json\/wp\/v2\/comments?post=13325"}],"version-history":[{"count":18,"href":"https:\/\/www.itakaescolapios.org\/fr\/wp-json\/wp\/v2\/pages\/13325\/revisions"}],"predecessor-version":[{"id":48584,"href":"https:\/\/www.itakaescolapios.org\/fr\/wp-json\/wp\/v2\/pages\/13325\/revisions\/48584"}],"up":[{"embeddable":true,"href":"https:\/\/www.itakaescolapios.org\/fr\/wp-json\/wp\/v2\/pages\/13298"}],"wp:attachment":[{"href":"https:\/\/www.itakaescolapios.org\/fr\/wp-json\/wp\/v2\/media?parent=13325"}],"curies":[{"name":"wp","href":"https:\/\/api.w.org\/{rel}","templated":true}]}}