{"id":13329,"date":"2015-10-22T11:00:18","date_gmt":"2015-10-22T10:00:18","guid":{"rendered":"https:\/\/www.itakaescolapios.org\/?page_id=13329"},"modified":"2023-11-28T12:38:36","modified_gmt":"2023-11-28T11:38:36","slug":"asrama-proyecto-escolapio-apoyado-con-la-campana-de-solidaridad","status":"publish","type":"page","link":"https:\/\/www.itakaescolapios.org\/fr\/campanas\/2015-2016-al-encuentro-de-atambua\/asrama-proyecto-escolapio-apoyado-con-la-campana-de-solidaridad\/","title":{"rendered":"ASRAMA. PROJET PIE APPUYE PAR LA CAMPAGNE DE SOLIDARITE"},"content":{"rendered":"<p style=\"text-align: center;\"><a href=\"https:\/\/www.itakaescolapios.org\/wp-content\/uploads\/2015\/10\/Asrama.png\"><img decoding=\"async\" class=\"wp-image-13491\" style=\"width: 435px; height: 254px;\" alt=\"Asrama\" src=\"https:\/\/www.itakaescolapios.org\/wp-content\/uploads\/2015\/10\/Asrama-300x166.png\" width=\"300\" height=\"166\" srcset=\"https:\/\/www.itakaescolapios.org\/wp-content\/uploads\/2015\/10\/Asrama-300x166.png 300w, https:\/\/www.itakaescolapios.org\/wp-content\/uploads\/2015\/10\/Asrama-250x138.png 250w, https:\/\/www.itakaescolapios.org\/wp-content\/uploads\/2015\/10\/Asrama.png 856w\" sizes=\"(max-width: 300px) 100vw, 300px\" \/><\/a><\/p>\n<p>Les piaristes ont d\u00e9but\u00e9 leur marche en Indon\u00e9sie il y a environ deux ans, ils sont arriv\u00e9s en 2013, en s\u2019installant dans la ville d&rsquo;Atambua, avec pour objectif de conna\u00eetre la r\u00e9alit\u00e9 du pays, et de d\u00e9couvrir peu \u00e0 peu les besoins et actions concr\u00e8tes qui pourraient \u00eatre men\u00e9es \u00e0 bien.<\/p>\n<p>Suite \u00e0 cette p\u00e9riode, au cours de laquelle ont particip\u00e9 des coll\u00e8ges de la r\u00e9gion, a d\u00e9but\u00e9 un projet piariste d&rsquo;\u00e9ducation non formelle qui consiste \u00e0 dispenser des cours d&rsquo;anglais \u00e0 des enfants du quartier et r\u00e9aliser des activit\u00e9s de loisir et de temps libre. Lors de cette p\u00e9riode, le r\u00e9seau \u00e9ducatif d&rsquo;Atambua s&rsquo;est fait conna\u00eetre, entamant une relation avec d&rsquo;autres entit\u00e9s et internats o\u00f9 sont accueillis des adolescents pr\u00e9venants des villages \u00e0 proximit\u00e9, ou de Timor Oriental, qui viennent \u00e9tudier en ville.<\/p>\n<p>Toute cette connaissance pr\u00e9alable de la r\u00e9alit\u00e9 a favoris\u00e9 la d\u00e9cision de construire un internat comme l&rsquo;un des principaux travaux \u00e0 mener \u00e0 bien par l&rsquo;Ecole Pie dans la r\u00e9gion. Il s&rsquo;agit d&rsquo;un besoin urgent. Nombreux sont les gar\u00e7ons qui, provenant de villages alentours doivent se d\u00e9placer \u00e0 Atambua pour \u00e9tudier au lyc\u00e9e en ayant \u00e0 parcourir de grandes distances et, n&rsquo;ayant aucune place pour internat \u00e0 Atambua, sont contraints d&rsquo;abandonner leurs \u00e9tudes. Il s&rsquo;agit d&rsquo;un ASRAMA (internat) masculin car les filles trouvent facilement la possibilit\u00e9 de continuer leurs \u00e9tudes dans des asramas f\u00e9minins g\u00e9r\u00e9s par des religieuses.<\/p>\n<p>De cette mani\u00e8re, la construction de l&rsquo;Asrama facilitera et permettra l&rsquo;acc\u00e8s \u00e0 l&rsquo;\u00e9ducation de nombreux jeunes, \u00e9vitant ainsi l&rsquo;abandon de leurs \u00e9tudes en arrivant au lyc\u00e9e. Les destinataires de l&rsquo;internat seront cent gar\u00e7ons d&rsquo;entre 12 et 15 ans, \u00e9tudiants de secondaire, avec la possibilit\u00e9 d&rsquo;accueillir dans un futur proche un effectif scolaire de bachelier. Ces jeunes viendront principalement des zones rurales de Belu et Malaka, lieux d&rsquo;o\u00f9 ces jeunes doivent souvent se d\u00e9placer pour \u00e9tudier car leurs villes disposent seulement d&rsquo;\u00e9coles primaires ou \u00e0 cause du manque de qualit\u00e9 des \u00e9coles des lieux o\u00f9 ils r\u00e9sident.<\/p>\n<p><span style=\"color: #808000;\"><b><span style=\"text-decoration: underline;\">CONTEXTE SOCIAL Y EDUCATIF D&rsquo;ATAMB\u00daA (INDONESIE)<\/span><\/b><\/span><\/p>\n<p>L&rsquo;Indon\u00e9sie, officiellement R\u00e9publique d&rsquo;Indon\u00e9sie, est un pays insulaire situ\u00e9 entre le sud-est asiatique et l&rsquo;Oc\u00e9anie. Sur une surface d&rsquo;un peu plus de 2.000.000 de km\u00b2 vivent 252 millions de personnes, s&rsquo;agissant ainsi du quatri\u00e8me pays le plus peupl\u00e9 au monde.<\/p>\n<p>Le pays occupe le poste 108 dans le classement de l&rsquo;Indice de D\u00e9veloppement Humain \u00e9labor\u00e9 par les Nations Unis, avec une valeur de 0,68. Son esp\u00e9rance de vie est de 68,8 ans, et la population sous le seuil de pauvret\u00e9, vivant avec moins d&rsquo;1,25 dollars par jour, atteint 16%. (Donn\u00e9es du PNUD 2014 et Banque Mondiale).<\/p>\n<p>Environ 55% de la population active se d\u00e9die \u00e0 l&rsquo;agriculture, que se soit en tant que propri\u00e9taires de petites fermes ou comme ouvriers sur d&rsquo;autres propri\u00e9t\u00e9s, c&rsquo;est pourquoi ceux-ci vivent g\u00e9n\u00e9ralement de la culture de subsistance.<\/p>\n<p>Atamb\u00faa se trouve sur l&rsquo;\u00eele de Timor, \u00e9tant la capitale du district de Belu de la province Nusa Tenggara Timur d&rsquo;Indon\u00e9sie.<\/p>\n<p>La ville d&rsquo;Atambua est une localit\u00e9 multiethnique des tribus du Timor, Rote, Sabu, Flores, une minorit\u00e9 ethnique chinoise et immigrants de la l&rsquo;\u00eele d&rsquo;Ambon. Elle poss\u00e8de 75.199 habitants (37.244 hommes et 37.955 femmes). Situ\u00e9e dans la r\u00e9gion du Timor Occidental, il s&rsquo;agit de l&rsquo;un des centres d&rsquo;accueil de r\u00e9fugi\u00e9s du Timor Oriental apr\u00e8s son ind\u00e9pendance en 1999.<\/p>\n<p>La majorit\u00e9 de la population d&rsquo;Atambua est de religion catholique (95%), cohabitant de mani\u00e8re respectueuse avec les autres religions.<\/p>\n<p><span style=\"color: #808000;\"><b><span style=\"text-decoration: underline;\">L&rsquo;EDUCATION A ATAMB\u00daA<\/span><\/b><\/span><\/p>\n<p>Dans le district de Belu, dont la capitale est Atambua, on trouve 127 \u00e9coles primaires et 37 \u00e9coles secondaires. La population en \u00e2ge scolaire (6-18 ans) est de 128.361 enfants et jeunes (65.703 hommes et 62.658 femmes). Dans la tranche d&rsquo;\u00e2ge des 7 \u00e0 12 ans, 95 assiste \u00e0 l&rsquo;\u00e9cole, mais \u00e0 mesure qu&rsquo;augmente l&rsquo;\u00e2ge le pourcentage diminue (de 13 \u00e0 15 ans, 83%; de 16 \u00e0 18 ans, 63%).<\/p>\n<p>A Atambua, un peu plus de 26000 enfants et jeunes se trouvent en \u00e2ge scolaire, dont seulement 58% se rendent \u00e0 l&rsquo;un des trente quatre centres \u00e9ducatifs r\u00e9partis dans la localit\u00e9. Concr\u00e8tement, on trouve en ville vingt cinq \u00e9coles primaires (14 publiques et 11 priv\u00e9es) que fr\u00e9quentent un total de 11.640 \u00e9l\u00e8ves, descendant de mani\u00e8re alarmante \u00e0 neuf le centres de secondaire (5 publics et 4 priv\u00e9s), que fr\u00e9quentent 3523 \u00e9l\u00e8ves.<\/p>\n<p><span style=\"color: #808000;\"><b><span style=\"text-decoration: underline;\">L&rsquo;ASRAMA<\/span><\/b><\/span><\/p>\n<p>L&rsquo;Asrama a pour objectif de garantir l&rsquo;acc\u00e8s \u00e0 l&rsquo;\u00e9ducation secondaire de nombreux jeunes, provenant de zones rurales, \u00e9vitant ainsi l&rsquo;abandon de leurs \u00e9tudes. Dans l&rsquo;internat, une formation int\u00e9grale aura lieu, qui tentera de cultiver harmonieusement la formation culturelle avec la dimensions ethnique et religieuse. L&rsquo;apr\u00e8s midi, hors de l&rsquo;horaire scolaire, seront offertes des activit\u00e9s pour la pratique sportive et sera renforc\u00e9e la formation des internes dans des mati\u00e8res comme l&rsquo;anglais, l&rsquo;informatique ou la musique, entre autres.<\/p>\n<p>Les espaces et locaux de la ferme et de l&rsquo;internat s&rsquo;ouvriront aussi \u00e0 d&rsquo;autres enfants et adolescents de la ville, ne r\u00e9sidant pas \u00e0 l&rsquo;internat, afin qu&rsquo;ils puissent b\u00e9n\u00e9ficier du plus grand nombre de personnes possible de ce projet \u00e9ducatif, favorisant ainsi l&rsquo;ouverture de l&rsquo;espace \u00e0 l&rsquo;environnement et la participation de la communaut\u00e9 dans le projet \u00e9ducatif.<\/p>\n<p>Malgr\u00e9 le fait que l&rsquo;on trouve de nombreux asramas dans la r\u00e9gion qui n&rsquo;offrent pas de nourriture aux enfants de par les difficult\u00e9s d&rsquo;organisation et \u00e9conomiques que cela implique, nous avons choisi de l&rsquo;offrir \u00e0 travers le projet piariste d&rsquo;Atambua. L&rsquo;objectif est d&rsquo;offrir une r\u00e9ponse \u00e0 la probl\u00e9matique qui existe dans la r\u00e9gion quant \u00e0 nutrition d\u00e9ficiente, avec\u00a0 certaines cons\u00e9quences pour la sant\u00e9 et le rendement acad\u00e9mique.<\/p>\n<p style=\"text-align: justify;\">Le terrain sur lequel se situe le l&rsquo;internat comprend un espace ample qui sera destin\u00e9 \u00e0 la culture de l\u00e9gumes et de fruits, ainsi que pour le soin d&rsquo;animaux (poules et porcs principalement). Cette petite exploitation agricole est orient\u00e9e vers la durabilit\u00e9 et l&rsquo;alimentation de l&rsquo;internat, baissant de cette mani\u00e8re le co\u00fbt du fonctionnement et favorisant la durabilit\u00e9. Une partie de la formation int\u00e9grale de l&rsquo;internat sera assur\u00e9e, tour \u00e0 tour, avec le travail dans la ferme. De m\u00eame, les \u00e9l\u00e8ves collaboreront dans les taches de cuisine, de propret\u00e9 de la maison et de lavage des v\u00eatements, car nous pensons que c&rsquo;est une valeur \u00e9ducative importante<\/p>\n","protected":false},"excerpt":{"rendered":"<p>Les piaristes ont d\u00e9but\u00e9 leur marche en Indon\u00e9sie il y a environ deux ans, ils sont arriv\u00e9s en 2013, en s\u2019installant dans la ville d&rsquo;Atambua, avec pour objectif de conna\u00eetre [&hellip;]<\/p>\n","protected":false},"author":46,"featured_media":0,"parent":13298,"menu_order":3,"comment_status":"closed","ping_status":"closed","template":"","meta":{"_et_pb_use_builder":"","_et_pb_old_content":"","_et_gb_content_width":"","footnotes":""},"class_list":["post-13329","page","type-page","status-publish","hentry"],"yoast_head":"<!-- This site is optimized with the Yoast SEO plugin v27.3 - https:\/\/yoast.com\/product\/yoast-seo-wordpress\/ -->\n<title>ASRAMA. PROJET PIE APPUYE PAR LA CAMPAGNE DE SOLIDARITE<\/title>\n<meta name=\"description\" content=\"Les piaristes ont d\u00e9but\u00e9 leur marche en Indon\u00e9sie il y a environ deux ans, ils sont arriv\u00e9s en 2013, en s\u2019installant dans la ville d&#039;Atambua, avec pour objectif de conna\u00eetre la r\u00e9alit\u00e9 du pays, et de d\u00e9couvrir peu \u00e0 peu les besoins et actions concr\u00e8tes qui pourraient \u00eatre men\u00e9es \u00e0 bien. Suite \u00e0 cette p\u00e9riode,\u2026\" \/>\n<meta name=\"robots\" content=\"index, follow, max-snippet:-1, max-image-preview:large, max-video-preview:-1\" \/>\n<link rel=\"canonical\" href=\"http:\/\/Les%20piaristes%20ont%20d\u00e9but\u00e9%20leur%20marche%20en%20Indon\u00e9sie%20il%20y%20a%20environ%20deux%20ans,%20ils%20sont%20arriv\u00e9s%20en%202013,%20en%20s\u2019installant%20dans%20la%20ville%20d'Atambua,%20avec%20pour%20objectif%20de%20conna\u00eetre%20la%20r\u00e9alit\u00e9%20du%20pays,%20et%20de%20d\u00e9couvrir%20peu%20\u00e0%20peu%20les%20besoins%20et%20actions%20concr\u00e8tes%20qui%20pourraient%20\u00eatre%20men\u00e9es%20\u00e0%20bien.%20Suite%20\u00e0%20cette%20p\u00e9riode,\u2026\" \/>\n<meta property=\"og:locale\" content=\"fr_FR\" \/>\n<meta property=\"og:type\" content=\"article\" \/>\n<meta property=\"og:title\" content=\"ASRAMA. PROJET PIE APPUYE PAR LA CAMPAGNE DE SOLIDARITE\" \/>\n<meta property=\"og:description\" content=\"Les piaristes ont d\u00e9but\u00e9 leur marche en Indon\u00e9sie il y a environ deux ans, ils sont arriv\u00e9s en 2013, en s\u2019installant dans la ville d&#039;Atambua, avec pour objectif de conna\u00eetre la r\u00e9alit\u00e9 du pays, et de d\u00e9couvrir peu \u00e0 peu les besoins et actions concr\u00e8tes qui pourraient \u00eatre men\u00e9es \u00e0 bien. Suite \u00e0 cette p\u00e9riode,\u2026\" \/>\n<meta property=\"og:url\" content=\"https:\/\/www.itakaescolapios.org\/fr\/campanas\/2015-2016-al-encuentro-de-atambua\/asrama-proyecto-escolapio-apoyado-con-la-campana-de-solidaridad\/\" \/>\n<meta property=\"og:site_name\" content=\"Itaka-Escolapios\" \/>\n<meta property=\"article:modified_time\" content=\"2023-11-28T11:38:36+00:00\" \/>\n<meta property=\"og:image\" content=\"https:\/\/www.itakaescolapios.org\/wp-content\/uploads\/2015\/10\/Asrama.png\" \/>\n\t<meta property=\"og:image:width\" content=\"856\" \/>\n\t<meta property=\"og:image:height\" content=\"475\" \/>\n\t<meta property=\"og:image:type\" content=\"image\/png\" \/>\n<meta name=\"twitter:card\" content=\"summary_large_image\" \/>\n<meta name=\"twitter:label1\" content=\"Dur\u00e9e de lecture estim\u00e9e\" \/>\n\t<meta name=\"twitter:data1\" content=\"2 minutes\" \/>\n<script type=\"application\/ld+json\" class=\"yoast-schema-graph\">{\"@context\":\"https:\\\/\\\/schema.org\",\"@graph\":[{\"@type\":\"WebPage\",\"@id\":\"https:\\\/\\\/www.itakaescolapios.org\\\/fr\\\/campanas\\\/2015-2016-al-encuentro-de-atambua\\\/asrama-proyecto-escolapio-apoyado-con-la-campana-de-solidaridad\\\/\",\"url\":\"https:\\\/\\\/www.itakaescolapios.org\\\/fr\\\/campanas\\\/2015-2016-al-encuentro-de-atambua\\\/asrama-proyecto-escolapio-apoyado-con-la-campana-de-solidaridad\\\/\",\"name\":\"ASRAMA. PROYECTO ESCOLAPIO APOYADO CON LA CAMPA\u00d1A DE SOLIDARIDAD - Itaka-Escolapios\",\"isPartOf\":{\"@id\":\"https:\\\/\\\/www.itakaescolapios.org\\\/es\\\/#website\"},\"primaryImageOfPage\":{\"@id\":\"https:\\\/\\\/www.itakaescolapios.org\\\/fr\\\/campanas\\\/2015-2016-al-encuentro-de-atambua\\\/asrama-proyecto-escolapio-apoyado-con-la-campana-de-solidaridad\\\/#primaryimage\"},\"image\":{\"@id\":\"https:\\\/\\\/www.itakaescolapios.org\\\/fr\\\/campanas\\\/2015-2016-al-encuentro-de-atambua\\\/asrama-proyecto-escolapio-apoyado-con-la-campana-de-solidaridad\\\/#primaryimage\"},\"thumbnailUrl\":\"https:\\\/\\\/www.itakaescolapios.org\\\/wp-content\\\/uploads\\\/2015\\\/10\\\/Asrama-300x166.png\",\"datePublished\":\"2015-10-22T10:00:18+00:00\",\"dateModified\":\"2023-11-28T11:38:36+00:00\",\"breadcrumb\":{\"@id\":\"https:\\\/\\\/www.itakaescolapios.org\\\/fr\\\/campanas\\\/2015-2016-al-encuentro-de-atambua\\\/asrama-proyecto-escolapio-apoyado-con-la-campana-de-solidaridad\\\/#breadcrumb\"},\"inLanguage\":\"fr-FR\",\"potentialAction\":[{\"@type\":\"ReadAction\",\"target\":[\"https:\\\/\\\/www.itakaescolapios.org\\\/fr\\\/campanas\\\/2015-2016-al-encuentro-de-atambua\\\/asrama-proyecto-escolapio-apoyado-con-la-campana-de-solidaridad\\\/\"]}]},{\"@type\":\"ImageObject\",\"inLanguage\":\"fr-FR\",\"@id\":\"https:\\\/\\\/www.itakaescolapios.org\\\/fr\\\/campanas\\\/2015-2016-al-encuentro-de-atambua\\\/asrama-proyecto-escolapio-apoyado-con-la-campana-de-solidaridad\\\/#primaryimage\",\"url\":\"https:\\\/\\\/www.itakaescolapios.org\\\/wp-content\\\/uploads\\\/2015\\\/10\\\/Asrama-300x166.png\",\"contentUrl\":\"https:\\\/\\\/www.itakaescolapios.org\\\/wp-content\\\/uploads\\\/2015\\\/10\\\/Asrama-300x166.png\"},{\"@type\":\"BreadcrumbList\",\"@id\":\"https:\\\/\\\/www.itakaescolapios.org\\\/fr\\\/campanas\\\/2015-2016-al-encuentro-de-atambua\\\/asrama-proyecto-escolapio-apoyado-con-la-campana-de-solidaridad\\\/#breadcrumb\",\"itemListElement\":[{\"@type\":\"ListItem\",\"position\":1,\"name\":\"Itaka-Escolapios\",\"item\":\"https:\\\/\\\/www.itakaescolapios.org\\\/es\\\/\"},{\"@type\":\"ListItem\",\"position\":2,\"name\":\"Campagnes\",\"item\":\"https:\\\/\\\/www.itakaescolapios.org\\\/es\\\/campanas\\\/\"},{\"@type\":\"ListItem\",\"position\":3,\"name\":\"2015-2016 A LA RENCONTRE D'ATAMBUA\",\"item\":\"https:\\\/\\\/www.itakaescolapios.org\\\/es\\\/campanas\\\/2015-2016-al-encuentro-de-atambua\\\/\"},{\"@type\":\"ListItem\",\"position\":4,\"name\":\"ASRAMA. PROJET PIE APPUYE PAR LA CAMPAGNE DE SOLIDARITE\"}]},{\"@type\":\"WebSite\",\"@id\":\"https:\\\/\\\/www.itakaescolapios.org\\\/fr\\\/es\\\/#website\",\"url\":\"https:\\\/\\\/www.itakaescolapios.org\\\/fr\\\/es\\\/\",\"name\":\"Itaka-Escolapios\",\"description\":\"Red de Itaka-Escolapios\",\"publisher\":{\"@id\":\"https:\\\/\\\/www.itakaescolapios.org\\\/fr\\\/es\\\/#organization\"},\"potentialAction\":[{\"@type\":\"SearchAction\",\"target\":{\"@type\":\"EntryPoint\",\"urlTemplate\":\"https:\\\/\\\/www.itakaescolapios.org\\\/fr\\\/es\\\/?s={search_term_string}\"},\"query-input\":{\"@type\":\"PropertyValueSpecification\",\"valueRequired\":true,\"valueName\":\"search_term_string\"}}],\"inLanguage\":\"fr-FR\"},{\"@type\":\"Organization\",\"@id\":\"https:\\\/\\\/www.itakaescolapios.org\\\/fr\\\/es\\\/#organization\",\"name\":\"Fundaci\u00f3 Itaka-Escolapios\",\"url\":\"https:\\\/\\\/www.itakaescolapios.org\\\/fr\\\/es\\\/\",\"logo\":{\"@type\":\"ImageObject\",\"inLanguage\":\"fr-FR\",\"@id\":\"https:\\\/\\\/www.itakaescolapios.org\\\/fr\\\/es\\\/#\\\/schema\\\/logo\\\/image\\\/\",\"url\":\"https:\\\/\\\/www.itakaescolapios.org\\\/wp-content\\\/uploads\\\/2024\\\/04\\\/Logo-itakaescolapios-peque.png\",\"contentUrl\":\"https:\\\/\\\/www.itakaescolapios.org\\\/wp-content\\\/uploads\\\/2024\\\/04\\\/Logo-itakaescolapios-peque.png\",\"width\":500,\"height\":199,\"caption\":\"Fundaci\u00f3 Itaka-Escolapios\"},\"image\":{\"@id\":\"https:\\\/\\\/www.itakaescolapios.org\\\/fr\\\/es\\\/#\\\/schema\\\/logo\\\/image\\\/\"}}]}<\/script>\n<!-- \/ Yoast SEO plugin. -->","yoast_head_json":{"title":"ASRAMA. PROJET PIE APPUYE PAR LA CAMPAGNE DE SOLIDARITE","description":"Les piaristes ont d\u00e9but\u00e9 leur marche en Indon\u00e9sie il y a environ deux ans, ils sont arriv\u00e9s en 2013, en s\u2019installant dans la ville d'Atambua, avec pour objectif de conna\u00eetre la r\u00e9alit\u00e9 du pays, et de d\u00e9couvrir peu \u00e0 peu les besoins et actions concr\u00e8tes qui pourraient \u00eatre men\u00e9es \u00e0 bien. Suite \u00e0 cette p\u00e9riode,\u2026","robots":{"index":"index","follow":"follow","max-snippet":"max-snippet:-1","max-image-preview":"max-image-preview:large","max-video-preview":"max-video-preview:-1"},"canonical":"Les piaristes ont d\u00e9but\u00e9 leur marche en Indon\u00e9sie il y a environ deux ans, ils sont arriv\u00e9s en 2013, en s\u2019installant dans la ville d'Atambua, avec pour objectif de conna\u00eetre la r\u00e9alit\u00e9 du pays, et de d\u00e9couvrir peu \u00e0 peu les besoins et actions concr\u00e8tes qui pourraient \u00eatre men\u00e9es \u00e0 bien. Suite \u00e0 cette p\u00e9riode,\u2026","og_locale":"fr_FR","og_type":"article","og_title":"ASRAMA. PROJET PIE APPUYE PAR LA CAMPAGNE DE SOLIDARITE","og_description":"Les piaristes ont d\u00e9but\u00e9 leur marche en Indon\u00e9sie il y a environ deux ans, ils sont arriv\u00e9s en 2013, en s\u2019installant dans la ville d'Atambua, avec pour objectif de conna\u00eetre la r\u00e9alit\u00e9 du pays, et de d\u00e9couvrir peu \u00e0 peu les besoins et actions concr\u00e8tes qui pourraient \u00eatre men\u00e9es \u00e0 bien. Suite \u00e0 cette p\u00e9riode,\u2026","og_url":"https:\/\/www.itakaescolapios.org\/fr\/campanas\/2015-2016-al-encuentro-de-atambua\/asrama-proyecto-escolapio-apoyado-con-la-campana-de-solidaridad\/","og_site_name":"Itaka-Escolapios","article_modified_time":"2023-11-28T11:38:36+00:00","og_image":[{"width":856,"height":475,"url":"https:\/\/www.itakaescolapios.org\/wp-content\/uploads\/2015\/10\/Asrama.png","type":"image\/png"}],"twitter_card":"summary_large_image","twitter_misc":{"Dur\u00e9e de lecture estim\u00e9e":"2 minutes"},"schema":{"@context":"https:\/\/schema.org","@graph":[{"@type":"WebPage","@id":"https:\/\/www.itakaescolapios.org\/fr\/campanas\/2015-2016-al-encuentro-de-atambua\/asrama-proyecto-escolapio-apoyado-con-la-campana-de-solidaridad\/","url":"https:\/\/www.itakaescolapios.org\/fr\/campanas\/2015-2016-al-encuentro-de-atambua\/asrama-proyecto-escolapio-apoyado-con-la-campana-de-solidaridad\/","name":"ASRAMA. PROYECTO ESCOLAPIO APOYADO CON LA CAMPA\u00d1A DE SOLIDARIDAD - Itaka-Escolapios","isPartOf":{"@id":"https:\/\/www.itakaescolapios.org\/es\/#website"},"primaryImageOfPage":{"@id":"https:\/\/www.itakaescolapios.org\/fr\/campanas\/2015-2016-al-encuentro-de-atambua\/asrama-proyecto-escolapio-apoyado-con-la-campana-de-solidaridad\/#primaryimage"},"image":{"@id":"https:\/\/www.itakaescolapios.org\/fr\/campanas\/2015-2016-al-encuentro-de-atambua\/asrama-proyecto-escolapio-apoyado-con-la-campana-de-solidaridad\/#primaryimage"},"thumbnailUrl":"https:\/\/www.itakaescolapios.org\/wp-content\/uploads\/2015\/10\/Asrama-300x166.png","datePublished":"2015-10-22T10:00:18+00:00","dateModified":"2023-11-28T11:38:36+00:00","breadcrumb":{"@id":"https:\/\/www.itakaescolapios.org\/fr\/campanas\/2015-2016-al-encuentro-de-atambua\/asrama-proyecto-escolapio-apoyado-con-la-campana-de-solidaridad\/#breadcrumb"},"inLanguage":"fr-FR","potentialAction":[{"@type":"ReadAction","target":["https:\/\/www.itakaescolapios.org\/fr\/campanas\/2015-2016-al-encuentro-de-atambua\/asrama-proyecto-escolapio-apoyado-con-la-campana-de-solidaridad\/"]}]},{"@type":"ImageObject","inLanguage":"fr-FR","@id":"https:\/\/www.itakaescolapios.org\/fr\/campanas\/2015-2016-al-encuentro-de-atambua\/asrama-proyecto-escolapio-apoyado-con-la-campana-de-solidaridad\/#primaryimage","url":"https:\/\/www.itakaescolapios.org\/wp-content\/uploads\/2015\/10\/Asrama-300x166.png","contentUrl":"https:\/\/www.itakaescolapios.org\/wp-content\/uploads\/2015\/10\/Asrama-300x166.png"},{"@type":"BreadcrumbList","@id":"https:\/\/www.itakaescolapios.org\/fr\/campanas\/2015-2016-al-encuentro-de-atambua\/asrama-proyecto-escolapio-apoyado-con-la-campana-de-solidaridad\/#breadcrumb","itemListElement":[{"@type":"ListItem","position":1,"name":"Itaka-Escolapios","item":"https:\/\/www.itakaescolapios.org\/es\/"},{"@type":"ListItem","position":2,"name":"Campagnes","item":"https:\/\/www.itakaescolapios.org\/es\/campanas\/"},{"@type":"ListItem","position":3,"name":"2015-2016 A LA RENCONTRE D'ATAMBUA","item":"https:\/\/www.itakaescolapios.org\/es\/campanas\/2015-2016-al-encuentro-de-atambua\/"},{"@type":"ListItem","position":4,"name":"ASRAMA. PROJET PIE APPUYE PAR LA CAMPAGNE DE SOLIDARITE"}]},{"@type":"WebSite","@id":"https:\/\/www.itakaescolapios.org\/fr\/es\/#website","url":"https:\/\/www.itakaescolapios.org\/fr\/es\/","name":"Itaka-Escolapios","description":"Red de Itaka-Escolapios","publisher":{"@id":"https:\/\/www.itakaescolapios.org\/fr\/es\/#organization"},"potentialAction":[{"@type":"SearchAction","target":{"@type":"EntryPoint","urlTemplate":"https:\/\/www.itakaescolapios.org\/fr\/es\/?s={search_term_string}"},"query-input":{"@type":"PropertyValueSpecification","valueRequired":true,"valueName":"search_term_string"}}],"inLanguage":"fr-FR"},{"@type":"Organization","@id":"https:\/\/www.itakaescolapios.org\/fr\/es\/#organization","name":"Fundaci\u00f3 Itaka-Escolapios","url":"https:\/\/www.itakaescolapios.org\/fr\/es\/","logo":{"@type":"ImageObject","inLanguage":"fr-FR","@id":"https:\/\/www.itakaescolapios.org\/fr\/es\/#\/schema\/logo\/image\/","url":"https:\/\/www.itakaescolapios.org\/wp-content\/uploads\/2024\/04\/Logo-itakaescolapios-peque.png","contentUrl":"https:\/\/www.itakaescolapios.org\/wp-content\/uploads\/2024\/04\/Logo-itakaescolapios-peque.png","width":500,"height":199,"caption":"Fundaci\u00f3 Itaka-Escolapios"},"image":{"@id":"https:\/\/www.itakaescolapios.org\/fr\/es\/#\/schema\/logo\/image\/"}}]}},"_links":{"self":[{"href":"https:\/\/www.itakaescolapios.org\/fr\/wp-json\/wp\/v2\/pages\/13329","targetHints":{"allow":["GET"]}}],"collection":[{"href":"https:\/\/www.itakaescolapios.org\/fr\/wp-json\/wp\/v2\/pages"}],"about":[{"href":"https:\/\/www.itakaescolapios.org\/fr\/wp-json\/wp\/v2\/types\/page"}],"author":[{"embeddable":true,"href":"https:\/\/www.itakaescolapios.org\/fr\/wp-json\/wp\/v2\/users\/46"}],"replies":[{"embeddable":true,"href":"https:\/\/www.itakaescolapios.org\/fr\/wp-json\/wp\/v2\/comments?post=13329"}],"version-history":[{"count":37,"href":"https:\/\/www.itakaescolapios.org\/fr\/wp-json\/wp\/v2\/pages\/13329\/revisions"}],"predecessor-version":[{"id":48582,"href":"https:\/\/www.itakaescolapios.org\/fr\/wp-json\/wp\/v2\/pages\/13329\/revisions\/48582"}],"up":[{"embeddable":true,"href":"https:\/\/www.itakaescolapios.org\/fr\/wp-json\/wp\/v2\/pages\/13298"}],"wp:attachment":[{"href":"https:\/\/www.itakaescolapios.org\/fr\/wp-json\/wp\/v2\/media?parent=13329"}],"curies":[{"name":"wp","href":"https:\/\/api.w.org\/{rel}","templated":true}]}}