{"id":13381,"date":"2015-10-22T13:16:24","date_gmt":"2015-10-22T12:16:24","guid":{"rendered":"https:\/\/www.itakaescolapios.org\/?page_id=13381"},"modified":"2023-11-28T12:38:36","modified_gmt":"2023-11-28T11:38:36","slug":"la-tripulacion-itaka-escolapios","status":"publish","type":"page","link":"https:\/\/www.itakaescolapios.org\/fr\/campanas\/2015-2016-al-encuentro-de-atambua\/la-tripulacion-itaka-escolapios\/","title":{"rendered":"L'EQUIPAGE ITAKA-ESCOLAPIOS"},"content":{"rendered":"<p style=\"text-align: justify;\"><a href=\"https:\/\/www.itakaescolapios.org\/wp-content\/uploads\/2015\/10\/BARCO-COLOR-CON-FONDO.jpg\"><img decoding=\"async\" class=\"wp-image-13516 aligncenter\" alt=\"BARCO COLOR CON FONDO\" src=\"https:\/\/www.itakaescolapios.org\/wp-content\/uploads\/2015\/10\/BARCO-COLOR-CON-FONDO-1024x731.jpg\" width=\"505\" height=\"361\" srcset=\"https:\/\/www.itakaescolapios.org\/wp-content\/uploads\/2015\/10\/BARCO-COLOR-CON-FONDO-1024x731.jpg 1024w, https:\/\/www.itakaescolapios.org\/wp-content\/uploads\/2015\/10\/BARCO-COLOR-CON-FONDO-300x214.jpg 300w, https:\/\/www.itakaescolapios.org\/wp-content\/uploads\/2015\/10\/BARCO-COLOR-CON-FONDO-250x178.jpg 250w, https:\/\/www.itakaescolapios.org\/wp-content\/uploads\/2015\/10\/BARCO-COLOR-CON-FONDO.jpg 2000w\" sizes=\"(max-width: 505px) 100vw, 505px\" \/><\/a><\/p>\n<p>Nous sommes un groupes de mousses dirig\u00e9s par San Jos\u00e9 de Calasanz qui voyageons en sillonnant les mers sur notre bateau en papier, d\u00e9couvrant la r\u00e9alit\u00e9 piariste autour du monde. Cette ann\u00e9e, nous \u00a0nous sommes lanc\u00e9s dans une grande aventure, voyager \u00e0 a rencontre d&rsquo;Atambua. Avec nous, vous d\u00e9couvrirez cette merveilleuse ville d&rsquo;Indon\u00e9sie dans laquelle sont arriv\u00e9s les piaristes il y a deux ans.<\/p>\n<p><strong><span style=\"color: #ff6600;\"><a href=\"https:\/\/www.itakaescolapios.org\/wp-content\/uploads\/2015\/11\/CALASANZ.pdf\"><span style=\"color: #ff6600;\">CALASANZ<\/span><\/a><\/span><\/strong>. C&rsquo;est le capitaine du bateau, le plus haut responsable de tout ce qui arrive sur le bateau. Son r\u00f4le: remplir de \u201cpi\u00e9t\u00e9 et de lettres\u201d tous les recoins du monde.<\/p>\n<p><strong><span style=\"color: #ff6600;\"><a href=\"https:\/\/www.itakaescolapios.org\/wp-content\/uploads\/2015\/11\/LOOK.pdf\"><span style=\"color: #ff6600;\">LOOK<\/span><\/a><\/span><\/strong>, asiatique, c&rsquo;est un grand connaisseur de l&rsquo;Indon\u00e9sie. C&rsquo;est la vigie du bateau, celui charg\u00e9 de veiller et de pr\u00e9venir de tout danger qui pourrait surgir. Sur le bateau, il passe sa journ\u00e9e dans la cofa (tour de surveillance) d&rsquo;o\u00f9 il observe les possibles menaces et pr\u00e9vient de l&rsquo;arriv\u00e9e \u00e0 terre ou \u00e0 destination.<\/p>\n<p><strong><span style=\"color: #ff6600;\"><a href=\"https:\/\/www.itakaescolapios.org\/wp-content\/uploads\/2015\/11\/SUKAL.pdf\"><span style=\"color: #ff6600;\">SUKAL<\/span><\/a><\/span><\/strong>, europ\u00e9en, c&rsquo;est le cuisinier du bateau et le plus vieux des mousses. Il est charg\u00e9 de faire en sorte que tous et toutes soient bien aliment\u00e9s. Il adore surprendre avec des aliments de diff\u00e9rents pays et go\u00fbter tout type d&rsquo;ingr\u00e9dients. Son slogan est \u201cil faut mettre du sel dans la vie\u201d.<\/p>\n<p><span style=\"color: #ff6600;\"><strong><a href=\"https:\/\/www.itakaescolapios.org\/wp-content\/uploads\/2015\/11\/MARINE.pdf\"><span style=\"color: #ff6600;\">MARINE<\/span><\/a><\/strong><\/span>, africaine, malgr\u00e9 son jeune \u00e2ge est le 1er officier du bateau. C&rsquo;est elle qui, aux c\u00f4t\u00e9s du capitaine, dirige le bateau \u00e0 travers les mers et oc\u00e9ans. Elle poss\u00e8de la capacit\u00e9 de d\u00e9chiffrer les cartes, et un grand sens de l\u2019orientation, on l&rsquo;appelle le petit GPS.<\/p>\n<p><span style=\"color: #ff6600;\"><strong><a href=\"https:\/\/www.itakaescolapios.org\/wp-content\/uploads\/2015\/11\/BLA.pdf\"><span style=\"color: #ff6600;\">BLA<\/span><\/a><\/strong><\/span>, originaire d&rsquo;Am\u00e9rique Centrale, il est le t\u00e9l\u00e9graphiste. Sa mission, communiquer et diffuser tout ce qu&rsquo;il se passe. Si un bateau s&rsquo;approche, si une temp\u00eate approche, envoyer un S.O.S, envoyer des t\u00e9l\u00e9grammes aux familles pour les tenir au courant&#8230; Une curiosit\u00e9, il sait communiquer en morse.<\/p>\n<p><strong><span style=\"color: #ff6600;\"><a href=\"https:\/\/www.itakaescolapios.org\/wp-content\/uploads\/2015\/11\/JIWA.pdf\"><span style=\"color: #ff6600;\">JIWA<\/span><\/a><\/span><\/strong>, sud-am\u00e9ricaine, elle est la chef des machines. Elle responsable de la tache de maintenir en fonctionnement tous les \u00e9quipements m\u00e9caniques du bateau. Sa passion: monter, d\u00e9monter et r\u00e9parer tout ce qu&rsquo;il y a \u00e0 l&rsquo;int\u00e9rieur du bateau.<\/p>\n<p><b>Rejoindrez-vous l&rsquo;aventure. Vous voulez \u00eatre l&rsquo;un de nos moussaillons? Montez sur le bateau!<\/b><\/p>\n<p>Ci-dessous, vous pourrez trouver les \u00e9l\u00e9ments basiques pour devenir un mousse de l&rsquo;\u00e9quipage Itaka-Escalopios. D\u00e9guisez-vous et montez sur le bateau. Ensemble, nous irons \u00e0 la rencontre d&rsquo;Atambua.<\/p>\n<table style=\"width: 613px; height: 254px;\" width=\"613\" border=\"1\" cellspacing=\"0\" cellpadding=\"0\">\n<tbody>\n<tr>\n<td rowspan=\"2\" width=\"75\"><span style=\"color: #808000;\"><strong>MOUSSE<\/strong><\/span><\/td>\n<td style=\"text-align: center;\" rowspan=\"2\" width=\"112\"><strong><span style=\"color: #333333;\">BONNET<\/span><\/strong><\/td>\n<td valign=\"top\" width=\"390\"><a href=\"http:\/\/www.disfrazcasero.com\/2012\/06\/gorro-de-marinero-de-papel-para-disfraz.html\">h<\/a><a href=\"http:\/\/www.disfrazcasero.com\/2012\/06\/gorro-de-marinero-de-papel-para-disfraz.html\">ttp:\/\/www.disfrazcasero.com\/2012\/06\/gorro-de-marinero-de-papel-para-disfraz.html<\/a><\/td>\n<\/tr>\n<tr>\n<td valign=\"top\" width=\"390\"><a href=\"https:\/\/www.youtube.com\/watch?v=mxNN51bOiIM\">https:\/\/www.youtube.com\/watch?v=mxNN51bOiIM<\/a><\/td>\n<\/tr>\n<tr>\n<td rowspan=\"4\" width=\"75\"><span style=\"color: #808000;\"><strong>LOOK<\/strong><\/span><\/td>\n<td style=\"text-align: center;\" rowspan=\"2\" width=\"112\"><span style=\"color: #333333;\"><strong>LONGUE VUE<\/strong><\/span><\/td>\n<td valign=\"top\" width=\"390\"><a href=\"http:\/\/www.dibujosparapintar.com\/manualidades_catalejo.html\">h<\/a><a href=\"http:\/\/www.dibujosparapintar.com\/manualidades_catalejo.html\">ttp:\/\/www.dibujosparapintar.com\/manualidades_catalejo.html<\/a><\/td>\n<\/tr>\n<tr>\n<td valign=\"top\" width=\"390\"><a href=\"http:\/\/manualidades.euroresidentes.com\/2013\/05\/como-hacer-un-catalejo-casero.html\">h<\/a><a href=\"http:\/\/manualidades.euroresidentes.com\/2013\/05\/como-hacer-un-catalejo-casero.html\">ttp:\/\/manualidades.euroresidentes.com\/2013\/05\/como-hacer-un-catalejo-casero.html<\/a><\/td>\n<\/tr>\n<tr>\n<td style=\"text-align: center;\" rowspan=\"2\" width=\"112\"><strong><span style=\"color: #333333;\">KALEIDOSCOPE<\/span><\/strong><\/td>\n<td valign=\"top\" width=\"390\"><a href=\"https:\/\/www.youtube.com\/watch?v=Vj1wNMPTSEM\">https:\/\/www.youtube.com\/watch?v=Vj1wNMPTSEM<\/a><\/td>\n<\/tr>\n<tr>\n<td valign=\"top\" width=\"390\"><a href=\"https:\/\/www.youtube.com\/watch?v=oVyuSDSB0A8\">https:\/\/www.youtube.com\/watch?v=oVyuSDSB0A8<\/a><\/td>\n<\/tr>\n<tr>\n<td width=\"75\"><strong><span style=\"color: #808000;\">MARINE<\/span><\/strong><\/td>\n<td style=\"text-align: center;\" width=\"112\"><strong><span style=\"color: #333333;\">GOUVERNAIL DE BATEU<\/span><\/strong><\/td>\n<td valign=\"top\" width=\"390\"><a href=\"http:\/\/www.aventurasencasa.com\/recursos\/timon\">http:\/\/www.aventurasencasa.com\/recursos\/timon<\/a><\/td>\n<\/tr>\n<tr>\n<td rowspan=\"2\" width=\"75\"><strong><span style=\"color: #808000;\">SUKAL<\/span><\/strong><\/td>\n<td style=\"text-align: center;\" rowspan=\"2\" width=\"112\"><strong><span style=\"color: #333333;\">BONNET DE CHEF<\/span><\/strong><\/td>\n<td valign=\"top\" width=\"390\"><a href=\"http:\/\/www.guiademanualidades.com\/sombrero-de-chef-para-ninos-26745.htm\">http:\/\/www.guiademanualidades.com\/sombrero-de-chef-para-ninos-26745.htm<\/a><\/td>\n<\/tr>\n<tr>\n<td valign=\"top\" width=\"390\"><a href=\"https:\/\/www.youtube.com\/watch?v=oVyuSDSB0A8\">https:\/\/www.youtube.com\/watch?v=oVyuSDSB0A8<\/a><\/td>\n<\/tr>\n<tr>\n<td rowspan=\"2\" width=\"75\"><strong><span style=\"color: #808000;\">BLA<\/span><\/strong><\/td>\n<td style=\"text-align: center;\" rowspan=\"2\" width=\"112\"><strong><span style=\"color: #333333;\">DISPOSITIF \u00a0 MORSE<\/span><\/strong><\/td>\n<td valign=\"top\" width=\"390\"><a href=\"https:\/\/es.answers.yahoo.com\/question\/index?qid=20080929194250AAz9soV\">https:\/\/es.answers.yahoo.com\/question\/index?qid=20080929194250AAz9soV<\/a><\/td>\n<\/tr>\n<tr>\n<td valign=\"top\" width=\"390\"><a href=\"http:\/\/www.ehowenespanol.com\/construir-manipulador-practicar-codigo-morse-como_194702\/\">http:\/\/www.ehowenespanol.com\/construir-manipulador-practicar-codigo-morse-como_194702\/<\/a><\/td>\n<\/tr>\n<tr>\n<td width=\"75\"><strong><span style=\"color: #808000;\">JIWA<\/span><\/strong><\/td>\n<td style=\"text-align: center;\" width=\"112\"><strong><span style=\"color: #333333;\">OUTILS<\/span><\/strong><\/td>\n<td valign=\"top\" width=\"390\"><a href=\"https:\/\/www.itakaescolapios.org\/wp-content\/uploads\/2015\/10\/Herramientas.pdf\">HERRAMIENTAS<\/a><\/td>\n<\/tr>\n<\/tbody>\n<\/table>\n","protected":false},"excerpt":{"rendered":"<p>Nous sommes un groupes de mousses dirig\u00e9s par San Jos\u00e9 de Calasanz qui voyageons en sillonnant les mers sur notre bateau en papier, d\u00e9couvrant la r\u00e9alit\u00e9 piariste autour du monde. [&hellip;]<\/p>\n","protected":false},"author":46,"featured_media":0,"parent":13298,"menu_order":4,"comment_status":"closed","ping_status":"closed","template":"","meta":{"_et_pb_use_builder":"","_et_pb_old_content":"","_et_gb_content_width":"","footnotes":""},"class_list":["post-13381","page","type-page","status-publish","hentry"],"yoast_head":"<!-- This site is optimized with the Yoast SEO plugin v27.4 - https:\/\/yoast.com\/product\/yoast-seo-wordpress\/ -->\n<title>L&#039;EQUIPAGE ITAKA-ESCOLAPIOS<\/title>\n<meta name=\"description\" content=\"Nous sommes un groupes de mousses dirig\u00e9s par San Jos\u00e9 de Calasanz qui voyageons en sillonnant les mers sur notre bateau en papier, d\u00e9couvrant la r\u00e9alit\u00e9 piariste autour du monde. Cette ann\u00e9e, nous \u00a0nous sommes lanc\u00e9s dans une grande aventure, voyager \u00e0 a rencontre d&#039;Atambua. Avec nous, vous d\u00e9couvrirez cette merveilleuse ville d&#039;Indon\u00e9sie dans laquelle\u2026\" \/>\n<meta name=\"robots\" content=\"index, follow, max-snippet:-1, max-image-preview:large, max-video-preview:-1\" \/>\n<link rel=\"canonical\" href=\"http:\/\/Nous%20sommes%20un%20groupes%20de%20mousses%20dirig\u00e9s%20par%20San%20Jos\u00e9%20de%20Calasanz%20qui%20voyageons%20en%20sillonnant%20les%20mers%20sur%20notre%20bateau%20en%20papier,%20d\u00e9couvrant%20la%20r\u00e9alit\u00e9%20piariste%20autour%20du%20monde.%20Cette%20ann\u00e9e,%20nous%20\u00a0nous%20sommes%20lanc\u00e9s%20dans%20une%20grande%20aventure,%20voyager%20\u00e0%20a%20rencontre%20d'Atambua.%20Avec%20nous,%20vous%20d\u00e9couvrirez%20cette%20merveilleuse%20ville%20d'Indon\u00e9sie%20dans%20laquelle\u2026\" \/>\n<meta property=\"og:locale\" content=\"fr_FR\" \/>\n<meta property=\"og:type\" content=\"article\" \/>\n<meta property=\"og:title\" content=\"L&#039;EQUIPAGE ITAKA-ESCOLAPIOS\" \/>\n<meta property=\"og:description\" content=\"Nous sommes un groupes de mousses dirig\u00e9s par San Jos\u00e9 de Calasanz qui voyageons en sillonnant les mers sur notre bateau en papier, d\u00e9couvrant la r\u00e9alit\u00e9 piariste autour du monde. Cette ann\u00e9e, nous \u00a0nous sommes lanc\u00e9s dans une grande aventure, voyager \u00e0 a rencontre d&#039;Atambua. Avec nous, vous d\u00e9couvrirez cette merveilleuse ville d&#039;Indon\u00e9sie dans laquelle\u2026\" \/>\n<meta property=\"og:url\" content=\"https:\/\/www.itakaescolapios.org\/fr\/campanas\/2015-2016-al-encuentro-de-atambua\/la-tripulacion-itaka-escolapios\/\" \/>\n<meta property=\"og:site_name\" content=\"Itaka-Escolapios\" \/>\n<meta property=\"article:modified_time\" content=\"2023-11-28T11:38:36+00:00\" \/>\n<meta property=\"og:image\" content=\"https:\/\/www.itakaescolapios.org\/wp-content\/uploads\/2015\/10\/BARCO-COLOR-CON-FONDO.jpg\" \/>\n\t<meta property=\"og:image:width\" content=\"2000\" \/>\n\t<meta property=\"og:image:height\" content=\"1429\" \/>\n\t<meta property=\"og:image:type\" content=\"image\/jpeg\" \/>\n<meta name=\"twitter:card\" content=\"summary_large_image\" \/>\n<meta name=\"twitter:label1\" content=\"Dur\u00e9e de lecture estim\u00e9e\" \/>\n\t<meta name=\"twitter:data1\" content=\"2 minutes\" \/>\n<script type=\"application\/ld+json\" class=\"yoast-schema-graph\">{\"@context\":\"https:\\\/\\\/schema.org\",\"@graph\":[{\"@type\":\"WebPage\",\"@id\":\"https:\\\/\\\/www.itakaescolapios.org\\\/fr\\\/campanas\\\/2015-2016-al-encuentro-de-atambua\\\/la-tripulacion-itaka-escolapios\\\/\",\"url\":\"https:\\\/\\\/www.itakaescolapios.org\\\/fr\\\/campanas\\\/2015-2016-al-encuentro-de-atambua\\\/la-tripulacion-itaka-escolapios\\\/\",\"name\":\"LA TRIPULACI\u00d3N ITAKA-ESCOLAPIOS - Itaka-Escolapios\",\"isPartOf\":{\"@id\":\"https:\\\/\\\/www.itakaescolapios.org\\\/es\\\/#website\"},\"primaryImageOfPage\":{\"@id\":\"https:\\\/\\\/www.itakaescolapios.org\\\/fr\\\/campanas\\\/2015-2016-al-encuentro-de-atambua\\\/la-tripulacion-itaka-escolapios\\\/#primaryimage\"},\"image\":{\"@id\":\"https:\\\/\\\/www.itakaescolapios.org\\\/fr\\\/campanas\\\/2015-2016-al-encuentro-de-atambua\\\/la-tripulacion-itaka-escolapios\\\/#primaryimage\"},\"thumbnailUrl\":\"https:\\\/\\\/www.itakaescolapios.org\\\/wp-content\\\/uploads\\\/2015\\\/10\\\/BARCO-COLOR-CON-FONDO-1024x731.jpg\",\"datePublished\":\"2015-10-22T12:16:24+00:00\",\"dateModified\":\"2023-11-28T11:38:36+00:00\",\"breadcrumb\":{\"@id\":\"https:\\\/\\\/www.itakaescolapios.org\\\/fr\\\/campanas\\\/2015-2016-al-encuentro-de-atambua\\\/la-tripulacion-itaka-escolapios\\\/#breadcrumb\"},\"inLanguage\":\"fr-FR\",\"potentialAction\":[{\"@type\":\"ReadAction\",\"target\":[\"https:\\\/\\\/www.itakaescolapios.org\\\/fr\\\/campanas\\\/2015-2016-al-encuentro-de-atambua\\\/la-tripulacion-itaka-escolapios\\\/\"]}]},{\"@type\":\"ImageObject\",\"inLanguage\":\"fr-FR\",\"@id\":\"https:\\\/\\\/www.itakaescolapios.org\\\/fr\\\/campanas\\\/2015-2016-al-encuentro-de-atambua\\\/la-tripulacion-itaka-escolapios\\\/#primaryimage\",\"url\":\"https:\\\/\\\/www.itakaescolapios.org\\\/wp-content\\\/uploads\\\/2015\\\/10\\\/BARCO-COLOR-CON-FONDO-1024x731.jpg\",\"contentUrl\":\"https:\\\/\\\/www.itakaescolapios.org\\\/wp-content\\\/uploads\\\/2015\\\/10\\\/BARCO-COLOR-CON-FONDO-1024x731.jpg\"},{\"@type\":\"BreadcrumbList\",\"@id\":\"https:\\\/\\\/www.itakaescolapios.org\\\/fr\\\/campanas\\\/2015-2016-al-encuentro-de-atambua\\\/la-tripulacion-itaka-escolapios\\\/#breadcrumb\",\"itemListElement\":[{\"@type\":\"ListItem\",\"position\":1,\"name\":\"Itaka-Escolapios\",\"item\":\"https:\\\/\\\/www.itakaescolapios.org\\\/es\\\/\"},{\"@type\":\"ListItem\",\"position\":2,\"name\":\"Campagnes\",\"item\":\"https:\\\/\\\/www.itakaescolapios.org\\\/es\\\/campanas\\\/\"},{\"@type\":\"ListItem\",\"position\":3,\"name\":\"2015-2016 A LA RENCONTRE D'ATAMBUA\",\"item\":\"https:\\\/\\\/www.itakaescolapios.org\\\/es\\\/campanas\\\/2015-2016-al-encuentro-de-atambua\\\/\"},{\"@type\":\"ListItem\",\"position\":4,\"name\":\"L'EQUIPAGE ITAKA-ESCOLAPIOS\"}]},{\"@type\":\"WebSite\",\"@id\":\"https:\\\/\\\/www.itakaescolapios.org\\\/fr\\\/es\\\/#website\",\"url\":\"https:\\\/\\\/www.itakaescolapios.org\\\/fr\\\/es\\\/\",\"name\":\"Itaka-Escolapios\",\"description\":\"Red de Itaka-Escolapios\",\"publisher\":{\"@id\":\"https:\\\/\\\/www.itakaescolapios.org\\\/fr\\\/es\\\/#organization\"},\"potentialAction\":[{\"@type\":\"SearchAction\",\"target\":{\"@type\":\"EntryPoint\",\"urlTemplate\":\"https:\\\/\\\/www.itakaescolapios.org\\\/fr\\\/es\\\/?s={search_term_string}\"},\"query-input\":{\"@type\":\"PropertyValueSpecification\",\"valueRequired\":true,\"valueName\":\"search_term_string\"}}],\"inLanguage\":\"fr-FR\"},{\"@type\":\"Organization\",\"@id\":\"https:\\\/\\\/www.itakaescolapios.org\\\/fr\\\/es\\\/#organization\",\"name\":\"Fundaci\u00f3 Itaka-Escolapios\",\"url\":\"https:\\\/\\\/www.itakaescolapios.org\\\/fr\\\/es\\\/\",\"logo\":{\"@type\":\"ImageObject\",\"inLanguage\":\"fr-FR\",\"@id\":\"https:\\\/\\\/www.itakaescolapios.org\\\/fr\\\/es\\\/#\\\/schema\\\/logo\\\/image\\\/\",\"url\":\"https:\\\/\\\/www.itakaescolapios.org\\\/wp-content\\\/uploads\\\/2024\\\/04\\\/Logo-itakaescolapios-peque.png\",\"contentUrl\":\"https:\\\/\\\/www.itakaescolapios.org\\\/wp-content\\\/uploads\\\/2024\\\/04\\\/Logo-itakaescolapios-peque.png\",\"width\":500,\"height\":199,\"caption\":\"Fundaci\u00f3 Itaka-Escolapios\"},\"image\":{\"@id\":\"https:\\\/\\\/www.itakaescolapios.org\\\/fr\\\/es\\\/#\\\/schema\\\/logo\\\/image\\\/\"}}]}<\/script>\n<!-- \/ Yoast SEO plugin. -->","yoast_head_json":{"title":"L'EQUIPAGE ITAKA-ESCOLAPIOS","description":"Nous sommes un groupes de mousses dirig\u00e9s par San Jos\u00e9 de Calasanz qui voyageons en sillonnant les mers sur notre bateau en papier, d\u00e9couvrant la r\u00e9alit\u00e9 piariste autour du monde. Cette ann\u00e9e, nous \u00a0nous sommes lanc\u00e9s dans une grande aventure, voyager \u00e0 a rencontre d'Atambua. Avec nous, vous d\u00e9couvrirez cette merveilleuse ville d'Indon\u00e9sie dans laquelle\u2026","robots":{"index":"index","follow":"follow","max-snippet":"max-snippet:-1","max-image-preview":"max-image-preview:large","max-video-preview":"max-video-preview:-1"},"canonical":"Nous sommes un groupes de mousses dirig\u00e9s par San Jos\u00e9 de Calasanz qui voyageons en sillonnant les mers sur notre bateau en papier, d\u00e9couvrant la r\u00e9alit\u00e9 piariste autour du monde. Cette ann\u00e9e, nous \u00a0nous sommes lanc\u00e9s dans une grande aventure, voyager \u00e0 a rencontre d'Atambua. Avec nous, vous d\u00e9couvrirez cette merveilleuse ville d'Indon\u00e9sie dans laquelle\u2026","og_locale":"fr_FR","og_type":"article","og_title":"L'EQUIPAGE ITAKA-ESCOLAPIOS","og_description":"Nous sommes un groupes de mousses dirig\u00e9s par San Jos\u00e9 de Calasanz qui voyageons en sillonnant les mers sur notre bateau en papier, d\u00e9couvrant la r\u00e9alit\u00e9 piariste autour du monde. Cette ann\u00e9e, nous \u00a0nous sommes lanc\u00e9s dans une grande aventure, voyager \u00e0 a rencontre d'Atambua. Avec nous, vous d\u00e9couvrirez cette merveilleuse ville d'Indon\u00e9sie dans laquelle\u2026","og_url":"https:\/\/www.itakaescolapios.org\/fr\/campanas\/2015-2016-al-encuentro-de-atambua\/la-tripulacion-itaka-escolapios\/","og_site_name":"Itaka-Escolapios","article_modified_time":"2023-11-28T11:38:36+00:00","og_image":[{"width":2000,"height":1429,"url":"https:\/\/www.itakaescolapios.org\/wp-content\/uploads\/2015\/10\/BARCO-COLOR-CON-FONDO.jpg","type":"image\/jpeg"}],"twitter_card":"summary_large_image","twitter_misc":{"Dur\u00e9e de lecture estim\u00e9e":"2 minutes"},"schema":{"@context":"https:\/\/schema.org","@graph":[{"@type":"WebPage","@id":"https:\/\/www.itakaescolapios.org\/fr\/campanas\/2015-2016-al-encuentro-de-atambua\/la-tripulacion-itaka-escolapios\/","url":"https:\/\/www.itakaescolapios.org\/fr\/campanas\/2015-2016-al-encuentro-de-atambua\/la-tripulacion-itaka-escolapios\/","name":"LA TRIPULACI\u00d3N ITAKA-ESCOLAPIOS - Itaka-Escolapios","isPartOf":{"@id":"https:\/\/www.itakaescolapios.org\/es\/#website"},"primaryImageOfPage":{"@id":"https:\/\/www.itakaescolapios.org\/fr\/campanas\/2015-2016-al-encuentro-de-atambua\/la-tripulacion-itaka-escolapios\/#primaryimage"},"image":{"@id":"https:\/\/www.itakaescolapios.org\/fr\/campanas\/2015-2016-al-encuentro-de-atambua\/la-tripulacion-itaka-escolapios\/#primaryimage"},"thumbnailUrl":"https:\/\/www.itakaescolapios.org\/wp-content\/uploads\/2015\/10\/BARCO-COLOR-CON-FONDO-1024x731.jpg","datePublished":"2015-10-22T12:16:24+00:00","dateModified":"2023-11-28T11:38:36+00:00","breadcrumb":{"@id":"https:\/\/www.itakaescolapios.org\/fr\/campanas\/2015-2016-al-encuentro-de-atambua\/la-tripulacion-itaka-escolapios\/#breadcrumb"},"inLanguage":"fr-FR","potentialAction":[{"@type":"ReadAction","target":["https:\/\/www.itakaescolapios.org\/fr\/campanas\/2015-2016-al-encuentro-de-atambua\/la-tripulacion-itaka-escolapios\/"]}]},{"@type":"ImageObject","inLanguage":"fr-FR","@id":"https:\/\/www.itakaescolapios.org\/fr\/campanas\/2015-2016-al-encuentro-de-atambua\/la-tripulacion-itaka-escolapios\/#primaryimage","url":"https:\/\/www.itakaescolapios.org\/wp-content\/uploads\/2015\/10\/BARCO-COLOR-CON-FONDO-1024x731.jpg","contentUrl":"https:\/\/www.itakaescolapios.org\/wp-content\/uploads\/2015\/10\/BARCO-COLOR-CON-FONDO-1024x731.jpg"},{"@type":"BreadcrumbList","@id":"https:\/\/www.itakaescolapios.org\/fr\/campanas\/2015-2016-al-encuentro-de-atambua\/la-tripulacion-itaka-escolapios\/#breadcrumb","itemListElement":[{"@type":"ListItem","position":1,"name":"Itaka-Escolapios","item":"https:\/\/www.itakaescolapios.org\/es\/"},{"@type":"ListItem","position":2,"name":"Campagnes","item":"https:\/\/www.itakaescolapios.org\/es\/campanas\/"},{"@type":"ListItem","position":3,"name":"2015-2016 A LA RENCONTRE D'ATAMBUA","item":"https:\/\/www.itakaescolapios.org\/es\/campanas\/2015-2016-al-encuentro-de-atambua\/"},{"@type":"ListItem","position":4,"name":"L'EQUIPAGE ITAKA-ESCOLAPIOS"}]},{"@type":"WebSite","@id":"https:\/\/www.itakaescolapios.org\/fr\/es\/#website","url":"https:\/\/www.itakaescolapios.org\/fr\/es\/","name":"Itaka-Escolapios","description":"Red de Itaka-Escolapios","publisher":{"@id":"https:\/\/www.itakaescolapios.org\/fr\/es\/#organization"},"potentialAction":[{"@type":"SearchAction","target":{"@type":"EntryPoint","urlTemplate":"https:\/\/www.itakaescolapios.org\/fr\/es\/?s={search_term_string}"},"query-input":{"@type":"PropertyValueSpecification","valueRequired":true,"valueName":"search_term_string"}}],"inLanguage":"fr-FR"},{"@type":"Organization","@id":"https:\/\/www.itakaescolapios.org\/fr\/es\/#organization","name":"Fundaci\u00f3 Itaka-Escolapios","url":"https:\/\/www.itakaescolapios.org\/fr\/es\/","logo":{"@type":"ImageObject","inLanguage":"fr-FR","@id":"https:\/\/www.itakaescolapios.org\/fr\/es\/#\/schema\/logo\/image\/","url":"https:\/\/www.itakaescolapios.org\/wp-content\/uploads\/2024\/04\/Logo-itakaescolapios-peque.png","contentUrl":"https:\/\/www.itakaescolapios.org\/wp-content\/uploads\/2024\/04\/Logo-itakaescolapios-peque.png","width":500,"height":199,"caption":"Fundaci\u00f3 Itaka-Escolapios"},"image":{"@id":"https:\/\/www.itakaescolapios.org\/fr\/es\/#\/schema\/logo\/image\/"}}]}},"_links":{"self":[{"href":"https:\/\/www.itakaescolapios.org\/fr\/wp-json\/wp\/v2\/pages\/13381","targetHints":{"allow":["GET"]}}],"collection":[{"href":"https:\/\/www.itakaescolapios.org\/fr\/wp-json\/wp\/v2\/pages"}],"about":[{"href":"https:\/\/www.itakaescolapios.org\/fr\/wp-json\/wp\/v2\/types\/page"}],"author":[{"embeddable":true,"href":"https:\/\/www.itakaescolapios.org\/fr\/wp-json\/wp\/v2\/users\/46"}],"replies":[{"embeddable":true,"href":"https:\/\/www.itakaescolapios.org\/fr\/wp-json\/wp\/v2\/comments?post=13381"}],"version-history":[{"count":37,"href":"https:\/\/www.itakaescolapios.org\/fr\/wp-json\/wp\/v2\/pages\/13381\/revisions"}],"predecessor-version":[{"id":48580,"href":"https:\/\/www.itakaescolapios.org\/fr\/wp-json\/wp\/v2\/pages\/13381\/revisions\/48580"}],"up":[{"embeddable":true,"href":"https:\/\/www.itakaescolapios.org\/fr\/wp-json\/wp\/v2\/pages\/13298"}],"wp:attachment":[{"href":"https:\/\/www.itakaescolapios.org\/fr\/wp-json\/wp\/v2\/media?parent=13381"}],"curies":[{"name":"wp","href":"https:\/\/api.w.org\/{rel}","templated":true}]}}