{"id":13533,"date":"2015-11-03T16:05:01","date_gmt":"2015-11-03T15:05:01","guid":{"rendered":"https:\/\/www.itakaescolapios.org\/?page_id=13533"},"modified":"2023-11-28T12:38:35","modified_gmt":"2023-11-28T11:38:35","slug":"el-barco-de-la-tripulacion-itaka-escolapios","status":"publish","type":"page","link":"https:\/\/www.itakaescolapios.org\/fr\/el-barco-de-la-tripulacion-itaka-escolapios\/","title":{"rendered":"LE BATEAU DE L'EQUIPAGE ITAKA-ESCOLAPIOS"},"content":{"rendered":"<p style=\"text-align: justify;\"><a href=\"https:\/\/www.itakaescolapios.org\/wp-content\/uploads\/2015\/11\/BARCO.png\"><img decoding=\"async\" class=\"wp-image-13661 aligncenter\" alt=\"BARCO\" src=\"https:\/\/www.itakaescolapios.org\/wp-content\/uploads\/2015\/11\/BARCO-1024x737.png\" width=\"491\" height=\"354\" srcset=\"https:\/\/www.itakaescolapios.org\/wp-content\/uploads\/2015\/11\/BARCO-1024x737.png 1024w, https:\/\/www.itakaescolapios.org\/wp-content\/uploads\/2015\/11\/BARCO-300x216.png 300w, https:\/\/www.itakaescolapios.org\/wp-content\/uploads\/2015\/11\/BARCO-250x180.png 250w, https:\/\/www.itakaescolapios.org\/wp-content\/uploads\/2015\/11\/BARCO.png 1183w\" sizes=\"(max-width: 491px) 100vw, 491px\" \/><\/a><\/p>\n<p>Look, Sukal, Jiwa, Marine et Bla sont les membres de l&rsquo;\u00e9quipage Itaka-Escolapios, qui avec pour capitaine Calasanz, voyageront d\u00e8s maintenant \u00e0 travers Les mers et oc\u00e9ans du monde pour nous pr\u00e9senter les projets de notre r\u00e9seau de solidarit\u00e9.<\/p>\n<p>Nous proposons dans cet apart\u00e9 une double activit\u00e9:<\/p>\n<ul>\n<li>Nous vous invitons \u00e0 travailler la r\u00e9alit\u00e9 de l&rsquo;Indon\u00e9sie et en particulier d&rsquo;Atambua. Cherchez sur Internet, dans les journaux (anglais), wikipedia&#8230; l&rsquo;information et les nouvelles du pays et de la ville. Une fois l&rsquo;activit\u00e9 termin\u00e9e, nous vous invitons \u00e0 construire des bateaux en papier avec lesquels d\u00e9corer la salle, comme symbole de sortir A LA RENCONTRE D&rsquo;ATAMBUA.<\/li>\n<li>En second lieu, nous vous proposons de faire un bateau en papier g\u00e9ant dans lequel puisse entrer les personnes de la classe. Procurez-vous des fiches cartonn\u00e9es ou des d\u00e9coupes grandes de papier kraft et joignez-les (cherchez des mesures qui vous permettent de faire un bateau en papier).<\/li>\n<\/ul>\n<p>Ecrire sur un papier g\u00e9ant une phrase dans laquelle nous remercions et interc\u00e9dons pour notre mission \u00e0 Atambua. Cherchez de l&rsquo;information sur l&rsquo;Indon\u00e9sie, des nouvelles, des photos&#8230; collez le tout sur du papier kraft, des fiches cartonn\u00e9es&#8230; pliez&#8230; et construisez votre propre bateau en papier pour silloner les mers et aller \u00e0 la RENCONTRE D&rsquo;ATAMBUA.<\/p>\n<p>Enfin, nous vous invitons \u00e0 prendre une photo de votre groupe de mousses avec votre bateau \u201cItaja-Escolapios\u201d et de la partager avec nous en envoyant un mail \u00e0\u00a0<a href=\"mailto:solidarity@itakaescolapios.org\">solidarity@itakaescolapios.org<\/a><\/p>\n<p>Voici quelques liens qui peuvent vous \u00eatre utiles pour la recherche d&rsquo;information. Et des photos de la r\u00e9alit\u00e9 d&rsquo;Atambua<\/p>\n<p><a href=\"https:\/\/es.wikipedia.org\/wiki\/Indonesia\">https:\/\/es.wikipedia.org\/wiki\/Indonesia<\/a><\/p>\n<p><a href=\"http:\/\/escolapiosbetania.wix.com\/indonesia\">http:\/\/escolapiosbetania.wix.com\/indonesia<\/a><\/p>\n<p><a href=\"https:\/\/www.google.es\/maps\/place\/Belu+Regency,+East+Nusa+Tenggara,+Indonesia\/@-9.1757576,124.7122895,10z\/data=!3m1!4b1!4m2!3m1!1s0x2cff0a519b0da6d5:0xedb02b9463fda618\">https:\/\/www.google.es\/maps\/place\/Belu+Regency,+East+Nusa+Tenggara,+Indonesia\/@-9.1757576,124.7122895,10z\/data=!3m1!4b1!4m2!3m1!1s0x2cff0a519b0da6d5:0xedb02b9463fda618<\/a><\/p>\n<p><a href=\"http:\/\/www.thejakartapost.com\/\">http:\/\/www.thejakartapost.com\/<\/a><\/p>\n<p>Comment r\u00e9aliser un bateau en papier?\u00a0<a href=\"https:\/\/www.itakaescolapios.org\/wp-content\/uploads\/2015\/11\/COMO-HACER-UN-BARCO-DE-PAPEL.pdf\">T\u00e9l\u00e9chargez le pdf<\/a><\/p>\n<p style=\"text-align: justify;\">\n<p style=\"text-align: justify;\">\n","protected":false},"excerpt":{"rendered":"<p>Look, Sukal, Jiwa, Marine et Bla sont les membres de l&rsquo;\u00e9quipage Itaka-Escolapios, qui avec pour capitaine Calasanz, voyageront d\u00e8s maintenant \u00e0 travers Les mers et oc\u00e9ans du monde pour nous [&hellip;]<\/p>\n","protected":false},"author":46,"featured_media":0,"parent":0,"menu_order":0,"comment_status":"closed","ping_status":"closed","template":"","meta":{"_et_pb_use_builder":"","_et_pb_old_content":"","_et_gb_content_width":"","footnotes":""},"class_list":["post-13533","page","type-page","status-publish","hentry"],"yoast_head":"<!-- This site is optimized with the Yoast SEO plugin v27.3 - https:\/\/yoast.com\/product\/yoast-seo-wordpress\/ -->\n<title>LE BATEAU DE L&#039;EQUIPAGE ITAKA-ESCOLAPIOS<\/title>\n<meta name=\"description\" content=\"Look, Sukal, Jiwa, Marine et Bla sont les membres de l&#039;\u00e9quipage Itaka-Escolapios, qui avec pour capitaine Calasanz, voyageront d\u00e8s maintenant \u00e0 travers Les mers et oc\u00e9ans du monde pour nous pr\u00e9senter les projets de notre r\u00e9seau de solidarit\u00e9. Nous proposons dans cet apart\u00e9 une double activit\u00e9: Nous vous invitons \u00e0 travailler la r\u00e9alit\u00e9 de l&#039;Indon\u00e9sie\u2026\" \/>\n<meta name=\"robots\" content=\"index, follow, max-snippet:-1, max-image-preview:large, max-video-preview:-1\" \/>\n<link rel=\"canonical\" href=\"\" \/>\n<meta property=\"og:locale\" content=\"fr_FR\" \/>\n<meta property=\"og:type\" content=\"article\" \/>\n<meta property=\"og:title\" content=\"LE BATEAU DE L&#039;EQUIPAGE ITAKA-ESCOLAPIOS\" \/>\n<meta property=\"og:description\" content=\"Look, Sukal, Jiwa, Marine et Bla sont les membres de l&#039;\u00e9quipage Itaka-Escolapios, qui avec pour capitaine Calasanz, voyageront d\u00e8s maintenant \u00e0 travers Les mers et oc\u00e9ans du monde pour nous pr\u00e9senter les projets de notre r\u00e9seau de solidarit\u00e9. Nous proposons dans cet apart\u00e9 une double activit\u00e9: Nous vous invitons \u00e0 travailler la r\u00e9alit\u00e9 de l&#039;Indon\u00e9sie\u2026\" \/>\n<meta property=\"og:url\" content=\"https:\/\/www.itakaescolapios.org\/fr\/el-barco-de-la-tripulacion-itaka-escolapios\/\" \/>\n<meta property=\"og:site_name\" content=\"Itaka-Escolapios\" \/>\n<meta property=\"article:modified_time\" content=\"2023-11-28T11:38:35+00:00\" \/>\n<meta property=\"og:image\" content=\"https:\/\/www.itakaescolapios.org\/wp-content\/uploads\/2015\/11\/BARCO.png\" \/>\n\t<meta property=\"og:image:width\" content=\"1183\" \/>\n\t<meta property=\"og:image:height\" content=\"852\" \/>\n\t<meta property=\"og:image:type\" content=\"image\/png\" \/>\n<meta name=\"twitter:card\" content=\"summary_large_image\" \/>\n<meta name=\"twitter:label1\" content=\"Dur\u00e9e de lecture estim\u00e9e\" \/>\n\t<meta name=\"twitter:data1\" content=\"1 minute\" \/>\n<script type=\"application\/ld+json\" class=\"yoast-schema-graph\">{\"@context\":\"https:\\\/\\\/schema.org\",\"@graph\":[{\"@type\":\"WebPage\",\"@id\":\"https:\\\/\\\/www.itakaescolapios.org\\\/fr\\\/el-barco-de-la-tripulacion-itaka-escolapios\\\/\",\"url\":\"https:\\\/\\\/www.itakaescolapios.org\\\/fr\\\/el-barco-de-la-tripulacion-itaka-escolapios\\\/\",\"name\":\"EL BARCO DE LA TRIPULACI\u00d3N ITAKA - ESCOLAPIOS - Itaka-Escolapios\",\"isPartOf\":{\"@id\":\"https:\\\/\\\/www.itakaescolapios.org\\\/es\\\/#website\"},\"primaryImageOfPage\":{\"@id\":\"https:\\\/\\\/www.itakaescolapios.org\\\/fr\\\/el-barco-de-la-tripulacion-itaka-escolapios\\\/#primaryimage\"},\"image\":{\"@id\":\"https:\\\/\\\/www.itakaescolapios.org\\\/fr\\\/el-barco-de-la-tripulacion-itaka-escolapios\\\/#primaryimage\"},\"thumbnailUrl\":\"https:\\\/\\\/www.itakaescolapios.org\\\/wp-content\\\/uploads\\\/2015\\\/11\\\/BARCO-1024x737.png\",\"datePublished\":\"2015-11-03T15:05:01+00:00\",\"dateModified\":\"2023-11-28T11:38:35+00:00\",\"breadcrumb\":{\"@id\":\"https:\\\/\\\/www.itakaescolapios.org\\\/fr\\\/el-barco-de-la-tripulacion-itaka-escolapios\\\/#breadcrumb\"},\"inLanguage\":\"fr-FR\",\"potentialAction\":[{\"@type\":\"ReadAction\",\"target\":[\"https:\\\/\\\/www.itakaescolapios.org\\\/fr\\\/el-barco-de-la-tripulacion-itaka-escolapios\\\/\"]}]},{\"@type\":\"ImageObject\",\"inLanguage\":\"fr-FR\",\"@id\":\"https:\\\/\\\/www.itakaescolapios.org\\\/fr\\\/el-barco-de-la-tripulacion-itaka-escolapios\\\/#primaryimage\",\"url\":\"https:\\\/\\\/www.itakaescolapios.org\\\/wp-content\\\/uploads\\\/2015\\\/11\\\/BARCO-1024x737.png\",\"contentUrl\":\"https:\\\/\\\/www.itakaescolapios.org\\\/wp-content\\\/uploads\\\/2015\\\/11\\\/BARCO-1024x737.png\"},{\"@type\":\"BreadcrumbList\",\"@id\":\"https:\\\/\\\/www.itakaescolapios.org\\\/fr\\\/el-barco-de-la-tripulacion-itaka-escolapios\\\/#breadcrumb\",\"itemListElement\":[{\"@type\":\"ListItem\",\"position\":1,\"name\":\"Itaka-Escolapios\",\"item\":\"https:\\\/\\\/www.itakaescolapios.org\\\/es\\\/\"},{\"@type\":\"ListItem\",\"position\":2,\"name\":\"LE BATEAU DE L'EQUIPAGE ITAKA-ESCOLAPIOS\"}]},{\"@type\":\"WebSite\",\"@id\":\"https:\\\/\\\/www.itakaescolapios.org\\\/fr\\\/es\\\/#website\",\"url\":\"https:\\\/\\\/www.itakaescolapios.org\\\/fr\\\/es\\\/\",\"name\":\"Itaka-Escolapios\",\"description\":\"Red de Itaka-Escolapios\",\"publisher\":{\"@id\":\"https:\\\/\\\/www.itakaescolapios.org\\\/fr\\\/es\\\/#organization\"},\"potentialAction\":[{\"@type\":\"SearchAction\",\"target\":{\"@type\":\"EntryPoint\",\"urlTemplate\":\"https:\\\/\\\/www.itakaescolapios.org\\\/fr\\\/es\\\/?s={search_term_string}\"},\"query-input\":{\"@type\":\"PropertyValueSpecification\",\"valueRequired\":true,\"valueName\":\"search_term_string\"}}],\"inLanguage\":\"fr-FR\"},{\"@type\":\"Organization\",\"@id\":\"https:\\\/\\\/www.itakaescolapios.org\\\/fr\\\/es\\\/#organization\",\"name\":\"Fundaci\u00f3 Itaka-Escolapios\",\"url\":\"https:\\\/\\\/www.itakaescolapios.org\\\/fr\\\/es\\\/\",\"logo\":{\"@type\":\"ImageObject\",\"inLanguage\":\"fr-FR\",\"@id\":\"https:\\\/\\\/www.itakaescolapios.org\\\/fr\\\/es\\\/#\\\/schema\\\/logo\\\/image\\\/\",\"url\":\"https:\\\/\\\/www.itakaescolapios.org\\\/wp-content\\\/uploads\\\/2024\\\/04\\\/Logo-itakaescolapios-peque.png\",\"contentUrl\":\"https:\\\/\\\/www.itakaescolapios.org\\\/wp-content\\\/uploads\\\/2024\\\/04\\\/Logo-itakaescolapios-peque.png\",\"width\":500,\"height\":199,\"caption\":\"Fundaci\u00f3 Itaka-Escolapios\"},\"image\":{\"@id\":\"https:\\\/\\\/www.itakaescolapios.org\\\/fr\\\/es\\\/#\\\/schema\\\/logo\\\/image\\\/\"}}]}<\/script>\n<!-- \/ Yoast SEO plugin. -->","yoast_head_json":{"title":"LE BATEAU DE L'EQUIPAGE ITAKA-ESCOLAPIOS","description":"Look, Sukal, Jiwa, Marine et Bla sont les membres de l'\u00e9quipage Itaka-Escolapios, qui avec pour capitaine Calasanz, voyageront d\u00e8s maintenant \u00e0 travers Les mers et oc\u00e9ans du monde pour nous pr\u00e9senter les projets de notre r\u00e9seau de solidarit\u00e9. Nous proposons dans cet apart\u00e9 une double activit\u00e9: Nous vous invitons \u00e0 travailler la r\u00e9alit\u00e9 de l'Indon\u00e9sie\u2026","robots":{"index":"index","follow":"follow","max-snippet":"max-snippet:-1","max-image-preview":"max-image-preview:large","max-video-preview":"max-video-preview:-1"},"canonical":"Look, Sukal, Jiwa, Marine et Bla sont les membres de l'\u00e9quipage Itaka-Escolapios, qui avec pour capitaine Calasanz, voyageront d\u00e8s maintenant \u00e0 travers Les mers et oc\u00e9ans du monde pour nous pr\u00e9senter les projets de notre r\u00e9seau de solidarit\u00e9. Nous proposons dans cet apart\u00e9 une double activit\u00e9: Nous vous invitons \u00e0 travailler la r\u00e9alit\u00e9 de l'Indon\u00e9sie\u2026","og_locale":"fr_FR","og_type":"article","og_title":"LE BATEAU DE L'EQUIPAGE ITAKA-ESCOLAPIOS","og_description":"Look, Sukal, Jiwa, Marine et Bla sont les membres de l'\u00e9quipage Itaka-Escolapios, qui avec pour capitaine Calasanz, voyageront d\u00e8s maintenant \u00e0 travers Les mers et oc\u00e9ans du monde pour nous pr\u00e9senter les projets de notre r\u00e9seau de solidarit\u00e9. Nous proposons dans cet apart\u00e9 une double activit\u00e9: Nous vous invitons \u00e0 travailler la r\u00e9alit\u00e9 de l'Indon\u00e9sie\u2026","og_url":"https:\/\/www.itakaescolapios.org\/fr\/el-barco-de-la-tripulacion-itaka-escolapios\/","og_site_name":"Itaka-Escolapios","article_modified_time":"2023-11-28T11:38:35+00:00","og_image":[{"width":1183,"height":852,"url":"https:\/\/www.itakaescolapios.org\/wp-content\/uploads\/2015\/11\/BARCO.png","type":"image\/png"}],"twitter_card":"summary_large_image","twitter_misc":{"Dur\u00e9e de lecture estim\u00e9e":"1 minute"},"schema":{"@context":"https:\/\/schema.org","@graph":[{"@type":"WebPage","@id":"https:\/\/www.itakaescolapios.org\/fr\/el-barco-de-la-tripulacion-itaka-escolapios\/","url":"https:\/\/www.itakaescolapios.org\/fr\/el-barco-de-la-tripulacion-itaka-escolapios\/","name":"EL BARCO DE LA TRIPULACI\u00d3N ITAKA - ESCOLAPIOS - Itaka-Escolapios","isPartOf":{"@id":"https:\/\/www.itakaescolapios.org\/es\/#website"},"primaryImageOfPage":{"@id":"https:\/\/www.itakaescolapios.org\/fr\/el-barco-de-la-tripulacion-itaka-escolapios\/#primaryimage"},"image":{"@id":"https:\/\/www.itakaescolapios.org\/fr\/el-barco-de-la-tripulacion-itaka-escolapios\/#primaryimage"},"thumbnailUrl":"https:\/\/www.itakaescolapios.org\/wp-content\/uploads\/2015\/11\/BARCO-1024x737.png","datePublished":"2015-11-03T15:05:01+00:00","dateModified":"2023-11-28T11:38:35+00:00","breadcrumb":{"@id":"https:\/\/www.itakaescolapios.org\/fr\/el-barco-de-la-tripulacion-itaka-escolapios\/#breadcrumb"},"inLanguage":"fr-FR","potentialAction":[{"@type":"ReadAction","target":["https:\/\/www.itakaescolapios.org\/fr\/el-barco-de-la-tripulacion-itaka-escolapios\/"]}]},{"@type":"ImageObject","inLanguage":"fr-FR","@id":"https:\/\/www.itakaescolapios.org\/fr\/el-barco-de-la-tripulacion-itaka-escolapios\/#primaryimage","url":"https:\/\/www.itakaescolapios.org\/wp-content\/uploads\/2015\/11\/BARCO-1024x737.png","contentUrl":"https:\/\/www.itakaescolapios.org\/wp-content\/uploads\/2015\/11\/BARCO-1024x737.png"},{"@type":"BreadcrumbList","@id":"https:\/\/www.itakaescolapios.org\/fr\/el-barco-de-la-tripulacion-itaka-escolapios\/#breadcrumb","itemListElement":[{"@type":"ListItem","position":1,"name":"Itaka-Escolapios","item":"https:\/\/www.itakaescolapios.org\/es\/"},{"@type":"ListItem","position":2,"name":"LE BATEAU DE L'EQUIPAGE ITAKA-ESCOLAPIOS"}]},{"@type":"WebSite","@id":"https:\/\/www.itakaescolapios.org\/fr\/es\/#website","url":"https:\/\/www.itakaescolapios.org\/fr\/es\/","name":"Itaka-Escolapios","description":"Red de Itaka-Escolapios","publisher":{"@id":"https:\/\/www.itakaescolapios.org\/fr\/es\/#organization"},"potentialAction":[{"@type":"SearchAction","target":{"@type":"EntryPoint","urlTemplate":"https:\/\/www.itakaescolapios.org\/fr\/es\/?s={search_term_string}"},"query-input":{"@type":"PropertyValueSpecification","valueRequired":true,"valueName":"search_term_string"}}],"inLanguage":"fr-FR"},{"@type":"Organization","@id":"https:\/\/www.itakaescolapios.org\/fr\/es\/#organization","name":"Fundaci\u00f3 Itaka-Escolapios","url":"https:\/\/www.itakaescolapios.org\/fr\/es\/","logo":{"@type":"ImageObject","inLanguage":"fr-FR","@id":"https:\/\/www.itakaescolapios.org\/fr\/es\/#\/schema\/logo\/image\/","url":"https:\/\/www.itakaescolapios.org\/wp-content\/uploads\/2024\/04\/Logo-itakaescolapios-peque.png","contentUrl":"https:\/\/www.itakaescolapios.org\/wp-content\/uploads\/2024\/04\/Logo-itakaescolapios-peque.png","width":500,"height":199,"caption":"Fundaci\u00f3 Itaka-Escolapios"},"image":{"@id":"https:\/\/www.itakaescolapios.org\/fr\/es\/#\/schema\/logo\/image\/"}}]}},"_links":{"self":[{"href":"https:\/\/www.itakaescolapios.org\/fr\/wp-json\/wp\/v2\/pages\/13533","targetHints":{"allow":["GET"]}}],"collection":[{"href":"https:\/\/www.itakaescolapios.org\/fr\/wp-json\/wp\/v2\/pages"}],"about":[{"href":"https:\/\/www.itakaescolapios.org\/fr\/wp-json\/wp\/v2\/types\/page"}],"author":[{"embeddable":true,"href":"https:\/\/www.itakaescolapios.org\/fr\/wp-json\/wp\/v2\/users\/46"}],"replies":[{"embeddable":true,"href":"https:\/\/www.itakaescolapios.org\/fr\/wp-json\/wp\/v2\/comments?post=13533"}],"version-history":[{"count":28,"href":"https:\/\/www.itakaescolapios.org\/fr\/wp-json\/wp\/v2\/pages\/13533\/revisions"}],"predecessor-version":[{"id":48572,"href":"https:\/\/www.itakaescolapios.org\/fr\/wp-json\/wp\/v2\/pages\/13533\/revisions\/48572"}],"wp:attachment":[{"href":"https:\/\/www.itakaescolapios.org\/fr\/wp-json\/wp\/v2\/media?parent=13533"}],"curies":[{"name":"wp","href":"https:\/\/api.w.org\/{rel}","templated":true}]}}