{"id":13538,"date":"2015-11-03T16:09:22","date_gmt":"2015-11-03T15:09:22","guid":{"rendered":"https:\/\/www.itakaescolapios.org\/?page_id=13538"},"modified":"2023-11-28T12:38:35","modified_gmt":"2023-11-28T11:38:35","slug":"juego-de-pistas","status":"publish","type":"page","link":"https:\/\/www.itakaescolapios.org\/fr\/juego-de-pistas\/","title":{"rendered":"JEU DE PISTES"},"content":{"rendered":"<p><a href=\"https:\/\/www.itakaescolapios.org\/wp-content\/uploads\/2015\/11\/LOOK-COLOR-SIN-FONDO.jpg\"><img decoding=\"async\" class=\"alignleft size-medium wp-image-13897\" alt=\"LOOK COLOR SIN FONDO\" src=\"https:\/\/www.itakaescolapios.org\/wp-content\/uploads\/2015\/11\/LOOK-COLOR-SIN-FONDO-214x300.jpg\" width=\"214\" height=\"300\" srcset=\"https:\/\/www.itakaescolapios.org\/wp-content\/uploads\/2015\/11\/LOOK-COLOR-SIN-FONDO-214x300.jpg 214w, https:\/\/www.itakaescolapios.org\/wp-content\/uploads\/2015\/11\/LOOK-COLOR-SIN-FONDO-731x1024.jpg 731w, https:\/\/www.itakaescolapios.org\/wp-content\/uploads\/2015\/11\/LOOK-COLOR-SIN-FONDO-250x349.jpg 250w, https:\/\/www.itakaescolapios.org\/wp-content\/uploads\/2015\/11\/LOOK-COLOR-SIN-FONDO.jpg 1071w\" sizes=\"(max-width: 214px) 100vw, 214px\" \/><\/a>Cette activit\u00e9 doit \u00eatre r\u00e9alis\u00e9e avant celle du GRAND MURAL DE L&rsquo;ASRAMA, car elle nous servira \u00e0 travailler en classe la th\u00e9matique qui nous correspond par cours.<\/p>\n<p>Une fois l&rsquo;information cherch\u00e9e, la classe sera divis\u00e9e en groupes (trois ou quatre) , ceux-ci se verront attribu\u00e9e une question \u00e0 laquelle ils devront r\u00e9pondre avec l\u2019information recherch\u00e9e.<\/p>\n<p>Lorsqu&rsquo;ils auront la r\u00e9ponse, ils iront voir le professeur qui aura toutes les r\u00e9ponses et leur indiquera si elle est correcte. Si oui, il leur donne une pi\u00e8ce du puzzle (partie d&rsquo;une carte avec la r\u00e9ponse au dos) et leur posera une autre question. Gagnera l&rsquo;\u00e9quipe qui obtiendra le plus rapidement les quatre pi\u00e8ces du puzzle.<\/p>\n<p>Par cons\u00e9quent, chaque classe doit avoir 4 puzzles divis\u00e9s en quatre parties, chacune avec une r\u00e9ponse aux questions.<\/p>\n<p align=\"center\"><span style=\"color: #0000ff;\"><strong><a href=\"https:\/\/www.itakaescolapios.org\/wp-content\/uploads\/2015\/11\/mapas.pdf\"><span style=\"color: #0000ff;\">T\u00e9l\u00e9chargez les puzzles de l&rsquo;activit\u00e9<\/span><\/a><\/strong><\/span><\/p>\n<p>S&rsquo;il y a le temps et le fonctionnement du groupe le permet, le ou la professeur(e) aura cach\u00e9 pr\u00e9alablement les morceaux du puzzle dans le coll\u00e8ge (patio), ainsi qu&rsquo;une enveloppe avec la question suivante, c&rsquo;est pourquoi, au lieu de simplement la poser, en \u00e9coutant la r\u00e9ponse correcte, les envoie chercher l&rsquo;enveloppe.<\/p>\n<p>Les plus petits de primaire peuvent r\u00e9pondre aux questions apr\u00e8s l&rsquo;explication donn\u00e9e par le professeur sur sa th\u00e9matique, ils peuvent aller ensemble chercher la pi\u00e8ce du puzzle, sans se diviser en groupe. Pour certaines r\u00e9ponses, on donnera aux \u00e9l\u00e8ves la revue de campagnes (photocopi\u00e9e) d&rsquo;o\u00f9 ils pourront obtenir certaines donn\u00e9es (les concretos d&rsquo;Atambua), en plus de celles qu&rsquo;ils auront pu avoir cherch\u00e9 eux-m\u00eame.<\/p>\n<table width=\"571\" border=\"0\" cellspacing=\"0\" cellpadding=\"0\">\n<tbody>\n<tr>\n<td width=\"75\">\n<p align=\"center\"><b>Cours<\/b><\/p>\n<\/td>\n<td width=\"180\">\n<p align=\"center\"><b>Th\u00e9matique \u00e0 travailler en classe<\/b><\/p>\n<\/td>\n<td width=\"316\">\n<p align=\"center\"><b>QUESTIONS POUR JEU DE PISTES<\/b><\/p>\n<\/td>\n<\/tr>\n<tr>\n<td width=\"75\"><b>1\u00ba <\/b><b>PRIMAIRE<\/b><\/td>\n<td width=\"180\"><b>B\u00e9n\u00e9ficiaires<\/b><\/td>\n<td width=\"316\">Quel \u00e2ge auront les enfants qui \u00e9tudieront \u00e0 l&rsquo;ASRAMA(12-15); que signifie ASRAMA(intern\u00e9); combien d&rsquo;enfants y vivront (100); comment s&rsquo;appelle le pays dans lequel se trouve Atamb\u00faa(Indon\u00e9sie);<\/td>\n<\/tr>\n<tr>\n<td width=\"75\"><b>2\u00ba PRIMAIRE<\/b><\/td>\n<td width=\"180\"><b>Plan d\u2019\u0153uvre<\/b><\/td>\n<td width=\"316\">D&rsquo;o\u00f9 viendront les \u00e9l\u00e8ves principalement (Belu et Malaka); que signifie ASRAMA (internat); combien de chambres comprendra l&rsquo;ASRAMA(\u00e0 compter); combien d&rsquo;enfants y \u00e9tudieront (100);<\/td>\n<\/tr>\n<tr>\n<td width=\"75\"><b>3\u00ba PRIMAIRE<\/b><\/td>\n<td width=\"180\"><b>LOCALISATION PHYSIQUE ET CONTEXTE GEOGRAPHIQUE<\/b><\/td>\n<td valign=\"bottom\" width=\"316\">Comment s&rsquo;appelle la fleur la plus grande monde n\u00e9e en Indon\u00e9sie (La Raflesia Arnoldi); quel est le type de climat \u00e0 Atamb\u00faa (tropical); quel animal indon\u00e9sien est en danger d&rsquo;extinction (orang-outang de Sumatra); poste occup\u00e9 par niveau de biodiversit\u00e9 au monde (troisi\u00e8me);<\/td>\n<\/tr>\n<tr>\n<td width=\"75\"><b>4\u00ba PIRMAIRE<\/b><\/td>\n<td width=\"180\"><b>CONTEXTE DEMOGRAPHIQUE ET CULTUREL<\/b><\/td>\n<td valign=\"bottom\" width=\"316\">Quelle est la langue d&rsquo;Atamb\u00faa(bahasa); comment s&rsquo;appelle la danse typique(tebe); combien d&rsquo;ethnies trouve-t-on environ en Indon\u00e9sie (300); combien de langues et dialectes (700)<\/td>\n<\/tr>\n<tr>\n<td width=\"75\"><b>5\u00ba PRIMAIRE<\/b><\/td>\n<td width=\"180\"><b>CONTEXTE DEMOGRAPHIQUE ET CULTUREL<\/b><\/td>\n<td valign=\"bottom\" width=\"316\">Quelle est l&rsquo;esp\u00e9rance de vie moyenne (68,8); nombre d&rsquo;habitants de Atamb\u00faa(75.199); quel est son poste par rapport \u00e0 la population mondiale(4\u00ba); quelle est la religion majoritaire (Islam)<\/td>\n<\/tr>\n<tr>\n<td width=\"75\"><b>6\u00ba PRIMAIRE<\/b><\/td>\n<td width=\"180\"><b>LOCALISATION PHYSIQUE ET CONTEXTE GEOGRAPHIQUE<\/b><\/td>\n<td valign=\"bottom\" width=\"316\">A quel continent appartient l&rsquo;Indon\u00e9sie (Asie) sur quelle \u00eele se trouve Atamb\u00faa (timor); quelles sont les plus grandes \u00eeles d&rsquo;Indon\u00e9sie (Java, Sumatra, Kalimantan (la partie indon\u00e9sienne de Borneo), Nouvelle Guin\u00e9e (partag\u00e9e avec Papouasie Nouvelle-Guin\u00e9e et C\u00e9lebes); surface de l&rsquo;Indon\u00e9sie et le poste qu&rsquo;elle occupe (avec 1.904.569 km\u00b2, il s&rsquo;agit du 15\u00b0 pays le plus grand au monde en terme de surface)<\/td>\n<\/tr>\n<tr>\n<td width=\"75\"><b>1\u00ba ESO<\/b><\/td>\n<td width=\"180\"><b>LOCALISATION PHYSIQUE ET CONTEXTE GEOGRAPHIQUE<\/b><\/td>\n<td valign=\"bottom\" width=\"316\">Combien de volcans actifs trouve-t-on et quel est le plus important d&rsquo;Indon\u00e9sie (Krakatoa); quel est le type de climat \u00e0 Atamb\u00faa (tropical); caract\u00e9ristiques du climat \u00e0 Atamb\u00faa (saisons de mousson, de pluies et de s\u00e9cheresse; humidit\u00e9 \u00e9lev\u00e9e, avec une moyenne d&rsquo;environ 80 %. Les temp\u00e9ratures varient peu tout au long de l&rsquo;ann\u00e9e); entre quelles plaques tectoniques se trouve-t-elle (au bord des plaques du Pacifique, l\u2019Euro-asiatique et l&rsquo;Indoaustralienne)<\/td>\n<\/tr>\n<tr>\n<td width=\"75\"><b>2\u00ba ESO<\/b><\/td>\n<td width=\"180\"><b>LOCALISATION PHYSIQUE ET CONTEXTE GEOGRAPHIQUE<\/b><\/td>\n<td valign=\"bottom\" width=\"316\">Combien d&rsquo;\u00eeles composent l&rsquo;archipel indon\u00e9sien (pr\u00e8s de 17.508), combien d&rsquo;habitants vivent en Indon\u00e9sie (plus de 255 millions); avec quels pays partage-t-il des fronti\u00e8res terrestres (Papouasie Nouvelle Guin\u00e9e, Timor Oriental et Malaisie); Quelles sont les piles les plus grandes d&rsquo;Indon\u00e9sie (Java, Sumatra, Kalimantan (la partie indon\u00e9sienne de Borneo), Nouvelle Guin\u00e9e (partag\u00e9e avec Papouasie Nouvelle Guin\u00e9e) et C\u00e9lebes); surface de l&rsquo; Indon\u00e9sie et le poste quelle occupe (avec 1.904.569 km\u00b2, l&rsquo;Indon\u00e9sie est le 15\u00b0 pays le plus grand du monde en terme de surface)<\/td>\n<\/tr>\n<tr>\n<td width=\"75\"><b>3\u00ba ESO<\/b><\/td>\n<td width=\"180\"><b>CONTEXTE EDUCATIF ET RELIGIEUX<\/b><\/td>\n<td valign=\"bottom\" width=\"316\">Combien d&rsquo;\u00e9coles primaires trouve-t-on \u00e0 Atamb\u00faa (14 publiques et 11 priv\u00e9es); combien d&rsquo;\u00e9l\u00e8ves se trouvent \u00e0 Atamb\u00faa (11.640); combien d&rsquo;\u00e9coles secondaires trouve-t-on \u00e0 Atamb\u00faa (5 publiques et 4 priv\u00e9es); combien d&rsquo;\u00e9l\u00e8ves en peuvent pas continuer leurs \u00e9tudes (8.000); combien de religions sont reconnues par le gouvernement local et lesquelles (l&rsquo;Islam, le protestantisme, l&rsquo;Eglise Catholique, l&rsquo;hindouisme, le bouddhisme et le confucianisme)<\/td>\n<\/tr>\n<tr>\n<td width=\"75\"><b>4\u00ba ESO<\/b><\/td>\n<td width=\"180\"><b>CONTEXTE SOCIO-ECONOMIQUE ET POLITIQUE<\/b><\/td>\n<td valign=\"bottom\" width=\"316\">Quelle est la capitale de l&rsquo;Indon\u00e9sie (Jakarta) sur quelle pile se trouve Atamb\u00faa (Timor Occidental); quelle est la monnaie (roupie indon\u00e9sienne); quel est l&rsquo;IDH et quel poste occupe l&rsquo;Indon\u00e9sie (l&rsquo;indice de d\u00e9veloppement humain (IDH) est un indicateur du d\u00e9veloppement humain par pays, \u00e9labor\u00e9 par le Programme des Nations Unies pour le D\u00e9veloppement (PNUD). Il se base sur un indicateur social statistique compos\u00e9 de trois param\u00e8tres: vie longue et saine, \u00e9ducation et niveau de vie digne. L&rsquo;Indon\u00e9sie occupe le 108e poste mondial); principal secteur d&rsquo;activit\u00e9 \u00e9conomique et pourcentage (agriculture 55%; culture de subsistance)<\/td>\n<\/tr>\n<\/tbody>\n<\/table>\n","protected":false},"excerpt":{"rendered":"<p>Cette activit\u00e9 doit \u00eatre r\u00e9alis\u00e9e avant celle du GRAND MURAL DE L&rsquo;ASRAMA, car elle nous servira \u00e0 travailler en classe la th\u00e9matique qui nous correspond par cours. Une fois l&rsquo;information [&hellip;]<\/p>\n","protected":false},"author":46,"featured_media":0,"parent":0,"menu_order":0,"comment_status":"closed","ping_status":"closed","template":"","meta":{"_et_pb_use_builder":"","_et_pb_old_content":"","_et_gb_content_width":"","footnotes":""},"class_list":["post-13538","page","type-page","status-publish","hentry"],"yoast_head":"<!-- This site is optimized with the Yoast SEO plugin v27.5 - https:\/\/yoast.com\/product\/yoast-seo-wordpress\/ -->\n<title>JEU DE PISTES<\/title>\n<meta name=\"description\" content=\"Cette activit\u00e9 doit \u00eatre r\u00e9alis\u00e9e avant celle du GRAND MURAL DE L&#039;ASRAMA, car elle nous servira \u00e0 travailler en classe la th\u00e9matique qui nous correspond par cours. Une fois l&#039;information cherch\u00e9e, la classe sera divis\u00e9e en groupes (trois ou quatre) , ceux-ci se verront attribu\u00e9e une question \u00e0 laquelle ils devront r\u00e9pondre avec l\u2019information recherch\u00e9e.\u2026\" \/>\n<meta name=\"robots\" content=\"index, follow, max-snippet:-1, max-image-preview:large, max-video-preview:-1\" \/>\n<link rel=\"canonical\" href=\"http:\/\/Cette%20activit\u00e9%20doit%20\u00eatre%20r\u00e9alis\u00e9e%20avant%20celle%20du%20GRAND%20MURAL%20DE%20L'ASRAMA,%20car%20elle%20nous%20servira%20\u00e0%20travailler%20en%20classe%20la%20th\u00e9matique%20qui%20nous%20correspond%20par%20cours.%20Une%20fois%20l'information%20cherch\u00e9e,%20la%20classe%20sera%20divis\u00e9e%20en%20groupes%20(trois%20ou%20quatre)%20,%20ceux-ci%20se%20verront%20attribu\u00e9e%20une%20question%20\u00e0%20laquelle%20ils%20devront%20r\u00e9pondre%20avec%20l\u2019information%20recherch\u00e9e.\u2026\" \/>\n<meta property=\"og:locale\" content=\"fr_FR\" \/>\n<meta property=\"og:type\" content=\"article\" \/>\n<meta property=\"og:title\" content=\"JEU DE PISTES\" \/>\n<meta property=\"og:description\" content=\"Cette activit\u00e9 doit \u00eatre r\u00e9alis\u00e9e avant celle du GRAND MURAL DE L&#039;ASRAMA, car elle nous servira \u00e0 travailler en classe la th\u00e9matique qui nous correspond par cours. Une fois l&#039;information cherch\u00e9e, la classe sera divis\u00e9e en groupes (trois ou quatre) , ceux-ci se verront attribu\u00e9e une question \u00e0 laquelle ils devront r\u00e9pondre avec l\u2019information recherch\u00e9e.\u2026\" \/>\n<meta property=\"og:url\" content=\"https:\/\/www.itakaescolapios.org\/fr\/juego-de-pistas\/\" \/>\n<meta property=\"og:site_name\" content=\"Itaka-Escolapios\" \/>\n<meta property=\"article:modified_time\" content=\"2023-11-28T11:38:35+00:00\" \/>\n<meta property=\"og:image\" content=\"https:\/\/www.itakaescolapios.org\/wp-content\/uploads\/2015\/11\/LOOK-COLOR-SIN-FONDO.jpg\" \/>\n\t<meta property=\"og:image:width\" content=\"1071\" \/>\n\t<meta property=\"og:image:height\" content=\"1500\" \/>\n\t<meta property=\"og:image:type\" content=\"image\/jpeg\" \/>\n<meta name=\"twitter:card\" content=\"summary_large_image\" \/>\n<meta name=\"twitter:label1\" content=\"Dur\u00e9e de lecture estim\u00e9e\" \/>\n\t<meta name=\"twitter:data1\" content=\"2 minutes\" \/>\n<script type=\"application\/ld+json\" class=\"yoast-schema-graph\">{\"@context\":\"https:\\\/\\\/schema.org\",\"@graph\":[{\"@type\":\"WebPage\",\"@id\":\"https:\\\/\\\/www.itakaescolapios.org\\\/fr\\\/juego-de-pistas\\\/\",\"url\":\"https:\\\/\\\/www.itakaescolapios.org\\\/fr\\\/juego-de-pistas\\\/\",\"name\":\"JUEGO DE PISTAS - Itaka-Escolapios\",\"isPartOf\":{\"@id\":\"https:\\\/\\\/www.itakaescolapios.org\\\/es\\\/#website\"},\"primaryImageOfPage\":{\"@id\":\"https:\\\/\\\/www.itakaescolapios.org\\\/fr\\\/juego-de-pistas\\\/#primaryimage\"},\"image\":{\"@id\":\"https:\\\/\\\/www.itakaescolapios.org\\\/fr\\\/juego-de-pistas\\\/#primaryimage\"},\"thumbnailUrl\":\"https:\\\/\\\/www.itakaescolapios.org\\\/wp-content\\\/uploads\\\/2015\\\/11\\\/LOOK-COLOR-SIN-FONDO-214x300.jpg\",\"datePublished\":\"2015-11-03T15:09:22+00:00\",\"dateModified\":\"2023-11-28T11:38:35+00:00\",\"breadcrumb\":{\"@id\":\"https:\\\/\\\/www.itakaescolapios.org\\\/fr\\\/juego-de-pistas\\\/#breadcrumb\"},\"inLanguage\":\"fr-FR\",\"potentialAction\":[{\"@type\":\"ReadAction\",\"target\":[\"https:\\\/\\\/www.itakaescolapios.org\\\/fr\\\/juego-de-pistas\\\/\"]}]},{\"@type\":\"ImageObject\",\"inLanguage\":\"fr-FR\",\"@id\":\"https:\\\/\\\/www.itakaescolapios.org\\\/fr\\\/juego-de-pistas\\\/#primaryimage\",\"url\":\"https:\\\/\\\/www.itakaescolapios.org\\\/wp-content\\\/uploads\\\/2015\\\/11\\\/LOOK-COLOR-SIN-FONDO-214x300.jpg\",\"contentUrl\":\"https:\\\/\\\/www.itakaescolapios.org\\\/wp-content\\\/uploads\\\/2015\\\/11\\\/LOOK-COLOR-SIN-FONDO-214x300.jpg\"},{\"@type\":\"BreadcrumbList\",\"@id\":\"https:\\\/\\\/www.itakaescolapios.org\\\/fr\\\/juego-de-pistas\\\/#breadcrumb\",\"itemListElement\":[{\"@type\":\"ListItem\",\"position\":1,\"name\":\"Itaka-Escolapios\",\"item\":\"https:\\\/\\\/www.itakaescolapios.org\\\/es\\\/\"},{\"@type\":\"ListItem\",\"position\":2,\"name\":\"JEU DE PISTES\"}]},{\"@type\":\"WebSite\",\"@id\":\"https:\\\/\\\/www.itakaescolapios.org\\\/fr\\\/es\\\/#website\",\"url\":\"https:\\\/\\\/www.itakaescolapios.org\\\/fr\\\/es\\\/\",\"name\":\"Itaka-Escolapios\",\"description\":\"Red de Itaka-Escolapios\",\"publisher\":{\"@id\":\"https:\\\/\\\/www.itakaescolapios.org\\\/fr\\\/es\\\/#organization\"},\"potentialAction\":[{\"@type\":\"SearchAction\",\"target\":{\"@type\":\"EntryPoint\",\"urlTemplate\":\"https:\\\/\\\/www.itakaescolapios.org\\\/fr\\\/es\\\/?s={search_term_string}\"},\"query-input\":{\"@type\":\"PropertyValueSpecification\",\"valueRequired\":true,\"valueName\":\"search_term_string\"}}],\"inLanguage\":\"fr-FR\"},{\"@type\":\"Organization\",\"@id\":\"https:\\\/\\\/www.itakaescolapios.org\\\/fr\\\/es\\\/#organization\",\"name\":\"Fundaci\u00f3 Itaka-Escolapios\",\"url\":\"https:\\\/\\\/www.itakaescolapios.org\\\/fr\\\/es\\\/\",\"logo\":{\"@type\":\"ImageObject\",\"inLanguage\":\"fr-FR\",\"@id\":\"https:\\\/\\\/www.itakaescolapios.org\\\/fr\\\/es\\\/#\\\/schema\\\/logo\\\/image\\\/\",\"url\":\"https:\\\/\\\/www.itakaescolapios.org\\\/wp-content\\\/uploads\\\/2024\\\/04\\\/Logo-itakaescolapios-peque.png\",\"contentUrl\":\"https:\\\/\\\/www.itakaescolapios.org\\\/wp-content\\\/uploads\\\/2024\\\/04\\\/Logo-itakaescolapios-peque.png\",\"width\":500,\"height\":199,\"caption\":\"Fundaci\u00f3 Itaka-Escolapios\"},\"image\":{\"@id\":\"https:\\\/\\\/www.itakaescolapios.org\\\/fr\\\/es\\\/#\\\/schema\\\/logo\\\/image\\\/\"}}]}<\/script>\n<!-- \/ Yoast SEO plugin. -->","yoast_head_json":{"title":"JEU DE PISTES","description":"Cette activit\u00e9 doit \u00eatre r\u00e9alis\u00e9e avant celle du GRAND MURAL DE L'ASRAMA, car elle nous servira \u00e0 travailler en classe la th\u00e9matique qui nous correspond par cours. Une fois l'information cherch\u00e9e, la classe sera divis\u00e9e en groupes (trois ou quatre) , ceux-ci se verront attribu\u00e9e une question \u00e0 laquelle ils devront r\u00e9pondre avec l\u2019information recherch\u00e9e.\u2026","robots":{"index":"index","follow":"follow","max-snippet":"max-snippet:-1","max-image-preview":"max-image-preview:large","max-video-preview":"max-video-preview:-1"},"canonical":"Cette activit\u00e9 doit \u00eatre r\u00e9alis\u00e9e avant celle du GRAND MURAL DE L'ASRAMA, car elle nous servira \u00e0 travailler en classe la th\u00e9matique qui nous correspond par cours. Une fois l'information cherch\u00e9e, la classe sera divis\u00e9e en groupes (trois ou quatre) , ceux-ci se verront attribu\u00e9e une question \u00e0 laquelle ils devront r\u00e9pondre avec l\u2019information recherch\u00e9e.\u2026","og_locale":"fr_FR","og_type":"article","og_title":"JEU DE PISTES","og_description":"Cette activit\u00e9 doit \u00eatre r\u00e9alis\u00e9e avant celle du GRAND MURAL DE L'ASRAMA, car elle nous servira \u00e0 travailler en classe la th\u00e9matique qui nous correspond par cours. Une fois l'information cherch\u00e9e, la classe sera divis\u00e9e en groupes (trois ou quatre) , ceux-ci se verront attribu\u00e9e une question \u00e0 laquelle ils devront r\u00e9pondre avec l\u2019information recherch\u00e9e.\u2026","og_url":"https:\/\/www.itakaescolapios.org\/fr\/juego-de-pistas\/","og_site_name":"Itaka-Escolapios","article_modified_time":"2023-11-28T11:38:35+00:00","og_image":[{"width":1071,"height":1500,"url":"https:\/\/www.itakaescolapios.org\/wp-content\/uploads\/2015\/11\/LOOK-COLOR-SIN-FONDO.jpg","type":"image\/jpeg"}],"twitter_card":"summary_large_image","twitter_misc":{"Dur\u00e9e de lecture estim\u00e9e":"2 minutes"},"schema":{"@context":"https:\/\/schema.org","@graph":[{"@type":"WebPage","@id":"https:\/\/www.itakaescolapios.org\/fr\/juego-de-pistas\/","url":"https:\/\/www.itakaescolapios.org\/fr\/juego-de-pistas\/","name":"JUEGO DE PISTAS - Itaka-Escolapios","isPartOf":{"@id":"https:\/\/www.itakaescolapios.org\/es\/#website"},"primaryImageOfPage":{"@id":"https:\/\/www.itakaescolapios.org\/fr\/juego-de-pistas\/#primaryimage"},"image":{"@id":"https:\/\/www.itakaescolapios.org\/fr\/juego-de-pistas\/#primaryimage"},"thumbnailUrl":"https:\/\/www.itakaescolapios.org\/wp-content\/uploads\/2015\/11\/LOOK-COLOR-SIN-FONDO-214x300.jpg","datePublished":"2015-11-03T15:09:22+00:00","dateModified":"2023-11-28T11:38:35+00:00","breadcrumb":{"@id":"https:\/\/www.itakaescolapios.org\/fr\/juego-de-pistas\/#breadcrumb"},"inLanguage":"fr-FR","potentialAction":[{"@type":"ReadAction","target":["https:\/\/www.itakaescolapios.org\/fr\/juego-de-pistas\/"]}]},{"@type":"ImageObject","inLanguage":"fr-FR","@id":"https:\/\/www.itakaescolapios.org\/fr\/juego-de-pistas\/#primaryimage","url":"https:\/\/www.itakaescolapios.org\/wp-content\/uploads\/2015\/11\/LOOK-COLOR-SIN-FONDO-214x300.jpg","contentUrl":"https:\/\/www.itakaescolapios.org\/wp-content\/uploads\/2015\/11\/LOOK-COLOR-SIN-FONDO-214x300.jpg"},{"@type":"BreadcrumbList","@id":"https:\/\/www.itakaescolapios.org\/fr\/juego-de-pistas\/#breadcrumb","itemListElement":[{"@type":"ListItem","position":1,"name":"Itaka-Escolapios","item":"https:\/\/www.itakaescolapios.org\/es\/"},{"@type":"ListItem","position":2,"name":"JEU DE PISTES"}]},{"@type":"WebSite","@id":"https:\/\/www.itakaescolapios.org\/fr\/es\/#website","url":"https:\/\/www.itakaescolapios.org\/fr\/es\/","name":"Itaka-Escolapios","description":"Red de Itaka-Escolapios","publisher":{"@id":"https:\/\/www.itakaescolapios.org\/fr\/es\/#organization"},"potentialAction":[{"@type":"SearchAction","target":{"@type":"EntryPoint","urlTemplate":"https:\/\/www.itakaescolapios.org\/fr\/es\/?s={search_term_string}"},"query-input":{"@type":"PropertyValueSpecification","valueRequired":true,"valueName":"search_term_string"}}],"inLanguage":"fr-FR"},{"@type":"Organization","@id":"https:\/\/www.itakaescolapios.org\/fr\/es\/#organization","name":"Fundaci\u00f3 Itaka-Escolapios","url":"https:\/\/www.itakaescolapios.org\/fr\/es\/","logo":{"@type":"ImageObject","inLanguage":"fr-FR","@id":"https:\/\/www.itakaescolapios.org\/fr\/es\/#\/schema\/logo\/image\/","url":"https:\/\/www.itakaescolapios.org\/wp-content\/uploads\/2024\/04\/Logo-itakaescolapios-peque.png","contentUrl":"https:\/\/www.itakaescolapios.org\/wp-content\/uploads\/2024\/04\/Logo-itakaescolapios-peque.png","width":500,"height":199,"caption":"Fundaci\u00f3 Itaka-Escolapios"},"image":{"@id":"https:\/\/www.itakaescolapios.org\/fr\/es\/#\/schema\/logo\/image\/"}}]}},"_links":{"self":[{"href":"https:\/\/www.itakaescolapios.org\/fr\/wp-json\/wp\/v2\/pages\/13538","targetHints":{"allow":["GET"]}}],"collection":[{"href":"https:\/\/www.itakaescolapios.org\/fr\/wp-json\/wp\/v2\/pages"}],"about":[{"href":"https:\/\/www.itakaescolapios.org\/fr\/wp-json\/wp\/v2\/types\/page"}],"author":[{"embeddable":true,"href":"https:\/\/www.itakaescolapios.org\/fr\/wp-json\/wp\/v2\/users\/46"}],"replies":[{"embeddable":true,"href":"https:\/\/www.itakaescolapios.org\/fr\/wp-json\/wp\/v2\/comments?post=13538"}],"version-history":[{"count":23,"href":"https:\/\/www.itakaescolapios.org\/fr\/wp-json\/wp\/v2\/pages\/13538\/revisions"}],"predecessor-version":[{"id":48570,"href":"https:\/\/www.itakaescolapios.org\/fr\/wp-json\/wp\/v2\/pages\/13538\/revisions\/48570"}],"wp:attachment":[{"href":"https:\/\/www.itakaescolapios.org\/fr\/wp-json\/wp\/v2\/media?parent=13538"}],"curies":[{"name":"wp","href":"https:\/\/api.w.org\/{rel}","templated":true}]}}