{"id":13543,"date":"2015-11-03T16:12:43","date_gmt":"2015-11-03T15:12:43","guid":{"rendered":"https:\/\/www.itakaescolapios.org\/?page_id=13543"},"modified":"2023-11-28T12:38:35","modified_gmt":"2023-11-28T11:38:35","slug":"el-gran-mural-del-asrama","status":"publish","type":"page","link":"https:\/\/www.itakaescolapios.org\/fr\/el-gran-mural-del-asrama\/","title":{"rendered":"LA GRANDE peinture murale DE L'ASRAMA"},"content":{"rendered":"<p style=\"text-align: center;\"><a href=\"https:\/\/www.itakaescolapios.org\/wp-content\/uploads\/2015\/11\/Valla.png\"><img decoding=\"async\" class=\"wp-image-13668 aligncenter\" alt=\"Valla\" src=\"https:\/\/www.itakaescolapios.org\/wp-content\/uploads\/2015\/11\/Valla-1024x576.png\" width=\"614\" height=\"346\" srcset=\"https:\/\/www.itakaescolapios.org\/wp-content\/uploads\/2015\/11\/Valla-1024x576.png 1024w, https:\/\/www.itakaescolapios.org\/wp-content\/uploads\/2015\/11\/Valla-300x168.png 300w, https:\/\/www.itakaescolapios.org\/wp-content\/uploads\/2015\/11\/Valla-250x140.png 250w, https:\/\/www.itakaescolapios.org\/wp-content\/uploads\/2015\/11\/Valla.png 1380w\" sizes=\"(max-width: 614px) 100vw, 614px\" \/><\/a><\/p>\n<p>L&rsquo;\u00e9quipage nous propose dans cette activit\u00e9 de r\u00e9aliser une peinture murale de mani\u00e8re partag\u00e9e, entre tous les \u00e9l\u00e8ves du coll\u00e8ge, qui pr\u00e9sente le projet de l&rsquo;ASRAMA \u00e0 toute la Communaut\u00e9 Educative.<\/p>\n<p style=\"text-align: center;\">\n<p>Dans un lieu central du coll\u00e8ge (porches des patios, secr\u00e9tariat) nous placerons une grande peinture murale de 3 x4 m\u00e8tres, divis\u00e9e selon les apart\u00e9s suivants: explication du projet, localisation physique et contexte g\u00e9ographique, contexte d\u00e9mographique et culturel, contexte \u00e9ducatif et religieux, Atambua, b\u00e9n\u00e9ficiaires, plan d\u2019\u0153uvre&#8230;<\/p>\n<p style=\"text-align: center;\">\n<p>Chaque \u00e9l\u00e8ve sera charg\u00e9 de confectionner l&rsquo;une des sections de la peinture murale. Pour cela, les professeurs choisiront l&rsquo;une des peintures murales de chaque cours, en utilisant le (<i>il manque un mot<\/i>) pour d\u00e9corer les couloirs du centre ou les salles de classe. La peinture murale choisie sera plac\u00e9e dans la section correspondante de la grande peinture murale.<\/p>\n<p style=\"text-align: center;\">\n<table width=\"548\" border=\"0\" cellspacing=\"0\" cellpadding=\"0\">\n<tbody>\n<tr>\n<td width=\"101\">\n<p align=\"center\"><b>Cours<\/b><\/p>\n<\/td>\n<td width=\"315\">\n<p align=\"center\"><b>Activit\u00e9<\/b><\/p>\n<\/td>\n<td width=\"132\">\n<p align=\"center\"><b>Apart\u00e9 du projet<\/b><\/p>\n<\/td>\n<\/tr>\n<tr>\n<td width=\"101\"><b>INFANTIL<\/b><\/td>\n<td valign=\"bottom\" width=\"315\"><i>D\u00e9couper et colorier un masque des personnages de l&rsquo;\u00e9quipage Itaka et prendre une photo de classe \u00e0 mettre sur la peinture murale<\/i><\/td>\n<td valign=\"bottom\" width=\"132\"><b>\u00a0<\/b><\/td>\n<\/tr>\n<tr>\n<td width=\"101\"><b>1\u00ba PRIMAIRE<\/b><\/td>\n<td width=\"315\"><i>Colorier et d\u00e9couper les dessins des enfants qui vont vivre dans l&rsquo;internat ASRAMA, ainsi que leurs soigneurs et religieux fr\u00e8res de pies<\/i><\/td>\n<td width=\"132\"><b>B\u00e9n\u00e9ficiaires<\/b><\/td>\n<\/tr>\n<tr>\n<td width=\"101\"><b>2\u00ba PRIMAIRE<\/b><\/td>\n<td width=\"315\"><i>\u00a0Dessin d&rsquo;un grand internat dans lequel sont indiqu\u00e9es toutes les d\u00e9pendances dont disposera l&rsquo;ASRAMA d&rsquo;Atambua<\/i><\/td>\n<td width=\"132\"><b>Plan d\u2019\u0153uvre<\/b><\/td>\n<\/tr>\n<tr>\n<td width=\"101\"><b>3\u00ba PRIMAIRE<\/b><\/td>\n<td width=\"315\"><i>peinture murale sur faune, flore et environnement<\/i><\/td>\n<td width=\"132\"><b>LOCALISATION PHYSIQUE ET CONTEXTE GEOGRAPHIQUE<\/b><\/td>\n<\/tr>\n<tr>\n<td width=\"101\"><b>4\u00ba PRIMAIRE<\/b><\/td>\n<td width=\"315\"><i>\u00a0peinture murale sur laquelle est expliqu\u00e9 le contexte culturel (langues, sports, gastronomie, traditions, \u2026)<\/i><\/td>\n<td width=\"132\"><b>CONTEXTE DEMOGRAPHIQUE ET CULTUREL<\/b><\/td>\n<\/tr>\n<tr>\n<td width=\"101\"><b>5\u00ba PRIMAIRE<\/b><\/td>\n<td width=\"315\"><i>peinture murale dans laquelle est expliqu\u00e9 le contexte d\u00e9mographique (ethnies, nombre d&rsquo;habitants&#8230;), peinture murale dans laquelle est expliqu\u00e9 le contexte culturel (langues, sports, gastronomie, traditions&#8230;)<\/i><\/td>\n<td width=\"132\"><b>CONTEXTE DEMOGRAPHIQUE ET CULTUREL<\/b><\/td>\n<\/tr>\n<tr>\n<td width=\"101\"><b>6\u00ba PRIMAIRE<\/b><\/td>\n<td width=\"315\"><i>Dessin d&rsquo;une mappe-monde dans laquelle est situ\u00e9e le continent asiatique et l&rsquo;INDONESIE, une carte de l&rsquo;INDONESIE o\u00f9 l&rsquo;on situe le TIMOR et une carte du TIMOR o\u00f9 l&rsquo;on situe ATAMBUA<\/i><\/td>\n<td width=\"132\"><b>LOCALISATION PHYSIQUE ET CONTEXTE GEOGRAPHIQUE<\/b><\/td>\n<\/tr>\n<tr>\n<td width=\"101\"><b>1\u00ba ESO<\/b><\/td>\n<td width=\"315\"><i>peinture murale sur l&rsquo;orographie et le climat (mer, montagnes, volcans, type de climat et caract\u00e9ristiques, \u2026)<\/i><\/td>\n<td width=\"132\"><b>LOCALISATION PHYSIQUE ET CONTEXTE GEOGRAPHIQUE<\/b><\/td>\n<\/tr>\n<tr>\n<td width=\"101\"><b>2\u00ba ESO<\/b><\/td>\n<td width=\"315\"><i>\u00a0(N\u00ba d&rsquo;\u00eeles , \u00eeles principales, superficie, habitantes,\u2026 peinture murale expliquant le contexte g\u00e9ographique de l&rsquo;Indon\u00e9sie (n\u00b0 d&rsquo;\u00eeles, \u00eeles principales, surface, habitants&#8230;)<\/i><\/td>\n<td width=\"132\"><b>LOCALISATION PHYSIQUE ET CONTEXTE GEOGRAPHIQUE<\/b><\/td>\n<\/tr>\n<tr>\n<td width=\"101\"><b>3\u00ba ESO<\/b><\/td>\n<td width=\"315\">peinture murale expliquant le syst\u00e8me \u00e9ducatif ainsi que sa situation dans le pays en faisant mention des religions majoritaires d&rsquo;Indon\u00e9sie<\/td>\n<td valign=\"bottom\" width=\"132\"><b>CONTEXTE EDUCATIF ET RELIGIEUX<\/b><\/td>\n<\/tr>\n<tr>\n<td width=\"101\"><b>4\u00ba ESO<\/b><\/td>\n<td width=\"315\"><i>peinture murale expliquant le contexte socio \u00e9conomique de l&rsquo;Indon\u00e9sie (monnaie, PIB, principaux secteurs d&rsquo;activit\u00e9&#8230;) D\u00e9finition de l&rsquo;IDH et position de l&rsquo;Indon\u00e9sie. peinture murale avec un petit r\u00e9sum\u00e9 de l\u2019histoire de l&rsquo;Indon\u00e9sie ainsi que ses r\u00e9gimes politiques.<\/i><\/td>\n<td width=\"132\"><b>CONTEXTE SOCIOE-ECONOMIQUE ET POLITIQUE<\/b><\/td>\n<\/tr>\n<tr>\n<td width=\"101\"><b>1\u00ba BACHILLERATO<\/b><\/td>\n<td width=\"315\">peinture murale sur laquelle apparaissent les donn\u00e9es suivantes sur le Timor et Atambua (histoire du colonialisme, guerre d&rsquo;ind\u00e9pendance, infos sur la,population, \u00e9conomie et secteurs d&rsquo;activit\u00e9&#8230;)<\/td>\n<td width=\"132\"><b>ATAMBUA<\/b><\/td>\n<\/tr>\n<tr>\n<td width=\"101\"><b>2\u00ba BACHILLERATO<\/b><\/td>\n<td width=\"315\"><i>peinture murale dans laquelle est indiqu\u00e9 le nombre d&rsquo;utilisateurs et leur provenance. Localisation, projet \u00e0 ex\u00e9cuter et quels \u00e0 objectifs atteindre<\/i><\/td>\n<td width=\"132\"><b>EXPLICATION DU PROJET<\/b><\/td>\n<\/tr>\n<\/tbody>\n<\/table>\n<p style=\"text-align: center;\"><a href=\"https:\/\/www.itakaescolapios.org\/wp-content\/uploads\/2015\/11\/Valla.png\">\u00a0<\/a><\/p>\n","protected":false},"excerpt":{"rendered":"<p>L&rsquo;\u00e9quipage nous propose dans cette activit\u00e9 de r\u00e9aliser une peinture murale de mani\u00e8re partag\u00e9e, entre tous les \u00e9l\u00e8ves du coll\u00e8ge, qui pr\u00e9sente le projet de l&rsquo;ASRAMA \u00e0 toute la Communaut\u00e9 [&hellip;]<\/p>\n","protected":false},"author":46,"featured_media":0,"parent":0,"menu_order":0,"comment_status":"closed","ping_status":"closed","template":"","meta":{"_et_pb_use_builder":"","_et_pb_old_content":"","_et_gb_content_width":"","footnotes":""},"class_list":["post-13543","page","type-page","status-publish","hentry"],"yoast_head":"<!-- This site is optimized with the Yoast SEO plugin v27.5 - https:\/\/yoast.com\/product\/yoast-seo-wordpress\/ -->\n<title>LA GRANDE peinture murale DE L&#039;ASRAMA<\/title>\n<meta name=\"description\" content=\"L&#039;\u00e9quipage nous propose dans cette activit\u00e9 de r\u00e9aliser une peinture murale de mani\u00e8re partag\u00e9e, entre tous les \u00e9l\u00e8ves du coll\u00e8ge, qui pr\u00e9sente le projet de l&#039;ASRAMA \u00e0 toute la Communaut\u00e9 Educative. Dans un lieu central du coll\u00e8ge (porches des patios, secr\u00e9tariat) nous placerons une grande peinture murale de 3 x4 m\u00e8tres, divis\u00e9e selon les apart\u00e9s\u2026\" \/>\n<meta name=\"robots\" content=\"index, follow, max-snippet:-1, max-image-preview:large, max-video-preview:-1\" \/>\n<link rel=\"canonical\" href=\"http:\/\/L'\u00e9quipage%20nous%20propose%20dans%20cette%20activit\u00e9%20de%20r\u00e9aliser%20une%20peinture%20murale%20de%20mani\u00e8re%20partag\u00e9e,%20entre%20tous%20les%20\u00e9l\u00e8ves%20du%20coll\u00e8ge,%20qui%20pr\u00e9sente%20le%20projet%20de%20l'ASRAMA%20\u00e0%20toute%20la%20Communaut\u00e9%20Educative.%20Dans%20un%20lieu%20central%20du%20coll\u00e8ge%20(porches%20des%20patios,%20secr\u00e9tariat)%20nous%20placerons%20une%20grande%20peinture%20murale%20de%203%20x4%20m\u00e8tres,%20divis\u00e9e%20selon%20les%20apart\u00e9s\u2026\" \/>\n<meta property=\"og:locale\" content=\"fr_FR\" \/>\n<meta property=\"og:type\" content=\"article\" \/>\n<meta property=\"og:title\" content=\"LA GRANDE peinture murale DE L&#039;ASRAMA\" \/>\n<meta property=\"og:description\" content=\"L&#039;\u00e9quipage nous propose dans cette activit\u00e9 de r\u00e9aliser une peinture murale de mani\u00e8re partag\u00e9e, entre tous les \u00e9l\u00e8ves du coll\u00e8ge, qui pr\u00e9sente le projet de l&#039;ASRAMA \u00e0 toute la Communaut\u00e9 Educative. Dans un lieu central du coll\u00e8ge (porches des patios, secr\u00e9tariat) nous placerons une grande peinture murale de 3 x4 m\u00e8tres, divis\u00e9e selon les apart\u00e9s\u2026\" \/>\n<meta property=\"og:url\" content=\"https:\/\/www.itakaescolapios.org\/fr\/el-gran-mural-del-asrama\/\" \/>\n<meta property=\"og:site_name\" content=\"Itaka-Escolapios\" \/>\n<meta property=\"article:modified_time\" content=\"2023-11-28T11:38:35+00:00\" \/>\n<meta property=\"og:image\" content=\"https:\/\/www.itakaescolapios.org\/wp-content\/uploads\/2015\/11\/Valla.png\" \/>\n\t<meta property=\"og:image:width\" content=\"1380\" \/>\n\t<meta property=\"og:image:height\" content=\"777\" \/>\n\t<meta property=\"og:image:type\" content=\"image\/png\" \/>\n<meta name=\"twitter:card\" content=\"summary_large_image\" \/>\n<meta name=\"twitter:label1\" content=\"Dur\u00e9e de lecture estim\u00e9e\" \/>\n\t<meta name=\"twitter:data1\" content=\"1 minute\" \/>\n<script type=\"application\/ld+json\" class=\"yoast-schema-graph\">{\"@context\":\"https:\\\/\\\/schema.org\",\"@graph\":[{\"@type\":\"WebPage\",\"@id\":\"https:\\\/\\\/www.itakaescolapios.org\\\/fr\\\/el-gran-mural-del-asrama\\\/\",\"url\":\"https:\\\/\\\/www.itakaescolapios.org\\\/fr\\\/el-gran-mural-del-asrama\\\/\",\"name\":\"EL GRAN MURAL DEL ASRAMA - Itaka-Escolapios\",\"isPartOf\":{\"@id\":\"https:\\\/\\\/www.itakaescolapios.org\\\/es\\\/#website\"},\"primaryImageOfPage\":{\"@id\":\"https:\\\/\\\/www.itakaescolapios.org\\\/fr\\\/el-gran-mural-del-asrama\\\/#primaryimage\"},\"image\":{\"@id\":\"https:\\\/\\\/www.itakaescolapios.org\\\/fr\\\/el-gran-mural-del-asrama\\\/#primaryimage\"},\"thumbnailUrl\":\"https:\\\/\\\/www.itakaescolapios.org\\\/wp-content\\\/uploads\\\/2015\\\/11\\\/Valla-1024x576.png\",\"datePublished\":\"2015-11-03T15:12:43+00:00\",\"dateModified\":\"2023-11-28T11:38:35+00:00\",\"breadcrumb\":{\"@id\":\"https:\\\/\\\/www.itakaescolapios.org\\\/fr\\\/el-gran-mural-del-asrama\\\/#breadcrumb\"},\"inLanguage\":\"fr-FR\",\"potentialAction\":[{\"@type\":\"ReadAction\",\"target\":[\"https:\\\/\\\/www.itakaescolapios.org\\\/fr\\\/el-gran-mural-del-asrama\\\/\"]}]},{\"@type\":\"ImageObject\",\"inLanguage\":\"fr-FR\",\"@id\":\"https:\\\/\\\/www.itakaescolapios.org\\\/fr\\\/el-gran-mural-del-asrama\\\/#primaryimage\",\"url\":\"https:\\\/\\\/www.itakaescolapios.org\\\/wp-content\\\/uploads\\\/2015\\\/11\\\/Valla-1024x576.png\",\"contentUrl\":\"https:\\\/\\\/www.itakaescolapios.org\\\/wp-content\\\/uploads\\\/2015\\\/11\\\/Valla-1024x576.png\"},{\"@type\":\"BreadcrumbList\",\"@id\":\"https:\\\/\\\/www.itakaescolapios.org\\\/fr\\\/el-gran-mural-del-asrama\\\/#breadcrumb\",\"itemListElement\":[{\"@type\":\"ListItem\",\"position\":1,\"name\":\"Itaka-Escolapios\",\"item\":\"https:\\\/\\\/www.itakaescolapios.org\\\/es\\\/\"},{\"@type\":\"ListItem\",\"position\":2,\"name\":\"LA GRANDE peinture murale DE L'ASRAMA\"}]},{\"@type\":\"WebSite\",\"@id\":\"https:\\\/\\\/www.itakaescolapios.org\\\/fr\\\/es\\\/#website\",\"url\":\"https:\\\/\\\/www.itakaescolapios.org\\\/fr\\\/es\\\/\",\"name\":\"Itaka-Escolapios\",\"description\":\"Red de Itaka-Escolapios\",\"publisher\":{\"@id\":\"https:\\\/\\\/www.itakaescolapios.org\\\/fr\\\/es\\\/#organization\"},\"potentialAction\":[{\"@type\":\"SearchAction\",\"target\":{\"@type\":\"EntryPoint\",\"urlTemplate\":\"https:\\\/\\\/www.itakaescolapios.org\\\/fr\\\/es\\\/?s={search_term_string}\"},\"query-input\":{\"@type\":\"PropertyValueSpecification\",\"valueRequired\":true,\"valueName\":\"search_term_string\"}}],\"inLanguage\":\"fr-FR\"},{\"@type\":\"Organization\",\"@id\":\"https:\\\/\\\/www.itakaescolapios.org\\\/fr\\\/es\\\/#organization\",\"name\":\"Fundaci\u00f3 Itaka-Escolapios\",\"url\":\"https:\\\/\\\/www.itakaescolapios.org\\\/fr\\\/es\\\/\",\"logo\":{\"@type\":\"ImageObject\",\"inLanguage\":\"fr-FR\",\"@id\":\"https:\\\/\\\/www.itakaescolapios.org\\\/fr\\\/es\\\/#\\\/schema\\\/logo\\\/image\\\/\",\"url\":\"https:\\\/\\\/www.itakaescolapios.org\\\/wp-content\\\/uploads\\\/2024\\\/04\\\/Logo-itakaescolapios-peque.png\",\"contentUrl\":\"https:\\\/\\\/www.itakaescolapios.org\\\/wp-content\\\/uploads\\\/2024\\\/04\\\/Logo-itakaescolapios-peque.png\",\"width\":500,\"height\":199,\"caption\":\"Fundaci\u00f3 Itaka-Escolapios\"},\"image\":{\"@id\":\"https:\\\/\\\/www.itakaescolapios.org\\\/fr\\\/es\\\/#\\\/schema\\\/logo\\\/image\\\/\"}}]}<\/script>\n<!-- \/ Yoast SEO plugin. -->","yoast_head_json":{"title":"LA GRANDE peinture murale DE L'ASRAMA","description":"L'\u00e9quipage nous propose dans cette activit\u00e9 de r\u00e9aliser une peinture murale de mani\u00e8re partag\u00e9e, entre tous les \u00e9l\u00e8ves du coll\u00e8ge, qui pr\u00e9sente le projet de l'ASRAMA \u00e0 toute la Communaut\u00e9 Educative. Dans un lieu central du coll\u00e8ge (porches des patios, secr\u00e9tariat) nous placerons une grande peinture murale de 3 x4 m\u00e8tres, divis\u00e9e selon les apart\u00e9s\u2026","robots":{"index":"index","follow":"follow","max-snippet":"max-snippet:-1","max-image-preview":"max-image-preview:large","max-video-preview":"max-video-preview:-1"},"canonical":"L'\u00e9quipage nous propose dans cette activit\u00e9 de r\u00e9aliser une peinture murale de mani\u00e8re partag\u00e9e, entre tous les \u00e9l\u00e8ves du coll\u00e8ge, qui pr\u00e9sente le projet de l'ASRAMA \u00e0 toute la Communaut\u00e9 Educative. Dans un lieu central du coll\u00e8ge (porches des patios, secr\u00e9tariat) nous placerons une grande peinture murale de 3 x4 m\u00e8tres, divis\u00e9e selon les apart\u00e9s\u2026","og_locale":"fr_FR","og_type":"article","og_title":"LA GRANDE peinture murale DE L'ASRAMA","og_description":"L'\u00e9quipage nous propose dans cette activit\u00e9 de r\u00e9aliser une peinture murale de mani\u00e8re partag\u00e9e, entre tous les \u00e9l\u00e8ves du coll\u00e8ge, qui pr\u00e9sente le projet de l'ASRAMA \u00e0 toute la Communaut\u00e9 Educative. Dans un lieu central du coll\u00e8ge (porches des patios, secr\u00e9tariat) nous placerons une grande peinture murale de 3 x4 m\u00e8tres, divis\u00e9e selon les apart\u00e9s\u2026","og_url":"https:\/\/www.itakaescolapios.org\/fr\/el-gran-mural-del-asrama\/","og_site_name":"Itaka-Escolapios","article_modified_time":"2023-11-28T11:38:35+00:00","og_image":[{"width":1380,"height":777,"url":"https:\/\/www.itakaescolapios.org\/wp-content\/uploads\/2015\/11\/Valla.png","type":"image\/png"}],"twitter_card":"summary_large_image","twitter_misc":{"Dur\u00e9e de lecture estim\u00e9e":"1 minute"},"schema":{"@context":"https:\/\/schema.org","@graph":[{"@type":"WebPage","@id":"https:\/\/www.itakaescolapios.org\/fr\/el-gran-mural-del-asrama\/","url":"https:\/\/www.itakaescolapios.org\/fr\/el-gran-mural-del-asrama\/","name":"EL GRAN MURAL DEL ASRAMA - Itaka-Escolapios","isPartOf":{"@id":"https:\/\/www.itakaescolapios.org\/es\/#website"},"primaryImageOfPage":{"@id":"https:\/\/www.itakaescolapios.org\/fr\/el-gran-mural-del-asrama\/#primaryimage"},"image":{"@id":"https:\/\/www.itakaescolapios.org\/fr\/el-gran-mural-del-asrama\/#primaryimage"},"thumbnailUrl":"https:\/\/www.itakaescolapios.org\/wp-content\/uploads\/2015\/11\/Valla-1024x576.png","datePublished":"2015-11-03T15:12:43+00:00","dateModified":"2023-11-28T11:38:35+00:00","breadcrumb":{"@id":"https:\/\/www.itakaescolapios.org\/fr\/el-gran-mural-del-asrama\/#breadcrumb"},"inLanguage":"fr-FR","potentialAction":[{"@type":"ReadAction","target":["https:\/\/www.itakaescolapios.org\/fr\/el-gran-mural-del-asrama\/"]}]},{"@type":"ImageObject","inLanguage":"fr-FR","@id":"https:\/\/www.itakaescolapios.org\/fr\/el-gran-mural-del-asrama\/#primaryimage","url":"https:\/\/www.itakaescolapios.org\/wp-content\/uploads\/2015\/11\/Valla-1024x576.png","contentUrl":"https:\/\/www.itakaescolapios.org\/wp-content\/uploads\/2015\/11\/Valla-1024x576.png"},{"@type":"BreadcrumbList","@id":"https:\/\/www.itakaescolapios.org\/fr\/el-gran-mural-del-asrama\/#breadcrumb","itemListElement":[{"@type":"ListItem","position":1,"name":"Itaka-Escolapios","item":"https:\/\/www.itakaescolapios.org\/es\/"},{"@type":"ListItem","position":2,"name":"LA GRANDE peinture murale DE L'ASRAMA"}]},{"@type":"WebSite","@id":"https:\/\/www.itakaescolapios.org\/fr\/es\/#website","url":"https:\/\/www.itakaescolapios.org\/fr\/es\/","name":"Itaka-Escolapios","description":"Red de Itaka-Escolapios","publisher":{"@id":"https:\/\/www.itakaescolapios.org\/fr\/es\/#organization"},"potentialAction":[{"@type":"SearchAction","target":{"@type":"EntryPoint","urlTemplate":"https:\/\/www.itakaescolapios.org\/fr\/es\/?s={search_term_string}"},"query-input":{"@type":"PropertyValueSpecification","valueRequired":true,"valueName":"search_term_string"}}],"inLanguage":"fr-FR"},{"@type":"Organization","@id":"https:\/\/www.itakaescolapios.org\/fr\/es\/#organization","name":"Fundaci\u00f3 Itaka-Escolapios","url":"https:\/\/www.itakaescolapios.org\/fr\/es\/","logo":{"@type":"ImageObject","inLanguage":"fr-FR","@id":"https:\/\/www.itakaescolapios.org\/fr\/es\/#\/schema\/logo\/image\/","url":"https:\/\/www.itakaescolapios.org\/wp-content\/uploads\/2024\/04\/Logo-itakaescolapios-peque.png","contentUrl":"https:\/\/www.itakaescolapios.org\/wp-content\/uploads\/2024\/04\/Logo-itakaescolapios-peque.png","width":500,"height":199,"caption":"Fundaci\u00f3 Itaka-Escolapios"},"image":{"@id":"https:\/\/www.itakaescolapios.org\/fr\/es\/#\/schema\/logo\/image\/"}}]}},"_links":{"self":[{"href":"https:\/\/www.itakaescolapios.org\/fr\/wp-json\/wp\/v2\/pages\/13543","targetHints":{"allow":["GET"]}}],"collection":[{"href":"https:\/\/www.itakaescolapios.org\/fr\/wp-json\/wp\/v2\/pages"}],"about":[{"href":"https:\/\/www.itakaescolapios.org\/fr\/wp-json\/wp\/v2\/types\/page"}],"author":[{"embeddable":true,"href":"https:\/\/www.itakaescolapios.org\/fr\/wp-json\/wp\/v2\/users\/46"}],"replies":[{"embeddable":true,"href":"https:\/\/www.itakaescolapios.org\/fr\/wp-json\/wp\/v2\/comments?post=13543"}],"version-history":[{"count":43,"href":"https:\/\/www.itakaescolapios.org\/fr\/wp-json\/wp\/v2\/pages\/13543\/revisions"}],"predecessor-version":[{"id":48568,"href":"https:\/\/www.itakaescolapios.org\/fr\/wp-json\/wp\/v2\/pages\/13543\/revisions\/48568"}],"wp:attachment":[{"href":"https:\/\/www.itakaescolapios.org\/fr\/wp-json\/wp\/v2\/media?parent=13543"}],"curies":[{"name":"wp","href":"https:\/\/api.w.org\/{rel}","templated":true}]}}