{"id":13551,"date":"2015-11-03T16:36:35","date_gmt":"2015-11-03T15:36:35","guid":{"rendered":"https:\/\/www.itakaescolapios.org\/?page_id=13551"},"modified":"2023-11-28T12:38:35","modified_gmt":"2023-11-28T11:38:35","slug":"telegrama-tweet","status":"publish","type":"page","link":"https:\/\/www.itakaescolapios.org\/fr\/telegrama-tweet\/","title":{"rendered":"TELEGRAMME-TWEET"},"content":{"rendered":"<p><a href=\"https:\/\/www.itakaescolapios.org\/wp-content\/uploads\/2015\/11\/Twitter-Tips.png\"><img decoding=\"async\" class=\"size-full wp-image-13670 alignleft\" alt=\"Twitter-Tips\" src=\"https:\/\/www.itakaescolapios.org\/wp-content\/uploads\/2015\/11\/Twitter-Tips.png\" width=\"300\" height=\"300\" srcset=\"https:\/\/www.itakaescolapios.org\/wp-content\/uploads\/2015\/11\/Twitter-Tips.png 300w, https:\/\/www.itakaescolapios.org\/wp-content\/uploads\/2015\/11\/Twitter-Tips-90x90.png 90w, https:\/\/www.itakaescolapios.org\/wp-content\/uploads\/2015\/11\/Twitter-Tips-250x250.png 250w\" sizes=\"(max-width: 300px) 100vw, 300px\" \/><\/a><\/p>\n<p>Bla<b>, <\/b>est le t\u00e9l\u00e9graphiste de l&rsquo;\u00e9quipage Itaka et sa mission est de communiquer et diffuser tout se qui se produit. Si un bateau s&rsquo;approche, si une temp\u00eate approche, envoyer un S.O.S, envoyer des t\u00e9l\u00e9grammes aux familles pour qu&rsquo;elles aient des nouvelles&#8230;<\/p>\n<p>Dans cette activit\u00e9, nous voulons impliquer les familles pour aider BLA dans son travail. Pour cela, nous avons cr\u00e9e Tweet-T\u00e9l\u00e9grammes.<\/p>\n<p>Comme nous le savons, les t\u00e9l\u00e9grammes sont un message de texte bref que l&rsquo;on envoie rapidement \u00e0 travers une codification. On les utilisait pour transmettre une information importante avec peu de mots.<\/p>\n<p>Actuellement, les tweets sont a version moderne des t\u00e9l\u00e9grammes. De l\u00e0 une union entre les pass\u00e9 et le pr\u00e9sent, et la g\u00e9n\u00e9ration des parents avec celle de leurs enfants. Nous avons cr\u00e9e les Tweet-t\u00e9l\u00e9grammes.<\/p>\n<p>En classe, le professeur donnera aux enfants une feuille en forme de t\u00e9l\u00e9gramme (joindre) \u00e0 emmener \u00e0 la maison, et les familles \u00e9criront alors un Tweet-t\u00e9l\u00e9gramme qui peut \u00eatre de deux formes:<\/p>\n<p>1. Partir \u00e0 la rencontre. Ecrire au maximum 125 caract\u00e8res des attitudes qui encouragent la rencontre avec l&rsquo;autre.<\/p>\n<p>2. Quelque chose qui aura surpris l&rsquo;enfant ou qu&rsquo;il ait appris sur la r\u00e9alit\u00e9 de l&rsquo;Indon\u00e9sie.<\/p>\n<p>Le professeur choisira les tweet-t\u00e9l\u00e9grammes qu&rsquo;il pr\u00e9f\u00e8re et les enverra \u00e0 l&rsquo;adresse e-mail suivante: <a href=\"mailto:solidary@itakaescolapios.org\">solidary@itakaescolapios.org<\/a>. Depuis Itaka-Escalopios, nous les diffuserons \u00e0 travers les r\u00e9seaux sociaux.<\/p>\n<p><strong><span style=\"color: #808000;\"><span style=\"color: #808000;\">T\u00e9l\u00e9chargez le pdf\u00a0<a href=\"https:\/\/www.itakaescolapios.org\/wp-content\/uploads\/2015\/11\/TELEGRAMA-TWEET.pdf\">\u00a0TELEGRAMA &#8211; TWEET<\/a><\/span><\/span><\/strong><\/p>\n","protected":false},"excerpt":{"rendered":"<p>Bla, est le t\u00e9l\u00e9graphiste de l&rsquo;\u00e9quipage Itaka et sa mission est de communiquer et diffuser tout se qui se produit. Si un bateau s&rsquo;approche, si une temp\u00eate approche, envoyer un [&hellip;]<\/p>\n","protected":false},"author":46,"featured_media":0,"parent":0,"menu_order":0,"comment_status":"closed","ping_status":"closed","template":"","meta":{"_et_pb_use_builder":"","_et_pb_old_content":"","_et_gb_content_width":"","footnotes":""},"class_list":["post-13551","page","type-page","status-publish","hentry"],"yoast_head":"<!-- This site is optimized with the Yoast SEO plugin v27.3 - https:\/\/yoast.com\/product\/yoast-seo-wordpress\/ -->\n<title>TELEGRAMME-TWEET<\/title>\n<meta name=\"description\" content=\"Bla, est le t\u00e9l\u00e9graphiste de l&#039;\u00e9quipage Itaka et sa mission est de communiquer et diffuser tout se qui se produit. Si un bateau s&#039;approche, si une temp\u00eate approche, envoyer un S.O.S, envoyer des t\u00e9l\u00e9grammes aux familles pour qu&#039;elles aient des nouvelles... Dans cette activit\u00e9, nous voulons impliquer les familles pour aider BLA dans son travail.\u2026\" \/>\n<meta name=\"robots\" content=\"index, follow, max-snippet:-1, max-image-preview:large, max-video-preview:-1\" \/>\n<link rel=\"canonical\" href=\"http:\/\/Bla,%20est%20le%20t\u00e9l\u00e9graphiste%20de%20l'\u00e9quipage%20Itaka%20et%20sa%20mission%20est%20de%20communiquer%20et%20diffuser%20tout%20se%20qui%20se%20produit.%20Si%20un%20bateau%20s'approche,%20si%20une%20temp\u00eate%20approche,%20envoyer%20un%20S.O.S,%20envoyer%20des%20t\u00e9l\u00e9grammes%20aux%20familles%20pour%20qu'elles%20aient%20des%20nouvelles...%20Dans%20cette%20activit\u00e9,%20nous%20voulons%20impliquer%20les%20familles%20pour%20aider%20BLA%20dans%20son%20travail.\u2026\" \/>\n<meta property=\"og:locale\" content=\"fr_FR\" \/>\n<meta property=\"og:type\" content=\"article\" \/>\n<meta property=\"og:title\" content=\"TELEGRAMME-TWEET\" \/>\n<meta property=\"og:description\" content=\"Bla, est le t\u00e9l\u00e9graphiste de l&#039;\u00e9quipage Itaka et sa mission est de communiquer et diffuser tout se qui se produit. Si un bateau s&#039;approche, si une temp\u00eate approche, envoyer un S.O.S, envoyer des t\u00e9l\u00e9grammes aux familles pour qu&#039;elles aient des nouvelles... Dans cette activit\u00e9, nous voulons impliquer les familles pour aider BLA dans son travail.\u2026\" \/>\n<meta property=\"og:url\" content=\"https:\/\/www.itakaescolapios.org\/fr\/telegrama-tweet\/\" \/>\n<meta property=\"og:site_name\" content=\"Itaka-Escolapios\" \/>\n<meta property=\"article:modified_time\" content=\"2023-11-28T11:38:35+00:00\" \/>\n<meta property=\"og:image\" content=\"https:\/\/www.itakaescolapios.org\/wp-content\/uploads\/2015\/11\/Twitter-Tips.png\" \/>\n\t<meta property=\"og:image:width\" content=\"300\" \/>\n\t<meta property=\"og:image:height\" content=\"300\" \/>\n\t<meta property=\"og:image:type\" content=\"image\/png\" \/>\n<meta name=\"twitter:card\" content=\"summary_large_image\" \/>\n<meta name=\"twitter:label1\" content=\"Dur\u00e9e de lecture estim\u00e9e\" \/>\n\t<meta name=\"twitter:data1\" content=\"1 minute\" \/>\n<script type=\"application\/ld+json\" class=\"yoast-schema-graph\">{\"@context\":\"https:\\\/\\\/schema.org\",\"@graph\":[{\"@type\":\"WebPage\",\"@id\":\"https:\\\/\\\/www.itakaescolapios.org\\\/fr\\\/telegrama-tweet\\\/\",\"url\":\"https:\\\/\\\/www.itakaescolapios.org\\\/fr\\\/telegrama-tweet\\\/\",\"name\":\"TELEGRAMA - TWEET - Itaka-Escolapios\",\"isPartOf\":{\"@id\":\"https:\\\/\\\/www.itakaescolapios.org\\\/es\\\/#website\"},\"primaryImageOfPage\":{\"@id\":\"https:\\\/\\\/www.itakaescolapios.org\\\/fr\\\/telegrama-tweet\\\/#primaryimage\"},\"image\":{\"@id\":\"https:\\\/\\\/www.itakaescolapios.org\\\/fr\\\/telegrama-tweet\\\/#primaryimage\"},\"thumbnailUrl\":\"https:\\\/\\\/www.itakaescolapios.org\\\/wp-content\\\/uploads\\\/2015\\\/11\\\/Twitter-Tips.png\",\"datePublished\":\"2015-11-03T15:36:35+00:00\",\"dateModified\":\"2023-11-28T11:38:35+00:00\",\"breadcrumb\":{\"@id\":\"https:\\\/\\\/www.itakaescolapios.org\\\/fr\\\/telegrama-tweet\\\/#breadcrumb\"},\"inLanguage\":\"fr-FR\",\"potentialAction\":[{\"@type\":\"ReadAction\",\"target\":[\"https:\\\/\\\/www.itakaescolapios.org\\\/fr\\\/telegrama-tweet\\\/\"]}]},{\"@type\":\"ImageObject\",\"inLanguage\":\"fr-FR\",\"@id\":\"https:\\\/\\\/www.itakaescolapios.org\\\/fr\\\/telegrama-tweet\\\/#primaryimage\",\"url\":\"https:\\\/\\\/www.itakaescolapios.org\\\/wp-content\\\/uploads\\\/2015\\\/11\\\/Twitter-Tips.png\",\"contentUrl\":\"https:\\\/\\\/www.itakaescolapios.org\\\/wp-content\\\/uploads\\\/2015\\\/11\\\/Twitter-Tips.png\"},{\"@type\":\"BreadcrumbList\",\"@id\":\"https:\\\/\\\/www.itakaescolapios.org\\\/fr\\\/telegrama-tweet\\\/#breadcrumb\",\"itemListElement\":[{\"@type\":\"ListItem\",\"position\":1,\"name\":\"Itaka-Escolapios\",\"item\":\"https:\\\/\\\/www.itakaescolapios.org\\\/es\\\/\"},{\"@type\":\"ListItem\",\"position\":2,\"name\":\"TELEGRAMME-TWEET\"}]},{\"@type\":\"WebSite\",\"@id\":\"https:\\\/\\\/www.itakaescolapios.org\\\/fr\\\/es\\\/#website\",\"url\":\"https:\\\/\\\/www.itakaescolapios.org\\\/fr\\\/es\\\/\",\"name\":\"Itaka-Escolapios\",\"description\":\"Red de Itaka-Escolapios\",\"publisher\":{\"@id\":\"https:\\\/\\\/www.itakaescolapios.org\\\/fr\\\/es\\\/#organization\"},\"potentialAction\":[{\"@type\":\"SearchAction\",\"target\":{\"@type\":\"EntryPoint\",\"urlTemplate\":\"https:\\\/\\\/www.itakaescolapios.org\\\/fr\\\/es\\\/?s={search_term_string}\"},\"query-input\":{\"@type\":\"PropertyValueSpecification\",\"valueRequired\":true,\"valueName\":\"search_term_string\"}}],\"inLanguage\":\"fr-FR\"},{\"@type\":\"Organization\",\"@id\":\"https:\\\/\\\/www.itakaescolapios.org\\\/fr\\\/es\\\/#organization\",\"name\":\"Fundaci\u00f3 Itaka-Escolapios\",\"url\":\"https:\\\/\\\/www.itakaescolapios.org\\\/fr\\\/es\\\/\",\"logo\":{\"@type\":\"ImageObject\",\"inLanguage\":\"fr-FR\",\"@id\":\"https:\\\/\\\/www.itakaescolapios.org\\\/fr\\\/es\\\/#\\\/schema\\\/logo\\\/image\\\/\",\"url\":\"https:\\\/\\\/www.itakaescolapios.org\\\/wp-content\\\/uploads\\\/2024\\\/04\\\/Logo-itakaescolapios-peque.png\",\"contentUrl\":\"https:\\\/\\\/www.itakaescolapios.org\\\/wp-content\\\/uploads\\\/2024\\\/04\\\/Logo-itakaescolapios-peque.png\",\"width\":500,\"height\":199,\"caption\":\"Fundaci\u00f3 Itaka-Escolapios\"},\"image\":{\"@id\":\"https:\\\/\\\/www.itakaescolapios.org\\\/fr\\\/es\\\/#\\\/schema\\\/logo\\\/image\\\/\"}}]}<\/script>\n<!-- \/ Yoast SEO plugin. -->","yoast_head_json":{"title":"TELEGRAMME-TWEET","description":"Bla, est le t\u00e9l\u00e9graphiste de l'\u00e9quipage Itaka et sa mission est de communiquer et diffuser tout se qui se produit. Si un bateau s'approche, si une temp\u00eate approche, envoyer un S.O.S, envoyer des t\u00e9l\u00e9grammes aux familles pour qu'elles aient des nouvelles... Dans cette activit\u00e9, nous voulons impliquer les familles pour aider BLA dans son travail.\u2026","robots":{"index":"index","follow":"follow","max-snippet":"max-snippet:-1","max-image-preview":"max-image-preview:large","max-video-preview":"max-video-preview:-1"},"canonical":"Bla, est le t\u00e9l\u00e9graphiste de l'\u00e9quipage Itaka et sa mission est de communiquer et diffuser tout se qui se produit. Si un bateau s'approche, si une temp\u00eate approche, envoyer un S.O.S, envoyer des t\u00e9l\u00e9grammes aux familles pour qu'elles aient des nouvelles... Dans cette activit\u00e9, nous voulons impliquer les familles pour aider BLA dans son travail.\u2026","og_locale":"fr_FR","og_type":"article","og_title":"TELEGRAMME-TWEET","og_description":"Bla, est le t\u00e9l\u00e9graphiste de l'\u00e9quipage Itaka et sa mission est de communiquer et diffuser tout se qui se produit. Si un bateau s'approche, si une temp\u00eate approche, envoyer un S.O.S, envoyer des t\u00e9l\u00e9grammes aux familles pour qu'elles aient des nouvelles... Dans cette activit\u00e9, nous voulons impliquer les familles pour aider BLA dans son travail.\u2026","og_url":"https:\/\/www.itakaescolapios.org\/fr\/telegrama-tweet\/","og_site_name":"Itaka-Escolapios","article_modified_time":"2023-11-28T11:38:35+00:00","og_image":[{"width":300,"height":300,"url":"https:\/\/www.itakaescolapios.org\/wp-content\/uploads\/2015\/11\/Twitter-Tips.png","type":"image\/png"}],"twitter_card":"summary_large_image","twitter_misc":{"Dur\u00e9e de lecture estim\u00e9e":"1 minute"},"schema":{"@context":"https:\/\/schema.org","@graph":[{"@type":"WebPage","@id":"https:\/\/www.itakaescolapios.org\/fr\/telegrama-tweet\/","url":"https:\/\/www.itakaescolapios.org\/fr\/telegrama-tweet\/","name":"TELEGRAMA - TWEET - Itaka-Escolapios","isPartOf":{"@id":"https:\/\/www.itakaescolapios.org\/es\/#website"},"primaryImageOfPage":{"@id":"https:\/\/www.itakaescolapios.org\/fr\/telegrama-tweet\/#primaryimage"},"image":{"@id":"https:\/\/www.itakaescolapios.org\/fr\/telegrama-tweet\/#primaryimage"},"thumbnailUrl":"https:\/\/www.itakaescolapios.org\/wp-content\/uploads\/2015\/11\/Twitter-Tips.png","datePublished":"2015-11-03T15:36:35+00:00","dateModified":"2023-11-28T11:38:35+00:00","breadcrumb":{"@id":"https:\/\/www.itakaescolapios.org\/fr\/telegrama-tweet\/#breadcrumb"},"inLanguage":"fr-FR","potentialAction":[{"@type":"ReadAction","target":["https:\/\/www.itakaescolapios.org\/fr\/telegrama-tweet\/"]}]},{"@type":"ImageObject","inLanguage":"fr-FR","@id":"https:\/\/www.itakaescolapios.org\/fr\/telegrama-tweet\/#primaryimage","url":"https:\/\/www.itakaescolapios.org\/wp-content\/uploads\/2015\/11\/Twitter-Tips.png","contentUrl":"https:\/\/www.itakaescolapios.org\/wp-content\/uploads\/2015\/11\/Twitter-Tips.png"},{"@type":"BreadcrumbList","@id":"https:\/\/www.itakaescolapios.org\/fr\/telegrama-tweet\/#breadcrumb","itemListElement":[{"@type":"ListItem","position":1,"name":"Itaka-Escolapios","item":"https:\/\/www.itakaescolapios.org\/es\/"},{"@type":"ListItem","position":2,"name":"TELEGRAMME-TWEET"}]},{"@type":"WebSite","@id":"https:\/\/www.itakaescolapios.org\/fr\/es\/#website","url":"https:\/\/www.itakaescolapios.org\/fr\/es\/","name":"Itaka-Escolapios","description":"Red de Itaka-Escolapios","publisher":{"@id":"https:\/\/www.itakaescolapios.org\/fr\/es\/#organization"},"potentialAction":[{"@type":"SearchAction","target":{"@type":"EntryPoint","urlTemplate":"https:\/\/www.itakaescolapios.org\/fr\/es\/?s={search_term_string}"},"query-input":{"@type":"PropertyValueSpecification","valueRequired":true,"valueName":"search_term_string"}}],"inLanguage":"fr-FR"},{"@type":"Organization","@id":"https:\/\/www.itakaescolapios.org\/fr\/es\/#organization","name":"Fundaci\u00f3 Itaka-Escolapios","url":"https:\/\/www.itakaescolapios.org\/fr\/es\/","logo":{"@type":"ImageObject","inLanguage":"fr-FR","@id":"https:\/\/www.itakaescolapios.org\/fr\/es\/#\/schema\/logo\/image\/","url":"https:\/\/www.itakaescolapios.org\/wp-content\/uploads\/2024\/04\/Logo-itakaescolapios-peque.png","contentUrl":"https:\/\/www.itakaescolapios.org\/wp-content\/uploads\/2024\/04\/Logo-itakaescolapios-peque.png","width":500,"height":199,"caption":"Fundaci\u00f3 Itaka-Escolapios"},"image":{"@id":"https:\/\/www.itakaescolapios.org\/fr\/es\/#\/schema\/logo\/image\/"}}]}},"_links":{"self":[{"href":"https:\/\/www.itakaescolapios.org\/fr\/wp-json\/wp\/v2\/pages\/13551","targetHints":{"allow":["GET"]}}],"collection":[{"href":"https:\/\/www.itakaescolapios.org\/fr\/wp-json\/wp\/v2\/pages"}],"about":[{"href":"https:\/\/www.itakaescolapios.org\/fr\/wp-json\/wp\/v2\/types\/page"}],"author":[{"embeddable":true,"href":"https:\/\/www.itakaescolapios.org\/fr\/wp-json\/wp\/v2\/users\/46"}],"replies":[{"embeddable":true,"href":"https:\/\/www.itakaescolapios.org\/fr\/wp-json\/wp\/v2\/comments?post=13551"}],"version-history":[{"count":16,"href":"https:\/\/www.itakaescolapios.org\/fr\/wp-json\/wp\/v2\/pages\/13551\/revisions"}],"predecessor-version":[{"id":48566,"href":"https:\/\/www.itakaescolapios.org\/fr\/wp-json\/wp\/v2\/pages\/13551\/revisions\/48566"}],"wp:attachment":[{"href":"https:\/\/www.itakaescolapios.org\/fr\/wp-json\/wp\/v2\/media?parent=13551"}],"curies":[{"name":"wp","href":"https:\/\/api.w.org\/{rel}","templated":true}]}}