{"id":13560,"date":"2015-11-03T16:49:47","date_gmt":"2015-11-03T15:49:47","guid":{"rendered":"https:\/\/www.itakaescolapios.org\/?page_id=13560"},"modified":"2023-11-28T12:38:35","modified_gmt":"2023-11-28T11:38:35","slug":"unidos-con-atambua","status":"publish","type":"page","link":"https:\/\/www.itakaescolapios.org\/fr\/unidos-con-atambua\/","title":{"rendered":"UNIS AVEC ATAMBUA"},"content":{"rendered":"<p style=\"text-align: center;\"><a href=\"https:\/\/www.itakaescolapios.org\/wp-content\/uploads\/2015\/11\/gracias.png\">\u00a0<\/a><\/p>\n<p><a href=\"https:\/\/www.itakaescolapios.org\/wp-content\/uploads\/2015\/11\/Unidos-Atambua.png\"><img decoding=\"async\" class=\"wp-image-13678 aligncenter\" alt=\"Unidos Atambua\" src=\"https:\/\/www.itakaescolapios.org\/wp-content\/uploads\/2015\/11\/Unidos-Atambua-1024x453.png\" width=\"717\" height=\"317\" srcset=\"https:\/\/www.itakaescolapios.org\/wp-content\/uploads\/2015\/11\/Unidos-Atambua-1024x453.png 1024w, https:\/\/www.itakaescolapios.org\/wp-content\/uploads\/2015\/11\/Unidos-Atambua-300x132.png 300w, https:\/\/www.itakaescolapios.org\/wp-content\/uploads\/2015\/11\/Unidos-Atambua-250x110.png 250w, https:\/\/www.itakaescolapios.org\/wp-content\/uploads\/2015\/11\/Unidos-Atambua.png 1180w\" sizes=\"(max-width: 717px) 100vw, 717px\" \/><\/a><\/p>\n<p style=\"text-align: justify;\"><img decoding=\"async\" class=\"wp-image-13714 aligncenter\" alt=\"gracias\" src=\"https:\/\/www.itakaescolapios.org\/wp-content\/uploads\/2015\/11\/gracias-1024x111.png\" width=\"517\" height=\"56\" srcset=\"https:\/\/www.itakaescolapios.org\/wp-content\/uploads\/2015\/11\/gracias-1024x111.png 1024w, https:\/\/www.itakaescolapios.org\/wp-content\/uploads\/2015\/11\/gracias-300x32.png 300w, https:\/\/www.itakaescolapios.org\/wp-content\/uploads\/2015\/11\/gracias-250x27.png 250w, https:\/\/www.itakaescolapios.org\/wp-content\/uploads\/2015\/11\/gracias.png 1173w\" sizes=\"(max-width: 517px) 100vw, 517px\" \/><\/p>\n<p>Durant la campagne de solidarit\u00e9 se joindront \u00e0 Atambua un total de 46 coll\u00e8ges (37 coll\u00e8ges d&rsquo;Espagne, 3 coll\u00e8ges de Bolivie, 4 coll\u00e8ges du Cameroun, 1 de Guin\u00e9e Equatoriale et 1 du Gabon). Tous unis pour la m\u00eame cause.<\/p>\n<p>\u00a0<\/p>\n<p>Nous pensons qu&rsquo;il s&rsquo;agit d&rsquo;une grande opportunit\u00e9 pour rendre visible tous vos efforts, c&rsquo;est pourquoi, nous vous proposons cette activit\u00e9, dans laquelle chaque coll\u00e8ge sera charg\u00e9 de r\u00e9aliser une lettre pour former une unique affiche avec le slogan:<\/p>\n<p>\u00a0<\/p>\n<p align=\"center\"><b>BERJUMPA DENGAN ATAMB\u00daA. Gracias. Thanks. Merci. Terima Kasih!<\/b><\/p>\n<p>\u00a0<\/p>\n<p>Quelle est votre mission? Rendre visible la lettre que nous vous assignons de la mani\u00e8re a plus cr\u00e9ative possible: dessin\u00e9 dans le patio, formant la lettre avec l&rsquo;effectif scolaire, joignant les photos des \u00e9l\u00e8ves&#8230; Une fois r\u00e9alis\u00e9e la lettre qui vous correspond, prenez-la en photo et envoyez-la \u00e0 <a href=\"mailto:solidarity@itakaescolapios.org\">solidarity@itakaescolapios.org<\/a><\/p>\n<p>\u00a0<\/p>\n<p>La participation de tous les centres investis est importante, car sinon, nous en pourrons pas r\u00e9alis\u00e9s le panneau final.<\/p>\n","protected":false},"excerpt":{"rendered":"<p>\u00a0 Durant la campagne de solidarit\u00e9 se joindront \u00e0 Atambua un total de 46 coll\u00e8ges (37 coll\u00e8ges d&rsquo;Espagne, 3 coll\u00e8ges de Bolivie, 4 coll\u00e8ges du Cameroun, 1 de Guin\u00e9e Equatoriale [&hellip;]<\/p>\n","protected":false},"author":46,"featured_media":0,"parent":0,"menu_order":0,"comment_status":"closed","ping_status":"closed","template":"","meta":{"_et_pb_use_builder":"","_et_pb_old_content":"","_et_gb_content_width":"","footnotes":""},"class_list":["post-13560","page","type-page","status-publish","hentry"],"yoast_head":"<!-- This site is optimized with the Yoast SEO plugin v27.5 - https:\/\/yoast.com\/product\/yoast-seo-wordpress\/ -->\n<title>UNIS AVEC ATAMBUA<\/title>\n<meta name=\"description\" content=\"\u00a0 Durant la campagne de solidarit\u00e9 se joindront \u00e0 Atambua un total de 46 coll\u00e8ges (37 coll\u00e8ges d&#039;Espagne, 3 coll\u00e8ges de Bolivie, 4 coll\u00e8ges du Cameroun, 1 de Guin\u00e9e Equatoriale et 1 du Gabon). Tous unis pour la m\u00eame cause. \u00a0 Nous pensons qu&#039;il s&#039;agit d&#039;une grande opportunit\u00e9 pour rendre visible tous vos efforts, c&#039;est\u2026\" \/>\n<meta name=\"robots\" content=\"index, follow, max-snippet:-1, max-image-preview:large, max-video-preview:-1\" \/>\n<link rel=\"canonical\" href=\"http:\/\/\u00a0%20Durant%20la%20campagne%20de%20solidarit\u00e9%20se%20joindront%20\u00e0%20Atambua%20un%20total%20de%2046%20coll\u00e8ges%20(37%20coll\u00e8ges%20d'Espagne,%203%20coll\u00e8ges%20de%20Bolivie,%204%20coll\u00e8ges%20du%20Cameroun,%201%20de%20Guin\u00e9e%20Equatoriale%20et%201%20du%20Gabon).%20Tous%20unis%20pour%20la%20m\u00eame%20cause.%20\u00a0%20Nous%20pensons%20qu'il%20s'agit%20d'une%20grande%20opportunit\u00e9%20pour%20rendre%20visible%20tous%20vos%20efforts,%20c'est\u2026\" \/>\n<meta property=\"og:locale\" content=\"fr_FR\" \/>\n<meta property=\"og:type\" content=\"article\" \/>\n<meta property=\"og:title\" content=\"UNIS AVEC ATAMBUA\" \/>\n<meta property=\"og:description\" content=\"\u00a0 Durant la campagne de solidarit\u00e9 se joindront \u00e0 Atambua un total de 46 coll\u00e8ges (37 coll\u00e8ges d&#039;Espagne, 3 coll\u00e8ges de Bolivie, 4 coll\u00e8ges du Cameroun, 1 de Guin\u00e9e Equatoriale et 1 du Gabon). Tous unis pour la m\u00eame cause. \u00a0 Nous pensons qu&#039;il s&#039;agit d&#039;une grande opportunit\u00e9 pour rendre visible tous vos efforts, c&#039;est\u2026\" \/>\n<meta property=\"og:url\" content=\"https:\/\/www.itakaescolapios.org\/fr\/unidos-con-atambua\/\" \/>\n<meta property=\"og:site_name\" content=\"Itaka-Escolapios\" \/>\n<meta property=\"article:modified_time\" content=\"2023-11-28T11:38:35+00:00\" \/>\n<meta property=\"og:image\" content=\"https:\/\/www.itakaescolapios.org\/wp-content\/uploads\/2015\/11\/Unidos-Atambua.png\" \/>\n\t<meta property=\"og:image:width\" content=\"1180\" \/>\n\t<meta property=\"og:image:height\" content=\"523\" \/>\n\t<meta property=\"og:image:type\" content=\"image\/png\" \/>\n<meta name=\"twitter:card\" content=\"summary_large_image\" \/>\n<meta name=\"twitter:label1\" content=\"Dur\u00e9e de lecture estim\u00e9e\" \/>\n\t<meta name=\"twitter:data1\" content=\"1 minute\" \/>\n<script type=\"application\/ld+json\" class=\"yoast-schema-graph\">{\"@context\":\"https:\\\/\\\/schema.org\",\"@graph\":[{\"@type\":\"WebPage\",\"@id\":\"https:\\\/\\\/www.itakaescolapios.org\\\/fr\\\/unidos-con-atambua\\\/\",\"url\":\"https:\\\/\\\/www.itakaescolapios.org\\\/fr\\\/unidos-con-atambua\\\/\",\"name\":\"UNIDOS CON ATAMBUA - Itaka-Escolapios\",\"isPartOf\":{\"@id\":\"https:\\\/\\\/www.itakaescolapios.org\\\/es\\\/#website\"},\"primaryImageOfPage\":{\"@id\":\"https:\\\/\\\/www.itakaescolapios.org\\\/fr\\\/unidos-con-atambua\\\/#primaryimage\"},\"image\":{\"@id\":\"https:\\\/\\\/www.itakaescolapios.org\\\/fr\\\/unidos-con-atambua\\\/#primaryimage\"},\"thumbnailUrl\":\"https:\\\/\\\/www.itakaescolapios.org\\\/wp-content\\\/uploads\\\/2015\\\/11\\\/Unidos-Atambua-1024x453.png\",\"datePublished\":\"2015-11-03T15:49:47+00:00\",\"dateModified\":\"2023-11-28T11:38:35+00:00\",\"breadcrumb\":{\"@id\":\"https:\\\/\\\/www.itakaescolapios.org\\\/fr\\\/unidos-con-atambua\\\/#breadcrumb\"},\"inLanguage\":\"fr-FR\",\"potentialAction\":[{\"@type\":\"ReadAction\",\"target\":[\"https:\\\/\\\/www.itakaescolapios.org\\\/fr\\\/unidos-con-atambua\\\/\"]}]},{\"@type\":\"ImageObject\",\"inLanguage\":\"fr-FR\",\"@id\":\"https:\\\/\\\/www.itakaescolapios.org\\\/fr\\\/unidos-con-atambua\\\/#primaryimage\",\"url\":\"https:\\\/\\\/www.itakaescolapios.org\\\/wp-content\\\/uploads\\\/2015\\\/11\\\/Unidos-Atambua-1024x453.png\",\"contentUrl\":\"https:\\\/\\\/www.itakaescolapios.org\\\/wp-content\\\/uploads\\\/2015\\\/11\\\/Unidos-Atambua-1024x453.png\"},{\"@type\":\"BreadcrumbList\",\"@id\":\"https:\\\/\\\/www.itakaescolapios.org\\\/fr\\\/unidos-con-atambua\\\/#breadcrumb\",\"itemListElement\":[{\"@type\":\"ListItem\",\"position\":1,\"name\":\"Itaka-Escolapios\",\"item\":\"https:\\\/\\\/www.itakaescolapios.org\\\/es\\\/\"},{\"@type\":\"ListItem\",\"position\":2,\"name\":\"UNIS AVEC ATAMBUA\"}]},{\"@type\":\"WebSite\",\"@id\":\"https:\\\/\\\/www.itakaescolapios.org\\\/fr\\\/es\\\/#website\",\"url\":\"https:\\\/\\\/www.itakaescolapios.org\\\/fr\\\/es\\\/\",\"name\":\"Itaka-Escolapios\",\"description\":\"Red de Itaka-Escolapios\",\"publisher\":{\"@id\":\"https:\\\/\\\/www.itakaescolapios.org\\\/fr\\\/es\\\/#organization\"},\"potentialAction\":[{\"@type\":\"SearchAction\",\"target\":{\"@type\":\"EntryPoint\",\"urlTemplate\":\"https:\\\/\\\/www.itakaescolapios.org\\\/fr\\\/es\\\/?s={search_term_string}\"},\"query-input\":{\"@type\":\"PropertyValueSpecification\",\"valueRequired\":true,\"valueName\":\"search_term_string\"}}],\"inLanguage\":\"fr-FR\"},{\"@type\":\"Organization\",\"@id\":\"https:\\\/\\\/www.itakaescolapios.org\\\/fr\\\/es\\\/#organization\",\"name\":\"Fundaci\u00f3 Itaka-Escolapios\",\"url\":\"https:\\\/\\\/www.itakaescolapios.org\\\/fr\\\/es\\\/\",\"logo\":{\"@type\":\"ImageObject\",\"inLanguage\":\"fr-FR\",\"@id\":\"https:\\\/\\\/www.itakaescolapios.org\\\/fr\\\/es\\\/#\\\/schema\\\/logo\\\/image\\\/\",\"url\":\"https:\\\/\\\/www.itakaescolapios.org\\\/wp-content\\\/uploads\\\/2024\\\/04\\\/Logo-itakaescolapios-peque.png\",\"contentUrl\":\"https:\\\/\\\/www.itakaescolapios.org\\\/wp-content\\\/uploads\\\/2024\\\/04\\\/Logo-itakaescolapios-peque.png\",\"width\":500,\"height\":199,\"caption\":\"Fundaci\u00f3 Itaka-Escolapios\"},\"image\":{\"@id\":\"https:\\\/\\\/www.itakaescolapios.org\\\/fr\\\/es\\\/#\\\/schema\\\/logo\\\/image\\\/\"}}]}<\/script>\n<!-- \/ Yoast SEO plugin. -->","yoast_head_json":{"title":"UNIS AVEC ATAMBUA","description":"\u00a0 Durant la campagne de solidarit\u00e9 se joindront \u00e0 Atambua un total de 46 coll\u00e8ges (37 coll\u00e8ges d'Espagne, 3 coll\u00e8ges de Bolivie, 4 coll\u00e8ges du Cameroun, 1 de Guin\u00e9e Equatoriale et 1 du Gabon). Tous unis pour la m\u00eame cause. \u00a0 Nous pensons qu'il s'agit d'une grande opportunit\u00e9 pour rendre visible tous vos efforts, c'est\u2026","robots":{"index":"index","follow":"follow","max-snippet":"max-snippet:-1","max-image-preview":"max-image-preview:large","max-video-preview":"max-video-preview:-1"},"canonical":"\u00a0 Durant la campagne de solidarit\u00e9 se joindront \u00e0 Atambua un total de 46 coll\u00e8ges (37 coll\u00e8ges d'Espagne, 3 coll\u00e8ges de Bolivie, 4 coll\u00e8ges du Cameroun, 1 de Guin\u00e9e Equatoriale et 1 du Gabon). Tous unis pour la m\u00eame cause. \u00a0 Nous pensons qu'il s'agit d'une grande opportunit\u00e9 pour rendre visible tous vos efforts, c'est\u2026","og_locale":"fr_FR","og_type":"article","og_title":"UNIS AVEC ATAMBUA","og_description":"\u00a0 Durant la campagne de solidarit\u00e9 se joindront \u00e0 Atambua un total de 46 coll\u00e8ges (37 coll\u00e8ges d'Espagne, 3 coll\u00e8ges de Bolivie, 4 coll\u00e8ges du Cameroun, 1 de Guin\u00e9e Equatoriale et 1 du Gabon). Tous unis pour la m\u00eame cause. \u00a0 Nous pensons qu'il s'agit d'une grande opportunit\u00e9 pour rendre visible tous vos efforts, c'est\u2026","og_url":"https:\/\/www.itakaescolapios.org\/fr\/unidos-con-atambua\/","og_site_name":"Itaka-Escolapios","article_modified_time":"2023-11-28T11:38:35+00:00","og_image":[{"width":1180,"height":523,"url":"https:\/\/www.itakaescolapios.org\/wp-content\/uploads\/2015\/11\/Unidos-Atambua.png","type":"image\/png"}],"twitter_card":"summary_large_image","twitter_misc":{"Dur\u00e9e de lecture estim\u00e9e":"1 minute"},"schema":{"@context":"https:\/\/schema.org","@graph":[{"@type":"WebPage","@id":"https:\/\/www.itakaescolapios.org\/fr\/unidos-con-atambua\/","url":"https:\/\/www.itakaescolapios.org\/fr\/unidos-con-atambua\/","name":"UNIDOS CON ATAMBUA - Itaka-Escolapios","isPartOf":{"@id":"https:\/\/www.itakaescolapios.org\/es\/#website"},"primaryImageOfPage":{"@id":"https:\/\/www.itakaescolapios.org\/fr\/unidos-con-atambua\/#primaryimage"},"image":{"@id":"https:\/\/www.itakaescolapios.org\/fr\/unidos-con-atambua\/#primaryimage"},"thumbnailUrl":"https:\/\/www.itakaescolapios.org\/wp-content\/uploads\/2015\/11\/Unidos-Atambua-1024x453.png","datePublished":"2015-11-03T15:49:47+00:00","dateModified":"2023-11-28T11:38:35+00:00","breadcrumb":{"@id":"https:\/\/www.itakaescolapios.org\/fr\/unidos-con-atambua\/#breadcrumb"},"inLanguage":"fr-FR","potentialAction":[{"@type":"ReadAction","target":["https:\/\/www.itakaescolapios.org\/fr\/unidos-con-atambua\/"]}]},{"@type":"ImageObject","inLanguage":"fr-FR","@id":"https:\/\/www.itakaescolapios.org\/fr\/unidos-con-atambua\/#primaryimage","url":"https:\/\/www.itakaescolapios.org\/wp-content\/uploads\/2015\/11\/Unidos-Atambua-1024x453.png","contentUrl":"https:\/\/www.itakaescolapios.org\/wp-content\/uploads\/2015\/11\/Unidos-Atambua-1024x453.png"},{"@type":"BreadcrumbList","@id":"https:\/\/www.itakaescolapios.org\/fr\/unidos-con-atambua\/#breadcrumb","itemListElement":[{"@type":"ListItem","position":1,"name":"Itaka-Escolapios","item":"https:\/\/www.itakaescolapios.org\/es\/"},{"@type":"ListItem","position":2,"name":"UNIS AVEC ATAMBUA"}]},{"@type":"WebSite","@id":"https:\/\/www.itakaescolapios.org\/fr\/es\/#website","url":"https:\/\/www.itakaescolapios.org\/fr\/es\/","name":"Itaka-Escolapios","description":"Red de Itaka-Escolapios","publisher":{"@id":"https:\/\/www.itakaescolapios.org\/fr\/es\/#organization"},"potentialAction":[{"@type":"SearchAction","target":{"@type":"EntryPoint","urlTemplate":"https:\/\/www.itakaescolapios.org\/fr\/es\/?s={search_term_string}"},"query-input":{"@type":"PropertyValueSpecification","valueRequired":true,"valueName":"search_term_string"}}],"inLanguage":"fr-FR"},{"@type":"Organization","@id":"https:\/\/www.itakaescolapios.org\/fr\/es\/#organization","name":"Fundaci\u00f3 Itaka-Escolapios","url":"https:\/\/www.itakaescolapios.org\/fr\/es\/","logo":{"@type":"ImageObject","inLanguage":"fr-FR","@id":"https:\/\/www.itakaescolapios.org\/fr\/es\/#\/schema\/logo\/image\/","url":"https:\/\/www.itakaescolapios.org\/wp-content\/uploads\/2024\/04\/Logo-itakaescolapios-peque.png","contentUrl":"https:\/\/www.itakaescolapios.org\/wp-content\/uploads\/2024\/04\/Logo-itakaescolapios-peque.png","width":500,"height":199,"caption":"Fundaci\u00f3 Itaka-Escolapios"},"image":{"@id":"https:\/\/www.itakaescolapios.org\/fr\/es\/#\/schema\/logo\/image\/"}}]}},"_links":{"self":[{"href":"https:\/\/www.itakaescolapios.org\/fr\/wp-json\/wp\/v2\/pages\/13560","targetHints":{"allow":["GET"]}}],"collection":[{"href":"https:\/\/www.itakaescolapios.org\/fr\/wp-json\/wp\/v2\/pages"}],"about":[{"href":"https:\/\/www.itakaescolapios.org\/fr\/wp-json\/wp\/v2\/types\/page"}],"author":[{"embeddable":true,"href":"https:\/\/www.itakaescolapios.org\/fr\/wp-json\/wp\/v2\/users\/46"}],"replies":[{"embeddable":true,"href":"https:\/\/www.itakaescolapios.org\/fr\/wp-json\/wp\/v2\/comments?post=13560"}],"version-history":[{"count":23,"href":"https:\/\/www.itakaescolapios.org\/fr\/wp-json\/wp\/v2\/pages\/13560\/revisions"}],"predecessor-version":[{"id":48562,"href":"https:\/\/www.itakaescolapios.org\/fr\/wp-json\/wp\/v2\/pages\/13560\/revisions\/48562"}],"wp:attachment":[{"href":"https:\/\/www.itakaescolapios.org\/fr\/wp-json\/wp\/v2\/media?parent=13560"}],"curies":[{"name":"wp","href":"https:\/\/api.w.org\/{rel}","templated":true}]}}