{"id":13592,"date":"2015-11-05T11:17:39","date_gmt":"2015-11-05T10:17:39","guid":{"rendered":"https:\/\/www.itakaescolapios.org\/?page_id=13592"},"modified":"2023-11-28T12:38:35","modified_gmt":"2023-11-28T11:38:35","slug":"carteleria","status":"publish","type":"page","link":"https:\/\/www.itakaescolapios.org\/fr\/campanas\/2015-2016-al-encuentro-de-atambua\/carteleria\/","title":{"rendered":"CARTELER\u00cdA"},"content":{"rendered":"<p><a href=\"https:\/\/www.itakaescolapios.org\/wp-content\/uploads\/2015\/11\/cartel-campa\u00f1a-ESP-1516.jpg\"><img decoding=\"async\" class=\"alignleft  wp-image-13595\" alt=\"cartel campa\u00f1a ESP 1516\" src=\"https:\/\/www.itakaescolapios.org\/wp-content\/uploads\/2015\/11\/cartel-campa\u00f1a-ESP-1516-1024x731.jpg\" width=\"522\" height=\"372\" srcset=\"https:\/\/www.itakaescolapios.org\/wp-content\/uploads\/2015\/11\/cartel-campa\u00f1a-ESP-1516-1024x731.jpg 1024w, https:\/\/www.itakaescolapios.org\/wp-content\/uploads\/2015\/11\/cartel-campa\u00f1a-ESP-1516-300x214.jpg 300w, https:\/\/www.itakaescolapios.org\/wp-content\/uploads\/2015\/11\/cartel-campa\u00f1a-ESP-1516-250x178.jpg 250w, https:\/\/www.itakaescolapios.org\/wp-content\/uploads\/2015\/11\/cartel-campa\u00f1a-ESP-1516.jpg 2000w\" sizes=\"(max-width: 522px) 100vw, 522px\" \/><\/a> Desc\u00e1rgate la carteler\u00eda e im\u00e1genes de la campa\u00f1a, pinchado en cada uno de los enlaces:<\/p>\n<table width=\"254\" border=\"0\" cellspacing=\"0\" cellpadding=\"0\">\n<colgroup>\n<col width=\"107\" \/>\n<col width=\"139\" \/> <\/colgroup>\n<tbody>\n<tr>\n<td style=\"text-align: center;\" colspan=\"2\" width=\"246\" height=\"21\"><strong><span style=\"color: #333333;\">TRIPULACI\u00d3N ITAKA ESCOLAPIOS<\/span><\/strong><\/td>\n<\/tr>\n<tr>\n<td style=\"text-align: center;\" height=\"41\"><strong>IMAGEN\u00a0<\/strong><\/td>\n<td style=\"text-align: center;\" width=\"139\">IMAGEN PARA <strong>COLOREAR<\/strong><\/td>\n<\/tr>\n<tr>\n<td style=\"text-align: center;\" height=\"20\"><strong><span style=\"color: #808000;\"><a href=\"https:\/\/www.itakaescolapios.org\/wp-content\/uploads\/2015\/11\/NAVE-ITAKA-ESCOLAPIOS.pdf\"><span style=\"color: #808000;\">BARCO<\/span><\/a><\/span><\/strong><\/td>\n<td style=\"text-align: center;\"><span style=\"color: #800000;\"><strong><a href=\"https:\/\/www.itakaescolapios.org\/wp-content\/uploads\/2015\/11\/NAVE-ITAKA-ESCOLAPIOS1.pdf\"><span style=\"color: #800000;\">BARCO<\/span><\/a><\/strong><\/span><\/td>\n<\/tr>\n<tr>\n<td style=\"text-align: center;\" height=\"20\"><strong><span style=\"color: #808000;\"><a href=\"https:\/\/www.itakaescolapios.org\/wp-content\/uploads\/2015\/11\/CALASANZ.pdf\"><span style=\"color: #808000;\">CALASANZ<\/span><\/a><\/span><\/strong><\/td>\n<td style=\"text-align: center;\"><strong><span style=\"color: #800000;\"><a href=\"https:\/\/www.itakaescolapios.org\/wp-content\/uploads\/2015\/11\/CALASANZ1.pdf\"><span style=\"color: #800000;\">CALASANZ<\/span><\/a><\/span><\/strong><\/td>\n<\/tr>\n<tr>\n<td style=\"text-align: center;\" height=\"20\"><strong><span style=\"color: #808000;\"><a href=\"https:\/\/www.itakaescolapios.org\/wp-content\/uploads\/2015\/11\/BLA.pdf\"><span style=\"color: #808000;\">BLA<\/span><\/a><\/span><\/strong><\/td>\n<td style=\"text-align: center;\"><span style=\"color: #800000;\"><strong><a href=\"https:\/\/www.itakaescolapios.org\/wp-content\/uploads\/2015\/11\/BLA1.pdf\"><span style=\"color: #800000;\">BLA<\/span><\/a><\/strong><\/span><\/td>\n<\/tr>\n<tr>\n<td style=\"text-align: center;\" height=\"20\"><span style=\"color: #808000;\"><strong><a href=\"https:\/\/www.itakaescolapios.org\/wp-content\/uploads\/2015\/11\/JIWA.pdf\"><span style=\"color: #808000;\">JIWA<\/span><\/a><\/strong><\/span><\/td>\n<td style=\"text-align: center;\"><span style=\"color: #800000;\"><strong><a href=\"https:\/\/www.itakaescolapios.org\/wp-content\/uploads\/2015\/11\/JIWA1.pdf\"><span style=\"color: #800000;\">JIWA<\/span><\/a><\/strong><\/span><\/td>\n<\/tr>\n<tr>\n<td style=\"text-align: center;\" height=\"20\"><strong><span style=\"color: #808000;\"><a href=\"https:\/\/www.itakaescolapios.org\/wp-content\/uploads\/2015\/11\/LOOK.pdf\"><span style=\"color: #808000;\">LOOK<\/span><\/a><\/span><\/strong><\/td>\n<td style=\"text-align: center;\"><span style=\"color: #800000;\"><strong><a href=\"https:\/\/www.itakaescolapios.org\/wp-content\/uploads\/2015\/11\/LOOK1.pdf\"><span style=\"color: #800000;\">LOOK<\/span><\/a><\/strong><\/span><\/td>\n<\/tr>\n<tr>\n<td style=\"text-align: center;\" height=\"20\"><span style=\"color: #808000;\"><strong><a href=\"https:\/\/www.itakaescolapios.org\/wp-content\/uploads\/2015\/11\/MARINE.pdf\"><span style=\"color: #808000;\">MARINE<\/span><\/a><\/strong><\/span><\/td>\n<td style=\"text-align: center;\"><span style=\"color: #800000;\"><strong><a href=\"https:\/\/www.itakaescolapios.org\/wp-content\/uploads\/2015\/11\/MARINE1.pdf\"><span style=\"color: #800000;\">MARINE<\/span><\/a><\/strong><\/span><\/td>\n<\/tr>\n<tr>\n<td style=\"text-align: center;\" height=\"21\"><span style=\"color: #808000;\"><strong><a href=\"https:\/\/www.itakaescolapios.org\/wp-content\/uploads\/2015\/11\/SUKAL.pdf\"><span style=\"color: #808000;\">SUKAL<\/span><\/a><\/strong><\/span><\/td>\n<td style=\"text-align: center;\"><span style=\"color: #800000;\"><strong><a href=\"https:\/\/www.itakaescolapios.org\/wp-content\/uploads\/2015\/11\/SUKAL1.pdf\"><span style=\"color: #800000;\">SUKAL<\/span><\/a><\/strong><\/span><\/td>\n<\/tr>\n<\/tbody>\n<\/table>\n<p>\u00a0<\/p>\n<table width=\"349\" border=\"0\" cellspacing=\"0\" cellpadding=\"0\">\n<colgroup>\n<col width=\"194\" \/>\n<col width=\"136\" \/> <\/colgroup>\n<tbody>\n<tr>\n<td style=\"text-align: center;\" width=\"194\" height=\"62\">CARTEL <strong>AGRADECIMIENTO<\/strong> CAMPA\u00d1A <span>\u00ab\u00a0VEN Y VER\u00c1S LA REALIDAD QUE HAY DETR\u00c1S\u00a0\u00bb<\/span><\/td>\n<td style=\"text-align: center;\" width=\"136\"><strong>CARTEL<\/strong> CAMPA\u00d1A <strong>\u00ab\u00a0AL ENCUENTRO CON ATAMBUA\u00a0\u00bb<\/strong><\/td>\n<\/tr>\n<tr>\n<td style=\"text-align: center;\" height=\"20\"><strong><span style=\"color: #808000;\"><a href=\"https:\/\/www.itakaescolapios.org\/wp-content\/uploads\/2015\/11\/CARTEL-GRACIAS-2015-CASTELLANO.pdf\"><span style=\"color: #808000;\">ESPA\u00d1OL<\/span><\/a><\/span><\/strong><\/td>\n<td style=\"text-align: center;\"><span style=\"color: #ff6600;\"><strong><a href=\"https:\/\/www.itakaescolapios.org\/wp-content\/uploads\/2015\/11\/cartel-campa\u00f1a-ESPA\u00d1OL-IMPR-50X70+3MMSANGRE.pdf\"><span style=\"color: #ff6600;\">ESPA\u00d1OL<\/span><\/a><\/strong><\/span><\/td>\n<\/tr>\n<tr>\n<td style=\"text-align: center;\" height=\"20\"><strong><span style=\"color: #808000;\"><a href=\"https:\/\/www.itakaescolapios.org\/wp-content\/uploads\/2015\/11\/CARTEL-GRACIAS-2015-EUSKERA.pdf\"><span style=\"color: #808000;\">EUSKERA<\/span><\/a><\/span><\/strong><\/td>\n<td style=\"text-align: center;\"><span style=\"color: #ff6600;\"><strong><a href=\"https:\/\/www.itakaescolapios.org\/wp-content\/uploads\/2015\/11\/cartel-campa\u00f1a-EUSKERA-IMPR-50X70+3MMSANGRE.pdf\"><span style=\"color: #ff6600;\">EUSKERA<\/span><\/a><\/strong><\/span><\/td>\n<\/tr>\n<tr>\n<td height=\"20\"><\/td>\n<td style=\"text-align: center;\"><span style=\"color: #ff6600;\"><strong><a href=\"https:\/\/www.itakaescolapios.org\/wp-content\/uploads\/2015\/11\/cartel-campa\u00f1a-GALLEGO-IMPR-50X70+3MMSANGRE.pdf\"><span style=\"color: #ff6600;\">GALLEGO<\/span><\/a><\/strong><\/span><\/td>\n<\/tr>\n<tr>\n<td height=\"20\"><\/td>\n<td style=\"text-align: center;\"><span style=\"color: #ff6600;\"><strong><a href=\"https:\/\/www.itakaescolapios.org\/wp-content\/uploads\/2015\/11\/cartel-campa\u00f1a-INGLES-IMPR-50X70+3MMSANGRE.pdf\"><span style=\"color: #ff6600;\">INGLES<\/span><\/a><\/strong><\/span><\/td>\n<\/tr>\n<tr>\n<td height=\"20\"><\/td>\n<td style=\"text-align: center;\"><span style=\"color: #ff6600;\"><strong><a href=\"https:\/\/www.itakaescolapios.org\/wp-content\/uploads\/2015\/11\/cartel-campa\u00f1a-BRASIL-IMPR-50X70+3MMSANGRE.pdf\"><span style=\"color: #ff6600;\">PORTUGU\u00c9S<\/span><\/a><\/strong><\/span><\/td>\n<\/tr>\n<tr>\n<td style=\"text-align: center;\" height=\"21\"><strong><span style=\"color: #808000;\"><a href=\"https:\/\/www.itakaescolapios.org\/wp-content\/uploads\/2015\/11\/CARTEL-GRACIAS-2015-VALENCIANO.pdf\"><span style=\"color: #808000;\">VALENCIANO<\/span><\/a><\/span><\/strong><\/td>\n<td style=\"text-align: center;\"><span style=\"color: #ff6600;\"><strong><a href=\"https:\/\/www.itakaescolapios.org\/wp-content\/uploads\/2015\/11\/cartel-campa\u00f1a-VALENCIANO-IMPR-50X70+3MMSANGRE.pdf\"><span style=\"color: #ff6600;\">VALENCIANO<\/span><\/a><\/strong><\/span><\/td>\n<\/tr>\n<\/tbody>\n<\/table>\n","protected":false},"excerpt":{"rendered":"<p>Desc\u00e1rgate la carteler\u00eda e im\u00e1genes de la campa\u00f1a, pinchado en cada uno de los enlaces: TRIPULACI\u00d3N ITAKA ESCOLAPIOS IMAGEN\u00a0 IMAGEN PARA COLOREAR BARCO BARCO CALASANZ CALASANZ BLA BLA JIWA JIWA [&hellip;]<\/p>\n","protected":false},"author":46,"featured_media":0,"parent":13298,"menu_order":7,"comment_status":"closed","ping_status":"closed","template":"","meta":{"_et_pb_use_builder":"","_et_pb_old_content":"","_et_gb_content_width":"","footnotes":""},"class_list":["post-13592","page","type-page","status-publish","hentry"],"yoast_head":"<!-- This site is optimized with the Yoast SEO plugin v27.3 - https:\/\/yoast.com\/product\/yoast-seo-wordpress\/ -->\n<title>CARTELER\u00cdA<\/title>\n<meta name=\"description\" content=\"Desc\u00e1rgate la carteler\u00eda e im\u00e1genes de la campa\u00f1a, pinchado en cada uno de los enlaces: TRIPULACI\u00d3N ITAKA ESCOLAPIOS IMAGEN\u00a0 IMAGEN PARA COLOREAR BARCO BARCO CALASANZ CALASANZ BLA BLA JIWA JIWA LOOK LOOK MARINE MARINE SUKAL SUKAL \u00a0 CARTEL AGRADECIMIENTO CAMPA\u00d1A &quot;VEN Y VER\u00c1S LA REALIDAD QUE HAY DETR\u00c1S&quot; CARTEL CAMPA\u00d1A &quot;AL ENCUENTRO CON ATAMBUA&quot; ESPA\u00d1OL\u2026\" \/>\n<meta name=\"robots\" content=\"index, follow, max-snippet:-1, max-image-preview:large, max-video-preview:-1\" \/>\n<link rel=\"canonical\" href=\"\" \/>\n<meta property=\"og:locale\" content=\"fr_FR\" \/>\n<meta property=\"og:type\" content=\"article\" \/>\n<meta property=\"og:title\" content=\"CARTELER\u00cdA\" \/>\n<meta property=\"og:description\" content=\"Desc\u00e1rgate la carteler\u00eda e im\u00e1genes de la campa\u00f1a, pinchado en cada uno de los enlaces: TRIPULACI\u00d3N ITAKA ESCOLAPIOS IMAGEN\u00a0 IMAGEN PARA COLOREAR BARCO BARCO CALASANZ CALASANZ BLA BLA JIWA JIWA LOOK LOOK MARINE MARINE SUKAL SUKAL \u00a0 CARTEL AGRADECIMIENTO CAMPA\u00d1A &quot;VEN Y VER\u00c1S LA REALIDAD QUE HAY DETR\u00c1S&quot; CARTEL CAMPA\u00d1A &quot;AL ENCUENTRO CON ATAMBUA&quot; ESPA\u00d1OL\u2026\" \/>\n<meta property=\"og:url\" content=\"https:\/\/www.itakaescolapios.org\/fr\/campanas\/2015-2016-al-encuentro-de-atambua\/carteleria\/\" \/>\n<meta property=\"og:site_name\" content=\"Itaka-Escolapios\" \/>\n<meta property=\"article:modified_time\" content=\"2023-11-28T11:38:35+00:00\" \/>\n<meta name=\"twitter:card\" content=\"summary_large_image\" \/>\n<script type=\"application\/ld+json\" class=\"yoast-schema-graph\">{\"@context\":\"https:\\\/\\\/schema.org\",\"@graph\":[{\"@type\":\"WebPage\",\"@id\":\"https:\\\/\\\/www.itakaescolapios.org\\\/fr\\\/campanas\\\/2015-2016-al-encuentro-de-atambua\\\/carteleria\\\/\",\"url\":\"https:\\\/\\\/www.itakaescolapios.org\\\/fr\\\/campanas\\\/2015-2016-al-encuentro-de-atambua\\\/carteleria\\\/\",\"name\":\"CARTELER\u00cdA - Itaka-Escolapios\",\"isPartOf\":{\"@id\":\"https:\\\/\\\/www.itakaescolapios.org\\\/es\\\/#website\"},\"datePublished\":\"2015-11-05T10:17:39+00:00\",\"dateModified\":\"2023-11-28T11:38:35+00:00\",\"breadcrumb\":{\"@id\":\"https:\\\/\\\/www.itakaescolapios.org\\\/fr\\\/campanas\\\/2015-2016-al-encuentro-de-atambua\\\/carteleria\\\/#breadcrumb\"},\"inLanguage\":\"fr-FR\",\"potentialAction\":[{\"@type\":\"ReadAction\",\"target\":[\"https:\\\/\\\/www.itakaescolapios.org\\\/fr\\\/campanas\\\/2015-2016-al-encuentro-de-atambua\\\/carteleria\\\/\"]}]},{\"@type\":\"BreadcrumbList\",\"@id\":\"https:\\\/\\\/www.itakaescolapios.org\\\/fr\\\/campanas\\\/2015-2016-al-encuentro-de-atambua\\\/carteleria\\\/#breadcrumb\",\"itemListElement\":[{\"@type\":\"ListItem\",\"position\":1,\"name\":\"Itaka-Escolapios\",\"item\":\"https:\\\/\\\/www.itakaescolapios.org\\\/es\\\/\"},{\"@type\":\"ListItem\",\"position\":2,\"name\":\"Campagnes\",\"item\":\"https:\\\/\\\/www.itakaescolapios.org\\\/es\\\/campanas\\\/\"},{\"@type\":\"ListItem\",\"position\":3,\"name\":\"2015-2016 A LA RENCONTRE D'ATAMBUA\",\"item\":\"https:\\\/\\\/www.itakaescolapios.org\\\/es\\\/campanas\\\/2015-2016-al-encuentro-de-atambua\\\/\"},{\"@type\":\"ListItem\",\"position\":4,\"name\":\"CARTELER\u00cdA\"}]},{\"@type\":\"WebSite\",\"@id\":\"https:\\\/\\\/www.itakaescolapios.org\\\/fr\\\/es\\\/#website\",\"url\":\"https:\\\/\\\/www.itakaescolapios.org\\\/fr\\\/es\\\/\",\"name\":\"Itaka-Escolapios\",\"description\":\"Red de Itaka-Escolapios\",\"publisher\":{\"@id\":\"https:\\\/\\\/www.itakaescolapios.org\\\/fr\\\/es\\\/#organization\"},\"potentialAction\":[{\"@type\":\"SearchAction\",\"target\":{\"@type\":\"EntryPoint\",\"urlTemplate\":\"https:\\\/\\\/www.itakaescolapios.org\\\/fr\\\/es\\\/?s={search_term_string}\"},\"query-input\":{\"@type\":\"PropertyValueSpecification\",\"valueRequired\":true,\"valueName\":\"search_term_string\"}}],\"inLanguage\":\"fr-FR\"},{\"@type\":\"Organization\",\"@id\":\"https:\\\/\\\/www.itakaescolapios.org\\\/fr\\\/es\\\/#organization\",\"name\":\"Fundaci\u00f3 Itaka-Escolapios\",\"url\":\"https:\\\/\\\/www.itakaescolapios.org\\\/fr\\\/es\\\/\",\"logo\":{\"@type\":\"ImageObject\",\"inLanguage\":\"fr-FR\",\"@id\":\"https:\\\/\\\/www.itakaescolapios.org\\\/fr\\\/es\\\/#\\\/schema\\\/logo\\\/image\\\/\",\"url\":\"https:\\\/\\\/www.itakaescolapios.org\\\/wp-content\\\/uploads\\\/2024\\\/04\\\/Logo-itakaescolapios-peque.png\",\"contentUrl\":\"https:\\\/\\\/www.itakaescolapios.org\\\/wp-content\\\/uploads\\\/2024\\\/04\\\/Logo-itakaescolapios-peque.png\",\"width\":500,\"height\":199,\"caption\":\"Fundaci\u00f3 Itaka-Escolapios\"},\"image\":{\"@id\":\"https:\\\/\\\/www.itakaescolapios.org\\\/fr\\\/es\\\/#\\\/schema\\\/logo\\\/image\\\/\"}}]}<\/script>\n<!-- \/ Yoast SEO plugin. -->","yoast_head_json":{"title":"CARTELER\u00cdA","description":"Desc\u00e1rgate la carteler\u00eda e im\u00e1genes de la campa\u00f1a, pinchado en cada uno de los enlaces: TRIPULACI\u00d3N ITAKA ESCOLAPIOS IMAGEN\u00a0 IMAGEN PARA COLOREAR BARCO BARCO CALASANZ CALASANZ BLA BLA JIWA JIWA LOOK LOOK MARINE MARINE SUKAL SUKAL \u00a0 CARTEL AGRADECIMIENTO CAMPA\u00d1A \"VEN Y VER\u00c1S LA REALIDAD QUE HAY DETR\u00c1S\" CARTEL CAMPA\u00d1A \"AL ENCUENTRO CON ATAMBUA\" ESPA\u00d1OL\u2026","robots":{"index":"index","follow":"follow","max-snippet":"max-snippet:-1","max-image-preview":"max-image-preview:large","max-video-preview":"max-video-preview:-1"},"canonical":"Desc\u00e1rgate la carteler\u00eda e im\u00e1genes de la campa\u00f1a, pinchado en cada uno de los enlaces: TRIPULACI\u00d3N ITAKA ESCOLAPIOS IMAGEN\u00a0 IMAGEN PARA COLOREAR BARCO BARCO CALASANZ CALASANZ BLA BLA JIWA JIWA LOOK LOOK MARINE MARINE SUKAL SUKAL \u00a0 CARTEL AGRADECIMIENTO CAMPA\u00d1A \"VEN Y VER\u00c1S LA REALIDAD QUE HAY DETR\u00c1S\" CARTEL CAMPA\u00d1A \"AL ENCUENTRO CON ATAMBUA\" ESPA\u00d1OL\u2026","og_locale":"fr_FR","og_type":"article","og_title":"CARTELER\u00cdA","og_description":"Desc\u00e1rgate la carteler\u00eda e im\u00e1genes de la campa\u00f1a, pinchado en cada uno de los enlaces: TRIPULACI\u00d3N ITAKA ESCOLAPIOS IMAGEN\u00a0 IMAGEN PARA COLOREAR BARCO BARCO CALASANZ CALASANZ BLA BLA JIWA JIWA LOOK LOOK MARINE MARINE SUKAL SUKAL \u00a0 CARTEL AGRADECIMIENTO CAMPA\u00d1A \"VEN Y VER\u00c1S LA REALIDAD QUE HAY DETR\u00c1S\" CARTEL CAMPA\u00d1A \"AL ENCUENTRO CON ATAMBUA\" ESPA\u00d1OL\u2026","og_url":"https:\/\/www.itakaescolapios.org\/fr\/campanas\/2015-2016-al-encuentro-de-atambua\/carteleria\/","og_site_name":"Itaka-Escolapios","article_modified_time":"2023-11-28T11:38:35+00:00","twitter_card":"summary_large_image","schema":{"@context":"https:\/\/schema.org","@graph":[{"@type":"WebPage","@id":"https:\/\/www.itakaescolapios.org\/fr\/campanas\/2015-2016-al-encuentro-de-atambua\/carteleria\/","url":"https:\/\/www.itakaescolapios.org\/fr\/campanas\/2015-2016-al-encuentro-de-atambua\/carteleria\/","name":"CARTELER\u00cdA - Itaka-Escolapios","isPartOf":{"@id":"https:\/\/www.itakaescolapios.org\/es\/#website"},"datePublished":"2015-11-05T10:17:39+00:00","dateModified":"2023-11-28T11:38:35+00:00","breadcrumb":{"@id":"https:\/\/www.itakaescolapios.org\/fr\/campanas\/2015-2016-al-encuentro-de-atambua\/carteleria\/#breadcrumb"},"inLanguage":"fr-FR","potentialAction":[{"@type":"ReadAction","target":["https:\/\/www.itakaescolapios.org\/fr\/campanas\/2015-2016-al-encuentro-de-atambua\/carteleria\/"]}]},{"@type":"BreadcrumbList","@id":"https:\/\/www.itakaescolapios.org\/fr\/campanas\/2015-2016-al-encuentro-de-atambua\/carteleria\/#breadcrumb","itemListElement":[{"@type":"ListItem","position":1,"name":"Itaka-Escolapios","item":"https:\/\/www.itakaescolapios.org\/es\/"},{"@type":"ListItem","position":2,"name":"Campagnes","item":"https:\/\/www.itakaescolapios.org\/es\/campanas\/"},{"@type":"ListItem","position":3,"name":"2015-2016 A LA RENCONTRE D'ATAMBUA","item":"https:\/\/www.itakaescolapios.org\/es\/campanas\/2015-2016-al-encuentro-de-atambua\/"},{"@type":"ListItem","position":4,"name":"CARTELER\u00cdA"}]},{"@type":"WebSite","@id":"https:\/\/www.itakaescolapios.org\/fr\/es\/#website","url":"https:\/\/www.itakaescolapios.org\/fr\/es\/","name":"Itaka-Escolapios","description":"Red de Itaka-Escolapios","publisher":{"@id":"https:\/\/www.itakaescolapios.org\/fr\/es\/#organization"},"potentialAction":[{"@type":"SearchAction","target":{"@type":"EntryPoint","urlTemplate":"https:\/\/www.itakaescolapios.org\/fr\/es\/?s={search_term_string}"},"query-input":{"@type":"PropertyValueSpecification","valueRequired":true,"valueName":"search_term_string"}}],"inLanguage":"fr-FR"},{"@type":"Organization","@id":"https:\/\/www.itakaescolapios.org\/fr\/es\/#organization","name":"Fundaci\u00f3 Itaka-Escolapios","url":"https:\/\/www.itakaescolapios.org\/fr\/es\/","logo":{"@type":"ImageObject","inLanguage":"fr-FR","@id":"https:\/\/www.itakaescolapios.org\/fr\/es\/#\/schema\/logo\/image\/","url":"https:\/\/www.itakaescolapios.org\/wp-content\/uploads\/2024\/04\/Logo-itakaescolapios-peque.png","contentUrl":"https:\/\/www.itakaescolapios.org\/wp-content\/uploads\/2024\/04\/Logo-itakaescolapios-peque.png","width":500,"height":199,"caption":"Fundaci\u00f3 Itaka-Escolapios"},"image":{"@id":"https:\/\/www.itakaescolapios.org\/fr\/es\/#\/schema\/logo\/image\/"}}]}},"_links":{"self":[{"href":"https:\/\/www.itakaescolapios.org\/fr\/wp-json\/wp\/v2\/pages\/13592","targetHints":{"allow":["GET"]}}],"collection":[{"href":"https:\/\/www.itakaescolapios.org\/fr\/wp-json\/wp\/v2\/pages"}],"about":[{"href":"https:\/\/www.itakaescolapios.org\/fr\/wp-json\/wp\/v2\/types\/page"}],"author":[{"embeddable":true,"href":"https:\/\/www.itakaescolapios.org\/fr\/wp-json\/wp\/v2\/users\/46"}],"replies":[{"embeddable":true,"href":"https:\/\/www.itakaescolapios.org\/fr\/wp-json\/wp\/v2\/comments?post=13592"}],"version-history":[{"count":25,"href":"https:\/\/www.itakaescolapios.org\/fr\/wp-json\/wp\/v2\/pages\/13592\/revisions"}],"predecessor-version":[{"id":48556,"href":"https:\/\/www.itakaescolapios.org\/fr\/wp-json\/wp\/v2\/pages\/13592\/revisions\/48556"}],"up":[{"embeddable":true,"href":"https:\/\/www.itakaescolapios.org\/fr\/wp-json\/wp\/v2\/pages\/13298"}],"wp:attachment":[{"href":"https:\/\/www.itakaescolapios.org\/fr\/wp-json\/wp\/v2\/media?parent=13592"}],"curies":[{"name":"wp","href":"https:\/\/api.w.org\/{rel}","templated":true}]}}