{"id":13631,"date":"2015-11-05T14:24:31","date_gmt":"2015-11-05T13:24:31","guid":{"rendered":"https:\/\/www.itakaescolapios.org\/?page_id=13631"},"modified":"2023-11-28T12:38:34","modified_gmt":"2023-11-28T11:38:34","slug":"otros-recursos","status":"publish","type":"page","link":"https:\/\/www.itakaescolapios.org\/fr\/campanas\/2015-2016-al-encuentro-de-atambua\/otros-recursos\/","title":{"rendered":"OTROS RECURSOS"},"content":{"rendered":"<p>En esta secci\u00f3n puedes descargarte algunos recursos\u00a0que\u00a0pueden ayudarte a\u00a0presentar\u00a0la campa\u00f1a y a\u00a0dinamizarla en tu centro educativo, en el Movimiento Calasanz, en tu grupo de tiempo libre, en tu parroquia,&#8230;<b><\/b><\/p>\n<ul>\n<ul>\n<li><span style=\"color: #008000;\"><strong>DOCUMENTO DE PRESENTACI\u00d3N PARA LOS CENTROS EDUCATIVOS, PROFESORADO, EQUIPOS DE MONITORES, &#8230; <\/strong><\/span><\/li>\n<li><span style=\"color: #008000;\"><strong>VIDEOS:<\/strong><\/span><\/li>\n<\/ul>\n<\/ul>\n<p><iframe loading=\"lazy\" title=\"Proyecto Escolapio en Atamb\u00faa (Indonesia)\" width=\"1080\" height=\"608\" src=\"https:\/\/www.youtube.com\/embed\/gfKSu0Y1MtA?feature=oembed\"  allow=\"accelerometer; autoplay; clipboard-write; encrypted-media; gyroscope; picture-in-picture; web-share\" referrerpolicy=\"strict-origin-when-cross-origin\" allowfullscreen><\/iframe><\/p>\n<p><iframe loading=\"lazy\" title=\"Proyecto de educaci\u00f3n no formal Escolapio en Atamb\u00faa (Indonesia)\" width=\"1080\" height=\"608\" src=\"https:\/\/www.youtube.com\/embed\/P_2ivuEHXBE?feature=oembed\"  allow=\"accelerometer; autoplay; clipboard-write; encrypted-media; gyroscope; picture-in-picture; web-share\" referrerpolicy=\"strict-origin-when-cross-origin\" allowfullscreen><\/iframe><\/p>\n<ul>\n<ul>\n<li><span style=\"color: #008000;\"><strong><a href=\"https:\/\/www.itakaescolapios.org\/wp-content\/uploads\/2015\/11\/boletin-solidaridad-2014-15-impr.pdf\"><span style=\"color: #008000;\">BOLET\u00cdN DE SOLIDARIDAD &#8211; REVISTA DE CAMPA\u00d1A<\/span><\/a><\/strong><\/span><\/li>\n<li><span style=\"color: #008000;\"><strong><a href=\"https:\/\/www.itakaescolapios.org\/wp-content\/uploads\/2015\/11\/boletin-solidaridad-eusk-1516-impr.pdf\"><span style=\"color: #008000;\">BOLET\u00cdN DE SOLIDARIDAD BILING\u00dcE (EUSKERA-ESPA\u00d1OL)<\/span><\/a><\/strong><\/span><\/li>\n<\/ul>\n<\/ul>\n","protected":false},"excerpt":{"rendered":"<p>En esta secci\u00f3n puedes descargarte algunos recursos\u00a0que\u00a0pueden ayudarte a\u00a0presentar\u00a0la campa\u00f1a y a\u00a0dinamizarla en tu centro educativo, en el Movimiento Calasanz, en tu grupo de tiempo libre, en tu parroquia,&#8230; DOCUMENTO [&hellip;]<\/p>\n","protected":false},"author":46,"featured_media":0,"parent":13298,"menu_order":8,"comment_status":"closed","ping_status":"closed","template":"","meta":{"_et_pb_use_builder":"","_et_pb_old_content":"","_et_gb_content_width":"","footnotes":""},"class_list":["post-13631","page","type-page","status-publish","hentry"],"yoast_head":"<!-- This site is optimized with the Yoast SEO plugin v27.3 - https:\/\/yoast.com\/product\/yoast-seo-wordpress\/ -->\n<title>OTROS RECURSOS<\/title>\n<meta name=\"description\" content=\"En esta secci\u00f3n puedes descargarte algunos recursos\u00a0que\u00a0pueden ayudarte a\u00a0presentar\u00a0la campa\u00f1a y a\u00a0dinamizarla en tu centro educativo, en el Movimiento Calasanz, en tu grupo de tiempo libre, en tu parroquia,... DOCUMENTO DE PRESENTACI\u00d3N PARA LOS CENTROS EDUCATIVOS, PROFESORADO, EQUIPOS DE MONITORES, ... VIDEOS: https:\/\/youtu.be\/gfKSu0Y1MtA https:\/\/youtu.be\/P_2ivuEHXBE BOLET\u00cdN DE SOLIDARIDAD - REVISTA DE CAMPA\u00d1A BOLET\u00cdN DE SOLIDARIDAD BILING\u00dcE\u2026\" \/>\n<meta name=\"robots\" content=\"index, follow, max-snippet:-1, max-image-preview:large, max-video-preview:-1\" \/>\n<link rel=\"canonical\" href=\"\" \/>\n<meta property=\"og:locale\" content=\"fr_FR\" \/>\n<meta property=\"og:type\" content=\"article\" \/>\n<meta property=\"og:title\" content=\"OTROS RECURSOS\" \/>\n<meta property=\"og:description\" content=\"En esta secci\u00f3n puedes descargarte algunos recursos\u00a0que\u00a0pueden ayudarte a\u00a0presentar\u00a0la campa\u00f1a y a\u00a0dinamizarla en tu centro educativo, en el Movimiento Calasanz, en tu grupo de tiempo libre, en tu parroquia,... DOCUMENTO DE PRESENTACI\u00d3N PARA LOS CENTROS EDUCATIVOS, PROFESORADO, EQUIPOS DE MONITORES, ... VIDEOS: https:\/\/youtu.be\/gfKSu0Y1MtA https:\/\/youtu.be\/P_2ivuEHXBE BOLET\u00cdN DE SOLIDARIDAD - REVISTA DE CAMPA\u00d1A BOLET\u00cdN DE SOLIDARIDAD BILING\u00dcE\u2026\" \/>\n<meta property=\"og:url\" content=\"https:\/\/www.itakaescolapios.org\/fr\/campanas\/2015-2016-al-encuentro-de-atambua\/otros-recursos\/\" \/>\n<meta property=\"og:site_name\" content=\"Itaka-Escolapios\" \/>\n<meta property=\"article:modified_time\" content=\"2023-11-28T11:38:34+00:00\" \/>\n<meta name=\"twitter:card\" content=\"summary_large_image\" \/>\n<meta name=\"twitter:label1\" content=\"Dur\u00e9e de lecture estim\u00e9e\" \/>\n\t<meta name=\"twitter:data1\" content=\"1 minute\" \/>\n<script type=\"application\/ld+json\" class=\"yoast-schema-graph\">{\"@context\":\"https:\\\/\\\/schema.org\",\"@graph\":[{\"@type\":\"WebPage\",\"@id\":\"https:\\\/\\\/www.itakaescolapios.org\\\/fr\\\/campanas\\\/2015-2016-al-encuentro-de-atambua\\\/otros-recursos\\\/\",\"url\":\"https:\\\/\\\/www.itakaescolapios.org\\\/fr\\\/campanas\\\/2015-2016-al-encuentro-de-atambua\\\/otros-recursos\\\/\",\"name\":\"OTROS RECURSOS - Itaka-Escolapios\",\"isPartOf\":{\"@id\":\"https:\\\/\\\/www.itakaescolapios.org\\\/es\\\/#website\"},\"datePublished\":\"2015-11-05T13:24:31+00:00\",\"dateModified\":\"2023-11-28T11:38:34+00:00\",\"breadcrumb\":{\"@id\":\"https:\\\/\\\/www.itakaescolapios.org\\\/fr\\\/campanas\\\/2015-2016-al-encuentro-de-atambua\\\/otros-recursos\\\/#breadcrumb\"},\"inLanguage\":\"fr-FR\",\"potentialAction\":[{\"@type\":\"ReadAction\",\"target\":[\"https:\\\/\\\/www.itakaescolapios.org\\\/fr\\\/campanas\\\/2015-2016-al-encuentro-de-atambua\\\/otros-recursos\\\/\"]}]},{\"@type\":\"BreadcrumbList\",\"@id\":\"https:\\\/\\\/www.itakaescolapios.org\\\/fr\\\/campanas\\\/2015-2016-al-encuentro-de-atambua\\\/otros-recursos\\\/#breadcrumb\",\"itemListElement\":[{\"@type\":\"ListItem\",\"position\":1,\"name\":\"Itaka-Escolapios\",\"item\":\"https:\\\/\\\/www.itakaescolapios.org\\\/es\\\/\"},{\"@type\":\"ListItem\",\"position\":2,\"name\":\"Campagnes\",\"item\":\"https:\\\/\\\/www.itakaescolapios.org\\\/es\\\/campanas\\\/\"},{\"@type\":\"ListItem\",\"position\":3,\"name\":\"2015-2016 A LA RENCONTRE D'ATAMBUA\",\"item\":\"https:\\\/\\\/www.itakaescolapios.org\\\/es\\\/campanas\\\/2015-2016-al-encuentro-de-atambua\\\/\"},{\"@type\":\"ListItem\",\"position\":4,\"name\":\"OTROS RECURSOS\"}]},{\"@type\":\"WebSite\",\"@id\":\"https:\\\/\\\/www.itakaescolapios.org\\\/fr\\\/es\\\/#website\",\"url\":\"https:\\\/\\\/www.itakaescolapios.org\\\/fr\\\/es\\\/\",\"name\":\"Itaka-Escolapios\",\"description\":\"Red de Itaka-Escolapios\",\"publisher\":{\"@id\":\"https:\\\/\\\/www.itakaescolapios.org\\\/fr\\\/es\\\/#organization\"},\"potentialAction\":[{\"@type\":\"SearchAction\",\"target\":{\"@type\":\"EntryPoint\",\"urlTemplate\":\"https:\\\/\\\/www.itakaescolapios.org\\\/fr\\\/es\\\/?s={search_term_string}\"},\"query-input\":{\"@type\":\"PropertyValueSpecification\",\"valueRequired\":true,\"valueName\":\"search_term_string\"}}],\"inLanguage\":\"fr-FR\"},{\"@type\":\"Organization\",\"@id\":\"https:\\\/\\\/www.itakaescolapios.org\\\/fr\\\/es\\\/#organization\",\"name\":\"Fundaci\u00f3 Itaka-Escolapios\",\"url\":\"https:\\\/\\\/www.itakaescolapios.org\\\/fr\\\/es\\\/\",\"logo\":{\"@type\":\"ImageObject\",\"inLanguage\":\"fr-FR\",\"@id\":\"https:\\\/\\\/www.itakaescolapios.org\\\/fr\\\/es\\\/#\\\/schema\\\/logo\\\/image\\\/\",\"url\":\"https:\\\/\\\/www.itakaescolapios.org\\\/wp-content\\\/uploads\\\/2024\\\/04\\\/Logo-itakaescolapios-peque.png\",\"contentUrl\":\"https:\\\/\\\/www.itakaescolapios.org\\\/wp-content\\\/uploads\\\/2024\\\/04\\\/Logo-itakaescolapios-peque.png\",\"width\":500,\"height\":199,\"caption\":\"Fundaci\u00f3 Itaka-Escolapios\"},\"image\":{\"@id\":\"https:\\\/\\\/www.itakaescolapios.org\\\/fr\\\/es\\\/#\\\/schema\\\/logo\\\/image\\\/\"}}]}<\/script>\n<!-- \/ Yoast SEO plugin. -->","yoast_head_json":{"title":"OTROS RECURSOS","description":"En esta secci\u00f3n puedes descargarte algunos recursos\u00a0que\u00a0pueden ayudarte a\u00a0presentar\u00a0la campa\u00f1a y a\u00a0dinamizarla en tu centro educativo, en el Movimiento Calasanz, en tu grupo de tiempo libre, en tu parroquia,... DOCUMENTO DE PRESENTACI\u00d3N PARA LOS CENTROS EDUCATIVOS, PROFESORADO, EQUIPOS DE MONITORES, ... VIDEOS: https:\/\/youtu.be\/gfKSu0Y1MtA https:\/\/youtu.be\/P_2ivuEHXBE BOLET\u00cdN DE SOLIDARIDAD - REVISTA DE CAMPA\u00d1A BOLET\u00cdN DE SOLIDARIDAD BILING\u00dcE\u2026","robots":{"index":"index","follow":"follow","max-snippet":"max-snippet:-1","max-image-preview":"max-image-preview:large","max-video-preview":"max-video-preview:-1"},"canonical":"En esta secci\u00f3n puedes descargarte algunos recursos\u00a0que\u00a0pueden ayudarte a\u00a0presentar\u00a0la campa\u00f1a y a\u00a0dinamizarla en tu centro educativo, en el Movimiento Calasanz, en tu grupo de tiempo libre, en tu parroquia,... DOCUMENTO DE PRESENTACI\u00d3N PARA LOS CENTROS EDUCATIVOS, PROFESORADO, EQUIPOS DE MONITORES, ... VIDEOS: https:\/\/youtu.be\/gfKSu0Y1MtA https:\/\/youtu.be\/P_2ivuEHXBE BOLET\u00cdN DE SOLIDARIDAD - REVISTA DE CAMPA\u00d1A BOLET\u00cdN DE SOLIDARIDAD BILING\u00dcE\u2026","og_locale":"fr_FR","og_type":"article","og_title":"OTROS RECURSOS","og_description":"En esta secci\u00f3n puedes descargarte algunos recursos\u00a0que\u00a0pueden ayudarte a\u00a0presentar\u00a0la campa\u00f1a y a\u00a0dinamizarla en tu centro educativo, en el Movimiento Calasanz, en tu grupo de tiempo libre, en tu parroquia,... DOCUMENTO DE PRESENTACI\u00d3N PARA LOS CENTROS EDUCATIVOS, PROFESORADO, EQUIPOS DE MONITORES, ... VIDEOS: https:\/\/youtu.be\/gfKSu0Y1MtA https:\/\/youtu.be\/P_2ivuEHXBE BOLET\u00cdN DE SOLIDARIDAD - REVISTA DE CAMPA\u00d1A BOLET\u00cdN DE SOLIDARIDAD BILING\u00dcE\u2026","og_url":"https:\/\/www.itakaescolapios.org\/fr\/campanas\/2015-2016-al-encuentro-de-atambua\/otros-recursos\/","og_site_name":"Itaka-Escolapios","article_modified_time":"2023-11-28T11:38:34+00:00","twitter_card":"summary_large_image","twitter_misc":{"Dur\u00e9e de lecture estim\u00e9e":"1 minute"},"schema":{"@context":"https:\/\/schema.org","@graph":[{"@type":"WebPage","@id":"https:\/\/www.itakaescolapios.org\/fr\/campanas\/2015-2016-al-encuentro-de-atambua\/otros-recursos\/","url":"https:\/\/www.itakaescolapios.org\/fr\/campanas\/2015-2016-al-encuentro-de-atambua\/otros-recursos\/","name":"OTROS RECURSOS - Itaka-Escolapios","isPartOf":{"@id":"https:\/\/www.itakaescolapios.org\/es\/#website"},"datePublished":"2015-11-05T13:24:31+00:00","dateModified":"2023-11-28T11:38:34+00:00","breadcrumb":{"@id":"https:\/\/www.itakaescolapios.org\/fr\/campanas\/2015-2016-al-encuentro-de-atambua\/otros-recursos\/#breadcrumb"},"inLanguage":"fr-FR","potentialAction":[{"@type":"ReadAction","target":["https:\/\/www.itakaescolapios.org\/fr\/campanas\/2015-2016-al-encuentro-de-atambua\/otros-recursos\/"]}]},{"@type":"BreadcrumbList","@id":"https:\/\/www.itakaescolapios.org\/fr\/campanas\/2015-2016-al-encuentro-de-atambua\/otros-recursos\/#breadcrumb","itemListElement":[{"@type":"ListItem","position":1,"name":"Itaka-Escolapios","item":"https:\/\/www.itakaescolapios.org\/es\/"},{"@type":"ListItem","position":2,"name":"Campagnes","item":"https:\/\/www.itakaescolapios.org\/es\/campanas\/"},{"@type":"ListItem","position":3,"name":"2015-2016 A LA RENCONTRE D'ATAMBUA","item":"https:\/\/www.itakaescolapios.org\/es\/campanas\/2015-2016-al-encuentro-de-atambua\/"},{"@type":"ListItem","position":4,"name":"OTROS RECURSOS"}]},{"@type":"WebSite","@id":"https:\/\/www.itakaescolapios.org\/fr\/es\/#website","url":"https:\/\/www.itakaescolapios.org\/fr\/es\/","name":"Itaka-Escolapios","description":"Red de Itaka-Escolapios","publisher":{"@id":"https:\/\/www.itakaescolapios.org\/fr\/es\/#organization"},"potentialAction":[{"@type":"SearchAction","target":{"@type":"EntryPoint","urlTemplate":"https:\/\/www.itakaescolapios.org\/fr\/es\/?s={search_term_string}"},"query-input":{"@type":"PropertyValueSpecification","valueRequired":true,"valueName":"search_term_string"}}],"inLanguage":"fr-FR"},{"@type":"Organization","@id":"https:\/\/www.itakaescolapios.org\/fr\/es\/#organization","name":"Fundaci\u00f3 Itaka-Escolapios","url":"https:\/\/www.itakaescolapios.org\/fr\/es\/","logo":{"@type":"ImageObject","inLanguage":"fr-FR","@id":"https:\/\/www.itakaescolapios.org\/fr\/es\/#\/schema\/logo\/image\/","url":"https:\/\/www.itakaescolapios.org\/wp-content\/uploads\/2024\/04\/Logo-itakaescolapios-peque.png","contentUrl":"https:\/\/www.itakaescolapios.org\/wp-content\/uploads\/2024\/04\/Logo-itakaescolapios-peque.png","width":500,"height":199,"caption":"Fundaci\u00f3 Itaka-Escolapios"},"image":{"@id":"https:\/\/www.itakaescolapios.org\/fr\/es\/#\/schema\/logo\/image\/"}}]}},"_links":{"self":[{"href":"https:\/\/www.itakaescolapios.org\/fr\/wp-json\/wp\/v2\/pages\/13631","targetHints":{"allow":["GET"]}}],"collection":[{"href":"https:\/\/www.itakaescolapios.org\/fr\/wp-json\/wp\/v2\/pages"}],"about":[{"href":"https:\/\/www.itakaescolapios.org\/fr\/wp-json\/wp\/v2\/types\/page"}],"author":[{"embeddable":true,"href":"https:\/\/www.itakaescolapios.org\/fr\/wp-json\/wp\/v2\/users\/46"}],"replies":[{"embeddable":true,"href":"https:\/\/www.itakaescolapios.org\/fr\/wp-json\/wp\/v2\/comments?post=13631"}],"version-history":[{"count":27,"href":"https:\/\/www.itakaescolapios.org\/fr\/wp-json\/wp\/v2\/pages\/13631\/revisions"}],"predecessor-version":[{"id":48554,"href":"https:\/\/www.itakaescolapios.org\/fr\/wp-json\/wp\/v2\/pages\/13631\/revisions\/48554"}],"up":[{"embeddable":true,"href":"https:\/\/www.itakaescolapios.org\/fr\/wp-json\/wp\/v2\/pages\/13298"}],"wp:attachment":[{"href":"https:\/\/www.itakaescolapios.org\/fr\/wp-json\/wp\/v2\/media?parent=13631"}],"curies":[{"name":"wp","href":"https:\/\/api.w.org\/{rel}","templated":true}]}}