{"id":201,"date":"2012-05-31T17:44:39","date_gmt":"2012-05-31T16:44:39","guid":{"rendered":"https:\/\/www.itakaescolapios.org\/?page_id=201"},"modified":"2023-11-28T12:39:49","modified_gmt":"2023-11-28T11:39:49","slug":"ojala","status":"publish","type":"page","link":"https:\/\/www.itakaescolapios.org\/fr\/que-faisons-nous\/alfabetizacion-y-apoyo-escolar\/ojala\/","title":{"rendered":"Ojal\u00e1\/ El Faro"},"content":{"rendered":"<p align=\"JUSTIFY\">Le programme Ojal\u00e1 a pour but l&rsquo;alphab\u00e9tisation de jeunes immigr\u00e9s (hommes et femmes). Ils re\u00e7oivent gratuitement des cours de langue espagnole dont les ressources proviennent des entit\u00e9s sociales et de travail des villes de Vitoria et de Bilbao. Les cours sont dispens\u00e9s dans les locaux d&rsquo;Itaka Escolapios. Les objectifs du programme sont :<\/p>\n<ul>\n<li>\n<p align=\"JUSTIFY\">Acqu\u00e9rir un bon niveau de compr\u00e9hension et d\u2019expression de l\u2019espagnol parl\u00e9.<\/p>\n<\/li>\n<li>\n<p align=\"JUSTIFY\">Acqu\u00e9rir des aptitudes de communication et de relation pour la vie quotidienne, tels que l&rsquo;\u00e9coute et l&#8217;empathie.<\/p>\n<\/li>\n<li>\n<p align=\"JUSTIFY\">Participer activement aux activit\u00e9s propos\u00e9es, et conna\u00eetre et faire des \u00e9changes sur les aspects culturels de la ville et de leurs pays d&rsquo;origine.<\/p>\n<\/li>\n<\/ul>\n<p align=\"JUSTIFY\">Les b\u00e9n\u00e9ficiaires de ce programme sont des personnes adultes immigr\u00e9es en voie d&rsquo;insertion professionnelle, ayant des difficult\u00e9s socio-\u00e9conomiques, qui n\u2019appartiennent pas au syst\u00e8me \u00e9ducatif formel et qui d\u00e9montrent un int\u00e9r\u00eat \u00e0 r\u00e9aliser un processus d&rsquo;alphab\u00e9tisation. Les femmes sont prioritaires dans le programme.<\/p>\n<p align=\"JUSTIFY\">Les cours se d\u00e9roulent dans les salles de la Fondation de lundi \u00e0 jeudi. En ce qui concerne la ville de Vitoria, il existe une ludoth\u00e8que pour les enfants des femmes qui assistent aux cours.<\/p \n\n","protected":false},"excerpt":{"rendered":"<p>Le programme Ojal\u00e1 a pour but l&rsquo;alphab\u00e9tisation de jeunes immigr\u00e9s (hommes et femmes). Ils re\u00e7oivent gratuitement des cours de langue espagnole dont les ressources proviennent des entit\u00e9s sociales et de [&hellip;]<\/p>\n","protected":false},"author":1,"featured_media":13830,"parent":78,"menu_order":2,"comment_status":"closed","ping_status":"closed","template":"","meta":{"_et_pb_use_builder":"","_et_pb_old_content":"","_et_gb_content_width":"","footnotes":""},"class_list":["post-201","page","type-page","status-publish","has-post-thumbnail","hentry"],"yoast_head":"<!-- This site is optimized with the Yoast SEO plugin v27.3 - https:\/\/yoast.com\/product\/yoast-seo-wordpress\/ -->\n<title>Ojal\u00e1\/ El Faro<\/title>\n<meta name=\"description\" content=\"Le programme Ojal\u00e1 a pour but l&#039;alphab\u00e9tisation de jeunes immigr\u00e9s (hommes et femmes). Ils re\u00e7oivent gratuitement des cours de langue espagnole dont les ressources proviennent des entit\u00e9s sociales et de travail des villes de Vitoria et de Bilbao. Les cours sont dispens\u00e9s dans les locaux d&#039;Itaka Escolapios. Les objectifs du programme sont : Acqu\u00e9rir un\u2026\" \/>\n<meta name=\"robots\" content=\"index, follow, max-snippet:-1, max-image-preview:large, max-video-preview:-1\" \/>\n<link rel=\"canonical\" href=\"\" \/>\n<meta property=\"og:locale\" content=\"fr_FR\" \/>\n<meta property=\"og:type\" content=\"article\" \/>\n<meta property=\"og:title\" content=\"Ojal\u00e1\/ El Faro\" \/>\n<meta property=\"og:description\" content=\"Le programme Ojal\u00e1 a pour but l&#039;alphab\u00e9tisation de jeunes immigr\u00e9s (hommes et femmes). Ils re\u00e7oivent gratuitement des cours de langue espagnole dont les ressources proviennent des entit\u00e9s sociales et de travail des villes de Vitoria et de Bilbao. Les cours sont dispens\u00e9s dans les locaux d&#039;Itaka Escolapios. Les objectifs du programme sont : Acqu\u00e9rir un\u2026\" \/>\n<meta property=\"og:url\" content=\"https:\/\/www.itakaescolapios.org\/fr\/que-faisons-nous\/alfabetizacion-y-apoyo-escolar\/ojala\/\" \/>\n<meta property=\"og:site_name\" content=\"Itaka-Escolapios\" \/>\n<meta property=\"article:modified_time\" content=\"2023-11-28T11:39:49+00:00\" \/>\n<meta property=\"og:image\" content=\"https:\/\/www.itakaescolapios.org\/wp-content\/uploads\/2012\/05\/10548021_896396700404826_8386743555456042976_o.jpg\" \/>\n\t<meta property=\"og:image:width\" content=\"1125\" \/>\n\t<meta property=\"og:image:height\" content=\"1500\" \/>\n\t<meta property=\"og:image:type\" content=\"image\/jpeg\" \/>\n<meta name=\"twitter:card\" content=\"summary_large_image\" \/>\n<meta name=\"twitter:label1\" content=\"Dur\u00e9e de lecture estim\u00e9e\" \/>\n\t<meta name=\"twitter:data1\" content=\"1 minute\" \/>\n<script type=\"application\/ld+json\" class=\"yoast-schema-graph\">{\"@context\":\"https:\\\/\\\/schema.org\",\"@graph\":[{\"@type\":\"WebPage\",\"@id\":\"https:\\\/\\\/www.itakaescolapios.org\\\/fr\\\/que-faisons-nous\\\/alfabetizacion-y-apoyo-escolar\\\/ojala\\\/\",\"url\":\"https:\\\/\\\/www.itakaescolapios.org\\\/fr\\\/que-faisons-nous\\\/alfabetizacion-y-apoyo-escolar\\\/ojala\\\/\",\"name\":\"Ojal\u00e1 \\\/ El Faro - Itaka-Escolapios\",\"isPartOf\":{\"@id\":\"https:\\\/\\\/www.itakaescolapios.org\\\/es\\\/#website\"},\"primaryImageOfPage\":{\"@id\":\"https:\\\/\\\/www.itakaescolapios.org\\\/fr\\\/que-faisons-nous\\\/alfabetizacion-y-apoyo-escolar\\\/ojala\\\/#primaryimage\"},\"image\":{\"@id\":\"https:\\\/\\\/www.itakaescolapios.org\\\/fr\\\/que-faisons-nous\\\/alfabetizacion-y-apoyo-escolar\\\/ojala\\\/#primaryimage\"},\"thumbnailUrl\":\"https:\\\/\\\/www.itakaescolapios.org\\\/wp-content\\\/uploads\\\/2012\\\/05\\\/10548021_896396700404826_8386743555456042976_o.jpg\",\"datePublished\":\"2012-05-31T16:44:39+00:00\",\"dateModified\":\"2023-11-28T11:39:49+00:00\",\"breadcrumb\":{\"@id\":\"https:\\\/\\\/www.itakaescolapios.org\\\/fr\\\/que-faisons-nous\\\/alfabetizacion-y-apoyo-escolar\\\/ojala\\\/#breadcrumb\"},\"inLanguage\":\"fr-FR\",\"potentialAction\":[{\"@type\":\"ReadAction\",\"target\":[\"https:\\\/\\\/www.itakaescolapios.org\\\/fr\\\/que-faisons-nous\\\/alfabetizacion-y-apoyo-escolar\\\/ojala\\\/\"]}]},{\"@type\":\"ImageObject\",\"inLanguage\":\"fr-FR\",\"@id\":\"https:\\\/\\\/www.itakaescolapios.org\\\/fr\\\/que-faisons-nous\\\/alfabetizacion-y-apoyo-escolar\\\/ojala\\\/#primaryimage\",\"url\":\"https:\\\/\\\/www.itakaescolapios.org\\\/wp-content\\\/uploads\\\/2012\\\/05\\\/10548021_896396700404826_8386743555456042976_o.jpg\",\"contentUrl\":\"https:\\\/\\\/www.itakaescolapios.org\\\/wp-content\\\/uploads\\\/2012\\\/05\\\/10548021_896396700404826_8386743555456042976_o.jpg\",\"width\":1125,\"height\":1500},{\"@type\":\"BreadcrumbList\",\"@id\":\"https:\\\/\\\/www.itakaescolapios.org\\\/fr\\\/que-faisons-nous\\\/alfabetizacion-y-apoyo-escolar\\\/ojala\\\/#breadcrumb\",\"itemListElement\":[{\"@type\":\"ListItem\",\"position\":1,\"name\":\"Itaka-Escolapios\",\"item\":\"https:\\\/\\\/www.itakaescolapios.org\\\/es\\\/\"},{\"@type\":\"ListItem\",\"position\":2,\"name\":\"Que faisons-nous\",\"item\":\"https:\\\/\\\/www.itakaescolapios.org\\\/es\\\/que-hacemos\\\/\"},{\"@type\":\"ListItem\",\"position\":3,\"name\":\"Alphab\u00e9tisation et appui scolaire\",\"item\":\"https:\\\/\\\/www.itakaescolapios.org\\\/es\\\/que-hacemos\\\/alfabetizacion-y-apoyo-escolar\\\/\"},{\"@type\":\"ListItem\",\"position\":4,\"name\":\"Ojal\u00e1\\\/ El Faro\"}]},{\"@type\":\"WebSite\",\"@id\":\"https:\\\/\\\/www.itakaescolapios.org\\\/fr\\\/es\\\/#website\",\"url\":\"https:\\\/\\\/www.itakaescolapios.org\\\/fr\\\/es\\\/\",\"name\":\"Itaka-Escolapios\",\"description\":\"Red de Itaka-Escolapios\",\"publisher\":{\"@id\":\"https:\\\/\\\/www.itakaescolapios.org\\\/fr\\\/es\\\/#organization\"},\"potentialAction\":[{\"@type\":\"SearchAction\",\"target\":{\"@type\":\"EntryPoint\",\"urlTemplate\":\"https:\\\/\\\/www.itakaescolapios.org\\\/fr\\\/es\\\/?s={search_term_string}\"},\"query-input\":{\"@type\":\"PropertyValueSpecification\",\"valueRequired\":true,\"valueName\":\"search_term_string\"}}],\"inLanguage\":\"fr-FR\"},{\"@type\":\"Organization\",\"@id\":\"https:\\\/\\\/www.itakaescolapios.org\\\/fr\\\/es\\\/#organization\",\"name\":\"Fundaci\u00f3 Itaka-Escolapios\",\"url\":\"https:\\\/\\\/www.itakaescolapios.org\\\/fr\\\/es\\\/\",\"logo\":{\"@type\":\"ImageObject\",\"inLanguage\":\"fr-FR\",\"@id\":\"https:\\\/\\\/www.itakaescolapios.org\\\/fr\\\/es\\\/#\\\/schema\\\/logo\\\/image\\\/\",\"url\":\"https:\\\/\\\/www.itakaescolapios.org\\\/wp-content\\\/uploads\\\/2024\\\/04\\\/Logo-itakaescolapios-peque.png\",\"contentUrl\":\"https:\\\/\\\/www.itakaescolapios.org\\\/wp-content\\\/uploads\\\/2024\\\/04\\\/Logo-itakaescolapios-peque.png\",\"width\":500,\"height\":199,\"caption\":\"Fundaci\u00f3 Itaka-Escolapios\"},\"image\":{\"@id\":\"https:\\\/\\\/www.itakaescolapios.org\\\/fr\\\/es\\\/#\\\/schema\\\/logo\\\/image\\\/\"}}]}<\/script>\n<!-- \/ Yoast SEO plugin. -->","yoast_head_json":{"title":"Ojal\u00e1\/ El Faro","description":"Le programme Ojal\u00e1 a pour but l'alphab\u00e9tisation de jeunes immigr\u00e9s (hommes et femmes). Ils re\u00e7oivent gratuitement des cours de langue espagnole dont les ressources proviennent des entit\u00e9s sociales et de travail des villes de Vitoria et de Bilbao. Les cours sont dispens\u00e9s dans les locaux d'Itaka Escolapios. Les objectifs du programme sont : Acqu\u00e9rir un\u2026","robots":{"index":"index","follow":"follow","max-snippet":"max-snippet:-1","max-image-preview":"max-image-preview:large","max-video-preview":"max-video-preview:-1"},"canonical":"Le programme Ojal\u00e1 a pour but l'alphab\u00e9tisation de jeunes immigr\u00e9s (hommes et femmes). Ils re\u00e7oivent gratuitement des cours de langue espagnole dont les ressources proviennent des entit\u00e9s sociales et de travail des villes de Vitoria et de Bilbao. Les cours sont dispens\u00e9s dans les locaux d'Itaka Escolapios. Les objectifs du programme sont : Acqu\u00e9rir un\u2026","og_locale":"fr_FR","og_type":"article","og_title":"Ojal\u00e1\/ El Faro","og_description":"Le programme Ojal\u00e1 a pour but l'alphab\u00e9tisation de jeunes immigr\u00e9s (hommes et femmes). Ils re\u00e7oivent gratuitement des cours de langue espagnole dont les ressources proviennent des entit\u00e9s sociales et de travail des villes de Vitoria et de Bilbao. Les cours sont dispens\u00e9s dans les locaux d'Itaka Escolapios. Les objectifs du programme sont : Acqu\u00e9rir un\u2026","og_url":"https:\/\/www.itakaescolapios.org\/fr\/que-faisons-nous\/alfabetizacion-y-apoyo-escolar\/ojala\/","og_site_name":"Itaka-Escolapios","article_modified_time":"2023-11-28T11:39:49+00:00","og_image":[{"width":1125,"height":1500,"url":"https:\/\/www.itakaescolapios.org\/wp-content\/uploads\/2012\/05\/10548021_896396700404826_8386743555456042976_o.jpg","type":"image\/jpeg"}],"twitter_card":"summary_large_image","twitter_misc":{"Dur\u00e9e de lecture estim\u00e9e":"1 minute"},"schema":{"@context":"https:\/\/schema.org","@graph":[{"@type":"WebPage","@id":"https:\/\/www.itakaescolapios.org\/fr\/que-faisons-nous\/alfabetizacion-y-apoyo-escolar\/ojala\/","url":"https:\/\/www.itakaescolapios.org\/fr\/que-faisons-nous\/alfabetizacion-y-apoyo-escolar\/ojala\/","name":"Ojal\u00e1 \/ El Faro - Itaka-Escolapios","isPartOf":{"@id":"https:\/\/www.itakaescolapios.org\/es\/#website"},"primaryImageOfPage":{"@id":"https:\/\/www.itakaescolapios.org\/fr\/que-faisons-nous\/alfabetizacion-y-apoyo-escolar\/ojala\/#primaryimage"},"image":{"@id":"https:\/\/www.itakaescolapios.org\/fr\/que-faisons-nous\/alfabetizacion-y-apoyo-escolar\/ojala\/#primaryimage"},"thumbnailUrl":"https:\/\/www.itakaescolapios.org\/wp-content\/uploads\/2012\/05\/10548021_896396700404826_8386743555456042976_o.jpg","datePublished":"2012-05-31T16:44:39+00:00","dateModified":"2023-11-28T11:39:49+00:00","breadcrumb":{"@id":"https:\/\/www.itakaescolapios.org\/fr\/que-faisons-nous\/alfabetizacion-y-apoyo-escolar\/ojala\/#breadcrumb"},"inLanguage":"fr-FR","potentialAction":[{"@type":"ReadAction","target":["https:\/\/www.itakaescolapios.org\/fr\/que-faisons-nous\/alfabetizacion-y-apoyo-escolar\/ojala\/"]}]},{"@type":"ImageObject","inLanguage":"fr-FR","@id":"https:\/\/www.itakaescolapios.org\/fr\/que-faisons-nous\/alfabetizacion-y-apoyo-escolar\/ojala\/#primaryimage","url":"https:\/\/www.itakaescolapios.org\/wp-content\/uploads\/2012\/05\/10548021_896396700404826_8386743555456042976_o.jpg","contentUrl":"https:\/\/www.itakaescolapios.org\/wp-content\/uploads\/2012\/05\/10548021_896396700404826_8386743555456042976_o.jpg","width":1125,"height":1500},{"@type":"BreadcrumbList","@id":"https:\/\/www.itakaescolapios.org\/fr\/que-faisons-nous\/alfabetizacion-y-apoyo-escolar\/ojala\/#breadcrumb","itemListElement":[{"@type":"ListItem","position":1,"name":"Itaka-Escolapios","item":"https:\/\/www.itakaescolapios.org\/es\/"},{"@type":"ListItem","position":2,"name":"Que faisons-nous","item":"https:\/\/www.itakaescolapios.org\/es\/que-hacemos\/"},{"@type":"ListItem","position":3,"name":"Alphab\u00e9tisation et appui scolaire","item":"https:\/\/www.itakaescolapios.org\/es\/que-hacemos\/alfabetizacion-y-apoyo-escolar\/"},{"@type":"ListItem","position":4,"name":"Ojal\u00e1\/ El Faro"}]},{"@type":"WebSite","@id":"https:\/\/www.itakaescolapios.org\/fr\/es\/#website","url":"https:\/\/www.itakaescolapios.org\/fr\/es\/","name":"Itaka-Escolapios","description":"Red de Itaka-Escolapios","publisher":{"@id":"https:\/\/www.itakaescolapios.org\/fr\/es\/#organization"},"potentialAction":[{"@type":"SearchAction","target":{"@type":"EntryPoint","urlTemplate":"https:\/\/www.itakaescolapios.org\/fr\/es\/?s={search_term_string}"},"query-input":{"@type":"PropertyValueSpecification","valueRequired":true,"valueName":"search_term_string"}}],"inLanguage":"fr-FR"},{"@type":"Organization","@id":"https:\/\/www.itakaescolapios.org\/fr\/es\/#organization","name":"Fundaci\u00f3 Itaka-Escolapios","url":"https:\/\/www.itakaescolapios.org\/fr\/es\/","logo":{"@type":"ImageObject","inLanguage":"fr-FR","@id":"https:\/\/www.itakaescolapios.org\/fr\/es\/#\/schema\/logo\/image\/","url":"https:\/\/www.itakaescolapios.org\/wp-content\/uploads\/2024\/04\/Logo-itakaescolapios-peque.png","contentUrl":"https:\/\/www.itakaescolapios.org\/wp-content\/uploads\/2024\/04\/Logo-itakaescolapios-peque.png","width":500,"height":199,"caption":"Fundaci\u00f3 Itaka-Escolapios"},"image":{"@id":"https:\/\/www.itakaescolapios.org\/fr\/es\/#\/schema\/logo\/image\/"}}]}},"_links":{"self":[{"href":"https:\/\/www.itakaescolapios.org\/fr\/wp-json\/wp\/v2\/pages\/201","targetHints":{"allow":["GET"]}}],"collection":[{"href":"https:\/\/www.itakaescolapios.org\/fr\/wp-json\/wp\/v2\/pages"}],"about":[{"href":"https:\/\/www.itakaescolapios.org\/fr\/wp-json\/wp\/v2\/types\/page"}],"author":[{"embeddable":true,"href":"https:\/\/www.itakaescolapios.org\/fr\/wp-json\/wp\/v2\/users\/1"}],"replies":[{"embeddable":true,"href":"https:\/\/www.itakaescolapios.org\/fr\/wp-json\/wp\/v2\/comments?post=201"}],"version-history":[{"count":22,"href":"https:\/\/www.itakaescolapios.org\/fr\/wp-json\/wp\/v2\/pages\/201\/revisions"}],"predecessor-version":[{"id":50317,"href":"https:\/\/www.itakaescolapios.org\/fr\/wp-json\/wp\/v2\/pages\/201\/revisions\/50317"}],"up":[{"embeddable":true,"href":"https:\/\/www.itakaescolapios.org\/fr\/wp-json\/wp\/v2\/pages\/78"}],"wp:featuredmedia":[{"embeddable":true,"href":"https:\/\/www.itakaescolapios.org\/fr\/wp-json\/wp\/v2\/media\/13830"}],"wp:attachment":[{"href":"https:\/\/www.itakaescolapios.org\/fr\/wp-json\/wp\/v2\/media?parent=201"}],"curies":[{"name":"wp","href":"https:\/\/api.w.org\/{rel}","templated":true}]}}