{"id":20613,"date":"2017-10-24T15:15:28","date_gmt":"2017-10-24T14:15:28","guid":{"rendered":"https:\/\/www.itakaescolapios.org\/?page_id=20613"},"modified":"2023-11-28T12:37:48","modified_gmt":"2023-11-28T11:37:48","slug":"2017-2018-el-tesoro-de-senegal","status":"publish","type":"page","link":"https:\/\/www.itakaescolapios.org\/fr\/campanas\/2017-2018-el-tesoro-de-senegal\/","title":{"rendered":"2017-2018 LE TR\u00c9SOR DU S\u00c9N\u00c9GAL"},"content":{"rendered":"<p>https:\/\/youtu.be\/nJMpRQXyBwU<\/p>\n<p style=\"text-align: justify;\">Avec la campagne de solidarit\u00e9 de cette ann\u00e9e scolaire, chez Itaka-Escolapios nous nous approchons pour la premi\u00e8re fois d\u2019une r\u00e9alit\u00e9 globale, diverse et qui appelle avec force \u00e0 notre solidarit\u00e9: la mission piariste au S\u00e9n\u00e9gal.<\/p>\n<p style=\"text-align: justify;\">Le S\u00e9n\u00e9gal est le premier pays du continent africain o\u00f9 les piaristes ont \u00e9t\u00e9 pr\u00e9sents, autour de 1963, ann\u00e9e o\u00f9 les premiers religieux en provenance de Catalogne sont arriv\u00e9s en Casamance et ont form\u00e9 la premi\u00e8re communaut\u00e9 en s\u2019int\u00e9grant au peuple et en commen\u00e7ant leur mission avec les plus d\u00e9favoris\u00e9s. Cette premi\u00e8re aventure porta ses fruits pendant de nombreuses d\u00e9cennies en s\u2019\u00e9tendant \u00e0 plusieurs r\u00e9gions du pays, comme les germes de ce qui est aujourd\u2019hui une vaste pr\u00e9sence piariste qui compte de nombreuses \u0153uvres \u00e9ducatives, sociales et pastorales. Un v\u00e9ritable <i>tr\u00e9sor<\/i> pour la richesse humaine et l\u2019engagement de ceux qui d\u00e9veloppent ces initiatives et ces projets.<\/p>\n<p style=\"text-align: justify;\">Le S\u00e9n\u00e9gal fait actuellement partie de la province piariste de l\u2019Afrique de l\u2019Ouest avec la C\u00f4te-d\u2019Ivoire ainsi que la jeune fondation piariste d\u2019un autre pays de la r\u00e9gion: le Burkina Faso. Il convient de souligner que tous ces pays ont un grand potentiel humain, mais qu\u2019ils pr\u00e9sentent d\u2019\u00e9normes besoins \u00e9ducatifs et, en g\u00e9n\u00e9ral, souffrent d\u2019indices de d\u00e9veloppement parmi les plus bas de la plan\u00e8te.<\/p>\n<ul>\n<li><strong><span style=\"color: #808000;\"><a href=\"https:\/\/www.itakaescolapios.org\/fr\/campanas\/2017-2018-el-tesoro-de-senegal\/recordando-la-campana-expedicion-kamda-educar-anunciar-transforma\/\" target=\"_blank\" rel=\"noopener noreferrer\"><span style=\"color: #808000;\">Souvenirs de la campagne \u201cEXPEDITION KAMDA\u201d<\/span><\/a><\/span><\/strong><\/li>\n<li><strong><span style=\"color: #808000;\"><a href=\"https:\/\/www.itakaescolapios.org\/fr\/campanas\/2017-2018-el-tesoro-de-senegal\/contigo\/\" target=\"_blank\" rel=\"noopener noreferrer\"><span style=\"color: #808000;\">Avec vous +<\/span><\/a><\/span><\/strong><\/li>\n<li><strong><span style=\"color: #808000;\"><a href=\"https:\/\/www.itakaescolapios.org\/fr\/campanas\/2017-2018-el-tesoro-de-senegal\/los-escolapios-en-africa-del-oeste-y-los-internados-de-senegal\/\" target=\"_blank\" rel=\"noopener noreferrer\"><span style=\"color: #808000;\">Les Piaristes en Afrique de l\u2019Ouest et les internats du S\u00e9n\u00e9gal<\/span><\/a><\/span><\/strong><\/li>\n<li><strong><span style=\"color: #808000;\"><a href=\"https:\/\/www.itakaescolapios.org\/fr\/campanas\/2017-2018-el-tesoro-de-senegal\/los-exploradores-de-itaka-escolapios\/\" target=\"_blank\" rel=\"noopener noreferrer\"><span style=\"color: #808000;\">Les Explorateurs d\u2019Itaka-Escolapios<\/span><\/a><\/span><\/strong><\/li>\n<li><strong><span style=\"color: #808000;\"><a href=\"https:\/\/www.itakaescolapios.org\/fr\/campanas\/2017-2018-el-tesoro-de-senegal\/actividades-centrales-de-la-campana\/\" target=\"_blank\" rel=\"noopener noreferrer\"><span style=\"color: #808000;\">Activit\u00e9s centrales de la campagne<\/span><\/a><\/span><\/strong><\/li>\n<li><strong><span style=\"color: #808000;\"><a href=\"https:\/\/www.itakaescolapios.org\/fr\/campanas\/2017-2018-el-tesoro-de-senegal\/dossier-de-actividades-para-el-aula\/\" target=\"_blank\" rel=\"noopener noreferrer\"><span style=\"color: #808000;\">Dossier des activit\u00e9s de l\u2019ann\u00e9e scolaire<\/span><\/a><\/span><\/strong><\/li>\n<li><strong><span style=\"color: #808000;\"><a href=\"https:\/\/www.itakaescolapios.org\/fr\/campanas\/2017-2018-el-tesoro-de-senegal\/carteleria\/\" target=\"_blank\" rel=\"noopener noreferrer\"><span style=\"color: #808000;\">Affiches<\/span><\/a><\/span><\/strong><\/li>\n<li><strong><span style=\"color: #808000;\"><a href=\"https:\/\/www.itakaescolapios.org\/fr\/campanas\/2017-2018-el-tesoro-de-senegal\/otros-recursos\/\" target=\"_blank\" rel=\"noopener noreferrer\"><span style=\"color: #808000;\">Autres ressources<\/span><\/a><\/span><\/strong><\/li>\n<\/ul>\n","protected":false},"excerpt":{"rendered":"<p>https:\/\/youtu.be\/nJMpRQXyBwU Avec la campagne de solidarit\u00e9 de cette ann\u00e9e scolaire, chez Itaka-Escolapios nous nous approchons pour la premi\u00e8re fois d\u2019une r\u00e9alit\u00e9 globale, diverse et qui appelle avec force \u00e0 notre [&hellip;]<\/p>\n","protected":false},"author":46,"featured_media":0,"parent":7523,"menu_order":4,"comment_status":"closed","ping_status":"closed","template":"","meta":{"_et_pb_use_builder":"","_et_pb_old_content":"","_et_gb_content_width":"","footnotes":""},"class_list":["post-20613","page","type-page","status-publish","hentry"],"yoast_head":"<!-- This site is optimized with the Yoast SEO plugin v27.5 - https:\/\/yoast.com\/product\/yoast-seo-wordpress\/ -->\n<title>2017-2018 LE TR\u00c9SOR DU S\u00c9N\u00c9GAL<\/title>\n<meta name=\"description\" content=\"https:\/\/youtu.be\/nJMpRQXyBwU Avec la campagne de solidarit\u00e9 de cette ann\u00e9e scolaire, chez Itaka-Escolapios nous nous approchons pour la premi\u00e8re fois d\u2019une r\u00e9alit\u00e9 globale, diverse et qui appelle avec force \u00e0 notre solidarit\u00e9: la mission piariste au S\u00e9n\u00e9gal. Le S\u00e9n\u00e9gal est le premier pays du continent africain o\u00f9 les piaristes ont \u00e9t\u00e9 pr\u00e9sents, autour de 1963, ann\u00e9e\u2026\" \/>\n<meta name=\"robots\" content=\"index, follow, max-snippet:-1, max-image-preview:large, max-video-preview:-1\" \/>\n<link rel=\"canonical\" href=\"https:\/\/youtu.be\/nJMpRQXyBwU%20Avec%20la%20campagne%20de%20solidarit\u00e9%20de%20cette%20ann\u00e9e%20scolaire,%20chez%20Itaka-Escolapios%20nous%20nous%20approchons%20pour%20la%20premi\u00e8re%20fois%20d\u2019une%20r\u00e9alit\u00e9%20globale,%20diverse%20et%20qui%20appelle%20avec%20force%20\u00e0%20notre%20solidarit\u00e9:%20la%20mission%20piariste%20au%20S\u00e9n\u00e9gal.%20Le%20S\u00e9n\u00e9gal%20est%20le%20premier%20pays%20du%20continent%20africain%20o\u00f9%20les%20piaristes%20ont%20\u00e9t\u00e9%20pr\u00e9sents,%20autour%20de%201963,%20ann\u00e9e\u2026\" \/>\n<meta property=\"og:locale\" content=\"fr_FR\" \/>\n<meta property=\"og:type\" content=\"article\" \/>\n<meta property=\"og:title\" content=\"2017-2018 LE TR\u00c9SOR DU S\u00c9N\u00c9GAL\" \/>\n<meta property=\"og:description\" content=\"https:\/\/youtu.be\/nJMpRQXyBwU Avec la campagne de solidarit\u00e9 de cette ann\u00e9e scolaire, chez Itaka-Escolapios nous nous approchons pour la premi\u00e8re fois d\u2019une r\u00e9alit\u00e9 globale, diverse et qui appelle avec force \u00e0 notre solidarit\u00e9: la mission piariste au S\u00e9n\u00e9gal. Le S\u00e9n\u00e9gal est le premier pays du continent africain o\u00f9 les piaristes ont \u00e9t\u00e9 pr\u00e9sents, autour de 1963, ann\u00e9e\u2026\" \/>\n<meta property=\"og:url\" content=\"https:\/\/www.itakaescolapios.org\/fr\/campanas\/2017-2018-el-tesoro-de-senegal\/\" \/>\n<meta property=\"og:site_name\" content=\"Itaka-Escolapios\" \/>\n<meta property=\"article:modified_time\" content=\"2023-11-28T11:37:48+00:00\" \/>\n<meta name=\"twitter:card\" content=\"summary_large_image\" \/>\n<meta name=\"twitter:label1\" content=\"Dur\u00e9e de lecture estim\u00e9e\" \/>\n\t<meta name=\"twitter:data1\" content=\"1 minute\" \/>\n<script type=\"application\/ld+json\" class=\"yoast-schema-graph\">{\"@context\":\"https:\\\/\\\/schema.org\",\"@graph\":[{\"@type\":\"WebPage\",\"@id\":\"https:\\\/\\\/www.itakaescolapios.org\\\/fr\\\/campanas\\\/2017-2018-el-tesoro-de-senegal\\\/\",\"url\":\"https:\\\/\\\/www.itakaescolapios.org\\\/fr\\\/campanas\\\/2017-2018-el-tesoro-de-senegal\\\/\",\"name\":\"2017-2018 EL TESORO DE SENEGAL - Itaka-Escolapios\",\"isPartOf\":{\"@id\":\"https:\\\/\\\/www.itakaescolapios.org\\\/es\\\/#website\"},\"datePublished\":\"2017-10-24T14:15:28+00:00\",\"dateModified\":\"2023-11-28T11:37:48+00:00\",\"breadcrumb\":{\"@id\":\"https:\\\/\\\/www.itakaescolapios.org\\\/fr\\\/campanas\\\/2017-2018-el-tesoro-de-senegal\\\/#breadcrumb\"},\"inLanguage\":\"fr-FR\",\"potentialAction\":[{\"@type\":\"ReadAction\",\"target\":[\"https:\\\/\\\/www.itakaescolapios.org\\\/fr\\\/campanas\\\/2017-2018-el-tesoro-de-senegal\\\/\"]}]},{\"@type\":\"BreadcrumbList\",\"@id\":\"https:\\\/\\\/www.itakaescolapios.org\\\/fr\\\/campanas\\\/2017-2018-el-tesoro-de-senegal\\\/#breadcrumb\",\"itemListElement\":[{\"@type\":\"ListItem\",\"position\":1,\"name\":\"Itaka-Escolapios\",\"item\":\"https:\\\/\\\/www.itakaescolapios.org\\\/es\\\/\"},{\"@type\":\"ListItem\",\"position\":2,\"name\":\"Campagnes\",\"item\":\"https:\\\/\\\/www.itakaescolapios.org\\\/es\\\/campanas\\\/\"},{\"@type\":\"ListItem\",\"position\":3,\"name\":\"2017-2018 LE TR\u00c9SOR DU S\u00c9N\u00c9GAL\"}]},{\"@type\":\"WebSite\",\"@id\":\"https:\\\/\\\/www.itakaescolapios.org\\\/fr\\\/es\\\/#website\",\"url\":\"https:\\\/\\\/www.itakaescolapios.org\\\/fr\\\/es\\\/\",\"name\":\"Itaka-Escolapios\",\"description\":\"Red de Itaka-Escolapios\",\"publisher\":{\"@id\":\"https:\\\/\\\/www.itakaescolapios.org\\\/fr\\\/es\\\/#organization\"},\"potentialAction\":[{\"@type\":\"SearchAction\",\"target\":{\"@type\":\"EntryPoint\",\"urlTemplate\":\"https:\\\/\\\/www.itakaescolapios.org\\\/fr\\\/es\\\/?s={search_term_string}\"},\"query-input\":{\"@type\":\"PropertyValueSpecification\",\"valueRequired\":true,\"valueName\":\"search_term_string\"}}],\"inLanguage\":\"fr-FR\"},{\"@type\":\"Organization\",\"@id\":\"https:\\\/\\\/www.itakaescolapios.org\\\/fr\\\/es\\\/#organization\",\"name\":\"Fundaci\u00f3 Itaka-Escolapios\",\"url\":\"https:\\\/\\\/www.itakaescolapios.org\\\/fr\\\/es\\\/\",\"logo\":{\"@type\":\"ImageObject\",\"inLanguage\":\"fr-FR\",\"@id\":\"https:\\\/\\\/www.itakaescolapios.org\\\/fr\\\/es\\\/#\\\/schema\\\/logo\\\/image\\\/\",\"url\":\"https:\\\/\\\/www.itakaescolapios.org\\\/wp-content\\\/uploads\\\/2024\\\/04\\\/Logo-itakaescolapios-peque.png\",\"contentUrl\":\"https:\\\/\\\/www.itakaescolapios.org\\\/wp-content\\\/uploads\\\/2024\\\/04\\\/Logo-itakaescolapios-peque.png\",\"width\":500,\"height\":199,\"caption\":\"Fundaci\u00f3 Itaka-Escolapios\"},\"image\":{\"@id\":\"https:\\\/\\\/www.itakaescolapios.org\\\/fr\\\/es\\\/#\\\/schema\\\/logo\\\/image\\\/\"}}]}<\/script>\n<!-- \/ Yoast SEO plugin. -->","yoast_head_json":{"title":"2017-2018 LE TR\u00c9SOR DU S\u00c9N\u00c9GAL","description":"https:\/\/youtu.be\/nJMpRQXyBwU Avec la campagne de solidarit\u00e9 de cette ann\u00e9e scolaire, chez Itaka-Escolapios nous nous approchons pour la premi\u00e8re fois d\u2019une r\u00e9alit\u00e9 globale, diverse et qui appelle avec force \u00e0 notre solidarit\u00e9: la mission piariste au S\u00e9n\u00e9gal. Le S\u00e9n\u00e9gal est le premier pays du continent africain o\u00f9 les piaristes ont \u00e9t\u00e9 pr\u00e9sents, autour de 1963, ann\u00e9e\u2026","robots":{"index":"index","follow":"follow","max-snippet":"max-snippet:-1","max-image-preview":"max-image-preview:large","max-video-preview":"max-video-preview:-1"},"canonical":"https:\/\/youtu.be\/nJMpRQXyBwU Avec la campagne de solidarit\u00e9 de cette ann\u00e9e scolaire, chez Itaka-Escolapios nous nous approchons pour la premi\u00e8re fois d\u2019une r\u00e9alit\u00e9 globale, diverse et qui appelle avec force \u00e0 notre solidarit\u00e9: la mission piariste au S\u00e9n\u00e9gal. Le S\u00e9n\u00e9gal est le premier pays du continent africain o\u00f9 les piaristes ont \u00e9t\u00e9 pr\u00e9sents, autour de 1963, ann\u00e9e\u2026","og_locale":"fr_FR","og_type":"article","og_title":"2017-2018 LE TR\u00c9SOR DU S\u00c9N\u00c9GAL","og_description":"https:\/\/youtu.be\/nJMpRQXyBwU Avec la campagne de solidarit\u00e9 de cette ann\u00e9e scolaire, chez Itaka-Escolapios nous nous approchons pour la premi\u00e8re fois d\u2019une r\u00e9alit\u00e9 globale, diverse et qui appelle avec force \u00e0 notre solidarit\u00e9: la mission piariste au S\u00e9n\u00e9gal. Le S\u00e9n\u00e9gal est le premier pays du continent africain o\u00f9 les piaristes ont \u00e9t\u00e9 pr\u00e9sents, autour de 1963, ann\u00e9e\u2026","og_url":"https:\/\/www.itakaescolapios.org\/fr\/campanas\/2017-2018-el-tesoro-de-senegal\/","og_site_name":"Itaka-Escolapios","article_modified_time":"2023-11-28T11:37:48+00:00","twitter_card":"summary_large_image","twitter_misc":{"Dur\u00e9e de lecture estim\u00e9e":"1 minute"},"schema":{"@context":"https:\/\/schema.org","@graph":[{"@type":"WebPage","@id":"https:\/\/www.itakaescolapios.org\/fr\/campanas\/2017-2018-el-tesoro-de-senegal\/","url":"https:\/\/www.itakaescolapios.org\/fr\/campanas\/2017-2018-el-tesoro-de-senegal\/","name":"2017-2018 EL TESORO DE SENEGAL - Itaka-Escolapios","isPartOf":{"@id":"https:\/\/www.itakaescolapios.org\/es\/#website"},"datePublished":"2017-10-24T14:15:28+00:00","dateModified":"2023-11-28T11:37:48+00:00","breadcrumb":{"@id":"https:\/\/www.itakaescolapios.org\/fr\/campanas\/2017-2018-el-tesoro-de-senegal\/#breadcrumb"},"inLanguage":"fr-FR","potentialAction":[{"@type":"ReadAction","target":["https:\/\/www.itakaescolapios.org\/fr\/campanas\/2017-2018-el-tesoro-de-senegal\/"]}]},{"@type":"BreadcrumbList","@id":"https:\/\/www.itakaescolapios.org\/fr\/campanas\/2017-2018-el-tesoro-de-senegal\/#breadcrumb","itemListElement":[{"@type":"ListItem","position":1,"name":"Itaka-Escolapios","item":"https:\/\/www.itakaescolapios.org\/es\/"},{"@type":"ListItem","position":2,"name":"Campagnes","item":"https:\/\/www.itakaescolapios.org\/es\/campanas\/"},{"@type":"ListItem","position":3,"name":"2017-2018 LE TR\u00c9SOR DU S\u00c9N\u00c9GAL"}]},{"@type":"WebSite","@id":"https:\/\/www.itakaescolapios.org\/fr\/es\/#website","url":"https:\/\/www.itakaescolapios.org\/fr\/es\/","name":"Itaka-Escolapios","description":"Red de Itaka-Escolapios","publisher":{"@id":"https:\/\/www.itakaescolapios.org\/fr\/es\/#organization"},"potentialAction":[{"@type":"SearchAction","target":{"@type":"EntryPoint","urlTemplate":"https:\/\/www.itakaescolapios.org\/fr\/es\/?s={search_term_string}"},"query-input":{"@type":"PropertyValueSpecification","valueRequired":true,"valueName":"search_term_string"}}],"inLanguage":"fr-FR"},{"@type":"Organization","@id":"https:\/\/www.itakaescolapios.org\/fr\/es\/#organization","name":"Fundaci\u00f3 Itaka-Escolapios","url":"https:\/\/www.itakaescolapios.org\/fr\/es\/","logo":{"@type":"ImageObject","inLanguage":"fr-FR","@id":"https:\/\/www.itakaescolapios.org\/fr\/es\/#\/schema\/logo\/image\/","url":"https:\/\/www.itakaescolapios.org\/wp-content\/uploads\/2024\/04\/Logo-itakaescolapios-peque.png","contentUrl":"https:\/\/www.itakaescolapios.org\/wp-content\/uploads\/2024\/04\/Logo-itakaescolapios-peque.png","width":500,"height":199,"caption":"Fundaci\u00f3 Itaka-Escolapios"},"image":{"@id":"https:\/\/www.itakaescolapios.org\/fr\/es\/#\/schema\/logo\/image\/"}}]}},"_links":{"self":[{"href":"https:\/\/www.itakaescolapios.org\/fr\/wp-json\/wp\/v2\/pages\/20613","targetHints":{"allow":["GET"]}}],"collection":[{"href":"https:\/\/www.itakaescolapios.org\/fr\/wp-json\/wp\/v2\/pages"}],"about":[{"href":"https:\/\/www.itakaescolapios.org\/fr\/wp-json\/wp\/v2\/types\/page"}],"author":[{"embeddable":true,"href":"https:\/\/www.itakaescolapios.org\/fr\/wp-json\/wp\/v2\/users\/46"}],"replies":[{"embeddable":true,"href":"https:\/\/www.itakaescolapios.org\/fr\/wp-json\/wp\/v2\/comments?post=20613"}],"version-history":[{"count":32,"href":"https:\/\/www.itakaescolapios.org\/fr\/wp-json\/wp\/v2\/pages\/20613\/revisions"}],"predecessor-version":[{"id":47320,"href":"https:\/\/www.itakaescolapios.org\/fr\/wp-json\/wp\/v2\/pages\/20613\/revisions\/47320"}],"up":[{"embeddable":true,"href":"https:\/\/www.itakaescolapios.org\/fr\/wp-json\/wp\/v2\/pages\/7523"}],"wp:attachment":[{"href":"https:\/\/www.itakaescolapios.org\/fr\/wp-json\/wp\/v2\/media?parent=20613"}],"curies":[{"name":"wp","href":"https:\/\/api.w.org\/{rel}","templated":true}]}}