{"id":20617,"date":"2017-10-24T15:32:22","date_gmt":"2017-10-24T14:32:22","guid":{"rendered":"https:\/\/www.itakaescolapios.org\/?page_id=20617"},"modified":"2023-11-28T12:37:48","modified_gmt":"2023-11-28T11:37:48","slug":"recordando-la-campana-expedicion-kamda-educar-anunciar-transforma","status":"publish","type":"page","link":"https:\/\/www.itakaescolapios.org\/fr\/campanas\/2017-2018-el-tesoro-de-senegal\/recordando-la-campana-expedicion-kamda-educar-anunciar-transforma\/","title":{"rendered":"SOUVENIRS DE LA CAMPAGNE \u201cEXPEDITION KAMDA: EDUQUER, ANNONCER, TRANSFORMER\u201d"},"content":{"rendered":"<p>Avec la campagne de solidarit\u00e9 de l\u2019ann\u00e9e scolaire 2016-2017, nous avons voulu plonger dans la puissance transformatrice de l\u2019\u00e9ducation en encourageant une \u00e9ducation de qualit\u00e9 dans le nord de l\u2019Inde, \u00e0 Kamda. Nous avons propos\u00e9 d\u2019am\u00e9liorer la formation des professeurs et d\u2019am\u00e9liorer l\u2019\u00e9cole actuelle, en pensant \u00e0 collecter des fonds pour construire une nouvelle \u00e9cole dans l\u2019avenir.<\/p>\n<p>Cinquante-deux \u00e9coles et centres culturels piaristes de Bolivie, Br\u00e9sil, Cameroun, Espagne, Gabon, Guin\u00e9e Equatoriale, Indon\u00e9sie et V\u00e9n\u00e9zuela ont travaill\u00e9 en classe sur la valeur de l\u2019\u00e9ducation comme moteur du changement, en d\u00e9couvrant la r\u00e9alit\u00e9 piariste en Inde.<\/p>\n<p>Gr\u00e2ce \u00e0 ce travail de sensibilisation nous allons pouvoir envoyer un total de 198.495,29 \u20ac, qui garantiront une \u00e9ducation de qualit\u00e9 \u00e0 l\u2019\u00e9cole de Kamda et nous permettront de r\u00eaver \u00e0 la construction d\u2019une nouvelle \u00e9cole dans un avenir pas si lointain.<\/p>\n<p>Merci! \u00a1Gracias! Thanks! Obrigado!<\/p>\n<h1><span style=\"color: #808000;\">Cliquez sur les graphiques pour suivre l\u2019\u00e9volution des derni\u00e8res ann\u00e9es:<\/span><\/h1>\n<p><a href=\"https:\/\/www.itakaescolapios.org\/wp-content\/uploads\/2017\/10\/grafico-dinero-recaudado.png\" target=\"_blank\"><img decoding=\"async\" alt=\"grafico dinero recaudado\" src=\"https:\/\/www.itakaescolapios.org\/wp-content\/uploads\/2017\/10\/grafico-dinero-recaudado-300x184.png\" width=\"300\" height=\"184\" \/><\/a><a href=\"https:\/\/www.itakaescolapios.org\/wp-content\/uploads\/2017\/10\/grafico-centros.png\" target=\"_blank\"><img decoding=\"async\" alt=\"grafico centros\" src=\"https:\/\/www.itakaescolapios.org\/wp-content\/uploads\/2017\/10\/grafico-centros-300x234.png\" width=\"255\" height=\"199\" \/><\/a><\/p>\n","protected":false},"excerpt":{"rendered":"<p>Avec la campagne de solidarit\u00e9 de l\u2019ann\u00e9e scolaire 2016-2017, nous avons voulu plonger dans la puissance transformatrice de l\u2019\u00e9ducation en encourageant une \u00e9ducation de qualit\u00e9 dans le nord de l\u2019Inde, [&hellip;]<\/p>\n","protected":false},"author":46,"featured_media":0,"parent":20613,"menu_order":1,"comment_status":"closed","ping_status":"closed","template":"","meta":{"_et_pb_use_builder":"","_et_pb_old_content":"","_et_gb_content_width":"","footnotes":""},"class_list":["post-20617","page","type-page","status-publish","hentry"],"yoast_head":"<!-- This site is optimized with the Yoast SEO plugin v27.5 - https:\/\/yoast.com\/product\/yoast-seo-wordpress\/ -->\n<title>SOUVENIRS DE LA CAMPAGNE \u201cEXPEDITION KAMDA: EDUQUER, ANNONCER, TRANSFORMER\u201d<\/title>\n<meta name=\"description\" content=\"Avec la campagne de solidarit\u00e9 de l\u2019ann\u00e9e scolaire 2016-2017, nous avons voulu plonger dans la puissance transformatrice de l\u2019\u00e9ducation en encourageant une \u00e9ducation de qualit\u00e9 dans le nord de l\u2019Inde, \u00e0 Kamda. Nous avons propos\u00e9 d\u2019am\u00e9liorer la formation des professeurs et d\u2019am\u00e9liorer l\u2019\u00e9cole actuelle, en pensant \u00e0 collecter des fonds pour construire une nouvelle \u00e9cole\u2026\" \/>\n<meta name=\"robots\" content=\"index, follow, max-snippet:-1, max-image-preview:large, max-video-preview:-1\" \/>\n<link rel=\"canonical\" href=\"http:\/\/Avec%20la%20campagne%20de%20solidarit\u00e9%20de%20l\u2019ann\u00e9e%20scolaire%202016-2017,%20nous%20avons%20voulu%20plonger%20dans%20la%20puissance%20transformatrice%20de%20l\u2019\u00e9ducation%20en%20encourageant%20une%20\u00e9ducation%20de%20qualit\u00e9%20dans%20le%20nord%20de%20l\u2019Inde,%20\u00e0%20Kamda.%20Nous%20avons%20propos\u00e9%20d\u2019am\u00e9liorer%20la%20formation%20des%20professeurs%20et%20d\u2019am\u00e9liorer%20l\u2019\u00e9cole%20actuelle,%20en%20pensant%20\u00e0%20collecter%20des%20fonds%20pour%20construire%20une%20nouvelle%20\u00e9cole\u2026\" \/>\n<meta property=\"og:locale\" content=\"fr_FR\" \/>\n<meta property=\"og:type\" content=\"article\" \/>\n<meta property=\"og:title\" content=\"SOUVENIRS DE LA CAMPAGNE \u201cEXPEDITION KAMDA: EDUQUER, ANNONCER, TRANSFORMER\u201d\" \/>\n<meta property=\"og:description\" content=\"Avec la campagne de solidarit\u00e9 de l\u2019ann\u00e9e scolaire 2016-2017, nous avons voulu plonger dans la puissance transformatrice de l\u2019\u00e9ducation en encourageant une \u00e9ducation de qualit\u00e9 dans le nord de l\u2019Inde, \u00e0 Kamda. Nous avons propos\u00e9 d\u2019am\u00e9liorer la formation des professeurs et d\u2019am\u00e9liorer l\u2019\u00e9cole actuelle, en pensant \u00e0 collecter des fonds pour construire une nouvelle \u00e9cole\u2026\" \/>\n<meta property=\"og:url\" content=\"https:\/\/www.itakaescolapios.org\/fr\/campanas\/2017-2018-el-tesoro-de-senegal\/recordando-la-campana-expedicion-kamda-educar-anunciar-transforma\/\" \/>\n<meta property=\"og:site_name\" content=\"Itaka-Escolapios\" \/>\n<meta property=\"article:modified_time\" content=\"2023-11-28T11:37:48+00:00\" \/>\n<meta property=\"og:image\" content=\"https:\/\/www.itakaescolapios.org\/wp-content\/uploads\/2017\/10\/grafico-dinero-recaudado.png\" \/>\n\t<meta property=\"og:image:width\" content=\"1347\" \/>\n\t<meta property=\"og:image:height\" content=\"829\" \/>\n\t<meta property=\"og:image:type\" content=\"image\/png\" \/>\n<meta name=\"twitter:card\" content=\"summary_large_image\" \/>\n<meta name=\"twitter:label1\" content=\"Dur\u00e9e de lecture estim\u00e9e\" \/>\n\t<meta name=\"twitter:data1\" content=\"1 minute\" \/>\n<script type=\"application\/ld+json\" class=\"yoast-schema-graph\">{\"@context\":\"https:\\\/\\\/schema.org\",\"@graph\":[{\"@type\":\"WebPage\",\"@id\":\"https:\\\/\\\/www.itakaescolapios.org\\\/fr\\\/campanas\\\/2017-2018-el-tesoro-de-senegal\\\/recordando-la-campana-expedicion-kamda-educar-anunciar-transforma\\\/\",\"url\":\"https:\\\/\\\/www.itakaescolapios.org\\\/fr\\\/campanas\\\/2017-2018-el-tesoro-de-senegal\\\/recordando-la-campana-expedicion-kamda-educar-anunciar-transforma\\\/\",\"name\":\"RECORDANDO LA CAMPA\u00d1A \\\"EXPEDICI\u00d3N KAMDA: EDUCAR, ANUNCIAR, TRANSFORMAR\\\" - Itaka-Escolapios\",\"isPartOf\":{\"@id\":\"https:\\\/\\\/www.itakaescolapios.org\\\/es\\\/#website\"},\"primaryImageOfPage\":{\"@id\":\"https:\\\/\\\/www.itakaescolapios.org\\\/fr\\\/campanas\\\/2017-2018-el-tesoro-de-senegal\\\/recordando-la-campana-expedicion-kamda-educar-anunciar-transforma\\\/#primaryimage\"},\"image\":{\"@id\":\"https:\\\/\\\/www.itakaescolapios.org\\\/fr\\\/campanas\\\/2017-2018-el-tesoro-de-senegal\\\/recordando-la-campana-expedicion-kamda-educar-anunciar-transforma\\\/#primaryimage\"},\"thumbnailUrl\":\"https:\\\/\\\/www.itakaescolapios.org\\\/wp-content\\\/uploads\\\/2017\\\/10\\\/grafico-dinero-recaudado-300x184.png\",\"datePublished\":\"2017-10-24T14:32:22+00:00\",\"dateModified\":\"2023-11-28T11:37:48+00:00\",\"breadcrumb\":{\"@id\":\"https:\\\/\\\/www.itakaescolapios.org\\\/fr\\\/campanas\\\/2017-2018-el-tesoro-de-senegal\\\/recordando-la-campana-expedicion-kamda-educar-anunciar-transforma\\\/#breadcrumb\"},\"inLanguage\":\"fr-FR\",\"potentialAction\":[{\"@type\":\"ReadAction\",\"target\":[\"https:\\\/\\\/www.itakaescolapios.org\\\/fr\\\/campanas\\\/2017-2018-el-tesoro-de-senegal\\\/recordando-la-campana-expedicion-kamda-educar-anunciar-transforma\\\/\"]}]},{\"@type\":\"ImageObject\",\"inLanguage\":\"fr-FR\",\"@id\":\"https:\\\/\\\/www.itakaescolapios.org\\\/fr\\\/campanas\\\/2017-2018-el-tesoro-de-senegal\\\/recordando-la-campana-expedicion-kamda-educar-anunciar-transforma\\\/#primaryimage\",\"url\":\"https:\\\/\\\/www.itakaescolapios.org\\\/wp-content\\\/uploads\\\/2017\\\/10\\\/grafico-dinero-recaudado-300x184.png\",\"contentUrl\":\"https:\\\/\\\/www.itakaescolapios.org\\\/wp-content\\\/uploads\\\/2017\\\/10\\\/grafico-dinero-recaudado-300x184.png\"},{\"@type\":\"BreadcrumbList\",\"@id\":\"https:\\\/\\\/www.itakaescolapios.org\\\/fr\\\/campanas\\\/2017-2018-el-tesoro-de-senegal\\\/recordando-la-campana-expedicion-kamda-educar-anunciar-transforma\\\/#breadcrumb\",\"itemListElement\":[{\"@type\":\"ListItem\",\"position\":1,\"name\":\"Itaka-Escolapios\",\"item\":\"https:\\\/\\\/www.itakaescolapios.org\\\/es\\\/\"},{\"@type\":\"ListItem\",\"position\":2,\"name\":\"Campagnes\",\"item\":\"https:\\\/\\\/www.itakaescolapios.org\\\/es\\\/campanas\\\/\"},{\"@type\":\"ListItem\",\"position\":3,\"name\":\"2017-2018 LE TR\u00c9SOR DU S\u00c9N\u00c9GAL\",\"item\":\"https:\\\/\\\/www.itakaescolapios.org\\\/es\\\/campanas\\\/2017-2018-el-tesoro-de-senegal\\\/\"},{\"@type\":\"ListItem\",\"position\":4,\"name\":\"SOUVENIRS DE LA CAMPAGNE \u201cEXPEDITION KAMDA: EDUQUER, ANNONCER, TRANSFORMER\u201d\"}]},{\"@type\":\"WebSite\",\"@id\":\"https:\\\/\\\/www.itakaescolapios.org\\\/fr\\\/es\\\/#website\",\"url\":\"https:\\\/\\\/www.itakaescolapios.org\\\/fr\\\/es\\\/\",\"name\":\"Itaka-Escolapios\",\"description\":\"Red de Itaka-Escolapios\",\"publisher\":{\"@id\":\"https:\\\/\\\/www.itakaescolapios.org\\\/fr\\\/es\\\/#organization\"},\"potentialAction\":[{\"@type\":\"SearchAction\",\"target\":{\"@type\":\"EntryPoint\",\"urlTemplate\":\"https:\\\/\\\/www.itakaescolapios.org\\\/fr\\\/es\\\/?s={search_term_string}\"},\"query-input\":{\"@type\":\"PropertyValueSpecification\",\"valueRequired\":true,\"valueName\":\"search_term_string\"}}],\"inLanguage\":\"fr-FR\"},{\"@type\":\"Organization\",\"@id\":\"https:\\\/\\\/www.itakaescolapios.org\\\/fr\\\/es\\\/#organization\",\"name\":\"Fundaci\u00f3 Itaka-Escolapios\",\"url\":\"https:\\\/\\\/www.itakaescolapios.org\\\/fr\\\/es\\\/\",\"logo\":{\"@type\":\"ImageObject\",\"inLanguage\":\"fr-FR\",\"@id\":\"https:\\\/\\\/www.itakaescolapios.org\\\/fr\\\/es\\\/#\\\/schema\\\/logo\\\/image\\\/\",\"url\":\"https:\\\/\\\/www.itakaescolapios.org\\\/wp-content\\\/uploads\\\/2024\\\/04\\\/Logo-itakaescolapios-peque.png\",\"contentUrl\":\"https:\\\/\\\/www.itakaescolapios.org\\\/wp-content\\\/uploads\\\/2024\\\/04\\\/Logo-itakaescolapios-peque.png\",\"width\":500,\"height\":199,\"caption\":\"Fundaci\u00f3 Itaka-Escolapios\"},\"image\":{\"@id\":\"https:\\\/\\\/www.itakaescolapios.org\\\/fr\\\/es\\\/#\\\/schema\\\/logo\\\/image\\\/\"}}]}<\/script>\n<!-- \/ Yoast SEO plugin. -->","yoast_head_json":{"title":"SOUVENIRS DE LA CAMPAGNE \u201cEXPEDITION KAMDA: EDUQUER, ANNONCER, TRANSFORMER\u201d","description":"Avec la campagne de solidarit\u00e9 de l\u2019ann\u00e9e scolaire 2016-2017, nous avons voulu plonger dans la puissance transformatrice de l\u2019\u00e9ducation en encourageant une \u00e9ducation de qualit\u00e9 dans le nord de l\u2019Inde, \u00e0 Kamda. Nous avons propos\u00e9 d\u2019am\u00e9liorer la formation des professeurs et d\u2019am\u00e9liorer l\u2019\u00e9cole actuelle, en pensant \u00e0 collecter des fonds pour construire une nouvelle \u00e9cole\u2026","robots":{"index":"index","follow":"follow","max-snippet":"max-snippet:-1","max-image-preview":"max-image-preview:large","max-video-preview":"max-video-preview:-1"},"canonical":"Avec la campagne de solidarit\u00e9 de l\u2019ann\u00e9e scolaire 2016-2017, nous avons voulu plonger dans la puissance transformatrice de l\u2019\u00e9ducation en encourageant une \u00e9ducation de qualit\u00e9 dans le nord de l\u2019Inde, \u00e0 Kamda. Nous avons propos\u00e9 d\u2019am\u00e9liorer la formation des professeurs et d\u2019am\u00e9liorer l\u2019\u00e9cole actuelle, en pensant \u00e0 collecter des fonds pour construire une nouvelle \u00e9cole\u2026","og_locale":"fr_FR","og_type":"article","og_title":"SOUVENIRS DE LA CAMPAGNE \u201cEXPEDITION KAMDA: EDUQUER, ANNONCER, TRANSFORMER\u201d","og_description":"Avec la campagne de solidarit\u00e9 de l\u2019ann\u00e9e scolaire 2016-2017, nous avons voulu plonger dans la puissance transformatrice de l\u2019\u00e9ducation en encourageant une \u00e9ducation de qualit\u00e9 dans le nord de l\u2019Inde, \u00e0 Kamda. Nous avons propos\u00e9 d\u2019am\u00e9liorer la formation des professeurs et d\u2019am\u00e9liorer l\u2019\u00e9cole actuelle, en pensant \u00e0 collecter des fonds pour construire une nouvelle \u00e9cole\u2026","og_url":"https:\/\/www.itakaescolapios.org\/fr\/campanas\/2017-2018-el-tesoro-de-senegal\/recordando-la-campana-expedicion-kamda-educar-anunciar-transforma\/","og_site_name":"Itaka-Escolapios","article_modified_time":"2023-11-28T11:37:48+00:00","og_image":[{"width":1347,"height":829,"url":"https:\/\/www.itakaescolapios.org\/wp-content\/uploads\/2017\/10\/grafico-dinero-recaudado.png","type":"image\/png"}],"twitter_card":"summary_large_image","twitter_misc":{"Dur\u00e9e de lecture estim\u00e9e":"1 minute"},"schema":{"@context":"https:\/\/schema.org","@graph":[{"@type":"WebPage","@id":"https:\/\/www.itakaescolapios.org\/fr\/campanas\/2017-2018-el-tesoro-de-senegal\/recordando-la-campana-expedicion-kamda-educar-anunciar-transforma\/","url":"https:\/\/www.itakaescolapios.org\/fr\/campanas\/2017-2018-el-tesoro-de-senegal\/recordando-la-campana-expedicion-kamda-educar-anunciar-transforma\/","name":"RECORDANDO LA CAMPA\u00d1A \"EXPEDICI\u00d3N KAMDA: EDUCAR, ANUNCIAR, TRANSFORMAR\" - Itaka-Escolapios","isPartOf":{"@id":"https:\/\/www.itakaescolapios.org\/es\/#website"},"primaryImageOfPage":{"@id":"https:\/\/www.itakaescolapios.org\/fr\/campanas\/2017-2018-el-tesoro-de-senegal\/recordando-la-campana-expedicion-kamda-educar-anunciar-transforma\/#primaryimage"},"image":{"@id":"https:\/\/www.itakaescolapios.org\/fr\/campanas\/2017-2018-el-tesoro-de-senegal\/recordando-la-campana-expedicion-kamda-educar-anunciar-transforma\/#primaryimage"},"thumbnailUrl":"https:\/\/www.itakaescolapios.org\/wp-content\/uploads\/2017\/10\/grafico-dinero-recaudado-300x184.png","datePublished":"2017-10-24T14:32:22+00:00","dateModified":"2023-11-28T11:37:48+00:00","breadcrumb":{"@id":"https:\/\/www.itakaescolapios.org\/fr\/campanas\/2017-2018-el-tesoro-de-senegal\/recordando-la-campana-expedicion-kamda-educar-anunciar-transforma\/#breadcrumb"},"inLanguage":"fr-FR","potentialAction":[{"@type":"ReadAction","target":["https:\/\/www.itakaescolapios.org\/fr\/campanas\/2017-2018-el-tesoro-de-senegal\/recordando-la-campana-expedicion-kamda-educar-anunciar-transforma\/"]}]},{"@type":"ImageObject","inLanguage":"fr-FR","@id":"https:\/\/www.itakaescolapios.org\/fr\/campanas\/2017-2018-el-tesoro-de-senegal\/recordando-la-campana-expedicion-kamda-educar-anunciar-transforma\/#primaryimage","url":"https:\/\/www.itakaescolapios.org\/wp-content\/uploads\/2017\/10\/grafico-dinero-recaudado-300x184.png","contentUrl":"https:\/\/www.itakaescolapios.org\/wp-content\/uploads\/2017\/10\/grafico-dinero-recaudado-300x184.png"},{"@type":"BreadcrumbList","@id":"https:\/\/www.itakaescolapios.org\/fr\/campanas\/2017-2018-el-tesoro-de-senegal\/recordando-la-campana-expedicion-kamda-educar-anunciar-transforma\/#breadcrumb","itemListElement":[{"@type":"ListItem","position":1,"name":"Itaka-Escolapios","item":"https:\/\/www.itakaescolapios.org\/es\/"},{"@type":"ListItem","position":2,"name":"Campagnes","item":"https:\/\/www.itakaescolapios.org\/es\/campanas\/"},{"@type":"ListItem","position":3,"name":"2017-2018 LE TR\u00c9SOR DU S\u00c9N\u00c9GAL","item":"https:\/\/www.itakaescolapios.org\/es\/campanas\/2017-2018-el-tesoro-de-senegal\/"},{"@type":"ListItem","position":4,"name":"SOUVENIRS DE LA CAMPAGNE \u201cEXPEDITION KAMDA: EDUQUER, ANNONCER, TRANSFORMER\u201d"}]},{"@type":"WebSite","@id":"https:\/\/www.itakaescolapios.org\/fr\/es\/#website","url":"https:\/\/www.itakaescolapios.org\/fr\/es\/","name":"Itaka-Escolapios","description":"Red de Itaka-Escolapios","publisher":{"@id":"https:\/\/www.itakaescolapios.org\/fr\/es\/#organization"},"potentialAction":[{"@type":"SearchAction","target":{"@type":"EntryPoint","urlTemplate":"https:\/\/www.itakaescolapios.org\/fr\/es\/?s={search_term_string}"},"query-input":{"@type":"PropertyValueSpecification","valueRequired":true,"valueName":"search_term_string"}}],"inLanguage":"fr-FR"},{"@type":"Organization","@id":"https:\/\/www.itakaescolapios.org\/fr\/es\/#organization","name":"Fundaci\u00f3 Itaka-Escolapios","url":"https:\/\/www.itakaescolapios.org\/fr\/es\/","logo":{"@type":"ImageObject","inLanguage":"fr-FR","@id":"https:\/\/www.itakaescolapios.org\/fr\/es\/#\/schema\/logo\/image\/","url":"https:\/\/www.itakaescolapios.org\/wp-content\/uploads\/2024\/04\/Logo-itakaescolapios-peque.png","contentUrl":"https:\/\/www.itakaescolapios.org\/wp-content\/uploads\/2024\/04\/Logo-itakaescolapios-peque.png","width":500,"height":199,"caption":"Fundaci\u00f3 Itaka-Escolapios"},"image":{"@id":"https:\/\/www.itakaescolapios.org\/fr\/es\/#\/schema\/logo\/image\/"}}]}},"_links":{"self":[{"href":"https:\/\/www.itakaescolapios.org\/fr\/wp-json\/wp\/v2\/pages\/20617","targetHints":{"allow":["GET"]}}],"collection":[{"href":"https:\/\/www.itakaescolapios.org\/fr\/wp-json\/wp\/v2\/pages"}],"about":[{"href":"https:\/\/www.itakaescolapios.org\/fr\/wp-json\/wp\/v2\/types\/page"}],"author":[{"embeddable":true,"href":"https:\/\/www.itakaescolapios.org\/fr\/wp-json\/wp\/v2\/users\/46"}],"replies":[{"embeddable":true,"href":"https:\/\/www.itakaescolapios.org\/fr\/wp-json\/wp\/v2\/comments?post=20617"}],"version-history":[{"count":21,"href":"https:\/\/www.itakaescolapios.org\/fr\/wp-json\/wp\/v2\/pages\/20617\/revisions"}],"predecessor-version":[{"id":47318,"href":"https:\/\/www.itakaescolapios.org\/fr\/wp-json\/wp\/v2\/pages\/20617\/revisions\/47318"}],"up":[{"embeddable":true,"href":"https:\/\/www.itakaescolapios.org\/fr\/wp-json\/wp\/v2\/pages\/20613"}],"wp:attachment":[{"href":"https:\/\/www.itakaescolapios.org\/fr\/wp-json\/wp\/v2\/media?parent=20617"}],"curies":[{"name":"wp","href":"https:\/\/api.w.org\/{rel}","templated":true}]}}