{"id":20694,"date":"2017-10-30T11:39:52","date_gmt":"2017-10-30T10:39:52","guid":{"rendered":"https:\/\/www.itakaescolapios.org\/?page_id=20694"},"modified":"2023-11-28T12:37:48","modified_gmt":"2023-11-28T11:37:48","slug":"los-escolapios-en-africa-del-oeste-y-los-internados-de-senegal","status":"publish","type":"page","link":"https:\/\/www.itakaescolapios.org\/fr\/campanas\/2017-2018-el-tesoro-de-senegal\/los-escolapios-en-africa-del-oeste-y-los-internados-de-senegal\/","title":{"rendered":"LES PIARISTES EN AFRIQUE DE L\u2019OUEST ET LES INTERNATS DU S\u00c9N\u00c9GAL"},"content":{"rendered":"<p><a href=\"https:\/\/www.itakaescolapios.org\/wp-content\/uploads\/2017\/10\/logo-africa-oeste.png\"><img decoding=\"async\" class=\"alignleft\" alt=\"logo africa oeste\" src=\"https:\/\/www.itakaescolapios.org\/wp-content\/uploads\/2017\/10\/logo-africa-oeste-295x300.png\" width=\"295\" height=\"300\" \/><\/a>Les piaristes maintiennent une pr\u00e9sence stable et permanente au S\u00e9n\u00e9gal depuis 1963, cherchant \u00e0 offrir une \u00e9ducation de qualit\u00e9 pour les enfants s\u00e9n\u00e9galais. Pour ce faire, ils disposent de quatre \u00e9coles primaires, trois secondaires, de deux fermes-\u00e9coles et d\u2019un centre technique, qui au total accueillent plus de 2.000 enfants.<\/p>\n<p>La derni\u00e8re ann\u00e9e scolaire a \u00e9t\u00e9 la premi\u00e8re o\u00f9 la pr\u00e9sence piariste de l\u2019Afrique de l\u2019Ouest a rejoint le r\u00e9seau solidaire d\u2019Itaka-Escolapios. En Afrique de l\u2019Ouest, les piaristes sont pr\u00e9sents au S\u00e9n\u00e9gal, mais aussi en C\u00f4te-d\u2019Ivoire et bient\u00f4t au Burkina Faso.<\/p>\n<p>Parmi les projets soutenus par Itaka-Escolapios en Afrique de l\u2019Ouest on peut mentionner cinq internats et une garderie au S\u00e9n\u00e9gal, deux centres sociaux au S\u00e9n\u00e9gal et en C\u00f4te-d\u2019Ivoire, des groupes du Mouvement Calasanz et de cat\u00e9chisme au S\u00e9n\u00e9gal et en C\u00f4te-d\u2019Ivoire (bient\u00f4t au Burkina Faso \u00e9galement), et des projets d\u2019alphab\u00e9tisation pour les immigr\u00e9s dans diff\u00e9rents lieux ainsi que d\u2019autres travaux de promotion du volontariat.<\/p>\n<p>Ci-dessous, vous pourrez t\u00e9l\u00e9charger deux fichiers pour travailler en classe et pouvoir approfondir sur la r\u00e9alit\u00e9 du S\u00e9n\u00e9gal et des piaristes dans le pays.<\/p>\n<p style=\"text-align: center;\" align=\"center\"><strong><span style=\"color: #808000;\">S\u00c9N\u00c9GAL \u2013 SUNU GAAL<\/span><\/strong><\/p>\n<p style=\"text-align: center;\" align=\"center\"><strong><span style=\"color: #808000;\">LES PIARISTES EN AFRIQUE DE L\u2019OUEST ET LE R\u00c9SEAU D\u2019ITAKA ESCOLAPIOS<\/span><\/strong><\/p>\n<p>Pour en savoir plus sur les internats, vous pouver aller sur la page web d\u2019Itaka-Escolapios, en cliquant sur le lien suivant.<\/p>\n<h1><span style=\"color: #808000;\">https:\/\/www.itakaescolapios.org\/donde-estamos\/senegal\/dakar\/<\/span><\/h1>\n","protected":false},"excerpt":{"rendered":"<p>Les piaristes maintiennent une pr\u00e9sence stable et permanente au S\u00e9n\u00e9gal depuis 1963, cherchant \u00e0 offrir une \u00e9ducation de qualit\u00e9 pour les enfants s\u00e9n\u00e9galais. Pour ce faire, ils disposent de quatre [&hellip;]<\/p>\n","protected":false},"author":46,"featured_media":0,"parent":20613,"menu_order":3,"comment_status":"closed","ping_status":"closed","template":"","meta":{"_et_pb_use_builder":"","_et_pb_old_content":"","_et_gb_content_width":"","footnotes":""},"class_list":["post-20694","page","type-page","status-publish","hentry"],"yoast_head":"<!-- This site is optimized with the Yoast SEO plugin v27.3 - https:\/\/yoast.com\/product\/yoast-seo-wordpress\/ -->\n<title>LES PIARISTES EN AFRIQUE DE L\u2019OUEST ET LES INTERNATS DU S\u00c9N\u00c9GAL<\/title>\n<meta name=\"description\" content=\"Les piaristes maintiennent une pr\u00e9sence stable et permanente au S\u00e9n\u00e9gal depuis 1963, cherchant \u00e0 offrir une \u00e9ducation de qualit\u00e9 pour les enfants s\u00e9n\u00e9galais. Pour ce faire, ils disposent de quatre \u00e9coles primaires, trois secondaires, de deux fermes-\u00e9coles et d\u2019un centre technique, qui au total accueillent plus de 2.000 enfants. La derni\u00e8re ann\u00e9e scolaire a \u00e9t\u00e9\u2026\" \/>\n<meta name=\"robots\" content=\"index, follow, max-snippet:-1, max-image-preview:large, max-video-preview:-1\" \/>\n<link rel=\"canonical\" href=\"http:\/\/Les%20piaristes%20maintiennent%20une%20pr\u00e9sence%20stable%20et%20permanente%20au%20S\u00e9n\u00e9gal%20depuis%201963,%20cherchant%20\u00e0%20offrir%20une%20\u00e9ducation%20de%20qualit\u00e9%20pour%20les%20enfants%20s\u00e9n\u00e9galais.%20Pour%20ce%20faire,%20ils%20disposent%20de%20quatre%20\u00e9coles%20primaires,%20trois%20secondaires,%20de%20deux%20fermes-\u00e9coles%20et%20d\u2019un%20centre%20technique,%20qui%20au%20total%20accueillent%20plus%20de%202.000%20enfants.%20La%20derni\u00e8re%20ann\u00e9e%20scolaire%20a%20\u00e9t\u00e9\u2026\" \/>\n<meta property=\"og:locale\" content=\"fr_FR\" \/>\n<meta property=\"og:type\" content=\"article\" \/>\n<meta property=\"og:title\" content=\"LES PIARISTES EN AFRIQUE DE L\u2019OUEST ET LES INTERNATS DU S\u00c9N\u00c9GAL\" \/>\n<meta property=\"og:description\" content=\"Les piaristes maintiennent une pr\u00e9sence stable et permanente au S\u00e9n\u00e9gal depuis 1963, cherchant \u00e0 offrir une \u00e9ducation de qualit\u00e9 pour les enfants s\u00e9n\u00e9galais. Pour ce faire, ils disposent de quatre \u00e9coles primaires, trois secondaires, de deux fermes-\u00e9coles et d\u2019un centre technique, qui au total accueillent plus de 2.000 enfants. La derni\u00e8re ann\u00e9e scolaire a \u00e9t\u00e9\u2026\" \/>\n<meta property=\"og:url\" content=\"https:\/\/www.itakaescolapios.org\/fr\/campanas\/2017-2018-el-tesoro-de-senegal\/los-escolapios-en-africa-del-oeste-y-los-internados-de-senegal\/\" \/>\n<meta property=\"og:site_name\" content=\"Itaka-Escolapios\" \/>\n<meta property=\"article:modified_time\" content=\"2023-11-28T11:37:48+00:00\" \/>\n<meta property=\"og:image\" content=\"https:\/\/www.itakaescolapios.org\/wp-content\/uploads\/2017\/10\/logo-africa-oeste.png\" \/>\n\t<meta property=\"og:image:width\" content=\"886\" \/>\n\t<meta property=\"og:image:height\" content=\"898\" \/>\n\t<meta property=\"og:image:type\" content=\"image\/png\" \/>\n<meta name=\"twitter:card\" content=\"summary_large_image\" \/>\n<meta name=\"twitter:label1\" content=\"Dur\u00e9e de lecture estim\u00e9e\" \/>\n\t<meta name=\"twitter:data1\" content=\"1 minute\" \/>\n<script type=\"application\/ld+json\" class=\"yoast-schema-graph\">{\"@context\":\"https:\\\/\\\/schema.org\",\"@graph\":[{\"@type\":\"WebPage\",\"@id\":\"https:\\\/\\\/www.itakaescolapios.org\\\/fr\\\/campanas\\\/2017-2018-el-tesoro-de-senegal\\\/los-escolapios-en-africa-del-oeste-y-los-internados-de-senegal\\\/\",\"url\":\"https:\\\/\\\/www.itakaescolapios.org\\\/fr\\\/campanas\\\/2017-2018-el-tesoro-de-senegal\\\/los-escolapios-en-africa-del-oeste-y-los-internados-de-senegal\\\/\",\"name\":\"LOS ESCOLAPIOS EN AFRICA DEL OESTE Y LOS INTERNADOS DE SENEGAL - Itaka-Escolapios\",\"isPartOf\":{\"@id\":\"https:\\\/\\\/www.itakaescolapios.org\\\/es\\\/#website\"},\"primaryImageOfPage\":{\"@id\":\"https:\\\/\\\/www.itakaescolapios.org\\\/fr\\\/campanas\\\/2017-2018-el-tesoro-de-senegal\\\/los-escolapios-en-africa-del-oeste-y-los-internados-de-senegal\\\/#primaryimage\"},\"image\":{\"@id\":\"https:\\\/\\\/www.itakaescolapios.org\\\/fr\\\/campanas\\\/2017-2018-el-tesoro-de-senegal\\\/los-escolapios-en-africa-del-oeste-y-los-internados-de-senegal\\\/#primaryimage\"},\"thumbnailUrl\":\"https:\\\/\\\/www.itakaescolapios.org\\\/wp-content\\\/uploads\\\/2017\\\/10\\\/logo-africa-oeste-295x300.png\",\"datePublished\":\"2017-10-30T10:39:52+00:00\",\"dateModified\":\"2023-11-28T11:37:48+00:00\",\"breadcrumb\":{\"@id\":\"https:\\\/\\\/www.itakaescolapios.org\\\/fr\\\/campanas\\\/2017-2018-el-tesoro-de-senegal\\\/los-escolapios-en-africa-del-oeste-y-los-internados-de-senegal\\\/#breadcrumb\"},\"inLanguage\":\"fr-FR\",\"potentialAction\":[{\"@type\":\"ReadAction\",\"target\":[\"https:\\\/\\\/www.itakaescolapios.org\\\/fr\\\/campanas\\\/2017-2018-el-tesoro-de-senegal\\\/los-escolapios-en-africa-del-oeste-y-los-internados-de-senegal\\\/\"]}]},{\"@type\":\"ImageObject\",\"inLanguage\":\"fr-FR\",\"@id\":\"https:\\\/\\\/www.itakaescolapios.org\\\/fr\\\/campanas\\\/2017-2018-el-tesoro-de-senegal\\\/los-escolapios-en-africa-del-oeste-y-los-internados-de-senegal\\\/#primaryimage\",\"url\":\"https:\\\/\\\/www.itakaescolapios.org\\\/wp-content\\\/uploads\\\/2017\\\/10\\\/logo-africa-oeste-295x300.png\",\"contentUrl\":\"https:\\\/\\\/www.itakaescolapios.org\\\/wp-content\\\/uploads\\\/2017\\\/10\\\/logo-africa-oeste-295x300.png\"},{\"@type\":\"BreadcrumbList\",\"@id\":\"https:\\\/\\\/www.itakaescolapios.org\\\/fr\\\/campanas\\\/2017-2018-el-tesoro-de-senegal\\\/los-escolapios-en-africa-del-oeste-y-los-internados-de-senegal\\\/#breadcrumb\",\"itemListElement\":[{\"@type\":\"ListItem\",\"position\":1,\"name\":\"Itaka-Escolapios\",\"item\":\"https:\\\/\\\/www.itakaescolapios.org\\\/es\\\/\"},{\"@type\":\"ListItem\",\"position\":2,\"name\":\"Campagnes\",\"item\":\"https:\\\/\\\/www.itakaescolapios.org\\\/es\\\/campanas\\\/\"},{\"@type\":\"ListItem\",\"position\":3,\"name\":\"2017-2018 LE TR\u00c9SOR DU S\u00c9N\u00c9GAL\",\"item\":\"https:\\\/\\\/www.itakaescolapios.org\\\/es\\\/campanas\\\/2017-2018-el-tesoro-de-senegal\\\/\"},{\"@type\":\"ListItem\",\"position\":4,\"name\":\"LES PIARISTES EN AFRIQUE DE L\u2019OUEST ET LES INTERNATS DU S\u00c9N\u00c9GAL\"}]},{\"@type\":\"WebSite\",\"@id\":\"https:\\\/\\\/www.itakaescolapios.org\\\/fr\\\/es\\\/#website\",\"url\":\"https:\\\/\\\/www.itakaescolapios.org\\\/fr\\\/es\\\/\",\"name\":\"Itaka-Escolapios\",\"description\":\"Red de Itaka-Escolapios\",\"publisher\":{\"@id\":\"https:\\\/\\\/www.itakaescolapios.org\\\/fr\\\/es\\\/#organization\"},\"potentialAction\":[{\"@type\":\"SearchAction\",\"target\":{\"@type\":\"EntryPoint\",\"urlTemplate\":\"https:\\\/\\\/www.itakaescolapios.org\\\/fr\\\/es\\\/?s={search_term_string}\"},\"query-input\":{\"@type\":\"PropertyValueSpecification\",\"valueRequired\":true,\"valueName\":\"search_term_string\"}}],\"inLanguage\":\"fr-FR\"},{\"@type\":\"Organization\",\"@id\":\"https:\\\/\\\/www.itakaescolapios.org\\\/fr\\\/es\\\/#organization\",\"name\":\"Fundaci\u00f3 Itaka-Escolapios\",\"url\":\"https:\\\/\\\/www.itakaescolapios.org\\\/fr\\\/es\\\/\",\"logo\":{\"@type\":\"ImageObject\",\"inLanguage\":\"fr-FR\",\"@id\":\"https:\\\/\\\/www.itakaescolapios.org\\\/fr\\\/es\\\/#\\\/schema\\\/logo\\\/image\\\/\",\"url\":\"https:\\\/\\\/www.itakaescolapios.org\\\/wp-content\\\/uploads\\\/2024\\\/04\\\/Logo-itakaescolapios-peque.png\",\"contentUrl\":\"https:\\\/\\\/www.itakaescolapios.org\\\/wp-content\\\/uploads\\\/2024\\\/04\\\/Logo-itakaescolapios-peque.png\",\"width\":500,\"height\":199,\"caption\":\"Fundaci\u00f3 Itaka-Escolapios\"},\"image\":{\"@id\":\"https:\\\/\\\/www.itakaescolapios.org\\\/fr\\\/es\\\/#\\\/schema\\\/logo\\\/image\\\/\"}}]}<\/script>\n<!-- \/ Yoast SEO plugin. -->","yoast_head_json":{"title":"LES PIARISTES EN AFRIQUE DE L\u2019OUEST ET LES INTERNATS DU S\u00c9N\u00c9GAL","description":"Les piaristes maintiennent une pr\u00e9sence stable et permanente au S\u00e9n\u00e9gal depuis 1963, cherchant \u00e0 offrir une \u00e9ducation de qualit\u00e9 pour les enfants s\u00e9n\u00e9galais. Pour ce faire, ils disposent de quatre \u00e9coles primaires, trois secondaires, de deux fermes-\u00e9coles et d\u2019un centre technique, qui au total accueillent plus de 2.000 enfants. La derni\u00e8re ann\u00e9e scolaire a \u00e9t\u00e9\u2026","robots":{"index":"index","follow":"follow","max-snippet":"max-snippet:-1","max-image-preview":"max-image-preview:large","max-video-preview":"max-video-preview:-1"},"canonical":"Les piaristes maintiennent une pr\u00e9sence stable et permanente au S\u00e9n\u00e9gal depuis 1963, cherchant \u00e0 offrir une \u00e9ducation de qualit\u00e9 pour les enfants s\u00e9n\u00e9galais. Pour ce faire, ils disposent de quatre \u00e9coles primaires, trois secondaires, de deux fermes-\u00e9coles et d\u2019un centre technique, qui au total accueillent plus de 2.000 enfants. La derni\u00e8re ann\u00e9e scolaire a \u00e9t\u00e9\u2026","og_locale":"fr_FR","og_type":"article","og_title":"LES PIARISTES EN AFRIQUE DE L\u2019OUEST ET LES INTERNATS DU S\u00c9N\u00c9GAL","og_description":"Les piaristes maintiennent une pr\u00e9sence stable et permanente au S\u00e9n\u00e9gal depuis 1963, cherchant \u00e0 offrir une \u00e9ducation de qualit\u00e9 pour les enfants s\u00e9n\u00e9galais. Pour ce faire, ils disposent de quatre \u00e9coles primaires, trois secondaires, de deux fermes-\u00e9coles et d\u2019un centre technique, qui au total accueillent plus de 2.000 enfants. La derni\u00e8re ann\u00e9e scolaire a \u00e9t\u00e9\u2026","og_url":"https:\/\/www.itakaescolapios.org\/fr\/campanas\/2017-2018-el-tesoro-de-senegal\/los-escolapios-en-africa-del-oeste-y-los-internados-de-senegal\/","og_site_name":"Itaka-Escolapios","article_modified_time":"2023-11-28T11:37:48+00:00","og_image":[{"width":886,"height":898,"url":"https:\/\/www.itakaescolapios.org\/wp-content\/uploads\/2017\/10\/logo-africa-oeste.png","type":"image\/png"}],"twitter_card":"summary_large_image","twitter_misc":{"Dur\u00e9e de lecture estim\u00e9e":"1 minute"},"schema":{"@context":"https:\/\/schema.org","@graph":[{"@type":"WebPage","@id":"https:\/\/www.itakaescolapios.org\/fr\/campanas\/2017-2018-el-tesoro-de-senegal\/los-escolapios-en-africa-del-oeste-y-los-internados-de-senegal\/","url":"https:\/\/www.itakaescolapios.org\/fr\/campanas\/2017-2018-el-tesoro-de-senegal\/los-escolapios-en-africa-del-oeste-y-los-internados-de-senegal\/","name":"LOS ESCOLAPIOS EN AFRICA DEL OESTE Y LOS INTERNADOS DE SENEGAL - Itaka-Escolapios","isPartOf":{"@id":"https:\/\/www.itakaescolapios.org\/es\/#website"},"primaryImageOfPage":{"@id":"https:\/\/www.itakaescolapios.org\/fr\/campanas\/2017-2018-el-tesoro-de-senegal\/los-escolapios-en-africa-del-oeste-y-los-internados-de-senegal\/#primaryimage"},"image":{"@id":"https:\/\/www.itakaescolapios.org\/fr\/campanas\/2017-2018-el-tesoro-de-senegal\/los-escolapios-en-africa-del-oeste-y-los-internados-de-senegal\/#primaryimage"},"thumbnailUrl":"https:\/\/www.itakaescolapios.org\/wp-content\/uploads\/2017\/10\/logo-africa-oeste-295x300.png","datePublished":"2017-10-30T10:39:52+00:00","dateModified":"2023-11-28T11:37:48+00:00","breadcrumb":{"@id":"https:\/\/www.itakaescolapios.org\/fr\/campanas\/2017-2018-el-tesoro-de-senegal\/los-escolapios-en-africa-del-oeste-y-los-internados-de-senegal\/#breadcrumb"},"inLanguage":"fr-FR","potentialAction":[{"@type":"ReadAction","target":["https:\/\/www.itakaescolapios.org\/fr\/campanas\/2017-2018-el-tesoro-de-senegal\/los-escolapios-en-africa-del-oeste-y-los-internados-de-senegal\/"]}]},{"@type":"ImageObject","inLanguage":"fr-FR","@id":"https:\/\/www.itakaescolapios.org\/fr\/campanas\/2017-2018-el-tesoro-de-senegal\/los-escolapios-en-africa-del-oeste-y-los-internados-de-senegal\/#primaryimage","url":"https:\/\/www.itakaescolapios.org\/wp-content\/uploads\/2017\/10\/logo-africa-oeste-295x300.png","contentUrl":"https:\/\/www.itakaescolapios.org\/wp-content\/uploads\/2017\/10\/logo-africa-oeste-295x300.png"},{"@type":"BreadcrumbList","@id":"https:\/\/www.itakaescolapios.org\/fr\/campanas\/2017-2018-el-tesoro-de-senegal\/los-escolapios-en-africa-del-oeste-y-los-internados-de-senegal\/#breadcrumb","itemListElement":[{"@type":"ListItem","position":1,"name":"Itaka-Escolapios","item":"https:\/\/www.itakaescolapios.org\/es\/"},{"@type":"ListItem","position":2,"name":"Campagnes","item":"https:\/\/www.itakaescolapios.org\/es\/campanas\/"},{"@type":"ListItem","position":3,"name":"2017-2018 LE TR\u00c9SOR DU S\u00c9N\u00c9GAL","item":"https:\/\/www.itakaescolapios.org\/es\/campanas\/2017-2018-el-tesoro-de-senegal\/"},{"@type":"ListItem","position":4,"name":"LES PIARISTES EN AFRIQUE DE L\u2019OUEST ET LES INTERNATS DU S\u00c9N\u00c9GAL"}]},{"@type":"WebSite","@id":"https:\/\/www.itakaescolapios.org\/fr\/es\/#website","url":"https:\/\/www.itakaescolapios.org\/fr\/es\/","name":"Itaka-Escolapios","description":"Red de Itaka-Escolapios","publisher":{"@id":"https:\/\/www.itakaescolapios.org\/fr\/es\/#organization"},"potentialAction":[{"@type":"SearchAction","target":{"@type":"EntryPoint","urlTemplate":"https:\/\/www.itakaescolapios.org\/fr\/es\/?s={search_term_string}"},"query-input":{"@type":"PropertyValueSpecification","valueRequired":true,"valueName":"search_term_string"}}],"inLanguage":"fr-FR"},{"@type":"Organization","@id":"https:\/\/www.itakaescolapios.org\/fr\/es\/#organization","name":"Fundaci\u00f3 Itaka-Escolapios","url":"https:\/\/www.itakaescolapios.org\/fr\/es\/","logo":{"@type":"ImageObject","inLanguage":"fr-FR","@id":"https:\/\/www.itakaescolapios.org\/fr\/es\/#\/schema\/logo\/image\/","url":"https:\/\/www.itakaescolapios.org\/wp-content\/uploads\/2024\/04\/Logo-itakaescolapios-peque.png","contentUrl":"https:\/\/www.itakaescolapios.org\/wp-content\/uploads\/2024\/04\/Logo-itakaescolapios-peque.png","width":500,"height":199,"caption":"Fundaci\u00f3 Itaka-Escolapios"},"image":{"@id":"https:\/\/www.itakaescolapios.org\/fr\/es\/#\/schema\/logo\/image\/"}}]}},"_links":{"self":[{"href":"https:\/\/www.itakaescolapios.org\/fr\/wp-json\/wp\/v2\/pages\/20694","targetHints":{"allow":["GET"]}}],"collection":[{"href":"https:\/\/www.itakaescolapios.org\/fr\/wp-json\/wp\/v2\/pages"}],"about":[{"href":"https:\/\/www.itakaescolapios.org\/fr\/wp-json\/wp\/v2\/types\/page"}],"author":[{"embeddable":true,"href":"https:\/\/www.itakaescolapios.org\/fr\/wp-json\/wp\/v2\/users\/46"}],"replies":[{"embeddable":true,"href":"https:\/\/www.itakaescolapios.org\/fr\/wp-json\/wp\/v2\/comments?post=20694"}],"version-history":[{"count":17,"href":"https:\/\/www.itakaescolapios.org\/fr\/wp-json\/wp\/v2\/pages\/20694\/revisions"}],"predecessor-version":[{"id":47294,"href":"https:\/\/www.itakaescolapios.org\/fr\/wp-json\/wp\/v2\/pages\/20694\/revisions\/47294"}],"up":[{"embeddable":true,"href":"https:\/\/www.itakaescolapios.org\/fr\/wp-json\/wp\/v2\/pages\/20613"}],"wp:attachment":[{"href":"https:\/\/www.itakaescolapios.org\/fr\/wp-json\/wp\/v2\/media?parent=20694"}],"curies":[{"name":"wp","href":"https:\/\/api.w.org\/{rel}","templated":true}]}}