{"id":20698,"date":"2017-10-30T11:42:38","date_gmt":"2017-10-30T10:42:38","guid":{"rendered":"https:\/\/www.itakaescolapios.org\/?page_id=20698"},"modified":"2023-11-28T12:37:48","modified_gmt":"2023-11-28T11:37:48","slug":"los-exploradores-de-itaka-escolapios","status":"publish","type":"page","link":"https:\/\/www.itakaescolapios.org\/fr\/campanas\/2017-2018-el-tesoro-de-senegal\/los-exploradores-de-itaka-escolapios\/","title":{"rendered":"LES EXPLORATEURS D\u2019ITAKA-ESCOLAPIOS"},"content":{"rendered":"<p><a href=\"https:\/\/www.itakaescolapios.org\/wp-content\/uploads\/2017\/10\/canoa.jpg\"><img decoding=\"async\" class=\"alignleft size-medium wp-image-20765\" alt=\"canoa\" src=\"https:\/\/www.itakaescolapios.org\/wp-content\/uploads\/2017\/10\/canoa-300x197.jpg\" width=\"300\" height=\"197\" srcset=\"https:\/\/www.itakaescolapios.org\/wp-content\/uploads\/2017\/10\/canoa-300x197.jpg 300w, https:\/\/www.itakaescolapios.org\/wp-content\/uploads\/2017\/10\/canoa-1024x672.jpg 1024w, https:\/\/www.itakaescolapios.org\/wp-content\/uploads\/2017\/10\/canoa-250x164.jpg 250w, https:\/\/www.itakaescolapios.org\/wp-content\/uploads\/2017\/10\/canoa.jpg 2000w\" sizes=\"(max-width: 300px) 100vw, 300px\" \/><\/a>Apr\u00e8s avoir termin\u00e9 la campagne de la derni\u00e8re ann\u00e9e scolaire qui avait pour objectif d\u2019am\u00e9liorer la qualit\u00e9 de l\u2019\u00e9ducation \u00e0 Kamda (Inde), nous commen\u00e7ons maintenant une nouvelle aventure dirig\u00e9e par Calasanz avec l\u2019objectif de d\u00e9couvrir la r\u00e9alit\u00e9 piariste en Afrique de l\u2019Ouest, et plus particuli\u00e8rement au S\u00e9n\u00e9gal.<\/p>\n<p>Notre exp\u00e9rience touchera terre apr\u00e8s avoir embarqu\u00e9 dans une pirogue qui, naviguant sur le fleuve S\u00e9n\u00e9gal, nous pr\u00e9sentera les projets du r\u00e9seau solidaire d\u2019Itaka-Escolapios.<\/p>\n<p><strong><span style=\"color: #808000;\"><a href=\"https:\/\/www.itakaescolapios.org\/wp-content\/uploads\/2017\/10\/calasanz.pdf\" target=\"_blank\"><span style=\"color: #808000;\">CALASANZ<\/span><\/a>\u00a0<\/span><\/strong>Promoteur du droit \u00e0 l\u2019\u00e9ducation universelle, il dirige l\u2019exp\u00e9dition en tant que chef responsable de tout ce qui se passe au sein cette derni\u00e8re. Son engagement: remplir de \u201cPi\u00e9t\u00e9 et de Lettres\u201d les quatre coins du monde.<\/p>\n<p><strong><span style=\"color: #808000;\"><a href=\"https:\/\/www.itakaescolapios.org\/wp-content\/uploads\/2017\/10\/quisap.pdf\" target=\"_blank\"><span style=\"color: #808000;\">QUISAP<\/span><\/a><\/span><\/strong> Il est n\u00e9 dans un village pr\u00e8s de l\u2019\u00e9cole de Kamda, lieu situ\u00e9 en pleine nature. Il est donc un grand amoureux de l\u2019environnement et du d\u00e9veloppement durable. C\u2019est pourquoi sa devise est \u201cvert que je te vois vert\u201d.<\/p>\n<p><strong><span style=\"color: #808000;\"><a href=\"https:\/\/www.itakaescolapios.org\/wp-content\/uploads\/2017\/10\/marine.pdf\" target=\"_blank\"><span style=\"color: #808000;\">MARINE<\/span><\/a><\/span><\/strong> Cette petite fille africaine, bien qu\u2019\u00e9tant la plus jeune de l\u2019exp\u00e9dition, est avec Calasanz, la responsable pour guider le groupe sur les sentiers et chemins. Elle sait lire les cartes et a un grand sens de l\u2019orientation. C\u2019est une grande connaisseuse de la r\u00e9alit\u00e9 piariste, qui a fait d\u2019elle une travailleuse au service des personnes exclues. Du S\u00e9n\u00e9gal, elle a adopt\u00e9e la devise: \u201cnous sommes tous dans la m\u00eame pirogue\u201d<\/p>\n<p><span style=\"color: #808000;\"><b><span style=\"text-decoration: underline;\"><a href=\"https:\/\/www.itakaescolapios.org\/wp-content\/uploads\/2017\/10\/sukal.pdf\"><span style=\"color: #808000; text-decoration: underline;\">SUKAL\u00a0<\/span><\/a><\/span><\/b><\/span> Jeune europ\u00e9en, c\u2019est le plus grand des exp\u00e9ditionnaires. Sa mission sera de nourrir tous les membres de l\u2019exp\u00e9dition. Il aime les campagnes de solidarit\u00e9, car il adore travailler avec les aliments de tous les pays et essayer toutes sortes d\u2019ingr\u00e9dients. Ses connaissances ont fait de lui un connaisseur et un m\u00e9diateur entre les diff\u00e9rentes cultures. Sa devise: \u201cil faut mettre du sel dans la vie\u201d.<\/p>\n<p><strong><span style=\"color: #808000;\"><a href=\"https:\/\/www.itakaescolapios.org\/wp-content\/uploads\/2017\/10\/bla.pdf\"><span style=\"color: #808000;\">BLA<\/span><\/a><\/span><\/strong> Notre adolescente d\u2019Am\u00e9rique centrale est charg\u00e9e de communiquer et diffuser tout ce qui se passera lors du d\u00e9roulement de l\u2019exp\u00e9dition. Elle g\u00e8re les r\u00e9seaux sociaux comme personne. La m\u00eame id\u00e9e se communique autant en morse qu\u2019avec 140 caract\u00e8res. Cette capacit\u00e9 de communiquer a fait d\u2019elle une grande m\u00e9diatrice et une travailleuse de la paix, ce n\u2019est pas un hasard si sa devise est \u201ctout est une question de dialogue\u201d<\/p>\n<p><strong><span style=\"color: #808000;\"><a href=\"https:\/\/www.itakaescolapios.org\/wp-content\/uploads\/2017\/10\/jiwa.pdf\"><span style=\"color: #808000;\">JIWA<\/span><\/a><\/span><\/strong> Cette Sud-am\u00e9ricaine est la m\u00e9canicienne et la \u201cbricoleuse\u201d de l\u2019exp\u00e9diton. Elle a une passion: monter, d\u00e9monter et r\u00e9parer toutes sortes de m\u00e9canismes. Elle sait que tout peut s\u2019arranger avec le travail et la recherche. Elle sait chercher des solutions aux probl\u00e8mes de toutes tailles.<\/p>\n","protected":false},"excerpt":{"rendered":"<p>Apr\u00e8s avoir termin\u00e9 la campagne de la derni\u00e8re ann\u00e9e scolaire qui avait pour objectif d\u2019am\u00e9liorer la qualit\u00e9 de l\u2019\u00e9ducation \u00e0 Kamda (Inde), nous commen\u00e7ons maintenant une nouvelle aventure dirig\u00e9e par [&hellip;]<\/p>\n","protected":false},"author":46,"featured_media":0,"parent":20613,"menu_order":4,"comment_status":"closed","ping_status":"closed","template":"","meta":{"_et_pb_use_builder":"","_et_pb_old_content":"","_et_gb_content_width":"","footnotes":""},"class_list":["post-20698","page","type-page","status-publish","hentry"],"yoast_head":"<!-- This site is optimized with the Yoast SEO plugin v27.5 - https:\/\/yoast.com\/product\/yoast-seo-wordpress\/ -->\n<title>LES EXPLORATEURS D\u2019ITAKA-ESCOLAPIOS<\/title>\n<meta name=\"description\" content=\"Apr\u00e8s avoir termin\u00e9 la campagne de la derni\u00e8re ann\u00e9e scolaire qui avait pour objectif d\u2019am\u00e9liorer la qualit\u00e9 de l\u2019\u00e9ducation \u00e0 Kamda (Inde), nous commen\u00e7ons maintenant une nouvelle aventure dirig\u00e9e par Calasanz avec l\u2019objectif de d\u00e9couvrir la r\u00e9alit\u00e9 piariste en Afrique de l\u2019Ouest, et plus particuli\u00e8rement au S\u00e9n\u00e9gal. Notre exp\u00e9rience touchera terre apr\u00e8s avoir embarqu\u00e9 dans\u2026\" \/>\n<meta name=\"robots\" content=\"index, follow, max-snippet:-1, max-image-preview:large, max-video-preview:-1\" \/>\n<link rel=\"canonical\" href=\"http:\/\/Apr\u00e8s%20avoir%20termin\u00e9%20la%20campagne%20de%20la%20derni\u00e8re%20ann\u00e9e%20scolaire%20qui%20avait%20pour%20objectif%20d\u2019am\u00e9liorer%20la%20qualit\u00e9%20de%20l\u2019\u00e9ducation%20\u00e0%20Kamda%20(Inde),%20nous%20commen\u00e7ons%20maintenant%20une%20nouvelle%20aventure%20dirig\u00e9e%20par%20Calasanz%20avec%20l\u2019objectif%20de%20d\u00e9couvrir%20la%20r\u00e9alit\u00e9%20piariste%20en%20Afrique%20de%20l\u2019Ouest,%20et%20plus%20particuli\u00e8rement%20au%20S\u00e9n\u00e9gal.%20Notre%20exp\u00e9rience%20touchera%20terre%20apr\u00e8s%20avoir%20embarqu\u00e9%20dans\u2026\" \/>\n<meta property=\"og:locale\" content=\"fr_FR\" \/>\n<meta property=\"og:type\" content=\"article\" \/>\n<meta property=\"og:title\" content=\"LES EXPLORATEURS D\u2019ITAKA-ESCOLAPIOS\" \/>\n<meta property=\"og:description\" content=\"Apr\u00e8s avoir termin\u00e9 la campagne de la derni\u00e8re ann\u00e9e scolaire qui avait pour objectif d\u2019am\u00e9liorer la qualit\u00e9 de l\u2019\u00e9ducation \u00e0 Kamda (Inde), nous commen\u00e7ons maintenant une nouvelle aventure dirig\u00e9e par Calasanz avec l\u2019objectif de d\u00e9couvrir la r\u00e9alit\u00e9 piariste en Afrique de l\u2019Ouest, et plus particuli\u00e8rement au S\u00e9n\u00e9gal. Notre exp\u00e9rience touchera terre apr\u00e8s avoir embarqu\u00e9 dans\u2026\" \/>\n<meta property=\"og:url\" content=\"https:\/\/www.itakaescolapios.org\/fr\/campanas\/2017-2018-el-tesoro-de-senegal\/los-exploradores-de-itaka-escolapios\/\" \/>\n<meta property=\"og:site_name\" content=\"Itaka-Escolapios\" \/>\n<meta property=\"article:modified_time\" content=\"2023-11-28T11:37:48+00:00\" \/>\n<meta property=\"og:image\" content=\"https:\/\/www.itakaescolapios.org\/wp-content\/uploads\/2017\/10\/canoa.jpg\" \/>\n\t<meta property=\"og:image:width\" content=\"2000\" \/>\n\t<meta property=\"og:image:height\" content=\"1313\" \/>\n\t<meta property=\"og:image:type\" content=\"image\/jpeg\" \/>\n<meta name=\"twitter:card\" content=\"summary_large_image\" \/>\n<meta name=\"twitter:label1\" content=\"Dur\u00e9e de lecture estim\u00e9e\" \/>\n\t<meta name=\"twitter:data1\" content=\"2 minutes\" \/>\n<script type=\"application\/ld+json\" class=\"yoast-schema-graph\">{\"@context\":\"https:\\\/\\\/schema.org\",\"@graph\":[{\"@type\":\"WebPage\",\"@id\":\"https:\\\/\\\/www.itakaescolapios.org\\\/fr\\\/campanas\\\/2017-2018-el-tesoro-de-senegal\\\/los-exploradores-de-itaka-escolapios\\\/\",\"url\":\"https:\\\/\\\/www.itakaescolapios.org\\\/fr\\\/campanas\\\/2017-2018-el-tesoro-de-senegal\\\/los-exploradores-de-itaka-escolapios\\\/\",\"name\":\"LOS EXPLORADORES DE ITAKA-ESCOLAPIOS - Itaka-Escolapios\",\"isPartOf\":{\"@id\":\"https:\\\/\\\/www.itakaescolapios.org\\\/es\\\/#website\"},\"primaryImageOfPage\":{\"@id\":\"https:\\\/\\\/www.itakaescolapios.org\\\/fr\\\/campanas\\\/2017-2018-el-tesoro-de-senegal\\\/los-exploradores-de-itaka-escolapios\\\/#primaryimage\"},\"image\":{\"@id\":\"https:\\\/\\\/www.itakaescolapios.org\\\/fr\\\/campanas\\\/2017-2018-el-tesoro-de-senegal\\\/los-exploradores-de-itaka-escolapios\\\/#primaryimage\"},\"thumbnailUrl\":\"https:\\\/\\\/www.itakaescolapios.org\\\/wp-content\\\/uploads\\\/2017\\\/10\\\/canoa-300x197.jpg\",\"datePublished\":\"2017-10-30T10:42:38+00:00\",\"dateModified\":\"2023-11-28T11:37:48+00:00\",\"breadcrumb\":{\"@id\":\"https:\\\/\\\/www.itakaescolapios.org\\\/fr\\\/campanas\\\/2017-2018-el-tesoro-de-senegal\\\/los-exploradores-de-itaka-escolapios\\\/#breadcrumb\"},\"inLanguage\":\"fr-FR\",\"potentialAction\":[{\"@type\":\"ReadAction\",\"target\":[\"https:\\\/\\\/www.itakaescolapios.org\\\/fr\\\/campanas\\\/2017-2018-el-tesoro-de-senegal\\\/los-exploradores-de-itaka-escolapios\\\/\"]}]},{\"@type\":\"ImageObject\",\"inLanguage\":\"fr-FR\",\"@id\":\"https:\\\/\\\/www.itakaescolapios.org\\\/fr\\\/campanas\\\/2017-2018-el-tesoro-de-senegal\\\/los-exploradores-de-itaka-escolapios\\\/#primaryimage\",\"url\":\"https:\\\/\\\/www.itakaescolapios.org\\\/wp-content\\\/uploads\\\/2017\\\/10\\\/canoa-300x197.jpg\",\"contentUrl\":\"https:\\\/\\\/www.itakaescolapios.org\\\/wp-content\\\/uploads\\\/2017\\\/10\\\/canoa-300x197.jpg\"},{\"@type\":\"BreadcrumbList\",\"@id\":\"https:\\\/\\\/www.itakaescolapios.org\\\/fr\\\/campanas\\\/2017-2018-el-tesoro-de-senegal\\\/los-exploradores-de-itaka-escolapios\\\/#breadcrumb\",\"itemListElement\":[{\"@type\":\"ListItem\",\"position\":1,\"name\":\"Itaka-Escolapios\",\"item\":\"https:\\\/\\\/www.itakaescolapios.org\\\/es\\\/\"},{\"@type\":\"ListItem\",\"position\":2,\"name\":\"Campagnes\",\"item\":\"https:\\\/\\\/www.itakaescolapios.org\\\/es\\\/campanas\\\/\"},{\"@type\":\"ListItem\",\"position\":3,\"name\":\"2017-2018 LE TR\u00c9SOR DU S\u00c9N\u00c9GAL\",\"item\":\"https:\\\/\\\/www.itakaescolapios.org\\\/es\\\/campanas\\\/2017-2018-el-tesoro-de-senegal\\\/\"},{\"@type\":\"ListItem\",\"position\":4,\"name\":\"LES EXPLORATEURS D\u2019ITAKA-ESCOLAPIOS\"}]},{\"@type\":\"WebSite\",\"@id\":\"https:\\\/\\\/www.itakaescolapios.org\\\/fr\\\/es\\\/#website\",\"url\":\"https:\\\/\\\/www.itakaescolapios.org\\\/fr\\\/es\\\/\",\"name\":\"Itaka-Escolapios\",\"description\":\"Red de Itaka-Escolapios\",\"publisher\":{\"@id\":\"https:\\\/\\\/www.itakaescolapios.org\\\/fr\\\/es\\\/#organization\"},\"potentialAction\":[{\"@type\":\"SearchAction\",\"target\":{\"@type\":\"EntryPoint\",\"urlTemplate\":\"https:\\\/\\\/www.itakaescolapios.org\\\/fr\\\/es\\\/?s={search_term_string}\"},\"query-input\":{\"@type\":\"PropertyValueSpecification\",\"valueRequired\":true,\"valueName\":\"search_term_string\"}}],\"inLanguage\":\"fr-FR\"},{\"@type\":\"Organization\",\"@id\":\"https:\\\/\\\/www.itakaescolapios.org\\\/fr\\\/es\\\/#organization\",\"name\":\"Fundaci\u00f3 Itaka-Escolapios\",\"url\":\"https:\\\/\\\/www.itakaescolapios.org\\\/fr\\\/es\\\/\",\"logo\":{\"@type\":\"ImageObject\",\"inLanguage\":\"fr-FR\",\"@id\":\"https:\\\/\\\/www.itakaescolapios.org\\\/fr\\\/es\\\/#\\\/schema\\\/logo\\\/image\\\/\",\"url\":\"https:\\\/\\\/www.itakaescolapios.org\\\/wp-content\\\/uploads\\\/2024\\\/04\\\/Logo-itakaescolapios-peque.png\",\"contentUrl\":\"https:\\\/\\\/www.itakaescolapios.org\\\/wp-content\\\/uploads\\\/2024\\\/04\\\/Logo-itakaescolapios-peque.png\",\"width\":500,\"height\":199,\"caption\":\"Fundaci\u00f3 Itaka-Escolapios\"},\"image\":{\"@id\":\"https:\\\/\\\/www.itakaescolapios.org\\\/fr\\\/es\\\/#\\\/schema\\\/logo\\\/image\\\/\"}}]}<\/script>\n<!-- \/ Yoast SEO plugin. -->","yoast_head_json":{"title":"LES EXPLORATEURS D\u2019ITAKA-ESCOLAPIOS","description":"Apr\u00e8s avoir termin\u00e9 la campagne de la derni\u00e8re ann\u00e9e scolaire qui avait pour objectif d\u2019am\u00e9liorer la qualit\u00e9 de l\u2019\u00e9ducation \u00e0 Kamda (Inde), nous commen\u00e7ons maintenant une nouvelle aventure dirig\u00e9e par Calasanz avec l\u2019objectif de d\u00e9couvrir la r\u00e9alit\u00e9 piariste en Afrique de l\u2019Ouest, et plus particuli\u00e8rement au S\u00e9n\u00e9gal. Notre exp\u00e9rience touchera terre apr\u00e8s avoir embarqu\u00e9 dans\u2026","robots":{"index":"index","follow":"follow","max-snippet":"max-snippet:-1","max-image-preview":"max-image-preview:large","max-video-preview":"max-video-preview:-1"},"canonical":"Apr\u00e8s avoir termin\u00e9 la campagne de la derni\u00e8re ann\u00e9e scolaire qui avait pour objectif d\u2019am\u00e9liorer la qualit\u00e9 de l\u2019\u00e9ducation \u00e0 Kamda (Inde), nous commen\u00e7ons maintenant une nouvelle aventure dirig\u00e9e par Calasanz avec l\u2019objectif de d\u00e9couvrir la r\u00e9alit\u00e9 piariste en Afrique de l\u2019Ouest, et plus particuli\u00e8rement au S\u00e9n\u00e9gal. Notre exp\u00e9rience touchera terre apr\u00e8s avoir embarqu\u00e9 dans\u2026","og_locale":"fr_FR","og_type":"article","og_title":"LES EXPLORATEURS D\u2019ITAKA-ESCOLAPIOS","og_description":"Apr\u00e8s avoir termin\u00e9 la campagne de la derni\u00e8re ann\u00e9e scolaire qui avait pour objectif d\u2019am\u00e9liorer la qualit\u00e9 de l\u2019\u00e9ducation \u00e0 Kamda (Inde), nous commen\u00e7ons maintenant une nouvelle aventure dirig\u00e9e par Calasanz avec l\u2019objectif de d\u00e9couvrir la r\u00e9alit\u00e9 piariste en Afrique de l\u2019Ouest, et plus particuli\u00e8rement au S\u00e9n\u00e9gal. Notre exp\u00e9rience touchera terre apr\u00e8s avoir embarqu\u00e9 dans\u2026","og_url":"https:\/\/www.itakaescolapios.org\/fr\/campanas\/2017-2018-el-tesoro-de-senegal\/los-exploradores-de-itaka-escolapios\/","og_site_name":"Itaka-Escolapios","article_modified_time":"2023-11-28T11:37:48+00:00","og_image":[{"width":2000,"height":1313,"url":"https:\/\/www.itakaescolapios.org\/wp-content\/uploads\/2017\/10\/canoa.jpg","type":"image\/jpeg"}],"twitter_card":"summary_large_image","twitter_misc":{"Dur\u00e9e de lecture estim\u00e9e":"2 minutes"},"schema":{"@context":"https:\/\/schema.org","@graph":[{"@type":"WebPage","@id":"https:\/\/www.itakaescolapios.org\/fr\/campanas\/2017-2018-el-tesoro-de-senegal\/los-exploradores-de-itaka-escolapios\/","url":"https:\/\/www.itakaescolapios.org\/fr\/campanas\/2017-2018-el-tesoro-de-senegal\/los-exploradores-de-itaka-escolapios\/","name":"LOS EXPLORADORES DE ITAKA-ESCOLAPIOS - Itaka-Escolapios","isPartOf":{"@id":"https:\/\/www.itakaescolapios.org\/es\/#website"},"primaryImageOfPage":{"@id":"https:\/\/www.itakaescolapios.org\/fr\/campanas\/2017-2018-el-tesoro-de-senegal\/los-exploradores-de-itaka-escolapios\/#primaryimage"},"image":{"@id":"https:\/\/www.itakaescolapios.org\/fr\/campanas\/2017-2018-el-tesoro-de-senegal\/los-exploradores-de-itaka-escolapios\/#primaryimage"},"thumbnailUrl":"https:\/\/www.itakaescolapios.org\/wp-content\/uploads\/2017\/10\/canoa-300x197.jpg","datePublished":"2017-10-30T10:42:38+00:00","dateModified":"2023-11-28T11:37:48+00:00","breadcrumb":{"@id":"https:\/\/www.itakaescolapios.org\/fr\/campanas\/2017-2018-el-tesoro-de-senegal\/los-exploradores-de-itaka-escolapios\/#breadcrumb"},"inLanguage":"fr-FR","potentialAction":[{"@type":"ReadAction","target":["https:\/\/www.itakaescolapios.org\/fr\/campanas\/2017-2018-el-tesoro-de-senegal\/los-exploradores-de-itaka-escolapios\/"]}]},{"@type":"ImageObject","inLanguage":"fr-FR","@id":"https:\/\/www.itakaescolapios.org\/fr\/campanas\/2017-2018-el-tesoro-de-senegal\/los-exploradores-de-itaka-escolapios\/#primaryimage","url":"https:\/\/www.itakaescolapios.org\/wp-content\/uploads\/2017\/10\/canoa-300x197.jpg","contentUrl":"https:\/\/www.itakaescolapios.org\/wp-content\/uploads\/2017\/10\/canoa-300x197.jpg"},{"@type":"BreadcrumbList","@id":"https:\/\/www.itakaescolapios.org\/fr\/campanas\/2017-2018-el-tesoro-de-senegal\/los-exploradores-de-itaka-escolapios\/#breadcrumb","itemListElement":[{"@type":"ListItem","position":1,"name":"Itaka-Escolapios","item":"https:\/\/www.itakaescolapios.org\/es\/"},{"@type":"ListItem","position":2,"name":"Campagnes","item":"https:\/\/www.itakaescolapios.org\/es\/campanas\/"},{"@type":"ListItem","position":3,"name":"2017-2018 LE TR\u00c9SOR DU S\u00c9N\u00c9GAL","item":"https:\/\/www.itakaescolapios.org\/es\/campanas\/2017-2018-el-tesoro-de-senegal\/"},{"@type":"ListItem","position":4,"name":"LES EXPLORATEURS D\u2019ITAKA-ESCOLAPIOS"}]},{"@type":"WebSite","@id":"https:\/\/www.itakaescolapios.org\/fr\/es\/#website","url":"https:\/\/www.itakaescolapios.org\/fr\/es\/","name":"Itaka-Escolapios","description":"Red de Itaka-Escolapios","publisher":{"@id":"https:\/\/www.itakaescolapios.org\/fr\/es\/#organization"},"potentialAction":[{"@type":"SearchAction","target":{"@type":"EntryPoint","urlTemplate":"https:\/\/www.itakaescolapios.org\/fr\/es\/?s={search_term_string}"},"query-input":{"@type":"PropertyValueSpecification","valueRequired":true,"valueName":"search_term_string"}}],"inLanguage":"fr-FR"},{"@type":"Organization","@id":"https:\/\/www.itakaescolapios.org\/fr\/es\/#organization","name":"Fundaci\u00f3 Itaka-Escolapios","url":"https:\/\/www.itakaescolapios.org\/fr\/es\/","logo":{"@type":"ImageObject","inLanguage":"fr-FR","@id":"https:\/\/www.itakaescolapios.org\/fr\/es\/#\/schema\/logo\/image\/","url":"https:\/\/www.itakaescolapios.org\/wp-content\/uploads\/2024\/04\/Logo-itakaescolapios-peque.png","contentUrl":"https:\/\/www.itakaescolapios.org\/wp-content\/uploads\/2024\/04\/Logo-itakaescolapios-peque.png","width":500,"height":199,"caption":"Fundaci\u00f3 Itaka-Escolapios"},"image":{"@id":"https:\/\/www.itakaescolapios.org\/fr\/es\/#\/schema\/logo\/image\/"}}]}},"_links":{"self":[{"href":"https:\/\/www.itakaescolapios.org\/fr\/wp-json\/wp\/v2\/pages\/20698","targetHints":{"allow":["GET"]}}],"collection":[{"href":"https:\/\/www.itakaescolapios.org\/fr\/wp-json\/wp\/v2\/pages"}],"about":[{"href":"https:\/\/www.itakaescolapios.org\/fr\/wp-json\/wp\/v2\/types\/page"}],"author":[{"embeddable":true,"href":"https:\/\/www.itakaescolapios.org\/fr\/wp-json\/wp\/v2\/users\/46"}],"replies":[{"embeddable":true,"href":"https:\/\/www.itakaescolapios.org\/fr\/wp-json\/wp\/v2\/comments?post=20698"}],"version-history":[{"count":18,"href":"https:\/\/www.itakaescolapios.org\/fr\/wp-json\/wp\/v2\/pages\/20698\/revisions"}],"predecessor-version":[{"id":47292,"href":"https:\/\/www.itakaescolapios.org\/fr\/wp-json\/wp\/v2\/pages\/20698\/revisions\/47292"}],"up":[{"embeddable":true,"href":"https:\/\/www.itakaescolapios.org\/fr\/wp-json\/wp\/v2\/pages\/20613"}],"wp:attachment":[{"href":"https:\/\/www.itakaescolapios.org\/fr\/wp-json\/wp\/v2\/media?parent=20698"}],"curies":[{"name":"wp","href":"https:\/\/api.w.org\/{rel}","templated":true}]}}