{"id":20704,"date":"2017-10-30T12:01:05","date_gmt":"2017-10-30T11:01:05","guid":{"rendered":"https:\/\/www.itakaescolapios.org\/?page_id=20704"},"modified":"2023-11-28T12:37:48","modified_gmt":"2023-11-28T11:37:48","slug":"actividades-centrales-de-la-campana","status":"publish","type":"page","link":"https:\/\/www.itakaescolapios.org\/fr\/campanas\/2017-2018-el-tesoro-de-senegal\/actividades-centrales-de-la-campana\/","title":{"rendered":"ACTIVIT\u00c9S CENTRALES DE LA CAMPAGNE"},"content":{"rendered":"<p>Les explorateurs d\u2019Itaka-Escolapios ont pr\u00e9par\u00e9 cinq activit\u00e9s centrales qui ont pour objectif de pr\u00e9senter la r\u00e9alit\u00e9 du S\u00e9n\u00e9gal, lieu o\u00f9 les piaristes sont pr\u00e9sents depuis plus de cinquante ans.<\/p>\n<h2><strong><span style=\"color: #808000;\">CALASANZ<\/span><\/strong><\/h2>\n<p>Il nous invite \u00e0 prier pour le S\u00e9n\u00e9gal tous les matins au d\u00e9but de notre activit\u00e9 \u00e0 l\u2019\u00e9cole. Il nous propose cinq pri\u00e8res que nous pourrons alterner tout au long de la campagne.<\/p>\n<table width=\"470\" border=\"0\" cellspacing=\"0\" cellpadding=\"0\">\n<colgroup>\n<col width=\"80\" \/>\n<col width=\"93\" \/>\n<col width=\"87\" \/>\n<col span=\"2\" width=\"105\" \/> <\/colgroup>\n<tbody>\n<tr>\n<td width=\"80\" height=\"80\"><strong>ORAMOS CON SENEGAL<\/strong><\/td>\n<td width=\"93\"><strong>SENEGALEKIN OTOITZ EGITEN DUGU<\/strong><\/td>\n<td width=\"87\"><strong>WE PRAY WITH SENEGAL<\/strong><\/td>\n<td width=\"105\"><strong>NOUS PRIONS AVEC LE S\u00c9N\u00c9GAL<\/strong><\/td>\n<td width=\"105\"><strong>ORAMOS COM SENEGAL<\/strong><\/td>\n<\/tr>\n<tr>\n<td width=\"80\" height=\"20\"><strong><span style=\"color: #993300;\"><a href=\"https:\/\/www.itakaescolapios.org\/wp-content\/uploads\/2017\/10\/LUNRD.pdf\" target=\"_blank\"><span style=\"color: #993300;\">LUNES<\/span><\/a><\/span><\/strong><\/td>\n<td width=\"93\"><strong><span style=\"color: #808000;\"><a href=\"https:\/\/www.itakaescolapios.org\/wp-content\/uploads\/2017\/10\/ASTELEHENA.pdf\"><span style=\"color: #808000;\">ASTELEHENA<\/span><\/a><\/span><\/strong><\/td>\n<td width=\"87\"><strong><span style=\"color: #0000ff;\"><a href=\"https:\/\/www.itakaescolapios.org\/wp-content\/uploads\/2017\/10\/MONDAY.pdf\"><span style=\"color: #0000ff;\">MONDAY<\/span><\/a><\/span><\/strong><\/td>\n<td width=\"105\"><strong><span style=\"color: #008000;\"><a href=\"https:\/\/www.itakaescolapios.org\/wp-content\/uploads\/2017\/10\/LUNDI.pdf\"><span style=\"color: #008000;\">LUNDI<\/span><\/a><\/span><\/strong><\/td>\n<td><strong><span style=\"color: #ff9900;\"><a href=\"https:\/\/www.itakaescolapios.org\/wp-content\/uploads\/2017\/10\/SEGUNDA-FEIRA.pdf\"><span style=\"color: #ff9900;\">SEGUNDA-FEIRA<\/span><\/a><\/span><\/strong><\/td>\n<\/tr>\n<tr>\n<td width=\"80\" height=\"21\"><strong><span style=\"color: #993300;\"><a href=\"https:\/\/www.itakaescolapios.org\/wp-content\/uploads\/2017\/10\/MARTES.pdf\" target=\"_blank\"><span style=\"color: #993300;\">MARTES<\/span><\/a><\/span><\/strong><\/td>\n<td width=\"93\"><strong><span style=\"color: #808000;\"><a href=\"https:\/\/www.itakaescolapios.org\/wp-content\/uploads\/2017\/10\/ASTEARTEA.pdf\"><span style=\"color: #808000;\">ASTEARTEA<\/span><\/a><\/span><\/strong><\/td>\n<td width=\"87\"><strong><span style=\"color: #0000ff;\"><a href=\"https:\/\/www.itakaescolapios.org\/wp-content\/uploads\/2017\/10\/TUESDAY.pdf\"><span style=\"color: #0000ff;\">TUESDAY<\/span><\/a><\/span><\/strong><\/td>\n<td width=\"105\"><strong><span style=\"color: #008000;\"><a href=\"https:\/\/www.itakaescolapios.org\/wp-content\/uploads\/2017\/10\/MARTI.pdf\"><span style=\"color: #008000;\">MARTI<\/span><\/a><\/span><\/strong><\/td>\n<td><strong><span style=\"color: #ff9900;\"><a href=\"https:\/\/www.itakaescolapios.org\/wp-content\/uploads\/2017\/10\/TER\u00e7A-FEIRA.pdf\"><span style=\"color: #ff9900;\">TER\u00e7A-FEIRA<\/span><\/a><\/span><\/strong><\/td>\n<\/tr>\n<tr>\n<td width=\"80\" height=\"40\"><strong><span style=\"color: #993300;\"><a href=\"https:\/\/www.itakaescolapios.org\/wp-content\/uploads\/2017\/10\/MIERCOLES.pdf\" target=\"_blank\"><span style=\"color: #993300;\">MI\u00c9RCOLES<\/span><\/a><\/span><\/strong><\/td>\n<td width=\"93\"><strong><span style=\"color: #808000;\"><a href=\"https:\/\/www.itakaescolapios.org\/wp-content\/uploads\/2017\/10\/ASTEAZKENA.pdf\"><span style=\"color: #808000;\">ASTEAZKENA<\/span><\/a><\/span><\/strong><\/td>\n<td width=\"87\"><strong><span style=\"color: #0000ff;\"><a href=\"https:\/\/www.itakaescolapios.org\/wp-content\/uploads\/2017\/10\/WEDNESDAY.pdf\"><span style=\"color: #0000ff;\">WEDNESDAY<\/span><\/a><\/span><\/strong><\/td>\n<td width=\"105\"><strong><span style=\"color: #008000;\"><a href=\"https:\/\/www.itakaescolapios.org\/wp-content\/uploads\/2017\/10\/MERCREDI.pdf\"><span style=\"color: #008000;\">MERCREDI<\/span><\/a><\/span><\/strong><\/td>\n<td><strong><span style=\"color: #ff9900;\"><a href=\"https:\/\/www.itakaescolapios.org\/wp-content\/uploads\/2017\/10\/QUARTA-FEIRA.pdf\"><span style=\"color: #ff9900;\">QUARTA-FEIRA<\/span><\/a><\/span><\/strong><\/td>\n<\/tr>\n<tr>\n<td width=\"80\" height=\"20\"><strong><span style=\"color: #993300;\"><a href=\"https:\/\/www.itakaescolapios.org\/wp-content\/uploads\/2017\/10\/JUEVES.pdf\" target=\"_blank\"><span style=\"color: #993300;\">JUEVES<\/span><\/a><\/span><\/strong><\/td>\n<td width=\"93\"><strong><span style=\"color: #808000;\"><a href=\"https:\/\/www.itakaescolapios.org\/wp-content\/uploads\/2017\/10\/OSTEGUNA.pdf\"><span style=\"color: #808000;\">OSTEGUNA<\/span><\/a><\/span><\/strong><\/td>\n<td width=\"87\"><strong><span style=\"color: #0000ff;\"><a href=\"https:\/\/www.itakaescolapios.org\/wp-content\/uploads\/2017\/10\/THURSDAY.pdf\"><span style=\"color: #0000ff;\">THURSDAY<\/span><\/a><\/span><\/strong><\/td>\n<td width=\"105\"><strong><span style=\"color: #008000;\"><a href=\"https:\/\/www.itakaescolapios.org\/wp-content\/uploads\/2017\/10\/JEUDI.pdf\"><span style=\"color: #008000;\">JEUDI<\/span><\/a><\/span><\/strong><\/td>\n<td><strong><span style=\"color: #ff9900;\"><a href=\"https:\/\/www.itakaescolapios.org\/wp-content\/uploads\/2017\/10\/QUINTA-FEIRA.pdf\"><span style=\"color: #ff9900;\">QUINTA-FEIRA<\/span><\/a><\/span><\/strong><\/td>\n<\/tr>\n<tr>\n<td width=\"80\" height=\"20\"><strong><span style=\"color: #993300;\"><a href=\"https:\/\/www.itakaescolapios.org\/wp-content\/uploads\/2017\/10\/VIERNES.pdf\" target=\"_blank\"><span style=\"color: #993300;\">VIERNES<\/span><\/a><\/span><\/strong><\/td>\n<td width=\"93\"><strong><span style=\"color: #808000;\"><a href=\"https:\/\/www.itakaescolapios.org\/wp-content\/uploads\/2017\/10\/OSTIRALA.pdf\"><span style=\"color: #808000;\">OSTIRALA<\/span><\/a><\/span><\/strong><\/td>\n<td width=\"87\"><strong><span style=\"color: #0000ff;\"><a href=\"https:\/\/www.itakaescolapios.org\/wp-content\/uploads\/2017\/10\/FRIDAY.pdf\"><span style=\"color: #0000ff;\">FRIDAY<\/span><\/a><\/span><\/strong><\/td>\n<td width=\"105\"><strong><span style=\"color: #008000;\"><a href=\"https:\/\/www.itakaescolapios.org\/wp-content\/uploads\/2017\/10\/VENDREDI.pdf\"><span style=\"color: #008000;\">VENDREDI<\/span><\/a><\/span><\/strong><\/td>\n<td><span style=\"color: #ff9900;\"><strong><a href=\"https:\/\/www.itakaescolapios.org\/wp-content\/uploads\/2017\/10\/SEXTA-FEIRA.pdf\"><span style=\"color: #ff9900;\">SEXTA-FEIRA<\/span><\/a><\/strong><\/span><\/td>\n<\/tr>\n<\/tbody>\n<\/table>\n<h2><\/h2>\n<h2><strong><span style=\"color: #808000;\">SUKAL<\/span><\/strong><\/h2>\n<p>Sukal, grand connaisseur des traditions et de la culture s\u00e9n\u00e9galaise, nous pr\u00e9sente une activit\u00e9 qui conjugue musique, danse et mode.<\/p>\n<p>mP3 avec des rythmes de tambours s\u00e9n\u00e9galais:<\/p>\n<audio class=\"wp-audio-shortcode\" id=\"audio-20704-1\" preload=\"none\" style=\"width: 100%;\" controls=\"controls\"><source type=\"audio\/mpeg\" src=\"https:\/\/www.itakaescolapios.org\/wp-content\/uploads\/2017\/10\/Ritmos-africanos.mp3?_=1\" \/><a href=\"https:\/\/www.itakaescolapios.org\/wp-content\/uploads\/2017\/10\/Ritmos-africanos.mp3\">https:\/\/www.itakaescolapios.org\/wp-content\/uploads\/2017\/10\/Ritmos-africanos.mp3<\/a><\/audio>\n<p style=\"text-align: center;\" align=\"center\">\n<p style=\"text-align: center;\" align=\"center\"><span style=\"color: #808000;\"><strong><a href=\"https:\/\/www.itakaescolapios.org\/wp-content\/uploads\/2017\/10\/F\u00caTE-S\u00c9N\u00c9GALAISE1.pdf\"><span style=\"color: #808000;\">F\u00caTE S\u00c9N\u00c9GALAISE<\/span><\/a><\/strong><\/span><\/p>\n<h2><strong><span style=\"color: #808000;\">BLA<\/span><\/strong><\/h2>\n<p>Notre personnage, amoureux du dialogue et du travail collaboratif, nous propose un jeu o\u00f9 personne ne gagne et o\u00f9 toutes les personnes participent pour progresser et pour atteindre un des projets \u00e9ducatifs soutenus par la campagne.<\/p>\n<p align=\"center\">JEU DE CARTES \u201cLE TR\u00c9SOR DE L\u2019\u00c9DUCATION\u201d<\/p>\n<p align=\"center\"><a href=\"https:\/\/www.itakaescolapios.org\/wp-content\/uploads\/2017\/10\/instrucciones-cartas.pdf\">Instructions<\/a><\/p>\n<p align=\"center\"><a href=\"https:\/\/www.itakaescolapios.org\/wp-content\/uploads\/2017\/10\/JUEGO-DE-CARTAS-web.pdf\">Jeu de cartes<\/a><\/p>\n<h2><strong><span style=\"color: #808000;\">MARINE<\/span><\/strong><\/h2>\n<p>Marine, connaisseuse comme personne de la r\u00e9alit\u00e9 piariste, nous invite avec cette activit\u00e9 \u00e0 d\u00e9couvrir quels sont nos tr\u00e9sors, les n\u00f4tres, ceux de notre famille et de nos amis. Elle le fait \u00e0 travers une petite dynamique qui nous am\u00e9nera \u00e0 construire un coffre o\u00f9 d\u00e9poser les tr\u00e9sors d\u00e9couverts.<\/p>\n<p align=\"center\"><strong><span style=\"color: #808000;\"><a href=\"https:\/\/www.itakaescolapios.org\/wp-content\/uploads\/2017\/10\/fiche-dactivit\u00e9-notre-tr\u00e9sor.pdf\" target=\"_blank\"><span style=\"color: #808000;\">FICHE d&rsquo;activit\u00e9 notre tr\u00e9sor<\/span><\/a><\/span><\/strong><\/p>\n<p align=\"center\"><strong><span style=\"color: #808000;\"><a href=\"https:\/\/www.itakaescolapios.org\/wp-content\/uploads\/2017\/10\/Lettre-de-Marine-et-coffer-\u00e0-d\u00e9couper.pdf\" target=\"_blank\"><span style=\"color: #808000;\">Lettre de Marine et coffer \u00e0 d\u00e9couper<\/span><\/a><\/span><\/strong><\/p>\n<p align=\"center\"><strong><span style=\"color: #808000;\"><a href=\"https:\/\/www.itakaescolapios.org\/wp-content\/uploads\/2017\/10\/annexes-dactivit\u00e9s-pour-plus-de-14-ans.pdf\" target=\"_blank\"><span style=\"color: #808000;\">Annexes d&rsquo;activit\u00e9s pour plus de 14 ans<\/span><\/a><\/span><\/strong><\/p>\n<h2><strong><span style=\"color: #808000;\">JIWA<\/span><\/strong><\/h2>\n<p>C\u2019est la responsable de l\u2019entretien de la pirogue et de tous les \u00e9l\u00e9ments de l\u2019exp\u00e9dition, elle nous propose de construire un photocall avec un pochoir avec lequel d\u00e9corer notre centre \u00e9ducatif\u00a0 et o\u00f9 nous pourrons prendre les photos de groupes.<\/p>\n<p style=\"text-align: center;\"><span style=\"color: #808000;\"><strong><a href=\"https:\/\/www.itakaescolapios.org\/wp-content\/uploads\/2017\/10\/photocall-campa\u00f1a1718-35x2m-TAMA\u00d1O-REDUCIDO.pdf\" target=\"_blank\"><span style=\"color: #808000;\">PHOTOCALL <\/span><\/a><\/strong><\/span><\/p>\n<p style=\"text-align: center;\" align=\"center\"><span style=\"color: #808000;\"><strong><a href=\" https:\/\/mega.nz\/#!7YRRTJ5Y!w2A5pIw4rPwcMPf90X8lF0qu-oP_X1G1cjrt33yqePI\" target=\"_blank\"><span style=\"color: #808000;\">PHOTOCALL (Haute r\u00e9solution)<\/span><\/a><\/strong><\/span><\/p>\n","protected":false},"excerpt":{"rendered":"<p>Les explorateurs d\u2019Itaka-Escolapios ont pr\u00e9par\u00e9 cinq activit\u00e9s centrales qui ont pour objectif de pr\u00e9senter la r\u00e9alit\u00e9 du S\u00e9n\u00e9gal, lieu o\u00f9 les piaristes sont pr\u00e9sents depuis plus de cinquante ans. CALASANZ [&hellip;]<\/p>\n","protected":false},"author":46,"featured_media":0,"parent":20613,"menu_order":5,"comment_status":"closed","ping_status":"closed","template":"","meta":{"_et_pb_use_builder":"","_et_pb_old_content":"","_et_gb_content_width":"","footnotes":""},"class_list":["post-20704","page","type-page","status-publish","hentry"],"yoast_head":"<!-- This site is optimized with the Yoast SEO plugin v27.3 - https:\/\/yoast.com\/product\/yoast-seo-wordpress\/ -->\n<title>ACTIVIT\u00c9S CENTRALES DE LA CAMPAGNE<\/title>\n<meta name=\"description\" content=\"Les explorateurs d\u2019Itaka-Escolapios ont pr\u00e9par\u00e9 cinq activit\u00e9s centrales qui ont pour objectif de pr\u00e9senter la r\u00e9alit\u00e9 du S\u00e9n\u00e9gal, lieu o\u00f9 les piaristes sont pr\u00e9sents depuis plus de cinquante ans. CALASANZ Il nous invite \u00e0 prier pour le S\u00e9n\u00e9gal tous les matins au d\u00e9but de notre activit\u00e9 \u00e0 l\u2019\u00e9cole. Il nous propose cinq pri\u00e8res que nous\u2026\" \/>\n<meta name=\"robots\" content=\"index, follow, max-snippet:-1, max-image-preview:large, max-video-preview:-1\" \/>\n<link rel=\"canonical\" href=\"http:\/\/Les%20explorateurs%20d\u2019Itaka-Escolapios%20ont%20pr\u00e9par\u00e9%20cinq%20activit\u00e9s%20centrales%20qui%20ont%20pour%20objectif%20de%20pr\u00e9senter%20la%20r\u00e9alit\u00e9%20du%20S\u00e9n\u00e9gal,%20lieu%20o\u00f9%20les%20piaristes%20sont%20pr\u00e9sents%20depuis%20plus%20de%20cinquante%20ans.%20CALASANZ%20Il%20nous%20invite%20\u00e0%20prier%20pour%20le%20S\u00e9n\u00e9gal%20tous%20les%20matins%20au%20d\u00e9but%20de%20notre%20activit\u00e9%20\u00e0%20l\u2019\u00e9cole.%20Il%20nous%20propose%20cinq%20pri\u00e8res%20que%20nous\u2026\" \/>\n<meta property=\"og:locale\" content=\"fr_FR\" \/>\n<meta property=\"og:type\" content=\"article\" \/>\n<meta property=\"og:title\" content=\"ACTIVIT\u00c9S CENTRALES DE LA CAMPAGNE\" \/>\n<meta property=\"og:description\" content=\"Les explorateurs d\u2019Itaka-Escolapios ont pr\u00e9par\u00e9 cinq activit\u00e9s centrales qui ont pour objectif de pr\u00e9senter la r\u00e9alit\u00e9 du S\u00e9n\u00e9gal, lieu o\u00f9 les piaristes sont pr\u00e9sents depuis plus de cinquante ans. CALASANZ Il nous invite \u00e0 prier pour le S\u00e9n\u00e9gal tous les matins au d\u00e9but de notre activit\u00e9 \u00e0 l\u2019\u00e9cole. Il nous propose cinq pri\u00e8res que nous\u2026\" \/>\n<meta property=\"og:url\" content=\"https:\/\/www.itakaescolapios.org\/fr\/campanas\/2017-2018-el-tesoro-de-senegal\/actividades-centrales-de-la-campana\/\" \/>\n<meta property=\"og:site_name\" content=\"Itaka-Escolapios\" \/>\n<meta property=\"article:modified_time\" content=\"2023-11-28T11:37:48+00:00\" \/>\n<meta name=\"twitter:card\" content=\"summary_large_image\" \/>\n<meta name=\"twitter:label1\" content=\"Dur\u00e9e de lecture estim\u00e9e\" \/>\n\t<meta name=\"twitter:data1\" content=\"3 minutes\" \/>\n<script type=\"application\/ld+json\" class=\"yoast-schema-graph\">{\"@context\":\"https:\\\/\\\/schema.org\",\"@graph\":[{\"@type\":\"WebPage\",\"@id\":\"https:\\\/\\\/www.itakaescolapios.org\\\/fr\\\/campanas\\\/2017-2018-el-tesoro-de-senegal\\\/actividades-centrales-de-la-campana\\\/\",\"url\":\"https:\\\/\\\/www.itakaescolapios.org\\\/fr\\\/campanas\\\/2017-2018-el-tesoro-de-senegal\\\/actividades-centrales-de-la-campana\\\/\",\"name\":\"ACTIVIDADES CENTRALES DE LA CAMPA\u00d1A - Itaka-Escolapios\",\"isPartOf\":{\"@id\":\"https:\\\/\\\/www.itakaescolapios.org\\\/es\\\/#website\"},\"datePublished\":\"2017-10-30T11:01:05+00:00\",\"dateModified\":\"2023-11-28T11:37:48+00:00\",\"breadcrumb\":{\"@id\":\"https:\\\/\\\/www.itakaescolapios.org\\\/fr\\\/campanas\\\/2017-2018-el-tesoro-de-senegal\\\/actividades-centrales-de-la-campana\\\/#breadcrumb\"},\"inLanguage\":\"fr-FR\",\"potentialAction\":[{\"@type\":\"ReadAction\",\"target\":[\"https:\\\/\\\/www.itakaescolapios.org\\\/fr\\\/campanas\\\/2017-2018-el-tesoro-de-senegal\\\/actividades-centrales-de-la-campana\\\/\"]}]},{\"@type\":\"BreadcrumbList\",\"@id\":\"https:\\\/\\\/www.itakaescolapios.org\\\/fr\\\/campanas\\\/2017-2018-el-tesoro-de-senegal\\\/actividades-centrales-de-la-campana\\\/#breadcrumb\",\"itemListElement\":[{\"@type\":\"ListItem\",\"position\":1,\"name\":\"Itaka-Escolapios\",\"item\":\"https:\\\/\\\/www.itakaescolapios.org\\\/es\\\/\"},{\"@type\":\"ListItem\",\"position\":2,\"name\":\"Campagnes\",\"item\":\"https:\\\/\\\/www.itakaescolapios.org\\\/es\\\/campanas\\\/\"},{\"@type\":\"ListItem\",\"position\":3,\"name\":\"2017-2018 LE TR\u00c9SOR DU S\u00c9N\u00c9GAL\",\"item\":\"https:\\\/\\\/www.itakaescolapios.org\\\/es\\\/campanas\\\/2017-2018-el-tesoro-de-senegal\\\/\"},{\"@type\":\"ListItem\",\"position\":4,\"name\":\"ACTIVIT\u00c9S CENTRALES DE LA CAMPAGNE\"}]},{\"@type\":\"WebSite\",\"@id\":\"https:\\\/\\\/www.itakaescolapios.org\\\/fr\\\/es\\\/#website\",\"url\":\"https:\\\/\\\/www.itakaescolapios.org\\\/fr\\\/es\\\/\",\"name\":\"Itaka-Escolapios\",\"description\":\"Red de Itaka-Escolapios\",\"publisher\":{\"@id\":\"https:\\\/\\\/www.itakaescolapios.org\\\/fr\\\/es\\\/#organization\"},\"potentialAction\":[{\"@type\":\"SearchAction\",\"target\":{\"@type\":\"EntryPoint\",\"urlTemplate\":\"https:\\\/\\\/www.itakaescolapios.org\\\/fr\\\/es\\\/?s={search_term_string}\"},\"query-input\":{\"@type\":\"PropertyValueSpecification\",\"valueRequired\":true,\"valueName\":\"search_term_string\"}}],\"inLanguage\":\"fr-FR\"},{\"@type\":\"Organization\",\"@id\":\"https:\\\/\\\/www.itakaescolapios.org\\\/fr\\\/es\\\/#organization\",\"name\":\"Fundaci\u00f3 Itaka-Escolapios\",\"url\":\"https:\\\/\\\/www.itakaescolapios.org\\\/fr\\\/es\\\/\",\"logo\":{\"@type\":\"ImageObject\",\"inLanguage\":\"fr-FR\",\"@id\":\"https:\\\/\\\/www.itakaescolapios.org\\\/fr\\\/es\\\/#\\\/schema\\\/logo\\\/image\\\/\",\"url\":\"https:\\\/\\\/www.itakaescolapios.org\\\/wp-content\\\/uploads\\\/2024\\\/04\\\/Logo-itakaescolapios-peque.png\",\"contentUrl\":\"https:\\\/\\\/www.itakaescolapios.org\\\/wp-content\\\/uploads\\\/2024\\\/04\\\/Logo-itakaescolapios-peque.png\",\"width\":500,\"height\":199,\"caption\":\"Fundaci\u00f3 Itaka-Escolapios\"},\"image\":{\"@id\":\"https:\\\/\\\/www.itakaescolapios.org\\\/fr\\\/es\\\/#\\\/schema\\\/logo\\\/image\\\/\"}}]}<\/script>\n<!-- \/ Yoast SEO plugin. -->","yoast_head_json":{"title":"ACTIVIT\u00c9S CENTRALES DE LA CAMPAGNE","description":"Les explorateurs d\u2019Itaka-Escolapios ont pr\u00e9par\u00e9 cinq activit\u00e9s centrales qui ont pour objectif de pr\u00e9senter la r\u00e9alit\u00e9 du S\u00e9n\u00e9gal, lieu o\u00f9 les piaristes sont pr\u00e9sents depuis plus de cinquante ans. CALASANZ Il nous invite \u00e0 prier pour le S\u00e9n\u00e9gal tous les matins au d\u00e9but de notre activit\u00e9 \u00e0 l\u2019\u00e9cole. Il nous propose cinq pri\u00e8res que nous\u2026","robots":{"index":"index","follow":"follow","max-snippet":"max-snippet:-1","max-image-preview":"max-image-preview:large","max-video-preview":"max-video-preview:-1"},"canonical":"Les explorateurs d\u2019Itaka-Escolapios ont pr\u00e9par\u00e9 cinq activit\u00e9s centrales qui ont pour objectif de pr\u00e9senter la r\u00e9alit\u00e9 du S\u00e9n\u00e9gal, lieu o\u00f9 les piaristes sont pr\u00e9sents depuis plus de cinquante ans. CALASANZ Il nous invite \u00e0 prier pour le S\u00e9n\u00e9gal tous les matins au d\u00e9but de notre activit\u00e9 \u00e0 l\u2019\u00e9cole. Il nous propose cinq pri\u00e8res que nous\u2026","og_locale":"fr_FR","og_type":"article","og_title":"ACTIVIT\u00c9S CENTRALES DE LA CAMPAGNE","og_description":"Les explorateurs d\u2019Itaka-Escolapios ont pr\u00e9par\u00e9 cinq activit\u00e9s centrales qui ont pour objectif de pr\u00e9senter la r\u00e9alit\u00e9 du S\u00e9n\u00e9gal, lieu o\u00f9 les piaristes sont pr\u00e9sents depuis plus de cinquante ans. CALASANZ Il nous invite \u00e0 prier pour le S\u00e9n\u00e9gal tous les matins au d\u00e9but de notre activit\u00e9 \u00e0 l\u2019\u00e9cole. Il nous propose cinq pri\u00e8res que nous\u2026","og_url":"https:\/\/www.itakaescolapios.org\/fr\/campanas\/2017-2018-el-tesoro-de-senegal\/actividades-centrales-de-la-campana\/","og_site_name":"Itaka-Escolapios","article_modified_time":"2023-11-28T11:37:48+00:00","twitter_card":"summary_large_image","twitter_misc":{"Dur\u00e9e de lecture estim\u00e9e":"3 minutes"},"schema":{"@context":"https:\/\/schema.org","@graph":[{"@type":"WebPage","@id":"https:\/\/www.itakaescolapios.org\/fr\/campanas\/2017-2018-el-tesoro-de-senegal\/actividades-centrales-de-la-campana\/","url":"https:\/\/www.itakaescolapios.org\/fr\/campanas\/2017-2018-el-tesoro-de-senegal\/actividades-centrales-de-la-campana\/","name":"ACTIVIDADES CENTRALES DE LA CAMPA\u00d1A - Itaka-Escolapios","isPartOf":{"@id":"https:\/\/www.itakaescolapios.org\/es\/#website"},"datePublished":"2017-10-30T11:01:05+00:00","dateModified":"2023-11-28T11:37:48+00:00","breadcrumb":{"@id":"https:\/\/www.itakaescolapios.org\/fr\/campanas\/2017-2018-el-tesoro-de-senegal\/actividades-centrales-de-la-campana\/#breadcrumb"},"inLanguage":"fr-FR","potentialAction":[{"@type":"ReadAction","target":["https:\/\/www.itakaescolapios.org\/fr\/campanas\/2017-2018-el-tesoro-de-senegal\/actividades-centrales-de-la-campana\/"]}]},{"@type":"BreadcrumbList","@id":"https:\/\/www.itakaescolapios.org\/fr\/campanas\/2017-2018-el-tesoro-de-senegal\/actividades-centrales-de-la-campana\/#breadcrumb","itemListElement":[{"@type":"ListItem","position":1,"name":"Itaka-Escolapios","item":"https:\/\/www.itakaescolapios.org\/es\/"},{"@type":"ListItem","position":2,"name":"Campagnes","item":"https:\/\/www.itakaescolapios.org\/es\/campanas\/"},{"@type":"ListItem","position":3,"name":"2017-2018 LE TR\u00c9SOR DU S\u00c9N\u00c9GAL","item":"https:\/\/www.itakaescolapios.org\/es\/campanas\/2017-2018-el-tesoro-de-senegal\/"},{"@type":"ListItem","position":4,"name":"ACTIVIT\u00c9S CENTRALES DE LA CAMPAGNE"}]},{"@type":"WebSite","@id":"https:\/\/www.itakaescolapios.org\/fr\/es\/#website","url":"https:\/\/www.itakaescolapios.org\/fr\/es\/","name":"Itaka-Escolapios","description":"Red de Itaka-Escolapios","publisher":{"@id":"https:\/\/www.itakaescolapios.org\/fr\/es\/#organization"},"potentialAction":[{"@type":"SearchAction","target":{"@type":"EntryPoint","urlTemplate":"https:\/\/www.itakaescolapios.org\/fr\/es\/?s={search_term_string}"},"query-input":{"@type":"PropertyValueSpecification","valueRequired":true,"valueName":"search_term_string"}}],"inLanguage":"fr-FR"},{"@type":"Organization","@id":"https:\/\/www.itakaescolapios.org\/fr\/es\/#organization","name":"Fundaci\u00f3 Itaka-Escolapios","url":"https:\/\/www.itakaescolapios.org\/fr\/es\/","logo":{"@type":"ImageObject","inLanguage":"fr-FR","@id":"https:\/\/www.itakaescolapios.org\/fr\/es\/#\/schema\/logo\/image\/","url":"https:\/\/www.itakaescolapios.org\/wp-content\/uploads\/2024\/04\/Logo-itakaescolapios-peque.png","contentUrl":"https:\/\/www.itakaescolapios.org\/wp-content\/uploads\/2024\/04\/Logo-itakaescolapios-peque.png","width":500,"height":199,"caption":"Fundaci\u00f3 Itaka-Escolapios"},"image":{"@id":"https:\/\/www.itakaescolapios.org\/fr\/es\/#\/schema\/logo\/image\/"}}]}},"_links":{"self":[{"href":"https:\/\/www.itakaescolapios.org\/fr\/wp-json\/wp\/v2\/pages\/20704","targetHints":{"allow":["GET"]}}],"collection":[{"href":"https:\/\/www.itakaescolapios.org\/fr\/wp-json\/wp\/v2\/pages"}],"about":[{"href":"https:\/\/www.itakaescolapios.org\/fr\/wp-json\/wp\/v2\/types\/page"}],"author":[{"embeddable":true,"href":"https:\/\/www.itakaescolapios.org\/fr\/wp-json\/wp\/v2\/users\/46"}],"replies":[{"embeddable":true,"href":"https:\/\/www.itakaescolapios.org\/fr\/wp-json\/wp\/v2\/comments?post=20704"}],"version-history":[{"count":66,"href":"https:\/\/www.itakaescolapios.org\/fr\/wp-json\/wp\/v2\/pages\/20704\/revisions"}],"predecessor-version":[{"id":47290,"href":"https:\/\/www.itakaescolapios.org\/fr\/wp-json\/wp\/v2\/pages\/20704\/revisions\/47290"}],"up":[{"embeddable":true,"href":"https:\/\/www.itakaescolapios.org\/fr\/wp-json\/wp\/v2\/pages\/20613"}],"wp:attachment":[{"href":"https:\/\/www.itakaescolapios.org\/fr\/wp-json\/wp\/v2\/media?parent=20704"}],"curies":[{"name":"wp","href":"https:\/\/api.w.org\/{rel}","templated":true}]}}