{"id":20706,"date":"2017-10-30T12:01:46","date_gmt":"2017-10-30T11:01:46","guid":{"rendered":"https:\/\/www.itakaescolapios.org\/?page_id=20706"},"modified":"2023-11-28T12:37:47","modified_gmt":"2023-11-28T11:37:47","slug":"dossier-de-actividades-para-el-aula","status":"publish","type":"page","link":"https:\/\/www.itakaescolapios.org\/fr\/campanas\/2017-2018-el-tesoro-de-senegal\/dossier-de-actividades-para-el-aula\/","title":{"rendered":"DOSSIER D\u2019ACTIVIT\u00c9S POUR LA CLASSE"},"content":{"rendered":"<p><a href=\"https:\/\/www.itakaescolapios.org\/wp-content\/uploads\/2017\/11\/cropped-lapices-de-colores-colores-185722.jpg\"><img decoding=\"async\" class=\"alignleft  wp-image-20844\" alt=\"cropped-lapices-de-colores-colores-185722\" src=\"https:\/\/www.itakaescolapios.org\/wp-content\/uploads\/2017\/11\/cropped-lapices-de-colores-colores-185722-218x300.jpg\" width=\"125\" height=\"173\" srcset=\"https:\/\/www.itakaescolapios.org\/wp-content\/uploads\/2017\/11\/cropped-lapices-de-colores-colores-185722-218x300.jpg 218w, https:\/\/www.itakaescolapios.org\/wp-content\/uploads\/2017\/11\/cropped-lapices-de-colores-colores-185722-250x343.jpg 250w, https:\/\/www.itakaescolapios.org\/wp-content\/uploads\/2017\/11\/cropped-lapices-de-colores-colores-185722.jpg 284w\" sizes=\"(max-width: 125px) 100vw, 125px\" \/><\/a>Nous pr\u00e9sentons ci-dessous, une s\u00e9rie d\u2019activit\u00e9s explicatives pour travailler dans les classes (elles peuvent \u00e9galement \u00eatre appliqu\u00e9es dans un cadre extra-scolaire), l\u2019importance de l\u2019\u00e9ducation comme \u00e9l\u00e9ment de changement personnel et de transformation sociale.<\/p>\n<p>Nous avons essay\u00e9 de pr\u00e9parer une s\u00e9lection attractive qui compl\u00e8te les cinq activit\u00e9s centrales de la campagne: prions avec le S\u00e9n\u00e9gal, f\u00eate s\u00e9n\u00e9galaise, jeu de cartes, notre tr\u00e9sor et photocall.<\/p>\n<pre dir=\"ltr\" id=\"tw-target-text\" data-placeholder=\"Traducci\u00f3n\" data-fulltext=\"\"><strong><span style=\"color: #993300;\">NOUS TRAVAILLONS:<\/span> <span style=\"color: #993300;\">Activit\u00e9s uniquement en espagnol<\/span><\/strong><\/pre>\n<table width=\"491\" border=\"0\" cellspacing=\"0\" cellpadding=\"0\">\n<tbody>\n<tr>\n<td width=\"80\" height=\"22\"><strong>AGE<\/strong><\/td>\n<td width=\"197\"><strong>ACTIVIT\u00c9<\/strong><\/td>\n<td width=\"214\"><strong>ANNEXES<\/strong><\/td>\n<\/tr>\n<tr>\n<td height=\"22\">3-4<\/td>\n<td><strong><a href=\"https:\/\/www.itakaescolapios.org\/wp-content\/uploads\/2017\/10\/1\u00baInfantil_MEMORY.pdf\" target=\"_blank\">MEMORY<\/a><\/strong><\/td>\n<td><strong><a href=\"https:\/\/www.itakaescolapios.org\/wp-content\/uploads\/2017\/10\/Anexos-Memory.pdf\" target=\"_blank\">Anexos<\/a><a href=\"https:\/\/www.itakaescolapios.org\/wp-content\/uploads\/2017\/10\/Anexos-Memory.pdf\" target=\"_blank\"> Memory<\/a><\/strong><\/td>\n<\/tr>\n<tr>\n<td height=\"22\">4-5<\/td>\n<td><strong><a href=\"https:\/\/www.itakaescolapios.org\/wp-content\/uploads\/2017\/10\/2\u00ba-Infantil_FOTOBAILA-b.pdf\" target=\"_blank\">FOTOBAILA<\/a><\/strong><\/td>\n<td><strong><a href=\"https:\/\/www.itakaescolapios.org\/wp-content\/uploads\/2017\/10\/Anexos-Fotobaila.pdf\" target=\"_blank\">Anexos Fotobaila<\/a><\/strong><\/td>\n<\/tr>\n<tr>\n<td height=\"22\">5-6<\/td>\n<td><strong><a href=\"https:\/\/www.itakaescolapios.org\/wp-content\/uploads\/2017\/10\/3\u00ba-Infantil_EXPEDICI\u00d3N.pdf\" target=\"_blank\">EXPEDICI\u00d3N<\/a><\/strong><\/td>\n<td><strong><a href=\"https:\/\/www.itakaescolapios.org\/wp-content\/uploads\/2017\/10\/Anexos-Expedici\u00f3n.pdf\" target=\"_blank\">Anexos Expedici\u00f3n<\/a><\/strong><\/td>\n<\/tr>\n<tr>\n<td height=\"22\">6-7<\/td>\n<td><strong><a href=\"https:\/\/www.itakaescolapios.org\/wp-content\/uploads\/2017\/10\/1\u00baPrim_juega-con-la-Expedici\u00f3n.pdf\" target=\"_blank\">JUEGA CON LAS EXPEDICI\u00d3N<\/a><\/strong><\/td>\n<td><\/td>\n<\/tr>\n<tr>\n<td height=\"22\">7-8<\/td>\n<td><strong><a href=\"https:\/\/www.itakaescolapios.org\/wp-content\/uploads\/2017\/10\/2\u00baPrim_Leyendas-de-Senegal.pdf\" target=\"_blank\">LEYENDAS DE SENEGAL<\/a><\/strong><\/td>\n<td><strong><a href=\"https:\/\/www.itakaescolapios.org\/wp-content\/uploads\/2017\/10\/Anexos-Leyendas-de-Senegal.pdf\" target=\"_blank\">Anexos Leyendas de Senegal<\/a><\/strong><\/td>\n<\/tr>\n<tr>\n<td height=\"22\">8-9<\/td>\n<td><strong><a href=\"https:\/\/www.itakaescolapios.org\/wp-content\/uploads\/2017\/10\/3\u00baPrim_Colores-de-Senegal.pdf\" target=\"_blank\">COLORES DE SENEGAL<\/a><\/strong><\/td>\n<td><strong><a href=\"https:\/\/www.itakaescolapios.org\/wp-content\/uploads\/2017\/10\/Anexos-Colores-de-Senegal.pdf\" target=\"_blank\">Anexos Colores de Senegal<\/a><\/strong><\/td>\n<\/tr>\n<tr>\n<td height=\"22\">9-10<\/td>\n<td><strong><a href=\"https:\/\/www.itakaescolapios.org\/wp-content\/uploads\/2017\/10\/4\u00baPrim_juegos-en-Senegal.pdf\" target=\"_blank\">JUEGOS EN SENEGAL<\/a><\/strong><\/td>\n<td><\/td>\n<\/tr>\n<tr>\n<td height=\"22\">10-11<\/td>\n<td><strong><a href=\"https:\/\/www.itakaescolapios.org\/wp-content\/uploads\/2017\/10\/5\u00baPrim_camino-a-la-escuela.pdf\" target=\"_blank\">CAMINO A LA ESCUELA<\/a><\/strong><\/td>\n<td><\/td>\n<\/tr>\n<tr>\n<td height=\"22\">11-12<\/td>\n<td><strong><a href=\"https:\/\/www.itakaescolapios.org\/wp-content\/uploads\/2017\/10\/6\u00baPrim_Memory-senegal\u00e9s.pdf\" target=\"_blank\">MEMORY SENEGAL\u00c9S<\/a><\/strong><\/td>\n<td><\/td>\n<\/tr>\n<tr>\n<td height=\"22\">12-13<\/td>\n<td><strong><a href=\"https:\/\/www.itakaescolapios.org\/wp-content\/uploads\/2017\/10\/1\u00baESO_TELARA\u00d1A_IDIOMAS.pdf\" target=\"_blank\">TELARA\u00d1A DE IDIOMAS<\/a><\/strong><\/td>\n<td><strong><a href=\"https:\/\/www.itakaescolapios.org\/wp-content\/uploads\/2017\/10\/Anexo-1\u00aa-ESO_-Telara\u00f1a-de-palabras.pdf\" target=\"_blank\">Anexos Telara\u00f1a De Idiomas<\/a><\/strong><\/td>\n<\/tr>\n<tr>\n<td height=\"22\">13-14<\/td>\n<td><strong><a href=\"https:\/\/www.itakaescolapios.org\/wp-content\/uploads\/2017\/10\/2\u00ba-ESO-Ayuda-a-los-Internados.pdf\" target=\"_blank\">INTERNADOS A TODO COLOR<\/a><\/strong><\/td>\n<td><\/td>\n<\/tr>\n<tr>\n<td height=\"22\">14-15<\/td>\n<td><strong><a href=\"https:\/\/www.itakaescolapios.org\/wp-content\/uploads\/2017\/10\/3\u00ba-ESO_RITMOS-AFRICANOS.pdf\" target=\"_blank\">RITMOS AFRICANOS<\/a><\/strong><\/td>\n<td><strong><audio class=\"wp-audio-shortcode\" id=\"audio-20706-1\" preload=\"none\" style=\"width: 100%;\" controls=\"controls\"><source type=\"audio\/mpeg\" src=\"https:\/\/www.itakaescolapios.org\/wp-content\/uploads\/2017\/10\/Ritmos-africanos1.mp3?_=1\" \/><a href=\"https:\/\/www.itakaescolapios.org\/wp-content\/uploads\/2017\/10\/Ritmos-africanos1.mp3\">https:\/\/www.itakaescolapios.org\/wp-content\/uploads\/2017\/10\/Ritmos-africanos1.mp3<\/a><\/audio><\/strong><\/td>\n<\/tr>\n<tr>\n<td height=\"22\">15-16<\/td>\n<td><strong><a href=\"https:\/\/www.itakaescolapios.org\/wp-content\/uploads\/2017\/10\/4\u00ba-eso_tesoros-de-senegal.pdf\" target=\"_blank\">TESOROS DE SENEGAL<\/a><\/strong><\/td>\n<td><strong><a href=\"https:\/\/www.itakaescolapios.org\/wp-content\/uploads\/2017\/10\/Anexo-1_informaci\u00f3n-4\u00ba-ESO.pdf\" target=\"_blank\">Anexos Tesoros De Senegal<\/a><\/strong><\/td>\n<\/tr>\n<tr>\n<td height=\"22\">16-17<\/td>\n<td><strong><a href=\"https:\/\/www.itakaescolapios.org\/wp-content\/uploads\/2017\/10\/1\u00ba-bach_esclavitud.pdf\" target=\"_blank\">LA ESCLAVITUD<\/a><\/strong><\/td>\n<td><\/td>\n<\/tr>\n<tr>\n<td height=\"22\">17-18<\/td>\n<td><strong><a href=\"https:\/\/www.itakaescolapios.org\/wp-content\/uploads\/2017\/10\/2\u00baBACH_La-Declaraci\u00f3n-de-Dakar.pdf\" target=\"_blank\">LA DECLARACI\u00d3N DE DAKAR<\/a><\/strong><\/td>\n<td><strong><a href=\"https:\/\/www.itakaescolapios.org\/wp-content\/uploads\/2017\/10\/Anexos-declaraci\u00f3n-de-Dakar.pdf\">Anexos Declaraci\u00f3n de Dakar<\/a><\/strong><\/td>\n<\/tr>\n<\/tbody>\n<\/table>\n<p><b><span style=\"text-decoration: underline;\">\u00a0<\/span><\/b><\/p>\n","protected":false},"excerpt":{"rendered":"<p>Nous pr\u00e9sentons ci-dessous, une s\u00e9rie d\u2019activit\u00e9s explicatives pour travailler dans les classes (elles peuvent \u00e9galement \u00eatre appliqu\u00e9es dans un cadre extra-scolaire), l\u2019importance de l\u2019\u00e9ducation comme \u00e9l\u00e9ment de changement personnel et [&hellip;]<\/p>\n","protected":false},"author":46,"featured_media":0,"parent":20613,"menu_order":6,"comment_status":"closed","ping_status":"closed","template":"","meta":{"_et_pb_use_builder":"","_et_pb_old_content":"","_et_gb_content_width":"","footnotes":""},"class_list":["post-20706","page","type-page","status-publish","hentry"],"yoast_head":"<!-- This site is optimized with the Yoast SEO plugin v27.5 - https:\/\/yoast.com\/product\/yoast-seo-wordpress\/ -->\n<title>DOSSIER D\u2019ACTIVIT\u00c9S POUR LA CLASSE<\/title>\n<meta name=\"description\" content=\"Nous pr\u00e9sentons ci-dessous, une s\u00e9rie d\u2019activit\u00e9s explicatives pour travailler dans les classes (elles peuvent \u00e9galement \u00eatre appliqu\u00e9es dans un cadre extra-scolaire), l\u2019importance de l\u2019\u00e9ducation comme \u00e9l\u00e9ment de changement personnel et de transformation sociale. Nous avons essay\u00e9 de pr\u00e9parer une s\u00e9lection attractive qui compl\u00e8te les cinq activit\u00e9s centrales de la campagne: prions avec le S\u00e9n\u00e9gal, f\u00eate\u2026\" \/>\n<meta name=\"robots\" content=\"index, follow, max-snippet:-1, max-image-preview:large, max-video-preview:-1\" \/>\n<link rel=\"canonical\" href=\"\" \/>\n<meta property=\"og:locale\" content=\"fr_FR\" \/>\n<meta property=\"og:type\" content=\"article\" \/>\n<meta property=\"og:title\" content=\"DOSSIER D\u2019ACTIVIT\u00c9S POUR LA CLASSE\" \/>\n<meta property=\"og:description\" content=\"Nous pr\u00e9sentons ci-dessous, une s\u00e9rie d\u2019activit\u00e9s explicatives pour travailler dans les classes (elles peuvent \u00e9galement \u00eatre appliqu\u00e9es dans un cadre extra-scolaire), l\u2019importance de l\u2019\u00e9ducation comme \u00e9l\u00e9ment de changement personnel et de transformation sociale. Nous avons essay\u00e9 de pr\u00e9parer une s\u00e9lection attractive qui compl\u00e8te les cinq activit\u00e9s centrales de la campagne: prions avec le S\u00e9n\u00e9gal, f\u00eate\u2026\" \/>\n<meta property=\"og:url\" content=\"https:\/\/www.itakaescolapios.org\/fr\/campanas\/2017-2018-el-tesoro-de-senegal\/dossier-de-actividades-para-el-aula\/\" \/>\n<meta property=\"og:site_name\" content=\"Itaka-Escolapios\" \/>\n<meta property=\"article:modified_time\" content=\"2023-11-28T11:37:47+00:00\" \/>\n<meta property=\"og:image\" content=\"https:\/\/www.itakaescolapios.org\/wp-content\/uploads\/2017\/11\/cropped-lapices-de-colores-colores-185722.jpg\" \/>\n\t<meta property=\"og:image:width\" content=\"284\" \/>\n\t<meta property=\"og:image:height\" content=\"390\" \/>\n\t<meta property=\"og:image:type\" content=\"image\/jpeg\" \/>\n<meta name=\"twitter:card\" content=\"summary_large_image\" \/>\n<meta name=\"twitter:label1\" content=\"Dur\u00e9e de lecture estim\u00e9e\" \/>\n\t<meta name=\"twitter:data1\" content=\"1 minute\" \/>\n<script type=\"application\/ld+json\" class=\"yoast-schema-graph\">{\"@context\":\"https:\\\/\\\/schema.org\",\"@graph\":[{\"@type\":\"WebPage\",\"@id\":\"https:\\\/\\\/www.itakaescolapios.org\\\/fr\\\/campanas\\\/2017-2018-el-tesoro-de-senegal\\\/dossier-de-actividades-para-el-aula\\\/\",\"url\":\"https:\\\/\\\/www.itakaescolapios.org\\\/fr\\\/campanas\\\/2017-2018-el-tesoro-de-senegal\\\/dossier-de-actividades-para-el-aula\\\/\",\"name\":\"DOSSIER DE ACTIVIDADES PARA EL AULA - Itaka-Escolapios\",\"isPartOf\":{\"@id\":\"https:\\\/\\\/www.itakaescolapios.org\\\/es\\\/#website\"},\"primaryImageOfPage\":{\"@id\":\"https:\\\/\\\/www.itakaescolapios.org\\\/fr\\\/campanas\\\/2017-2018-el-tesoro-de-senegal\\\/dossier-de-actividades-para-el-aula\\\/#primaryimage\"},\"image\":{\"@id\":\"https:\\\/\\\/www.itakaescolapios.org\\\/fr\\\/campanas\\\/2017-2018-el-tesoro-de-senegal\\\/dossier-de-actividades-para-el-aula\\\/#primaryimage\"},\"thumbnailUrl\":\"https:\\\/\\\/www.itakaescolapios.org\\\/wp-content\\\/uploads\\\/2017\\\/11\\\/cropped-lapices-de-colores-colores-185722-218x300.jpg\",\"datePublished\":\"2017-10-30T11:01:46+00:00\",\"dateModified\":\"2023-11-28T11:37:47+00:00\",\"breadcrumb\":{\"@id\":\"https:\\\/\\\/www.itakaescolapios.org\\\/fr\\\/campanas\\\/2017-2018-el-tesoro-de-senegal\\\/dossier-de-actividades-para-el-aula\\\/#breadcrumb\"},\"inLanguage\":\"fr-FR\",\"potentialAction\":[{\"@type\":\"ReadAction\",\"target\":[\"https:\\\/\\\/www.itakaescolapios.org\\\/fr\\\/campanas\\\/2017-2018-el-tesoro-de-senegal\\\/dossier-de-actividades-para-el-aula\\\/\"]}]},{\"@type\":\"ImageObject\",\"inLanguage\":\"fr-FR\",\"@id\":\"https:\\\/\\\/www.itakaescolapios.org\\\/fr\\\/campanas\\\/2017-2018-el-tesoro-de-senegal\\\/dossier-de-actividades-para-el-aula\\\/#primaryimage\",\"url\":\"https:\\\/\\\/www.itakaescolapios.org\\\/wp-content\\\/uploads\\\/2017\\\/11\\\/cropped-lapices-de-colores-colores-185722-218x300.jpg\",\"contentUrl\":\"https:\\\/\\\/www.itakaescolapios.org\\\/wp-content\\\/uploads\\\/2017\\\/11\\\/cropped-lapices-de-colores-colores-185722-218x300.jpg\"},{\"@type\":\"BreadcrumbList\",\"@id\":\"https:\\\/\\\/www.itakaescolapios.org\\\/fr\\\/campanas\\\/2017-2018-el-tesoro-de-senegal\\\/dossier-de-actividades-para-el-aula\\\/#breadcrumb\",\"itemListElement\":[{\"@type\":\"ListItem\",\"position\":1,\"name\":\"Itaka-Escolapios\",\"item\":\"https:\\\/\\\/www.itakaescolapios.org\\\/es\\\/\"},{\"@type\":\"ListItem\",\"position\":2,\"name\":\"Campagnes\",\"item\":\"https:\\\/\\\/www.itakaescolapios.org\\\/es\\\/campanas\\\/\"},{\"@type\":\"ListItem\",\"position\":3,\"name\":\"2017-2018 LE TR\u00c9SOR DU S\u00c9N\u00c9GAL\",\"item\":\"https:\\\/\\\/www.itakaescolapios.org\\\/es\\\/campanas\\\/2017-2018-el-tesoro-de-senegal\\\/\"},{\"@type\":\"ListItem\",\"position\":4,\"name\":\"DOSSIER D\u2019ACTIVIT\u00c9S POUR LA CLASSE\"}]},{\"@type\":\"WebSite\",\"@id\":\"https:\\\/\\\/www.itakaescolapios.org\\\/fr\\\/es\\\/#website\",\"url\":\"https:\\\/\\\/www.itakaescolapios.org\\\/fr\\\/es\\\/\",\"name\":\"Itaka-Escolapios\",\"description\":\"Red de Itaka-Escolapios\",\"publisher\":{\"@id\":\"https:\\\/\\\/www.itakaescolapios.org\\\/fr\\\/es\\\/#organization\"},\"potentialAction\":[{\"@type\":\"SearchAction\",\"target\":{\"@type\":\"EntryPoint\",\"urlTemplate\":\"https:\\\/\\\/www.itakaescolapios.org\\\/fr\\\/es\\\/?s={search_term_string}\"},\"query-input\":{\"@type\":\"PropertyValueSpecification\",\"valueRequired\":true,\"valueName\":\"search_term_string\"}}],\"inLanguage\":\"fr-FR\"},{\"@type\":\"Organization\",\"@id\":\"https:\\\/\\\/www.itakaescolapios.org\\\/fr\\\/es\\\/#organization\",\"name\":\"Fundaci\u00f3 Itaka-Escolapios\",\"url\":\"https:\\\/\\\/www.itakaescolapios.org\\\/fr\\\/es\\\/\",\"logo\":{\"@type\":\"ImageObject\",\"inLanguage\":\"fr-FR\",\"@id\":\"https:\\\/\\\/www.itakaescolapios.org\\\/fr\\\/es\\\/#\\\/schema\\\/logo\\\/image\\\/\",\"url\":\"https:\\\/\\\/www.itakaescolapios.org\\\/wp-content\\\/uploads\\\/2024\\\/04\\\/Logo-itakaescolapios-peque.png\",\"contentUrl\":\"https:\\\/\\\/www.itakaescolapios.org\\\/wp-content\\\/uploads\\\/2024\\\/04\\\/Logo-itakaescolapios-peque.png\",\"width\":500,\"height\":199,\"caption\":\"Fundaci\u00f3 Itaka-Escolapios\"},\"image\":{\"@id\":\"https:\\\/\\\/www.itakaescolapios.org\\\/fr\\\/es\\\/#\\\/schema\\\/logo\\\/image\\\/\"}}]}<\/script>\n<!-- \/ Yoast SEO plugin. -->","yoast_head_json":{"title":"DOSSIER D\u2019ACTIVIT\u00c9S POUR LA CLASSE","description":"Nous pr\u00e9sentons ci-dessous, une s\u00e9rie d\u2019activit\u00e9s explicatives pour travailler dans les classes (elles peuvent \u00e9galement \u00eatre appliqu\u00e9es dans un cadre extra-scolaire), l\u2019importance de l\u2019\u00e9ducation comme \u00e9l\u00e9ment de changement personnel et de transformation sociale. Nous avons essay\u00e9 de pr\u00e9parer une s\u00e9lection attractive qui compl\u00e8te les cinq activit\u00e9s centrales de la campagne: prions avec le S\u00e9n\u00e9gal, f\u00eate\u2026","robots":{"index":"index","follow":"follow","max-snippet":"max-snippet:-1","max-image-preview":"max-image-preview:large","max-video-preview":"max-video-preview:-1"},"canonical":"Nous pr\u00e9sentons ci-dessous, une s\u00e9rie d\u2019activit\u00e9s explicatives pour travailler dans les classes (elles peuvent \u00e9galement \u00eatre appliqu\u00e9es dans un cadre extra-scolaire), l\u2019importance de l\u2019\u00e9ducation comme \u00e9l\u00e9ment de changement personnel et de transformation sociale. Nous avons essay\u00e9 de pr\u00e9parer une s\u00e9lection attractive qui compl\u00e8te les cinq activit\u00e9s centrales de la campagne: prions avec le S\u00e9n\u00e9gal, f\u00eate\u2026","og_locale":"fr_FR","og_type":"article","og_title":"DOSSIER D\u2019ACTIVIT\u00c9S POUR LA CLASSE","og_description":"Nous pr\u00e9sentons ci-dessous, une s\u00e9rie d\u2019activit\u00e9s explicatives pour travailler dans les classes (elles peuvent \u00e9galement \u00eatre appliqu\u00e9es dans un cadre extra-scolaire), l\u2019importance de l\u2019\u00e9ducation comme \u00e9l\u00e9ment de changement personnel et de transformation sociale. Nous avons essay\u00e9 de pr\u00e9parer une s\u00e9lection attractive qui compl\u00e8te les cinq activit\u00e9s centrales de la campagne: prions avec le S\u00e9n\u00e9gal, f\u00eate\u2026","og_url":"https:\/\/www.itakaescolapios.org\/fr\/campanas\/2017-2018-el-tesoro-de-senegal\/dossier-de-actividades-para-el-aula\/","og_site_name":"Itaka-Escolapios","article_modified_time":"2023-11-28T11:37:47+00:00","og_image":[{"width":284,"height":390,"url":"https:\/\/www.itakaescolapios.org\/wp-content\/uploads\/2017\/11\/cropped-lapices-de-colores-colores-185722.jpg","type":"image\/jpeg"}],"twitter_card":"summary_large_image","twitter_misc":{"Dur\u00e9e de lecture estim\u00e9e":"1 minute"},"schema":{"@context":"https:\/\/schema.org","@graph":[{"@type":"WebPage","@id":"https:\/\/www.itakaescolapios.org\/fr\/campanas\/2017-2018-el-tesoro-de-senegal\/dossier-de-actividades-para-el-aula\/","url":"https:\/\/www.itakaescolapios.org\/fr\/campanas\/2017-2018-el-tesoro-de-senegal\/dossier-de-actividades-para-el-aula\/","name":"DOSSIER DE ACTIVIDADES PARA EL AULA - Itaka-Escolapios","isPartOf":{"@id":"https:\/\/www.itakaescolapios.org\/es\/#website"},"primaryImageOfPage":{"@id":"https:\/\/www.itakaescolapios.org\/fr\/campanas\/2017-2018-el-tesoro-de-senegal\/dossier-de-actividades-para-el-aula\/#primaryimage"},"image":{"@id":"https:\/\/www.itakaescolapios.org\/fr\/campanas\/2017-2018-el-tesoro-de-senegal\/dossier-de-actividades-para-el-aula\/#primaryimage"},"thumbnailUrl":"https:\/\/www.itakaescolapios.org\/wp-content\/uploads\/2017\/11\/cropped-lapices-de-colores-colores-185722-218x300.jpg","datePublished":"2017-10-30T11:01:46+00:00","dateModified":"2023-11-28T11:37:47+00:00","breadcrumb":{"@id":"https:\/\/www.itakaescolapios.org\/fr\/campanas\/2017-2018-el-tesoro-de-senegal\/dossier-de-actividades-para-el-aula\/#breadcrumb"},"inLanguage":"fr-FR","potentialAction":[{"@type":"ReadAction","target":["https:\/\/www.itakaescolapios.org\/fr\/campanas\/2017-2018-el-tesoro-de-senegal\/dossier-de-actividades-para-el-aula\/"]}]},{"@type":"ImageObject","inLanguage":"fr-FR","@id":"https:\/\/www.itakaescolapios.org\/fr\/campanas\/2017-2018-el-tesoro-de-senegal\/dossier-de-actividades-para-el-aula\/#primaryimage","url":"https:\/\/www.itakaescolapios.org\/wp-content\/uploads\/2017\/11\/cropped-lapices-de-colores-colores-185722-218x300.jpg","contentUrl":"https:\/\/www.itakaescolapios.org\/wp-content\/uploads\/2017\/11\/cropped-lapices-de-colores-colores-185722-218x300.jpg"},{"@type":"BreadcrumbList","@id":"https:\/\/www.itakaescolapios.org\/fr\/campanas\/2017-2018-el-tesoro-de-senegal\/dossier-de-actividades-para-el-aula\/#breadcrumb","itemListElement":[{"@type":"ListItem","position":1,"name":"Itaka-Escolapios","item":"https:\/\/www.itakaescolapios.org\/es\/"},{"@type":"ListItem","position":2,"name":"Campagnes","item":"https:\/\/www.itakaescolapios.org\/es\/campanas\/"},{"@type":"ListItem","position":3,"name":"2017-2018 LE TR\u00c9SOR DU S\u00c9N\u00c9GAL","item":"https:\/\/www.itakaescolapios.org\/es\/campanas\/2017-2018-el-tesoro-de-senegal\/"},{"@type":"ListItem","position":4,"name":"DOSSIER D\u2019ACTIVIT\u00c9S POUR LA CLASSE"}]},{"@type":"WebSite","@id":"https:\/\/www.itakaescolapios.org\/fr\/es\/#website","url":"https:\/\/www.itakaescolapios.org\/fr\/es\/","name":"Itaka-Escolapios","description":"Red de Itaka-Escolapios","publisher":{"@id":"https:\/\/www.itakaescolapios.org\/fr\/es\/#organization"},"potentialAction":[{"@type":"SearchAction","target":{"@type":"EntryPoint","urlTemplate":"https:\/\/www.itakaescolapios.org\/fr\/es\/?s={search_term_string}"},"query-input":{"@type":"PropertyValueSpecification","valueRequired":true,"valueName":"search_term_string"}}],"inLanguage":"fr-FR"},{"@type":"Organization","@id":"https:\/\/www.itakaescolapios.org\/fr\/es\/#organization","name":"Fundaci\u00f3 Itaka-Escolapios","url":"https:\/\/www.itakaescolapios.org\/fr\/es\/","logo":{"@type":"ImageObject","inLanguage":"fr-FR","@id":"https:\/\/www.itakaescolapios.org\/fr\/es\/#\/schema\/logo\/image\/","url":"https:\/\/www.itakaescolapios.org\/wp-content\/uploads\/2024\/04\/Logo-itakaescolapios-peque.png","contentUrl":"https:\/\/www.itakaescolapios.org\/wp-content\/uploads\/2024\/04\/Logo-itakaescolapios-peque.png","width":500,"height":199,"caption":"Fundaci\u00f3 Itaka-Escolapios"},"image":{"@id":"https:\/\/www.itakaescolapios.org\/fr\/es\/#\/schema\/logo\/image\/"}}]}},"_links":{"self":[{"href":"https:\/\/www.itakaescolapios.org\/fr\/wp-json\/wp\/v2\/pages\/20706","targetHints":{"allow":["GET"]}}],"collection":[{"href":"https:\/\/www.itakaescolapios.org\/fr\/wp-json\/wp\/v2\/pages"}],"about":[{"href":"https:\/\/www.itakaescolapios.org\/fr\/wp-json\/wp\/v2\/types\/page"}],"author":[{"embeddable":true,"href":"https:\/\/www.itakaescolapios.org\/fr\/wp-json\/wp\/v2\/users\/46"}],"replies":[{"embeddable":true,"href":"https:\/\/www.itakaescolapios.org\/fr\/wp-json\/wp\/v2\/comments?post=20706"}],"version-history":[{"count":42,"href":"https:\/\/www.itakaescolapios.org\/fr\/wp-json\/wp\/v2\/pages\/20706\/revisions"}],"predecessor-version":[{"id":47288,"href":"https:\/\/www.itakaescolapios.org\/fr\/wp-json\/wp\/v2\/pages\/20706\/revisions\/47288"}],"up":[{"embeddable":true,"href":"https:\/\/www.itakaescolapios.org\/fr\/wp-json\/wp\/v2\/pages\/20613"}],"wp:attachment":[{"href":"https:\/\/www.itakaescolapios.org\/fr\/wp-json\/wp\/v2\/media?parent=20706"}],"curies":[{"name":"wp","href":"https:\/\/api.w.org\/{rel}","templated":true}]}}