{"id":20710,"date":"2017-10-30T12:02:31","date_gmt":"2017-10-30T11:02:31","guid":{"rendered":"https:\/\/www.itakaescolapios.org\/?page_id=20710"},"modified":"2023-11-28T12:37:47","modified_gmt":"2023-11-28T11:37:47","slug":"otros-recursos","status":"publish","type":"page","link":"https:\/\/www.itakaescolapios.org\/fr\/campanas\/2017-2018-el-tesoro-de-senegal\/otros-recursos\/","title":{"rendered":"AUTRES RESSOURCES"},"content":{"rendered":"<p>Dans cette section vous pouvez t\u00e9l\u00e9charger d\u2019autres ressources qui peuvent vous aider \u00e0 pr\u00e9senter la campagne et \u00e0 la dynamiser dans votre centre \u00e9ducatif, groupe de temps libre, paroisse, \u2026<\/p>\n<p><iframe loading=\"lazy\" title=\"Ppt presentacion campa\u00f1a 17 18 EL tesoro de Senegal\" width=\"1080\" height=\"810\" src=\"https:\/\/www.youtube.com\/embed\/ime7B2EEKdM?feature=oembed\"  allow=\"accelerometer; autoplay; clipboard-write; encrypted-media; gyroscope; picture-in-picture; web-share\" referrerpolicy=\"strict-origin-when-cross-origin\" allowfullscreen><\/iframe><\/p>\n<p>T\u00e9l\u00e9chargez le powerpoint pr\u00e9sentant la Campagne de Solidarit\u00e9 en cliquant sur le lien suivant:<\/p>\n<p><strong><a href=\"https:\/\/mega.nz\/#!vEQlRRQB!tJJXgLQKVmS1FJ9eZKzGprvKsFHIDGqWGOu1RSCNLvk\" target=\"_blank\">PR\u00c9SENTATION DE LA CAMPAGNE<\/a><\/strong><\/p>\n<p>T\u00e9l\u00e9chargez la revue de solidarit\u00e9 d\u2019Itaka-Escolapios de cette ann\u00e9e scolaire 2016-2017<\/p>\n<p>REVUE DE LA CAMPAGNE DE SOLIDARIT\u00c9<\/p>\n<p>REVUE DE LA CAMPAGNE BASQUE-ESPAGNOL<\/p>\n<p>FACEBOOK<\/p>\n<p>TWITTER<\/p>\n","protected":false},"excerpt":{"rendered":"<p>Dans cette section vous pouvez t\u00e9l\u00e9charger d\u2019autres ressources qui peuvent vous aider \u00e0 pr\u00e9senter la campagne et \u00e0 la dynamiser dans votre centre \u00e9ducatif, groupe de temps libre, paroisse, \u2026 [&hellip;]<\/p>\n","protected":false},"author":46,"featured_media":0,"parent":20613,"menu_order":8,"comment_status":"closed","ping_status":"closed","template":"","meta":{"_et_pb_use_builder":"","_et_pb_old_content":"","_et_gb_content_width":"","footnotes":""},"class_list":["post-20710","page","type-page","status-publish","hentry"],"yoast_head":"<!-- This site is optimized with the Yoast SEO plugin v27.5 - https:\/\/yoast.com\/product\/yoast-seo-wordpress\/ -->\n<title>AUTRES RESSOURCES<\/title>\n<meta name=\"description\" content=\"Dans cette section vous pouvez t\u00e9l\u00e9charger d\u2019autres ressources qui peuvent vous aider \u00e0 pr\u00e9senter la campagne et \u00e0 la dynamiser dans votre centre \u00e9ducatif, groupe de temps libre, paroisse, \u2026 https:\/\/youtu.be\/ime7B2EEKdM T\u00e9l\u00e9chargez le powerpoint pr\u00e9sentant la Campagne de Solidarit\u00e9 en cliquant sur le lien suivant: PR\u00c9SENTATION DE LA CAMPAGNE T\u00e9l\u00e9chargez la revue de solidarit\u00e9 d\u2019Itaka-Escolapios\u2026\" \/>\n<meta name=\"robots\" content=\"index, follow, max-snippet:-1, max-image-preview:large, max-video-preview:-1\" \/>\n<link rel=\"canonical\" href=\"\" \/>\n<meta property=\"og:locale\" content=\"fr_FR\" \/>\n<meta property=\"og:type\" content=\"article\" \/>\n<meta property=\"og:title\" content=\"AUTRES RESSOURCES\" \/>\n<meta property=\"og:description\" content=\"Dans cette section vous pouvez t\u00e9l\u00e9charger d\u2019autres ressources qui peuvent vous aider \u00e0 pr\u00e9senter la campagne et \u00e0 la dynamiser dans votre centre \u00e9ducatif, groupe de temps libre, paroisse, \u2026 https:\/\/youtu.be\/ime7B2EEKdM T\u00e9l\u00e9chargez le powerpoint pr\u00e9sentant la Campagne de Solidarit\u00e9 en cliquant sur le lien suivant: PR\u00c9SENTATION DE LA CAMPAGNE T\u00e9l\u00e9chargez la revue de solidarit\u00e9 d\u2019Itaka-Escolapios\u2026\" \/>\n<meta property=\"og:url\" content=\"https:\/\/www.itakaescolapios.org\/fr\/campanas\/2017-2018-el-tesoro-de-senegal\/otros-recursos\/\" \/>\n<meta property=\"og:site_name\" content=\"Itaka-Escolapios\" \/>\n<meta property=\"article:modified_time\" content=\"2023-11-28T11:37:47+00:00\" \/>\n<meta name=\"twitter:card\" content=\"summary_large_image\" \/>\n<meta name=\"twitter:label1\" content=\"Dur\u00e9e de lecture estim\u00e9e\" \/>\n\t<meta name=\"twitter:data1\" content=\"1 minute\" \/>\n<script type=\"application\/ld+json\" class=\"yoast-schema-graph\">{\"@context\":\"https:\\\/\\\/schema.org\",\"@graph\":[{\"@type\":\"WebPage\",\"@id\":\"https:\\\/\\\/www.itakaescolapios.org\\\/fr\\\/campanas\\\/2017-2018-el-tesoro-de-senegal\\\/otros-recursos\\\/\",\"url\":\"https:\\\/\\\/www.itakaescolapios.org\\\/fr\\\/campanas\\\/2017-2018-el-tesoro-de-senegal\\\/otros-recursos\\\/\",\"name\":\"OTROS RECURSOS - Itaka-Escolapios\",\"isPartOf\":{\"@id\":\"https:\\\/\\\/www.itakaescolapios.org\\\/es\\\/#website\"},\"datePublished\":\"2017-10-30T11:02:31+00:00\",\"dateModified\":\"2023-11-28T11:37:47+00:00\",\"breadcrumb\":{\"@id\":\"https:\\\/\\\/www.itakaescolapios.org\\\/fr\\\/campanas\\\/2017-2018-el-tesoro-de-senegal\\\/otros-recursos\\\/#breadcrumb\"},\"inLanguage\":\"fr-FR\",\"potentialAction\":[{\"@type\":\"ReadAction\",\"target\":[\"https:\\\/\\\/www.itakaescolapios.org\\\/fr\\\/campanas\\\/2017-2018-el-tesoro-de-senegal\\\/otros-recursos\\\/\"]}]},{\"@type\":\"BreadcrumbList\",\"@id\":\"https:\\\/\\\/www.itakaescolapios.org\\\/fr\\\/campanas\\\/2017-2018-el-tesoro-de-senegal\\\/otros-recursos\\\/#breadcrumb\",\"itemListElement\":[{\"@type\":\"ListItem\",\"position\":1,\"name\":\"Itaka-Escolapios\",\"item\":\"https:\\\/\\\/www.itakaescolapios.org\\\/es\\\/\"},{\"@type\":\"ListItem\",\"position\":2,\"name\":\"Campagnes\",\"item\":\"https:\\\/\\\/www.itakaescolapios.org\\\/es\\\/campanas\\\/\"},{\"@type\":\"ListItem\",\"position\":3,\"name\":\"2017-2018 LE TR\u00c9SOR DU S\u00c9N\u00c9GAL\",\"item\":\"https:\\\/\\\/www.itakaescolapios.org\\\/es\\\/campanas\\\/2017-2018-el-tesoro-de-senegal\\\/\"},{\"@type\":\"ListItem\",\"position\":4,\"name\":\"AUTRES RESSOURCES\"}]},{\"@type\":\"WebSite\",\"@id\":\"https:\\\/\\\/www.itakaescolapios.org\\\/fr\\\/es\\\/#website\",\"url\":\"https:\\\/\\\/www.itakaescolapios.org\\\/fr\\\/es\\\/\",\"name\":\"Itaka-Escolapios\",\"description\":\"Red de Itaka-Escolapios\",\"publisher\":{\"@id\":\"https:\\\/\\\/www.itakaescolapios.org\\\/fr\\\/es\\\/#organization\"},\"potentialAction\":[{\"@type\":\"SearchAction\",\"target\":{\"@type\":\"EntryPoint\",\"urlTemplate\":\"https:\\\/\\\/www.itakaescolapios.org\\\/fr\\\/es\\\/?s={search_term_string}\"},\"query-input\":{\"@type\":\"PropertyValueSpecification\",\"valueRequired\":true,\"valueName\":\"search_term_string\"}}],\"inLanguage\":\"fr-FR\"},{\"@type\":\"Organization\",\"@id\":\"https:\\\/\\\/www.itakaescolapios.org\\\/fr\\\/es\\\/#organization\",\"name\":\"Fundaci\u00f3 Itaka-Escolapios\",\"url\":\"https:\\\/\\\/www.itakaescolapios.org\\\/fr\\\/es\\\/\",\"logo\":{\"@type\":\"ImageObject\",\"inLanguage\":\"fr-FR\",\"@id\":\"https:\\\/\\\/www.itakaescolapios.org\\\/fr\\\/es\\\/#\\\/schema\\\/logo\\\/image\\\/\",\"url\":\"https:\\\/\\\/www.itakaescolapios.org\\\/wp-content\\\/uploads\\\/2024\\\/04\\\/Logo-itakaescolapios-peque.png\",\"contentUrl\":\"https:\\\/\\\/www.itakaescolapios.org\\\/wp-content\\\/uploads\\\/2024\\\/04\\\/Logo-itakaescolapios-peque.png\",\"width\":500,\"height\":199,\"caption\":\"Fundaci\u00f3 Itaka-Escolapios\"},\"image\":{\"@id\":\"https:\\\/\\\/www.itakaescolapios.org\\\/fr\\\/es\\\/#\\\/schema\\\/logo\\\/image\\\/\"}}]}<\/script>\n<!-- \/ Yoast SEO plugin. -->","yoast_head_json":{"title":"AUTRES RESSOURCES","description":"Dans cette section vous pouvez t\u00e9l\u00e9charger d\u2019autres ressources qui peuvent vous aider \u00e0 pr\u00e9senter la campagne et \u00e0 la dynamiser dans votre centre \u00e9ducatif, groupe de temps libre, paroisse, \u2026 https:\/\/youtu.be\/ime7B2EEKdM T\u00e9l\u00e9chargez le powerpoint pr\u00e9sentant la Campagne de Solidarit\u00e9 en cliquant sur le lien suivant: PR\u00c9SENTATION DE LA CAMPAGNE T\u00e9l\u00e9chargez la revue de solidarit\u00e9 d\u2019Itaka-Escolapios\u2026","robots":{"index":"index","follow":"follow","max-snippet":"max-snippet:-1","max-image-preview":"max-image-preview:large","max-video-preview":"max-video-preview:-1"},"canonical":"Dans cette section vous pouvez t\u00e9l\u00e9charger d\u2019autres ressources qui peuvent vous aider \u00e0 pr\u00e9senter la campagne et \u00e0 la dynamiser dans votre centre \u00e9ducatif, groupe de temps libre, paroisse, \u2026 https:\/\/youtu.be\/ime7B2EEKdM T\u00e9l\u00e9chargez le powerpoint pr\u00e9sentant la Campagne de Solidarit\u00e9 en cliquant sur le lien suivant: PR\u00c9SENTATION DE LA CAMPAGNE T\u00e9l\u00e9chargez la revue de solidarit\u00e9 d\u2019Itaka-Escolapios\u2026","og_locale":"fr_FR","og_type":"article","og_title":"AUTRES RESSOURCES","og_description":"Dans cette section vous pouvez t\u00e9l\u00e9charger d\u2019autres ressources qui peuvent vous aider \u00e0 pr\u00e9senter la campagne et \u00e0 la dynamiser dans votre centre \u00e9ducatif, groupe de temps libre, paroisse, \u2026 https:\/\/youtu.be\/ime7B2EEKdM T\u00e9l\u00e9chargez le powerpoint pr\u00e9sentant la Campagne de Solidarit\u00e9 en cliquant sur le lien suivant: PR\u00c9SENTATION DE LA CAMPAGNE T\u00e9l\u00e9chargez la revue de solidarit\u00e9 d\u2019Itaka-Escolapios\u2026","og_url":"https:\/\/www.itakaescolapios.org\/fr\/campanas\/2017-2018-el-tesoro-de-senegal\/otros-recursos\/","og_site_name":"Itaka-Escolapios","article_modified_time":"2023-11-28T11:37:47+00:00","twitter_card":"summary_large_image","twitter_misc":{"Dur\u00e9e de lecture estim\u00e9e":"1 minute"},"schema":{"@context":"https:\/\/schema.org","@graph":[{"@type":"WebPage","@id":"https:\/\/www.itakaescolapios.org\/fr\/campanas\/2017-2018-el-tesoro-de-senegal\/otros-recursos\/","url":"https:\/\/www.itakaescolapios.org\/fr\/campanas\/2017-2018-el-tesoro-de-senegal\/otros-recursos\/","name":"OTROS RECURSOS - Itaka-Escolapios","isPartOf":{"@id":"https:\/\/www.itakaescolapios.org\/es\/#website"},"datePublished":"2017-10-30T11:02:31+00:00","dateModified":"2023-11-28T11:37:47+00:00","breadcrumb":{"@id":"https:\/\/www.itakaescolapios.org\/fr\/campanas\/2017-2018-el-tesoro-de-senegal\/otros-recursos\/#breadcrumb"},"inLanguage":"fr-FR","potentialAction":[{"@type":"ReadAction","target":["https:\/\/www.itakaescolapios.org\/fr\/campanas\/2017-2018-el-tesoro-de-senegal\/otros-recursos\/"]}]},{"@type":"BreadcrumbList","@id":"https:\/\/www.itakaescolapios.org\/fr\/campanas\/2017-2018-el-tesoro-de-senegal\/otros-recursos\/#breadcrumb","itemListElement":[{"@type":"ListItem","position":1,"name":"Itaka-Escolapios","item":"https:\/\/www.itakaescolapios.org\/es\/"},{"@type":"ListItem","position":2,"name":"Campagnes","item":"https:\/\/www.itakaescolapios.org\/es\/campanas\/"},{"@type":"ListItem","position":3,"name":"2017-2018 LE TR\u00c9SOR DU S\u00c9N\u00c9GAL","item":"https:\/\/www.itakaescolapios.org\/es\/campanas\/2017-2018-el-tesoro-de-senegal\/"},{"@type":"ListItem","position":4,"name":"AUTRES RESSOURCES"}]},{"@type":"WebSite","@id":"https:\/\/www.itakaescolapios.org\/fr\/es\/#website","url":"https:\/\/www.itakaescolapios.org\/fr\/es\/","name":"Itaka-Escolapios","description":"Red de Itaka-Escolapios","publisher":{"@id":"https:\/\/www.itakaescolapios.org\/fr\/es\/#organization"},"potentialAction":[{"@type":"SearchAction","target":{"@type":"EntryPoint","urlTemplate":"https:\/\/www.itakaescolapios.org\/fr\/es\/?s={search_term_string}"},"query-input":{"@type":"PropertyValueSpecification","valueRequired":true,"valueName":"search_term_string"}}],"inLanguage":"fr-FR"},{"@type":"Organization","@id":"https:\/\/www.itakaescolapios.org\/fr\/es\/#organization","name":"Fundaci\u00f3 Itaka-Escolapios","url":"https:\/\/www.itakaescolapios.org\/fr\/es\/","logo":{"@type":"ImageObject","inLanguage":"fr-FR","@id":"https:\/\/www.itakaescolapios.org\/fr\/es\/#\/schema\/logo\/image\/","url":"https:\/\/www.itakaescolapios.org\/wp-content\/uploads\/2024\/04\/Logo-itakaescolapios-peque.png","contentUrl":"https:\/\/www.itakaescolapios.org\/wp-content\/uploads\/2024\/04\/Logo-itakaescolapios-peque.png","width":500,"height":199,"caption":"Fundaci\u00f3 Itaka-Escolapios"},"image":{"@id":"https:\/\/www.itakaescolapios.org\/fr\/es\/#\/schema\/logo\/image\/"}}]}},"_links":{"self":[{"href":"https:\/\/www.itakaescolapios.org\/fr\/wp-json\/wp\/v2\/pages\/20710","targetHints":{"allow":["GET"]}}],"collection":[{"href":"https:\/\/www.itakaescolapios.org\/fr\/wp-json\/wp\/v2\/pages"}],"about":[{"href":"https:\/\/www.itakaescolapios.org\/fr\/wp-json\/wp\/v2\/types\/page"}],"author":[{"embeddable":true,"href":"https:\/\/www.itakaescolapios.org\/fr\/wp-json\/wp\/v2\/users\/46"}],"replies":[{"embeddable":true,"href":"https:\/\/www.itakaescolapios.org\/fr\/wp-json\/wp\/v2\/comments?post=20710"}],"version-history":[{"count":17,"href":"https:\/\/www.itakaescolapios.org\/fr\/wp-json\/wp\/v2\/pages\/20710\/revisions"}],"predecessor-version":[{"id":47284,"href":"https:\/\/www.itakaescolapios.org\/fr\/wp-json\/wp\/v2\/pages\/20710\/revisions\/47284"}],"up":[{"embeddable":true,"href":"https:\/\/www.itakaescolapios.org\/fr\/wp-json\/wp\/v2\/pages\/20613"}],"wp:attachment":[{"href":"https:\/\/www.itakaescolapios.org\/fr\/wp-json\/wp\/v2\/media?parent=20710"}],"curies":[{"name":"wp","href":"https:\/\/api.w.org\/{rel}","templated":true}]}}