{"id":208,"date":"2012-05-31T17:46:10","date_gmt":"2012-05-31T16:46:10","guid":{"rendered":"https:\/\/www.itakaescolapios.org\/?page_id=208"},"modified":"2023-11-28T12:39:49","modified_gmt":"2023-11-28T11:39:49","slug":"trastevere","status":"publish","type":"page","link":"https:\/\/www.itakaescolapios.org\/fr\/que-faisons-nous\/alfabetizacion-y-apoyo-escolar\/trastevere\/","title":{"rendered":"Trastevere"},"content":{"rendered":"<p style=\"text-align: justify;\" align=\"JUSTIFY\">Trastevere est le nom du quartier marginal \u00e0 Rome o\u00f9 Calasanz a commenc\u00e9 son travail \u00e9ducatif. Nous pensons qu\u00b4il existe beaucoup de \u00ab trasteveres \u00bb encore dans le monde. Il est urgent que nous utilisions notre temps \u00e0 am\u00e9liorer les r\u00e9sultats acad\u00e9miques et l\u2019apprentissage des \u00e9l\u00e8ves qui n\u2019ont pas la possibilit\u00e9 \u00e9conomique de s\u2019inscrire \u00e0 une acad\u00e9mie et qui ont du mal \u00e0 suivre le rythme normal des \u00e9tudes, parce qu\u2019ils n\u2019ont pas les habilit\u00e9s basiques d\u2019apprentissage.<\/p>\n<p style=\"text-align: justify;\" align=\"JUSTIFY\">Actuellement, le soutien scolaire Trastevere est r\u00e9alis\u00e9 dans les salles des \u00e9coles \u00e0 Tafalla\u00a0et Logro\u00f1o\u00a0.<\/p>\n<p style=\"text-align: justify;\" align=\"JUSTIFY\">La r\u00e9ponse que nous voulons donner chez Trastevere est l\u2019\u00e9ducation int\u00e9grale et globale qui r\u00e9pond aux besoins des \u00e9l\u00e8ves. Pour cela, plus qu\u00b4un simple r\u00e9sultat acad\u00e9mique, nous faisons l\u00b4effort d\u00b4\u00eatre une r\u00e9f\u00e9rence dans la vie des \u00e9l\u00e8ves et les \u00e9duquer \u00e0 \u00eatre autonomes et ind\u00e9pendants.<\/p>\n","protected":false},"excerpt":{"rendered":"<p>Trastevere est le nom du quartier marginal \u00e0 Rome o\u00f9 Calasanz a commenc\u00e9 son travail \u00e9ducatif. Nous pensons qu\u00b4il existe beaucoup de \u00ab trasteveres \u00bb encore dans le monde. Il [&hellip;]<\/p>\n","protected":false},"author":1,"featured_media":13292,"parent":78,"menu_order":5,"comment_status":"closed","ping_status":"closed","template":"","meta":{"_et_pb_use_builder":"","_et_pb_old_content":"","_et_gb_content_width":"","footnotes":""},"class_list":["post-208","page","type-page","status-publish","has-post-thumbnail","hentry"],"yoast_head":"<!-- This site is optimized with the Yoast SEO plugin v27.3 - https:\/\/yoast.com\/product\/yoast-seo-wordpress\/ -->\n<title>Trastevere - Itaka-Escolapios<\/title>\n<meta name=\"description\" content=\"Trastevere est le nom du quartier marginal \u00e0 Rome o\u00f9 Calasanz a commenc\u00e9 son travail \u00e9ducatif. Nous pensons qu\u00b4il existe beaucoup de \u00ab trasteveres \u00bb encore dans le monde. Il est urgent que nous utilisions notre temps \u00e0 am\u00e9liorer les r\u00e9sultats acad\u00e9miques et l\u2019apprentissage des \u00e9l\u00e8ves qui n\u2019ont pas la possibilit\u00e9 \u00e9conomique de s\u2019inscrire \u00e0\u2026\" \/>\n<meta name=\"robots\" content=\"index, follow, max-snippet:-1, max-image-preview:large, max-video-preview:-1\" \/>\n<link rel=\"canonical\" href=\"http:\/\/Trastevere%20est%20le%20nom%20du%20quartier%20marginal%20\u00e0%20Rome%20o\u00f9%20Calasanz%20a%20commenc\u00e9%20son%20travail%20\u00e9ducatif.%20Nous%20pensons%20qu\u00b4il%20existe%20beaucoup%20de%20\u00ab%20trasteveres%20\u00bb%20encore%20dans%20le%20monde.%20Il%20est%20urgent%20que%20nous%20utilisions%20notre%20temps%20\u00e0%20am\u00e9liorer%20les%20r\u00e9sultats%20acad\u00e9miques%20et%20l\u2019apprentissage%20des%20\u00e9l\u00e8ves%20qui%20n\u2019ont%20pas%20la%20possibilit\u00e9%20\u00e9conomique%20de%20s\u2019inscrire%20\u00e0\u2026\" \/>\n<meta property=\"og:locale\" content=\"fr_FR\" \/>\n<meta property=\"og:type\" content=\"article\" \/>\n<meta property=\"og:title\" content=\"Trastevere - Itaka-Escolapios\" \/>\n<meta property=\"og:description\" content=\"Trastevere est le nom du quartier marginal \u00e0 Rome o\u00f9 Calasanz a commenc\u00e9 son travail \u00e9ducatif. Nous pensons qu\u00b4il existe beaucoup de \u00ab trasteveres \u00bb encore dans le monde. Il est urgent que nous utilisions notre temps \u00e0 am\u00e9liorer les r\u00e9sultats acad\u00e9miques et l\u2019apprentissage des \u00e9l\u00e8ves qui n\u2019ont pas la possibilit\u00e9 \u00e9conomique de s\u2019inscrire \u00e0\u2026\" \/>\n<meta property=\"og:url\" content=\"https:\/\/www.itakaescolapios.org\/fr\/que-faisons-nous\/alfabetizacion-y-apoyo-escolar\/trastevere\/\" \/>\n<meta property=\"og:site_name\" content=\"Itaka-Escolapios\" \/>\n<meta property=\"article:modified_time\" content=\"2023-11-28T11:39:49+00:00\" \/>\n<meta property=\"og:image\" content=\"https:\/\/www.itakaescolapios.org\/wp-content\/uploads\/2012\/05\/Trastevere-Logro\u00f1o.jpg\" \/>\n\t<meta property=\"og:image:width\" content=\"1632\" \/>\n\t<meta property=\"og:image:height\" content=\"920\" \/>\n\t<meta property=\"og:image:type\" content=\"image\/jpeg\" \/>\n<meta name=\"twitter:card\" content=\"summary_large_image\" \/>\n<meta name=\"twitter:label1\" content=\"Dur\u00e9e de lecture estim\u00e9e\" \/>\n\t<meta name=\"twitter:data1\" content=\"1 minute\" \/>\n<script type=\"application\/ld+json\" class=\"yoast-schema-graph\">{\"@context\":\"https:\\\/\\\/schema.org\",\"@graph\":[{\"@type\":\"WebPage\",\"@id\":\"https:\\\/\\\/www.itakaescolapios.org\\\/fr\\\/que-faisons-nous\\\/alfabetizacion-y-apoyo-escolar\\\/trastevere\\\/\",\"url\":\"https:\\\/\\\/www.itakaescolapios.org\\\/fr\\\/que-faisons-nous\\\/alfabetizacion-y-apoyo-escolar\\\/trastevere\\\/\",\"name\":\"Trastevere - Itaka-Escolapios\",\"isPartOf\":{\"@id\":\"https:\\\/\\\/www.itakaescolapios.org\\\/es\\\/#website\"},\"primaryImageOfPage\":{\"@id\":\"https:\\\/\\\/www.itakaescolapios.org\\\/fr\\\/que-faisons-nous\\\/alfabetizacion-y-apoyo-escolar\\\/trastevere\\\/#primaryimage\"},\"image\":{\"@id\":\"https:\\\/\\\/www.itakaescolapios.org\\\/fr\\\/que-faisons-nous\\\/alfabetizacion-y-apoyo-escolar\\\/trastevere\\\/#primaryimage\"},\"thumbnailUrl\":\"https:\\\/\\\/www.itakaescolapios.org\\\/wp-content\\\/uploads\\\/2012\\\/05\\\/Trastevere-Logro\u00f1o.jpg\",\"datePublished\":\"2012-05-31T16:46:10+00:00\",\"dateModified\":\"2023-11-28T11:39:49+00:00\",\"breadcrumb\":{\"@id\":\"https:\\\/\\\/www.itakaescolapios.org\\\/fr\\\/que-faisons-nous\\\/alfabetizacion-y-apoyo-escolar\\\/trastevere\\\/#breadcrumb\"},\"inLanguage\":\"fr-FR\",\"potentialAction\":[{\"@type\":\"ReadAction\",\"target\":[\"https:\\\/\\\/www.itakaescolapios.org\\\/fr\\\/que-faisons-nous\\\/alfabetizacion-y-apoyo-escolar\\\/trastevere\\\/\"]}]},{\"@type\":\"ImageObject\",\"inLanguage\":\"fr-FR\",\"@id\":\"https:\\\/\\\/www.itakaescolapios.org\\\/fr\\\/que-faisons-nous\\\/alfabetizacion-y-apoyo-escolar\\\/trastevere\\\/#primaryimage\",\"url\":\"https:\\\/\\\/www.itakaescolapios.org\\\/wp-content\\\/uploads\\\/2012\\\/05\\\/Trastevere-Logro\u00f1o.jpg\",\"contentUrl\":\"https:\\\/\\\/www.itakaescolapios.org\\\/wp-content\\\/uploads\\\/2012\\\/05\\\/Trastevere-Logro\u00f1o.jpg\",\"width\":1632,\"height\":920},{\"@type\":\"BreadcrumbList\",\"@id\":\"https:\\\/\\\/www.itakaescolapios.org\\\/fr\\\/que-faisons-nous\\\/alfabetizacion-y-apoyo-escolar\\\/trastevere\\\/#breadcrumb\",\"itemListElement\":[{\"@type\":\"ListItem\",\"position\":1,\"name\":\"Itaka-Escolapios\",\"item\":\"https:\\\/\\\/www.itakaescolapios.org\\\/es\\\/\"},{\"@type\":\"ListItem\",\"position\":2,\"name\":\"Que faisons-nous\",\"item\":\"https:\\\/\\\/www.itakaescolapios.org\\\/es\\\/que-hacemos\\\/\"},{\"@type\":\"ListItem\",\"position\":3,\"name\":\"Alphab\u00e9tisation et appui scolaire\",\"item\":\"https:\\\/\\\/www.itakaescolapios.org\\\/es\\\/que-hacemos\\\/alfabetizacion-y-apoyo-escolar\\\/\"},{\"@type\":\"ListItem\",\"position\":4,\"name\":\"Trastevere\"}]},{\"@type\":\"WebSite\",\"@id\":\"https:\\\/\\\/www.itakaescolapios.org\\\/fr\\\/es\\\/#website\",\"url\":\"https:\\\/\\\/www.itakaescolapios.org\\\/fr\\\/es\\\/\",\"name\":\"Itaka-Escolapios\",\"description\":\"Red de Itaka-Escolapios\",\"publisher\":{\"@id\":\"https:\\\/\\\/www.itakaescolapios.org\\\/fr\\\/es\\\/#organization\"},\"potentialAction\":[{\"@type\":\"SearchAction\",\"target\":{\"@type\":\"EntryPoint\",\"urlTemplate\":\"https:\\\/\\\/www.itakaescolapios.org\\\/fr\\\/es\\\/?s={search_term_string}\"},\"query-input\":{\"@type\":\"PropertyValueSpecification\",\"valueRequired\":true,\"valueName\":\"search_term_string\"}}],\"inLanguage\":\"fr-FR\"},{\"@type\":\"Organization\",\"@id\":\"https:\\\/\\\/www.itakaescolapios.org\\\/fr\\\/es\\\/#organization\",\"name\":\"Fundaci\u00f3 Itaka-Escolapios\",\"url\":\"https:\\\/\\\/www.itakaescolapios.org\\\/fr\\\/es\\\/\",\"logo\":{\"@type\":\"ImageObject\",\"inLanguage\":\"fr-FR\",\"@id\":\"https:\\\/\\\/www.itakaescolapios.org\\\/fr\\\/es\\\/#\\\/schema\\\/logo\\\/image\\\/\",\"url\":\"https:\\\/\\\/www.itakaescolapios.org\\\/wp-content\\\/uploads\\\/2024\\\/04\\\/Logo-itakaescolapios-peque.png\",\"contentUrl\":\"https:\\\/\\\/www.itakaescolapios.org\\\/wp-content\\\/uploads\\\/2024\\\/04\\\/Logo-itakaescolapios-peque.png\",\"width\":500,\"height\":199,\"caption\":\"Fundaci\u00f3 Itaka-Escolapios\"},\"image\":{\"@id\":\"https:\\\/\\\/www.itakaescolapios.org\\\/fr\\\/es\\\/#\\\/schema\\\/logo\\\/image\\\/\"}}]}<\/script>\n<!-- \/ Yoast SEO plugin. -->","yoast_head_json":{"title":"Trastevere - Itaka-Escolapios","description":"Trastevere est le nom du quartier marginal \u00e0 Rome o\u00f9 Calasanz a commenc\u00e9 son travail \u00e9ducatif. Nous pensons qu\u00b4il existe beaucoup de \u00ab trasteveres \u00bb encore dans le monde. Il est urgent que nous utilisions notre temps \u00e0 am\u00e9liorer les r\u00e9sultats acad\u00e9miques et l\u2019apprentissage des \u00e9l\u00e8ves qui n\u2019ont pas la possibilit\u00e9 \u00e9conomique de s\u2019inscrire \u00e0\u2026","robots":{"index":"index","follow":"follow","max-snippet":"max-snippet:-1","max-image-preview":"max-image-preview:large","max-video-preview":"max-video-preview:-1"},"canonical":"Trastevere est le nom du quartier marginal \u00e0 Rome o\u00f9 Calasanz a commenc\u00e9 son travail \u00e9ducatif. Nous pensons qu\u00b4il existe beaucoup de \u00ab trasteveres \u00bb encore dans le monde. Il est urgent que nous utilisions notre temps \u00e0 am\u00e9liorer les r\u00e9sultats acad\u00e9miques et l\u2019apprentissage des \u00e9l\u00e8ves qui n\u2019ont pas la possibilit\u00e9 \u00e9conomique de s\u2019inscrire \u00e0\u2026","og_locale":"fr_FR","og_type":"article","og_title":"Trastevere - Itaka-Escolapios","og_description":"Trastevere est le nom du quartier marginal \u00e0 Rome o\u00f9 Calasanz a commenc\u00e9 son travail \u00e9ducatif. Nous pensons qu\u00b4il existe beaucoup de \u00ab trasteveres \u00bb encore dans le monde. Il est urgent que nous utilisions notre temps \u00e0 am\u00e9liorer les r\u00e9sultats acad\u00e9miques et l\u2019apprentissage des \u00e9l\u00e8ves qui n\u2019ont pas la possibilit\u00e9 \u00e9conomique de s\u2019inscrire \u00e0\u2026","og_url":"https:\/\/www.itakaescolapios.org\/fr\/que-faisons-nous\/alfabetizacion-y-apoyo-escolar\/trastevere\/","og_site_name":"Itaka-Escolapios","article_modified_time":"2023-11-28T11:39:49+00:00","og_image":[{"width":1632,"height":920,"url":"https:\/\/www.itakaescolapios.org\/wp-content\/uploads\/2012\/05\/Trastevere-Logro\u00f1o.jpg","type":"image\/jpeg"}],"twitter_card":"summary_large_image","twitter_misc":{"Dur\u00e9e de lecture estim\u00e9e":"1 minute"},"schema":{"@context":"https:\/\/schema.org","@graph":[{"@type":"WebPage","@id":"https:\/\/www.itakaescolapios.org\/fr\/que-faisons-nous\/alfabetizacion-y-apoyo-escolar\/trastevere\/","url":"https:\/\/www.itakaescolapios.org\/fr\/que-faisons-nous\/alfabetizacion-y-apoyo-escolar\/trastevere\/","name":"Trastevere - Itaka-Escolapios","isPartOf":{"@id":"https:\/\/www.itakaescolapios.org\/es\/#website"},"primaryImageOfPage":{"@id":"https:\/\/www.itakaescolapios.org\/fr\/que-faisons-nous\/alfabetizacion-y-apoyo-escolar\/trastevere\/#primaryimage"},"image":{"@id":"https:\/\/www.itakaescolapios.org\/fr\/que-faisons-nous\/alfabetizacion-y-apoyo-escolar\/trastevere\/#primaryimage"},"thumbnailUrl":"https:\/\/www.itakaescolapios.org\/wp-content\/uploads\/2012\/05\/Trastevere-Logro\u00f1o.jpg","datePublished":"2012-05-31T16:46:10+00:00","dateModified":"2023-11-28T11:39:49+00:00","breadcrumb":{"@id":"https:\/\/www.itakaescolapios.org\/fr\/que-faisons-nous\/alfabetizacion-y-apoyo-escolar\/trastevere\/#breadcrumb"},"inLanguage":"fr-FR","potentialAction":[{"@type":"ReadAction","target":["https:\/\/www.itakaescolapios.org\/fr\/que-faisons-nous\/alfabetizacion-y-apoyo-escolar\/trastevere\/"]}]},{"@type":"ImageObject","inLanguage":"fr-FR","@id":"https:\/\/www.itakaescolapios.org\/fr\/que-faisons-nous\/alfabetizacion-y-apoyo-escolar\/trastevere\/#primaryimage","url":"https:\/\/www.itakaescolapios.org\/wp-content\/uploads\/2012\/05\/Trastevere-Logro\u00f1o.jpg","contentUrl":"https:\/\/www.itakaescolapios.org\/wp-content\/uploads\/2012\/05\/Trastevere-Logro\u00f1o.jpg","width":1632,"height":920},{"@type":"BreadcrumbList","@id":"https:\/\/www.itakaescolapios.org\/fr\/que-faisons-nous\/alfabetizacion-y-apoyo-escolar\/trastevere\/#breadcrumb","itemListElement":[{"@type":"ListItem","position":1,"name":"Itaka-Escolapios","item":"https:\/\/www.itakaescolapios.org\/es\/"},{"@type":"ListItem","position":2,"name":"Que faisons-nous","item":"https:\/\/www.itakaescolapios.org\/es\/que-hacemos\/"},{"@type":"ListItem","position":3,"name":"Alphab\u00e9tisation et appui scolaire","item":"https:\/\/www.itakaescolapios.org\/es\/que-hacemos\/alfabetizacion-y-apoyo-escolar\/"},{"@type":"ListItem","position":4,"name":"Trastevere"}]},{"@type":"WebSite","@id":"https:\/\/www.itakaescolapios.org\/fr\/es\/#website","url":"https:\/\/www.itakaescolapios.org\/fr\/es\/","name":"Itaka-Escolapios","description":"Red de Itaka-Escolapios","publisher":{"@id":"https:\/\/www.itakaescolapios.org\/fr\/es\/#organization"},"potentialAction":[{"@type":"SearchAction","target":{"@type":"EntryPoint","urlTemplate":"https:\/\/www.itakaescolapios.org\/fr\/es\/?s={search_term_string}"},"query-input":{"@type":"PropertyValueSpecification","valueRequired":true,"valueName":"search_term_string"}}],"inLanguage":"fr-FR"},{"@type":"Organization","@id":"https:\/\/www.itakaescolapios.org\/fr\/es\/#organization","name":"Fundaci\u00f3 Itaka-Escolapios","url":"https:\/\/www.itakaescolapios.org\/fr\/es\/","logo":{"@type":"ImageObject","inLanguage":"fr-FR","@id":"https:\/\/www.itakaescolapios.org\/fr\/es\/#\/schema\/logo\/image\/","url":"https:\/\/www.itakaescolapios.org\/wp-content\/uploads\/2024\/04\/Logo-itakaescolapios-peque.png","contentUrl":"https:\/\/www.itakaescolapios.org\/wp-content\/uploads\/2024\/04\/Logo-itakaescolapios-peque.png","width":500,"height":199,"caption":"Fundaci\u00f3 Itaka-Escolapios"},"image":{"@id":"https:\/\/www.itakaescolapios.org\/fr\/es\/#\/schema\/logo\/image\/"}}]}},"_links":{"self":[{"href":"https:\/\/www.itakaescolapios.org\/fr\/wp-json\/wp\/v2\/pages\/208","targetHints":{"allow":["GET"]}}],"collection":[{"href":"https:\/\/www.itakaescolapios.org\/fr\/wp-json\/wp\/v2\/pages"}],"about":[{"href":"https:\/\/www.itakaescolapios.org\/fr\/wp-json\/wp\/v2\/types\/page"}],"author":[{"embeddable":true,"href":"https:\/\/www.itakaescolapios.org\/fr\/wp-json\/wp\/v2\/users\/1"}],"replies":[{"embeddable":true,"href":"https:\/\/www.itakaescolapios.org\/fr\/wp-json\/wp\/v2\/comments?post=208"}],"version-history":[{"count":19,"href":"https:\/\/www.itakaescolapios.org\/fr\/wp-json\/wp\/v2\/pages\/208\/revisions"}],"predecessor-version":[{"id":50315,"href":"https:\/\/www.itakaescolapios.org\/fr\/wp-json\/wp\/v2\/pages\/208\/revisions\/50315"}],"up":[{"embeddable":true,"href":"https:\/\/www.itakaescolapios.org\/fr\/wp-json\/wp\/v2\/pages\/78"}],"wp:featuredmedia":[{"embeddable":true,"href":"https:\/\/www.itakaescolapios.org\/fr\/wp-json\/wp\/v2\/media\/13292"}],"wp:attachment":[{"href":"https:\/\/www.itakaescolapios.org\/fr\/wp-json\/wp\/v2\/media?parent=208"}],"curies":[{"name":"wp","href":"https:\/\/api.w.org\/{rel}","templated":true}]}}