{"id":21041,"date":"2017-11-14T17:57:19","date_gmt":"2017-11-14T16:57:19","guid":{"rendered":"https:\/\/www.itakaescolapios.org\/?page_id=21041"},"modified":"2023-11-28T12:37:46","modified_gmt":"2023-11-28T11:37:46","slug":"internado-de-sokone-senegal","status":"publish","type":"page","link":"https:\/\/www.itakaescolapios.org\/fr\/que-faisons-nous\/internados\/internado-de-sokone-senegal\/","title":{"rendered":"INTERNAT DE SOKONE (S\u00c9N\u00c9GAL)"},"content":{"rendered":"<p>L\u2019internat de Sokone est l\u2019oeuvre d\u2019une r\u00e9ponse aux difficult\u00e9s \u00e9ducatives que certains parents rencontrent dans le milieu rural. Notamment, le probl\u00e8me d\u2019h\u00e9bergement des enfants qui viennent des villages environnants pour \u00e9tudier. Il faut signaler \u00e9galement que beaucoup de parents d\u2019ailleurs, hors de la regi\u00f3n, y envoient leurs enfants pour \u00e9tudier, \u00e0 cause des bons r\u00e9sultats qui se r\u00e9alisaient au niveau du Lyc\u00e9e Public et des Ecoles Priv\u00e9es. Le d\u00e9fi majeur de l\u2019internat est d\u2019aider les parents dans leur mission \u00e9ducative. Puisque l\u2019internat offre ce climat, les internes y gagnent beaucoup en valeurs: la solidarit\u00e9, la fraternit\u00e9, le respect de l\u2019autre, la cohabitation, la tol\u00e9rance religieuse, l\u2019interculturalit\u00e9, le sacrifice scolaire, l\u2019esprit du groupe,\u2026 Ils y sortent avec un plus qui va leur permettre de se battre au niveau acad\u00e9mique et social pour r\u00e9ussir dans la vie professionnelle, voire sociale. A cause de sa mixit\u00e9, l\u2019internat de Sokone, subdivis\u00e9 en deux grands b\u00e2timents, offre un cadre propice pour \u00e9panouir les enfants \u00e0 tous les niveaux et r\u00e9pondre aux besoins de la population rurale. Tout ce travail abattu par les P\u00e8res Piaristes est une r\u00e9ponse \u00e0 sa vocation premi\u00e8re d\u2019\u00e9vang\u00e9liser en \u00e9duquant les enfants et les jeunes, surtout les plus pauvres, \u00e0 travers son bin\u00f4me: Pi\u00e9t\u00e9 et Lettres. Les parents se sentent \u00e9pauler dans leur t\u00e2che \u00e0 travers ce soutien que leur apportent les P\u00e8res Piaristes. Cette ann\u00e9e scolaire 2016-2017 cet internat mixte a encadr\u00e9 86 internes dont 41 filles et 45 gar\u00e7ons.<\/p>\n","protected":false},"excerpt":{"rendered":"<p>L\u2019internat de Sokone est l\u2019oeuvre d\u2019une r\u00e9ponse aux difficult\u00e9s \u00e9ducatives que certains parents rencontrent dans le milieu rural. Notamment, le probl\u00e8me d\u2019h\u00e9bergement des enfants qui viennent des villages environnants pour [&hellip;]<\/p>\n","protected":false},"author":46,"featured_media":21042,"parent":93,"menu_order":7,"comment_status":"closed","ping_status":"closed","template":"","meta":{"_et_pb_use_builder":"","_et_pb_old_content":"","_et_gb_content_width":"","footnotes":""},"class_list":["post-21041","page","type-page","status-publish","has-post-thumbnail","hentry"],"yoast_head":"<!-- This site is optimized with the Yoast SEO plugin v27.3 - https:\/\/yoast.com\/product\/yoast-seo-wordpress\/ -->\n<title>INTERNAT DE SOKONE (S\u00c9N\u00c9GAL)<\/title>\n<meta name=\"description\" content=\"L\u2019internat de Sokone est l\u2019oeuvre d\u2019une r\u00e9ponse aux difficult\u00e9s \u00e9ducatives que certains parents rencontrent dans le milieu rural. Notamment, le probl\u00e8me d\u2019h\u00e9bergement des enfants qui viennent des villages environnants pour \u00e9tudier. Il faut signaler \u00e9galement que beaucoup de parents d\u2019ailleurs, hors de la regi\u00f3n, y envoient leurs enfants pour \u00e9tudier, \u00e0 cause des bons r\u00e9sultats\u2026\" \/>\n<meta name=\"robots\" content=\"index, follow, max-snippet:-1, max-image-preview:large, max-video-preview:-1\" \/>\n<link rel=\"canonical\" href=\"http:\/\/L\u2019internat%20de%20Sokone%20est%20l\u2019oeuvre%20d\u2019une%20r\u00e9ponse%20aux%20difficult\u00e9s%20\u00e9ducatives%20que%20certains%20parents%20rencontrent%20dans%20le%20milieu%20rural.%20Notamment,%20le%20probl\u00e8me%20d\u2019h\u00e9bergement%20des%20enfants%20qui%20viennent%20des%20villages%20environnants%20pour%20\u00e9tudier.%20Il%20faut%20signaler%20\u00e9galement%20que%20beaucoup%20de%20parents%20d\u2019ailleurs,%20hors%20de%20la%20regi\u00f3n,%20y%20envoient%20leurs%20enfants%20pour%20\u00e9tudier,%20\u00e0%20cause%20des%20bons%20r\u00e9sultats\u2026\" \/>\n<meta property=\"og:locale\" content=\"fr_FR\" \/>\n<meta property=\"og:type\" content=\"article\" \/>\n<meta property=\"og:title\" content=\"INTERNAT DE SOKONE (S\u00c9N\u00c9GAL)\" \/>\n<meta property=\"og:description\" content=\"L\u2019internat de Sokone est l\u2019oeuvre d\u2019une r\u00e9ponse aux difficult\u00e9s \u00e9ducatives que certains parents rencontrent dans le milieu rural. Notamment, le probl\u00e8me d\u2019h\u00e9bergement des enfants qui viennent des villages environnants pour \u00e9tudier. Il faut signaler \u00e9galement que beaucoup de parents d\u2019ailleurs, hors de la regi\u00f3n, y envoient leurs enfants pour \u00e9tudier, \u00e0 cause des bons r\u00e9sultats\u2026\" \/>\n<meta property=\"og:url\" content=\"https:\/\/www.itakaescolapios.org\/fr\/que-faisons-nous\/internados\/internado-de-sokone-senegal\/\" \/>\n<meta property=\"og:site_name\" content=\"Itaka-Escolapios\" \/>\n<meta property=\"article:modified_time\" content=\"2023-11-28T11:37:46+00:00\" \/>\n<meta property=\"og:image\" content=\"https:\/\/www.itakaescolapios.org\/wp-content\/uploads\/2017\/11\/Internat-de-Sokone-1.jpg\" \/>\n\t<meta property=\"og:image:width\" content=\"1040\" \/>\n\t<meta property=\"og:image:height\" content=\"780\" \/>\n\t<meta property=\"og:image:type\" content=\"image\/jpeg\" \/>\n<meta name=\"twitter:card\" content=\"summary_large_image\" \/>\n<meta name=\"twitter:label1\" content=\"Dur\u00e9e de lecture estim\u00e9e\" \/>\n\t<meta name=\"twitter:data1\" content=\"1 minute\" \/>\n<script type=\"application\/ld+json\" class=\"yoast-schema-graph\">{\"@context\":\"https:\\\/\\\/schema.org\",\"@graph\":[{\"@type\":\"WebPage\",\"@id\":\"https:\\\/\\\/www.itakaescolapios.org\\\/fr\\\/que-faisons-nous\\\/internados\\\/internado-de-sokone-senegal\\\/\",\"url\":\"https:\\\/\\\/www.itakaescolapios.org\\\/fr\\\/que-faisons-nous\\\/internados\\\/internado-de-sokone-senegal\\\/\",\"name\":\"INTERNADO DE SOKONE (SENEGAL) - Itaka-Escolapios\",\"isPartOf\":{\"@id\":\"https:\\\/\\\/www.itakaescolapios.org\\\/es\\\/#website\"},\"primaryImageOfPage\":{\"@id\":\"https:\\\/\\\/www.itakaescolapios.org\\\/fr\\\/que-faisons-nous\\\/internados\\\/internado-de-sokone-senegal\\\/#primaryimage\"},\"image\":{\"@id\":\"https:\\\/\\\/www.itakaescolapios.org\\\/fr\\\/que-faisons-nous\\\/internados\\\/internado-de-sokone-senegal\\\/#primaryimage\"},\"thumbnailUrl\":\"https:\\\/\\\/www.itakaescolapios.org\\\/wp-content\\\/uploads\\\/2017\\\/11\\\/Internat-de-Sokone-1.jpg\",\"datePublished\":\"2017-11-14T16:57:19+00:00\",\"dateModified\":\"2023-11-28T11:37:46+00:00\",\"breadcrumb\":{\"@id\":\"https:\\\/\\\/www.itakaescolapios.org\\\/fr\\\/que-faisons-nous\\\/internados\\\/internado-de-sokone-senegal\\\/#breadcrumb\"},\"inLanguage\":\"fr-FR\",\"potentialAction\":[{\"@type\":\"ReadAction\",\"target\":[\"https:\\\/\\\/www.itakaescolapios.org\\\/fr\\\/que-faisons-nous\\\/internados\\\/internado-de-sokone-senegal\\\/\"]}]},{\"@type\":\"ImageObject\",\"inLanguage\":\"fr-FR\",\"@id\":\"https:\\\/\\\/www.itakaescolapios.org\\\/fr\\\/que-faisons-nous\\\/internados\\\/internado-de-sokone-senegal\\\/#primaryimage\",\"url\":\"https:\\\/\\\/www.itakaescolapios.org\\\/wp-content\\\/uploads\\\/2017\\\/11\\\/Internat-de-Sokone-1.jpg\",\"contentUrl\":\"https:\\\/\\\/www.itakaescolapios.org\\\/wp-content\\\/uploads\\\/2017\\\/11\\\/Internat-de-Sokone-1.jpg\",\"width\":1040,\"height\":780},{\"@type\":\"BreadcrumbList\",\"@id\":\"https:\\\/\\\/www.itakaescolapios.org\\\/fr\\\/que-faisons-nous\\\/internados\\\/internado-de-sokone-senegal\\\/#breadcrumb\",\"itemListElement\":[{\"@type\":\"ListItem\",\"position\":1,\"name\":\"Itaka-Escolapios\",\"item\":\"https:\\\/\\\/www.itakaescolapios.org\\\/es\\\/\"},{\"@type\":\"ListItem\",\"position\":2,\"name\":\"Que faisons-nous\",\"item\":\"https:\\\/\\\/www.itakaescolapios.org\\\/es\\\/que-hacemos\\\/\"},{\"@type\":\"ListItem\",\"position\":3,\"name\":\"INTERNATS\",\"item\":\"https:\\\/\\\/www.itakaescolapios.org\\\/es\\\/que-hacemos\\\/internados\\\/\"},{\"@type\":\"ListItem\",\"position\":4,\"name\":\"INTERNAT DE SOKONE (S\u00c9N\u00c9GAL)\"}]},{\"@type\":\"WebSite\",\"@id\":\"https:\\\/\\\/www.itakaescolapios.org\\\/fr\\\/es\\\/#website\",\"url\":\"https:\\\/\\\/www.itakaescolapios.org\\\/fr\\\/es\\\/\",\"name\":\"Itaka-Escolapios\",\"description\":\"Red de Itaka-Escolapios\",\"publisher\":{\"@id\":\"https:\\\/\\\/www.itakaescolapios.org\\\/fr\\\/es\\\/#organization\"},\"potentialAction\":[{\"@type\":\"SearchAction\",\"target\":{\"@type\":\"EntryPoint\",\"urlTemplate\":\"https:\\\/\\\/www.itakaescolapios.org\\\/fr\\\/es\\\/?s={search_term_string}\"},\"query-input\":{\"@type\":\"PropertyValueSpecification\",\"valueRequired\":true,\"valueName\":\"search_term_string\"}}],\"inLanguage\":\"fr-FR\"},{\"@type\":\"Organization\",\"@id\":\"https:\\\/\\\/www.itakaescolapios.org\\\/fr\\\/es\\\/#organization\",\"name\":\"Fundaci\u00f3 Itaka-Escolapios\",\"url\":\"https:\\\/\\\/www.itakaescolapios.org\\\/fr\\\/es\\\/\",\"logo\":{\"@type\":\"ImageObject\",\"inLanguage\":\"fr-FR\",\"@id\":\"https:\\\/\\\/www.itakaescolapios.org\\\/fr\\\/es\\\/#\\\/schema\\\/logo\\\/image\\\/\",\"url\":\"https:\\\/\\\/www.itakaescolapios.org\\\/wp-content\\\/uploads\\\/2024\\\/04\\\/Logo-itakaescolapios-peque.png\",\"contentUrl\":\"https:\\\/\\\/www.itakaescolapios.org\\\/wp-content\\\/uploads\\\/2024\\\/04\\\/Logo-itakaescolapios-peque.png\",\"width\":500,\"height\":199,\"caption\":\"Fundaci\u00f3 Itaka-Escolapios\"},\"image\":{\"@id\":\"https:\\\/\\\/www.itakaescolapios.org\\\/fr\\\/es\\\/#\\\/schema\\\/logo\\\/image\\\/\"}}]}<\/script>\n<!-- \/ Yoast SEO plugin. -->","yoast_head_json":{"title":"INTERNAT DE SOKONE (S\u00c9N\u00c9GAL)","description":"L\u2019internat de Sokone est l\u2019oeuvre d\u2019une r\u00e9ponse aux difficult\u00e9s \u00e9ducatives que certains parents rencontrent dans le milieu rural. Notamment, le probl\u00e8me d\u2019h\u00e9bergement des enfants qui viennent des villages environnants pour \u00e9tudier. Il faut signaler \u00e9galement que beaucoup de parents d\u2019ailleurs, hors de la regi\u00f3n, y envoient leurs enfants pour \u00e9tudier, \u00e0 cause des bons r\u00e9sultats\u2026","robots":{"index":"index","follow":"follow","max-snippet":"max-snippet:-1","max-image-preview":"max-image-preview:large","max-video-preview":"max-video-preview:-1"},"canonical":"L\u2019internat de Sokone est l\u2019oeuvre d\u2019une r\u00e9ponse aux difficult\u00e9s \u00e9ducatives que certains parents rencontrent dans le milieu rural. Notamment, le probl\u00e8me d\u2019h\u00e9bergement des enfants qui viennent des villages environnants pour \u00e9tudier. Il faut signaler \u00e9galement que beaucoup de parents d\u2019ailleurs, hors de la regi\u00f3n, y envoient leurs enfants pour \u00e9tudier, \u00e0 cause des bons r\u00e9sultats\u2026","og_locale":"fr_FR","og_type":"article","og_title":"INTERNAT DE SOKONE (S\u00c9N\u00c9GAL)","og_description":"L\u2019internat de Sokone est l\u2019oeuvre d\u2019une r\u00e9ponse aux difficult\u00e9s \u00e9ducatives que certains parents rencontrent dans le milieu rural. Notamment, le probl\u00e8me d\u2019h\u00e9bergement des enfants qui viennent des villages environnants pour \u00e9tudier. Il faut signaler \u00e9galement que beaucoup de parents d\u2019ailleurs, hors de la regi\u00f3n, y envoient leurs enfants pour \u00e9tudier, \u00e0 cause des bons r\u00e9sultats\u2026","og_url":"https:\/\/www.itakaescolapios.org\/fr\/que-faisons-nous\/internados\/internado-de-sokone-senegal\/","og_site_name":"Itaka-Escolapios","article_modified_time":"2023-11-28T11:37:46+00:00","og_image":[{"width":1040,"height":780,"url":"https:\/\/www.itakaescolapios.org\/wp-content\/uploads\/2017\/11\/Internat-de-Sokone-1.jpg","type":"image\/jpeg"}],"twitter_card":"summary_large_image","twitter_misc":{"Dur\u00e9e de lecture estim\u00e9e":"1 minute"},"schema":{"@context":"https:\/\/schema.org","@graph":[{"@type":"WebPage","@id":"https:\/\/www.itakaescolapios.org\/fr\/que-faisons-nous\/internados\/internado-de-sokone-senegal\/","url":"https:\/\/www.itakaescolapios.org\/fr\/que-faisons-nous\/internados\/internado-de-sokone-senegal\/","name":"INTERNADO DE SOKONE (SENEGAL) - Itaka-Escolapios","isPartOf":{"@id":"https:\/\/www.itakaescolapios.org\/es\/#website"},"primaryImageOfPage":{"@id":"https:\/\/www.itakaescolapios.org\/fr\/que-faisons-nous\/internados\/internado-de-sokone-senegal\/#primaryimage"},"image":{"@id":"https:\/\/www.itakaescolapios.org\/fr\/que-faisons-nous\/internados\/internado-de-sokone-senegal\/#primaryimage"},"thumbnailUrl":"https:\/\/www.itakaescolapios.org\/wp-content\/uploads\/2017\/11\/Internat-de-Sokone-1.jpg","datePublished":"2017-11-14T16:57:19+00:00","dateModified":"2023-11-28T11:37:46+00:00","breadcrumb":{"@id":"https:\/\/www.itakaescolapios.org\/fr\/que-faisons-nous\/internados\/internado-de-sokone-senegal\/#breadcrumb"},"inLanguage":"fr-FR","potentialAction":[{"@type":"ReadAction","target":["https:\/\/www.itakaescolapios.org\/fr\/que-faisons-nous\/internados\/internado-de-sokone-senegal\/"]}]},{"@type":"ImageObject","inLanguage":"fr-FR","@id":"https:\/\/www.itakaescolapios.org\/fr\/que-faisons-nous\/internados\/internado-de-sokone-senegal\/#primaryimage","url":"https:\/\/www.itakaescolapios.org\/wp-content\/uploads\/2017\/11\/Internat-de-Sokone-1.jpg","contentUrl":"https:\/\/www.itakaescolapios.org\/wp-content\/uploads\/2017\/11\/Internat-de-Sokone-1.jpg","width":1040,"height":780},{"@type":"BreadcrumbList","@id":"https:\/\/www.itakaescolapios.org\/fr\/que-faisons-nous\/internados\/internado-de-sokone-senegal\/#breadcrumb","itemListElement":[{"@type":"ListItem","position":1,"name":"Itaka-Escolapios","item":"https:\/\/www.itakaescolapios.org\/es\/"},{"@type":"ListItem","position":2,"name":"Que faisons-nous","item":"https:\/\/www.itakaescolapios.org\/es\/que-hacemos\/"},{"@type":"ListItem","position":3,"name":"INTERNATS","item":"https:\/\/www.itakaescolapios.org\/es\/que-hacemos\/internados\/"},{"@type":"ListItem","position":4,"name":"INTERNAT DE SOKONE (S\u00c9N\u00c9GAL)"}]},{"@type":"WebSite","@id":"https:\/\/www.itakaescolapios.org\/fr\/es\/#website","url":"https:\/\/www.itakaescolapios.org\/fr\/es\/","name":"Itaka-Escolapios","description":"Red de Itaka-Escolapios","publisher":{"@id":"https:\/\/www.itakaescolapios.org\/fr\/es\/#organization"},"potentialAction":[{"@type":"SearchAction","target":{"@type":"EntryPoint","urlTemplate":"https:\/\/www.itakaescolapios.org\/fr\/es\/?s={search_term_string}"},"query-input":{"@type":"PropertyValueSpecification","valueRequired":true,"valueName":"search_term_string"}}],"inLanguage":"fr-FR"},{"@type":"Organization","@id":"https:\/\/www.itakaescolapios.org\/fr\/es\/#organization","name":"Fundaci\u00f3 Itaka-Escolapios","url":"https:\/\/www.itakaescolapios.org\/fr\/es\/","logo":{"@type":"ImageObject","inLanguage":"fr-FR","@id":"https:\/\/www.itakaescolapios.org\/fr\/es\/#\/schema\/logo\/image\/","url":"https:\/\/www.itakaescolapios.org\/wp-content\/uploads\/2024\/04\/Logo-itakaescolapios-peque.png","contentUrl":"https:\/\/www.itakaescolapios.org\/wp-content\/uploads\/2024\/04\/Logo-itakaescolapios-peque.png","width":500,"height":199,"caption":"Fundaci\u00f3 Itaka-Escolapios"},"image":{"@id":"https:\/\/www.itakaescolapios.org\/fr\/es\/#\/schema\/logo\/image\/"}}]}},"_links":{"self":[{"href":"https:\/\/www.itakaescolapios.org\/fr\/wp-json\/wp\/v2\/pages\/21041","targetHints":{"allow":["GET"]}}],"collection":[{"href":"https:\/\/www.itakaescolapios.org\/fr\/wp-json\/wp\/v2\/pages"}],"about":[{"href":"https:\/\/www.itakaescolapios.org\/fr\/wp-json\/wp\/v2\/types\/page"}],"author":[{"embeddable":true,"href":"https:\/\/www.itakaescolapios.org\/fr\/wp-json\/wp\/v2\/users\/46"}],"replies":[{"embeddable":true,"href":"https:\/\/www.itakaescolapios.org\/fr\/wp-json\/wp\/v2\/comments?post=21041"}],"version-history":[{"count":3,"href":"https:\/\/www.itakaescolapios.org\/fr\/wp-json\/wp\/v2\/pages\/21041\/revisions"}],"predecessor-version":[{"id":47262,"href":"https:\/\/www.itakaescolapios.org\/fr\/wp-json\/wp\/v2\/pages\/21041\/revisions\/47262"}],"up":[{"embeddable":true,"href":"https:\/\/www.itakaescolapios.org\/fr\/wp-json\/wp\/v2\/pages\/93"}],"wp:featuredmedia":[{"embeddable":true,"href":"https:\/\/www.itakaescolapios.org\/fr\/wp-json\/wp\/v2\/media\/21042"}],"wp:attachment":[{"href":"https:\/\/www.itakaescolapios.org\/fr\/wp-json\/wp\/v2\/media?parent=21041"}],"curies":[{"name":"wp","href":"https:\/\/api.w.org\/{rel}","templated":true}]}}