{"id":2225,"date":"2012-07-04T13:02:17","date_gmt":"2012-07-04T12:02:17","guid":{"rendered":"https:\/\/www.itakaescolapios.org\/?page_id=2225"},"modified":"2025-03-07T13:07:24","modified_gmt":"2025-03-07T12:07:24","slug":"publicaciones","status":"publish","type":"page","link":"https:\/\/www.itakaescolapios.org\/fr\/publicaciones\/","title":{"rendered":"Publications"},"content":{"rendered":"<p>[et_pb_section fb_built=\u00a0\u00bb1&Prime; _builder_version=\u00a0\u00bb4.27.4&Prime; _module_preset=\u00a0\u00bbdefault\u00a0\u00bb da_disable_devices=\u00a0\u00bboff|off|off\u00a0\u00bb global_colors_info=\u00a0\u00bb{}\u00a0\u00bb da_is_popup=\u00a0\u00bboff\u00a0\u00bb da_exit_intent=\u00a0\u00bboff\u00a0\u00bb da_has_close=\u00a0\u00bbon\u00a0\u00bb da_alt_close=\u00a0\u00bboff\u00a0\u00bb da_dark_close=\u00a0\u00bboff\u00a0\u00bb da_not_modal=\u00a0\u00bbon\u00a0\u00bb da_is_singular=\u00a0\u00bboff\u00a0\u00bb da_with_loader=\u00a0\u00bboff\u00a0\u00bb da_has_shadow=\u00a0\u00bbon\u00a0\u00bb][et_pb_row _builder_version=\u00a0\u00bb4.27.4&Prime; _module_preset=\u00a0\u00bbdefault\u00a0\u00bb max_width=\u00a0\u00bb3333px\u00a0\u00bb module_alignment=\u00a0\u00bbcenter\u00a0\u00bb global_colors_info=\u00a0\u00bb{}\u00a0\u00bb custom_padding=\u00a0\u00bb||0px|||\u00a0\u00bb][et_pb_column type=\u00a0\u00bb4_4&Prime; _builder_version=\u00a0\u00bb4.27.4&Prime; _module_preset=\u00a0\u00bbdefault\u00a0\u00bb global_colors_info=\u00a0\u00bb{}\u00a0\u00bb][et_pb_text admin_label=\u00a0\u00bbNOMBRE DE PROGRAMA\u00a0\u00bb _builder_version=\u00a0\u00bb4.27.4&Prime; _module_preset=\u00a0\u00bbdefault\u00a0\u00bb header_font=\u00a0\u00bbTitulo Itaka-Escolapios|700|||||||\u00a0\u00bb header_text_color=\u00a0\u00bbgcid-cca90ba6-297c-4d63-9e2c-8201011ef870&Prime; header_font_size=\u00a0\u00bb55px\u00a0\u00bb custom_margin=\u00a0\u00bb||20px||false|false\u00a0\u00bb custom_margin_tablet=\u00a0\u00bb||20px||false|false\u00a0\u00bb custom_margin_phone=\u00a0\u00bb||20px||false|false\u00a0\u00bb custom_margin_last_edited=\u00a0\u00bbon|desktop\u00a0\u00bb header_font_size_tablet=\u00a0\u00bb55px\u00a0\u00bb header_font_size_phone=\u00a0\u00bb45px\u00a0\u00bb header_font_size_last_edited=\u00a0\u00bbon|phone\u00a0\u00bb content_en_us=\u00a0\u00bb<\/p>\n<h1>Publications<\/h1>\n<p>\u00a0\u00bb content_fr_fr=\u00a0\u00bb<\/p>\n<h1>Publications<\/h1>\n<p>\u00a0\u00bb content_eu=\u00a0\u00bb<\/p>\n<h1>Argitalpenak<\/h1>\n<p>\u00a0\u00bb content_ca=\u00a0\u00bb<\/p>\n<h1>Publicacions<\/h1>\n<p>\u00a0\u00bb content_pt_br=\u00a0\u00bb<\/p>\n<h1>Publica\u00e7\u00f5es<\/h1>\n<p>\u00a0\u00bb global_colors_info=\u00a0\u00bb{%22gcid-cca90ba6-297c-4d63-9e2c-8201011ef870%22:%91%22header_text_color%22%93}\u00a0\u00bb]<\/p>\n<h1>Publicaciones<\/h1>\n<p>[\/et_pb_text][\/et_pb_column][\/et_pb_row][et_pb_row column_structure=\u00a0\u00bb1_2,1_2&Prime; make_equal=\u00a0\u00bbon\u00a0\u00bb _builder_version=\u00a0\u00bb4.27.4&Prime; _module_preset=\u00a0\u00bbdefault\u00a0\u00bb global_colors_info=\u00a0\u00bb{}\u00a0\u00bb][et_pb_column type=\u00a0\u00bb1_2&Prime; module_class=\u00a0\u00bbalineavertical\u00a0\u00bb _builder_version=\u00a0\u00bb4.27.4&Prime; _module_preset=\u00a0\u00bbdefault\u00a0\u00bb global_colors_info=\u00a0\u00bb{}\u00a0\u00bb][et_pb_text _builder_version=\u00a0\u00bb4.27.4&Prime; _module_preset=\u00a0\u00bbdefault\u00a0\u00bb text_font=\u00a0\u00bbIBM Plex Sans||||||||\u00a0\u00bb text_font_size=\u00a0\u00bb18px\u00a0\u00bb text_line_height=\u00a0\u00bb1.4em\u00a0\u00bb content_en_us=\u00a0\u00bb<\/p>\n<p><strong>Memoirs, newsletters, local magazines, and other publications<\/strong> that we offer to those interested. Through them, we share information and disseminate the projects and reflections we carry out at Itaka &#8211; Escolapios<\/p>\n<p>\u00a0\u00bb content_fr_fr=\u00a0\u00bb<\/p>\n<p><strong>M\u00e9moires, bulletins d&rsquo;information, magazines locaux et autres publications<\/strong> que nous offrons \u00e0 ceux qui sont int\u00e9ress\u00e9s. \u00c0 travers eux, nous partageons des informations et diffusons les projets et r\u00e9flexions que nous menons \u00e0 Itaka &#8211; Escolapios.<\/p>\n<p>\u00a0\u00bb content_eu=\u00a0\u00bb<\/p>\n<p><strong>Memoriak, informazio-boletinak, tokiko aldizkariak eta beste argitalpen batzuk<\/strong> interesatzen zaien guztiei eskaintzen dizkiegu. Horien bidez, informazioa partekatzen dugu eta Itaka &#8211; Eskolapioetan egiten ditugun proiektuak eta hausnarketak zabaltzen ditugu.<\/p>\n<p>\u00a0\u00bb content_ca=\u00a0\u00bb<\/p>\n<p><strong>Mem\u00f2ries, butlletins informatius, revistes locals i altres publicacions<\/strong> que oferim a qui interessi. Mitjan\u00e7ant elles, transmetem informaci\u00f3 i difondrem els projectes i reflexions que duem a terme a Itaka &#8211; Escolapis.<\/p>\n<p>\u00a0\u00bb content_pt_br=\u00a0\u00bb<\/p>\n<p><strong>Mem\u00f3rias, boletins informativos, revistas locais e outras publica\u00e7\u00f5es<\/strong> que oferecemos a quem se interessar. Por meio delas, transmitimos informa\u00e7\u00f5es e divulgamos os projetos e reflex\u00f5es que realizamos na Itaka &#8211; Escolapios.<\/p>\n<p>\u00a0\u00bb global_colors_info=\u00a0\u00bb{}\u00a0\u00bb]<\/p>\n<p><strong>Memorias, boletines informativos, revistas locales y otras publicaciones<\/strong> que ofrecemos a quien interese, por medio de ellas transmitimos informaci\u00f3n y divulgamos los proyectos y reflexiones que llevamos a cabo en Itaka &#8211; Escolapios<\/p>\n<p>[\/et_pb_text][\/et_pb_column][et_pb_column type=\u00a0\u00bb1_2&Prime; _builder_version=\u00a0\u00bb4.27.4&Prime; _module_preset=\u00a0\u00bbdefault\u00a0\u00bb global_colors_info=\u00a0\u00bb{}\u00a0\u00bb][et_pb_image src=\u00a0\u00bbhttps:\/\/www.itakaescolapios.org\/wp-content\/uploads\/2012\/07\/Publicaciones.jpg\u00a0\u00bb title_text=\u00a0\u00bbPublicaciones\u00a0\u00bb _builder_version=\u00a0\u00bb4.27.4&Prime; _module_preset=\u00a0\u00bbdefault\u00a0\u00bb global_colors_info=\u00a0\u00bb{}\u00a0\u00bb][\/et_pb_image][\/et_pb_column][\/et_pb_row][et_pb_row column_structure=\u00a0\u00bb1_2,1_2&Prime; _builder_version=\u00a0\u00bb4.27.4&Prime; _module_preset=\u00a0\u00bbdefault\u00a0\u00bb global_colors_info=\u00a0\u00bb{}\u00a0\u00bb][et_pb_column type=\u00a0\u00bb1_2&Prime; _builder_version=\u00a0\u00bb4.27.4&Prime; _module_preset=\u00a0\u00bbdefault\u00a0\u00bb global_colors_info=\u00a0\u00bb{}\u00a0\u00bb][difl_advanced_blurb title=\u00a0\u00bbRevistas\u00a0\u00bb badge_background_bgcolor=\u00a0\u00bb#FFFFFF\u00a0\u00bb image=\u00a0\u00bbhttps:\/\/www.itakaescolapios.org\/wp-content\/uploads\/2025\/03\/newspaper.png\u00a0\u00bb content_area_alignment=\u00a0\u00bbcenter\u00a0\u00bb order_enable=\u00a0\u00bbon\u00a0\u00bb image_order=\u00a0\u00bb4&Prime; title_order=\u00a0\u00bb5&Prime; content_order=\u00a0\u00bb6&Prime; image_width=\u00a0\u00bb40%\u00a0\u00bb title_margin=\u00a0\u00bb20px||||false|false\u00a0\u00bb _builder_version=\u00a0\u00bb4.27.4&Prime; _module_preset=\u00a0\u00bbdefault\u00a0\u00bb title_font=\u00a0\u00bbMerriweather|700|||||||\u00a0\u00bb title_text_align=\u00a0\u00bbcenter\u00a0\u00bb title_text_color=\u00a0\u00bbgcid-b1ace166-c11d-4c70-a679-55884e9ca298&Prime; title_font_size=\u00a0\u00bb30px\u00a0\u00bb content_body_font=\u00a0\u00bbIBM Plex Sans||||||||\u00a0\u00bb content_body_text_color=\u00a0\u00bbgcid-cca90ba6-297c-4d63-9e2c-8201011ef870&Prime; content_body_font_size=\u00a0\u00bb24px\u00a0\u00bb transform_scale=\u00a0\u00bb110%|110%\u00a0\u00bb module_alignment=\u00a0\u00bbcenter\u00a0\u00bb link_option_url=\u00a0\u00bb\/publicaciones\/revistas-2\/\u00a0\u00bb custom_css_free_form=\u00a0\u00bbselector .df_ab_blurb_image {text-align: center !important;}\u00a0\u00bb title_en_us=\u00a0\u00bbMagazines\u00a0\u00bb content_en_us=\u00a0\u00bb<\/p>\n<p style=%22text-align: center;%22>Periodic publications from the different headquarters<\/p>\n<p>\u00a0\u00bb title_fr_fr=\u00a0\u00bbRevues\u00a0\u00bb content_fr_fr=\u00a0\u00bb<\/p>\n<p style=%22text-align: center;%22>Publications p\u00e9riodiques des diff\u00e9rents si\u00e8ges<\/p>\n<p>\u00a0\u00bb title_eu=\u00a0\u00bbAldizkariak\u00a0\u00bb content_eu=\u00a0\u00bb<\/p>\n<p style=%22text-align: center;%22>Egoitza desberdinetako argitalpen periodikoak<\/p>\n<p>\u00a0\u00bb title_ca=\u00a0\u00bbRevistes\u00a0\u00bb content_ca=\u00a0\u00bb<\/p>\n<p style=%22text-align: center;%22>Publicacions peri\u00f2diques de les diferents seus<\/p>\n<p>\u00a0\u00bb title_pt_br=\u00a0\u00bbRevistas\u00a0\u00bb content_pt_br=\u00a0\u00bb<\/p>\n<p style=%22text-align: center;%22>Publica\u00e7\u00f5es peri\u00f3dicas das diferentes sedes<\/p>\n<p>\u00a0\u00bb global_colors_info=\u00a0\u00bb{%22gcid-b1ace166-c11d-4c70-a679-55884e9ca298%22:%91%22title_text_color%22,%22badge_icon_color%22,%22title_text_color%22,%22badge_icon_color%22,%22title_text_color%22,%22badge_icon_color%22%93,%22gcid-cca90ba6-297c-4d63-9e2c-8201011ef870%22:%91%22content_body_text_color%22,%22content_body_text_color%22,%22content_body_text_color%22%93}\u00a0\u00bb transform_styles__hover_enabled=\u00a0\u00bbon|desktop\u00a0\u00bb transform_scale__hover_enabled=\u00a0\u00bbon|desktop\u00a0\u00bb transform_translate__hover_enabled=\u00a0\u00bbon|desktop\u00a0\u00bb transform_rotate__hover_enabled=\u00a0\u00bbon|desktop\u00a0\u00bb transform_skew__hover_enabled=\u00a0\u00bbon|desktop\u00a0\u00bb transform_origin__hover_enabled=\u00a0\u00bbon|desktop\u00a0\u00bb filter_hue_rotate__hover_enabled=\u00a0\u00bbon|hover\u00a0\u00bb filter_hue_rotate__hover=\u00a0\u00bb180deg\u00a0\u00bb transform_scale__hover=\u00a0\u00bb110%|110%\u00a0\u00bb]<\/p>\n<p style=\"text-align: center;\">Publicaciones peri\u00f3dicas de las diferentes sedes<\/p>\n<p>[\/difl_advanced_blurb][\/et_pb_column][et_pb_column type=\u00a0\u00bb1_2&Prime; _builder_version=\u00a0\u00bb4.27.4&Prime; _module_preset=\u00a0\u00bbdefault\u00a0\u00bb global_colors_info=\u00a0\u00bb{}\u00a0\u00bb][difl_advanced_blurb title=\u00a0\u00bbDifusi\u00f3n\u00a0\u00bb badge_background_bgcolor=\u00a0\u00bb#FFFFFF\u00a0\u00bb image=\u00a0\u00bbhttps:\/\/www.itakaescolapios.org\/wp-content\/uploads\/2025\/03\/market.png\u00a0\u00bb content_area_alignment=\u00a0\u00bbcenter\u00a0\u00bb order_enable=\u00a0\u00bbon\u00a0\u00bb image_order=\u00a0\u00bb4&Prime; title_order=\u00a0\u00bb5&Prime; content_order=\u00a0\u00bb6&Prime; image_width=\u00a0\u00bb40%\u00a0\u00bb title_margin=\u00a0\u00bb20px||||false|false\u00a0\u00bb _builder_version=\u00a0\u00bb4.27.4&Prime; _module_preset=\u00a0\u00bbdefault\u00a0\u00bb title_font=\u00a0\u00bbMerriweather|700|||||||\u00a0\u00bb title_text_align=\u00a0\u00bbcenter\u00a0\u00bb title_text_color=\u00a0\u00bbgcid-b1ace166-c11d-4c70-a679-55884e9ca298&Prime; title_font_size=\u00a0\u00bb30px\u00a0\u00bb content_body_font=\u00a0\u00bbIBM Plex Sans||||||||\u00a0\u00bb content_body_text_color=\u00a0\u00bbgcid-cca90ba6-297c-4d63-9e2c-8201011ef870&Prime; content_body_font_size=\u00a0\u00bb24px\u00a0\u00bb transform_scale=\u00a0\u00bb110%|110%\u00a0\u00bb module_alignment=\u00a0\u00bbcenter\u00a0\u00bb link_option_url=\u00a0\u00bb\/publicaciones\/materiales-de-difusion-de-itaka-escolapios\/\u00a0\u00bb custom_css_free_form=\u00a0\u00bbselector .df_ab_blurb_image {text-align: center !important;}\u00a0\u00bb title_en_us=\u00a0\u00bbDissemination \u00a0\u00bb content_en_us=\u00a0\u00bb<\/p>\n<p style=%22text-align: center;%22>Different dissemination materials<\/p>\n<p>\u00a0\u00bb title_fr_fr=\u00a0\u00bbDiffusion\u00a0\u00bb content_fr_fr=\u00a0\u00bb<\/p>\n<p style=%22text-align: center;%22>Diff\u00e9rents mat\u00e9riaux de diffusion<\/p>\n<p>\u00a0\u00bb title_eu=\u00a0\u00bbHedabideetakoak\u00a0\u00bb content_eu=\u00a0\u00bb<\/p>\n<p style=%22text-align: center;%22>Hedabideetako material desberdinak<\/p>\n<p>\u00a0\u00bb title_ca=\u00a0\u00bbDifusi\u00f3\u00a0\u00bb content_ca=\u00a0\u00bb<\/p>\n<p style=%22text-align: center;%22>Diferents materials de difusi\u00f3<\/p>\n<p>\u00a0\u00bb title_pt_br=\u00a0\u00bbDivulga\u00e7\u00e3o\u00a0\u00bb content_pt_br=\u00a0\u00bb<\/p>\n<p style=%22text-align: center;%22>Diferentes materiais de divulga\u00e7\u00e3o<\/p>\n<p>\u00a0\u00bb global_colors_info=\u00a0\u00bb{%22gcid-b1ace166-c11d-4c70-a679-55884e9ca298%22:%91%22title_text_color%22,%22badge_icon_color%22,%22title_text_color%22,%22badge_icon_color%22,%22title_text_color%22,%22badge_icon_color%22,%22title_text_color%22,%22badge_icon_color%22,%22title_text_color%22,%22badge_icon_color%22,%22title_text_color%22,%22badge_icon_color%22,%22title_text_color%22,%22badge_icon_color%22,%22title_text_color%22,%22badge_icon_color%22,%22title_text_color%22,%22badge_icon_color%22%93,%22gcid-cca90ba6-297c-4d63-9e2c-8201011ef870%22:%91%22content_body_text_color%22,%22content_body_text_color%22,%22content_body_text_color%22,%22content_body_text_color%22,%22content_body_text_color%22,%22content_body_text_color%22,%22content_body_text_color%22,%22content_body_text_color%22,%22content_body_text_color%22%93}\u00a0\u00bb transform_styles__hover_enabled=\u00a0\u00bbon|desktop\u00a0\u00bb transform_translate__hover_enabled=\u00a0\u00bbon|desktop\u00a0\u00bb transform_rotate__hover_enabled=\u00a0\u00bbon|desktop\u00a0\u00bb transform_skew__hover_enabled=\u00a0\u00bbon|desktop\u00a0\u00bb transform_origin__hover_enabled=\u00a0\u00bbon|desktop\u00a0\u00bb transform_scale__hover_enabled=\u00a0\u00bbon|desktop\u00a0\u00bb filter_hue_rotate__hover=\u00a0\u00bb180deg\u00a0\u00bb filter_hue_rotate__hover_enabled=\u00a0\u00bbon|hover\u00a0\u00bb transform_scale__hover=\u00a0\u00bb110%|110%\u00a0\u00bb]<\/p>\n<p style=\"text-align: center;\">Diferentes materiales de difusi\u00f3n<\/p>\n<p>[\/difl_advanced_blurb][\/et_pb_column][\/et_pb_row][\/et_pb_section]<\/p>\n","protected":false},"excerpt":{"rendered":"<p>Rapports, bulletins d\u2019informations, revues locales et autres publications que nous offrons \u00e0 toute personne int\u00e9ress\u00e9e, \u00e0 travers lesquelles nous transmettons des informations et nous diffusons les projets et les r\u00e9flexions [&hellip;]<\/p>\n","protected":false},"author":1,"featured_media":0,"parent":0,"menu_order":0,"comment_status":"closed","ping_status":"closed","template":"","meta":{"_et_pb_use_builder":"on","_et_pb_old_content":"","_et_gb_content_width":"","footnotes":""},"class_list":["post-2225","page","type-page","status-publish","hentry"],"yoast_head":"<!-- This site is optimized with the Yoast SEO plugin v27.3 - https:\/\/yoast.com\/product\/yoast-seo-wordpress\/ -->\n<title>Publications<\/title>\n<meta name=\"description\" content=\"Rapports, bulletins d\u2019informations, revues locales et autres publications que nous offrons \u00e0 toute personne int\u00e9ress\u00e9e, \u00e0 travers lesquelles nous transmettons des informations et nous diffusons les projets et les r\u00e9flexions que nous mettons en \u0153uvre \u00e0 Itaka\u2013Escolapios.\" \/>\n<meta name=\"robots\" content=\"index, follow, max-snippet:-1, max-image-preview:large, max-video-preview:-1\" \/>\n<link rel=\"canonical\" href=\"http:\/\/Rapports,%20bulletins%20d\u2019informations,%20revues%20locales%20et%20autres%20publications%20que%20nous%20offrons%20\u00e0%20toute%20personne%20int\u00e9ress\u00e9e,%20\u00e0%20travers%20lesquelles%20nous%20transmettons%20des%20informations%20et%20nous%20diffusons%20les%20projets%20et%20les%20r\u00e9flexions%20que%20nous%20mettons%20en%20\u0153uvre%20\u00e0%20Itaka\u2013Escolapios.\" \/>\n<meta property=\"og:locale\" content=\"fr_FR\" \/>\n<meta property=\"og:type\" content=\"article\" \/>\n<meta property=\"og:title\" content=\"Publications\" \/>\n<meta property=\"og:description\" content=\"Rapports, bulletins d\u2019informations, revues locales et autres publications que nous offrons \u00e0 toute personne int\u00e9ress\u00e9e, \u00e0 travers lesquelles nous transmettons des informations et nous diffusons les projets et les r\u00e9flexions que nous mettons en \u0153uvre \u00e0 Itaka\u2013Escolapios.\" \/>\n<meta property=\"og:url\" content=\"https:\/\/www.itakaescolapios.org\/fr\/publicaciones\/\" \/>\n<meta property=\"og:site_name\" content=\"Itaka-Escolapios\" \/>\n<meta property=\"article:modified_time\" content=\"2025-03-07T12:07:24+00:00\" \/>\n<meta name=\"twitter:card\" content=\"summary_large_image\" \/>\n<meta name=\"twitter:label1\" content=\"Dur\u00e9e de lecture estim\u00e9e\" \/>\n\t<meta name=\"twitter:data1\" content=\"6 minutes\" \/>\n<script type=\"application\/ld+json\" class=\"yoast-schema-graph\">{\"@context\":\"https:\\\/\\\/schema.org\",\"@graph\":[{\"@type\":\"WebPage\",\"@id\":\"https:\\\/\\\/www.itakaescolapios.org\\\/fr\\\/publicaciones\\\/\",\"url\":\"https:\\\/\\\/www.itakaescolapios.org\\\/fr\\\/publicaciones\\\/\",\"name\":\"Publicaciones - Itaka-Escolapios\",\"isPartOf\":{\"@id\":\"https:\\\/\\\/www.itakaescolapios.org\\\/es\\\/#website\"},\"datePublished\":\"2012-07-04T12:02:17+00:00\",\"dateModified\":\"2025-03-07T12:07:24+00:00\",\"breadcrumb\":{\"@id\":\"https:\\\/\\\/www.itakaescolapios.org\\\/fr\\\/publicaciones\\\/#breadcrumb\"},\"inLanguage\":\"fr-FR\",\"potentialAction\":[{\"@type\":\"ReadAction\",\"target\":[\"https:\\\/\\\/www.itakaescolapios.org\\\/fr\\\/publicaciones\\\/\"]}]},{\"@type\":\"BreadcrumbList\",\"@id\":\"https:\\\/\\\/www.itakaescolapios.org\\\/fr\\\/publicaciones\\\/#breadcrumb\",\"itemListElement\":[{\"@type\":\"ListItem\",\"position\":1,\"name\":\"Itaka-Escolapios\",\"item\":\"https:\\\/\\\/www.itakaescolapios.org\\\/es\\\/\"},{\"@type\":\"ListItem\",\"position\":2,\"name\":\"Publications\"}]},{\"@type\":\"WebSite\",\"@id\":\"https:\\\/\\\/www.itakaescolapios.org\\\/fr\\\/es\\\/#website\",\"url\":\"https:\\\/\\\/www.itakaescolapios.org\\\/fr\\\/es\\\/\",\"name\":\"Itaka-Escolapios\",\"description\":\"Red de Itaka-Escolapios\",\"publisher\":{\"@id\":\"https:\\\/\\\/www.itakaescolapios.org\\\/fr\\\/es\\\/#organization\"},\"potentialAction\":[{\"@type\":\"SearchAction\",\"target\":{\"@type\":\"EntryPoint\",\"urlTemplate\":\"https:\\\/\\\/www.itakaescolapios.org\\\/fr\\\/es\\\/?s={search_term_string}\"},\"query-input\":{\"@type\":\"PropertyValueSpecification\",\"valueRequired\":true,\"valueName\":\"search_term_string\"}}],\"inLanguage\":\"fr-FR\"},{\"@type\":\"Organization\",\"@id\":\"https:\\\/\\\/www.itakaescolapios.org\\\/fr\\\/es\\\/#organization\",\"name\":\"Fundaci\u00f3 Itaka-Escolapios\",\"url\":\"https:\\\/\\\/www.itakaescolapios.org\\\/fr\\\/es\\\/\",\"logo\":{\"@type\":\"ImageObject\",\"inLanguage\":\"fr-FR\",\"@id\":\"https:\\\/\\\/www.itakaescolapios.org\\\/fr\\\/es\\\/#\\\/schema\\\/logo\\\/image\\\/\",\"url\":\"https:\\\/\\\/www.itakaescolapios.org\\\/wp-content\\\/uploads\\\/2024\\\/04\\\/Logo-itakaescolapios-peque.png\",\"contentUrl\":\"https:\\\/\\\/www.itakaescolapios.org\\\/wp-content\\\/uploads\\\/2024\\\/04\\\/Logo-itakaescolapios-peque.png\",\"width\":500,\"height\":199,\"caption\":\"Fundaci\u00f3 Itaka-Escolapios\"},\"image\":{\"@id\":\"https:\\\/\\\/www.itakaescolapios.org\\\/fr\\\/es\\\/#\\\/schema\\\/logo\\\/image\\\/\"}}]}<\/script>\n<!-- \/ Yoast SEO plugin. -->","yoast_head_json":{"title":"Publications","description":"Rapports, bulletins d\u2019informations, revues locales et autres publications que nous offrons \u00e0 toute personne int\u00e9ress\u00e9e, \u00e0 travers lesquelles nous transmettons des informations et nous diffusons les projets et les r\u00e9flexions que nous mettons en \u0153uvre \u00e0 Itaka\u2013Escolapios.","robots":{"index":"index","follow":"follow","max-snippet":"max-snippet:-1","max-image-preview":"max-image-preview:large","max-video-preview":"max-video-preview:-1"},"canonical":"Rapports, bulletins d\u2019informations, revues locales et autres publications que nous offrons \u00e0 toute personne int\u00e9ress\u00e9e, \u00e0 travers lesquelles nous transmettons des informations et nous diffusons les projets et les r\u00e9flexions que nous mettons en \u0153uvre \u00e0 Itaka\u2013Escolapios.","og_locale":"fr_FR","og_type":"article","og_title":"Publications","og_description":"Rapports, bulletins d\u2019informations, revues locales et autres publications que nous offrons \u00e0 toute personne int\u00e9ress\u00e9e, \u00e0 travers lesquelles nous transmettons des informations et nous diffusons les projets et les r\u00e9flexions que nous mettons en \u0153uvre \u00e0 Itaka\u2013Escolapios.","og_url":"https:\/\/www.itakaescolapios.org\/fr\/publicaciones\/","og_site_name":"Itaka-Escolapios","article_modified_time":"2025-03-07T12:07:24+00:00","twitter_card":"summary_large_image","twitter_misc":{"Dur\u00e9e de lecture estim\u00e9e":"6 minutes"},"schema":{"@context":"https:\/\/schema.org","@graph":[{"@type":"WebPage","@id":"https:\/\/www.itakaescolapios.org\/fr\/publicaciones\/","url":"https:\/\/www.itakaescolapios.org\/fr\/publicaciones\/","name":"Publicaciones - Itaka-Escolapios","isPartOf":{"@id":"https:\/\/www.itakaescolapios.org\/es\/#website"},"datePublished":"2012-07-04T12:02:17+00:00","dateModified":"2025-03-07T12:07:24+00:00","breadcrumb":{"@id":"https:\/\/www.itakaescolapios.org\/fr\/publicaciones\/#breadcrumb"},"inLanguage":"fr-FR","potentialAction":[{"@type":"ReadAction","target":["https:\/\/www.itakaescolapios.org\/fr\/publicaciones\/"]}]},{"@type":"BreadcrumbList","@id":"https:\/\/www.itakaescolapios.org\/fr\/publicaciones\/#breadcrumb","itemListElement":[{"@type":"ListItem","position":1,"name":"Itaka-Escolapios","item":"https:\/\/www.itakaescolapios.org\/es\/"},{"@type":"ListItem","position":2,"name":"Publications"}]},{"@type":"WebSite","@id":"https:\/\/www.itakaescolapios.org\/fr\/es\/#website","url":"https:\/\/www.itakaescolapios.org\/fr\/es\/","name":"Itaka-Escolapios","description":"Red de Itaka-Escolapios","publisher":{"@id":"https:\/\/www.itakaescolapios.org\/fr\/es\/#organization"},"potentialAction":[{"@type":"SearchAction","target":{"@type":"EntryPoint","urlTemplate":"https:\/\/www.itakaescolapios.org\/fr\/es\/?s={search_term_string}"},"query-input":{"@type":"PropertyValueSpecification","valueRequired":true,"valueName":"search_term_string"}}],"inLanguage":"fr-FR"},{"@type":"Organization","@id":"https:\/\/www.itakaescolapios.org\/fr\/es\/#organization","name":"Fundaci\u00f3 Itaka-Escolapios","url":"https:\/\/www.itakaescolapios.org\/fr\/es\/","logo":{"@type":"ImageObject","inLanguage":"fr-FR","@id":"https:\/\/www.itakaescolapios.org\/fr\/es\/#\/schema\/logo\/image\/","url":"https:\/\/www.itakaescolapios.org\/wp-content\/uploads\/2024\/04\/Logo-itakaescolapios-peque.png","contentUrl":"https:\/\/www.itakaescolapios.org\/wp-content\/uploads\/2024\/04\/Logo-itakaescolapios-peque.png","width":500,"height":199,"caption":"Fundaci\u00f3 Itaka-Escolapios"},"image":{"@id":"https:\/\/www.itakaescolapios.org\/fr\/es\/#\/schema\/logo\/image\/"}}]}},"_links":{"self":[{"href":"https:\/\/www.itakaescolapios.org\/fr\/wp-json\/wp\/v2\/pages\/2225","targetHints":{"allow":["GET"]}}],"collection":[{"href":"https:\/\/www.itakaescolapios.org\/fr\/wp-json\/wp\/v2\/pages"}],"about":[{"href":"https:\/\/www.itakaescolapios.org\/fr\/wp-json\/wp\/v2\/types\/page"}],"author":[{"embeddable":true,"href":"https:\/\/www.itakaescolapios.org\/fr\/wp-json\/wp\/v2\/users\/1"}],"replies":[{"embeddable":true,"href":"https:\/\/www.itakaescolapios.org\/fr\/wp-json\/wp\/v2\/comments?post=2225"}],"version-history":[{"count":10,"href":"https:\/\/www.itakaescolapios.org\/fr\/wp-json\/wp\/v2\/pages\/2225\/revisions"}],"predecessor-version":[{"id":325070,"href":"https:\/\/www.itakaescolapios.org\/fr\/wp-json\/wp\/v2\/pages\/2225\/revisions\/325070"}],"wp:attachment":[{"href":"https:\/\/www.itakaescolapios.org\/fr\/wp-json\/wp\/v2\/media?parent=2225"}],"curies":[{"name":"wp","href":"https:\/\/api.w.org\/{rel}","templated":true}]}}