{"id":224,"date":"2012-05-31T17:50:44","date_gmt":"2012-05-31T16:50:44","guid":{"rendered":"https:\/\/www.itakaescolapios.org\/?page_id=224"},"modified":"2023-11-28T12:39:49","modified_gmt":"2023-11-28T11:39:49","slug":"colegio-san-rafael-de-cochabamaba-bolivia","status":"publish","type":"page","link":"https:\/\/www.itakaescolapios.org\/fr\/que-faisons-nous\/colegio-san-rafael-de-cochabamaba-bolivia\/","title":{"rendered":"COLL\u00c8GE SAINT RAPHA\u00cbL \u00c0 COCHABAMBA  (BOLIVIA)"},"content":{"rendered":"<\/p>\n<p style=\"text-align: justify;\" align=\"JUSTIFY\">Le coll\u00e8ge Saint Rapha\u00ebl se trouve dans la ville de Cochabamba et accueille 1800 \u00e9tudiants. Pour optimiser les installations et atteindre un plus grand nombre d\u2019\u00e9l\u00e8ves, il travaille sur deux horaires, un le matin et l\u2019autre l\u2019apr\u00e8s midi, c\u2019est pourquoi dans la pratique, il fonctionne comme deux \u00e9coles en une seule. Le coll\u00e8ge accepte tous les niveaux de primaire et de secondaire.<\/p>\n<p style=\"text-align: justify;\" align=\"JUSTIFY\">Saint Rapha\u00ebl pr\u00e9sente un de plus hauts indices de diversit\u00e9 de la ville: des facilit\u00e9s \u00e9ducatives, l\u2019implication des professeurs et la qualit\u00e9 de l\u2019\u00e9ducation font que dans cette \u00e9cole puissent vivre ensemble des \u00e9tudiants de classe sociales tr\u00e8s diff\u00e9rentes et d\u2019origines culturelles diverses.<\/p>\n<p align=\"JUSTIFY\"><span style=\"color: #00b050;\"><span style=\"font-size: small;\">\u00a0<\/span><\/span><\/p>\n<p align=\"JUSTIFY\">\n","protected":false},"excerpt":{"rendered":"<p>Le coll\u00e8ge Saint Rapha\u00ebl se trouve dans la ville de Cochabamba et accueille 1800 \u00e9tudiants. Pour optimiser les installations et atteindre un plus grand nombre d\u2019\u00e9l\u00e8ves, il travaille sur deux [&hellip;]<\/p>\n","protected":false},"author":1,"featured_media":1366,"parent":5,"menu_order":8,"comment_status":"closed","ping_status":"closed","template":"","meta":{"_et_pb_use_builder":"","_et_pb_old_content":"","_et_gb_content_width":"","footnotes":""},"class_list":["post-224","page","type-page","status-publish","has-post-thumbnail","hentry"],"yoast_head":"<!-- This site is optimized with the Yoast SEO plugin v27.4 - https:\/\/yoast.com\/product\/yoast-seo-wordpress\/ -->\n<title>COLL\u00c8GE SAINT RAPHA\u00cbL \u00c0 COCHABAMBA  (BOLIVIA)<\/title>\n<meta name=\"description\" content=\"Le coll\u00e8ge Saint Rapha\u00ebl se trouve dans la ville de Cochabamba et accueille 1800 \u00e9tudiants. Pour optimiser les installations et atteindre un plus grand nombre d\u2019\u00e9l\u00e8ves, il travaille sur deux horaires, un le matin et l\u2019autre l\u2019apr\u00e8s midi, c\u2019est pourquoi dans la pratique, il fonctionne comme deux \u00e9coles en une seule. Le coll\u00e8ge accepte tous\u2026\" \/>\n<meta name=\"robots\" content=\"index, follow, max-snippet:-1, max-image-preview:large, max-video-preview:-1\" \/>\n<link rel=\"canonical\" href=\"http:\/\/Le%20coll\u00e8ge%20Saint%20Rapha\u00ebl%20se%20trouve%20dans%20la%20ville%20de%20Cochabamba%20et%20accueille%201800%20\u00e9tudiants.%20Pour%20optimiser%20les%20installations%20et%20atteindre%20un%20plus%20grand%20nombre%20d\u2019\u00e9l\u00e8ves,%20il%20travaille%20sur%20deux%20horaires,%20un%20le%20matin%20et%20l\u2019autre%20l\u2019apr\u00e8s%20midi,%20c\u2019est%20pourquoi%20dans%20la%20pratique,%20il%20fonctionne%20comme%20deux%20\u00e9coles%20en%20une%20seule.%20Le%20coll\u00e8ge%20accepte%20tous\u2026\" \/>\n<meta property=\"og:locale\" content=\"fr_FR\" \/>\n<meta property=\"og:type\" content=\"article\" \/>\n<meta property=\"og:title\" content=\"COLL\u00c8GE SAINT RAPHA\u00cbL \u00c0 COCHABAMBA  (BOLIVIA)\" \/>\n<meta property=\"og:description\" content=\"Le coll\u00e8ge Saint Rapha\u00ebl se trouve dans la ville de Cochabamba et accueille 1800 \u00e9tudiants. Pour optimiser les installations et atteindre un plus grand nombre d\u2019\u00e9l\u00e8ves, il travaille sur deux horaires, un le matin et l\u2019autre l\u2019apr\u00e8s midi, c\u2019est pourquoi dans la pratique, il fonctionne comme deux \u00e9coles en une seule. Le coll\u00e8ge accepte tous\u2026\" \/>\n<meta property=\"og:url\" content=\"https:\/\/www.itakaescolapios.org\/fr\/que-faisons-nous\/colegio-san-rafael-de-cochabamaba-bolivia\/\" \/>\n<meta property=\"og:site_name\" content=\"Itaka-Escolapios\" \/>\n<meta property=\"article:modified_time\" content=\"2023-11-28T11:39:49+00:00\" \/>\n<meta property=\"og:image\" content=\"https:\/\/www.itakaescolapios.org\/wp-content\/uploads\/2012\/05\/Apoyo-a-centros-escolares-Escuela-Cochabamba-1-Bolivia.jpg\" \/>\n\t<meta property=\"og:image:width\" content=\"1200\" \/>\n\t<meta property=\"og:image:height\" content=\"803\" \/>\n\t<meta property=\"og:image:type\" content=\"image\/jpeg\" \/>\n<meta name=\"twitter:card\" content=\"summary_large_image\" \/>\n<meta name=\"twitter:label1\" content=\"Dur\u00e9e de lecture estim\u00e9e\" \/>\n\t<meta name=\"twitter:data1\" content=\"1 minute\" \/>\n<script type=\"application\/ld+json\" class=\"yoast-schema-graph\">{\"@context\":\"https:\\\/\\\/schema.org\",\"@graph\":[{\"@type\":\"WebPage\",\"@id\":\"https:\\\/\\\/www.itakaescolapios.org\\\/fr\\\/que-faisons-nous\\\/colegio-san-rafael-de-cochabamaba-bolivia\\\/\",\"url\":\"https:\\\/\\\/www.itakaescolapios.org\\\/fr\\\/que-faisons-nous\\\/colegio-san-rafael-de-cochabamaba-bolivia\\\/\",\"name\":\"Colegio San Rafael de Cochabamaba (Bolivia) - Itaka-Escolapios\",\"isPartOf\":{\"@id\":\"https:\\\/\\\/www.itakaescolapios.org\\\/es\\\/#website\"},\"primaryImageOfPage\":{\"@id\":\"https:\\\/\\\/www.itakaescolapios.org\\\/fr\\\/que-faisons-nous\\\/colegio-san-rafael-de-cochabamaba-bolivia\\\/#primaryimage\"},\"image\":{\"@id\":\"https:\\\/\\\/www.itakaescolapios.org\\\/fr\\\/que-faisons-nous\\\/colegio-san-rafael-de-cochabamaba-bolivia\\\/#primaryimage\"},\"thumbnailUrl\":\"https:\\\/\\\/www.itakaescolapios.org\\\/wp-content\\\/uploads\\\/2012\\\/05\\\/Apoyo-a-centros-escolares-Escuela-Cochabamba-1-Bolivia.jpg\",\"datePublished\":\"2012-05-31T16:50:44+00:00\",\"dateModified\":\"2023-11-28T11:39:49+00:00\",\"breadcrumb\":{\"@id\":\"https:\\\/\\\/www.itakaescolapios.org\\\/fr\\\/que-faisons-nous\\\/colegio-san-rafael-de-cochabamaba-bolivia\\\/#breadcrumb\"},\"inLanguage\":\"fr-FR\",\"potentialAction\":[{\"@type\":\"ReadAction\",\"target\":[\"https:\\\/\\\/www.itakaescolapios.org\\\/fr\\\/que-faisons-nous\\\/colegio-san-rafael-de-cochabamaba-bolivia\\\/\"]}]},{\"@type\":\"ImageObject\",\"inLanguage\":\"fr-FR\",\"@id\":\"https:\\\/\\\/www.itakaescolapios.org\\\/fr\\\/que-faisons-nous\\\/colegio-san-rafael-de-cochabamaba-bolivia\\\/#primaryimage\",\"url\":\"https:\\\/\\\/www.itakaescolapios.org\\\/wp-content\\\/uploads\\\/2012\\\/05\\\/Apoyo-a-centros-escolares-Escuela-Cochabamba-1-Bolivia.jpg\",\"contentUrl\":\"https:\\\/\\\/www.itakaescolapios.org\\\/wp-content\\\/uploads\\\/2012\\\/05\\\/Apoyo-a-centros-escolares-Escuela-Cochabamba-1-Bolivia.jpg\",\"width\":\"1200\",\"height\":\"803\"},{\"@type\":\"BreadcrumbList\",\"@id\":\"https:\\\/\\\/www.itakaescolapios.org\\\/fr\\\/que-faisons-nous\\\/colegio-san-rafael-de-cochabamaba-bolivia\\\/#breadcrumb\",\"itemListElement\":[{\"@type\":\"ListItem\",\"position\":1,\"name\":\"Itaka-Escolapios\",\"item\":\"https:\\\/\\\/www.itakaescolapios.org\\\/es\\\/\"},{\"@type\":\"ListItem\",\"position\":2,\"name\":\"Que faisons-nous\",\"item\":\"https:\\\/\\\/www.itakaescolapios.org\\\/es\\\/que-hacemos\\\/\"},{\"@type\":\"ListItem\",\"position\":3,\"name\":\"COLL\u00c8GE SAINT RAPHA\u00cbL \u00c0 COCHABAMBA (BOLIVIA)\"}]},{\"@type\":\"WebSite\",\"@id\":\"https:\\\/\\\/www.itakaescolapios.org\\\/fr\\\/es\\\/#website\",\"url\":\"https:\\\/\\\/www.itakaescolapios.org\\\/fr\\\/es\\\/\",\"name\":\"Itaka-Escolapios\",\"description\":\"Red de Itaka-Escolapios\",\"publisher\":{\"@id\":\"https:\\\/\\\/www.itakaescolapios.org\\\/fr\\\/es\\\/#organization\"},\"potentialAction\":[{\"@type\":\"SearchAction\",\"target\":{\"@type\":\"EntryPoint\",\"urlTemplate\":\"https:\\\/\\\/www.itakaescolapios.org\\\/fr\\\/es\\\/?s={search_term_string}\"},\"query-input\":{\"@type\":\"PropertyValueSpecification\",\"valueRequired\":true,\"valueName\":\"search_term_string\"}}],\"inLanguage\":\"fr-FR\"},{\"@type\":\"Organization\",\"@id\":\"https:\\\/\\\/www.itakaescolapios.org\\\/fr\\\/es\\\/#organization\",\"name\":\"Fundaci\u00f3 Itaka-Escolapios\",\"url\":\"https:\\\/\\\/www.itakaescolapios.org\\\/fr\\\/es\\\/\",\"logo\":{\"@type\":\"ImageObject\",\"inLanguage\":\"fr-FR\",\"@id\":\"https:\\\/\\\/www.itakaescolapios.org\\\/fr\\\/es\\\/#\\\/schema\\\/logo\\\/image\\\/\",\"url\":\"https:\\\/\\\/www.itakaescolapios.org\\\/wp-content\\\/uploads\\\/2024\\\/04\\\/Logo-itakaescolapios-peque.png\",\"contentUrl\":\"https:\\\/\\\/www.itakaescolapios.org\\\/wp-content\\\/uploads\\\/2024\\\/04\\\/Logo-itakaescolapios-peque.png\",\"width\":500,\"height\":199,\"caption\":\"Fundaci\u00f3 Itaka-Escolapios\"},\"image\":{\"@id\":\"https:\\\/\\\/www.itakaescolapios.org\\\/fr\\\/es\\\/#\\\/schema\\\/logo\\\/image\\\/\"}}]}<\/script>\n<!-- \/ Yoast SEO plugin. -->","yoast_head_json":{"title":"COLL\u00c8GE SAINT RAPHA\u00cbL \u00c0 COCHABAMBA  (BOLIVIA)","description":"Le coll\u00e8ge Saint Rapha\u00ebl se trouve dans la ville de Cochabamba et accueille 1800 \u00e9tudiants. Pour optimiser les installations et atteindre un plus grand nombre d\u2019\u00e9l\u00e8ves, il travaille sur deux horaires, un le matin et l\u2019autre l\u2019apr\u00e8s midi, c\u2019est pourquoi dans la pratique, il fonctionne comme deux \u00e9coles en une seule. Le coll\u00e8ge accepte tous\u2026","robots":{"index":"index","follow":"follow","max-snippet":"max-snippet:-1","max-image-preview":"max-image-preview:large","max-video-preview":"max-video-preview:-1"},"canonical":"Le coll\u00e8ge Saint Rapha\u00ebl se trouve dans la ville de Cochabamba et accueille 1800 \u00e9tudiants. Pour optimiser les installations et atteindre un plus grand nombre d\u2019\u00e9l\u00e8ves, il travaille sur deux horaires, un le matin et l\u2019autre l\u2019apr\u00e8s midi, c\u2019est pourquoi dans la pratique, il fonctionne comme deux \u00e9coles en une seule. Le coll\u00e8ge accepte tous\u2026","og_locale":"fr_FR","og_type":"article","og_title":"COLL\u00c8GE SAINT RAPHA\u00cbL \u00c0 COCHABAMBA  (BOLIVIA)","og_description":"Le coll\u00e8ge Saint Rapha\u00ebl se trouve dans la ville de Cochabamba et accueille 1800 \u00e9tudiants. Pour optimiser les installations et atteindre un plus grand nombre d\u2019\u00e9l\u00e8ves, il travaille sur deux horaires, un le matin et l\u2019autre l\u2019apr\u00e8s midi, c\u2019est pourquoi dans la pratique, il fonctionne comme deux \u00e9coles en une seule. Le coll\u00e8ge accepte tous\u2026","og_url":"https:\/\/www.itakaescolapios.org\/fr\/que-faisons-nous\/colegio-san-rafael-de-cochabamaba-bolivia\/","og_site_name":"Itaka-Escolapios","article_modified_time":"2023-11-28T11:39:49+00:00","og_image":[{"width":1200,"height":803,"url":"https:\/\/www.itakaescolapios.org\/wp-content\/uploads\/2012\/05\/Apoyo-a-centros-escolares-Escuela-Cochabamba-1-Bolivia.jpg","type":"image\/jpeg"}],"twitter_card":"summary_large_image","twitter_misc":{"Dur\u00e9e de lecture estim\u00e9e":"1 minute"},"schema":{"@context":"https:\/\/schema.org","@graph":[{"@type":"WebPage","@id":"https:\/\/www.itakaescolapios.org\/fr\/que-faisons-nous\/colegio-san-rafael-de-cochabamaba-bolivia\/","url":"https:\/\/www.itakaescolapios.org\/fr\/que-faisons-nous\/colegio-san-rafael-de-cochabamaba-bolivia\/","name":"Colegio San Rafael de Cochabamaba (Bolivia) - Itaka-Escolapios","isPartOf":{"@id":"https:\/\/www.itakaescolapios.org\/es\/#website"},"primaryImageOfPage":{"@id":"https:\/\/www.itakaescolapios.org\/fr\/que-faisons-nous\/colegio-san-rafael-de-cochabamaba-bolivia\/#primaryimage"},"image":{"@id":"https:\/\/www.itakaescolapios.org\/fr\/que-faisons-nous\/colegio-san-rafael-de-cochabamaba-bolivia\/#primaryimage"},"thumbnailUrl":"https:\/\/www.itakaescolapios.org\/wp-content\/uploads\/2012\/05\/Apoyo-a-centros-escolares-Escuela-Cochabamba-1-Bolivia.jpg","datePublished":"2012-05-31T16:50:44+00:00","dateModified":"2023-11-28T11:39:49+00:00","breadcrumb":{"@id":"https:\/\/www.itakaescolapios.org\/fr\/que-faisons-nous\/colegio-san-rafael-de-cochabamaba-bolivia\/#breadcrumb"},"inLanguage":"fr-FR","potentialAction":[{"@type":"ReadAction","target":["https:\/\/www.itakaescolapios.org\/fr\/que-faisons-nous\/colegio-san-rafael-de-cochabamaba-bolivia\/"]}]},{"@type":"ImageObject","inLanguage":"fr-FR","@id":"https:\/\/www.itakaescolapios.org\/fr\/que-faisons-nous\/colegio-san-rafael-de-cochabamaba-bolivia\/#primaryimage","url":"https:\/\/www.itakaescolapios.org\/wp-content\/uploads\/2012\/05\/Apoyo-a-centros-escolares-Escuela-Cochabamba-1-Bolivia.jpg","contentUrl":"https:\/\/www.itakaescolapios.org\/wp-content\/uploads\/2012\/05\/Apoyo-a-centros-escolares-Escuela-Cochabamba-1-Bolivia.jpg","width":"1200","height":"803"},{"@type":"BreadcrumbList","@id":"https:\/\/www.itakaescolapios.org\/fr\/que-faisons-nous\/colegio-san-rafael-de-cochabamaba-bolivia\/#breadcrumb","itemListElement":[{"@type":"ListItem","position":1,"name":"Itaka-Escolapios","item":"https:\/\/www.itakaescolapios.org\/es\/"},{"@type":"ListItem","position":2,"name":"Que faisons-nous","item":"https:\/\/www.itakaescolapios.org\/es\/que-hacemos\/"},{"@type":"ListItem","position":3,"name":"COLL\u00c8GE SAINT RAPHA\u00cbL \u00c0 COCHABAMBA (BOLIVIA)"}]},{"@type":"WebSite","@id":"https:\/\/www.itakaescolapios.org\/fr\/es\/#website","url":"https:\/\/www.itakaescolapios.org\/fr\/es\/","name":"Itaka-Escolapios","description":"Red de Itaka-Escolapios","publisher":{"@id":"https:\/\/www.itakaescolapios.org\/fr\/es\/#organization"},"potentialAction":[{"@type":"SearchAction","target":{"@type":"EntryPoint","urlTemplate":"https:\/\/www.itakaescolapios.org\/fr\/es\/?s={search_term_string}"},"query-input":{"@type":"PropertyValueSpecification","valueRequired":true,"valueName":"search_term_string"}}],"inLanguage":"fr-FR"},{"@type":"Organization","@id":"https:\/\/www.itakaescolapios.org\/fr\/es\/#organization","name":"Fundaci\u00f3 Itaka-Escolapios","url":"https:\/\/www.itakaescolapios.org\/fr\/es\/","logo":{"@type":"ImageObject","inLanguage":"fr-FR","@id":"https:\/\/www.itakaescolapios.org\/fr\/es\/#\/schema\/logo\/image\/","url":"https:\/\/www.itakaescolapios.org\/wp-content\/uploads\/2024\/04\/Logo-itakaescolapios-peque.png","contentUrl":"https:\/\/www.itakaescolapios.org\/wp-content\/uploads\/2024\/04\/Logo-itakaescolapios-peque.png","width":500,"height":199,"caption":"Fundaci\u00f3 Itaka-Escolapios"},"image":{"@id":"https:\/\/www.itakaescolapios.org\/fr\/es\/#\/schema\/logo\/image\/"}}]}},"_links":{"self":[{"href":"https:\/\/www.itakaescolapios.org\/fr\/wp-json\/wp\/v2\/pages\/224","targetHints":{"allow":["GET"]}}],"collection":[{"href":"https:\/\/www.itakaescolapios.org\/fr\/wp-json\/wp\/v2\/pages"}],"about":[{"href":"https:\/\/www.itakaescolapios.org\/fr\/wp-json\/wp\/v2\/types\/page"}],"author":[{"embeddable":true,"href":"https:\/\/www.itakaescolapios.org\/fr\/wp-json\/wp\/v2\/users\/1"}],"replies":[{"embeddable":true,"href":"https:\/\/www.itakaescolapios.org\/fr\/wp-json\/wp\/v2\/comments?post=224"}],"version-history":[{"count":12,"href":"https:\/\/www.itakaescolapios.org\/fr\/wp-json\/wp\/v2\/pages\/224\/revisions"}],"predecessor-version":[{"id":50299,"href":"https:\/\/www.itakaescolapios.org\/fr\/wp-json\/wp\/v2\/pages\/224\/revisions\/50299"}],"up":[{"embeddable":true,"href":"https:\/\/www.itakaescolapios.org\/fr\/wp-json\/wp\/v2\/pages\/5"}],"wp:featuredmedia":[{"embeddable":true,"href":"https:\/\/www.itakaescolapios.org\/fr\/wp-json\/wp\/v2\/media\/1366"}],"wp:attachment":[{"href":"https:\/\/www.itakaescolapios.org\/fr\/wp-json\/wp\/v2\/media?parent=224"}],"curies":[{"name":"wp","href":"https:\/\/api.w.org\/{rel}","templated":true}]}}