{"id":22822,"date":"2018-04-27T12:19:48","date_gmt":"2018-04-27T11:19:48","guid":{"rendered":"https:\/\/www.itakaescolapios.org\/?page_id=22822"},"modified":"2023-11-28T12:37:30","modified_gmt":"2023-11-28T11:37:30","slug":"organigrama","status":"publish","type":"page","link":"https:\/\/www.itakaescolapios.org\/fr\/quienes-somos-8\/organos-de-gobierno\/organigrama\/","title":{"rendered":"ORGANIGRAMME"},"content":{"rendered":"<p><strong>Commission Ex\u00e9cutive<\/strong><\/p>\n<p>C&rsquo;est l&rsquo;\u00e9quipe qui, par d\u00e9l\u00e9gation du Patronat, se r\u00e9unit chaque semaine pour coordonner le r\u00e9seau en contact permanent avec les d\u00e9marcations et les \u00e9quipes g\u00e9n\u00e9rales.<\/p>\n<p>Il est actuellement compos\u00e9 de :<\/p>\n<ul>\n<li>Javier Aguirregabiria (pr\u00e9sident, Br\u00e9sil-Bolivie)<\/li>\n<li>Igor Irigoyen (Coordinateur G\u00e9n\u00e9ral)<\/li>\n<li>Constanza de las Marinas (B\u00e9thanie)<\/li>\n<li>Ander Mijangos (Gestion des ressources)<\/li>\n<li>Emmanuel Su\u00e1rez (Mexique)<\/li>\n<li>Alberto Cantero (Emma\u00fcs)<\/li>\n<li>Cl\u00e9men Tsang\u00e1 (Afrique Centrale)<\/li>\n<\/ul>\n<p><strong>\u00c9quipes G\u00e9n\u00e9rales<\/strong><\/p>\n<p>Ce sont les \u00e9quipes au service du r\u00e9seau pour promouvoir chacun des domaines transversaux d&rsquo;Itaka-Escolapios dans les d\u00e9marcations et dans l&rsquo;ensemble du r\u00e9seau. Ces \u00e9quipes promeuvent les domaines de la sensibilisation, de la formation, du volontariat, de la gestion des ressources et de la communication.<\/p>\n<p><strong>\u00c9quipes d\u00e9marcationnelles<\/strong><\/p>\n<p>Ce sont les \u00e9quipes qui, dans chaque d\u00e9marcation, font la promotion d&rsquo;Itaka-Escolapios et de ses projets. Ces \u00e9quipes sont nomm\u00e9es par leurs provinces piaristes respectives pour promouvoir Itaka-Escolapios dans leur domaine et travaillent en contact avec les \u00e9quipes du r\u00e9seau. Chaque d\u00e9marcation organise son fonctionnement en coordination avec le Commission Ex\u00e9cutive.<\/p>\n<p><a href=\"https:\/\/www.itakaescolapios.org\/wp-content\/uploads\/2023\/03\/230313-mapa-ie_fr-scaled.jpg\"><img decoding=\"async\" class=\"alignnone size-medium wp-image-41207 alignleft\" src=\"https:\/\/www.itakaescolapios.org\/wp-content\/uploads\/2023\/03\/230313-mapa-ie_fr-300x197.jpg\" alt=\"\" width=\"300\" height=\"197\" srcset=\"https:\/\/www.itakaescolapios.org\/wp-content\/uploads\/2023\/03\/230313-mapa-ie_fr-300x197.jpg 300w, https:\/\/www.itakaescolapios.org\/wp-content\/uploads\/2023\/03\/230313-mapa-ie_fr-1024x672.jpg 1024w, https:\/\/www.itakaescolapios.org\/wp-content\/uploads\/2023\/03\/230313-mapa-ie_fr-768x504.jpg 768w, https:\/\/www.itakaescolapios.org\/wp-content\/uploads\/2023\/03\/230313-mapa-ie_fr-1536x1007.jpg 1536w, https:\/\/www.itakaescolapios.org\/wp-content\/uploads\/2023\/03\/230313-mapa-ie_fr-2048x1343.jpg 2048w, https:\/\/www.itakaescolapios.org\/wp-content\/uploads\/2023\/03\/230313-mapa-ie_fr-250x164.jpg 250w, https:\/\/www.itakaescolapios.org\/wp-content\/uploads\/2023\/03\/230313-mapa-ie_fr-1080x708.jpg 1080w, https:\/\/www.itakaescolapios.org\/wp-content\/uploads\/2023\/03\/230313-mapa-ie_fr-scaled.jpg 2000w\" sizes=\"(max-width: 300px) 100vw, 300px\" \/><\/a><a href=\"https:\/\/www.itakaescolapios.org\/wp-content\/uploads\/2023\/03\/230313-itaka-organizacion_fr-scaled.jpg\"><img decoding=\"async\" class=\"alignnone size-medium wp-image-41206\" src=\"https:\/\/www.itakaescolapios.org\/wp-content\/uploads\/2023\/03\/230313-itaka-organizacion_fr-300x212.jpg\" alt=\"\" width=\"300\" height=\"212\" srcset=\"https:\/\/www.itakaescolapios.org\/wp-content\/uploads\/2023\/03\/230313-itaka-organizacion_fr-300x212.jpg 300w, https:\/\/www.itakaescolapios.org\/wp-content\/uploads\/2023\/03\/230313-itaka-organizacion_fr-1024x724.jpg 1024w, https:\/\/www.itakaescolapios.org\/wp-content\/uploads\/2023\/03\/230313-itaka-organizacion_fr-768x543.jpg 768w, https:\/\/www.itakaescolapios.org\/wp-content\/uploads\/2023\/03\/230313-itaka-organizacion_fr-1536x1086.jpg 1536w, https:\/\/www.itakaescolapios.org\/wp-content\/uploads\/2023\/03\/230313-itaka-organizacion_fr-2048x1448.jpg 2048w, https:\/\/www.itakaescolapios.org\/wp-content\/uploads\/2023\/03\/230313-itaka-organizacion_fr-250x177.jpg 250w, https:\/\/www.itakaescolapios.org\/wp-content\/uploads\/2023\/03\/230313-itaka-organizacion_fr-400x284.jpg 400w, https:\/\/www.itakaescolapios.org\/wp-content\/uploads\/2023\/03\/230313-itaka-organizacion_fr-1080x764.jpg 1080w, https:\/\/www.itakaescolapios.org\/wp-content\/uploads\/2023\/03\/230313-itaka-organizacion_fr-scaled.jpg 2000w\" sizes=\"(max-width: 300px) 100vw, 300px\" \/><\/a> <a href=\"https:\/\/www.itakaescolapios.org\/wp-content\/uploads\/2023\/03\/itaka-projects_fr-scaled.jpg\"><img decoding=\"async\" class=\"alignnone size-medium wp-image-41208 alignleft\" src=\"https:\/\/www.itakaescolapios.org\/wp-content\/uploads\/2023\/03\/itaka-projects_fr-300x212.jpg\" alt=\"\" width=\"300\" height=\"212\" srcset=\"https:\/\/www.itakaescolapios.org\/wp-content\/uploads\/2023\/03\/itaka-projects_fr-300x212.jpg 300w, https:\/\/www.itakaescolapios.org\/wp-content\/uploads\/2023\/03\/itaka-projects_fr-1024x724.jpg 1024w, https:\/\/www.itakaescolapios.org\/wp-content\/uploads\/2023\/03\/itaka-projects_fr-768x543.jpg 768w, https:\/\/www.itakaescolapios.org\/wp-content\/uploads\/2023\/03\/itaka-projects_fr-1536x1086.jpg 1536w, https:\/\/www.itakaescolapios.org\/wp-content\/uploads\/2023\/03\/itaka-projects_fr-2048x1448.jpg 2048w, https:\/\/www.itakaescolapios.org\/wp-content\/uploads\/2023\/03\/itaka-projects_fr-250x177.jpg 250w, https:\/\/www.itakaescolapios.org\/wp-content\/uploads\/2023\/03\/itaka-projects_fr-400x284.jpg 400w, https:\/\/www.itakaescolapios.org\/wp-content\/uploads\/2023\/03\/itaka-projects_fr-1080x764.jpg 1080w, https:\/\/www.itakaescolapios.org\/wp-content\/uploads\/2023\/03\/itaka-projects_fr-scaled.jpg 2000w\" sizes=\"(max-width: 300px) 100vw, 300px\" \/><\/a><\/p>\n","protected":false},"excerpt":{"rendered":"<p>Commission Ex\u00e9cutive C&rsquo;est l&rsquo;\u00e9quipe qui, par d\u00e9l\u00e9gation du Patronat, se r\u00e9unit chaque semaine pour coordonner le r\u00e9seau en contact permanent avec les d\u00e9marcations et les \u00e9quipes g\u00e9n\u00e9rales. Il est actuellement [&hellip;]<\/p>\n","protected":false},"author":46,"featured_media":0,"parent":53,"menu_order":3,"comment_status":"closed","ping_status":"closed","template":"","meta":{"_et_pb_use_builder":"","_et_pb_old_content":"","_et_gb_content_width":"","footnotes":""},"class_list":["post-22822","page","type-page","status-publish","hentry"],"yoast_head":"<!-- This site is optimized with the Yoast SEO plugin v27.4 - https:\/\/yoast.com\/product\/yoast-seo-wordpress\/ -->\n<title>ORGANIGRAMME<\/title>\n<meta name=\"description\" content=\"Commission Ex\u00e9cutive C&#039;est l&#039;\u00e9quipe qui, par d\u00e9l\u00e9gation du Patronat, se r\u00e9unit chaque semaine pour coordonner le r\u00e9seau en contact permanent avec les d\u00e9marcations et les \u00e9quipes g\u00e9n\u00e9rales. Il est actuellement compos\u00e9 de : Javier Aguirregabiria (pr\u00e9sident, Br\u00e9sil-Bolivie) Igor Irigoyen (Coordinateur G\u00e9n\u00e9ral) Constanza de las Marinas (B\u00e9thanie) Ander Mijangos (Gestion des ressources) Emmanuel Su\u00e1rez (Mexique) Alberto\u2026\" \/>\n<meta name=\"robots\" content=\"index, follow, max-snippet:-1, max-image-preview:large, max-video-preview:-1\" \/>\n<link rel=\"canonical\" href=\"\" \/>\n<meta property=\"og:locale\" content=\"fr_FR\" \/>\n<meta property=\"og:type\" content=\"article\" \/>\n<meta property=\"og:title\" content=\"ORGANIGRAMME\" \/>\n<meta property=\"og:description\" content=\"Commission Ex\u00e9cutive C&#039;est l&#039;\u00e9quipe qui, par d\u00e9l\u00e9gation du Patronat, se r\u00e9unit chaque semaine pour coordonner le r\u00e9seau en contact permanent avec les d\u00e9marcations et les \u00e9quipes g\u00e9n\u00e9rales. Il est actuellement compos\u00e9 de : Javier Aguirregabiria (pr\u00e9sident, Br\u00e9sil-Bolivie) Igor Irigoyen (Coordinateur G\u00e9n\u00e9ral) Constanza de las Marinas (B\u00e9thanie) Ander Mijangos (Gestion des ressources) Emmanuel Su\u00e1rez (Mexique) Alberto\u2026\" \/>\n<meta property=\"og:url\" content=\"https:\/\/www.itakaescolapios.org\/fr\/quienes-somos-8\/organos-de-gobierno\/organigrama\/\" \/>\n<meta property=\"og:site_name\" content=\"Itaka-Escolapios\" \/>\n<meta property=\"article:modified_time\" content=\"2023-11-28T11:37:30+00:00\" \/>\n<meta property=\"og:image\" content=\"https:\/\/www.itakaescolapios.org\/wp-content\/uploads\/2023\/03\/230306-mapa-ie_es-scaled.jpg\" \/>\n\t<meta property=\"og:image:width\" content=\"2000\" \/>\n\t<meta property=\"og:image:height\" content=\"1312\" \/>\n\t<meta property=\"og:image:type\" content=\"image\/jpeg\" \/>\n<meta name=\"twitter:card\" content=\"summary_large_image\" \/>\n<meta name=\"twitter:label1\" content=\"Dur\u00e9e de lecture estim\u00e9e\" \/>\n\t<meta name=\"twitter:data1\" content=\"1 minute\" \/>\n<script type=\"application\/ld+json\" class=\"yoast-schema-graph\">{\"@context\":\"https:\\\/\\\/schema.org\",\"@graph\":[{\"@type\":\"WebPage\",\"@id\":\"https:\\\/\\\/www.itakaescolapios.org\\\/fr\\\/quienes-somos-8\\\/organos-de-gobierno\\\/organigrama\\\/\",\"url\":\"https:\\\/\\\/www.itakaescolapios.org\\\/fr\\\/quienes-somos-8\\\/organos-de-gobierno\\\/organigrama\\\/\",\"name\":\"ORGANIGRAMA - Itaka-Escolapios\",\"isPartOf\":{\"@id\":\"https:\\\/\\\/www.itakaescolapios.org\\\/es\\\/#website\"},\"primaryImageOfPage\":{\"@id\":\"https:\\\/\\\/www.itakaescolapios.org\\\/fr\\\/quienes-somos-8\\\/organos-de-gobierno\\\/organigrama\\\/#primaryimage\"},\"image\":{\"@id\":\"https:\\\/\\\/www.itakaescolapios.org\\\/fr\\\/quienes-somos-8\\\/organos-de-gobierno\\\/organigrama\\\/#primaryimage\"},\"thumbnailUrl\":\"https:\\\/\\\/www.itakaescolapios.org\\\/wp-content\\\/uploads\\\/2023\\\/03\\\/230306-mapa-ie_es-300x197.jpg\",\"datePublished\":\"2018-04-27T11:19:48+00:00\",\"dateModified\":\"2023-11-28T11:37:30+00:00\",\"breadcrumb\":{\"@id\":\"https:\\\/\\\/www.itakaescolapios.org\\\/fr\\\/quienes-somos-8\\\/organos-de-gobierno\\\/organigrama\\\/#breadcrumb\"},\"inLanguage\":\"fr-FR\",\"potentialAction\":[{\"@type\":\"ReadAction\",\"target\":[\"https:\\\/\\\/www.itakaescolapios.org\\\/fr\\\/quienes-somos-8\\\/organos-de-gobierno\\\/organigrama\\\/\"]}]},{\"@type\":\"ImageObject\",\"inLanguage\":\"fr-FR\",\"@id\":\"https:\\\/\\\/www.itakaescolapios.org\\\/fr\\\/quienes-somos-8\\\/organos-de-gobierno\\\/organigrama\\\/#primaryimage\",\"url\":\"https:\\\/\\\/www.itakaescolapios.org\\\/wp-content\\\/uploads\\\/2023\\\/03\\\/230306-mapa-ie_es-300x197.jpg\",\"contentUrl\":\"https:\\\/\\\/www.itakaescolapios.org\\\/wp-content\\\/uploads\\\/2023\\\/03\\\/230306-mapa-ie_es-300x197.jpg\"},{\"@type\":\"BreadcrumbList\",\"@id\":\"https:\\\/\\\/www.itakaescolapios.org\\\/fr\\\/quienes-somos-8\\\/organos-de-gobierno\\\/organigrama\\\/#breadcrumb\",\"itemListElement\":[{\"@type\":\"ListItem\",\"position\":1,\"name\":\"Itaka-Escolapios\",\"item\":\"https:\\\/\\\/www.itakaescolapios.org\\\/es\\\/\"},{\"@type\":\"ListItem\",\"position\":2,\"name\":\"Qui sommes-nous\",\"item\":\"https:\\\/\\\/www.itakaescolapios.org\\\/es\\\/quienes-somos-8\\\/\"},{\"@type\":\"ListItem\",\"position\":3,\"name\":\"Organes de Gouvernement\",\"item\":\"https:\\\/\\\/www.itakaescolapios.org\\\/es\\\/quienes-somos-8\\\/organos-de-gobierno\\\/\"},{\"@type\":\"ListItem\",\"position\":4,\"name\":\"ORGANIGRAMME\"}]},{\"@type\":\"WebSite\",\"@id\":\"https:\\\/\\\/www.itakaescolapios.org\\\/fr\\\/es\\\/#website\",\"url\":\"https:\\\/\\\/www.itakaescolapios.org\\\/fr\\\/es\\\/\",\"name\":\"Itaka-Escolapios\",\"description\":\"Red de Itaka-Escolapios\",\"publisher\":{\"@id\":\"https:\\\/\\\/www.itakaescolapios.org\\\/fr\\\/es\\\/#organization\"},\"potentialAction\":[{\"@type\":\"SearchAction\",\"target\":{\"@type\":\"EntryPoint\",\"urlTemplate\":\"https:\\\/\\\/www.itakaescolapios.org\\\/fr\\\/es\\\/?s={search_term_string}\"},\"query-input\":{\"@type\":\"PropertyValueSpecification\",\"valueRequired\":true,\"valueName\":\"search_term_string\"}}],\"inLanguage\":\"fr-FR\"},{\"@type\":\"Organization\",\"@id\":\"https:\\\/\\\/www.itakaescolapios.org\\\/fr\\\/es\\\/#organization\",\"name\":\"Fundaci\u00f3 Itaka-Escolapios\",\"url\":\"https:\\\/\\\/www.itakaescolapios.org\\\/fr\\\/es\\\/\",\"logo\":{\"@type\":\"ImageObject\",\"inLanguage\":\"fr-FR\",\"@id\":\"https:\\\/\\\/www.itakaescolapios.org\\\/fr\\\/es\\\/#\\\/schema\\\/logo\\\/image\\\/\",\"url\":\"https:\\\/\\\/www.itakaescolapios.org\\\/wp-content\\\/uploads\\\/2024\\\/04\\\/Logo-itakaescolapios-peque.png\",\"contentUrl\":\"https:\\\/\\\/www.itakaescolapios.org\\\/wp-content\\\/uploads\\\/2024\\\/04\\\/Logo-itakaescolapios-peque.png\",\"width\":500,\"height\":199,\"caption\":\"Fundaci\u00f3 Itaka-Escolapios\"},\"image\":{\"@id\":\"https:\\\/\\\/www.itakaescolapios.org\\\/fr\\\/es\\\/#\\\/schema\\\/logo\\\/image\\\/\"}}]}<\/script>\n<!-- \/ Yoast SEO plugin. -->","yoast_head_json":{"title":"ORGANIGRAMME","description":"Commission Ex\u00e9cutive C'est l'\u00e9quipe qui, par d\u00e9l\u00e9gation du Patronat, se r\u00e9unit chaque semaine pour coordonner le r\u00e9seau en contact permanent avec les d\u00e9marcations et les \u00e9quipes g\u00e9n\u00e9rales. Il est actuellement compos\u00e9 de : Javier Aguirregabiria (pr\u00e9sident, Br\u00e9sil-Bolivie) Igor Irigoyen (Coordinateur G\u00e9n\u00e9ral) Constanza de las Marinas (B\u00e9thanie) Ander Mijangos (Gestion des ressources) Emmanuel Su\u00e1rez (Mexique) Alberto\u2026","robots":{"index":"index","follow":"follow","max-snippet":"max-snippet:-1","max-image-preview":"max-image-preview:large","max-video-preview":"max-video-preview:-1"},"canonical":"Commission Ex\u00e9cutive C'est l'\u00e9quipe qui, par d\u00e9l\u00e9gation du Patronat, se r\u00e9unit chaque semaine pour coordonner le r\u00e9seau en contact permanent avec les d\u00e9marcations et les \u00e9quipes g\u00e9n\u00e9rales. Il est actuellement compos\u00e9 de : Javier Aguirregabiria (pr\u00e9sident, Br\u00e9sil-Bolivie) Igor Irigoyen (Coordinateur G\u00e9n\u00e9ral) Constanza de las Marinas (B\u00e9thanie) Ander Mijangos (Gestion des ressources) Emmanuel Su\u00e1rez (Mexique) Alberto\u2026","og_locale":"fr_FR","og_type":"article","og_title":"ORGANIGRAMME","og_description":"Commission Ex\u00e9cutive C'est l'\u00e9quipe qui, par d\u00e9l\u00e9gation du Patronat, se r\u00e9unit chaque semaine pour coordonner le r\u00e9seau en contact permanent avec les d\u00e9marcations et les \u00e9quipes g\u00e9n\u00e9rales. Il est actuellement compos\u00e9 de : Javier Aguirregabiria (pr\u00e9sident, Br\u00e9sil-Bolivie) Igor Irigoyen (Coordinateur G\u00e9n\u00e9ral) Constanza de las Marinas (B\u00e9thanie) Ander Mijangos (Gestion des ressources) Emmanuel Su\u00e1rez (Mexique) Alberto\u2026","og_url":"https:\/\/www.itakaescolapios.org\/fr\/quienes-somos-8\/organos-de-gobierno\/organigrama\/","og_site_name":"Itaka-Escolapios","article_modified_time":"2023-11-28T11:37:30+00:00","og_image":[{"width":2000,"height":1312,"url":"https:\/\/www.itakaescolapios.org\/wp-content\/uploads\/2023\/03\/230306-mapa-ie_es-scaled.jpg","type":"image\/jpeg"}],"twitter_card":"summary_large_image","twitter_misc":{"Dur\u00e9e de lecture estim\u00e9e":"1 minute"},"schema":{"@context":"https:\/\/schema.org","@graph":[{"@type":"WebPage","@id":"https:\/\/www.itakaescolapios.org\/fr\/quienes-somos-8\/organos-de-gobierno\/organigrama\/","url":"https:\/\/www.itakaescolapios.org\/fr\/quienes-somos-8\/organos-de-gobierno\/organigrama\/","name":"ORGANIGRAMA - Itaka-Escolapios","isPartOf":{"@id":"https:\/\/www.itakaescolapios.org\/es\/#website"},"primaryImageOfPage":{"@id":"https:\/\/www.itakaescolapios.org\/fr\/quienes-somos-8\/organos-de-gobierno\/organigrama\/#primaryimage"},"image":{"@id":"https:\/\/www.itakaescolapios.org\/fr\/quienes-somos-8\/organos-de-gobierno\/organigrama\/#primaryimage"},"thumbnailUrl":"https:\/\/www.itakaescolapios.org\/wp-content\/uploads\/2023\/03\/230306-mapa-ie_es-300x197.jpg","datePublished":"2018-04-27T11:19:48+00:00","dateModified":"2023-11-28T11:37:30+00:00","breadcrumb":{"@id":"https:\/\/www.itakaescolapios.org\/fr\/quienes-somos-8\/organos-de-gobierno\/organigrama\/#breadcrumb"},"inLanguage":"fr-FR","potentialAction":[{"@type":"ReadAction","target":["https:\/\/www.itakaescolapios.org\/fr\/quienes-somos-8\/organos-de-gobierno\/organigrama\/"]}]},{"@type":"ImageObject","inLanguage":"fr-FR","@id":"https:\/\/www.itakaescolapios.org\/fr\/quienes-somos-8\/organos-de-gobierno\/organigrama\/#primaryimage","url":"https:\/\/www.itakaescolapios.org\/wp-content\/uploads\/2023\/03\/230306-mapa-ie_es-300x197.jpg","contentUrl":"https:\/\/www.itakaescolapios.org\/wp-content\/uploads\/2023\/03\/230306-mapa-ie_es-300x197.jpg"},{"@type":"BreadcrumbList","@id":"https:\/\/www.itakaescolapios.org\/fr\/quienes-somos-8\/organos-de-gobierno\/organigrama\/#breadcrumb","itemListElement":[{"@type":"ListItem","position":1,"name":"Itaka-Escolapios","item":"https:\/\/www.itakaescolapios.org\/es\/"},{"@type":"ListItem","position":2,"name":"Qui sommes-nous","item":"https:\/\/www.itakaescolapios.org\/es\/quienes-somos-8\/"},{"@type":"ListItem","position":3,"name":"Organes de Gouvernement","item":"https:\/\/www.itakaescolapios.org\/es\/quienes-somos-8\/organos-de-gobierno\/"},{"@type":"ListItem","position":4,"name":"ORGANIGRAMME"}]},{"@type":"WebSite","@id":"https:\/\/www.itakaescolapios.org\/fr\/es\/#website","url":"https:\/\/www.itakaescolapios.org\/fr\/es\/","name":"Itaka-Escolapios","description":"Red de Itaka-Escolapios","publisher":{"@id":"https:\/\/www.itakaescolapios.org\/fr\/es\/#organization"},"potentialAction":[{"@type":"SearchAction","target":{"@type":"EntryPoint","urlTemplate":"https:\/\/www.itakaescolapios.org\/fr\/es\/?s={search_term_string}"},"query-input":{"@type":"PropertyValueSpecification","valueRequired":true,"valueName":"search_term_string"}}],"inLanguage":"fr-FR"},{"@type":"Organization","@id":"https:\/\/www.itakaescolapios.org\/fr\/es\/#organization","name":"Fundaci\u00f3 Itaka-Escolapios","url":"https:\/\/www.itakaescolapios.org\/fr\/es\/","logo":{"@type":"ImageObject","inLanguage":"fr-FR","@id":"https:\/\/www.itakaescolapios.org\/fr\/es\/#\/schema\/logo\/image\/","url":"https:\/\/www.itakaescolapios.org\/wp-content\/uploads\/2024\/04\/Logo-itakaescolapios-peque.png","contentUrl":"https:\/\/www.itakaescolapios.org\/wp-content\/uploads\/2024\/04\/Logo-itakaescolapios-peque.png","width":500,"height":199,"caption":"Fundaci\u00f3 Itaka-Escolapios"},"image":{"@id":"https:\/\/www.itakaescolapios.org\/fr\/es\/#\/schema\/logo\/image\/"}}]}},"_links":{"self":[{"href":"https:\/\/www.itakaescolapios.org\/fr\/wp-json\/wp\/v2\/pages\/22822","targetHints":{"allow":["GET"]}}],"collection":[{"href":"https:\/\/www.itakaescolapios.org\/fr\/wp-json\/wp\/v2\/pages"}],"about":[{"href":"https:\/\/www.itakaescolapios.org\/fr\/wp-json\/wp\/v2\/types\/page"}],"author":[{"embeddable":true,"href":"https:\/\/www.itakaescolapios.org\/fr\/wp-json\/wp\/v2\/users\/46"}],"replies":[{"embeddable":true,"href":"https:\/\/www.itakaescolapios.org\/fr\/wp-json\/wp\/v2\/comments?post=22822"}],"version-history":[{"count":28,"href":"https:\/\/www.itakaescolapios.org\/fr\/wp-json\/wp\/v2\/pages\/22822\/revisions"}],"predecessor-version":[{"id":46813,"href":"https:\/\/www.itakaescolapios.org\/fr\/wp-json\/wp\/v2\/pages\/22822\/revisions\/46813"}],"up":[{"embeddable":true,"href":"https:\/\/www.itakaescolapios.org\/fr\/wp-json\/wp\/v2\/pages\/53"}],"wp:attachment":[{"href":"https:\/\/www.itakaescolapios.org\/fr\/wp-json\/wp\/v2\/media?parent=22822"}],"curies":[{"name":"wp","href":"https:\/\/api.w.org\/{rel}","templated":true}]}}