{"id":246,"date":"2012-05-31T17:55:37","date_gmt":"2012-05-31T16:55:37","guid":{"rendered":"https:\/\/www.itakaescolapios.org\/?page_id=246"},"modified":"2023-11-28T12:39:48","modified_gmt":"2023-11-28T11:39:48","slug":"cse-governador-de-valadares-brasil","status":"publish","type":"page","link":"https:\/\/www.itakaescolapios.org\/fr\/que-faisons-nous\/centros-socio-educativos\/cse-governador-de-valadares-brasil\/","title":{"rendered":"CSE Governador Valadares (Br\u00e9sil)"},"content":{"rendered":"<p style=\"text-align: justify;\" align=\"JUSTIFY\">Le centre socio\u00e9ducatif de Governador Valadares est situ\u00e9 dans une zone pauvre des environs de la ville avec des indices \u00e9lev\u00e9s de violence et d&rsquo;addiction aux drogues.<\/p>\n<p style=\"text-align: justify;\" align=\"JUSTIFY\">C\u2019est le plus grand des centres socio\u00e9ducatifs d&rsquo;Itaka-Escolapios au Br\u00e9sil avec une superficie de 2.500 m2, offrant des services \u00e0 cinq quartiers de la ville d\u00b4une population d\u00b4environ 27.528 habitants.<\/p>\n<p style=\"text-align: justify;\" align=\"JUSTIFY\">Le centre poss\u00e8de trois salles d\u2019usage divers, une salle d&rsquo;informatique, une salle-atelier d&rsquo;esth\u00e9tique, une salle de danse, une salle multim\u00e9dia, une biblioth\u00e8que, une cuisine semi-industrielle, un grand r\u00e9fectoire, un centre sportif couvert avec vestiaires, une place centrale, une terrasse couverte, une zone de jeux et des bureaux administratifs.<\/p>\n<p style=\"text-align: justify;\" align=\"JUSTIFY\">Les programmes suivants sont d\u00e9velopp\u00e9s au centre :<\/p>\n<ul>\n<li style=\"text-align: justify;\">\n<p align=\"JUSTIFY\">Apprentissage : un apprentissage d&rsquo;aptitudes pour l&rsquo;auto-emploi et la cr\u00e9ation d&rsquo;entreprises. Ces formations sont r\u00e9serv\u00e9es aux personnes de 16 ans et plus.<\/p>\n<\/li>\n<li style=\"text-align: justify;\">\n<p align=\"JUSTIFY\">Journ\u00e9e scolaire prolong\u00e9e : formation pour le d\u00e9veloppement cognitif et la construction des identit\u00e9s personnelles et sociales. Pour des enfants de 6 \u00e0 15 ans.<\/p>\n<\/li>\n<li style=\"text-align: justify;\">\n<p align=\"JUSTIFY\">Leadership juv\u00e9nile : conf\u00e9rences, expositions et orientation professionnelle en vue de l&rsquo;\u00e9mancipation et l&rsquo;\u00e9ducation civique des jeunes et des adolescents.<\/p>\n<\/li>\n<li style=\"text-align: justify;\">\n<p align=\"JUSTIFY\">Formation professionnelle\u00a0: capacitation professionnelle et formation en aptitudes de base pour le travail des personnes \u00e2g\u00e9es de 16 ans et plus.<\/p>\n<\/li>\n<li>\n<p style=\"text-align: justify;\" align=\"JUSTIFY\">Socialisation : apprentissage culturel et de loisirs \u00e0 l&rsquo;\u00e9cole pour les enfants de 10 ans et les adolescents.<\/p>\n<\/li>\n<\/ul>\n","protected":false},"excerpt":{"rendered":"<p>Le centre socio\u00e9ducatif de Governador Valadares est situ\u00e9 dans une zone pauvre des environs de la ville avec des indices \u00e9lev\u00e9s de violence et d&rsquo;addiction aux drogues. C\u2019est le plus [&hellip;]<\/p>\n","protected":false},"author":1,"featured_media":16297,"parent":83,"menu_order":3,"comment_status":"closed","ping_status":"closed","template":"","meta":{"_et_pb_use_builder":"","_et_pb_old_content":"","_et_gb_content_width":"","footnotes":""},"class_list":["post-246","page","type-page","status-publish","has-post-thumbnail","hentry"],"yoast_head":"<!-- This site is optimized with the Yoast SEO plugin v27.3 - https:\/\/yoast.com\/product\/yoast-seo-wordpress\/ -->\n<title>CSE Governador Valadares (Br\u00e9sil)<\/title>\n<meta name=\"description\" content=\"Le centre socio\u00e9ducatif de Governador Valadares est situ\u00e9 dans une zone pauvre des environs de la ville avec des indices \u00e9lev\u00e9s de violence et d&#039;addiction aux drogues. C\u2019est le plus grand des centres socio\u00e9ducatifs d&#039;Itaka-Escolapios au Br\u00e9sil avec une superficie de 2.500 m2, offrant des services \u00e0 cinq quartiers de la ville d\u00b4une population d\u00b4environ\u2026\" \/>\n<meta name=\"robots\" content=\"index, follow, max-snippet:-1, max-image-preview:large, max-video-preview:-1\" \/>\n<link rel=\"canonical\" href=\"http:\/\/Le%20centre%20socio\u00e9ducatif%20de%20Governador%20Valadares%20est%20situ\u00e9%20dans%20une%20zone%20pauvre%20des%20environs%20de%20la%20ville%20avec%20des%20indices%20\u00e9lev\u00e9s%20de%20violence%20et%20d'addiction%20aux%20drogues.%20C\u2019est%20le%20plus%20grand%20des%20centres%20socio\u00e9ducatifs%20d'Itaka-Escolapios%20au%20Br\u00e9sil%20avec%20une%20superficie%20de%202.500%20m2,%20offrant%20des%20services%20\u00e0%20cinq%20quartiers%20de%20la%20ville%20d\u00b4une%20population%20d\u00b4environ\u2026\" \/>\n<meta property=\"og:locale\" content=\"fr_FR\" \/>\n<meta property=\"og:type\" content=\"article\" \/>\n<meta property=\"og:title\" content=\"CSE Governador Valadares (Br\u00e9sil)\" \/>\n<meta property=\"og:description\" content=\"Le centre socio\u00e9ducatif de Governador Valadares est situ\u00e9 dans une zone pauvre des environs de la ville avec des indices \u00e9lev\u00e9s de violence et d&#039;addiction aux drogues. C\u2019est le plus grand des centres socio\u00e9ducatifs d&#039;Itaka-Escolapios au Br\u00e9sil avec une superficie de 2.500 m2, offrant des services \u00e0 cinq quartiers de la ville d\u00b4une population d\u00b4environ\u2026\" \/>\n<meta property=\"og:url\" content=\"https:\/\/www.itakaescolapios.org\/fr\/que-faisons-nous\/centros-socio-educativos\/cse-governador-de-valadares-brasil\/\" \/>\n<meta property=\"og:site_name\" content=\"Itaka-Escolapios\" \/>\n<meta property=\"article:modified_time\" content=\"2023-11-28T11:39:48+00:00\" \/>\n<meta property=\"og:image\" content=\"https:\/\/www.itakaescolapios.org\/wp-content\/uploads\/2012\/05\/02.jpg\" \/>\n\t<meta property=\"og:image:width\" content=\"1000\" \/>\n\t<meta property=\"og:image:height\" content=\"1500\" \/>\n\t<meta property=\"og:image:type\" content=\"image\/jpeg\" \/>\n<meta name=\"twitter:card\" content=\"summary_large_image\" \/>\n<meta name=\"twitter:label1\" content=\"Dur\u00e9e de lecture estim\u00e9e\" \/>\n\t<meta name=\"twitter:data1\" content=\"1 minute\" \/>\n<script type=\"application\/ld+json\" class=\"yoast-schema-graph\">{\"@context\":\"https:\\\/\\\/schema.org\",\"@graph\":[{\"@type\":\"WebPage\",\"@id\":\"https:\\\/\\\/www.itakaescolapios.org\\\/fr\\\/que-faisons-nous\\\/centros-socio-educativos\\\/cse-governador-de-valadares-brasil\\\/\",\"url\":\"https:\\\/\\\/www.itakaescolapios.org\\\/fr\\\/que-faisons-nous\\\/centros-socio-educativos\\\/cse-governador-de-valadares-brasil\\\/\",\"name\":\"CSE SAN JOS\u00c9 DE CALASANZ Governador Valadares (Brasil) - Itaka-Escolapios\",\"isPartOf\":{\"@id\":\"https:\\\/\\\/www.itakaescolapios.org\\\/es\\\/#website\"},\"primaryImageOfPage\":{\"@id\":\"https:\\\/\\\/www.itakaescolapios.org\\\/fr\\\/que-faisons-nous\\\/centros-socio-educativos\\\/cse-governador-de-valadares-brasil\\\/#primaryimage\"},\"image\":{\"@id\":\"https:\\\/\\\/www.itakaescolapios.org\\\/fr\\\/que-faisons-nous\\\/centros-socio-educativos\\\/cse-governador-de-valadares-brasil\\\/#primaryimage\"},\"thumbnailUrl\":\"https:\\\/\\\/www.itakaescolapios.org\\\/wp-content\\\/uploads\\\/2012\\\/05\\\/02.jpg\",\"datePublished\":\"2012-05-31T16:55:37+00:00\",\"dateModified\":\"2023-11-28T11:39:48+00:00\",\"breadcrumb\":{\"@id\":\"https:\\\/\\\/www.itakaescolapios.org\\\/fr\\\/que-faisons-nous\\\/centros-socio-educativos\\\/cse-governador-de-valadares-brasil\\\/#breadcrumb\"},\"inLanguage\":\"fr-FR\",\"potentialAction\":[{\"@type\":\"ReadAction\",\"target\":[\"https:\\\/\\\/www.itakaescolapios.org\\\/fr\\\/que-faisons-nous\\\/centros-socio-educativos\\\/cse-governador-de-valadares-brasil\\\/\"]}]},{\"@type\":\"ImageObject\",\"inLanguage\":\"fr-FR\",\"@id\":\"https:\\\/\\\/www.itakaescolapios.org\\\/fr\\\/que-faisons-nous\\\/centros-socio-educativos\\\/cse-governador-de-valadares-brasil\\\/#primaryimage\",\"url\":\"https:\\\/\\\/www.itakaescolapios.org\\\/wp-content\\\/uploads\\\/2012\\\/05\\\/02.jpg\",\"contentUrl\":\"https:\\\/\\\/www.itakaescolapios.org\\\/wp-content\\\/uploads\\\/2012\\\/05\\\/02.jpg\",\"width\":1000,\"height\":1500},{\"@type\":\"BreadcrumbList\",\"@id\":\"https:\\\/\\\/www.itakaescolapios.org\\\/fr\\\/que-faisons-nous\\\/centros-socio-educativos\\\/cse-governador-de-valadares-brasil\\\/#breadcrumb\",\"itemListElement\":[{\"@type\":\"ListItem\",\"position\":1,\"name\":\"Itaka-Escolapios\",\"item\":\"https:\\\/\\\/www.itakaescolapios.org\\\/es\\\/\"},{\"@type\":\"ListItem\",\"position\":2,\"name\":\"Que faisons-nous\",\"item\":\"https:\\\/\\\/www.itakaescolapios.org\\\/es\\\/que-hacemos\\\/\"},{\"@type\":\"ListItem\",\"position\":3,\"name\":\"Centres socio-\u00e9ducatifs\",\"item\":\"https:\\\/\\\/www.itakaescolapios.org\\\/es\\\/que-hacemos\\\/centros-socio-educativos\\\/\"},{\"@type\":\"ListItem\",\"position\":4,\"name\":\"CSE Governador Valadares (Br\u00e9sil)\"}]},{\"@type\":\"WebSite\",\"@id\":\"https:\\\/\\\/www.itakaescolapios.org\\\/fr\\\/es\\\/#website\",\"url\":\"https:\\\/\\\/www.itakaescolapios.org\\\/fr\\\/es\\\/\",\"name\":\"Itaka-Escolapios\",\"description\":\"Red de Itaka-Escolapios\",\"publisher\":{\"@id\":\"https:\\\/\\\/www.itakaescolapios.org\\\/fr\\\/es\\\/#organization\"},\"potentialAction\":[{\"@type\":\"SearchAction\",\"target\":{\"@type\":\"EntryPoint\",\"urlTemplate\":\"https:\\\/\\\/www.itakaescolapios.org\\\/fr\\\/es\\\/?s={search_term_string}\"},\"query-input\":{\"@type\":\"PropertyValueSpecification\",\"valueRequired\":true,\"valueName\":\"search_term_string\"}}],\"inLanguage\":\"fr-FR\"},{\"@type\":\"Organization\",\"@id\":\"https:\\\/\\\/www.itakaescolapios.org\\\/fr\\\/es\\\/#organization\",\"name\":\"Fundaci\u00f3 Itaka-Escolapios\",\"url\":\"https:\\\/\\\/www.itakaescolapios.org\\\/fr\\\/es\\\/\",\"logo\":{\"@type\":\"ImageObject\",\"inLanguage\":\"fr-FR\",\"@id\":\"https:\\\/\\\/www.itakaescolapios.org\\\/fr\\\/es\\\/#\\\/schema\\\/logo\\\/image\\\/\",\"url\":\"https:\\\/\\\/www.itakaescolapios.org\\\/wp-content\\\/uploads\\\/2024\\\/04\\\/Logo-itakaescolapios-peque.png\",\"contentUrl\":\"https:\\\/\\\/www.itakaescolapios.org\\\/wp-content\\\/uploads\\\/2024\\\/04\\\/Logo-itakaescolapios-peque.png\",\"width\":500,\"height\":199,\"caption\":\"Fundaci\u00f3 Itaka-Escolapios\"},\"image\":{\"@id\":\"https:\\\/\\\/www.itakaescolapios.org\\\/fr\\\/es\\\/#\\\/schema\\\/logo\\\/image\\\/\"}}]}<\/script>\n<!-- \/ Yoast SEO plugin. -->","yoast_head_json":{"title":"CSE Governador Valadares (Br\u00e9sil)","description":"Le centre socio\u00e9ducatif de Governador Valadares est situ\u00e9 dans une zone pauvre des environs de la ville avec des indices \u00e9lev\u00e9s de violence et d'addiction aux drogues. C\u2019est le plus grand des centres socio\u00e9ducatifs d'Itaka-Escolapios au Br\u00e9sil avec une superficie de 2.500 m2, offrant des services \u00e0 cinq quartiers de la ville d\u00b4une population d\u00b4environ\u2026","robots":{"index":"index","follow":"follow","max-snippet":"max-snippet:-1","max-image-preview":"max-image-preview:large","max-video-preview":"max-video-preview:-1"},"canonical":"Le centre socio\u00e9ducatif de Governador Valadares est situ\u00e9 dans une zone pauvre des environs de la ville avec des indices \u00e9lev\u00e9s de violence et d'addiction aux drogues. C\u2019est le plus grand des centres socio\u00e9ducatifs d'Itaka-Escolapios au Br\u00e9sil avec une superficie de 2.500 m2, offrant des services \u00e0 cinq quartiers de la ville d\u00b4une population d\u00b4environ\u2026","og_locale":"fr_FR","og_type":"article","og_title":"CSE Governador Valadares (Br\u00e9sil)","og_description":"Le centre socio\u00e9ducatif de Governador Valadares est situ\u00e9 dans une zone pauvre des environs de la ville avec des indices \u00e9lev\u00e9s de violence et d'addiction aux drogues. C\u2019est le plus grand des centres socio\u00e9ducatifs d'Itaka-Escolapios au Br\u00e9sil avec une superficie de 2.500 m2, offrant des services \u00e0 cinq quartiers de la ville d\u00b4une population d\u00b4environ\u2026","og_url":"https:\/\/www.itakaescolapios.org\/fr\/que-faisons-nous\/centros-socio-educativos\/cse-governador-de-valadares-brasil\/","og_site_name":"Itaka-Escolapios","article_modified_time":"2023-11-28T11:39:48+00:00","og_image":[{"width":1000,"height":1500,"url":"https:\/\/www.itakaescolapios.org\/wp-content\/uploads\/2012\/05\/02.jpg","type":"image\/jpeg"}],"twitter_card":"summary_large_image","twitter_misc":{"Dur\u00e9e de lecture estim\u00e9e":"1 minute"},"schema":{"@context":"https:\/\/schema.org","@graph":[{"@type":"WebPage","@id":"https:\/\/www.itakaescolapios.org\/fr\/que-faisons-nous\/centros-socio-educativos\/cse-governador-de-valadares-brasil\/","url":"https:\/\/www.itakaescolapios.org\/fr\/que-faisons-nous\/centros-socio-educativos\/cse-governador-de-valadares-brasil\/","name":"CSE SAN JOS\u00c9 DE CALASANZ Governador Valadares (Brasil) - Itaka-Escolapios","isPartOf":{"@id":"https:\/\/www.itakaescolapios.org\/es\/#website"},"primaryImageOfPage":{"@id":"https:\/\/www.itakaescolapios.org\/fr\/que-faisons-nous\/centros-socio-educativos\/cse-governador-de-valadares-brasil\/#primaryimage"},"image":{"@id":"https:\/\/www.itakaescolapios.org\/fr\/que-faisons-nous\/centros-socio-educativos\/cse-governador-de-valadares-brasil\/#primaryimage"},"thumbnailUrl":"https:\/\/www.itakaescolapios.org\/wp-content\/uploads\/2012\/05\/02.jpg","datePublished":"2012-05-31T16:55:37+00:00","dateModified":"2023-11-28T11:39:48+00:00","breadcrumb":{"@id":"https:\/\/www.itakaescolapios.org\/fr\/que-faisons-nous\/centros-socio-educativos\/cse-governador-de-valadares-brasil\/#breadcrumb"},"inLanguage":"fr-FR","potentialAction":[{"@type":"ReadAction","target":["https:\/\/www.itakaescolapios.org\/fr\/que-faisons-nous\/centros-socio-educativos\/cse-governador-de-valadares-brasil\/"]}]},{"@type":"ImageObject","inLanguage":"fr-FR","@id":"https:\/\/www.itakaescolapios.org\/fr\/que-faisons-nous\/centros-socio-educativos\/cse-governador-de-valadares-brasil\/#primaryimage","url":"https:\/\/www.itakaescolapios.org\/wp-content\/uploads\/2012\/05\/02.jpg","contentUrl":"https:\/\/www.itakaescolapios.org\/wp-content\/uploads\/2012\/05\/02.jpg","width":1000,"height":1500},{"@type":"BreadcrumbList","@id":"https:\/\/www.itakaescolapios.org\/fr\/que-faisons-nous\/centros-socio-educativos\/cse-governador-de-valadares-brasil\/#breadcrumb","itemListElement":[{"@type":"ListItem","position":1,"name":"Itaka-Escolapios","item":"https:\/\/www.itakaescolapios.org\/es\/"},{"@type":"ListItem","position":2,"name":"Que faisons-nous","item":"https:\/\/www.itakaescolapios.org\/es\/que-hacemos\/"},{"@type":"ListItem","position":3,"name":"Centres socio-\u00e9ducatifs","item":"https:\/\/www.itakaescolapios.org\/es\/que-hacemos\/centros-socio-educativos\/"},{"@type":"ListItem","position":4,"name":"CSE Governador Valadares (Br\u00e9sil)"}]},{"@type":"WebSite","@id":"https:\/\/www.itakaescolapios.org\/fr\/es\/#website","url":"https:\/\/www.itakaescolapios.org\/fr\/es\/","name":"Itaka-Escolapios","description":"Red de Itaka-Escolapios","publisher":{"@id":"https:\/\/www.itakaescolapios.org\/fr\/es\/#organization"},"potentialAction":[{"@type":"SearchAction","target":{"@type":"EntryPoint","urlTemplate":"https:\/\/www.itakaescolapios.org\/fr\/es\/?s={search_term_string}"},"query-input":{"@type":"PropertyValueSpecification","valueRequired":true,"valueName":"search_term_string"}}],"inLanguage":"fr-FR"},{"@type":"Organization","@id":"https:\/\/www.itakaescolapios.org\/fr\/es\/#organization","name":"Fundaci\u00f3 Itaka-Escolapios","url":"https:\/\/www.itakaescolapios.org\/fr\/es\/","logo":{"@type":"ImageObject","inLanguage":"fr-FR","@id":"https:\/\/www.itakaescolapios.org\/fr\/es\/#\/schema\/logo\/image\/","url":"https:\/\/www.itakaescolapios.org\/wp-content\/uploads\/2024\/04\/Logo-itakaescolapios-peque.png","contentUrl":"https:\/\/www.itakaescolapios.org\/wp-content\/uploads\/2024\/04\/Logo-itakaescolapios-peque.png","width":500,"height":199,"caption":"Fundaci\u00f3 Itaka-Escolapios"},"image":{"@id":"https:\/\/www.itakaescolapios.org\/fr\/es\/#\/schema\/logo\/image\/"}}]}},"_links":{"self":[{"href":"https:\/\/www.itakaescolapios.org\/fr\/wp-json\/wp\/v2\/pages\/246","targetHints":{"allow":["GET"]}}],"collection":[{"href":"https:\/\/www.itakaescolapios.org\/fr\/wp-json\/wp\/v2\/pages"}],"about":[{"href":"https:\/\/www.itakaescolapios.org\/fr\/wp-json\/wp\/v2\/types\/page"}],"author":[{"embeddable":true,"href":"https:\/\/www.itakaescolapios.org\/fr\/wp-json\/wp\/v2\/users\/1"}],"replies":[{"embeddable":true,"href":"https:\/\/www.itakaescolapios.org\/fr\/wp-json\/wp\/v2\/comments?post=246"}],"version-history":[{"count":17,"href":"https:\/\/www.itakaescolapios.org\/fr\/wp-json\/wp\/v2\/pages\/246\/revisions"}],"predecessor-version":[{"id":50283,"href":"https:\/\/www.itakaescolapios.org\/fr\/wp-json\/wp\/v2\/pages\/246\/revisions\/50283"}],"up":[{"embeddable":true,"href":"https:\/\/www.itakaescolapios.org\/fr\/wp-json\/wp\/v2\/pages\/83"}],"wp:featuredmedia":[{"embeddable":true,"href":"https:\/\/www.itakaescolapios.org\/fr\/wp-json\/wp\/v2\/media\/16297"}],"wp:attachment":[{"href":"https:\/\/www.itakaescolapios.org\/fr\/wp-json\/wp\/v2\/media?parent=246"}],"curies":[{"name":"wp","href":"https:\/\/api.w.org\/{rel}","templated":true}]}}