{"id":24641,"date":"2018-10-04T14:18:23","date_gmt":"2018-10-04T13:18:23","guid":{"rendered":"https:\/\/www.itakaescolapios.org\/?page_id=24641"},"modified":"2023-11-28T12:37:13","modified_gmt":"2023-11-28T11:37:13","slug":"2018-2019-al-ritmo-del-congo","status":"publish","type":"page","link":"https:\/\/www.itakaescolapios.org\/fr\/campanas\/2018-2019-al-ritmo-del-congo\/","title":{"rendered":"2018-2019 AU RYTHME DU CONGO"},"content":{"rendered":"<p>Cette ann\u00e9e, la campagne de solidarit\u00e9 d\u2019Itaka-Escolapios se lance un nouveau d\u00e9fi int\u00e9ressant : nos regards et nos efforts se tournent vers la R\u00e9publique D\u00e9mocratique du Congo, un pays en plein c\u0153ur de l\u2019Afrique qui incarne comme aucun autre la force, la richesse et les r\u00eaves du continent, bien qu\u2019aussi ses graves probl\u00e8mes et injustices.<\/p>\n<p>La mission piariste en R\u00e9publique D\u00e9mocratique du Congo se d\u00e9roule dans un contexte sp\u00e9cialement difficile, de par la grande instabilit\u00e9 politique et la persistance de graves carences pour la majorit\u00e9 de sa population qui vit dans la pauvret\u00e9.<\/p>\n<p>Mais la r\u00e9alit\u00e9 de la R.D.C., malheureusement, ne se r\u00e9duit pas \u00e0 cette image n\u00e9gative : le pays poss\u00e8de un grand potentiel culturel et humain gr\u00e2ce auquel on peut esp\u00e9rer un futur meilleur, qui se doit d\u2019\u00eatre construit sp\u00e9cialement \u00e0 l\u2019aide de l\u2019\u00e9ducation. <\/p>\n<p>Suivant la devise de cette ann\u00e9e, la campagne de solidarit\u00e9 met ENTRE VOS MAINS -entre nos mains- les d\u00e9fis et n\u00e9cessit\u00e9s de la mission piariste en R.D.C., et par la m\u00eame occasion, les r\u00eaves de tant d\u2019enfants et de jeunes gens qui sont les v\u00e9ritables protagonistes de nos projets l\u00e0-bas.<\/p>\n","protected":false},"excerpt":{"rendered":"<p>Cette ann\u00e9e, la campagne de solidarit\u00e9 d\u2019Itaka-Escolapios se lance un nouveau d\u00e9fi int\u00e9ressant : nos regards et nos efforts se tournent vers la R\u00e9publique D\u00e9mocratique du Congo, un pays en [&hellip;]<\/p>\n","protected":false},"author":46,"featured_media":0,"parent":7523,"menu_order":3,"comment_status":"closed","ping_status":"closed","template":"","meta":{"_et_pb_use_builder":"","_et_pb_old_content":"","_et_gb_content_width":"","footnotes":""},"class_list":["post-24641","page","type-page","status-publish","hentry"],"yoast_head":"<!-- This site is optimized with the Yoast SEO plugin v27.3 - https:\/\/yoast.com\/product\/yoast-seo-wordpress\/ -->\n<title>2018-2019 AU RYTHME DU CONGO<\/title>\n<meta name=\"description\" content=\"Cette ann\u00e9e, la campagne de solidarit\u00e9 d\u2019Itaka-Escolapios se lance un nouveau d\u00e9fi int\u00e9ressant : nos regards et nos efforts se tournent vers la R\u00e9publique D\u00e9mocratique du Congo, un pays en plein c\u0153ur de l\u2019Afrique qui incarne comme aucun autre la force, la richesse et les r\u00eaves du continent, bien qu\u2019aussi ses graves probl\u00e8mes et injustices.\u2026\" \/>\n<meta name=\"robots\" content=\"index, follow, max-snippet:-1, max-image-preview:large, max-video-preview:-1\" \/>\n<link rel=\"canonical\" href=\"\" \/>\n<meta property=\"og:locale\" content=\"fr_FR\" \/>\n<meta property=\"og:type\" content=\"article\" \/>\n<meta property=\"og:title\" content=\"2018-2019 AU RYTHME DU CONGO\" \/>\n<meta property=\"og:description\" content=\"Cette ann\u00e9e, la campagne de solidarit\u00e9 d\u2019Itaka-Escolapios se lance un nouveau d\u00e9fi int\u00e9ressant : nos regards et nos efforts se tournent vers la R\u00e9publique D\u00e9mocratique du Congo, un pays en plein c\u0153ur de l\u2019Afrique qui incarne comme aucun autre la force, la richesse et les r\u00eaves du continent, bien qu\u2019aussi ses graves probl\u00e8mes et injustices.\u2026\" \/>\n<meta property=\"og:url\" content=\"https:\/\/www.itakaescolapios.org\/fr\/campanas\/2018-2019-al-ritmo-del-congo\/\" \/>\n<meta property=\"og:site_name\" content=\"Itaka-Escolapios\" \/>\n<meta property=\"article:modified_time\" content=\"2023-11-28T11:37:13+00:00\" \/>\n<meta name=\"twitter:card\" content=\"summary_large_image\" \/>\n<meta name=\"twitter:label1\" content=\"Dur\u00e9e de lecture estim\u00e9e\" \/>\n\t<meta name=\"twitter:data1\" content=\"1 minute\" \/>\n<script type=\"application\/ld+json\" class=\"yoast-schema-graph\">{\"@context\":\"https:\\\/\\\/schema.org\",\"@graph\":[{\"@type\":\"WebPage\",\"@id\":\"https:\\\/\\\/www.itakaescolapios.org\\\/fr\\\/campanas\\\/2018-2019-al-ritmo-del-congo\\\/\",\"url\":\"https:\\\/\\\/www.itakaescolapios.org\\\/fr\\\/campanas\\\/2018-2019-al-ritmo-del-congo\\\/\",\"name\":\"2018-2019 AL RITMO DE CONGO - Itaka-Escolapios\",\"isPartOf\":{\"@id\":\"https:\\\/\\\/www.itakaescolapios.org\\\/es\\\/#website\"},\"datePublished\":\"2018-10-04T13:18:23+00:00\",\"dateModified\":\"2023-11-28T11:37:13+00:00\",\"breadcrumb\":{\"@id\":\"https:\\\/\\\/www.itakaescolapios.org\\\/fr\\\/campanas\\\/2018-2019-al-ritmo-del-congo\\\/#breadcrumb\"},\"inLanguage\":\"fr-FR\",\"potentialAction\":[{\"@type\":\"ReadAction\",\"target\":[\"https:\\\/\\\/www.itakaescolapios.org\\\/fr\\\/campanas\\\/2018-2019-al-ritmo-del-congo\\\/\"]}]},{\"@type\":\"BreadcrumbList\",\"@id\":\"https:\\\/\\\/www.itakaescolapios.org\\\/fr\\\/campanas\\\/2018-2019-al-ritmo-del-congo\\\/#breadcrumb\",\"itemListElement\":[{\"@type\":\"ListItem\",\"position\":1,\"name\":\"Itaka-Escolapios\",\"item\":\"https:\\\/\\\/www.itakaescolapios.org\\\/es\\\/\"},{\"@type\":\"ListItem\",\"position\":2,\"name\":\"Campagnes\",\"item\":\"https:\\\/\\\/www.itakaescolapios.org\\\/es\\\/campanas\\\/\"},{\"@type\":\"ListItem\",\"position\":3,\"name\":\"2018-2019 AU RYTHME DU CONGO\"}]},{\"@type\":\"WebSite\",\"@id\":\"https:\\\/\\\/www.itakaescolapios.org\\\/fr\\\/es\\\/#website\",\"url\":\"https:\\\/\\\/www.itakaescolapios.org\\\/fr\\\/es\\\/\",\"name\":\"Itaka-Escolapios\",\"description\":\"Red de Itaka-Escolapios\",\"publisher\":{\"@id\":\"https:\\\/\\\/www.itakaescolapios.org\\\/fr\\\/es\\\/#organization\"},\"potentialAction\":[{\"@type\":\"SearchAction\",\"target\":{\"@type\":\"EntryPoint\",\"urlTemplate\":\"https:\\\/\\\/www.itakaescolapios.org\\\/fr\\\/es\\\/?s={search_term_string}\"},\"query-input\":{\"@type\":\"PropertyValueSpecification\",\"valueRequired\":true,\"valueName\":\"search_term_string\"}}],\"inLanguage\":\"fr-FR\"},{\"@type\":\"Organization\",\"@id\":\"https:\\\/\\\/www.itakaescolapios.org\\\/fr\\\/es\\\/#organization\",\"name\":\"Fundaci\u00f3 Itaka-Escolapios\",\"url\":\"https:\\\/\\\/www.itakaescolapios.org\\\/fr\\\/es\\\/\",\"logo\":{\"@type\":\"ImageObject\",\"inLanguage\":\"fr-FR\",\"@id\":\"https:\\\/\\\/www.itakaescolapios.org\\\/fr\\\/es\\\/#\\\/schema\\\/logo\\\/image\\\/\",\"url\":\"https:\\\/\\\/www.itakaescolapios.org\\\/wp-content\\\/uploads\\\/2024\\\/04\\\/Logo-itakaescolapios-peque.png\",\"contentUrl\":\"https:\\\/\\\/www.itakaescolapios.org\\\/wp-content\\\/uploads\\\/2024\\\/04\\\/Logo-itakaescolapios-peque.png\",\"width\":500,\"height\":199,\"caption\":\"Fundaci\u00f3 Itaka-Escolapios\"},\"image\":{\"@id\":\"https:\\\/\\\/www.itakaescolapios.org\\\/fr\\\/es\\\/#\\\/schema\\\/logo\\\/image\\\/\"}}]}<\/script>\n<!-- \/ Yoast SEO plugin. -->","yoast_head_json":{"title":"2018-2019 AU RYTHME DU CONGO","description":"Cette ann\u00e9e, la campagne de solidarit\u00e9 d\u2019Itaka-Escolapios se lance un nouveau d\u00e9fi int\u00e9ressant : nos regards et nos efforts se tournent vers la R\u00e9publique D\u00e9mocratique du Congo, un pays en plein c\u0153ur de l\u2019Afrique qui incarne comme aucun autre la force, la richesse et les r\u00eaves du continent, bien qu\u2019aussi ses graves probl\u00e8mes et injustices.\u2026","robots":{"index":"index","follow":"follow","max-snippet":"max-snippet:-1","max-image-preview":"max-image-preview:large","max-video-preview":"max-video-preview:-1"},"canonical":"Cette ann\u00e9e, la campagne de solidarit\u00e9 d\u2019Itaka-Escolapios se lance un nouveau d\u00e9fi int\u00e9ressant : nos regards et nos efforts se tournent vers la R\u00e9publique D\u00e9mocratique du Congo, un pays en plein c\u0153ur de l\u2019Afrique qui incarne comme aucun autre la force, la richesse et les r\u00eaves du continent, bien qu\u2019aussi ses graves probl\u00e8mes et injustices.\u2026","og_locale":"fr_FR","og_type":"article","og_title":"2018-2019 AU RYTHME DU CONGO","og_description":"Cette ann\u00e9e, la campagne de solidarit\u00e9 d\u2019Itaka-Escolapios se lance un nouveau d\u00e9fi int\u00e9ressant : nos regards et nos efforts se tournent vers la R\u00e9publique D\u00e9mocratique du Congo, un pays en plein c\u0153ur de l\u2019Afrique qui incarne comme aucun autre la force, la richesse et les r\u00eaves du continent, bien qu\u2019aussi ses graves probl\u00e8mes et injustices.\u2026","og_url":"https:\/\/www.itakaescolapios.org\/fr\/campanas\/2018-2019-al-ritmo-del-congo\/","og_site_name":"Itaka-Escolapios","article_modified_time":"2023-11-28T11:37:13+00:00","twitter_card":"summary_large_image","twitter_misc":{"Dur\u00e9e de lecture estim\u00e9e":"1 minute"},"schema":{"@context":"https:\/\/schema.org","@graph":[{"@type":"WebPage","@id":"https:\/\/www.itakaescolapios.org\/fr\/campanas\/2018-2019-al-ritmo-del-congo\/","url":"https:\/\/www.itakaescolapios.org\/fr\/campanas\/2018-2019-al-ritmo-del-congo\/","name":"2018-2019 AL RITMO DE CONGO - Itaka-Escolapios","isPartOf":{"@id":"https:\/\/www.itakaescolapios.org\/es\/#website"},"datePublished":"2018-10-04T13:18:23+00:00","dateModified":"2023-11-28T11:37:13+00:00","breadcrumb":{"@id":"https:\/\/www.itakaescolapios.org\/fr\/campanas\/2018-2019-al-ritmo-del-congo\/#breadcrumb"},"inLanguage":"fr-FR","potentialAction":[{"@type":"ReadAction","target":["https:\/\/www.itakaescolapios.org\/fr\/campanas\/2018-2019-al-ritmo-del-congo\/"]}]},{"@type":"BreadcrumbList","@id":"https:\/\/www.itakaescolapios.org\/fr\/campanas\/2018-2019-al-ritmo-del-congo\/#breadcrumb","itemListElement":[{"@type":"ListItem","position":1,"name":"Itaka-Escolapios","item":"https:\/\/www.itakaescolapios.org\/es\/"},{"@type":"ListItem","position":2,"name":"Campagnes","item":"https:\/\/www.itakaescolapios.org\/es\/campanas\/"},{"@type":"ListItem","position":3,"name":"2018-2019 AU RYTHME DU CONGO"}]},{"@type":"WebSite","@id":"https:\/\/www.itakaescolapios.org\/fr\/es\/#website","url":"https:\/\/www.itakaescolapios.org\/fr\/es\/","name":"Itaka-Escolapios","description":"Red de Itaka-Escolapios","publisher":{"@id":"https:\/\/www.itakaescolapios.org\/fr\/es\/#organization"},"potentialAction":[{"@type":"SearchAction","target":{"@type":"EntryPoint","urlTemplate":"https:\/\/www.itakaescolapios.org\/fr\/es\/?s={search_term_string}"},"query-input":{"@type":"PropertyValueSpecification","valueRequired":true,"valueName":"search_term_string"}}],"inLanguage":"fr-FR"},{"@type":"Organization","@id":"https:\/\/www.itakaescolapios.org\/fr\/es\/#organization","name":"Fundaci\u00f3 Itaka-Escolapios","url":"https:\/\/www.itakaescolapios.org\/fr\/es\/","logo":{"@type":"ImageObject","inLanguage":"fr-FR","@id":"https:\/\/www.itakaescolapios.org\/fr\/es\/#\/schema\/logo\/image\/","url":"https:\/\/www.itakaescolapios.org\/wp-content\/uploads\/2024\/04\/Logo-itakaescolapios-peque.png","contentUrl":"https:\/\/www.itakaescolapios.org\/wp-content\/uploads\/2024\/04\/Logo-itakaescolapios-peque.png","width":500,"height":199,"caption":"Fundaci\u00f3 Itaka-Escolapios"},"image":{"@id":"https:\/\/www.itakaescolapios.org\/fr\/es\/#\/schema\/logo\/image\/"}}]}},"_links":{"self":[{"href":"https:\/\/www.itakaescolapios.org\/fr\/wp-json\/wp\/v2\/pages\/24641","targetHints":{"allow":["GET"]}}],"collection":[{"href":"https:\/\/www.itakaescolapios.org\/fr\/wp-json\/wp\/v2\/pages"}],"about":[{"href":"https:\/\/www.itakaescolapios.org\/fr\/wp-json\/wp\/v2\/types\/page"}],"author":[{"embeddable":true,"href":"https:\/\/www.itakaescolapios.org\/fr\/wp-json\/wp\/v2\/users\/46"}],"replies":[{"embeddable":true,"href":"https:\/\/www.itakaescolapios.org\/fr\/wp-json\/wp\/v2\/comments?post=24641"}],"version-history":[{"count":19,"href":"https:\/\/www.itakaescolapios.org\/fr\/wp-json\/wp\/v2\/pages\/24641\/revisions"}],"predecessor-version":[{"id":46316,"href":"https:\/\/www.itakaescolapios.org\/fr\/wp-json\/wp\/v2\/pages\/24641\/revisions\/46316"}],"up":[{"embeddable":true,"href":"https:\/\/www.itakaescolapios.org\/fr\/wp-json\/wp\/v2\/pages\/7523"}],"wp:attachment":[{"href":"https:\/\/www.itakaescolapios.org\/fr\/wp-json\/wp\/v2\/media?parent=24641"}],"curies":[{"name":"wp","href":"https:\/\/api.w.org\/{rel}","templated":true}]}}