{"id":248,"date":"2012-05-31T17:56:14","date_gmt":"2012-05-31T16:56:14","guid":{"rendered":"https:\/\/www.itakaescolapios.org\/?page_id=248"},"modified":"2023-11-28T12:39:48","modified_gmt":"2023-11-28T11:39:48","slug":"cse-serra-brasil","status":"publish","type":"page","link":"https:\/\/www.itakaescolapios.org\/fr\/que-faisons-nous\/centros-socio-educativos\/cse-serra-brasil\/","title":{"rendered":"CSE Serra (Bras\u00e9l)"},"content":{"rendered":"<p style=\"text-align: justify;\" align=\"JUSTIFY\">Le Centre Social Saint Joseph Calasanz offre des services \u00e0 la population des districts de Feu Rosa et de Vila Nova de Colares, tous les deux caract\u00e9ris\u00e9s par de forts taux de violence et de pauvret\u00e9. Ce sont des quartiers qui ont vu le jour au cours des ann\u00e9es 80, avec le d\u00e9placement de la population des quartiers marginaux de la ville de Victoria, apr\u00e8s que celle-ci ait v\u00e9cu des glissements de terrain. Lesdits quartiers ont vu leurs maisons ensevelies, ce qui a entrain\u00e9 l&rsquo;\u00e9vacuation de nombreux foyers. Abandonn\u00e9s \u00e0 eux-m\u00eames par le gouvernement en ce moment, ces familles se sont install\u00e9es dans cette r\u00e9gion.<\/p>\n<p style=\"text-align: justify;\" align=\"JUSTIFY\">Le centre a une surface de 715 m2, distribu\u00e9s en une salle-atelier, une salle d&rsquo;\u00e9coute, des bureaux administratifs, des services sociaux, un r\u00e9fectoire, une cuisine semi-industrielle, une salle multim\u00e9dia am\u00e9nag\u00e9e pour des cours de ballet, capoeira et break-dance, une salle informatique, un t\u00e9l\u00e9-centre, une mini-biblioth\u00e8que, un magasin et une zone ext\u00e9rieure.<\/p>\n<p style=\"text-align: justify;\" align=\"JUSTIFY\">Les programmes suivants sont d\u00e9velopp\u00e9s au centre :<\/p>\n<ul>\n<li style=\"text-align: justify;\">\n<p align=\"JUSTIFY\">Bio\u00e9nergie : c\u2019est un service au profit de la communaut\u00e9 pour la connaissance des plantes m\u00e9dicinales et des pratiques de la bio\u00e9nergie bas\u00e9e sur la m\u00e9thode Reiki.<\/p>\n<\/li>\n<li>\n<p style=\"text-align: justify;\" align=\"JUSTIFY\">Journ\u00e9e scolaire prolong\u00e9e : activit\u00e9s syst\u00e9matiques de formation pour le d\u00e9veloppement cognitif et la construction des identit\u00e9s personnelles et sociales des enfants de 6 \u00e0 14 ans.<\/p>\n<\/li>\n<\/ul>\n","protected":false},"excerpt":{"rendered":"<p>Le Centre Social Saint Joseph Calasanz offre des services \u00e0 la population des districts de Feu Rosa et de Vila Nova de Colares, tous les deux caract\u00e9ris\u00e9s par de forts [&hellip;]<\/p>\n","protected":false},"author":1,"featured_media":16300,"parent":83,"menu_order":4,"comment_status":"closed","ping_status":"closed","template":"","meta":{"_et_pb_use_builder":"","_et_pb_old_content":"","_et_gb_content_width":"","footnotes":""},"class_list":["post-248","page","type-page","status-publish","has-post-thumbnail","hentry"],"yoast_head":"<!-- This site is optimized with the Yoast SEO plugin v27.3 - https:\/\/yoast.com\/product\/yoast-seo-wordpress\/ -->\n<title>CSE Serra (Bras\u00e9l)<\/title>\n<meta name=\"description\" content=\"Le Centre Social Saint Joseph Calasanz offre des services \u00e0 la population des districts de Feu Rosa et de Vila Nova de Colares, tous les deux caract\u00e9ris\u00e9s par de forts taux de violence et de pauvret\u00e9. Ce sont des quartiers qui ont vu le jour au cours des ann\u00e9es 80, avec le d\u00e9placement de la\u2026\" \/>\n<meta name=\"robots\" content=\"index, follow, max-snippet:-1, max-image-preview:large, max-video-preview:-1\" \/>\n<link rel=\"canonical\" href=\"http:\/\/Le%20Centre%20Social%20Saint%20Joseph%20Calasanz%20offre%20des%20services%20\u00e0%20la%20population%20des%20districts%20de%20Feu%20Rosa%20et%20de%20Vila%20Nova%20de%20Colares,%20tous%20les%20deux%20caract\u00e9ris\u00e9s%20par%20de%20forts%20taux%20de%20violence%20et%20de%20pauvret\u00e9.%20Ce%20sont%20des%20quartiers%20qui%20ont%20vu%20le%20jour%20au%20cours%20des%20ann\u00e9es%2080,%20avec%20le%20d\u00e9placement%20de%20la\u2026\" \/>\n<meta property=\"og:locale\" content=\"fr_FR\" \/>\n<meta property=\"og:type\" content=\"article\" \/>\n<meta property=\"og:title\" content=\"CSE Serra (Bras\u00e9l)\" \/>\n<meta property=\"og:description\" content=\"Le Centre Social Saint Joseph Calasanz offre des services \u00e0 la population des districts de Feu Rosa et de Vila Nova de Colares, tous les deux caract\u00e9ris\u00e9s par de forts taux de violence et de pauvret\u00e9. Ce sont des quartiers qui ont vu le jour au cours des ann\u00e9es 80, avec le d\u00e9placement de la\u2026\" \/>\n<meta property=\"og:url\" content=\"https:\/\/www.itakaescolapios.org\/fr\/que-faisons-nous\/centros-socio-educativos\/cse-serra-brasil\/\" \/>\n<meta property=\"og:site_name\" content=\"Itaka-Escolapios\" \/>\n<meta property=\"article:modified_time\" content=\"2023-11-28T11:39:48+00:00\" \/>\n<meta property=\"og:image\" content=\"https:\/\/www.itakaescolapios.org\/wp-content\/uploads\/2012\/05\/03-1024x678.png\" \/>\n\t<meta property=\"og:image:width\" content=\"1024\" \/>\n\t<meta property=\"og:image:height\" content=\"678\" \/>\n\t<meta property=\"og:image:type\" content=\"image\/png\" \/>\n<meta name=\"twitter:card\" content=\"summary_large_image\" \/>\n<meta name=\"twitter:label1\" content=\"Dur\u00e9e de lecture estim\u00e9e\" \/>\n\t<meta name=\"twitter:data1\" content=\"1 minute\" \/>\n<script type=\"application\/ld+json\" class=\"yoast-schema-graph\">{\"@context\":\"https:\\\/\\\/schema.org\",\"@graph\":[{\"@type\":\"WebPage\",\"@id\":\"https:\\\/\\\/www.itakaescolapios.org\\\/fr\\\/que-faisons-nous\\\/centros-socio-educativos\\\/cse-serra-brasil\\\/\",\"url\":\"https:\\\/\\\/www.itakaescolapios.org\\\/fr\\\/que-faisons-nous\\\/centros-socio-educativos\\\/cse-serra-brasil\\\/\",\"name\":\"CSE SAN JOS\u00c9 DE CALASANZ Serra (Brasil) - Itaka-Escolapios\",\"isPartOf\":{\"@id\":\"https:\\\/\\\/www.itakaescolapios.org\\\/es\\\/#website\"},\"primaryImageOfPage\":{\"@id\":\"https:\\\/\\\/www.itakaescolapios.org\\\/fr\\\/que-faisons-nous\\\/centros-socio-educativos\\\/cse-serra-brasil\\\/#primaryimage\"},\"image\":{\"@id\":\"https:\\\/\\\/www.itakaescolapios.org\\\/fr\\\/que-faisons-nous\\\/centros-socio-educativos\\\/cse-serra-brasil\\\/#primaryimage\"},\"thumbnailUrl\":\"https:\\\/\\\/www.itakaescolapios.org\\\/wp-content\\\/uploads\\\/2012\\\/05\\\/03.png\",\"datePublished\":\"2012-05-31T16:56:14+00:00\",\"dateModified\":\"2023-11-28T11:39:48+00:00\",\"breadcrumb\":{\"@id\":\"https:\\\/\\\/www.itakaescolapios.org\\\/fr\\\/que-faisons-nous\\\/centros-socio-educativos\\\/cse-serra-brasil\\\/#breadcrumb\"},\"inLanguage\":\"fr-FR\",\"potentialAction\":[{\"@type\":\"ReadAction\",\"target\":[\"https:\\\/\\\/www.itakaescolapios.org\\\/fr\\\/que-faisons-nous\\\/centros-socio-educativos\\\/cse-serra-brasil\\\/\"]}]},{\"@type\":\"ImageObject\",\"inLanguage\":\"fr-FR\",\"@id\":\"https:\\\/\\\/www.itakaescolapios.org\\\/fr\\\/que-faisons-nous\\\/centros-socio-educativos\\\/cse-serra-brasil\\\/#primaryimage\",\"url\":\"https:\\\/\\\/www.itakaescolapios.org\\\/wp-content\\\/uploads\\\/2012\\\/05\\\/03.png\",\"contentUrl\":\"https:\\\/\\\/www.itakaescolapios.org\\\/wp-content\\\/uploads\\\/2012\\\/05\\\/03.png\",\"width\":1972,\"height\":1306},{\"@type\":\"BreadcrumbList\",\"@id\":\"https:\\\/\\\/www.itakaescolapios.org\\\/fr\\\/que-faisons-nous\\\/centros-socio-educativos\\\/cse-serra-brasil\\\/#breadcrumb\",\"itemListElement\":[{\"@type\":\"ListItem\",\"position\":1,\"name\":\"Itaka-Escolapios\",\"item\":\"https:\\\/\\\/www.itakaescolapios.org\\\/es\\\/\"},{\"@type\":\"ListItem\",\"position\":2,\"name\":\"Que faisons-nous\",\"item\":\"https:\\\/\\\/www.itakaescolapios.org\\\/es\\\/que-hacemos\\\/\"},{\"@type\":\"ListItem\",\"position\":3,\"name\":\"Centres socio-\u00e9ducatifs\",\"item\":\"https:\\\/\\\/www.itakaescolapios.org\\\/es\\\/que-hacemos\\\/centros-socio-educativos\\\/\"},{\"@type\":\"ListItem\",\"position\":4,\"name\":\"CSE Serra (Bras\u00e9l)\"}]},{\"@type\":\"WebSite\",\"@id\":\"https:\\\/\\\/www.itakaescolapios.org\\\/fr\\\/es\\\/#website\",\"url\":\"https:\\\/\\\/www.itakaescolapios.org\\\/fr\\\/es\\\/\",\"name\":\"Itaka-Escolapios\",\"description\":\"Red de Itaka-Escolapios\",\"publisher\":{\"@id\":\"https:\\\/\\\/www.itakaescolapios.org\\\/fr\\\/es\\\/#organization\"},\"potentialAction\":[{\"@type\":\"SearchAction\",\"target\":{\"@type\":\"EntryPoint\",\"urlTemplate\":\"https:\\\/\\\/www.itakaescolapios.org\\\/fr\\\/es\\\/?s={search_term_string}\"},\"query-input\":{\"@type\":\"PropertyValueSpecification\",\"valueRequired\":true,\"valueName\":\"search_term_string\"}}],\"inLanguage\":\"fr-FR\"},{\"@type\":\"Organization\",\"@id\":\"https:\\\/\\\/www.itakaescolapios.org\\\/fr\\\/es\\\/#organization\",\"name\":\"Fundaci\u00f3 Itaka-Escolapios\",\"url\":\"https:\\\/\\\/www.itakaescolapios.org\\\/fr\\\/es\\\/\",\"logo\":{\"@type\":\"ImageObject\",\"inLanguage\":\"fr-FR\",\"@id\":\"https:\\\/\\\/www.itakaescolapios.org\\\/fr\\\/es\\\/#\\\/schema\\\/logo\\\/image\\\/\",\"url\":\"https:\\\/\\\/www.itakaescolapios.org\\\/wp-content\\\/uploads\\\/2024\\\/04\\\/Logo-itakaescolapios-peque.png\",\"contentUrl\":\"https:\\\/\\\/www.itakaescolapios.org\\\/wp-content\\\/uploads\\\/2024\\\/04\\\/Logo-itakaescolapios-peque.png\",\"width\":500,\"height\":199,\"caption\":\"Fundaci\u00f3 Itaka-Escolapios\"},\"image\":{\"@id\":\"https:\\\/\\\/www.itakaescolapios.org\\\/fr\\\/es\\\/#\\\/schema\\\/logo\\\/image\\\/\"}}]}<\/script>\n<!-- \/ Yoast SEO plugin. -->","yoast_head_json":{"title":"CSE Serra (Bras\u00e9l)","description":"Le Centre Social Saint Joseph Calasanz offre des services \u00e0 la population des districts de Feu Rosa et de Vila Nova de Colares, tous les deux caract\u00e9ris\u00e9s par de forts taux de violence et de pauvret\u00e9. Ce sont des quartiers qui ont vu le jour au cours des ann\u00e9es 80, avec le d\u00e9placement de la\u2026","robots":{"index":"index","follow":"follow","max-snippet":"max-snippet:-1","max-image-preview":"max-image-preview:large","max-video-preview":"max-video-preview:-1"},"canonical":"Le Centre Social Saint Joseph Calasanz offre des services \u00e0 la population des districts de Feu Rosa et de Vila Nova de Colares, tous les deux caract\u00e9ris\u00e9s par de forts taux de violence et de pauvret\u00e9. Ce sont des quartiers qui ont vu le jour au cours des ann\u00e9es 80, avec le d\u00e9placement de la\u2026","og_locale":"fr_FR","og_type":"article","og_title":"CSE Serra (Bras\u00e9l)","og_description":"Le Centre Social Saint Joseph Calasanz offre des services \u00e0 la population des districts de Feu Rosa et de Vila Nova de Colares, tous les deux caract\u00e9ris\u00e9s par de forts taux de violence et de pauvret\u00e9. Ce sont des quartiers qui ont vu le jour au cours des ann\u00e9es 80, avec le d\u00e9placement de la\u2026","og_url":"https:\/\/www.itakaescolapios.org\/fr\/que-faisons-nous\/centros-socio-educativos\/cse-serra-brasil\/","og_site_name":"Itaka-Escolapios","article_modified_time":"2023-11-28T11:39:48+00:00","og_image":[{"width":1024,"height":678,"url":"https:\/\/www.itakaescolapios.org\/wp-content\/uploads\/2012\/05\/03-1024x678.png","type":"image\/png"}],"twitter_card":"summary_large_image","twitter_misc":{"Dur\u00e9e de lecture estim\u00e9e":"1 minute"},"schema":{"@context":"https:\/\/schema.org","@graph":[{"@type":"WebPage","@id":"https:\/\/www.itakaescolapios.org\/fr\/que-faisons-nous\/centros-socio-educativos\/cse-serra-brasil\/","url":"https:\/\/www.itakaescolapios.org\/fr\/que-faisons-nous\/centros-socio-educativos\/cse-serra-brasil\/","name":"CSE SAN JOS\u00c9 DE CALASANZ Serra (Brasil) - Itaka-Escolapios","isPartOf":{"@id":"https:\/\/www.itakaescolapios.org\/es\/#website"},"primaryImageOfPage":{"@id":"https:\/\/www.itakaescolapios.org\/fr\/que-faisons-nous\/centros-socio-educativos\/cse-serra-brasil\/#primaryimage"},"image":{"@id":"https:\/\/www.itakaescolapios.org\/fr\/que-faisons-nous\/centros-socio-educativos\/cse-serra-brasil\/#primaryimage"},"thumbnailUrl":"https:\/\/www.itakaescolapios.org\/wp-content\/uploads\/2012\/05\/03.png","datePublished":"2012-05-31T16:56:14+00:00","dateModified":"2023-11-28T11:39:48+00:00","breadcrumb":{"@id":"https:\/\/www.itakaescolapios.org\/fr\/que-faisons-nous\/centros-socio-educativos\/cse-serra-brasil\/#breadcrumb"},"inLanguage":"fr-FR","potentialAction":[{"@type":"ReadAction","target":["https:\/\/www.itakaescolapios.org\/fr\/que-faisons-nous\/centros-socio-educativos\/cse-serra-brasil\/"]}]},{"@type":"ImageObject","inLanguage":"fr-FR","@id":"https:\/\/www.itakaescolapios.org\/fr\/que-faisons-nous\/centros-socio-educativos\/cse-serra-brasil\/#primaryimage","url":"https:\/\/www.itakaescolapios.org\/wp-content\/uploads\/2012\/05\/03.png","contentUrl":"https:\/\/www.itakaescolapios.org\/wp-content\/uploads\/2012\/05\/03.png","width":1972,"height":1306},{"@type":"BreadcrumbList","@id":"https:\/\/www.itakaescolapios.org\/fr\/que-faisons-nous\/centros-socio-educativos\/cse-serra-brasil\/#breadcrumb","itemListElement":[{"@type":"ListItem","position":1,"name":"Itaka-Escolapios","item":"https:\/\/www.itakaescolapios.org\/es\/"},{"@type":"ListItem","position":2,"name":"Que faisons-nous","item":"https:\/\/www.itakaescolapios.org\/es\/que-hacemos\/"},{"@type":"ListItem","position":3,"name":"Centres socio-\u00e9ducatifs","item":"https:\/\/www.itakaescolapios.org\/es\/que-hacemos\/centros-socio-educativos\/"},{"@type":"ListItem","position":4,"name":"CSE Serra (Bras\u00e9l)"}]},{"@type":"WebSite","@id":"https:\/\/www.itakaescolapios.org\/fr\/es\/#website","url":"https:\/\/www.itakaescolapios.org\/fr\/es\/","name":"Itaka-Escolapios","description":"Red de Itaka-Escolapios","publisher":{"@id":"https:\/\/www.itakaescolapios.org\/fr\/es\/#organization"},"potentialAction":[{"@type":"SearchAction","target":{"@type":"EntryPoint","urlTemplate":"https:\/\/www.itakaescolapios.org\/fr\/es\/?s={search_term_string}"},"query-input":{"@type":"PropertyValueSpecification","valueRequired":true,"valueName":"search_term_string"}}],"inLanguage":"fr-FR"},{"@type":"Organization","@id":"https:\/\/www.itakaescolapios.org\/fr\/es\/#organization","name":"Fundaci\u00f3 Itaka-Escolapios","url":"https:\/\/www.itakaescolapios.org\/fr\/es\/","logo":{"@type":"ImageObject","inLanguage":"fr-FR","@id":"https:\/\/www.itakaescolapios.org\/fr\/es\/#\/schema\/logo\/image\/","url":"https:\/\/www.itakaescolapios.org\/wp-content\/uploads\/2024\/04\/Logo-itakaescolapios-peque.png","contentUrl":"https:\/\/www.itakaescolapios.org\/wp-content\/uploads\/2024\/04\/Logo-itakaescolapios-peque.png","width":500,"height":199,"caption":"Fundaci\u00f3 Itaka-Escolapios"},"image":{"@id":"https:\/\/www.itakaescolapios.org\/fr\/es\/#\/schema\/logo\/image\/"}}]}},"_links":{"self":[{"href":"https:\/\/www.itakaescolapios.org\/fr\/wp-json\/wp\/v2\/pages\/248","targetHints":{"allow":["GET"]}}],"collection":[{"href":"https:\/\/www.itakaescolapios.org\/fr\/wp-json\/wp\/v2\/pages"}],"about":[{"href":"https:\/\/www.itakaescolapios.org\/fr\/wp-json\/wp\/v2\/types\/page"}],"author":[{"embeddable":true,"href":"https:\/\/www.itakaescolapios.org\/fr\/wp-json\/wp\/v2\/users\/1"}],"replies":[{"embeddable":true,"href":"https:\/\/www.itakaescolapios.org\/fr\/wp-json\/wp\/v2\/comments?post=248"}],"version-history":[{"count":16,"href":"https:\/\/www.itakaescolapios.org\/fr\/wp-json\/wp\/v2\/pages\/248\/revisions"}],"predecessor-version":[{"id":50281,"href":"https:\/\/www.itakaescolapios.org\/fr\/wp-json\/wp\/v2\/pages\/248\/revisions\/50281"}],"up":[{"embeddable":true,"href":"https:\/\/www.itakaescolapios.org\/fr\/wp-json\/wp\/v2\/pages\/83"}],"wp:featuredmedia":[{"embeddable":true,"href":"https:\/\/www.itakaescolapios.org\/fr\/wp-json\/wp\/v2\/media\/16300"}],"wp:attachment":[{"href":"https:\/\/www.itakaescolapios.org\/fr\/wp-json\/wp\/v2\/media?parent=248"}],"curies":[{"name":"wp","href":"https:\/\/api.w.org\/{rel}","templated":true}]}}