{"id":24871,"date":"2018-10-17T14:08:50","date_gmt":"2018-10-17T13:08:50","guid":{"rendered":"https:\/\/www.itakaescolapios.org\/?page_id=24871"},"modified":"2023-11-28T12:37:11","modified_gmt":"2023-11-28T11:37:11","slug":"orando-con-calasanz","status":"publish","type":"page","link":"https:\/\/www.itakaescolapios.org\/fr\/orando-con-calasanz\/","title":{"rendered":"NOUS PRIONS AVEC CALASANZ"},"content":{"rendered":"<p><a href=\"https:\/\/www.itakaescolapios.org\/wp-content\/uploads\/2018\/10\/calasanz.png\"><img decoding=\"async\" class=\"alignleft  wp-image-25019\" alt=\"calasanz\" src=\"https:\/\/www.itakaescolapios.org\/wp-content\/uploads\/2018\/10\/calasanz-149x300.png\" width=\"149\" height=\"300\" srcset=\"https:\/\/www.itakaescolapios.org\/wp-content\/uploads\/2018\/10\/calasanz-149x300.png 149w, https:\/\/www.itakaescolapios.org\/wp-content\/uploads\/2018\/10\/calasanz-510x1024.png 510w, https:\/\/www.itakaescolapios.org\/wp-content\/uploads\/2018\/10\/calasanz-250x501.png 250w, https:\/\/www.itakaescolapios.org\/wp-content\/uploads\/2018\/10\/calasanz.png 747w\" sizes=\"(max-width: 149px) 100vw, 149px\" \/><\/a><\/p>\n<p>Calansanz m\u00e8ne l&rsquo;exp\u00e9dition avec pour seul objectif de remplir de \u00ab\u00a0Pi\u00e9t\u00e9 et de Lettres\u00a0\u00bb tous les recoins de la plan\u00e8te. Il se rend en R\u00e9publique D\u00e9mocratique du Congo dans le but de promouvoir le droit universel \u00e0 l&rsquo;\u00e9ducation.<\/p>\n<p>Il nous invite \u00e0 prier pour le Congo tous les matins avant de commencer les activit\u00e9s au coll\u00e8ge. Il nous propose cinq pri\u00e8res que nous pourrons alterner tout au long de la campagne, terminant la pri\u00e8re avec \u00ab\u00a0Notre P\u00e8re\u00a0\u00bb et\/ou \u00ab\u00a0Je vous salue Marie\u00a0\u00bb dans une des langues des pays dans lesquels est men\u00e9e la campagne de solidarit\u00e9.<\/p>\n<p><strong><span style=\"color: #808000;\"><a href=\"https:\/\/www.itakaescolapios.org\/wp-content\/uploads\/2018\/10\/PADRE-NUESTRO2.pdf\" target=\"_blank\"><span style=\"color: #808000;\">PADRE NUESTRO &#8211; NOTRE P\u00c8RE &#8211; OUR FATHER &#8211; PAI NOSSO &#8211; TAT\u00c1 WA BIS\u00d3 &#8211; GURE AITA<\/span><\/a><\/span><\/strong><\/p>\n<p><a href=\"https:\/\/www.itakaescolapios.org\/wp-content\/uploads\/2018\/10\/AVE-MARIA.pdf\" target=\"_blank\"><strong><span style=\"color: #808000;\">AVE MAR\u00cdA &#8211; JE VOUS SALUE, MARIE &#8211; HAIL MARY &#8211; AV\u00c9 MARIA &#8211; LOSAKO MARIA &#8211; AGUR MARI<\/span><span style=\"color: #808000;\">A<\/span><\/strong><\/a><\/p>\n<table width=\"476\" border=\"0\" cellspacing=\"0\" cellpadding=\"0\">\n<tbody>\n<tr>\n<td style=\"text-align: center;\" width=\"80\" height=\"88\"><strong>ORAMOS CON CALASANZ<\/strong><\/td>\n<td style=\"text-align: center;\" width=\"94\"><strong>WE PRAY WITH CALASANZ<\/strong><\/td>\n<td style=\"text-align: center;\" width=\"80\"><strong>NOUS PRIONS AVEC CALASANZ<\/strong><\/td>\n<td style=\"text-align: center;\" width=\"111\"><strong>ORAMOS COM CALASANZ<\/strong><\/td>\n<td style=\"text-align: center;\" width=\"111\"><strong>CALASANZEKIN OTOITZ EGITEN DUGU<\/strong><\/td>\n<\/tr>\n<tr>\n<td width=\"80\" height=\"22\"><strong><span style=\"color: #993300;\"><a href=\"https:\/\/www.itakaescolapios.org\/wp-content\/uploads\/2018\/10\/ORACION-c1819-lunes.pdf\" target=\"_blank\"><span style=\"color: #993300;\">LUNES<\/span><\/a><\/span><\/strong><\/td>\n<td width=\"94\"><strong><span style=\"color: #000080;\"><a href=\"https:\/\/www.itakaescolapios.org\/wp-content\/uploads\/2018\/11\/PRAY-MONDAY-c1819.pdf\" target=\"_blank\"><span style=\"color: #000080;\">MONDAY<\/span><\/a><\/span><\/strong><\/td>\n<td width=\"80\"><strong><span style=\"color: #008000;\"><a href=\"https:\/\/www.itakaescolapios.org\/wp-content\/uploads\/2018\/11\/PRIERE-LUNDI.pdf\" target=\"_blank\"><span style=\"color: #008000;\">LUNDI<\/span><\/a><\/span><\/strong><\/td>\n<td width=\"111\"><strong><span style=\"color: #ff6600;\"><a href=\"https:\/\/www.itakaescolapios.org\/wp-content\/uploads\/2018\/11\/ORACAO-SEGUNDAF.pdf\" target=\"_blank\"><span style=\"color: #ff6600;\">SEGUNDA-FEIRA<\/span><\/a><\/span><\/strong><\/td>\n<td width=\"111\"><strong><span style=\"color: #99cc00;\"><a href=\"https:\/\/www.itakaescolapios.org\/wp-content\/uploads\/2018\/10\/ORACION-c1819-Astelehena.pdf\"><span style=\"color: #99cc00;\">ASTELEHENA<\/span><\/a><\/span><\/strong><\/td>\n<\/tr>\n<tr>\n<td width=\"80\" height=\"22\"><strong><span style=\"color: #993300;\"><a href=\"https:\/\/www.itakaescolapios.org\/wp-content\/uploads\/2018\/10\/ORACION-c1819-martes.pdf\" target=\"_blank\"><span style=\"color: #993300;\">MARTES<\/span><\/a><\/span><\/strong><\/td>\n<td width=\"94\"><strong><span style=\"color: #000080;\"><a href=\"https:\/\/www.itakaescolapios.org\/wp-content\/uploads\/2018\/11\/PRAY-TUESDAY-c1819.pdf\" target=\"_blank\"><span style=\"color: #000080;\">TUESDAY<\/span><\/a><\/span><\/strong><\/td>\n<td width=\"80\"><strong><span style=\"color: #008000;\"><a href=\"https:\/\/www.itakaescolapios.org\/wp-content\/uploads\/2018\/11\/PRIERE-MARTI.pdf\" target=\"_blank\"><span style=\"color: #008000;\">MARTI<\/span><\/a><\/span><\/strong><\/td>\n<td width=\"111\"><strong><span style=\"color: #ff6600;\"><a href=\"https:\/\/www.itakaescolapios.org\/wp-content\/uploads\/2018\/11\/ORACAO-TERCAF.pdf\" target=\"_blank\"><span style=\"color: #ff6600;\">TER\u00e7A-FEIRA<\/span><\/a><\/span><\/strong><\/td>\n<td width=\"111\"><strong><span style=\"color: #99cc00;\"><a href=\"https:\/\/www.itakaescolapios.org\/wp-content\/uploads\/2018\/10\/ORACION-c1819-Asteartea.pdf\"><span style=\"color: #99cc00;\">ASTEARTEA<\/span><\/a><\/span><\/strong><\/td>\n<\/tr>\n<tr>\n<td width=\"80\" height=\"22\"><span style=\"color: #993300;\"><strong><a href=\"https:\/\/www.itakaescolapios.org\/wp-content\/uploads\/2018\/10\/ORACION-c1819-miercoles.pdf\" target=\"_blank\"><span style=\"color: #993300;\">MI\u00c9RCOLES<\/span><\/a><\/strong><\/span><\/td>\n<td width=\"94\"><span style=\"color: #000080;\"><strong><a href=\"https:\/\/www.itakaescolapios.org\/wp-content\/uploads\/2018\/11\/PRAY-WEDNESDAY-c1819.pdf\" target=\"_blank\"><span style=\"color: #000080;\">WEDNESDAY<\/span><\/a><\/strong><\/span><\/td>\n<td width=\"80\"><strong><span style=\"color: #008000;\"><a href=\"https:\/\/www.itakaescolapios.org\/wp-content\/uploads\/2018\/11\/PRIERE-MERCREDI.pdf\" target=\"_blank\"><span style=\"color: #008000;\">MERCREDI<\/span><\/a><\/span><\/strong><\/td>\n<td width=\"111\"><strong><span style=\"color: #ff6600;\"><a href=\"https:\/\/www.itakaescolapios.org\/wp-content\/uploads\/2018\/11\/ORACAO-QUARTAF.pdf\" target=\"_blank\"><span style=\"color: #ff6600;\">QUARTA-FEIRA<\/span><\/a><\/span><\/strong><\/td>\n<td width=\"111\"><strong><span style=\"color: #99cc00;\"><a href=\"https:\/\/www.itakaescolapios.org\/wp-content\/uploads\/2018\/10\/ORACION-c1819-Asteazkena.pdf\"><span style=\"color: #99cc00;\">ASTEAZKENA<\/span><\/a><\/span><\/strong><\/td>\n<\/tr>\n<tr>\n<td width=\"80\" height=\"22\"><strong><span style=\"color: #993300;\"><a href=\"https:\/\/www.itakaescolapios.org\/wp-content\/uploads\/2018\/10\/ORACION-c1819-jueves.pdf\" target=\"_blank\"><span style=\"color: #993300;\">JUEVES<\/span><\/a><\/span><\/strong><\/td>\n<td width=\"94\"><strong><span style=\"color: #000080;\"><a href=\"https:\/\/www.itakaescolapios.org\/wp-content\/uploads\/2018\/11\/PRAY-THURSDAY-c1819.pdf\" target=\"_blank\"><span style=\"color: #000080;\">THURSDAY<\/span><\/a><\/span><\/strong><\/td>\n<td width=\"80\"><strong><span style=\"color: #008000;\"><a href=\"https:\/\/www.itakaescolapios.org\/wp-content\/uploads\/2018\/11\/PRIERE-JEUDI.pdf\" target=\"_blank\"><span style=\"color: #008000;\"> JEUDI<\/span><\/a><\/span><\/strong><\/td>\n<td width=\"111\"><strong><a href=\"https:\/\/www.itakaescolapios.org\/wp-content\/uploads\/2018\/11\/ORACAO-QUINTAF.pdf\"><span style=\"color: #ff6600;\">QUINTA-FEIRA<\/span> <\/a><\/strong><\/td>\n<td width=\"111\"><strong><span style=\"color: #99cc00;\"><a href=\"https:\/\/www.itakaescolapios.org\/wp-content\/uploads\/2018\/10\/ORACION-c1819-Osteguna.pdf\"><span style=\"color: #99cc00;\">OSTEGUNA<\/span><\/a><\/span><\/strong><\/td>\n<\/tr>\n<tr>\n<td width=\"80\" height=\"22\"><strong><span style=\"color: #993300;\"><a href=\"https:\/\/www.itakaescolapios.org\/wp-content\/uploads\/2018\/10\/ORACION-c1819-viernes.pdf\" target=\"_blank\"><span style=\"color: #993300;\">VIERNES<\/span><\/a><\/span><\/strong><\/td>\n<td width=\"94\"><strong><span style=\"color: #000080;\"><a href=\"https:\/\/www.itakaescolapios.org\/wp-content\/uploads\/2018\/11\/PRAY-FRIDAY-c1819.pdf\" target=\"_blank\"><span style=\"color: #000080;\">FRIDAY<\/span><\/a><\/span><\/strong><\/td>\n<td width=\"80\"><strong><span style=\"color: #008000;\"><a href=\"https:\/\/www.itakaescolapios.org\/wp-content\/uploads\/2018\/11\/PRIERE-VENDREDI.pdf\" target=\"_blank\"><span style=\"color: #008000;\">VENDREDI<\/span><\/a><\/span><\/strong><\/td>\n<td width=\"111\"><strong><a href=\"https:\/\/www.itakaescolapios.org\/wp-content\/uploads\/2018\/11\/ORACAO-SEXTAF.pdf\" target=\"_blank\"><span style=\"color: #ff6600;\">SEXTA-FEIRA<\/span> <\/a><\/strong><\/td>\n<td width=\"111\"><strong><span style=\"color: #99cc00;\"><a href=\"https:\/\/www.itakaescolapios.org\/wp-content\/uploads\/2018\/10\/ORACION-c1819-Ostirala.pdf\"><span style=\"color: #99cc00;\">OSTIRALA<\/span><\/a><\/span><\/strong><\/td>\n<\/tr>\n<\/tbody>\n<\/table>\n","protected":false},"excerpt":{"rendered":"<p>Calansanz m\u00e8ne l&rsquo;exp\u00e9dition avec pour seul objectif de remplir de \u00ab\u00a0Pi\u00e9t\u00e9 et de Lettres\u00a0\u00bb tous les recoins de la plan\u00e8te. Il se rend en R\u00e9publique D\u00e9mocratique du Congo dans le [&hellip;]<\/p>\n","protected":false},"author":46,"featured_media":0,"parent":0,"menu_order":0,"comment_status":"closed","ping_status":"closed","template":"","meta":{"_et_pb_use_builder":"","_et_pb_old_content":"","_et_gb_content_width":"","footnotes":""},"class_list":["post-24871","page","type-page","status-publish","hentry"],"yoast_head":"<!-- This site is optimized with the Yoast SEO plugin v27.3 - https:\/\/yoast.com\/product\/yoast-seo-wordpress\/ -->\n<title>NOUS PRIONS AVEC CALASANZ<\/title>\n<meta name=\"description\" content=\"Calansanz m\u00e8ne l&#039;exp\u00e9dition avec pour seul objectif de remplir de &quot;Pi\u00e9t\u00e9 et de Lettres&quot; tous les recoins de la plan\u00e8te. Il se rend en R\u00e9publique D\u00e9mocratique du Congo dans le but de promouvoir le droit universel \u00e0 l&#039;\u00e9ducation. Il nous invite \u00e0 prier pour le Congo tous les matins avant de commencer les activit\u00e9s au\u2026\" \/>\n<meta name=\"robots\" content=\"index, follow, max-snippet:-1, max-image-preview:large, max-video-preview:-1\" \/>\n<link rel=\"canonical\" href=\"http:\/\/Calansanz%20m\u00e8ne%20l'exp\u00e9dition%20avec%20pour%20seul%20objectif%20de%20remplir%20de%20Pi\u00e9t\u00e9%20et%20de%20Lettres%20tous%20les%20recoins%20de%20la%20plan\u00e8te.%20Il%20se%20rend%20en%20R\u00e9publique%20D\u00e9mocratique%20du%20Congo%20dans%20le%20but%20de%20promouvoir%20le%20droit%20universel%20\u00e0%20l'\u00e9ducation.%20Il%20nous%20invite%20\u00e0%20prier%20pour%20le%20Congo%20tous%20les%20matins%20avant%20de%20commencer%20les%20activit\u00e9s%20au\u2026\" \/>\n<meta property=\"og:locale\" content=\"fr_FR\" \/>\n<meta property=\"og:type\" content=\"article\" \/>\n<meta property=\"og:title\" content=\"NOUS PRIONS AVEC CALASANZ\" \/>\n<meta property=\"og:description\" content=\"Calansanz m\u00e8ne l&#039;exp\u00e9dition avec pour seul objectif de remplir de &quot;Pi\u00e9t\u00e9 et de Lettres&quot; tous les recoins de la plan\u00e8te. Il se rend en R\u00e9publique D\u00e9mocratique du Congo dans le but de promouvoir le droit universel \u00e0 l&#039;\u00e9ducation. Il nous invite \u00e0 prier pour le Congo tous les matins avant de commencer les activit\u00e9s au\u2026\" \/>\n<meta property=\"og:url\" content=\"https:\/\/www.itakaescolapios.org\/fr\/orando-con-calasanz\/\" \/>\n<meta property=\"og:site_name\" content=\"Itaka-Escolapios\" \/>\n<meta property=\"article:modified_time\" content=\"2023-11-28T11:37:11+00:00\" \/>\n<meta property=\"og:image\" content=\"https:\/\/www.itakaescolapios.org\/wp-content\/uploads\/2018\/10\/calasanz.png\" \/>\n\t<meta property=\"og:image:width\" content=\"747\" \/>\n\t<meta property=\"og:image:height\" content=\"1500\" \/>\n\t<meta property=\"og:image:type\" content=\"image\/png\" \/>\n<meta name=\"twitter:card\" content=\"summary_large_image\" \/>\n<meta name=\"twitter:label1\" content=\"Dur\u00e9e de lecture estim\u00e9e\" \/>\n\t<meta name=\"twitter:data1\" content=\"1 minute\" \/>\n<script type=\"application\/ld+json\" class=\"yoast-schema-graph\">{\"@context\":\"https:\\\/\\\/schema.org\",\"@graph\":[{\"@type\":\"WebPage\",\"@id\":\"https:\\\/\\\/www.itakaescolapios.org\\\/fr\\\/orando-con-calasanz\\\/\",\"url\":\"https:\\\/\\\/www.itakaescolapios.org\\\/fr\\\/orando-con-calasanz\\\/\",\"name\":\"ORANDO CON CALASANZ - Itaka-Escolapios\",\"isPartOf\":{\"@id\":\"https:\\\/\\\/www.itakaescolapios.org\\\/es\\\/#website\"},\"primaryImageOfPage\":{\"@id\":\"https:\\\/\\\/www.itakaescolapios.org\\\/fr\\\/orando-con-calasanz\\\/#primaryimage\"},\"image\":{\"@id\":\"https:\\\/\\\/www.itakaescolapios.org\\\/fr\\\/orando-con-calasanz\\\/#primaryimage\"},\"thumbnailUrl\":\"https:\\\/\\\/www.itakaescolapios.org\\\/wp-content\\\/uploads\\\/2018\\\/10\\\/calasanz-149x300.png\",\"datePublished\":\"2018-10-17T13:08:50+00:00\",\"dateModified\":\"2023-11-28T11:37:11+00:00\",\"breadcrumb\":{\"@id\":\"https:\\\/\\\/www.itakaescolapios.org\\\/fr\\\/orando-con-calasanz\\\/#breadcrumb\"},\"inLanguage\":\"fr-FR\",\"potentialAction\":[{\"@type\":\"ReadAction\",\"target\":[\"https:\\\/\\\/www.itakaescolapios.org\\\/fr\\\/orando-con-calasanz\\\/\"]}]},{\"@type\":\"ImageObject\",\"inLanguage\":\"fr-FR\",\"@id\":\"https:\\\/\\\/www.itakaescolapios.org\\\/fr\\\/orando-con-calasanz\\\/#primaryimage\",\"url\":\"https:\\\/\\\/www.itakaescolapios.org\\\/wp-content\\\/uploads\\\/2018\\\/10\\\/calasanz-149x300.png\",\"contentUrl\":\"https:\\\/\\\/www.itakaescolapios.org\\\/wp-content\\\/uploads\\\/2018\\\/10\\\/calasanz-149x300.png\"},{\"@type\":\"BreadcrumbList\",\"@id\":\"https:\\\/\\\/www.itakaescolapios.org\\\/fr\\\/orando-con-calasanz\\\/#breadcrumb\",\"itemListElement\":[{\"@type\":\"ListItem\",\"position\":1,\"name\":\"Itaka-Escolapios\",\"item\":\"https:\\\/\\\/www.itakaescolapios.org\\\/es\\\/\"},{\"@type\":\"ListItem\",\"position\":2,\"name\":\"NOUS PRIONS AVEC CALASANZ\"}]},{\"@type\":\"WebSite\",\"@id\":\"https:\\\/\\\/www.itakaescolapios.org\\\/fr\\\/es\\\/#website\",\"url\":\"https:\\\/\\\/www.itakaescolapios.org\\\/fr\\\/es\\\/\",\"name\":\"Itaka-Escolapios\",\"description\":\"Red de Itaka-Escolapios\",\"publisher\":{\"@id\":\"https:\\\/\\\/www.itakaescolapios.org\\\/fr\\\/es\\\/#organization\"},\"potentialAction\":[{\"@type\":\"SearchAction\",\"target\":{\"@type\":\"EntryPoint\",\"urlTemplate\":\"https:\\\/\\\/www.itakaescolapios.org\\\/fr\\\/es\\\/?s={search_term_string}\"},\"query-input\":{\"@type\":\"PropertyValueSpecification\",\"valueRequired\":true,\"valueName\":\"search_term_string\"}}],\"inLanguage\":\"fr-FR\"},{\"@type\":\"Organization\",\"@id\":\"https:\\\/\\\/www.itakaescolapios.org\\\/fr\\\/es\\\/#organization\",\"name\":\"Fundaci\u00f3 Itaka-Escolapios\",\"url\":\"https:\\\/\\\/www.itakaescolapios.org\\\/fr\\\/es\\\/\",\"logo\":{\"@type\":\"ImageObject\",\"inLanguage\":\"fr-FR\",\"@id\":\"https:\\\/\\\/www.itakaescolapios.org\\\/fr\\\/es\\\/#\\\/schema\\\/logo\\\/image\\\/\",\"url\":\"https:\\\/\\\/www.itakaescolapios.org\\\/wp-content\\\/uploads\\\/2024\\\/04\\\/Logo-itakaescolapios-peque.png\",\"contentUrl\":\"https:\\\/\\\/www.itakaescolapios.org\\\/wp-content\\\/uploads\\\/2024\\\/04\\\/Logo-itakaescolapios-peque.png\",\"width\":500,\"height\":199,\"caption\":\"Fundaci\u00f3 Itaka-Escolapios\"},\"image\":{\"@id\":\"https:\\\/\\\/www.itakaescolapios.org\\\/fr\\\/es\\\/#\\\/schema\\\/logo\\\/image\\\/\"}}]}<\/script>\n<!-- \/ Yoast SEO plugin. -->","yoast_head_json":{"title":"NOUS PRIONS AVEC CALASANZ","description":"Calansanz m\u00e8ne l'exp\u00e9dition avec pour seul objectif de remplir de \"Pi\u00e9t\u00e9 et de Lettres\" tous les recoins de la plan\u00e8te. Il se rend en R\u00e9publique D\u00e9mocratique du Congo dans le but de promouvoir le droit universel \u00e0 l'\u00e9ducation. Il nous invite \u00e0 prier pour le Congo tous les matins avant de commencer les activit\u00e9s au\u2026","robots":{"index":"index","follow":"follow","max-snippet":"max-snippet:-1","max-image-preview":"max-image-preview:large","max-video-preview":"max-video-preview:-1"},"canonical":"Calansanz m\u00e8ne l'exp\u00e9dition avec pour seul objectif de remplir de \"Pi\u00e9t\u00e9 et de Lettres\" tous les recoins de la plan\u00e8te. Il se rend en R\u00e9publique D\u00e9mocratique du Congo dans le but de promouvoir le droit universel \u00e0 l'\u00e9ducation. Il nous invite \u00e0 prier pour le Congo tous les matins avant de commencer les activit\u00e9s au\u2026","og_locale":"fr_FR","og_type":"article","og_title":"NOUS PRIONS AVEC CALASANZ","og_description":"Calansanz m\u00e8ne l'exp\u00e9dition avec pour seul objectif de remplir de \"Pi\u00e9t\u00e9 et de Lettres\" tous les recoins de la plan\u00e8te. Il se rend en R\u00e9publique D\u00e9mocratique du Congo dans le but de promouvoir le droit universel \u00e0 l'\u00e9ducation. Il nous invite \u00e0 prier pour le Congo tous les matins avant de commencer les activit\u00e9s au\u2026","og_url":"https:\/\/www.itakaescolapios.org\/fr\/orando-con-calasanz\/","og_site_name":"Itaka-Escolapios","article_modified_time":"2023-11-28T11:37:11+00:00","og_image":[{"width":747,"height":1500,"url":"https:\/\/www.itakaescolapios.org\/wp-content\/uploads\/2018\/10\/calasanz.png","type":"image\/png"}],"twitter_card":"summary_large_image","twitter_misc":{"Dur\u00e9e de lecture estim\u00e9e":"1 minute"},"schema":{"@context":"https:\/\/schema.org","@graph":[{"@type":"WebPage","@id":"https:\/\/www.itakaescolapios.org\/fr\/orando-con-calasanz\/","url":"https:\/\/www.itakaescolapios.org\/fr\/orando-con-calasanz\/","name":"ORANDO CON CALASANZ - Itaka-Escolapios","isPartOf":{"@id":"https:\/\/www.itakaescolapios.org\/es\/#website"},"primaryImageOfPage":{"@id":"https:\/\/www.itakaescolapios.org\/fr\/orando-con-calasanz\/#primaryimage"},"image":{"@id":"https:\/\/www.itakaescolapios.org\/fr\/orando-con-calasanz\/#primaryimage"},"thumbnailUrl":"https:\/\/www.itakaescolapios.org\/wp-content\/uploads\/2018\/10\/calasanz-149x300.png","datePublished":"2018-10-17T13:08:50+00:00","dateModified":"2023-11-28T11:37:11+00:00","breadcrumb":{"@id":"https:\/\/www.itakaescolapios.org\/fr\/orando-con-calasanz\/#breadcrumb"},"inLanguage":"fr-FR","potentialAction":[{"@type":"ReadAction","target":["https:\/\/www.itakaescolapios.org\/fr\/orando-con-calasanz\/"]}]},{"@type":"ImageObject","inLanguage":"fr-FR","@id":"https:\/\/www.itakaescolapios.org\/fr\/orando-con-calasanz\/#primaryimage","url":"https:\/\/www.itakaescolapios.org\/wp-content\/uploads\/2018\/10\/calasanz-149x300.png","contentUrl":"https:\/\/www.itakaescolapios.org\/wp-content\/uploads\/2018\/10\/calasanz-149x300.png"},{"@type":"BreadcrumbList","@id":"https:\/\/www.itakaescolapios.org\/fr\/orando-con-calasanz\/#breadcrumb","itemListElement":[{"@type":"ListItem","position":1,"name":"Itaka-Escolapios","item":"https:\/\/www.itakaescolapios.org\/es\/"},{"@type":"ListItem","position":2,"name":"NOUS PRIONS AVEC CALASANZ"}]},{"@type":"WebSite","@id":"https:\/\/www.itakaescolapios.org\/fr\/es\/#website","url":"https:\/\/www.itakaescolapios.org\/fr\/es\/","name":"Itaka-Escolapios","description":"Red de Itaka-Escolapios","publisher":{"@id":"https:\/\/www.itakaescolapios.org\/fr\/es\/#organization"},"potentialAction":[{"@type":"SearchAction","target":{"@type":"EntryPoint","urlTemplate":"https:\/\/www.itakaescolapios.org\/fr\/es\/?s={search_term_string}"},"query-input":{"@type":"PropertyValueSpecification","valueRequired":true,"valueName":"search_term_string"}}],"inLanguage":"fr-FR"},{"@type":"Organization","@id":"https:\/\/www.itakaescolapios.org\/fr\/es\/#organization","name":"Fundaci\u00f3 Itaka-Escolapios","url":"https:\/\/www.itakaescolapios.org\/fr\/es\/","logo":{"@type":"ImageObject","inLanguage":"fr-FR","@id":"https:\/\/www.itakaescolapios.org\/fr\/es\/#\/schema\/logo\/image\/","url":"https:\/\/www.itakaescolapios.org\/wp-content\/uploads\/2024\/04\/Logo-itakaescolapios-peque.png","contentUrl":"https:\/\/www.itakaescolapios.org\/wp-content\/uploads\/2024\/04\/Logo-itakaescolapios-peque.png","width":500,"height":199,"caption":"Fundaci\u00f3 Itaka-Escolapios"},"image":{"@id":"https:\/\/www.itakaescolapios.org\/fr\/es\/#\/schema\/logo\/image\/"}}]}},"_links":{"self":[{"href":"https:\/\/www.itakaescolapios.org\/fr\/wp-json\/wp\/v2\/pages\/24871","targetHints":{"allow":["GET"]}}],"collection":[{"href":"https:\/\/www.itakaescolapios.org\/fr\/wp-json\/wp\/v2\/pages"}],"about":[{"href":"https:\/\/www.itakaescolapios.org\/fr\/wp-json\/wp\/v2\/types\/page"}],"author":[{"embeddable":true,"href":"https:\/\/www.itakaescolapios.org\/fr\/wp-json\/wp\/v2\/users\/46"}],"replies":[{"embeddable":true,"href":"https:\/\/www.itakaescolapios.org\/fr\/wp-json\/wp\/v2\/comments?post=24871"}],"version-history":[{"count":30,"href":"https:\/\/www.itakaescolapios.org\/fr\/wp-json\/wp\/v2\/pages\/24871\/revisions"}],"predecessor-version":[{"id":46238,"href":"https:\/\/www.itakaescolapios.org\/fr\/wp-json\/wp\/v2\/pages\/24871\/revisions\/46238"}],"wp:attachment":[{"href":"https:\/\/www.itakaescolapios.org\/fr\/wp-json\/wp\/v2\/media?parent=24871"}],"curies":[{"name":"wp","href":"https:\/\/api.w.org\/{rel}","templated":true}]}}