{"id":24891,"date":"2018-10-17T14:36:17","date_gmt":"2018-10-17T13:36:17","guid":{"rendered":"https:\/\/www.itakaescolapios.org\/?page_id=24891"},"modified":"2023-11-28T12:37:11","modified_gmt":"2023-11-28T11:37:11","slug":"cultivando","status":"publish","type":"page","link":"https:\/\/www.itakaescolapios.org\/fr\/cultivando\/","title":{"rendered":"CULTURE"},"content":{"rendered":"<p><a href=\"https:\/\/www.itakaescolapios.org\/wp-content\/uploads\/2018\/10\/sukal.png\"><img decoding=\"async\" class=\"alignleft size-medium wp-image-25059\" alt=\"sukal\" src=\"https:\/\/www.itakaescolapios.org\/wp-content\/uploads\/2018\/10\/sukal-176x300.png\" width=\"176\" height=\"300\" srcset=\"https:\/\/www.itakaescolapios.org\/wp-content\/uploads\/2018\/10\/sukal-176x300.png 176w, https:\/\/www.itakaescolapios.org\/wp-content\/uploads\/2018\/10\/sukal-600x1024.png 600w, https:\/\/www.itakaescolapios.org\/wp-content\/uploads\/2018\/10\/sukal-250x426.png 250w, https:\/\/www.itakaescolapios.org\/wp-content\/uploads\/2018\/10\/sukal.png 880w\" sizes=\"(max-width: 176px) 100vw, 176px\" \/><\/a>Sukal, grand amant de tous types d\u2019ingr\u00e9dients et d\u2019aliments provenant de tous les pays, nous propose de connaitre la r\u00e9alit\u00e9 du pays, et de finaliser l\u2019activit\u00e9 de groupe en cultivant des graines de tomates en classe et de s\u2019occuper de celles-ci jusqu\u2019\u00e0 ce que les fruits poussent.<\/p>\n<p>L&rsquo;activit\u00e9 nous pr\u00e9sente la r\u00e9alit\u00e9 alimentaire de la R\u00e9publique D\u00e9mocratique du Congo. Un pays pauvre qui occupe la 176\u00e8me position sur 188 pays sur l\u2019Indice de D\u00e9veloppement Humain des Nations Unies pour 2017, o\u00f9 87,7% de sa population vit en dessous du seuil de pauvret\u00e9 (1,25 dollars par jour) et avec des in\u00e9galit\u00e9s tr\u00e8s marqu\u00e9es malgr\u00e9 ses richesses multiples et diverses. Un pays o\u00f9 44% des femmes n&rsquo;ont pas de revenus et dans lequel plus de deux millions d\u2019enfants souffrent de malnutrition s\u00e9v\u00e8re.<\/p>\n<p>T\u00e9l\u00e9chargez la FICHE D\u2019ACTIVIT\u00c9<\/p>\n","protected":false},"excerpt":{"rendered":"<p>Sukal, grand amant de tous types d\u2019ingr\u00e9dients et d\u2019aliments provenant de tous les pays, nous propose de connaitre la r\u00e9alit\u00e9 du pays, et de finaliser l\u2019activit\u00e9 de groupe en cultivant [&hellip;]<\/p>\n","protected":false},"author":46,"featured_media":0,"parent":0,"menu_order":0,"comment_status":"closed","ping_status":"closed","template":"","meta":{"_et_pb_use_builder":"","_et_pb_old_content":"","_et_gb_content_width":"","footnotes":""},"class_list":["post-24891","page","type-page","status-publish","hentry"],"yoast_head":"<!-- This site is optimized with the Yoast SEO plugin v27.3 - https:\/\/yoast.com\/product\/yoast-seo-wordpress\/ -->\n<title>CULTURE<\/title>\n<meta name=\"description\" content=\"Sukal, grand amant de tous types d\u2019ingr\u00e9dients et d\u2019aliments provenant de tous les pays, nous propose de connaitre la r\u00e9alit\u00e9 du pays, et de finaliser l\u2019activit\u00e9 de groupe en cultivant des graines de tomates en classe et de s\u2019occuper de celles-ci jusqu\u2019\u00e0 ce que les fruits poussent. L&#039;activit\u00e9 nous pr\u00e9sente la r\u00e9alit\u00e9 alimentaire de la\u2026\" \/>\n<meta name=\"robots\" content=\"index, follow, max-snippet:-1, max-image-preview:large, max-video-preview:-1\" \/>\n<link rel=\"canonical\" href=\"http:\/\/Sukal,%20grand%20amant%20de%20tous%20types%20d\u2019ingr\u00e9dients%20et%20d\u2019aliments%20provenant%20de%20tous%20les%20pays,%20nous%20propose%20de%20connaitre%20la%20r\u00e9alit\u00e9%20du%20pays,%20et%20de%20finaliser%20l\u2019activit\u00e9%20de%20groupe%20en%20cultivant%20des%20graines%20de%20tomates%20en%20classe%20et%20de%20s\u2019occuper%20de%20celles-ci%20jusqu\u2019\u00e0%20ce%20que%20les%20fruits%20poussent.%20L'activit\u00e9%20nous%20pr\u00e9sente%20la%20r\u00e9alit\u00e9%20alimentaire%20de%20la\u2026\" \/>\n<meta property=\"og:locale\" content=\"fr_FR\" \/>\n<meta property=\"og:type\" content=\"article\" \/>\n<meta property=\"og:title\" content=\"CULTURE\" \/>\n<meta property=\"og:description\" content=\"Sukal, grand amant de tous types d\u2019ingr\u00e9dients et d\u2019aliments provenant de tous les pays, nous propose de connaitre la r\u00e9alit\u00e9 du pays, et de finaliser l\u2019activit\u00e9 de groupe en cultivant des graines de tomates en classe et de s\u2019occuper de celles-ci jusqu\u2019\u00e0 ce que les fruits poussent. L&#039;activit\u00e9 nous pr\u00e9sente la r\u00e9alit\u00e9 alimentaire de la\u2026\" \/>\n<meta property=\"og:url\" content=\"https:\/\/www.itakaescolapios.org\/fr\/cultivando\/\" \/>\n<meta property=\"og:site_name\" content=\"Itaka-Escolapios\" \/>\n<meta property=\"article:modified_time\" content=\"2023-11-28T11:37:11+00:00\" \/>\n<meta property=\"og:image\" content=\"https:\/\/www.itakaescolapios.org\/wp-content\/uploads\/2018\/10\/sukal.png\" \/>\n\t<meta property=\"og:image:width\" content=\"880\" \/>\n\t<meta property=\"og:image:height\" content=\"1500\" \/>\n\t<meta property=\"og:image:type\" content=\"image\/png\" \/>\n<meta name=\"twitter:card\" content=\"summary_large_image\" \/>\n<meta name=\"twitter:label1\" content=\"Dur\u00e9e de lecture estim\u00e9e\" \/>\n\t<meta name=\"twitter:data1\" content=\"1 minute\" \/>\n<script type=\"application\/ld+json\" class=\"yoast-schema-graph\">{\"@context\":\"https:\\\/\\\/schema.org\",\"@graph\":[{\"@type\":\"WebPage\",\"@id\":\"https:\\\/\\\/www.itakaescolapios.org\\\/fr\\\/cultivando\\\/\",\"url\":\"https:\\\/\\\/www.itakaescolapios.org\\\/fr\\\/cultivando\\\/\",\"name\":\"CULTIVANDO - Itaka-Escolapios\",\"isPartOf\":{\"@id\":\"https:\\\/\\\/www.itakaescolapios.org\\\/es\\\/#website\"},\"primaryImageOfPage\":{\"@id\":\"https:\\\/\\\/www.itakaescolapios.org\\\/fr\\\/cultivando\\\/#primaryimage\"},\"image\":{\"@id\":\"https:\\\/\\\/www.itakaescolapios.org\\\/fr\\\/cultivando\\\/#primaryimage\"},\"thumbnailUrl\":\"https:\\\/\\\/www.itakaescolapios.org\\\/wp-content\\\/uploads\\\/2018\\\/10\\\/sukal-176x300.png\",\"datePublished\":\"2018-10-17T13:36:17+00:00\",\"dateModified\":\"2023-11-28T11:37:11+00:00\",\"breadcrumb\":{\"@id\":\"https:\\\/\\\/www.itakaescolapios.org\\\/fr\\\/cultivando\\\/#breadcrumb\"},\"inLanguage\":\"fr-FR\",\"potentialAction\":[{\"@type\":\"ReadAction\",\"target\":[\"https:\\\/\\\/www.itakaescolapios.org\\\/fr\\\/cultivando\\\/\"]}]},{\"@type\":\"ImageObject\",\"inLanguage\":\"fr-FR\",\"@id\":\"https:\\\/\\\/www.itakaescolapios.org\\\/fr\\\/cultivando\\\/#primaryimage\",\"url\":\"https:\\\/\\\/www.itakaescolapios.org\\\/wp-content\\\/uploads\\\/2018\\\/10\\\/sukal-176x300.png\",\"contentUrl\":\"https:\\\/\\\/www.itakaescolapios.org\\\/wp-content\\\/uploads\\\/2018\\\/10\\\/sukal-176x300.png\"},{\"@type\":\"BreadcrumbList\",\"@id\":\"https:\\\/\\\/www.itakaescolapios.org\\\/fr\\\/cultivando\\\/#breadcrumb\",\"itemListElement\":[{\"@type\":\"ListItem\",\"position\":1,\"name\":\"Itaka-Escolapios\",\"item\":\"https:\\\/\\\/www.itakaescolapios.org\\\/es\\\/\"},{\"@type\":\"ListItem\",\"position\":2,\"name\":\"CULTURE\"}]},{\"@type\":\"WebSite\",\"@id\":\"https:\\\/\\\/www.itakaescolapios.org\\\/fr\\\/es\\\/#website\",\"url\":\"https:\\\/\\\/www.itakaescolapios.org\\\/fr\\\/es\\\/\",\"name\":\"Itaka-Escolapios\",\"description\":\"Red de Itaka-Escolapios\",\"publisher\":{\"@id\":\"https:\\\/\\\/www.itakaescolapios.org\\\/fr\\\/es\\\/#organization\"},\"potentialAction\":[{\"@type\":\"SearchAction\",\"target\":{\"@type\":\"EntryPoint\",\"urlTemplate\":\"https:\\\/\\\/www.itakaescolapios.org\\\/fr\\\/es\\\/?s={search_term_string}\"},\"query-input\":{\"@type\":\"PropertyValueSpecification\",\"valueRequired\":true,\"valueName\":\"search_term_string\"}}],\"inLanguage\":\"fr-FR\"},{\"@type\":\"Organization\",\"@id\":\"https:\\\/\\\/www.itakaescolapios.org\\\/fr\\\/es\\\/#organization\",\"name\":\"Fundaci\u00f3 Itaka-Escolapios\",\"url\":\"https:\\\/\\\/www.itakaescolapios.org\\\/fr\\\/es\\\/\",\"logo\":{\"@type\":\"ImageObject\",\"inLanguage\":\"fr-FR\",\"@id\":\"https:\\\/\\\/www.itakaescolapios.org\\\/fr\\\/es\\\/#\\\/schema\\\/logo\\\/image\\\/\",\"url\":\"https:\\\/\\\/www.itakaescolapios.org\\\/wp-content\\\/uploads\\\/2024\\\/04\\\/Logo-itakaescolapios-peque.png\",\"contentUrl\":\"https:\\\/\\\/www.itakaescolapios.org\\\/wp-content\\\/uploads\\\/2024\\\/04\\\/Logo-itakaescolapios-peque.png\",\"width\":500,\"height\":199,\"caption\":\"Fundaci\u00f3 Itaka-Escolapios\"},\"image\":{\"@id\":\"https:\\\/\\\/www.itakaescolapios.org\\\/fr\\\/es\\\/#\\\/schema\\\/logo\\\/image\\\/\"}}]}<\/script>\n<!-- \/ Yoast SEO plugin. -->","yoast_head_json":{"title":"CULTURE","description":"Sukal, grand amant de tous types d\u2019ingr\u00e9dients et d\u2019aliments provenant de tous les pays, nous propose de connaitre la r\u00e9alit\u00e9 du pays, et de finaliser l\u2019activit\u00e9 de groupe en cultivant des graines de tomates en classe et de s\u2019occuper de celles-ci jusqu\u2019\u00e0 ce que les fruits poussent. L'activit\u00e9 nous pr\u00e9sente la r\u00e9alit\u00e9 alimentaire de la\u2026","robots":{"index":"index","follow":"follow","max-snippet":"max-snippet:-1","max-image-preview":"max-image-preview:large","max-video-preview":"max-video-preview:-1"},"canonical":"Sukal, grand amant de tous types d\u2019ingr\u00e9dients et d\u2019aliments provenant de tous les pays, nous propose de connaitre la r\u00e9alit\u00e9 du pays, et de finaliser l\u2019activit\u00e9 de groupe en cultivant des graines de tomates en classe et de s\u2019occuper de celles-ci jusqu\u2019\u00e0 ce que les fruits poussent. L'activit\u00e9 nous pr\u00e9sente la r\u00e9alit\u00e9 alimentaire de la\u2026","og_locale":"fr_FR","og_type":"article","og_title":"CULTURE","og_description":"Sukal, grand amant de tous types d\u2019ingr\u00e9dients et d\u2019aliments provenant de tous les pays, nous propose de connaitre la r\u00e9alit\u00e9 du pays, et de finaliser l\u2019activit\u00e9 de groupe en cultivant des graines de tomates en classe et de s\u2019occuper de celles-ci jusqu\u2019\u00e0 ce que les fruits poussent. L'activit\u00e9 nous pr\u00e9sente la r\u00e9alit\u00e9 alimentaire de la\u2026","og_url":"https:\/\/www.itakaescolapios.org\/fr\/cultivando\/","og_site_name":"Itaka-Escolapios","article_modified_time":"2023-11-28T11:37:11+00:00","og_image":[{"width":880,"height":1500,"url":"https:\/\/www.itakaescolapios.org\/wp-content\/uploads\/2018\/10\/sukal.png","type":"image\/png"}],"twitter_card":"summary_large_image","twitter_misc":{"Dur\u00e9e de lecture estim\u00e9e":"1 minute"},"schema":{"@context":"https:\/\/schema.org","@graph":[{"@type":"WebPage","@id":"https:\/\/www.itakaescolapios.org\/fr\/cultivando\/","url":"https:\/\/www.itakaescolapios.org\/fr\/cultivando\/","name":"CULTIVANDO - Itaka-Escolapios","isPartOf":{"@id":"https:\/\/www.itakaescolapios.org\/es\/#website"},"primaryImageOfPage":{"@id":"https:\/\/www.itakaescolapios.org\/fr\/cultivando\/#primaryimage"},"image":{"@id":"https:\/\/www.itakaescolapios.org\/fr\/cultivando\/#primaryimage"},"thumbnailUrl":"https:\/\/www.itakaescolapios.org\/wp-content\/uploads\/2018\/10\/sukal-176x300.png","datePublished":"2018-10-17T13:36:17+00:00","dateModified":"2023-11-28T11:37:11+00:00","breadcrumb":{"@id":"https:\/\/www.itakaescolapios.org\/fr\/cultivando\/#breadcrumb"},"inLanguage":"fr-FR","potentialAction":[{"@type":"ReadAction","target":["https:\/\/www.itakaescolapios.org\/fr\/cultivando\/"]}]},{"@type":"ImageObject","inLanguage":"fr-FR","@id":"https:\/\/www.itakaescolapios.org\/fr\/cultivando\/#primaryimage","url":"https:\/\/www.itakaescolapios.org\/wp-content\/uploads\/2018\/10\/sukal-176x300.png","contentUrl":"https:\/\/www.itakaescolapios.org\/wp-content\/uploads\/2018\/10\/sukal-176x300.png"},{"@type":"BreadcrumbList","@id":"https:\/\/www.itakaescolapios.org\/fr\/cultivando\/#breadcrumb","itemListElement":[{"@type":"ListItem","position":1,"name":"Itaka-Escolapios","item":"https:\/\/www.itakaescolapios.org\/es\/"},{"@type":"ListItem","position":2,"name":"CULTURE"}]},{"@type":"WebSite","@id":"https:\/\/www.itakaescolapios.org\/fr\/es\/#website","url":"https:\/\/www.itakaescolapios.org\/fr\/es\/","name":"Itaka-Escolapios","description":"Red de Itaka-Escolapios","publisher":{"@id":"https:\/\/www.itakaescolapios.org\/fr\/es\/#organization"},"potentialAction":[{"@type":"SearchAction","target":{"@type":"EntryPoint","urlTemplate":"https:\/\/www.itakaescolapios.org\/fr\/es\/?s={search_term_string}"},"query-input":{"@type":"PropertyValueSpecification","valueRequired":true,"valueName":"search_term_string"}}],"inLanguage":"fr-FR"},{"@type":"Organization","@id":"https:\/\/www.itakaescolapios.org\/fr\/es\/#organization","name":"Fundaci\u00f3 Itaka-Escolapios","url":"https:\/\/www.itakaescolapios.org\/fr\/es\/","logo":{"@type":"ImageObject","inLanguage":"fr-FR","@id":"https:\/\/www.itakaescolapios.org\/fr\/es\/#\/schema\/logo\/image\/","url":"https:\/\/www.itakaescolapios.org\/wp-content\/uploads\/2024\/04\/Logo-itakaescolapios-peque.png","contentUrl":"https:\/\/www.itakaescolapios.org\/wp-content\/uploads\/2024\/04\/Logo-itakaescolapios-peque.png","width":500,"height":199,"caption":"Fundaci\u00f3 Itaka-Escolapios"},"image":{"@id":"https:\/\/www.itakaescolapios.org\/fr\/es\/#\/schema\/logo\/image\/"}}]}},"_links":{"self":[{"href":"https:\/\/www.itakaescolapios.org\/fr\/wp-json\/wp\/v2\/pages\/24891","targetHints":{"allow":["GET"]}}],"collection":[{"href":"https:\/\/www.itakaescolapios.org\/fr\/wp-json\/wp\/v2\/pages"}],"about":[{"href":"https:\/\/www.itakaescolapios.org\/fr\/wp-json\/wp\/v2\/types\/page"}],"author":[{"embeddable":true,"href":"https:\/\/www.itakaescolapios.org\/fr\/wp-json\/wp\/v2\/users\/46"}],"replies":[{"embeddable":true,"href":"https:\/\/www.itakaescolapios.org\/fr\/wp-json\/wp\/v2\/comments?post=24891"}],"version-history":[{"count":13,"href":"https:\/\/www.itakaescolapios.org\/fr\/wp-json\/wp\/v2\/pages\/24891\/revisions"}],"predecessor-version":[{"id":46232,"href":"https:\/\/www.itakaescolapios.org\/fr\/wp-json\/wp\/v2\/pages\/24891\/revisions\/46232"}],"wp:attachment":[{"href":"https:\/\/www.itakaescolapios.org\/fr\/wp-json\/wp\/v2\/media?parent=24891"}],"curies":[{"name":"wp","href":"https:\/\/api.w.org\/{rel}","templated":true}]}}