{"id":24900,"date":"2018-10-17T14:39:56","date_gmt":"2018-10-17T13:39:56","guid":{"rendered":"https:\/\/www.itakaescolapios.org\/?page_id=24900"},"modified":"2023-11-28T12:37:11","modified_gmt":"2023-11-28T11:37:11","slug":"photocall","status":"publish","type":"page","link":"https:\/\/www.itakaescolapios.org\/fr\/photocall\/","title":{"rendered":"PHOTOCALL"},"content":{"rendered":"<p><a href=\"https:\/\/www.itakaescolapios.org\/wp-content\/uploads\/2018\/10\/JIWA1.png\"><img decoding=\"async\" class=\"alignleft size-medium wp-image-25509\" alt=\"JIWA\" src=\"https:\/\/www.itakaescolapios.org\/wp-content\/uploads\/2018\/10\/JIWA1-239x300.png\" width=\"239\" height=\"300\" srcset=\"https:\/\/www.itakaescolapios.org\/wp-content\/uploads\/2018\/10\/JIWA1-239x300.png 239w, https:\/\/www.itakaescolapios.org\/wp-content\/uploads\/2018\/10\/JIWA1-817x1024.png 817w, https:\/\/www.itakaescolapios.org\/wp-content\/uploads\/2018\/10\/JIWA1-250x313.png 250w, https:\/\/www.itakaescolapios.org\/wp-content\/uploads\/2018\/10\/JIWA1.png 1197w\" sizes=\"(max-width: 239px) 100vw, 239px\" \/><\/a>JIWA est responsable de la maintenance de tous les instruments musicaux et de l\u2019exp\u00e9dition, elle nous propose de construire \u00e0 partir d\u2019un model un photocall pour pouvoir d\u00e9corer notre centre \u00e9ducatif et faire des photos de groupe.<br \/>\nVous pouvez t\u00e9l\u00e9charger deux formats, haute et basse r\u00e9solution, en fonction de la taille du photocall que vous allez imprimer. Nous vous invitons \u00e0 couper les visages de nos exp\u00e9ditionnaires et prendre de cette mani\u00e8re les photos de groupe.<\/p>\n<p>&nbsp;<\/p>\n<p>&nbsp;<\/p>\n<p><span style=\"color: #808000;\"><strong><a href=\"https:\/\/www.itakaescolapios.org\/wp-content\/uploads\/2018\/10\/photocall-c1819-35x2m.pdf\"><span style=\"color: #808000;\">PHOTOCALL 3,5 x 2 m<\/span><\/a><\/strong><\/span><\/p>\n<p><span style=\"color: #808000;\"><strong><a href=\"https:\/\/www.itakaescolapios.org\/wp-content\/uploads\/2018\/10\/photocall-2c1819-35x2m.pdf\" target=\"_blank\"><span style=\"color: #808000;\">PHOTOCALL sans personnages 3,5 x 2 m<\/span><\/a><\/strong><\/span><\/p>\n<p><span style=\"color: #808000;\"><strong><a href=\"https:\/\/www.itakaescolapios.org\/wp-content\/uploads\/2018\/10\/INSTRUMENTOS-MUSICALES.pdf\" target=\"_blank\"><span style=\"color: #808000;\">INSTRUMENTS DE MUSIQUE<\/span><\/a><\/strong><\/span><\/p>\n","protected":false},"excerpt":{"rendered":"<p>JIWA est responsable de la maintenance de tous les instruments musicaux et de l\u2019exp\u00e9dition, elle nous propose de construire \u00e0 partir d\u2019un model un photocall pour pouvoir d\u00e9corer notre centre [&hellip;]<\/p>\n","protected":false},"author":46,"featured_media":0,"parent":0,"menu_order":0,"comment_status":"closed","ping_status":"closed","template":"","meta":{"_et_pb_use_builder":"","_et_pb_old_content":"","_et_gb_content_width":"","footnotes":""},"class_list":["post-24900","page","type-page","status-publish","hentry"],"yoast_head":"<!-- This site is optimized with the Yoast SEO plugin v27.3 - https:\/\/yoast.com\/product\/yoast-seo-wordpress\/ -->\n<title>PHOTOCALL<\/title>\n<meta name=\"description\" content=\"JIWA est responsable de la maintenance de tous les instruments musicaux et de l\u2019exp\u00e9dition, elle nous propose de construire \u00e0 partir d\u2019un model un photocall pour pouvoir d\u00e9corer notre centre \u00e9ducatif et faire des photos de groupe. Vous pouvez t\u00e9l\u00e9charger deux formats, haute et basse r\u00e9solution, en fonction de la taille du photocall que vous\u2026\" \/>\n<meta name=\"robots\" content=\"index, follow, max-snippet:-1, max-image-preview:large, max-video-preview:-1\" \/>\n<link rel=\"canonical\" href=\"http:\/\/JIWA%20est%20responsable%20de%20la%20maintenance%20de%20tous%20les%20instruments%20musicaux%20et%20de%20l\u2019exp\u00e9dition,%20elle%20nous%20propose%20de%20construire%20\u00e0%20partir%20d\u2019un%20model%20un%20photocall%20pour%20pouvoir%20d\u00e9corer%20notre%20centre%20\u00e9ducatif%20et%20faire%20des%20photos%20de%20groupe.%20Vous%20pouvez%20t\u00e9l\u00e9charger%20deux%20formats,%20haute%20et%20basse%20r\u00e9solution,%20en%20fonction%20de%20la%20taille%20du%20photocall%20que%20vous\u2026\" \/>\n<meta property=\"og:locale\" content=\"fr_FR\" \/>\n<meta property=\"og:type\" content=\"article\" \/>\n<meta property=\"og:title\" content=\"PHOTOCALL\" \/>\n<meta property=\"og:description\" content=\"JIWA est responsable de la maintenance de tous les instruments musicaux et de l\u2019exp\u00e9dition, elle nous propose de construire \u00e0 partir d\u2019un model un photocall pour pouvoir d\u00e9corer notre centre \u00e9ducatif et faire des photos de groupe. Vous pouvez t\u00e9l\u00e9charger deux formats, haute et basse r\u00e9solution, en fonction de la taille du photocall que vous\u2026\" \/>\n<meta property=\"og:url\" content=\"https:\/\/www.itakaescolapios.org\/fr\/photocall\/\" \/>\n<meta property=\"og:site_name\" content=\"Itaka-Escolapios\" \/>\n<meta property=\"article:modified_time\" content=\"2023-11-28T11:37:11+00:00\" \/>\n<meta property=\"og:image\" content=\"https:\/\/www.itakaescolapios.org\/wp-content\/uploads\/2018\/10\/JIWA1.png\" \/>\n\t<meta property=\"og:image:width\" content=\"1197\" \/>\n\t<meta property=\"og:image:height\" content=\"1500\" \/>\n\t<meta property=\"og:image:type\" content=\"image\/png\" \/>\n<meta name=\"twitter:card\" content=\"summary_large_image\" \/>\n<script type=\"application\/ld+json\" class=\"yoast-schema-graph\">{\"@context\":\"https:\\\/\\\/schema.org\",\"@graph\":[{\"@type\":\"WebPage\",\"@id\":\"https:\\\/\\\/www.itakaescolapios.org\\\/fr\\\/photocall\\\/\",\"url\":\"https:\\\/\\\/www.itakaescolapios.org\\\/fr\\\/photocall\\\/\",\"name\":\"PHOTOCALL - Itaka-Escolapios\",\"isPartOf\":{\"@id\":\"https:\\\/\\\/www.itakaescolapios.org\\\/es\\\/#website\"},\"primaryImageOfPage\":{\"@id\":\"https:\\\/\\\/www.itakaescolapios.org\\\/fr\\\/photocall\\\/#primaryimage\"},\"image\":{\"@id\":\"https:\\\/\\\/www.itakaescolapios.org\\\/fr\\\/photocall\\\/#primaryimage\"},\"thumbnailUrl\":\"https:\\\/\\\/www.itakaescolapios.org\\\/wp-content\\\/uploads\\\/2018\\\/10\\\/JIWA1-239x300.png\",\"datePublished\":\"2018-10-17T13:39:56+00:00\",\"dateModified\":\"2023-11-28T11:37:11+00:00\",\"breadcrumb\":{\"@id\":\"https:\\\/\\\/www.itakaescolapios.org\\\/fr\\\/photocall\\\/#breadcrumb\"},\"inLanguage\":\"fr-FR\",\"potentialAction\":[{\"@type\":\"ReadAction\",\"target\":[\"https:\\\/\\\/www.itakaescolapios.org\\\/fr\\\/photocall\\\/\"]}]},{\"@type\":\"ImageObject\",\"inLanguage\":\"fr-FR\",\"@id\":\"https:\\\/\\\/www.itakaescolapios.org\\\/fr\\\/photocall\\\/#primaryimage\",\"url\":\"https:\\\/\\\/www.itakaescolapios.org\\\/wp-content\\\/uploads\\\/2018\\\/10\\\/JIWA1-239x300.png\",\"contentUrl\":\"https:\\\/\\\/www.itakaescolapios.org\\\/wp-content\\\/uploads\\\/2018\\\/10\\\/JIWA1-239x300.png\"},{\"@type\":\"BreadcrumbList\",\"@id\":\"https:\\\/\\\/www.itakaescolapios.org\\\/fr\\\/photocall\\\/#breadcrumb\",\"itemListElement\":[{\"@type\":\"ListItem\",\"position\":1,\"name\":\"Itaka-Escolapios\",\"item\":\"https:\\\/\\\/www.itakaescolapios.org\\\/es\\\/\"},{\"@type\":\"ListItem\",\"position\":2,\"name\":\"PHOTOCALL\"}]},{\"@type\":\"WebSite\",\"@id\":\"https:\\\/\\\/www.itakaescolapios.org\\\/fr\\\/es\\\/#website\",\"url\":\"https:\\\/\\\/www.itakaescolapios.org\\\/fr\\\/es\\\/\",\"name\":\"Itaka-Escolapios\",\"description\":\"Red de Itaka-Escolapios\",\"publisher\":{\"@id\":\"https:\\\/\\\/www.itakaescolapios.org\\\/fr\\\/es\\\/#organization\"},\"potentialAction\":[{\"@type\":\"SearchAction\",\"target\":{\"@type\":\"EntryPoint\",\"urlTemplate\":\"https:\\\/\\\/www.itakaescolapios.org\\\/fr\\\/es\\\/?s={search_term_string}\"},\"query-input\":{\"@type\":\"PropertyValueSpecification\",\"valueRequired\":true,\"valueName\":\"search_term_string\"}}],\"inLanguage\":\"fr-FR\"},{\"@type\":\"Organization\",\"@id\":\"https:\\\/\\\/www.itakaescolapios.org\\\/fr\\\/es\\\/#organization\",\"name\":\"Fundaci\u00f3 Itaka-Escolapios\",\"url\":\"https:\\\/\\\/www.itakaescolapios.org\\\/fr\\\/es\\\/\",\"logo\":{\"@type\":\"ImageObject\",\"inLanguage\":\"fr-FR\",\"@id\":\"https:\\\/\\\/www.itakaescolapios.org\\\/fr\\\/es\\\/#\\\/schema\\\/logo\\\/image\\\/\",\"url\":\"https:\\\/\\\/www.itakaescolapios.org\\\/wp-content\\\/uploads\\\/2024\\\/04\\\/Logo-itakaescolapios-peque.png\",\"contentUrl\":\"https:\\\/\\\/www.itakaescolapios.org\\\/wp-content\\\/uploads\\\/2024\\\/04\\\/Logo-itakaescolapios-peque.png\",\"width\":500,\"height\":199,\"caption\":\"Fundaci\u00f3 Itaka-Escolapios\"},\"image\":{\"@id\":\"https:\\\/\\\/www.itakaescolapios.org\\\/fr\\\/es\\\/#\\\/schema\\\/logo\\\/image\\\/\"}}]}<\/script>\n<!-- \/ Yoast SEO plugin. -->","yoast_head_json":{"title":"PHOTOCALL","description":"JIWA est responsable de la maintenance de tous les instruments musicaux et de l\u2019exp\u00e9dition, elle nous propose de construire \u00e0 partir d\u2019un model un photocall pour pouvoir d\u00e9corer notre centre \u00e9ducatif et faire des photos de groupe. Vous pouvez t\u00e9l\u00e9charger deux formats, haute et basse r\u00e9solution, en fonction de la taille du photocall que vous\u2026","robots":{"index":"index","follow":"follow","max-snippet":"max-snippet:-1","max-image-preview":"max-image-preview:large","max-video-preview":"max-video-preview:-1"},"canonical":"JIWA est responsable de la maintenance de tous les instruments musicaux et de l\u2019exp\u00e9dition, elle nous propose de construire \u00e0 partir d\u2019un model un photocall pour pouvoir d\u00e9corer notre centre \u00e9ducatif et faire des photos de groupe. Vous pouvez t\u00e9l\u00e9charger deux formats, haute et basse r\u00e9solution, en fonction de la taille du photocall que vous\u2026","og_locale":"fr_FR","og_type":"article","og_title":"PHOTOCALL","og_description":"JIWA est responsable de la maintenance de tous les instruments musicaux et de l\u2019exp\u00e9dition, elle nous propose de construire \u00e0 partir d\u2019un model un photocall pour pouvoir d\u00e9corer notre centre \u00e9ducatif et faire des photos de groupe. Vous pouvez t\u00e9l\u00e9charger deux formats, haute et basse r\u00e9solution, en fonction de la taille du photocall que vous\u2026","og_url":"https:\/\/www.itakaescolapios.org\/fr\/photocall\/","og_site_name":"Itaka-Escolapios","article_modified_time":"2023-11-28T11:37:11+00:00","og_image":[{"width":1197,"height":1500,"url":"https:\/\/www.itakaescolapios.org\/wp-content\/uploads\/2018\/10\/JIWA1.png","type":"image\/png"}],"twitter_card":"summary_large_image","schema":{"@context":"https:\/\/schema.org","@graph":[{"@type":"WebPage","@id":"https:\/\/www.itakaescolapios.org\/fr\/photocall\/","url":"https:\/\/www.itakaescolapios.org\/fr\/photocall\/","name":"PHOTOCALL - Itaka-Escolapios","isPartOf":{"@id":"https:\/\/www.itakaescolapios.org\/es\/#website"},"primaryImageOfPage":{"@id":"https:\/\/www.itakaescolapios.org\/fr\/photocall\/#primaryimage"},"image":{"@id":"https:\/\/www.itakaescolapios.org\/fr\/photocall\/#primaryimage"},"thumbnailUrl":"https:\/\/www.itakaescolapios.org\/wp-content\/uploads\/2018\/10\/JIWA1-239x300.png","datePublished":"2018-10-17T13:39:56+00:00","dateModified":"2023-11-28T11:37:11+00:00","breadcrumb":{"@id":"https:\/\/www.itakaescolapios.org\/fr\/photocall\/#breadcrumb"},"inLanguage":"fr-FR","potentialAction":[{"@type":"ReadAction","target":["https:\/\/www.itakaescolapios.org\/fr\/photocall\/"]}]},{"@type":"ImageObject","inLanguage":"fr-FR","@id":"https:\/\/www.itakaescolapios.org\/fr\/photocall\/#primaryimage","url":"https:\/\/www.itakaescolapios.org\/wp-content\/uploads\/2018\/10\/JIWA1-239x300.png","contentUrl":"https:\/\/www.itakaescolapios.org\/wp-content\/uploads\/2018\/10\/JIWA1-239x300.png"},{"@type":"BreadcrumbList","@id":"https:\/\/www.itakaescolapios.org\/fr\/photocall\/#breadcrumb","itemListElement":[{"@type":"ListItem","position":1,"name":"Itaka-Escolapios","item":"https:\/\/www.itakaescolapios.org\/es\/"},{"@type":"ListItem","position":2,"name":"PHOTOCALL"}]},{"@type":"WebSite","@id":"https:\/\/www.itakaescolapios.org\/fr\/es\/#website","url":"https:\/\/www.itakaescolapios.org\/fr\/es\/","name":"Itaka-Escolapios","description":"Red de Itaka-Escolapios","publisher":{"@id":"https:\/\/www.itakaescolapios.org\/fr\/es\/#organization"},"potentialAction":[{"@type":"SearchAction","target":{"@type":"EntryPoint","urlTemplate":"https:\/\/www.itakaescolapios.org\/fr\/es\/?s={search_term_string}"},"query-input":{"@type":"PropertyValueSpecification","valueRequired":true,"valueName":"search_term_string"}}],"inLanguage":"fr-FR"},{"@type":"Organization","@id":"https:\/\/www.itakaescolapios.org\/fr\/es\/#organization","name":"Fundaci\u00f3 Itaka-Escolapios","url":"https:\/\/www.itakaescolapios.org\/fr\/es\/","logo":{"@type":"ImageObject","inLanguage":"fr-FR","@id":"https:\/\/www.itakaescolapios.org\/fr\/es\/#\/schema\/logo\/image\/","url":"https:\/\/www.itakaescolapios.org\/wp-content\/uploads\/2024\/04\/Logo-itakaescolapios-peque.png","contentUrl":"https:\/\/www.itakaescolapios.org\/wp-content\/uploads\/2024\/04\/Logo-itakaescolapios-peque.png","width":500,"height":199,"caption":"Fundaci\u00f3 Itaka-Escolapios"},"image":{"@id":"https:\/\/www.itakaescolapios.org\/fr\/es\/#\/schema\/logo\/image\/"}}]}},"_links":{"self":[{"href":"https:\/\/www.itakaescolapios.org\/fr\/wp-json\/wp\/v2\/pages\/24900","targetHints":{"allow":["GET"]}}],"collection":[{"href":"https:\/\/www.itakaescolapios.org\/fr\/wp-json\/wp\/v2\/pages"}],"about":[{"href":"https:\/\/www.itakaescolapios.org\/fr\/wp-json\/wp\/v2\/types\/page"}],"author":[{"embeddable":true,"href":"https:\/\/www.itakaescolapios.org\/fr\/wp-json\/wp\/v2\/users\/46"}],"replies":[{"embeddable":true,"href":"https:\/\/www.itakaescolapios.org\/fr\/wp-json\/wp\/v2\/comments?post=24900"}],"version-history":[{"count":13,"href":"https:\/\/www.itakaescolapios.org\/fr\/wp-json\/wp\/v2\/pages\/24900\/revisions"}],"predecessor-version":[{"id":46226,"href":"https:\/\/www.itakaescolapios.org\/fr\/wp-json\/wp\/v2\/pages\/24900\/revisions\/46226"}],"wp:attachment":[{"href":"https:\/\/www.itakaescolapios.org\/fr\/wp-json\/wp\/v2\/media?parent=24900"}],"curies":[{"name":"wp","href":"https:\/\/api.w.org\/{rel}","templated":true}]}}