{"id":28648,"date":"2019-10-29T14:09:10","date_gmt":"2019-10-29T13:09:10","guid":{"rendered":"https:\/\/www.itakaescolapios.org\/?page_id=28648"},"modified":"2023-11-28T12:36:40","modified_gmt":"2023-11-28T11:36:40","slug":"centros-calasanz-en-america-latina","status":"publish","type":"page","link":"https:\/\/www.itakaescolapios.org\/fr\/campanas\/2019-2020-compartiendo-mucha-vida-juventuditakaescolapios\/centros-calasanz-en-america-latina\/","title":{"rendered":"LES CENTRES CALASANZ EN AM\u00c9RIQUE LATINE "},"content":{"rendered":"<p>Itaka-Escolapios dispose d\u2019un r\u00e9seau de centres culturels ou\u00a0 socio-\u00e9ducatifs qui visent \u00e0 <strong>promouvoir l&rsquo;\u00e9ducation compl\u00e8te pour les enfants, les jeunes et leurs familles, avec la vocation d\u2019\u00eatre des centres ouverts \u00e0 la communaut\u00e9.<\/strong><\/p>\n<p>En Am\u00e9rique, ce r\u00e9seau est pr\u00e9sent dans six pays, qui rassemblent un total de treize centres, situ\u00e9s \u00e0 Santa Cruz et \u00e0 Cochabamba en Bolivie; Gobernador Valadares, Belo Horizonte, Serra et Aracaju au Br\u00e9sil; Campeche au Mexique, Santo Domingo en R\u00e9publique Dominicaine, et Barquisimeto, Caracas, Carora, Maracaibo et Valencia au Venezuela.<\/p>\n<p>La campagne de solidarit\u00e9 <strong>\u00ab\u00a0PARTAGEANT LA VIE EN ABONDANCE #JeunesseItakaEscolapios\u00a0\u00bb se concentre sur le travail effectu\u00e9 dans cinq de ces centres socio-\u00e9ducatifs qui accueillent environ 1700 enfants et jeunes.<\/strong><\/p>\n<p>T\u00e9l\u00e9chargez l\u2019information des CENTRES CALASANZ D\u2019AM\u00c9RIQUE LATINE.<\/p>\n<table width=\"406\">\n<tbody>\n<tr>\n<td width=\"288\"><strong><span style=\"color: #666699;\">CENTRO CALASANZ<\/span><\/strong><\/td>\n<td width=\"118\"><span style=\"color: #666699;\">COCHABAMBA<\/span><\/td>\n<\/tr>\n<tr>\n<td><strong><span style=\"color: #800080;\">CENTRO CULTURAL CALASANZ EL TROMPILLO<\/span><\/strong><\/td>\n<td><span style=\"color: #800080;\">BARQUISIMETO<\/span><\/td>\n<\/tr>\n<tr>\n<td><strong><span style=\"color: #008000;\">CENTRO CULTURAL CALASANZ CAMPECHE<\/span><\/strong><\/td>\n<td><span style=\"color: #008000;\">CHAPOT\u00d3N<\/span><\/td>\n<\/tr>\n<tr>\n<td><strong><span style=\"color: #008080;\">CENTRO CULTURAL CALASANZ LA PUYA<\/span><\/strong><\/td>\n<td><span style=\"color: #008080;\">SANTO DOMINGO<\/span><\/td>\n<\/tr>\n<tr>\n<td><strong><span style=\"color: #800000;\">CENTRO SOCIAL SANTA TEREZINHA<\/span><\/strong><\/td>\n<td><span style=\"color: #800000;\">ARACAJU<\/span><\/td>\n<\/tr>\n<\/tbody>\n<\/table>\n<p><strong><span style=\"color: #808000;\">VID\u00c9OS AVEC T\u00c9MOIGNAGES DU B\u00c9N\u00c9VOLAT ET DU PERSONNEL DES CENTRES CALASANZ.<\/span><\/strong><\/p>\n<p><iframe loading=\"lazy\" src=\"https:\/\/www.youtube.com\/embed\/E7V2mQIAS7w\" width=\"252\" height=\"142\" frameborder=\"0\" allowfullscreen=\"allowfullscreen\"><\/iframe> <iframe loading=\"lazy\" src=\"https:\/\/www.youtube.com\/embed\/UKjMrr9pcrc\" width=\"252\" height=\"142\" frameborder=\"0\" allowfullscreen=\"allowfullscreen\"><\/iframe><\/p>\n<p><iframe loading=\"lazy\" src=\"https:\/\/www.youtube.com\/embed\/eusmwuOOptA\" width=\"252\" height=\"142\" frameborder=\"0\" allowfullscreen=\"allowfullscreen\"><\/iframe> <iframe loading=\"lazy\" src=\"https:\/\/www.youtube.com\/embed\/iD1ZWkDUnB8\" width=\"252\" height=\"142\" frameborder=\"0\" allowfullscreen=\"allowfullscreen\"><\/iframe><\/p>\n<p><iframe loading=\"lazy\" src=\"https:\/\/www.youtube.com\/embed\/6I3i6b5hnfg\" width=\"252\" height=\"142\" frameborder=\"0\" allowfullscreen=\"allowfullscreen\"><\/iframe> <iframe loading=\"lazy\" src=\"https:\/\/www.youtube.com\/embed\/1aBgLHdFu7E\" width=\"252\" height=\"142\" frameborder=\"0\" allowfullscreen=\"allowfullscreen\"><\/iframe><\/p>\n<p><iframe loading=\"lazy\" src=\"https:\/\/www.youtube.com\/embed\/6o3or783_vs\" width=\"252\" height=\"142\" frameborder=\"0\" allowfullscreen=\"allowfullscreen\"><\/iframe><\/p>\n","protected":false},"excerpt":{"rendered":"<p>Itaka-Escolapios dispose d\u2019un r\u00e9seau de centres culturels ou\u00a0 socio-\u00e9ducatifs qui visent \u00e0 promouvoir l&rsquo;\u00e9ducation compl\u00e8te pour les enfants, les jeunes et leurs familles, avec la vocation d\u2019\u00eatre des centres ouverts [&hellip;]<\/p>\n","protected":false},"author":46,"featured_media":0,"parent":28602,"menu_order":5,"comment_status":"closed","ping_status":"closed","template":"","meta":{"_et_pb_use_builder":"","_et_pb_old_content":"","_et_gb_content_width":"","footnotes":""},"class_list":["post-28648","page","type-page","status-publish","hentry"],"yoast_head":"<!-- This site is optimized with the Yoast SEO plugin v27.5 - https:\/\/yoast.com\/product\/yoast-seo-wordpress\/ -->\n<title>LES CENTRES CALASANZ EN AM\u00c9RIQUE LATINE<\/title>\n<meta name=\"description\" content=\"Itaka-Escolapios dispose d\u2019un r\u00e9seau de centres culturels ou\u00a0 socio-\u00e9ducatifs qui visent \u00e0 promouvoir l&#039;\u00e9ducation compl\u00e8te pour les enfants, les jeunes et leurs familles, avec la vocation d\u2019\u00eatre des centres ouverts \u00e0 la communaut\u00e9. En Am\u00e9rique, ce r\u00e9seau est pr\u00e9sent dans six pays, qui rassemblent un total de treize centres, situ\u00e9s \u00e0 Santa Cruz et \u00e0\u2026\" \/>\n<meta name=\"robots\" content=\"index, follow, max-snippet:-1, max-image-preview:large, max-video-preview:-1\" \/>\n<link rel=\"canonical\" href=\"http:\/\/Itaka-Escolapios%20dispose%20d\u2019un%20r\u00e9seau%20de%20centres%20culturels%20ou\u00a0%20socio-\u00e9ducatifs%20qui%20visent%20\u00e0%20promouvoir%20l'\u00e9ducation%20compl\u00e8te%20pour%20les%20enfants,%20les%20jeunes%20et%20leurs%20familles,%20avec%20la%20vocation%20d\u2019\u00eatre%20des%20centres%20ouverts%20\u00e0%20la%20communaut\u00e9.%20En%20Am\u00e9rique,%20ce%20r\u00e9seau%20est%20pr\u00e9sent%20dans%20six%20pays,%20qui%20rassemblent%20un%20total%20de%20treize%20centres,%20situ\u00e9s%20\u00e0%20Santa%20Cruz%20et%20\u00e0\u2026\" \/>\n<meta property=\"og:locale\" content=\"fr_FR\" \/>\n<meta property=\"og:type\" content=\"article\" \/>\n<meta property=\"og:title\" content=\"LES CENTRES CALASANZ EN AM\u00c9RIQUE LATINE\" \/>\n<meta property=\"og:description\" content=\"Itaka-Escolapios dispose d\u2019un r\u00e9seau de centres culturels ou\u00a0 socio-\u00e9ducatifs qui visent \u00e0 promouvoir l&#039;\u00e9ducation compl\u00e8te pour les enfants, les jeunes et leurs familles, avec la vocation d\u2019\u00eatre des centres ouverts \u00e0 la communaut\u00e9. En Am\u00e9rique, ce r\u00e9seau est pr\u00e9sent dans six pays, qui rassemblent un total de treize centres, situ\u00e9s \u00e0 Santa Cruz et \u00e0\u2026\" \/>\n<meta property=\"og:url\" content=\"https:\/\/www.itakaescolapios.org\/fr\/campanas\/2019-2020-compartiendo-mucha-vida-juventuditakaescolapios\/centros-calasanz-en-america-latina\/\" \/>\n<meta property=\"og:site_name\" content=\"Itaka-Escolapios\" \/>\n<meta property=\"article:modified_time\" content=\"2023-11-28T11:36:40+00:00\" \/>\n<meta name=\"twitter:card\" content=\"summary_large_image\" \/>\n<meta name=\"twitter:label1\" content=\"Dur\u00e9e de lecture estim\u00e9e\" \/>\n\t<meta name=\"twitter:data1\" content=\"1 minute\" \/>\n<script type=\"application\/ld+json\" class=\"yoast-schema-graph\">{\"@context\":\"https:\\\/\\\/schema.org\",\"@graph\":[{\"@type\":\"WebPage\",\"@id\":\"https:\\\/\\\/www.itakaescolapios.org\\\/fr\\\/campanas\\\/2019-2020-compartiendo-mucha-vida-juventuditakaescolapios\\\/centros-calasanz-en-america-latina\\\/\",\"url\":\"https:\\\/\\\/www.itakaescolapios.org\\\/fr\\\/campanas\\\/2019-2020-compartiendo-mucha-vida-juventuditakaescolapios\\\/centros-calasanz-en-america-latina\\\/\",\"name\":\"LOS CENTROS CALASANZ EN AM\u00c9RICA LATINA - Itaka-Escolapios\",\"isPartOf\":{\"@id\":\"https:\\\/\\\/www.itakaescolapios.org\\\/es\\\/#website\"},\"datePublished\":\"2019-10-29T13:09:10+00:00\",\"dateModified\":\"2023-11-28T11:36:40+00:00\",\"breadcrumb\":{\"@id\":\"https:\\\/\\\/www.itakaescolapios.org\\\/fr\\\/campanas\\\/2019-2020-compartiendo-mucha-vida-juventuditakaescolapios\\\/centros-calasanz-en-america-latina\\\/#breadcrumb\"},\"inLanguage\":\"fr-FR\",\"potentialAction\":[{\"@type\":\"ReadAction\",\"target\":[\"https:\\\/\\\/www.itakaescolapios.org\\\/fr\\\/campanas\\\/2019-2020-compartiendo-mucha-vida-juventuditakaescolapios\\\/centros-calasanz-en-america-latina\\\/\"]}]},{\"@type\":\"BreadcrumbList\",\"@id\":\"https:\\\/\\\/www.itakaescolapios.org\\\/fr\\\/campanas\\\/2019-2020-compartiendo-mucha-vida-juventuditakaescolapios\\\/centros-calasanz-en-america-latina\\\/#breadcrumb\",\"itemListElement\":[{\"@type\":\"ListItem\",\"position\":1,\"name\":\"Itaka-Escolapios\",\"item\":\"https:\\\/\\\/www.itakaescolapios.org\\\/es\\\/\"},{\"@type\":\"ListItem\",\"position\":2,\"name\":\"Campagnes\",\"item\":\"https:\\\/\\\/www.itakaescolapios.org\\\/es\\\/campanas\\\/\"},{\"@type\":\"ListItem\",\"position\":3,\"name\":\"2019-2020 PARTAGEANT LA VIE EN ABONDANCE #JeunesseItakaEscolapios\",\"item\":\"https:\\\/\\\/www.itakaescolapios.org\\\/es\\\/campanas\\\/2019-2020-compartiendo-mucha-vida-juventuditakaescolapios\\\/\"},{\"@type\":\"ListItem\",\"position\":4,\"name\":\"LES CENTRES CALASANZ EN AM\u00c9RIQUE LATINE\"}]},{\"@type\":\"WebSite\",\"@id\":\"https:\\\/\\\/www.itakaescolapios.org\\\/fr\\\/es\\\/#website\",\"url\":\"https:\\\/\\\/www.itakaescolapios.org\\\/fr\\\/es\\\/\",\"name\":\"Itaka-Escolapios\",\"description\":\"Red de Itaka-Escolapios\",\"publisher\":{\"@id\":\"https:\\\/\\\/www.itakaescolapios.org\\\/fr\\\/es\\\/#organization\"},\"potentialAction\":[{\"@type\":\"SearchAction\",\"target\":{\"@type\":\"EntryPoint\",\"urlTemplate\":\"https:\\\/\\\/www.itakaescolapios.org\\\/fr\\\/es\\\/?s={search_term_string}\"},\"query-input\":{\"@type\":\"PropertyValueSpecification\",\"valueRequired\":true,\"valueName\":\"search_term_string\"}}],\"inLanguage\":\"fr-FR\"},{\"@type\":\"Organization\",\"@id\":\"https:\\\/\\\/www.itakaescolapios.org\\\/fr\\\/es\\\/#organization\",\"name\":\"Fundaci\u00f3 Itaka-Escolapios\",\"url\":\"https:\\\/\\\/www.itakaescolapios.org\\\/fr\\\/es\\\/\",\"logo\":{\"@type\":\"ImageObject\",\"inLanguage\":\"fr-FR\",\"@id\":\"https:\\\/\\\/www.itakaescolapios.org\\\/fr\\\/es\\\/#\\\/schema\\\/logo\\\/image\\\/\",\"url\":\"https:\\\/\\\/www.itakaescolapios.org\\\/wp-content\\\/uploads\\\/2024\\\/04\\\/Logo-itakaescolapios-peque.png\",\"contentUrl\":\"https:\\\/\\\/www.itakaescolapios.org\\\/wp-content\\\/uploads\\\/2024\\\/04\\\/Logo-itakaescolapios-peque.png\",\"width\":500,\"height\":199,\"caption\":\"Fundaci\u00f3 Itaka-Escolapios\"},\"image\":{\"@id\":\"https:\\\/\\\/www.itakaescolapios.org\\\/fr\\\/es\\\/#\\\/schema\\\/logo\\\/image\\\/\"}}]}<\/script>\n<!-- \/ Yoast SEO plugin. -->","yoast_head_json":{"title":"LES CENTRES CALASANZ EN AM\u00c9RIQUE LATINE","description":"Itaka-Escolapios dispose d\u2019un r\u00e9seau de centres culturels ou\u00a0 socio-\u00e9ducatifs qui visent \u00e0 promouvoir l'\u00e9ducation compl\u00e8te pour les enfants, les jeunes et leurs familles, avec la vocation d\u2019\u00eatre des centres ouverts \u00e0 la communaut\u00e9. En Am\u00e9rique, ce r\u00e9seau est pr\u00e9sent dans six pays, qui rassemblent un total de treize centres, situ\u00e9s \u00e0 Santa Cruz et \u00e0\u2026","robots":{"index":"index","follow":"follow","max-snippet":"max-snippet:-1","max-image-preview":"max-image-preview:large","max-video-preview":"max-video-preview:-1"},"canonical":"Itaka-Escolapios dispose d\u2019un r\u00e9seau de centres culturels ou\u00a0 socio-\u00e9ducatifs qui visent \u00e0 promouvoir l'\u00e9ducation compl\u00e8te pour les enfants, les jeunes et leurs familles, avec la vocation d\u2019\u00eatre des centres ouverts \u00e0 la communaut\u00e9. En Am\u00e9rique, ce r\u00e9seau est pr\u00e9sent dans six pays, qui rassemblent un total de treize centres, situ\u00e9s \u00e0 Santa Cruz et \u00e0\u2026","og_locale":"fr_FR","og_type":"article","og_title":"LES CENTRES CALASANZ EN AM\u00c9RIQUE LATINE","og_description":"Itaka-Escolapios dispose d\u2019un r\u00e9seau de centres culturels ou\u00a0 socio-\u00e9ducatifs qui visent \u00e0 promouvoir l'\u00e9ducation compl\u00e8te pour les enfants, les jeunes et leurs familles, avec la vocation d\u2019\u00eatre des centres ouverts \u00e0 la communaut\u00e9. En Am\u00e9rique, ce r\u00e9seau est pr\u00e9sent dans six pays, qui rassemblent un total de treize centres, situ\u00e9s \u00e0 Santa Cruz et \u00e0\u2026","og_url":"https:\/\/www.itakaescolapios.org\/fr\/campanas\/2019-2020-compartiendo-mucha-vida-juventuditakaescolapios\/centros-calasanz-en-america-latina\/","og_site_name":"Itaka-Escolapios","article_modified_time":"2023-11-28T11:36:40+00:00","twitter_card":"summary_large_image","twitter_misc":{"Dur\u00e9e de lecture estim\u00e9e":"1 minute"},"schema":{"@context":"https:\/\/schema.org","@graph":[{"@type":"WebPage","@id":"https:\/\/www.itakaescolapios.org\/fr\/campanas\/2019-2020-compartiendo-mucha-vida-juventuditakaescolapios\/centros-calasanz-en-america-latina\/","url":"https:\/\/www.itakaescolapios.org\/fr\/campanas\/2019-2020-compartiendo-mucha-vida-juventuditakaescolapios\/centros-calasanz-en-america-latina\/","name":"LOS CENTROS CALASANZ EN AM\u00c9RICA LATINA - Itaka-Escolapios","isPartOf":{"@id":"https:\/\/www.itakaescolapios.org\/es\/#website"},"datePublished":"2019-10-29T13:09:10+00:00","dateModified":"2023-11-28T11:36:40+00:00","breadcrumb":{"@id":"https:\/\/www.itakaescolapios.org\/fr\/campanas\/2019-2020-compartiendo-mucha-vida-juventuditakaescolapios\/centros-calasanz-en-america-latina\/#breadcrumb"},"inLanguage":"fr-FR","potentialAction":[{"@type":"ReadAction","target":["https:\/\/www.itakaescolapios.org\/fr\/campanas\/2019-2020-compartiendo-mucha-vida-juventuditakaescolapios\/centros-calasanz-en-america-latina\/"]}]},{"@type":"BreadcrumbList","@id":"https:\/\/www.itakaescolapios.org\/fr\/campanas\/2019-2020-compartiendo-mucha-vida-juventuditakaescolapios\/centros-calasanz-en-america-latina\/#breadcrumb","itemListElement":[{"@type":"ListItem","position":1,"name":"Itaka-Escolapios","item":"https:\/\/www.itakaescolapios.org\/es\/"},{"@type":"ListItem","position":2,"name":"Campagnes","item":"https:\/\/www.itakaescolapios.org\/es\/campanas\/"},{"@type":"ListItem","position":3,"name":"2019-2020 PARTAGEANT LA VIE EN ABONDANCE #JeunesseItakaEscolapios","item":"https:\/\/www.itakaescolapios.org\/es\/campanas\/2019-2020-compartiendo-mucha-vida-juventuditakaescolapios\/"},{"@type":"ListItem","position":4,"name":"LES CENTRES CALASANZ EN AM\u00c9RIQUE LATINE"}]},{"@type":"WebSite","@id":"https:\/\/www.itakaescolapios.org\/fr\/es\/#website","url":"https:\/\/www.itakaescolapios.org\/fr\/es\/","name":"Itaka-Escolapios","description":"Red de Itaka-Escolapios","publisher":{"@id":"https:\/\/www.itakaescolapios.org\/fr\/es\/#organization"},"potentialAction":[{"@type":"SearchAction","target":{"@type":"EntryPoint","urlTemplate":"https:\/\/www.itakaescolapios.org\/fr\/es\/?s={search_term_string}"},"query-input":{"@type":"PropertyValueSpecification","valueRequired":true,"valueName":"search_term_string"}}],"inLanguage":"fr-FR"},{"@type":"Organization","@id":"https:\/\/www.itakaescolapios.org\/fr\/es\/#organization","name":"Fundaci\u00f3 Itaka-Escolapios","url":"https:\/\/www.itakaescolapios.org\/fr\/es\/","logo":{"@type":"ImageObject","inLanguage":"fr-FR","@id":"https:\/\/www.itakaescolapios.org\/fr\/es\/#\/schema\/logo\/image\/","url":"https:\/\/www.itakaescolapios.org\/wp-content\/uploads\/2024\/04\/Logo-itakaescolapios-peque.png","contentUrl":"https:\/\/www.itakaescolapios.org\/wp-content\/uploads\/2024\/04\/Logo-itakaescolapios-peque.png","width":500,"height":199,"caption":"Fundaci\u00f3 Itaka-Escolapios"},"image":{"@id":"https:\/\/www.itakaescolapios.org\/fr\/es\/#\/schema\/logo\/image\/"}}]}},"_links":{"self":[{"href":"https:\/\/www.itakaescolapios.org\/fr\/wp-json\/wp\/v2\/pages\/28648","targetHints":{"allow":["GET"]}}],"collection":[{"href":"https:\/\/www.itakaescolapios.org\/fr\/wp-json\/wp\/v2\/pages"}],"about":[{"href":"https:\/\/www.itakaescolapios.org\/fr\/wp-json\/wp\/v2\/types\/page"}],"author":[{"embeddable":true,"href":"https:\/\/www.itakaescolapios.org\/fr\/wp-json\/wp\/v2\/users\/46"}],"replies":[{"embeddable":true,"href":"https:\/\/www.itakaescolapios.org\/fr\/wp-json\/wp\/v2\/comments?post=28648"}],"version-history":[{"count":18,"href":"https:\/\/www.itakaescolapios.org\/fr\/wp-json\/wp\/v2\/pages\/28648\/revisions"}],"predecessor-version":[{"id":45386,"href":"https:\/\/www.itakaescolapios.org\/fr\/wp-json\/wp\/v2\/pages\/28648\/revisions\/45386"}],"up":[{"embeddable":true,"href":"https:\/\/www.itakaescolapios.org\/fr\/wp-json\/wp\/v2\/pages\/28602"}],"wp:attachment":[{"href":"https:\/\/www.itakaescolapios.org\/fr\/wp-json\/wp\/v2\/media?parent=28648"}],"curies":[{"name":"wp","href":"https:\/\/api.w.org\/{rel}","templated":true}]}}