{"id":28653,"date":"2019-10-29T15:34:52","date_gmt":"2019-10-29T14:34:52","guid":{"rendered":"https:\/\/www.itakaescolapios.org\/?page_id=28653"},"modified":"2023-11-28T12:36:40","modified_gmt":"2023-11-28T11:36:40","slug":"actividades-para-los-y-las-mas-pequenas","status":"publish","type":"page","link":"https:\/\/www.itakaescolapios.org\/fr\/campanas\/2019-2020-compartiendo-mucha-vida-juventuditakaescolapios\/actividades-para-los-y-las-mas-pequenas\/","title":{"rendered":"ACTIVIT\u00c9S POUR LES PLUS PETITS"},"content":{"rendered":"<p><a href=\"https:\/\/www.itakaescolapios.org\/wp-content\/uploads\/2019\/11\/ELIKIA-ESENGO_color.jpg\"><img decoding=\"async\" class=\"alignleft wp-image-28773\" src=\"https:\/\/www.itakaescolapios.org\/wp-content\/uploads\/2019\/11\/ELIKIA-ESENGO_color-214x300.jpg\" alt=\"\" width=\"171\" height=\"240\" srcset=\"https:\/\/www.itakaescolapios.org\/wp-content\/uploads\/2019\/11\/ELIKIA-ESENGO_color-214x300.jpg 214w, https:\/\/www.itakaescolapios.org\/wp-content\/uploads\/2019\/11\/ELIKIA-ESENGO_color-768x1075.jpg 768w, https:\/\/www.itakaescolapios.org\/wp-content\/uploads\/2019\/11\/ELIKIA-ESENGO_color-731x1024.jpg 731w, https:\/\/www.itakaescolapios.org\/wp-content\/uploads\/2019\/11\/ELIKIA-ESENGO_color-250x350.jpg 250w, https:\/\/www.itakaescolapios.org\/wp-content\/uploads\/2019\/11\/ELIKIA-ESENGO_color.jpg 1071w\" sizes=\"(max-width: 171px) 100vw, 171px\" \/><\/a><\/p>\n<p>&nbsp;<\/p>\n<p style=\"text-align: justify;\"><span class=\"Hyperlink0\"><span lang=\"FR\" style=\"font-size: 10.5pt;\">Esengo nous propose des activit\u00e9s pour les plus petits, ceux qui commencent leur \u00e9ducation au sein de nos centres \u00e9ducatifs. Enfants des \u00e9tapes pr\u00e9scolaires.<\/span><\/span><\/p>\n<p>Activit\u00e9s et vid\u00e9os uniquement en espagnol. Les documents r\u00e9visables en espagnol peuvent \u00eatre demand\u00e9s pour traduction \u00e0 l&rsquo;adresse solidarity@itakaescolapios.org<\/p>\n<p>&nbsp;<\/p>\n<p>CAMPECHE\u00a0 \u00a0 \u00a0 \u00a0 \u00a0 \u00a0 \u00a0 \u00a0 \u00a0 \u00a0 \u00a0 \u00a0 \u00a0 \u00a0 \u00a0 \u00a0 \u00a0 \u00a0 \u00a0 \u00a0 \u00a0 \u00a0 \u00a0 \u00a0 \u00a0 \u00a0 \u00a0 \u00a0 COCHABAMBA<\/p>\n<p><iframe loading=\"lazy\" src=\"https:\/\/www.youtube.com\/embed\/tYkYhMdRhRs\" width=\"252\" height=\"142\" frameborder=\"0\" allowfullscreen=\"allowfullscreen\"><\/iframe> <iframe loading=\"lazy\" src=\"https:\/\/www.youtube.com\/embed\/7GulK5P825w\" width=\"252\" height=\"142\" frameborder=\"0\" allowfullscreen=\"allowfullscreen\"><\/iframe><\/p>\n<p>LA PUYA\u00a0 \u00a0 \u00a0 \u00a0 \u00a0 \u00a0 \u00a0 \u00a0 \u00a0 \u00a0 \u00a0 \u00a0 \u00a0 \u00a0 \u00a0 \u00a0 \u00a0 \u00a0 \u00a0 \u00a0 \u00a0 \u00a0 \u00a0 \u00a0 \u00a0 \u00a0 \u00a0 \u00a0 \u00a0 \u00a0 \u00a0ARACAJU<br \/>\n<iframe loading=\"lazy\" src=\"https:\/\/www.youtube.com\/embed\/yNt3oCwhZCg\" width=\"252\" height=\"142\" frameborder=\"0\" allowfullscreen=\"allowfullscreen\"><\/iframe> <iframe loading=\"lazy\" src=\"https:\/\/www.youtube.com\/embed\/nz-5_DMhtT4\" width=\"252\" height=\"142\" frameborder=\"0\" allowfullscreen=\"allowfullscreen\"><\/iframe><\/p>\n<p>BARQUISIMETO<br \/>\n<iframe loading=\"lazy\" src=\"https:\/\/www.youtube.com\/embed\/dQ2jChgLUBA\" width=\"252\" height=\"142\" frameborder=\"0\" allowfullscreen=\"allowfullscreen\"><\/iframe><\/p>\n<table width=\"522\">\n<tbody>\n<tr>\n<td width=\"80\">Edad<\/td>\n<td width=\"114\">FICHA ACTIVIDAD<\/td>\n<td colspan=\"7\" width=\"248\">ANEXOS<\/td>\n<td width=\"80\"><\/td>\n<\/tr>\n<tr>\n<td width=\"80\"><span style=\"color: #993300;\">3 \u2013 4 a\u00f1os<\/span><\/td>\n<td width=\"114\"><span style=\"color: #993300;\"><strong><a style=\"color: #993300;\" href=\"https:\/\/www.itakaescolapios.org\/wp-content\/uploads\/2019\/11\/MEMORY.pdf\" target=\"_blank\" rel=\"noopener noreferrer\">MEMORY<\/a><\/strong><\/span><\/td>\n<td width=\"28\"><span style=\"color: #993300;\"><a style=\"color: #993300;\" href=\"https:\/\/www.itakaescolapios.org\/wp-content\/uploads\/2019\/11\/ANEXO-0_MEMORY.pdf\" target=\"_blank\" rel=\"noopener noreferrer\">0<\/a><\/span><\/td>\n<td width=\"28\"><span style=\"color: #993300;\"><a style=\"color: #993300;\" href=\"https:\/\/www.itakaescolapios.org\/wp-content\/uploads\/2019\/11\/ANEXO-1_MEMORY_Elykia-Esengo-y-Jiwa.pdf\" target=\"_blank\" rel=\"noopener noreferrer\">1<\/a><\/span><\/td>\n<td width=\"28\"><span style=\"color: #993300;\"><a style=\"color: #993300;\" href=\"https:\/\/www.itakaescolapios.org\/wp-content\/uploads\/2019\/11\/ANEXO-2_MEMORY_Quisap-y-Marine.pdf\" target=\"_blank\" rel=\"noopener noreferrer\">2<\/a><\/span><\/td>\n<td width=\"28\"><span style=\"color: #993300;\"><a style=\"color: #993300;\" href=\"https:\/\/www.itakaescolapios.org\/wp-content\/uploads\/2019\/11\/ANEXO-3_MEMORY_Bla.pdf\" target=\"_blank\" rel=\"noopener noreferrer\">3<\/a><\/span><\/td>\n<td width=\"28\"><span style=\"color: #993300;\"><a style=\"color: #993300;\" href=\"https:\/\/www.itakaescolapios.org\/wp-content\/uploads\/2019\/11\/ANEXO-4_MEMORY_Sukal.pdf\" target=\"_blank\" rel=\"noopener noreferrer\">4<\/a><\/span><\/td>\n<td width=\"28\"><span style=\"color: #993300;\"><a style=\"color: #993300;\" href=\"https:\/\/www.itakaescolapios.org\/wp-content\/uploads\/2019\/11\/ANEXO-5_MEMORY_Actividad-final.pdf\" target=\"_blank\" rel=\"noopener noreferrer\">5<\/a><\/span><\/td>\n<td width=\"80\"><span style=\"color: #993300;\"><a style=\"color: #993300;\" href=\"https:\/\/www.itakaescolapios.org\/wp-content\/uploads\/2019\/11\/ANEXO_-Juego-Memory.pdf\">Juego<\/a><\/span><\/td>\n<td width=\"80\"><span style=\"color: #993300;\"><a style=\"color: #993300;\" href=\"https:\/\/www.itakaescolapios.org\/wp-content\/uploads\/2019\/11\/ANEXO_Diploma.pdf\" target=\"_blank\" rel=\"noopener noreferrer\">Diploma<\/a><\/span><\/td>\n<\/tr>\n<tr>\n<td width=\"80\"><span style=\"color: #000080;\">4 \u2013 5 a\u00f1os<\/span><\/td>\n<td width=\"114\"><span style=\"color: #000080;\"><strong><a style=\"color: #000080;\" href=\"https:\/\/www.itakaescolapios.org\/wp-content\/uploads\/2019\/11\/COMPLEMENTOS.pdf\" target=\"_blank\" rel=\"noopener noreferrer\">COMPLEMENTOS<\/a><\/strong><\/span><\/td>\n<td width=\"28\"><\/td>\n<td width=\"28\"><span style=\"color: #000080;\"><a style=\"color: #000080;\" href=\"https:\/\/www.itakaescolapios.org\/wp-content\/uploads\/2019\/11\/ANEXO-1_COMPLEMENTOS_Elykia-Esengo-y-Jiwa.pdf\">1<\/a><\/span><\/td>\n<td width=\"28\"><span style=\"color: #000080;\"><a style=\"color: #000080;\" href=\"https:\/\/www.itakaescolapios.org\/wp-content\/uploads\/2019\/11\/ANEXO-2_COMPLEMENTOS_Quisap-y-Marine.pdf\">2<\/a><\/span><\/td>\n<td width=\"28\"><span style=\"color: #000080;\"><a style=\"color: #000080;\" href=\"https:\/\/www.itakaescolapios.org\/wp-content\/uploads\/2019\/11\/ANEXO-3_COMPLEMENTOS_Bla.pdf\" target=\"_blank\" rel=\"noopener noreferrer\">3<\/a><\/span><\/td>\n<td width=\"28\"><span style=\"color: #000080;\"><a style=\"color: #000080;\" href=\"https:\/\/www.itakaescolapios.org\/wp-content\/uploads\/2019\/11\/ANEXO-4_COMPLEMENTOS_Sukal.pdf\" target=\"_blank\" rel=\"noopener noreferrer\">4<\/a><\/span><\/td>\n<td width=\"28\"><span style=\"color: #000080;\"><a style=\"color: #000080;\" href=\"https:\/\/www.itakaescolapios.org\/wp-content\/uploads\/2019\/11\/ANEXO-5_COMPLEMENTOS_Actividad-final.pdf\" target=\"_blank\" rel=\"noopener noreferrer\">5<\/a><\/span><\/td>\n<td width=\"80\"><span style=\"color: #000080;\"><a style=\"color: #000080;\" href=\"https:\/\/www.itakaescolapios.org\/wp-content\/uploads\/2019\/11\/ANEXO-CIRCULAR-FAMILIAS-bueno.pdf\" target=\"_blank\" rel=\"noopener noreferrer\">Circular<\/a><\/span><\/td>\n<td width=\"80\"><span style=\"color: #000080;\"><a style=\"color: #000080;\" href=\"https:\/\/www.itakaescolapios.org\/wp-content\/uploads\/2019\/11\/ANEXO_Diploma.pdf\" target=\"_blank\" rel=\"noopener noreferrer\">Diploma<\/a><\/span><\/td>\n<\/tr>\n<tr>\n<td width=\"80\"><span style=\"color: #808000;\">5 \u2013 6 a\u00f1os<\/span><\/td>\n<td width=\"114\"><strong><span style=\"color: #808000;\"><a style=\"color: #808000;\" href=\"https:\/\/www.itakaescolapios.org\/wp-content\/uploads\/2019\/11\/EXPEDICI\u00d3N.pdf\" target=\"_blank\" rel=\"noopener noreferrer\">EXPEDICI\u00d3N<\/a><\/span><\/strong><\/td>\n<td width=\"28\"><\/td>\n<td width=\"28\"><span style=\"color: #808000;\"><a style=\"color: #808000;\" href=\"https:\/\/www.itakaescolapios.org\/wp-content\/uploads\/2019\/11\/ANEXO-1_EXPEDICI\u00d3N_Elykia-Esengo-y-Jiwa.pdf\" target=\"_blank\" rel=\"noopener noreferrer\">1<\/a><\/span><\/td>\n<td width=\"28\"><span style=\"color: #808000;\"><a style=\"color: #808000;\" href=\"https:\/\/www.itakaescolapios.org\/wp-content\/uploads\/2019\/11\/ANEXO-2_EXPEDICI\u00d3N_Quisap-y-Marine.pdf\" target=\"_blank\" rel=\"noopener noreferrer\">2<\/a><\/span><\/td>\n<td width=\"28\"><span style=\"color: #808000;\"><a style=\"color: #808000;\" href=\"https:\/\/www.itakaescolapios.org\/wp-content\/uploads\/2019\/11\/ANEXO-3_EXPEDICI\u00d3N_Bla.pdf\" target=\"_blank\" rel=\"noopener noreferrer\">3<\/a><\/span><\/td>\n<td width=\"28\"><span style=\"color: #808000;\"><a style=\"color: #808000;\" href=\"https:\/\/www.itakaescolapios.org\/wp-content\/uploads\/2019\/11\/ANEXO-4_EXPEDICI\u00d3N_Sukal.pdf\" target=\"_blank\" rel=\"noopener noreferrer\">4<\/a><\/span><\/td>\n<td width=\"28\"><span style=\"color: #808000;\"><a style=\"color: #808000;\" href=\"https:\/\/www.itakaescolapios.org\/wp-content\/uploads\/2019\/11\/ANEXO-5_EXPEDICI\u00d3N_Actividad-final.pdf\">5<\/a><\/span><\/td>\n<td width=\"80\"><span style=\"color: #808000;\"><a style=\"color: #808000;\" href=\"https:\/\/www.itakaescolapios.org\/wp-content\/uploads\/2019\/11\/ANEXO_-figuras.pdf\" target=\"_blank\" rel=\"noopener noreferrer\">Figuras<\/a><\/span><\/td>\n<td width=\"80\"><span style=\"color: #808000;\"><a style=\"color: #808000;\" href=\"https:\/\/www.itakaescolapios.org\/wp-content\/uploads\/2019\/11\/ANEXO_Diploma.pdf\" target=\"_blank\" rel=\"noopener noreferrer\">Diploma<\/a><\/span><\/td>\n<\/tr>\n<\/tbody>\n<\/table>\n","protected":false},"excerpt":{"rendered":"<p>&nbsp; Esengo nous propose des activit\u00e9s pour les plus petits, ceux qui commencent leur \u00e9ducation au sein de nos centres \u00e9ducatifs. Enfants des \u00e9tapes pr\u00e9scolaires. Activit\u00e9s et vid\u00e9os uniquement en [&hellip;]<\/p>\n","protected":false},"author":46,"featured_media":0,"parent":28602,"menu_order":7,"comment_status":"closed","ping_status":"closed","template":"","meta":{"_et_pb_use_builder":"","_et_pb_old_content":"","_et_gb_content_width":"","footnotes":""},"class_list":["post-28653","page","type-page","status-publish","hentry"],"yoast_head":"<!-- This site is optimized with the Yoast SEO plugin v27.3 - https:\/\/yoast.com\/product\/yoast-seo-wordpress\/ -->\n<title>ACTIVIT\u00c9S POUR LES PLUS PETITS<\/title>\n<meta name=\"description\" content=\"&nbsp; Esengo nous propose des activit\u00e9s pour les plus petits, ceux qui commencent leur \u00e9ducation au sein de nos centres \u00e9ducatifs. Enfants des \u00e9tapes pr\u00e9scolaires. Activit\u00e9s et vid\u00e9os uniquement en espagnol. Les documents r\u00e9visables en espagnol peuvent \u00eatre demand\u00e9s pour traduction \u00e0 l&#039;adresse solidarity@itakaescolapios.org &nbsp; CAMPECHE\u00a0 \u00a0 \u00a0 \u00a0 \u00a0 \u00a0 \u00a0 \u00a0 \u00a0 \u00a0\u2026\" \/>\n<meta name=\"robots\" content=\"index, follow, max-snippet:-1, max-image-preview:large, max-video-preview:-1\" \/>\n<link rel=\"canonical\" href=\"http:\/\/&nbsp;%20Esengo%20nous%20propose%20des%20activit\u00e9s%20pour%20les%20plus%20petits,%20ceux%20qui%20commencent%20leur%20\u00e9ducation%20au%20sein%20de%20nos%20centres%20\u00e9ducatifs.%20Enfants%20des%20\u00e9tapes%20pr\u00e9scolaires.%20Activit\u00e9s%20et%20vid\u00e9os%20uniquement%20en%20espagnol.%20Les%20documents%20r\u00e9visables%20en%20espagnol%20peuvent%20\u00eatre%20demand\u00e9s%20pour%20traduction%20\u00e0%20l'adresse%20solidarity@itakaescolapios.org%20&nbsp;%20CAMPECHE\u00a0%20\u00a0%20\u00a0%20\u00a0%20\u00a0%20\u00a0%20\u00a0%20\u00a0%20\u00a0%20\u00a0\u2026\" \/>\n<meta property=\"og:locale\" content=\"fr_FR\" \/>\n<meta property=\"og:type\" content=\"article\" \/>\n<meta property=\"og:title\" content=\"ACTIVIT\u00c9S POUR LES PLUS PETITS\" \/>\n<meta property=\"og:description\" content=\"&nbsp; Esengo nous propose des activit\u00e9s pour les plus petits, ceux qui commencent leur \u00e9ducation au sein de nos centres \u00e9ducatifs. Enfants des \u00e9tapes pr\u00e9scolaires. Activit\u00e9s et vid\u00e9os uniquement en espagnol. Les documents r\u00e9visables en espagnol peuvent \u00eatre demand\u00e9s pour traduction \u00e0 l&#039;adresse solidarity@itakaescolapios.org &nbsp; CAMPECHE\u00a0 \u00a0 \u00a0 \u00a0 \u00a0 \u00a0 \u00a0 \u00a0 \u00a0 \u00a0\u2026\" \/>\n<meta property=\"og:url\" content=\"https:\/\/www.itakaescolapios.org\/fr\/campanas\/2019-2020-compartiendo-mucha-vida-juventuditakaescolapios\/actividades-para-los-y-las-mas-pequenas\/\" \/>\n<meta property=\"og:site_name\" content=\"Itaka-Escolapios\" \/>\n<meta property=\"article:modified_time\" content=\"2023-11-28T11:36:40+00:00\" \/>\n<meta property=\"og:image\" content=\"https:\/\/www.itakaescolapios.org\/wp-content\/uploads\/2019\/11\/ELIKIA-ESENGO_color.jpg\" \/>\n\t<meta property=\"og:image:width\" content=\"1071\" \/>\n\t<meta property=\"og:image:height\" content=\"1500\" \/>\n\t<meta property=\"og:image:type\" content=\"image\/jpeg\" \/>\n<meta name=\"twitter:card\" content=\"summary_large_image\" \/>\n<script type=\"application\/ld+json\" class=\"yoast-schema-graph\">{\"@context\":\"https:\\\/\\\/schema.org\",\"@graph\":[{\"@type\":\"WebPage\",\"@id\":\"https:\\\/\\\/www.itakaescolapios.org\\\/fr\\\/campanas\\\/2019-2020-compartiendo-mucha-vida-juventuditakaescolapios\\\/actividades-para-los-y-las-mas-pequenas\\\/\",\"url\":\"https:\\\/\\\/www.itakaescolapios.org\\\/fr\\\/campanas\\\/2019-2020-compartiendo-mucha-vida-juventuditakaescolapios\\\/actividades-para-los-y-las-mas-pequenas\\\/\",\"name\":\"ACTIVIDADES PARA LOS Y LAS M\u00c1S PEQUE\u00d1AS - Itaka-Escolapios\",\"isPartOf\":{\"@id\":\"https:\\\/\\\/www.itakaescolapios.org\\\/es\\\/#website\"},\"primaryImageOfPage\":{\"@id\":\"https:\\\/\\\/www.itakaescolapios.org\\\/fr\\\/campanas\\\/2019-2020-compartiendo-mucha-vida-juventuditakaescolapios\\\/actividades-para-los-y-las-mas-pequenas\\\/#primaryimage\"},\"image\":{\"@id\":\"https:\\\/\\\/www.itakaescolapios.org\\\/fr\\\/campanas\\\/2019-2020-compartiendo-mucha-vida-juventuditakaescolapios\\\/actividades-para-los-y-las-mas-pequenas\\\/#primaryimage\"},\"thumbnailUrl\":\"https:\\\/\\\/www.itakaescolapios.org\\\/wp-content\\\/uploads\\\/2019\\\/11\\\/ELIKIA-ESENGO_color-214x300.jpg\",\"datePublished\":\"2019-10-29T14:34:52+00:00\",\"dateModified\":\"2023-11-28T11:36:40+00:00\",\"breadcrumb\":{\"@id\":\"https:\\\/\\\/www.itakaescolapios.org\\\/fr\\\/campanas\\\/2019-2020-compartiendo-mucha-vida-juventuditakaescolapios\\\/actividades-para-los-y-las-mas-pequenas\\\/#breadcrumb\"},\"inLanguage\":\"fr-FR\",\"potentialAction\":[{\"@type\":\"ReadAction\",\"target\":[\"https:\\\/\\\/www.itakaescolapios.org\\\/fr\\\/campanas\\\/2019-2020-compartiendo-mucha-vida-juventuditakaescolapios\\\/actividades-para-los-y-las-mas-pequenas\\\/\"]}]},{\"@type\":\"ImageObject\",\"inLanguage\":\"fr-FR\",\"@id\":\"https:\\\/\\\/www.itakaescolapios.org\\\/fr\\\/campanas\\\/2019-2020-compartiendo-mucha-vida-juventuditakaescolapios\\\/actividades-para-los-y-las-mas-pequenas\\\/#primaryimage\",\"url\":\"https:\\\/\\\/www.itakaescolapios.org\\\/wp-content\\\/uploads\\\/2019\\\/11\\\/ELIKIA-ESENGO_color-214x300.jpg\",\"contentUrl\":\"https:\\\/\\\/www.itakaescolapios.org\\\/wp-content\\\/uploads\\\/2019\\\/11\\\/ELIKIA-ESENGO_color-214x300.jpg\"},{\"@type\":\"BreadcrumbList\",\"@id\":\"https:\\\/\\\/www.itakaescolapios.org\\\/fr\\\/campanas\\\/2019-2020-compartiendo-mucha-vida-juventuditakaescolapios\\\/actividades-para-los-y-las-mas-pequenas\\\/#breadcrumb\",\"itemListElement\":[{\"@type\":\"ListItem\",\"position\":1,\"name\":\"Itaka-Escolapios\",\"item\":\"https:\\\/\\\/www.itakaescolapios.org\\\/es\\\/\"},{\"@type\":\"ListItem\",\"position\":2,\"name\":\"Campagnes\",\"item\":\"https:\\\/\\\/www.itakaescolapios.org\\\/es\\\/campanas\\\/\"},{\"@type\":\"ListItem\",\"position\":3,\"name\":\"2019-2020 PARTAGEANT LA VIE EN ABONDANCE #JeunesseItakaEscolapios\",\"item\":\"https:\\\/\\\/www.itakaescolapios.org\\\/es\\\/campanas\\\/2019-2020-compartiendo-mucha-vida-juventuditakaescolapios\\\/\"},{\"@type\":\"ListItem\",\"position\":4,\"name\":\"ACTIVIT\u00c9S POUR LES PLUS PETITS\"}]},{\"@type\":\"WebSite\",\"@id\":\"https:\\\/\\\/www.itakaescolapios.org\\\/fr\\\/es\\\/#website\",\"url\":\"https:\\\/\\\/www.itakaescolapios.org\\\/fr\\\/es\\\/\",\"name\":\"Itaka-Escolapios\",\"description\":\"Red de Itaka-Escolapios\",\"publisher\":{\"@id\":\"https:\\\/\\\/www.itakaescolapios.org\\\/fr\\\/es\\\/#organization\"},\"potentialAction\":[{\"@type\":\"SearchAction\",\"target\":{\"@type\":\"EntryPoint\",\"urlTemplate\":\"https:\\\/\\\/www.itakaescolapios.org\\\/fr\\\/es\\\/?s={search_term_string}\"},\"query-input\":{\"@type\":\"PropertyValueSpecification\",\"valueRequired\":true,\"valueName\":\"search_term_string\"}}],\"inLanguage\":\"fr-FR\"},{\"@type\":\"Organization\",\"@id\":\"https:\\\/\\\/www.itakaescolapios.org\\\/fr\\\/es\\\/#organization\",\"name\":\"Fundaci\u00f3 Itaka-Escolapios\",\"url\":\"https:\\\/\\\/www.itakaescolapios.org\\\/fr\\\/es\\\/\",\"logo\":{\"@type\":\"ImageObject\",\"inLanguage\":\"fr-FR\",\"@id\":\"https:\\\/\\\/www.itakaescolapios.org\\\/fr\\\/es\\\/#\\\/schema\\\/logo\\\/image\\\/\",\"url\":\"https:\\\/\\\/www.itakaescolapios.org\\\/wp-content\\\/uploads\\\/2024\\\/04\\\/Logo-itakaescolapios-peque.png\",\"contentUrl\":\"https:\\\/\\\/www.itakaescolapios.org\\\/wp-content\\\/uploads\\\/2024\\\/04\\\/Logo-itakaescolapios-peque.png\",\"width\":500,\"height\":199,\"caption\":\"Fundaci\u00f3 Itaka-Escolapios\"},\"image\":{\"@id\":\"https:\\\/\\\/www.itakaescolapios.org\\\/fr\\\/es\\\/#\\\/schema\\\/logo\\\/image\\\/\"}}]}<\/script>\n<!-- \/ Yoast SEO plugin. -->","yoast_head_json":{"title":"ACTIVIT\u00c9S POUR LES PLUS PETITS","description":"&nbsp; Esengo nous propose des activit\u00e9s pour les plus petits, ceux qui commencent leur \u00e9ducation au sein de nos centres \u00e9ducatifs. Enfants des \u00e9tapes pr\u00e9scolaires. Activit\u00e9s et vid\u00e9os uniquement en espagnol. Les documents r\u00e9visables en espagnol peuvent \u00eatre demand\u00e9s pour traduction \u00e0 l'adresse solidarity@itakaescolapios.org &nbsp; CAMPECHE\u00a0 \u00a0 \u00a0 \u00a0 \u00a0 \u00a0 \u00a0 \u00a0 \u00a0 \u00a0\u2026","robots":{"index":"index","follow":"follow","max-snippet":"max-snippet:-1","max-image-preview":"max-image-preview:large","max-video-preview":"max-video-preview:-1"},"canonical":"&nbsp; Esengo nous propose des activit\u00e9s pour les plus petits, ceux qui commencent leur \u00e9ducation au sein de nos centres \u00e9ducatifs. Enfants des \u00e9tapes pr\u00e9scolaires. Activit\u00e9s et vid\u00e9os uniquement en espagnol. Les documents r\u00e9visables en espagnol peuvent \u00eatre demand\u00e9s pour traduction \u00e0 l'adresse solidarity@itakaescolapios.org &nbsp; CAMPECHE\u00a0 \u00a0 \u00a0 \u00a0 \u00a0 \u00a0 \u00a0 \u00a0 \u00a0 \u00a0\u2026","og_locale":"fr_FR","og_type":"article","og_title":"ACTIVIT\u00c9S POUR LES PLUS PETITS","og_description":"&nbsp; Esengo nous propose des activit\u00e9s pour les plus petits, ceux qui commencent leur \u00e9ducation au sein de nos centres \u00e9ducatifs. Enfants des \u00e9tapes pr\u00e9scolaires. Activit\u00e9s et vid\u00e9os uniquement en espagnol. Les documents r\u00e9visables en espagnol peuvent \u00eatre demand\u00e9s pour traduction \u00e0 l'adresse solidarity@itakaescolapios.org &nbsp; CAMPECHE\u00a0 \u00a0 \u00a0 \u00a0 \u00a0 \u00a0 \u00a0 \u00a0 \u00a0 \u00a0\u2026","og_url":"https:\/\/www.itakaescolapios.org\/fr\/campanas\/2019-2020-compartiendo-mucha-vida-juventuditakaescolapios\/actividades-para-los-y-las-mas-pequenas\/","og_site_name":"Itaka-Escolapios","article_modified_time":"2023-11-28T11:36:40+00:00","og_image":[{"width":1071,"height":1500,"url":"https:\/\/www.itakaescolapios.org\/wp-content\/uploads\/2019\/11\/ELIKIA-ESENGO_color.jpg","type":"image\/jpeg"}],"twitter_card":"summary_large_image","schema":{"@context":"https:\/\/schema.org","@graph":[{"@type":"WebPage","@id":"https:\/\/www.itakaescolapios.org\/fr\/campanas\/2019-2020-compartiendo-mucha-vida-juventuditakaescolapios\/actividades-para-los-y-las-mas-pequenas\/","url":"https:\/\/www.itakaescolapios.org\/fr\/campanas\/2019-2020-compartiendo-mucha-vida-juventuditakaescolapios\/actividades-para-los-y-las-mas-pequenas\/","name":"ACTIVIDADES PARA LOS Y LAS M\u00c1S PEQUE\u00d1AS - Itaka-Escolapios","isPartOf":{"@id":"https:\/\/www.itakaescolapios.org\/es\/#website"},"primaryImageOfPage":{"@id":"https:\/\/www.itakaescolapios.org\/fr\/campanas\/2019-2020-compartiendo-mucha-vida-juventuditakaescolapios\/actividades-para-los-y-las-mas-pequenas\/#primaryimage"},"image":{"@id":"https:\/\/www.itakaescolapios.org\/fr\/campanas\/2019-2020-compartiendo-mucha-vida-juventuditakaescolapios\/actividades-para-los-y-las-mas-pequenas\/#primaryimage"},"thumbnailUrl":"https:\/\/www.itakaescolapios.org\/wp-content\/uploads\/2019\/11\/ELIKIA-ESENGO_color-214x300.jpg","datePublished":"2019-10-29T14:34:52+00:00","dateModified":"2023-11-28T11:36:40+00:00","breadcrumb":{"@id":"https:\/\/www.itakaescolapios.org\/fr\/campanas\/2019-2020-compartiendo-mucha-vida-juventuditakaescolapios\/actividades-para-los-y-las-mas-pequenas\/#breadcrumb"},"inLanguage":"fr-FR","potentialAction":[{"@type":"ReadAction","target":["https:\/\/www.itakaescolapios.org\/fr\/campanas\/2019-2020-compartiendo-mucha-vida-juventuditakaescolapios\/actividades-para-los-y-las-mas-pequenas\/"]}]},{"@type":"ImageObject","inLanguage":"fr-FR","@id":"https:\/\/www.itakaescolapios.org\/fr\/campanas\/2019-2020-compartiendo-mucha-vida-juventuditakaescolapios\/actividades-para-los-y-las-mas-pequenas\/#primaryimage","url":"https:\/\/www.itakaescolapios.org\/wp-content\/uploads\/2019\/11\/ELIKIA-ESENGO_color-214x300.jpg","contentUrl":"https:\/\/www.itakaescolapios.org\/wp-content\/uploads\/2019\/11\/ELIKIA-ESENGO_color-214x300.jpg"},{"@type":"BreadcrumbList","@id":"https:\/\/www.itakaescolapios.org\/fr\/campanas\/2019-2020-compartiendo-mucha-vida-juventuditakaescolapios\/actividades-para-los-y-las-mas-pequenas\/#breadcrumb","itemListElement":[{"@type":"ListItem","position":1,"name":"Itaka-Escolapios","item":"https:\/\/www.itakaescolapios.org\/es\/"},{"@type":"ListItem","position":2,"name":"Campagnes","item":"https:\/\/www.itakaescolapios.org\/es\/campanas\/"},{"@type":"ListItem","position":3,"name":"2019-2020 PARTAGEANT LA VIE EN ABONDANCE #JeunesseItakaEscolapios","item":"https:\/\/www.itakaescolapios.org\/es\/campanas\/2019-2020-compartiendo-mucha-vida-juventuditakaescolapios\/"},{"@type":"ListItem","position":4,"name":"ACTIVIT\u00c9S POUR LES PLUS PETITS"}]},{"@type":"WebSite","@id":"https:\/\/www.itakaescolapios.org\/fr\/es\/#website","url":"https:\/\/www.itakaescolapios.org\/fr\/es\/","name":"Itaka-Escolapios","description":"Red de Itaka-Escolapios","publisher":{"@id":"https:\/\/www.itakaescolapios.org\/fr\/es\/#organization"},"potentialAction":[{"@type":"SearchAction","target":{"@type":"EntryPoint","urlTemplate":"https:\/\/www.itakaescolapios.org\/fr\/es\/?s={search_term_string}"},"query-input":{"@type":"PropertyValueSpecification","valueRequired":true,"valueName":"search_term_string"}}],"inLanguage":"fr-FR"},{"@type":"Organization","@id":"https:\/\/www.itakaescolapios.org\/fr\/es\/#organization","name":"Fundaci\u00f3 Itaka-Escolapios","url":"https:\/\/www.itakaescolapios.org\/fr\/es\/","logo":{"@type":"ImageObject","inLanguage":"fr-FR","@id":"https:\/\/www.itakaescolapios.org\/fr\/es\/#\/schema\/logo\/image\/","url":"https:\/\/www.itakaescolapios.org\/wp-content\/uploads\/2024\/04\/Logo-itakaescolapios-peque.png","contentUrl":"https:\/\/www.itakaescolapios.org\/wp-content\/uploads\/2024\/04\/Logo-itakaescolapios-peque.png","width":500,"height":199,"caption":"Fundaci\u00f3 Itaka-Escolapios"},"image":{"@id":"https:\/\/www.itakaescolapios.org\/fr\/es\/#\/schema\/logo\/image\/"}}]}},"_links":{"self":[{"href":"https:\/\/www.itakaescolapios.org\/fr\/wp-json\/wp\/v2\/pages\/28653","targetHints":{"allow":["GET"]}}],"collection":[{"href":"https:\/\/www.itakaescolapios.org\/fr\/wp-json\/wp\/v2\/pages"}],"about":[{"href":"https:\/\/www.itakaescolapios.org\/fr\/wp-json\/wp\/v2\/types\/page"}],"author":[{"embeddable":true,"href":"https:\/\/www.itakaescolapios.org\/fr\/wp-json\/wp\/v2\/users\/46"}],"replies":[{"embeddable":true,"href":"https:\/\/www.itakaescolapios.org\/fr\/wp-json\/wp\/v2\/comments?post=28653"}],"version-history":[{"count":29,"href":"https:\/\/www.itakaescolapios.org\/fr\/wp-json\/wp\/v2\/pages\/28653\/revisions"}],"predecessor-version":[{"id":45382,"href":"https:\/\/www.itakaescolapios.org\/fr\/wp-json\/wp\/v2\/pages\/28653\/revisions\/45382"}],"up":[{"embeddable":true,"href":"https:\/\/www.itakaescolapios.org\/fr\/wp-json\/wp\/v2\/pages\/28602"}],"wp:attachment":[{"href":"https:\/\/www.itakaescolapios.org\/fr\/wp-json\/wp\/v2\/media?parent=28653"}],"curies":[{"name":"wp","href":"https:\/\/api.w.org\/{rel}","templated":true}]}}