{"id":28953,"date":"2019-11-12T13:41:39","date_gmt":"2019-11-12T12:41:39","guid":{"rendered":"https:\/\/www.itakaescolapios.org\/?page_id=28953"},"modified":"2023-11-28T12:36:38","modified_gmt":"2023-11-28T11:36:38","slug":"subete-al-globo","status":"publish","type":"page","link":"https:\/\/www.itakaescolapios.org\/fr\/subete-al-globo\/","title":{"rendered":"S\u00daBETE AL GLOBO"},"content":{"rendered":"<p><a href=\"https:\/\/www.itakaescolapios.org\/wp-content\/uploads\/2019\/11\/MARINE_color.jpg\"><img decoding=\"async\" class=\"size-medium wp-image-28777 alignleft\" src=\"https:\/\/www.itakaescolapios.org\/wp-content\/uploads\/2019\/11\/MARINE_color-214x300.jpg\" alt=\"\" width=\"214\" height=\"300\" srcset=\"https:\/\/www.itakaescolapios.org\/wp-content\/uploads\/2019\/11\/MARINE_color-214x300.jpg 214w, https:\/\/www.itakaescolapios.org\/wp-content\/uploads\/2019\/11\/MARINE_color-768x1075.jpg 768w, https:\/\/www.itakaescolapios.org\/wp-content\/uploads\/2019\/11\/MARINE_color-731x1024.jpg 731w, https:\/\/www.itakaescolapios.org\/wp-content\/uploads\/2019\/11\/MARINE_color-250x350.jpg 250w, https:\/\/www.itakaescolapios.org\/wp-content\/uploads\/2019\/11\/MARINE_color.jpg 1071w\" sizes=\"(max-width: 214px) 100vw, 214px\" \/><\/a><\/p>\n<p>&nbsp;<\/p>\n<p>&nbsp;<\/p>\n<p>Marine nos presenta una actividad que pretende dar a conocer con m\u00e1s detalle los pa\u00edses y proyectos a los que va destinada la campa\u00f1a (M\u00e9xico, Rep\u00fablica Dominicana, Venezuela, Brasil y Bolivia) mediante un juego online en el que ir superando pruebas que le llevar\u00e1 a las distintas informaciones sobre cada pa\u00eds.<\/p>\n<p>Descarga la ficha de actividad: <span style=\"color: #800000;\"><strong><a style=\"color: #800000;\" href=\"https:\/\/www.itakaescolapios.org\/wp-content\/uploads\/2019\/11\/subete-al-globo.pdf\" target=\"_blank\" rel=\"noopener noreferrer\">S\u00daBETE AL GLOBO<\/a><\/strong><\/span><\/p>\n<p>&nbsp;<\/p>\n<p>&nbsp;<\/p>\n<div style=\"width: 100%;\">\n<div style=\"position: relative; padding-bottom: 56.25%; padding-top: 0; height: 0;\"><iframe loading=\"lazy\" style=\"position: absolute; top: 0; left: 0; width: 100%; height: 100%;\" src=\"https:\/\/view.genial.ly\/5dc18acf31b8f10f724e4fc8\" width=\"1200px\" height=\"675px\" frameborder=\"0\" scrolling=\"yes\" allowfullscreen=\"allowfullscreen\"><\/iframe><\/div>\n<\/div>\n","protected":false},"excerpt":{"rendered":"<p>&nbsp; &nbsp; Marine nos presenta una actividad que pretende dar a conocer con m\u00e1s detalle los pa\u00edses y proyectos a los que va destinada la campa\u00f1a (M\u00e9xico, Rep\u00fablica Dominicana, Venezuela, [&hellip;]<\/p>\n","protected":false},"author":46,"featured_media":0,"parent":0,"menu_order":0,"comment_status":"closed","ping_status":"closed","template":"","meta":{"_et_pb_use_builder":"","_et_pb_old_content":"","_et_gb_content_width":"","footnotes":""},"class_list":["post-28953","page","type-page","status-publish","hentry"],"yoast_head":"<!-- This site is optimized with the Yoast SEO plugin v27.3 - https:\/\/yoast.com\/product\/yoast-seo-wordpress\/ -->\n<title>S\u00daBETE AL GLOBO<\/title>\n<meta name=\"description\" content=\"&nbsp; &nbsp; Marine nos presenta una actividad que pretende dar a conocer con m\u00e1s detalle los pa\u00edses y proyectos a los que va destinada la campa\u00f1a (M\u00e9xico, Rep\u00fablica Dominicana, Venezuela, Brasil y Bolivia) mediante un juego online en el que ir superando pruebas que le llevar\u00e1 a las distintas informaciones sobre cada pa\u00eds. Descarga la\u2026\" \/>\n<meta name=\"robots\" content=\"index, follow, max-snippet:-1, max-image-preview:large, max-video-preview:-1\" \/>\n<link rel=\"canonical\" href=\"http:\/\/&nbsp;%20&nbsp;%20Marine%20nos%20presenta%20una%20actividad%20que%20pretende%20dar%20a%20conocer%20con%20m\u00e1s%20detalle%20los%20pa\u00edses%20y%20proyectos%20a%20los%20que%20va%20destinada%20la%20campa\u00f1a%20(M\u00e9xico,%20Rep\u00fablica%20Dominicana,%20Venezuela,%20Brasil%20y%20Bolivia)%20mediante%20un%20juego%20online%20en%20el%20que%20ir%20superando%20pruebas%20que%20le%20llevar\u00e1%20a%20las%20distintas%20informaciones%20sobre%20cada%20pa\u00eds.%20Descarga%20la\u2026\" \/>\n<meta property=\"og:locale\" content=\"fr_FR\" \/>\n<meta property=\"og:type\" content=\"article\" \/>\n<meta property=\"og:title\" content=\"S\u00daBETE AL GLOBO\" \/>\n<meta property=\"og:description\" content=\"&nbsp; &nbsp; Marine nos presenta una actividad que pretende dar a conocer con m\u00e1s detalle los pa\u00edses y proyectos a los que va destinada la campa\u00f1a (M\u00e9xico, Rep\u00fablica Dominicana, Venezuela, Brasil y Bolivia) mediante un juego online en el que ir superando pruebas que le llevar\u00e1 a las distintas informaciones sobre cada pa\u00eds. Descarga la\u2026\" \/>\n<meta property=\"og:url\" content=\"https:\/\/www.itakaescolapios.org\/fr\/subete-al-globo\/\" \/>\n<meta property=\"og:site_name\" content=\"Itaka-Escolapios\" \/>\n<meta property=\"article:modified_time\" content=\"2023-11-28T11:36:38+00:00\" \/>\n<meta property=\"og:image\" content=\"https:\/\/www.itakaescolapios.org\/wp-content\/uploads\/2019\/11\/MARINE_color.jpg\" \/>\n\t<meta property=\"og:image:width\" content=\"1071\" \/>\n\t<meta property=\"og:image:height\" content=\"1500\" \/>\n\t<meta property=\"og:image:type\" content=\"image\/jpeg\" \/>\n<meta name=\"twitter:card\" content=\"summary_large_image\" \/>\n<script type=\"application\/ld+json\" class=\"yoast-schema-graph\">{\"@context\":\"https:\\\/\\\/schema.org\",\"@graph\":[{\"@type\":\"WebPage\",\"@id\":\"https:\\\/\\\/www.itakaescolapios.org\\\/fr\\\/subete-al-globo\\\/\",\"url\":\"https:\\\/\\\/www.itakaescolapios.org\\\/fr\\\/subete-al-globo\\\/\",\"name\":\"S\u00daBETE AL GLOBO - Itaka-Escolapios\",\"isPartOf\":{\"@id\":\"https:\\\/\\\/www.itakaescolapios.org\\\/es\\\/#website\"},\"primaryImageOfPage\":{\"@id\":\"https:\\\/\\\/www.itakaescolapios.org\\\/fr\\\/subete-al-globo\\\/#primaryimage\"},\"image\":{\"@id\":\"https:\\\/\\\/www.itakaescolapios.org\\\/fr\\\/subete-al-globo\\\/#primaryimage\"},\"thumbnailUrl\":\"https:\\\/\\\/www.itakaescolapios.org\\\/wp-content\\\/uploads\\\/2019\\\/11\\\/MARINE_color-214x300.jpg\",\"datePublished\":\"2019-11-12T12:41:39+00:00\",\"dateModified\":\"2023-11-28T11:36:38+00:00\",\"breadcrumb\":{\"@id\":\"https:\\\/\\\/www.itakaescolapios.org\\\/fr\\\/subete-al-globo\\\/#breadcrumb\"},\"inLanguage\":\"fr-FR\",\"potentialAction\":[{\"@type\":\"ReadAction\",\"target\":[\"https:\\\/\\\/www.itakaescolapios.org\\\/fr\\\/subete-al-globo\\\/\"]}]},{\"@type\":\"ImageObject\",\"inLanguage\":\"fr-FR\",\"@id\":\"https:\\\/\\\/www.itakaescolapios.org\\\/fr\\\/subete-al-globo\\\/#primaryimage\",\"url\":\"https:\\\/\\\/www.itakaescolapios.org\\\/wp-content\\\/uploads\\\/2019\\\/11\\\/MARINE_color-214x300.jpg\",\"contentUrl\":\"https:\\\/\\\/www.itakaescolapios.org\\\/wp-content\\\/uploads\\\/2019\\\/11\\\/MARINE_color-214x300.jpg\"},{\"@type\":\"BreadcrumbList\",\"@id\":\"https:\\\/\\\/www.itakaescolapios.org\\\/fr\\\/subete-al-globo\\\/#breadcrumb\",\"itemListElement\":[{\"@type\":\"ListItem\",\"position\":1,\"name\":\"Itaka-Escolapios\",\"item\":\"https:\\\/\\\/www.itakaescolapios.org\\\/es\\\/\"},{\"@type\":\"ListItem\",\"position\":2,\"name\":\"S\u00daBETE AL GLOBO\"}]},{\"@type\":\"WebSite\",\"@id\":\"https:\\\/\\\/www.itakaescolapios.org\\\/fr\\\/es\\\/#website\",\"url\":\"https:\\\/\\\/www.itakaescolapios.org\\\/fr\\\/es\\\/\",\"name\":\"Itaka-Escolapios\",\"description\":\"Red de Itaka-Escolapios\",\"publisher\":{\"@id\":\"https:\\\/\\\/www.itakaescolapios.org\\\/fr\\\/es\\\/#organization\"},\"potentialAction\":[{\"@type\":\"SearchAction\",\"target\":{\"@type\":\"EntryPoint\",\"urlTemplate\":\"https:\\\/\\\/www.itakaescolapios.org\\\/fr\\\/es\\\/?s={search_term_string}\"},\"query-input\":{\"@type\":\"PropertyValueSpecification\",\"valueRequired\":true,\"valueName\":\"search_term_string\"}}],\"inLanguage\":\"fr-FR\"},{\"@type\":\"Organization\",\"@id\":\"https:\\\/\\\/www.itakaescolapios.org\\\/fr\\\/es\\\/#organization\",\"name\":\"Fundaci\u00f3 Itaka-Escolapios\",\"url\":\"https:\\\/\\\/www.itakaescolapios.org\\\/fr\\\/es\\\/\",\"logo\":{\"@type\":\"ImageObject\",\"inLanguage\":\"fr-FR\",\"@id\":\"https:\\\/\\\/www.itakaescolapios.org\\\/fr\\\/es\\\/#\\\/schema\\\/logo\\\/image\\\/\",\"url\":\"https:\\\/\\\/www.itakaescolapios.org\\\/wp-content\\\/uploads\\\/2024\\\/04\\\/Logo-itakaescolapios-peque.png\",\"contentUrl\":\"https:\\\/\\\/www.itakaescolapios.org\\\/wp-content\\\/uploads\\\/2024\\\/04\\\/Logo-itakaescolapios-peque.png\",\"width\":500,\"height\":199,\"caption\":\"Fundaci\u00f3 Itaka-Escolapios\"},\"image\":{\"@id\":\"https:\\\/\\\/www.itakaescolapios.org\\\/fr\\\/es\\\/#\\\/schema\\\/logo\\\/image\\\/\"}}]}<\/script>\n<!-- \/ Yoast SEO plugin. -->","yoast_head_json":{"title":"S\u00daBETE AL GLOBO","description":"&nbsp; &nbsp; Marine nos presenta una actividad que pretende dar a conocer con m\u00e1s detalle los pa\u00edses y proyectos a los que va destinada la campa\u00f1a (M\u00e9xico, Rep\u00fablica Dominicana, Venezuela, Brasil y Bolivia) mediante un juego online en el que ir superando pruebas que le llevar\u00e1 a las distintas informaciones sobre cada pa\u00eds. Descarga la\u2026","robots":{"index":"index","follow":"follow","max-snippet":"max-snippet:-1","max-image-preview":"max-image-preview:large","max-video-preview":"max-video-preview:-1"},"canonical":"&nbsp; &nbsp; Marine nos presenta una actividad que pretende dar a conocer con m\u00e1s detalle los pa\u00edses y proyectos a los que va destinada la campa\u00f1a (M\u00e9xico, Rep\u00fablica Dominicana, Venezuela, Brasil y Bolivia) mediante un juego online en el que ir superando pruebas que le llevar\u00e1 a las distintas informaciones sobre cada pa\u00eds. Descarga la\u2026","og_locale":"fr_FR","og_type":"article","og_title":"S\u00daBETE AL GLOBO","og_description":"&nbsp; &nbsp; Marine nos presenta una actividad que pretende dar a conocer con m\u00e1s detalle los pa\u00edses y proyectos a los que va destinada la campa\u00f1a (M\u00e9xico, Rep\u00fablica Dominicana, Venezuela, Brasil y Bolivia) mediante un juego online en el que ir superando pruebas que le llevar\u00e1 a las distintas informaciones sobre cada pa\u00eds. Descarga la\u2026","og_url":"https:\/\/www.itakaescolapios.org\/fr\/subete-al-globo\/","og_site_name":"Itaka-Escolapios","article_modified_time":"2023-11-28T11:36:38+00:00","og_image":[{"width":1071,"height":1500,"url":"https:\/\/www.itakaescolapios.org\/wp-content\/uploads\/2019\/11\/MARINE_color.jpg","type":"image\/jpeg"}],"twitter_card":"summary_large_image","schema":{"@context":"https:\/\/schema.org","@graph":[{"@type":"WebPage","@id":"https:\/\/www.itakaescolapios.org\/fr\/subete-al-globo\/","url":"https:\/\/www.itakaescolapios.org\/fr\/subete-al-globo\/","name":"S\u00daBETE AL GLOBO - Itaka-Escolapios","isPartOf":{"@id":"https:\/\/www.itakaescolapios.org\/es\/#website"},"primaryImageOfPage":{"@id":"https:\/\/www.itakaescolapios.org\/fr\/subete-al-globo\/#primaryimage"},"image":{"@id":"https:\/\/www.itakaescolapios.org\/fr\/subete-al-globo\/#primaryimage"},"thumbnailUrl":"https:\/\/www.itakaescolapios.org\/wp-content\/uploads\/2019\/11\/MARINE_color-214x300.jpg","datePublished":"2019-11-12T12:41:39+00:00","dateModified":"2023-11-28T11:36:38+00:00","breadcrumb":{"@id":"https:\/\/www.itakaescolapios.org\/fr\/subete-al-globo\/#breadcrumb"},"inLanguage":"fr-FR","potentialAction":[{"@type":"ReadAction","target":["https:\/\/www.itakaescolapios.org\/fr\/subete-al-globo\/"]}]},{"@type":"ImageObject","inLanguage":"fr-FR","@id":"https:\/\/www.itakaescolapios.org\/fr\/subete-al-globo\/#primaryimage","url":"https:\/\/www.itakaescolapios.org\/wp-content\/uploads\/2019\/11\/MARINE_color-214x300.jpg","contentUrl":"https:\/\/www.itakaescolapios.org\/wp-content\/uploads\/2019\/11\/MARINE_color-214x300.jpg"},{"@type":"BreadcrumbList","@id":"https:\/\/www.itakaescolapios.org\/fr\/subete-al-globo\/#breadcrumb","itemListElement":[{"@type":"ListItem","position":1,"name":"Itaka-Escolapios","item":"https:\/\/www.itakaescolapios.org\/es\/"},{"@type":"ListItem","position":2,"name":"S\u00daBETE AL GLOBO"}]},{"@type":"WebSite","@id":"https:\/\/www.itakaescolapios.org\/fr\/es\/#website","url":"https:\/\/www.itakaescolapios.org\/fr\/es\/","name":"Itaka-Escolapios","description":"Red de Itaka-Escolapios","publisher":{"@id":"https:\/\/www.itakaescolapios.org\/fr\/es\/#organization"},"potentialAction":[{"@type":"SearchAction","target":{"@type":"EntryPoint","urlTemplate":"https:\/\/www.itakaescolapios.org\/fr\/es\/?s={search_term_string}"},"query-input":{"@type":"PropertyValueSpecification","valueRequired":true,"valueName":"search_term_string"}}],"inLanguage":"fr-FR"},{"@type":"Organization","@id":"https:\/\/www.itakaescolapios.org\/fr\/es\/#organization","name":"Fundaci\u00f3 Itaka-Escolapios","url":"https:\/\/www.itakaescolapios.org\/fr\/es\/","logo":{"@type":"ImageObject","inLanguage":"fr-FR","@id":"https:\/\/www.itakaescolapios.org\/fr\/es\/#\/schema\/logo\/image\/","url":"https:\/\/www.itakaescolapios.org\/wp-content\/uploads\/2024\/04\/Logo-itakaescolapios-peque.png","contentUrl":"https:\/\/www.itakaescolapios.org\/wp-content\/uploads\/2024\/04\/Logo-itakaescolapios-peque.png","width":500,"height":199,"caption":"Fundaci\u00f3 Itaka-Escolapios"},"image":{"@id":"https:\/\/www.itakaescolapios.org\/fr\/es\/#\/schema\/logo\/image\/"}}]}},"_links":{"self":[{"href":"https:\/\/www.itakaescolapios.org\/fr\/wp-json\/wp\/v2\/pages\/28953","targetHints":{"allow":["GET"]}}],"collection":[{"href":"https:\/\/www.itakaescolapios.org\/fr\/wp-json\/wp\/v2\/pages"}],"about":[{"href":"https:\/\/www.itakaescolapios.org\/fr\/wp-json\/wp\/v2\/types\/page"}],"author":[{"embeddable":true,"href":"https:\/\/www.itakaescolapios.org\/fr\/wp-json\/wp\/v2\/users\/46"}],"replies":[{"embeddable":true,"href":"https:\/\/www.itakaescolapios.org\/fr\/wp-json\/wp\/v2\/comments?post=28953"}],"version-history":[{"count":13,"href":"https:\/\/www.itakaescolapios.org\/fr\/wp-json\/wp\/v2\/pages\/28953\/revisions"}],"predecessor-version":[{"id":45332,"href":"https:\/\/www.itakaescolapios.org\/fr\/wp-json\/wp\/v2\/pages\/28953\/revisions\/45332"}],"wp:attachment":[{"href":"https:\/\/www.itakaescolapios.org\/fr\/wp-json\/wp\/v2\/media?parent=28953"}],"curies":[{"name":"wp","href":"https:\/\/api.w.org\/{rel}","templated":true}]}}