{"id":305,"date":"2012-06-01T12:49:00","date_gmt":"2012-06-01T11:49:00","guid":{"rendered":"https:\/\/www.itakaescolapios.org\/?page_id=305"},"modified":"2023-11-28T12:39:47","modified_gmt":"2023-11-28T11:39:47","slug":"cpj-itaka-bilbao","status":"publish","type":"page","link":"https:\/\/www.itakaescolapios.org\/fr\/que-faisons-nous\/centros-pastoral-jovenes\/cpj-itaka-bilbao\/","title":{"rendered":"Itaka Bilbao"},"content":{"rendered":"<p style=\"text-align: justify;\" align=\"JUSTIFY\">Itaka-Escolapios offre \u00e0 Bilbao, d\u00e8s l\u00b4\u00a0\u00e2ge de sept ans (CP du Primaire) des groupes \u00e9ducatifs pour les p\u00e9riodes extrascolaires. Nous aidons les membres de ces groupes pour leur d\u00e9veloppement int\u00e9gral comme personnes, en faisant de leur vie un processus continu de croissance et de maturation humaine et chr\u00e9tienne.<\/p>\n<p style=\"text-align: justify;\" align=\"JUSTIFY\">Nous pensons que les actions de ces groupes doivent \u00eatre fond\u00e9es sur les n\u00e9cessit\u00e9s et la vie de chacune des personnes qui les composent, en nous adaptant \u00e0 son \u00e9volution personnelle et en faisant de chacun des membres un sujet actif de son processus \u00e9ducatif fond\u00e9 sur une p\u00e9dagogie de l&rsquo;exp\u00e9rience.<\/p>\n<p style=\"text-align: justify;\" align=\"JUSTIFY\">Les piliers sur lesquels chacune des \u00e9tapes des groupes est planifi\u00e9e sont :<\/p>\n<ul style=\"text-align: justify;\">\n<li>\n<p align=\"JUSTIFY\">L&rsquo;exp\u00e9rience de Dieu : nous cultivons l&rsquo;ouverture \u00e0 la transcendance, partant de la situation personnelle, pour vivre une foi personnalis\u00e9e.<\/p>\n<\/li>\n<li>\n<p align=\"JUSTIFY\">L&rsquo;engagement social : nous d\u00e9sirons \u00eatre conscients de la r\u00e9alit\u00e9 de ce monde et avoir une attitude active et morale pour la r\u00e9solution des probl\u00e8mes.<\/p>\n<\/li>\n<li>\n<p align=\"JUSTIFY\">La formation : nous favorisons la formation personnelle ainsi que la connaissance et l&rsquo;analyse du monde dans lequel nous vivons.<\/p>\n<\/li>\n<li>\n<p align=\"JUSTIFY\">La vie en groupe : nous parions sur les valeurs \u00e9ducatives que poss\u00e8de le groupe et le savoir cro\u00eetre et partager la vie avec les autres.<\/p>\n<\/li>\n<li>\n<p align=\"JUSTIFY\">Le style de vie : nous facilitons le r\u00f4le principal des personnes dans leur d\u00e9veloppement int\u00e9gral et la personnalisation des valeurs de l&rsquo;\u00c9vangile et des Droits de l&rsquo;homme.<\/p>\n<\/li>\n<li>\n<p align=\"JUSTIFY\">Les crit\u00e8res piaristes : nous parions pour une vision du monde \u00e0 partir des yeux de l&rsquo;enfant pauvre et la recherche de notre propre vocation.<\/p>\n<\/li>\n<\/ul>\n<p style=\"text-align: justify;\" align=\"JUSTIFY\">Notre processus \u00e9ducatif est structur\u00e9 en plusieurs \u00e9tapes\u00a0:<\/p>\n<ul>\n<li style=\"text-align: justify;\">\n<p align=\"JUSTIFY\">\u00c9tape de formation de valeurs\u00a0:<\/p>\n<ul>\n<li>\n<p align=\"JUSTIFY\">Zidor : CP et CE1 (7-8 ans)<\/p>\n<\/li>\n<li>\n<p align=\"JUSTIFY\">Koskorrak : CE2 (9 ans)<\/p>\n<\/li>\n<li>\n<p align=\"JUSTIFY\">Kaskondoak : CM1 et CM2 (10-11 ans)<\/p>\n<\/li>\n<li>\n<p align=\"JUSTIFY\">Oinarinak : 6e et 5e (12-13 ans)<\/p>\n<\/li>\n<li>\n<p align=\"JUSTIFY\">Azkarrak : 4e et 3e (14-15 ans)<\/p>\n<\/li>\n<\/ul>\n<\/li>\n<li style=\"text-align: justify;\">\n<p align=\"JUSTIFY\">\u00c9tape de proposition\u00a0:<\/p>\n<ul>\n<li>\n<p align=\"JUSTIFY\">Bidean : second cycle du secondaire (16-17 ans)<\/p>\n<\/li>\n<\/ul>\n<\/li>\n<li style=\"text-align: justify;\">\n<p align=\"JUSTIFY\">Proposition de volontariat\u00a0: <\/p>\n<ul>\n<li>\n<p align=\"JUSTIFY\">Mugitzen : second cycle du secondaire (16-17 ans)<\/p>\n<\/li>\n<\/ul>\n<\/li>\n<li>\n<p style=\"text-align: justify;\" align=\"JUSTIFY\">Cat\u00e9chum\u00e9nat :<\/p>\n<ul>\n<li>\n<p style=\"text-align: justify;\" align=\"JUSTIFY\">Cat\u00e9chum\u00e9nat et Discernement : (18-25 ans)<\/p>\n<\/li>\n<\/ul>\n<\/li>\n<\/ul>\n","protected":false},"excerpt":{"rendered":"<p>Itaka-Escolapios offre \u00e0 Bilbao, d\u00e8s l\u00b4\u00a0\u00e2ge de sept ans (CP du Primaire) des groupes \u00e9ducatifs pour les p\u00e9riodes extrascolaires. Nous aidons les membres de ces groupes pour leur d\u00e9veloppement int\u00e9gral [&hellip;]<\/p>\n","protected":false},"author":1,"featured_media":1237,"parent":85,"menu_order":4,"comment_status":"closed","ping_status":"closed","template":"","meta":{"_et_pb_use_builder":"","_et_pb_old_content":"","_et_gb_content_width":"","footnotes":""},"class_list":["post-305","page","type-page","status-publish","has-post-thumbnail","hentry"],"yoast_head":"<!-- This site is optimized with the Yoast SEO plugin v27.3 - https:\/\/yoast.com\/product\/yoast-seo-wordpress\/ -->\n<title>Itaka Bilbao<\/title>\n<meta name=\"description\" content=\"Itaka-Escolapios offre \u00e0 Bilbao, d\u00e8s l\u00b4\u00a0\u00e2ge de sept ans (CP du Primaire) des groupes \u00e9ducatifs pour les p\u00e9riodes extrascolaires. Nous aidons les membres de ces groupes pour leur d\u00e9veloppement int\u00e9gral comme personnes, en faisant de leur vie un processus continu de croissance et de maturation humaine et chr\u00e9tienne. Nous pensons que les actions de ces\u2026\" \/>\n<meta name=\"robots\" content=\"index, follow, max-snippet:-1, max-image-preview:large, max-video-preview:-1\" \/>\n<link rel=\"canonical\" href=\"http:\/\/Itaka-Escolapios%20offre%20\u00e0%20Bilbao,%20d\u00e8s%20l\u00b4\u00a0\u00e2ge%20de%20sept%20ans%20(CP%20du%20Primaire)%20des%20groupes%20\u00e9ducatifs%20pour%20les%20p\u00e9riodes%20extrascolaires.%20Nous%20aidons%20les%20membres%20de%20ces%20groupes%20pour%20leur%20d\u00e9veloppement%20int\u00e9gral%20comme%20personnes,%20en%20faisant%20de%20leur%20vie%20un%20processus%20continu%20de%20croissance%20et%20de%20maturation%20humaine%20et%20chr\u00e9tienne.%20Nous%20pensons%20que%20les%20actions%20de%20ces\u2026\" \/>\n<meta property=\"og:locale\" content=\"fr_FR\" \/>\n<meta property=\"og:type\" content=\"article\" \/>\n<meta property=\"og:title\" content=\"Itaka Bilbao\" \/>\n<meta property=\"og:description\" content=\"Itaka-Escolapios offre \u00e0 Bilbao, d\u00e8s l\u00b4\u00a0\u00e2ge de sept ans (CP du Primaire) des groupes \u00e9ducatifs pour les p\u00e9riodes extrascolaires. Nous aidons les membres de ces groupes pour leur d\u00e9veloppement int\u00e9gral comme personnes, en faisant de leur vie un processus continu de croissance et de maturation humaine et chr\u00e9tienne. Nous pensons que les actions de ces\u2026\" \/>\n<meta property=\"og:url\" content=\"https:\/\/www.itakaescolapios.org\/fr\/que-faisons-nous\/centros-pastoral-jovenes\/cpj-itaka-bilbao\/\" \/>\n<meta property=\"og:site_name\" content=\"Itaka-Escolapios\" \/>\n<meta property=\"article:modified_time\" content=\"2023-11-28T11:39:47+00:00\" \/>\n<meta property=\"og:image\" content=\"https:\/\/www.itakaescolapios.org\/wp-content\/uploads\/2012\/06\/Centro-Pastoral-Juvenil-Itaka-19-Bilbao.jpg\" \/>\n\t<meta property=\"og:image:width\" content=\"1200\" \/>\n\t<meta property=\"og:image:height\" content=\"900\" \/>\n\t<meta property=\"og:image:type\" content=\"image\/jpeg\" \/>\n<meta name=\"twitter:card\" content=\"summary_large_image\" \/>\n<meta name=\"twitter:label1\" content=\"Dur\u00e9e de lecture estim\u00e9e\" \/>\n\t<meta name=\"twitter:data1\" content=\"2 minutes\" \/>\n<script type=\"application\/ld+json\" class=\"yoast-schema-graph\">{\"@context\":\"https:\\\/\\\/schema.org\",\"@graph\":[{\"@type\":\"WebPage\",\"@id\":\"https:\\\/\\\/www.itakaescolapios.org\\\/fr\\\/que-faisons-nous\\\/centros-pastoral-jovenes\\\/cpj-itaka-bilbao\\\/\",\"url\":\"https:\\\/\\\/www.itakaescolapios.org\\\/fr\\\/que-faisons-nous\\\/centros-pastoral-jovenes\\\/cpj-itaka-bilbao\\\/\",\"name\":\"Itaka de Bilbao - Itaka-Escolapios\",\"isPartOf\":{\"@id\":\"https:\\\/\\\/www.itakaescolapios.org\\\/es\\\/#website\"},\"primaryImageOfPage\":{\"@id\":\"https:\\\/\\\/www.itakaescolapios.org\\\/fr\\\/que-faisons-nous\\\/centros-pastoral-jovenes\\\/cpj-itaka-bilbao\\\/#primaryimage\"},\"image\":{\"@id\":\"https:\\\/\\\/www.itakaescolapios.org\\\/fr\\\/que-faisons-nous\\\/centros-pastoral-jovenes\\\/cpj-itaka-bilbao\\\/#primaryimage\"},\"thumbnailUrl\":\"https:\\\/\\\/www.itakaescolapios.org\\\/wp-content\\\/uploads\\\/2012\\\/06\\\/Centro-Pastoral-Juvenil-Itaka-19-Bilbao.jpg\",\"datePublished\":\"2012-06-01T11:49:00+00:00\",\"dateModified\":\"2023-11-28T11:39:47+00:00\",\"breadcrumb\":{\"@id\":\"https:\\\/\\\/www.itakaescolapios.org\\\/fr\\\/que-faisons-nous\\\/centros-pastoral-jovenes\\\/cpj-itaka-bilbao\\\/#breadcrumb\"},\"inLanguage\":\"fr-FR\",\"potentialAction\":[{\"@type\":\"ReadAction\",\"target\":[\"https:\\\/\\\/www.itakaescolapios.org\\\/fr\\\/que-faisons-nous\\\/centros-pastoral-jovenes\\\/cpj-itaka-bilbao\\\/\"]}]},{\"@type\":\"ImageObject\",\"inLanguage\":\"fr-FR\",\"@id\":\"https:\\\/\\\/www.itakaescolapios.org\\\/fr\\\/que-faisons-nous\\\/centros-pastoral-jovenes\\\/cpj-itaka-bilbao\\\/#primaryimage\",\"url\":\"https:\\\/\\\/www.itakaescolapios.org\\\/wp-content\\\/uploads\\\/2012\\\/06\\\/Centro-Pastoral-Juvenil-Itaka-19-Bilbao.jpg\",\"contentUrl\":\"https:\\\/\\\/www.itakaescolapios.org\\\/wp-content\\\/uploads\\\/2012\\\/06\\\/Centro-Pastoral-Juvenil-Itaka-19-Bilbao.jpg\",\"width\":\"1200\",\"height\":\"900\"},{\"@type\":\"BreadcrumbList\",\"@id\":\"https:\\\/\\\/www.itakaescolapios.org\\\/fr\\\/que-faisons-nous\\\/centros-pastoral-jovenes\\\/cpj-itaka-bilbao\\\/#breadcrumb\",\"itemListElement\":[{\"@type\":\"ListItem\",\"position\":1,\"name\":\"Itaka-Escolapios\",\"item\":\"https:\\\/\\\/www.itakaescolapios.org\\\/es\\\/\"},{\"@type\":\"ListItem\",\"position\":2,\"name\":\"Que faisons-nous\",\"item\":\"https:\\\/\\\/www.itakaescolapios.org\\\/es\\\/que-hacemos\\\/\"},{\"@type\":\"ListItem\",\"position\":3,\"name\":\"Mouvement Calasanz\",\"item\":\"https:\\\/\\\/www.itakaescolapios.org\\\/es\\\/que-hacemos\\\/centros-pastoral-jovenes\\\/\"},{\"@type\":\"ListItem\",\"position\":4,\"name\":\"Itaka Bilbao\"}]},{\"@type\":\"WebSite\",\"@id\":\"https:\\\/\\\/www.itakaescolapios.org\\\/fr\\\/es\\\/#website\",\"url\":\"https:\\\/\\\/www.itakaescolapios.org\\\/fr\\\/es\\\/\",\"name\":\"Itaka-Escolapios\",\"description\":\"Red de Itaka-Escolapios\",\"publisher\":{\"@id\":\"https:\\\/\\\/www.itakaescolapios.org\\\/fr\\\/es\\\/#organization\"},\"potentialAction\":[{\"@type\":\"SearchAction\",\"target\":{\"@type\":\"EntryPoint\",\"urlTemplate\":\"https:\\\/\\\/www.itakaescolapios.org\\\/fr\\\/es\\\/?s={search_term_string}\"},\"query-input\":{\"@type\":\"PropertyValueSpecification\",\"valueRequired\":true,\"valueName\":\"search_term_string\"}}],\"inLanguage\":\"fr-FR\"},{\"@type\":\"Organization\",\"@id\":\"https:\\\/\\\/www.itakaescolapios.org\\\/fr\\\/es\\\/#organization\",\"name\":\"Fundaci\u00f3 Itaka-Escolapios\",\"url\":\"https:\\\/\\\/www.itakaescolapios.org\\\/fr\\\/es\\\/\",\"logo\":{\"@type\":\"ImageObject\",\"inLanguage\":\"fr-FR\",\"@id\":\"https:\\\/\\\/www.itakaescolapios.org\\\/fr\\\/es\\\/#\\\/schema\\\/logo\\\/image\\\/\",\"url\":\"https:\\\/\\\/www.itakaescolapios.org\\\/wp-content\\\/uploads\\\/2024\\\/04\\\/Logo-itakaescolapios-peque.png\",\"contentUrl\":\"https:\\\/\\\/www.itakaescolapios.org\\\/wp-content\\\/uploads\\\/2024\\\/04\\\/Logo-itakaescolapios-peque.png\",\"width\":500,\"height\":199,\"caption\":\"Fundaci\u00f3 Itaka-Escolapios\"},\"image\":{\"@id\":\"https:\\\/\\\/www.itakaescolapios.org\\\/fr\\\/es\\\/#\\\/schema\\\/logo\\\/image\\\/\"}}]}<\/script>\n<!-- \/ Yoast SEO plugin. -->","yoast_head_json":{"title":"Itaka Bilbao","description":"Itaka-Escolapios offre \u00e0 Bilbao, d\u00e8s l\u00b4\u00a0\u00e2ge de sept ans (CP du Primaire) des groupes \u00e9ducatifs pour les p\u00e9riodes extrascolaires. Nous aidons les membres de ces groupes pour leur d\u00e9veloppement int\u00e9gral comme personnes, en faisant de leur vie un processus continu de croissance et de maturation humaine et chr\u00e9tienne. Nous pensons que les actions de ces\u2026","robots":{"index":"index","follow":"follow","max-snippet":"max-snippet:-1","max-image-preview":"max-image-preview:large","max-video-preview":"max-video-preview:-1"},"canonical":"Itaka-Escolapios offre \u00e0 Bilbao, d\u00e8s l\u00b4\u00a0\u00e2ge de sept ans (CP du Primaire) des groupes \u00e9ducatifs pour les p\u00e9riodes extrascolaires. Nous aidons les membres de ces groupes pour leur d\u00e9veloppement int\u00e9gral comme personnes, en faisant de leur vie un processus continu de croissance et de maturation humaine et chr\u00e9tienne. Nous pensons que les actions de ces\u2026","og_locale":"fr_FR","og_type":"article","og_title":"Itaka Bilbao","og_description":"Itaka-Escolapios offre \u00e0 Bilbao, d\u00e8s l\u00b4\u00a0\u00e2ge de sept ans (CP du Primaire) des groupes \u00e9ducatifs pour les p\u00e9riodes extrascolaires. Nous aidons les membres de ces groupes pour leur d\u00e9veloppement int\u00e9gral comme personnes, en faisant de leur vie un processus continu de croissance et de maturation humaine et chr\u00e9tienne. Nous pensons que les actions de ces\u2026","og_url":"https:\/\/www.itakaescolapios.org\/fr\/que-faisons-nous\/centros-pastoral-jovenes\/cpj-itaka-bilbao\/","og_site_name":"Itaka-Escolapios","article_modified_time":"2023-11-28T11:39:47+00:00","og_image":[{"width":1200,"height":900,"url":"https:\/\/www.itakaescolapios.org\/wp-content\/uploads\/2012\/06\/Centro-Pastoral-Juvenil-Itaka-19-Bilbao.jpg","type":"image\/jpeg"}],"twitter_card":"summary_large_image","twitter_misc":{"Dur\u00e9e de lecture estim\u00e9e":"2 minutes"},"schema":{"@context":"https:\/\/schema.org","@graph":[{"@type":"WebPage","@id":"https:\/\/www.itakaescolapios.org\/fr\/que-faisons-nous\/centros-pastoral-jovenes\/cpj-itaka-bilbao\/","url":"https:\/\/www.itakaescolapios.org\/fr\/que-faisons-nous\/centros-pastoral-jovenes\/cpj-itaka-bilbao\/","name":"Itaka de Bilbao - Itaka-Escolapios","isPartOf":{"@id":"https:\/\/www.itakaescolapios.org\/es\/#website"},"primaryImageOfPage":{"@id":"https:\/\/www.itakaescolapios.org\/fr\/que-faisons-nous\/centros-pastoral-jovenes\/cpj-itaka-bilbao\/#primaryimage"},"image":{"@id":"https:\/\/www.itakaescolapios.org\/fr\/que-faisons-nous\/centros-pastoral-jovenes\/cpj-itaka-bilbao\/#primaryimage"},"thumbnailUrl":"https:\/\/www.itakaescolapios.org\/wp-content\/uploads\/2012\/06\/Centro-Pastoral-Juvenil-Itaka-19-Bilbao.jpg","datePublished":"2012-06-01T11:49:00+00:00","dateModified":"2023-11-28T11:39:47+00:00","breadcrumb":{"@id":"https:\/\/www.itakaescolapios.org\/fr\/que-faisons-nous\/centros-pastoral-jovenes\/cpj-itaka-bilbao\/#breadcrumb"},"inLanguage":"fr-FR","potentialAction":[{"@type":"ReadAction","target":["https:\/\/www.itakaescolapios.org\/fr\/que-faisons-nous\/centros-pastoral-jovenes\/cpj-itaka-bilbao\/"]}]},{"@type":"ImageObject","inLanguage":"fr-FR","@id":"https:\/\/www.itakaescolapios.org\/fr\/que-faisons-nous\/centros-pastoral-jovenes\/cpj-itaka-bilbao\/#primaryimage","url":"https:\/\/www.itakaescolapios.org\/wp-content\/uploads\/2012\/06\/Centro-Pastoral-Juvenil-Itaka-19-Bilbao.jpg","contentUrl":"https:\/\/www.itakaescolapios.org\/wp-content\/uploads\/2012\/06\/Centro-Pastoral-Juvenil-Itaka-19-Bilbao.jpg","width":"1200","height":"900"},{"@type":"BreadcrumbList","@id":"https:\/\/www.itakaescolapios.org\/fr\/que-faisons-nous\/centros-pastoral-jovenes\/cpj-itaka-bilbao\/#breadcrumb","itemListElement":[{"@type":"ListItem","position":1,"name":"Itaka-Escolapios","item":"https:\/\/www.itakaescolapios.org\/es\/"},{"@type":"ListItem","position":2,"name":"Que faisons-nous","item":"https:\/\/www.itakaescolapios.org\/es\/que-hacemos\/"},{"@type":"ListItem","position":3,"name":"Mouvement Calasanz","item":"https:\/\/www.itakaescolapios.org\/es\/que-hacemos\/centros-pastoral-jovenes\/"},{"@type":"ListItem","position":4,"name":"Itaka Bilbao"}]},{"@type":"WebSite","@id":"https:\/\/www.itakaescolapios.org\/fr\/es\/#website","url":"https:\/\/www.itakaescolapios.org\/fr\/es\/","name":"Itaka-Escolapios","description":"Red de Itaka-Escolapios","publisher":{"@id":"https:\/\/www.itakaescolapios.org\/fr\/es\/#organization"},"potentialAction":[{"@type":"SearchAction","target":{"@type":"EntryPoint","urlTemplate":"https:\/\/www.itakaescolapios.org\/fr\/es\/?s={search_term_string}"},"query-input":{"@type":"PropertyValueSpecification","valueRequired":true,"valueName":"search_term_string"}}],"inLanguage":"fr-FR"},{"@type":"Organization","@id":"https:\/\/www.itakaescolapios.org\/fr\/es\/#organization","name":"Fundaci\u00f3 Itaka-Escolapios","url":"https:\/\/www.itakaescolapios.org\/fr\/es\/","logo":{"@type":"ImageObject","inLanguage":"fr-FR","@id":"https:\/\/www.itakaescolapios.org\/fr\/es\/#\/schema\/logo\/image\/","url":"https:\/\/www.itakaescolapios.org\/wp-content\/uploads\/2024\/04\/Logo-itakaescolapios-peque.png","contentUrl":"https:\/\/www.itakaescolapios.org\/wp-content\/uploads\/2024\/04\/Logo-itakaescolapios-peque.png","width":500,"height":199,"caption":"Fundaci\u00f3 Itaka-Escolapios"},"image":{"@id":"https:\/\/www.itakaescolapios.org\/fr\/es\/#\/schema\/logo\/image\/"}}]}},"_links":{"self":[{"href":"https:\/\/www.itakaescolapios.org\/fr\/wp-json\/wp\/v2\/pages\/305","targetHints":{"allow":["GET"]}}],"collection":[{"href":"https:\/\/www.itakaescolapios.org\/fr\/wp-json\/wp\/v2\/pages"}],"about":[{"href":"https:\/\/www.itakaescolapios.org\/fr\/wp-json\/wp\/v2\/types\/page"}],"author":[{"embeddable":true,"href":"https:\/\/www.itakaescolapios.org\/fr\/wp-json\/wp\/v2\/users\/1"}],"replies":[{"embeddable":true,"href":"https:\/\/www.itakaescolapios.org\/fr\/wp-json\/wp\/v2\/comments?post=305"}],"version-history":[{"count":14,"href":"https:\/\/www.itakaescolapios.org\/fr\/wp-json\/wp\/v2\/pages\/305\/revisions"}],"predecessor-version":[{"id":50266,"href":"https:\/\/www.itakaescolapios.org\/fr\/wp-json\/wp\/v2\/pages\/305\/revisions\/50266"}],"up":[{"embeddable":true,"href":"https:\/\/www.itakaescolapios.org\/fr\/wp-json\/wp\/v2\/pages\/85"}],"wp:featuredmedia":[{"embeddable":true,"href":"https:\/\/www.itakaescolapios.org\/fr\/wp-json\/wp\/v2\/media\/1237"}],"wp:attachment":[{"href":"https:\/\/www.itakaescolapios.org\/fr\/wp-json\/wp\/v2\/media?parent=305"}],"curies":[{"name":"wp","href":"https:\/\/api.w.org\/{rel}","templated":true}]}}