{"id":30709,"date":"2020-05-13T15:20:33","date_gmt":"2020-05-13T14:20:33","guid":{"rendered":"https:\/\/www.itakaescolapios.org\/?page_id=30709"},"modified":"2023-11-28T12:36:20","modified_gmt":"2023-11-28T11:36:20","slug":"30709-2","status":"publish","type":"page","link":"https:\/\/www.itakaescolapios.org\/fr\/30709-2\/","title":{"rendered":"DONACI\u00d3N CON TARJETA"},"content":{"rendered":"<p>Has elegido hacer una donaci\u00f3n a la red de Itaka-Escolapios utilizando una tarjeta de d\u00e9bito o cr\u00e9dito. Recuerda que cualquier donativo que realices a nuestra entidad goza de los beneficios fiscales de las entidades sin fines lucrativos y de los incentivos fiscales al mecenazgo por lo que para poder deducirte su importe en tu declaraci\u00f3n de la renta o en impuesto de sociedades es necesario que nos trasmitas los datos fiscales.<\/p>\n<p>El enlace que encontrar\u00e1s a continuaci\u00f3n te llevar\u00e1 a un TPV en el deber\u00e1s de rellenar los datos necesarios para hacer la transferencia, y que ser\u00e1 remitido a la persona responsable de la custodia y administraci\u00f3n de dicho fichero.<a href=\"https:\/\/www.itakaescolapios.org\/tpv\/\" target=\"_blank\" rel=\"noopener noreferrer\"><img decoding=\"async\" class=\"wp-image-30706 aligncenter\" src=\"https:\/\/www.itakaescolapios.org\/wp-content\/uploads\/2020\/05\/tpv-300x300.png\" alt=\"\" width=\"229\" height=\"229\" srcset=\"https:\/\/www.itakaescolapios.org\/wp-content\/uploads\/2020\/05\/tpv-300x300.png 300w, https:\/\/www.itakaescolapios.org\/wp-content\/uploads\/2020\/05\/tpv-90x90.png 90w, https:\/\/www.itakaescolapios.org\/wp-content\/uploads\/2020\/05\/tpv-250x250.png 250w, https:\/\/www.itakaescolapios.org\/wp-content\/uploads\/2020\/05\/tpv.png 463w\" sizes=\"(max-width: 229px) 100vw, 229px\" \/><\/a><\/p>\n","protected":false},"excerpt":{"rendered":"<p>Has elegido hacer una donaci\u00f3n a la red de Itaka-Escolapios utilizando una tarjeta de d\u00e9bito o cr\u00e9dito. Recuerda que cualquier donativo que realices a nuestra entidad goza de los beneficios [&hellip;]<\/p>\n","protected":false},"author":46,"featured_media":0,"parent":0,"menu_order":0,"comment_status":"closed","ping_status":"closed","template":"","meta":{"_et_pb_use_builder":"","_et_pb_old_content":"","_et_gb_content_width":"","footnotes":""},"class_list":["post-30709","page","type-page","status-publish","hentry"],"yoast_head":"<!-- This site is optimized with the Yoast SEO plugin v27.5 - https:\/\/yoast.com\/product\/yoast-seo-wordpress\/ -->\n<title>DONACI\u00d3N CON TARJETA<\/title>\n<meta name=\"description\" content=\"Has elegido hacer una donaci\u00f3n a la red de Itaka-Escolapios utilizando una tarjeta de d\u00e9bito o cr\u00e9dito. Recuerda que cualquier donativo que realices a nuestra entidad goza de los beneficios fiscales de las entidades sin fines lucrativos y de los incentivos fiscales al mecenazgo por lo que para poder deducirte su importe en tu declaraci\u00f3n\u2026\" \/>\n<meta name=\"robots\" content=\"index, follow, max-snippet:-1, max-image-preview:large, max-video-preview:-1\" \/>\n<link rel=\"canonical\" href=\"http:\/\/Has%20elegido%20hacer%20una%20donaci\u00f3n%20a%20la%20red%20de%20Itaka-Escolapios%20utilizando%20una%20tarjeta%20de%20d\u00e9bito%20o%20cr\u00e9dito.%20Recuerda%20que%20cualquier%20donativo%20que%20realices%20a%20nuestra%20entidad%20goza%20de%20los%20beneficios%20fiscales%20de%20las%20entidades%20sin%20fines%20lucrativos%20y%20de%20los%20incentivos%20fiscales%20al%20mecenazgo%20por%20lo%20que%20para%20poder%20deducirte%20su%20importe%20en%20tu%20declaraci\u00f3n\u2026\" \/>\n<meta property=\"og:locale\" content=\"fr_FR\" \/>\n<meta property=\"og:type\" content=\"article\" \/>\n<meta property=\"og:title\" content=\"DONACI\u00d3N CON TARJETA\" \/>\n<meta property=\"og:description\" content=\"Has elegido hacer una donaci\u00f3n a la red de Itaka-Escolapios utilizando una tarjeta de d\u00e9bito o cr\u00e9dito. Recuerda que cualquier donativo que realices a nuestra entidad goza de los beneficios fiscales de las entidades sin fines lucrativos y de los incentivos fiscales al mecenazgo por lo que para poder deducirte su importe en tu declaraci\u00f3n\u2026\" \/>\n<meta property=\"og:url\" content=\"https:\/\/www.itakaescolapios.org\/fr\/30709-2\/\" \/>\n<meta property=\"og:site_name\" content=\"Itaka-Escolapios\" \/>\n<meta property=\"article:modified_time\" content=\"2023-11-28T11:36:20+00:00\" \/>\n<meta property=\"og:image\" content=\"https:\/\/www.itakaescolapios.org\/wp-content\/uploads\/2020\/05\/tpv.png\" \/>\n\t<meta property=\"og:image:width\" content=\"463\" \/>\n\t<meta property=\"og:image:height\" content=\"463\" \/>\n\t<meta property=\"og:image:type\" content=\"image\/png\" \/>\n<meta name=\"twitter:card\" content=\"summary_large_image\" \/>\n<meta name=\"twitter:label1\" content=\"Dur\u00e9e de lecture estim\u00e9e\" \/>\n\t<meta name=\"twitter:data1\" content=\"1 minute\" \/>\n<script type=\"application\/ld+json\" class=\"yoast-schema-graph\">{\"@context\":\"https:\\\/\\\/schema.org\",\"@graph\":[{\"@type\":\"WebPage\",\"@id\":\"https:\\\/\\\/www.itakaescolapios.org\\\/fr\\\/30709-2\\\/\",\"url\":\"https:\\\/\\\/www.itakaescolapios.org\\\/fr\\\/30709-2\\\/\",\"name\":\"DONACI\u00d3N CON TARJETA - Itaka-Escolapios\",\"isPartOf\":{\"@id\":\"https:\\\/\\\/www.itakaescolapios.org\\\/es\\\/#website\"},\"primaryImageOfPage\":{\"@id\":\"https:\\\/\\\/www.itakaescolapios.org\\\/fr\\\/30709-2\\\/#primaryimage\"},\"image\":{\"@id\":\"https:\\\/\\\/www.itakaescolapios.org\\\/fr\\\/30709-2\\\/#primaryimage\"},\"thumbnailUrl\":\"https:\\\/\\\/www.itakaescolapios.org\\\/wp-content\\\/uploads\\\/2020\\\/05\\\/tpv-300x300.png\",\"datePublished\":\"2020-05-13T14:20:33+00:00\",\"dateModified\":\"2023-11-28T11:36:20+00:00\",\"breadcrumb\":{\"@id\":\"https:\\\/\\\/www.itakaescolapios.org\\\/fr\\\/30709-2\\\/#breadcrumb\"},\"inLanguage\":\"fr-FR\",\"potentialAction\":[{\"@type\":\"ReadAction\",\"target\":[\"https:\\\/\\\/www.itakaescolapios.org\\\/fr\\\/30709-2\\\/\"]}]},{\"@type\":\"ImageObject\",\"inLanguage\":\"fr-FR\",\"@id\":\"https:\\\/\\\/www.itakaescolapios.org\\\/fr\\\/30709-2\\\/#primaryimage\",\"url\":\"https:\\\/\\\/www.itakaescolapios.org\\\/wp-content\\\/uploads\\\/2020\\\/05\\\/tpv-300x300.png\",\"contentUrl\":\"https:\\\/\\\/www.itakaescolapios.org\\\/wp-content\\\/uploads\\\/2020\\\/05\\\/tpv-300x300.png\"},{\"@type\":\"BreadcrumbList\",\"@id\":\"https:\\\/\\\/www.itakaescolapios.org\\\/fr\\\/30709-2\\\/#breadcrumb\",\"itemListElement\":[{\"@type\":\"ListItem\",\"position\":1,\"name\":\"Itaka-Escolapios\",\"item\":\"https:\\\/\\\/www.itakaescolapios.org\\\/es\\\/\"},{\"@type\":\"ListItem\",\"position\":2,\"name\":\"DONACI\u00d3N CON TARJETA\"}]},{\"@type\":\"WebSite\",\"@id\":\"https:\\\/\\\/www.itakaescolapios.org\\\/fr\\\/es\\\/#website\",\"url\":\"https:\\\/\\\/www.itakaescolapios.org\\\/fr\\\/es\\\/\",\"name\":\"Itaka-Escolapios\",\"description\":\"Red de Itaka-Escolapios\",\"publisher\":{\"@id\":\"https:\\\/\\\/www.itakaescolapios.org\\\/fr\\\/es\\\/#organization\"},\"potentialAction\":[{\"@type\":\"SearchAction\",\"target\":{\"@type\":\"EntryPoint\",\"urlTemplate\":\"https:\\\/\\\/www.itakaescolapios.org\\\/fr\\\/es\\\/?s={search_term_string}\"},\"query-input\":{\"@type\":\"PropertyValueSpecification\",\"valueRequired\":true,\"valueName\":\"search_term_string\"}}],\"inLanguage\":\"fr-FR\"},{\"@type\":\"Organization\",\"@id\":\"https:\\\/\\\/www.itakaescolapios.org\\\/fr\\\/es\\\/#organization\",\"name\":\"Fundaci\u00f3 Itaka-Escolapios\",\"url\":\"https:\\\/\\\/www.itakaescolapios.org\\\/fr\\\/es\\\/\",\"logo\":{\"@type\":\"ImageObject\",\"inLanguage\":\"fr-FR\",\"@id\":\"https:\\\/\\\/www.itakaescolapios.org\\\/fr\\\/es\\\/#\\\/schema\\\/logo\\\/image\\\/\",\"url\":\"https:\\\/\\\/www.itakaescolapios.org\\\/wp-content\\\/uploads\\\/2024\\\/04\\\/Logo-itakaescolapios-peque.png\",\"contentUrl\":\"https:\\\/\\\/www.itakaescolapios.org\\\/wp-content\\\/uploads\\\/2024\\\/04\\\/Logo-itakaescolapios-peque.png\",\"width\":500,\"height\":199,\"caption\":\"Fundaci\u00f3 Itaka-Escolapios\"},\"image\":{\"@id\":\"https:\\\/\\\/www.itakaescolapios.org\\\/fr\\\/es\\\/#\\\/schema\\\/logo\\\/image\\\/\"}}]}<\/script>\n<!-- \/ Yoast SEO plugin. -->","yoast_head_json":{"title":"DONACI\u00d3N CON TARJETA","description":"Has elegido hacer una donaci\u00f3n a la red de Itaka-Escolapios utilizando una tarjeta de d\u00e9bito o cr\u00e9dito. Recuerda que cualquier donativo que realices a nuestra entidad goza de los beneficios fiscales de las entidades sin fines lucrativos y de los incentivos fiscales al mecenazgo por lo que para poder deducirte su importe en tu declaraci\u00f3n\u2026","robots":{"index":"index","follow":"follow","max-snippet":"max-snippet:-1","max-image-preview":"max-image-preview:large","max-video-preview":"max-video-preview:-1"},"canonical":"Has elegido hacer una donaci\u00f3n a la red de Itaka-Escolapios utilizando una tarjeta de d\u00e9bito o cr\u00e9dito. Recuerda que cualquier donativo que realices a nuestra entidad goza de los beneficios fiscales de las entidades sin fines lucrativos y de los incentivos fiscales al mecenazgo por lo que para poder deducirte su importe en tu declaraci\u00f3n\u2026","og_locale":"fr_FR","og_type":"article","og_title":"DONACI\u00d3N CON TARJETA","og_description":"Has elegido hacer una donaci\u00f3n a la red de Itaka-Escolapios utilizando una tarjeta de d\u00e9bito o cr\u00e9dito. Recuerda que cualquier donativo que realices a nuestra entidad goza de los beneficios fiscales de las entidades sin fines lucrativos y de los incentivos fiscales al mecenazgo por lo que para poder deducirte su importe en tu declaraci\u00f3n\u2026","og_url":"https:\/\/www.itakaescolapios.org\/fr\/30709-2\/","og_site_name":"Itaka-Escolapios","article_modified_time":"2023-11-28T11:36:20+00:00","og_image":[{"width":463,"height":463,"url":"https:\/\/www.itakaescolapios.org\/wp-content\/uploads\/2020\/05\/tpv.png","type":"image\/png"}],"twitter_card":"summary_large_image","twitter_misc":{"Dur\u00e9e de lecture estim\u00e9e":"1 minute"},"schema":{"@context":"https:\/\/schema.org","@graph":[{"@type":"WebPage","@id":"https:\/\/www.itakaescolapios.org\/fr\/30709-2\/","url":"https:\/\/www.itakaescolapios.org\/fr\/30709-2\/","name":"DONACI\u00d3N CON TARJETA - Itaka-Escolapios","isPartOf":{"@id":"https:\/\/www.itakaescolapios.org\/es\/#website"},"primaryImageOfPage":{"@id":"https:\/\/www.itakaescolapios.org\/fr\/30709-2\/#primaryimage"},"image":{"@id":"https:\/\/www.itakaescolapios.org\/fr\/30709-2\/#primaryimage"},"thumbnailUrl":"https:\/\/www.itakaescolapios.org\/wp-content\/uploads\/2020\/05\/tpv-300x300.png","datePublished":"2020-05-13T14:20:33+00:00","dateModified":"2023-11-28T11:36:20+00:00","breadcrumb":{"@id":"https:\/\/www.itakaescolapios.org\/fr\/30709-2\/#breadcrumb"},"inLanguage":"fr-FR","potentialAction":[{"@type":"ReadAction","target":["https:\/\/www.itakaescolapios.org\/fr\/30709-2\/"]}]},{"@type":"ImageObject","inLanguage":"fr-FR","@id":"https:\/\/www.itakaescolapios.org\/fr\/30709-2\/#primaryimage","url":"https:\/\/www.itakaescolapios.org\/wp-content\/uploads\/2020\/05\/tpv-300x300.png","contentUrl":"https:\/\/www.itakaescolapios.org\/wp-content\/uploads\/2020\/05\/tpv-300x300.png"},{"@type":"BreadcrumbList","@id":"https:\/\/www.itakaescolapios.org\/fr\/30709-2\/#breadcrumb","itemListElement":[{"@type":"ListItem","position":1,"name":"Itaka-Escolapios","item":"https:\/\/www.itakaescolapios.org\/es\/"},{"@type":"ListItem","position":2,"name":"DONACI\u00d3N CON TARJETA"}]},{"@type":"WebSite","@id":"https:\/\/www.itakaescolapios.org\/fr\/es\/#website","url":"https:\/\/www.itakaescolapios.org\/fr\/es\/","name":"Itaka-Escolapios","description":"Red de Itaka-Escolapios","publisher":{"@id":"https:\/\/www.itakaescolapios.org\/fr\/es\/#organization"},"potentialAction":[{"@type":"SearchAction","target":{"@type":"EntryPoint","urlTemplate":"https:\/\/www.itakaescolapios.org\/fr\/es\/?s={search_term_string}"},"query-input":{"@type":"PropertyValueSpecification","valueRequired":true,"valueName":"search_term_string"}}],"inLanguage":"fr-FR"},{"@type":"Organization","@id":"https:\/\/www.itakaescolapios.org\/fr\/es\/#organization","name":"Fundaci\u00f3 Itaka-Escolapios","url":"https:\/\/www.itakaescolapios.org\/fr\/es\/","logo":{"@type":"ImageObject","inLanguage":"fr-FR","@id":"https:\/\/www.itakaescolapios.org\/fr\/es\/#\/schema\/logo\/image\/","url":"https:\/\/www.itakaescolapios.org\/wp-content\/uploads\/2024\/04\/Logo-itakaescolapios-peque.png","contentUrl":"https:\/\/www.itakaescolapios.org\/wp-content\/uploads\/2024\/04\/Logo-itakaescolapios-peque.png","width":500,"height":199,"caption":"Fundaci\u00f3 Itaka-Escolapios"},"image":{"@id":"https:\/\/www.itakaescolapios.org\/fr\/es\/#\/schema\/logo\/image\/"}}]}},"_links":{"self":[{"href":"https:\/\/www.itakaescolapios.org\/fr\/wp-json\/wp\/v2\/pages\/30709","targetHints":{"allow":["GET"]}}],"collection":[{"href":"https:\/\/www.itakaescolapios.org\/fr\/wp-json\/wp\/v2\/pages"}],"about":[{"href":"https:\/\/www.itakaescolapios.org\/fr\/wp-json\/wp\/v2\/types\/page"}],"author":[{"embeddable":true,"href":"https:\/\/www.itakaescolapios.org\/fr\/wp-json\/wp\/v2\/users\/46"}],"replies":[{"embeddable":true,"href":"https:\/\/www.itakaescolapios.org\/fr\/wp-json\/wp\/v2\/comments?post=30709"}],"version-history":[{"count":9,"href":"https:\/\/www.itakaescolapios.org\/fr\/wp-json\/wp\/v2\/pages\/30709\/revisions"}],"predecessor-version":[{"id":44838,"href":"https:\/\/www.itakaescolapios.org\/fr\/wp-json\/wp\/v2\/pages\/30709\/revisions\/44838"}],"wp:attachment":[{"href":"https:\/\/www.itakaescolapios.org\/fr\/wp-json\/wp\/v2\/media?parent=30709"}],"curies":[{"name":"wp","href":"https:\/\/api.w.org\/{rel}","templated":true}]}}