{"id":314,"date":"2012-06-01T12:51:43","date_gmt":"2012-06-01T11:51:43","guid":{"rendered":"https:\/\/www.itakaescolapios.org\/?page_id=314"},"modified":"2023-11-28T12:39:47","modified_gmt":"2023-11-28T11:39:47","slug":"comedor-de-anzaldo-bolivia","status":"publish","type":"page","link":"https:\/\/www.itakaescolapios.org\/fr\/que-faisons-nous\/comedores-infantiles\/comedor-de-anzaldo-bolivia\/","title":{"rendered":"CANTINE D\u2019ANZALDO (BOLIVIE)"},"content":{"rendered":"<p align=\"JUSTIFY\">La cantine de l\u2019\u00c9cole a \u00e9t\u00e9 mise en place en 1995. Les enfants qui arrivaient \u00e0 l&rsquo;\u00e9cole sans avoir pris leur petit-d\u00e9jeuner, qui se d\u00e9courageaient ou qui ne pouvaient pas suivre les cours \u00e0 cause de leur sous-alimentation \u00e9taient nombreux.<\/p>\n<p align=\"JUSTIFY\">Apr\u00e8s avoir analys\u00e9 la situation alimentaire de l&rsquo;ensemble des \u00e9l\u00e8ves, on a constat\u00e9 un probl\u00e8me s\u00e9rieux d&rsquo;avitaminose et de malnutrition, dont certains cas s\u00e9v\u00e8res. Une cantine scolaire a ainsi \u00e9t\u00e9 cr\u00e9\u00e9e pour tous les \u00e9l\u00e8ves qui ne r\u00e9sident pas dans l\u2019internat (les internes avaient d\u00e9j\u00e0 le petit-d\u00e9jeuner, le d\u00e9jeuner, le go\u00fbter et le d\u00eener garantis) et viennent du village ou des communaut\u00e9s voisines.<\/p>\n","protected":false},"excerpt":{"rendered":"<p>La cantine de l\u2019\u00c9cole a \u00e9t\u00e9 mise en place en 1995. Les enfants qui arrivaient \u00e0 l&rsquo;\u00e9cole sans avoir pris leur petit-d\u00e9jeuner, qui se d\u00e9courageaient ou qui ne pouvaient pas [&hellip;]<\/p>\n","protected":false},"author":1,"featured_media":1378,"parent":87,"menu_order":1,"comment_status":"closed","ping_status":"closed","template":"","meta":{"_et_pb_use_builder":"","_et_pb_old_content":"","_et_gb_content_width":"","footnotes":""},"class_list":["post-314","page","type-page","status-publish","has-post-thumbnail","hentry"],"yoast_head":"<!-- This site is optimized with the Yoast SEO plugin v27.3 - https:\/\/yoast.com\/product\/yoast-seo-wordpress\/ -->\n<title>CANTINE D\u2019ANZALDO (BOLIVIE)<\/title>\n<meta name=\"description\" content=\"La cantine de l\u2019\u00c9cole a \u00e9t\u00e9 mise en place en 1995. Les enfants qui arrivaient \u00e0 l&#039;\u00e9cole sans avoir pris leur petit-d\u00e9jeuner, qui se d\u00e9courageaient ou qui ne pouvaient pas suivre les cours \u00e0 cause de leur sous-alimentation \u00e9taient nombreux. Apr\u00e8s avoir analys\u00e9 la situation alimentaire de l&#039;ensemble des \u00e9l\u00e8ves, on a constat\u00e9 un probl\u00e8me\u2026\" \/>\n<meta name=\"robots\" content=\"index, follow, max-snippet:-1, max-image-preview:large, max-video-preview:-1\" \/>\n<link rel=\"canonical\" href=\"http:\/\/La%20cantine%20de%20l\u2019\u00c9cole%20a%20\u00e9t\u00e9%20mise%20en%20place%20en%201995.%20Les%20enfants%20qui%20arrivaient%20\u00e0%20l'\u00e9cole%20sans%20avoir%20pris%20leur%20petit-d\u00e9jeuner,%20qui%20se%20d\u00e9courageaient%20ou%20qui%20ne%20pouvaient%20pas%20suivre%20les%20cours%20\u00e0%20cause%20de%20leur%20sous-alimentation%20\u00e9taient%20nombreux.%20Apr\u00e8s%20avoir%20analys\u00e9%20la%20situation%20alimentaire%20de%20l'ensemble%20des%20\u00e9l\u00e8ves,%20on%20a%20constat\u00e9%20un%20probl\u00e8me\u2026\" \/>\n<meta property=\"og:locale\" content=\"fr_FR\" \/>\n<meta property=\"og:type\" content=\"article\" \/>\n<meta property=\"og:title\" content=\"CANTINE D\u2019ANZALDO (BOLIVIE)\" \/>\n<meta property=\"og:description\" content=\"La cantine de l\u2019\u00c9cole a \u00e9t\u00e9 mise en place en 1995. Les enfants qui arrivaient \u00e0 l&#039;\u00e9cole sans avoir pris leur petit-d\u00e9jeuner, qui se d\u00e9courageaient ou qui ne pouvaient pas suivre les cours \u00e0 cause de leur sous-alimentation \u00e9taient nombreux. Apr\u00e8s avoir analys\u00e9 la situation alimentaire de l&#039;ensemble des \u00e9l\u00e8ves, on a constat\u00e9 un probl\u00e8me\u2026\" \/>\n<meta property=\"og:url\" content=\"https:\/\/www.itakaescolapios.org\/fr\/que-faisons-nous\/comedores-infantiles\/comedor-de-anzaldo-bolivia\/\" \/>\n<meta property=\"og:site_name\" content=\"Itaka-Escolapios\" \/>\n<meta property=\"article:modified_time\" content=\"2023-11-28T11:39:47+00:00\" \/>\n<meta property=\"og:image\" content=\"https:\/\/www.itakaescolapios.org\/wp-content\/uploads\/2012\/06\/Comedores-infantiles-Anzaldo-2-Bolivia.jpg\" \/>\n\t<meta property=\"og:image:width\" content=\"1200\" \/>\n\t<meta property=\"og:image:height\" content=\"900\" \/>\n\t<meta property=\"og:image:type\" content=\"image\/jpeg\" \/>\n<meta name=\"twitter:card\" content=\"summary_large_image\" \/>\n<meta name=\"twitter:label1\" content=\"Dur\u00e9e de lecture estim\u00e9e\" \/>\n\t<meta name=\"twitter:data1\" content=\"1 minute\" \/>\n<script type=\"application\/ld+json\" class=\"yoast-schema-graph\">{\"@context\":\"https:\\\/\\\/schema.org\",\"@graph\":[{\"@type\":\"WebPage\",\"@id\":\"https:\\\/\\\/www.itakaescolapios.org\\\/fr\\\/que-faisons-nous\\\/comedores-infantiles\\\/comedor-de-anzaldo-bolivia\\\/\",\"url\":\"https:\\\/\\\/www.itakaescolapios.org\\\/fr\\\/que-faisons-nous\\\/comedores-infantiles\\\/comedor-de-anzaldo-bolivia\\\/\",\"name\":\"Comedor de Anzaldo (Bolivia) - Itaka-Escolapios\",\"isPartOf\":{\"@id\":\"https:\\\/\\\/www.itakaescolapios.org\\\/es\\\/#website\"},\"primaryImageOfPage\":{\"@id\":\"https:\\\/\\\/www.itakaescolapios.org\\\/fr\\\/que-faisons-nous\\\/comedores-infantiles\\\/comedor-de-anzaldo-bolivia\\\/#primaryimage\"},\"image\":{\"@id\":\"https:\\\/\\\/www.itakaescolapios.org\\\/fr\\\/que-faisons-nous\\\/comedores-infantiles\\\/comedor-de-anzaldo-bolivia\\\/#primaryimage\"},\"thumbnailUrl\":\"https:\\\/\\\/www.itakaescolapios.org\\\/wp-content\\\/uploads\\\/2012\\\/06\\\/Comedores-infantiles-Anzaldo-2-Bolivia.jpg\",\"datePublished\":\"2012-06-01T11:51:43+00:00\",\"dateModified\":\"2023-11-28T11:39:47+00:00\",\"breadcrumb\":{\"@id\":\"https:\\\/\\\/www.itakaescolapios.org\\\/fr\\\/que-faisons-nous\\\/comedores-infantiles\\\/comedor-de-anzaldo-bolivia\\\/#breadcrumb\"},\"inLanguage\":\"fr-FR\",\"potentialAction\":[{\"@type\":\"ReadAction\",\"target\":[\"https:\\\/\\\/www.itakaescolapios.org\\\/fr\\\/que-faisons-nous\\\/comedores-infantiles\\\/comedor-de-anzaldo-bolivia\\\/\"]}]},{\"@type\":\"ImageObject\",\"inLanguage\":\"fr-FR\",\"@id\":\"https:\\\/\\\/www.itakaescolapios.org\\\/fr\\\/que-faisons-nous\\\/comedores-infantiles\\\/comedor-de-anzaldo-bolivia\\\/#primaryimage\",\"url\":\"https:\\\/\\\/www.itakaescolapios.org\\\/wp-content\\\/uploads\\\/2012\\\/06\\\/Comedores-infantiles-Anzaldo-2-Bolivia.jpg\",\"contentUrl\":\"https:\\\/\\\/www.itakaescolapios.org\\\/wp-content\\\/uploads\\\/2012\\\/06\\\/Comedores-infantiles-Anzaldo-2-Bolivia.jpg\",\"width\":\"1200\",\"height\":\"900\"},{\"@type\":\"BreadcrumbList\",\"@id\":\"https:\\\/\\\/www.itakaescolapios.org\\\/fr\\\/que-faisons-nous\\\/comedores-infantiles\\\/comedor-de-anzaldo-bolivia\\\/#breadcrumb\",\"itemListElement\":[{\"@type\":\"ListItem\",\"position\":1,\"name\":\"Itaka-Escolapios\",\"item\":\"https:\\\/\\\/www.itakaescolapios.org\\\/es\\\/\"},{\"@type\":\"ListItem\",\"position\":2,\"name\":\"Que faisons-nous\",\"item\":\"https:\\\/\\\/www.itakaescolapios.org\\\/es\\\/que-hacemos\\\/\"},{\"@type\":\"ListItem\",\"position\":3,\"name\":\"CANTINES\",\"item\":\"https:\\\/\\\/www.itakaescolapios.org\\\/es\\\/que-hacemos\\\/comedores-infantiles\\\/\"},{\"@type\":\"ListItem\",\"position\":4,\"name\":\"CANTINE D\u2019ANZALDO (BOLIVIE)\"}]},{\"@type\":\"WebSite\",\"@id\":\"https:\\\/\\\/www.itakaescolapios.org\\\/fr\\\/es\\\/#website\",\"url\":\"https:\\\/\\\/www.itakaescolapios.org\\\/fr\\\/es\\\/\",\"name\":\"Itaka-Escolapios\",\"description\":\"Red de Itaka-Escolapios\",\"publisher\":{\"@id\":\"https:\\\/\\\/www.itakaescolapios.org\\\/fr\\\/es\\\/#organization\"},\"potentialAction\":[{\"@type\":\"SearchAction\",\"target\":{\"@type\":\"EntryPoint\",\"urlTemplate\":\"https:\\\/\\\/www.itakaescolapios.org\\\/fr\\\/es\\\/?s={search_term_string}\"},\"query-input\":{\"@type\":\"PropertyValueSpecification\",\"valueRequired\":true,\"valueName\":\"search_term_string\"}}],\"inLanguage\":\"fr-FR\"},{\"@type\":\"Organization\",\"@id\":\"https:\\\/\\\/www.itakaescolapios.org\\\/fr\\\/es\\\/#organization\",\"name\":\"Fundaci\u00f3 Itaka-Escolapios\",\"url\":\"https:\\\/\\\/www.itakaescolapios.org\\\/fr\\\/es\\\/\",\"logo\":{\"@type\":\"ImageObject\",\"inLanguage\":\"fr-FR\",\"@id\":\"https:\\\/\\\/www.itakaescolapios.org\\\/fr\\\/es\\\/#\\\/schema\\\/logo\\\/image\\\/\",\"url\":\"https:\\\/\\\/www.itakaescolapios.org\\\/wp-content\\\/uploads\\\/2024\\\/04\\\/Logo-itakaescolapios-peque.png\",\"contentUrl\":\"https:\\\/\\\/www.itakaescolapios.org\\\/wp-content\\\/uploads\\\/2024\\\/04\\\/Logo-itakaescolapios-peque.png\",\"width\":500,\"height\":199,\"caption\":\"Fundaci\u00f3 Itaka-Escolapios\"},\"image\":{\"@id\":\"https:\\\/\\\/www.itakaescolapios.org\\\/fr\\\/es\\\/#\\\/schema\\\/logo\\\/image\\\/\"}}]}<\/script>\n<!-- \/ Yoast SEO plugin. -->","yoast_head_json":{"title":"CANTINE D\u2019ANZALDO (BOLIVIE)","description":"La cantine de l\u2019\u00c9cole a \u00e9t\u00e9 mise en place en 1995. Les enfants qui arrivaient \u00e0 l'\u00e9cole sans avoir pris leur petit-d\u00e9jeuner, qui se d\u00e9courageaient ou qui ne pouvaient pas suivre les cours \u00e0 cause de leur sous-alimentation \u00e9taient nombreux. Apr\u00e8s avoir analys\u00e9 la situation alimentaire de l'ensemble des \u00e9l\u00e8ves, on a constat\u00e9 un probl\u00e8me\u2026","robots":{"index":"index","follow":"follow","max-snippet":"max-snippet:-1","max-image-preview":"max-image-preview:large","max-video-preview":"max-video-preview:-1"},"canonical":"La cantine de l\u2019\u00c9cole a \u00e9t\u00e9 mise en place en 1995. Les enfants qui arrivaient \u00e0 l'\u00e9cole sans avoir pris leur petit-d\u00e9jeuner, qui se d\u00e9courageaient ou qui ne pouvaient pas suivre les cours \u00e0 cause de leur sous-alimentation \u00e9taient nombreux. Apr\u00e8s avoir analys\u00e9 la situation alimentaire de l'ensemble des \u00e9l\u00e8ves, on a constat\u00e9 un probl\u00e8me\u2026","og_locale":"fr_FR","og_type":"article","og_title":"CANTINE D\u2019ANZALDO (BOLIVIE)","og_description":"La cantine de l\u2019\u00c9cole a \u00e9t\u00e9 mise en place en 1995. Les enfants qui arrivaient \u00e0 l'\u00e9cole sans avoir pris leur petit-d\u00e9jeuner, qui se d\u00e9courageaient ou qui ne pouvaient pas suivre les cours \u00e0 cause de leur sous-alimentation \u00e9taient nombreux. Apr\u00e8s avoir analys\u00e9 la situation alimentaire de l'ensemble des \u00e9l\u00e8ves, on a constat\u00e9 un probl\u00e8me\u2026","og_url":"https:\/\/www.itakaescolapios.org\/fr\/que-faisons-nous\/comedores-infantiles\/comedor-de-anzaldo-bolivia\/","og_site_name":"Itaka-Escolapios","article_modified_time":"2023-11-28T11:39:47+00:00","og_image":[{"width":1200,"height":900,"url":"https:\/\/www.itakaescolapios.org\/wp-content\/uploads\/2012\/06\/Comedores-infantiles-Anzaldo-2-Bolivia.jpg","type":"image\/jpeg"}],"twitter_card":"summary_large_image","twitter_misc":{"Dur\u00e9e de lecture estim\u00e9e":"1 minute"},"schema":{"@context":"https:\/\/schema.org","@graph":[{"@type":"WebPage","@id":"https:\/\/www.itakaescolapios.org\/fr\/que-faisons-nous\/comedores-infantiles\/comedor-de-anzaldo-bolivia\/","url":"https:\/\/www.itakaescolapios.org\/fr\/que-faisons-nous\/comedores-infantiles\/comedor-de-anzaldo-bolivia\/","name":"Comedor de Anzaldo (Bolivia) - Itaka-Escolapios","isPartOf":{"@id":"https:\/\/www.itakaescolapios.org\/es\/#website"},"primaryImageOfPage":{"@id":"https:\/\/www.itakaescolapios.org\/fr\/que-faisons-nous\/comedores-infantiles\/comedor-de-anzaldo-bolivia\/#primaryimage"},"image":{"@id":"https:\/\/www.itakaescolapios.org\/fr\/que-faisons-nous\/comedores-infantiles\/comedor-de-anzaldo-bolivia\/#primaryimage"},"thumbnailUrl":"https:\/\/www.itakaescolapios.org\/wp-content\/uploads\/2012\/06\/Comedores-infantiles-Anzaldo-2-Bolivia.jpg","datePublished":"2012-06-01T11:51:43+00:00","dateModified":"2023-11-28T11:39:47+00:00","breadcrumb":{"@id":"https:\/\/www.itakaescolapios.org\/fr\/que-faisons-nous\/comedores-infantiles\/comedor-de-anzaldo-bolivia\/#breadcrumb"},"inLanguage":"fr-FR","potentialAction":[{"@type":"ReadAction","target":["https:\/\/www.itakaescolapios.org\/fr\/que-faisons-nous\/comedores-infantiles\/comedor-de-anzaldo-bolivia\/"]}]},{"@type":"ImageObject","inLanguage":"fr-FR","@id":"https:\/\/www.itakaescolapios.org\/fr\/que-faisons-nous\/comedores-infantiles\/comedor-de-anzaldo-bolivia\/#primaryimage","url":"https:\/\/www.itakaescolapios.org\/wp-content\/uploads\/2012\/06\/Comedores-infantiles-Anzaldo-2-Bolivia.jpg","contentUrl":"https:\/\/www.itakaescolapios.org\/wp-content\/uploads\/2012\/06\/Comedores-infantiles-Anzaldo-2-Bolivia.jpg","width":"1200","height":"900"},{"@type":"BreadcrumbList","@id":"https:\/\/www.itakaescolapios.org\/fr\/que-faisons-nous\/comedores-infantiles\/comedor-de-anzaldo-bolivia\/#breadcrumb","itemListElement":[{"@type":"ListItem","position":1,"name":"Itaka-Escolapios","item":"https:\/\/www.itakaescolapios.org\/es\/"},{"@type":"ListItem","position":2,"name":"Que faisons-nous","item":"https:\/\/www.itakaescolapios.org\/es\/que-hacemos\/"},{"@type":"ListItem","position":3,"name":"CANTINES","item":"https:\/\/www.itakaescolapios.org\/es\/que-hacemos\/comedores-infantiles\/"},{"@type":"ListItem","position":4,"name":"CANTINE D\u2019ANZALDO (BOLIVIE)"}]},{"@type":"WebSite","@id":"https:\/\/www.itakaescolapios.org\/fr\/es\/#website","url":"https:\/\/www.itakaescolapios.org\/fr\/es\/","name":"Itaka-Escolapios","description":"Red de Itaka-Escolapios","publisher":{"@id":"https:\/\/www.itakaescolapios.org\/fr\/es\/#organization"},"potentialAction":[{"@type":"SearchAction","target":{"@type":"EntryPoint","urlTemplate":"https:\/\/www.itakaescolapios.org\/fr\/es\/?s={search_term_string}"},"query-input":{"@type":"PropertyValueSpecification","valueRequired":true,"valueName":"search_term_string"}}],"inLanguage":"fr-FR"},{"@type":"Organization","@id":"https:\/\/www.itakaescolapios.org\/fr\/es\/#organization","name":"Fundaci\u00f3 Itaka-Escolapios","url":"https:\/\/www.itakaescolapios.org\/fr\/es\/","logo":{"@type":"ImageObject","inLanguage":"fr-FR","@id":"https:\/\/www.itakaescolapios.org\/fr\/es\/#\/schema\/logo\/image\/","url":"https:\/\/www.itakaescolapios.org\/wp-content\/uploads\/2024\/04\/Logo-itakaescolapios-peque.png","contentUrl":"https:\/\/www.itakaescolapios.org\/wp-content\/uploads\/2024\/04\/Logo-itakaescolapios-peque.png","width":500,"height":199,"caption":"Fundaci\u00f3 Itaka-Escolapios"},"image":{"@id":"https:\/\/www.itakaescolapios.org\/fr\/es\/#\/schema\/logo\/image\/"}}]}},"_links":{"self":[{"href":"https:\/\/www.itakaescolapios.org\/fr\/wp-json\/wp\/v2\/pages\/314","targetHints":{"allow":["GET"]}}],"collection":[{"href":"https:\/\/www.itakaescolapios.org\/fr\/wp-json\/wp\/v2\/pages"}],"about":[{"href":"https:\/\/www.itakaescolapios.org\/fr\/wp-json\/wp\/v2\/types\/page"}],"author":[{"embeddable":true,"href":"https:\/\/www.itakaescolapios.org\/fr\/wp-json\/wp\/v2\/users\/1"}],"replies":[{"embeddable":true,"href":"https:\/\/www.itakaescolapios.org\/fr\/wp-json\/wp\/v2\/comments?post=314"}],"version-history":[{"count":9,"href":"https:\/\/www.itakaescolapios.org\/fr\/wp-json\/wp\/v2\/pages\/314\/revisions"}],"predecessor-version":[{"id":50258,"href":"https:\/\/www.itakaescolapios.org\/fr\/wp-json\/wp\/v2\/pages\/314\/revisions\/50258"}],"up":[{"embeddable":true,"href":"https:\/\/www.itakaescolapios.org\/fr\/wp-json\/wp\/v2\/pages\/87"}],"wp:featuredmedia":[{"embeddable":true,"href":"https:\/\/www.itakaescolapios.org\/fr\/wp-json\/wp\/v2\/media\/1378"}],"wp:attachment":[{"href":"https:\/\/www.itakaescolapios.org\/fr\/wp-json\/wp\/v2\/media?parent=314"}],"curies":[{"name":"wp","href":"https:\/\/api.w.org\/{rel}","templated":true}]}}