{"id":316,"date":"2012-06-01T12:51:59","date_gmt":"2012-06-01T11:51:59","guid":{"rendered":"https:\/\/www.itakaescolapios.org\/?page_id=316"},"modified":"2023-11-28T12:39:47","modified_gmt":"2023-11-28T11:39:47","slug":"comedor-de-la-escuela-de-bafia-camerun","status":"publish","type":"page","link":"https:\/\/www.itakaescolapios.org\/fr\/que-faisons-nous\/comedores-infantiles\/comedor-de-la-escuela-de-bafia-camerun\/","title":{"rendered":"CANTINE DE L\u2019\u00c9COLE (CAMEROUN)"},"content":{"rendered":"<p align=\"JUSTIFY\">L&rsquo;objectif des Cantines scolaires est d&rsquo;atteindre un meilleur d\u00e9veloppement intellectuel et physique des enfants, filles et gar\u00e7ons, dont l\u2019\u00e2ge va de 6 \u00e0 14 ans et qui fr\u00e9quentent nos \u00e9coles. Avec le compl\u00e9ment nutritionnel qui leur est apport\u00e9 cinq fois par semaine, on obtient un taux de scolarisation plus \u00e9lev\u00e9 et un meilleur rendement scolaire.<\/p>\n<p align=\"JUSTIFY\">Tous les enfants, filles et gar\u00e7ons, qui vont dans les \u00e9coles piaristes peuvent acc\u00e9der \u00e0 ce service qui essaie d\u2019offrir un r\u00e9gime \u00e9quilibr\u00e9 pour compenser les carences alimentaires qu&rsquo;ils ont chez eux.<\/p>\n","protected":false},"excerpt":{"rendered":"<p>L&rsquo;objectif des Cantines scolaires est d&rsquo;atteindre un meilleur d\u00e9veloppement intellectuel et physique des enfants, filles et gar\u00e7ons, dont l\u2019\u00e2ge va de 6 \u00e0 14 ans et qui fr\u00e9quentent nos \u00e9coles. [&hellip;]<\/p>\n","protected":false},"author":1,"featured_media":1460,"parent":87,"menu_order":2,"comment_status":"closed","ping_status":"closed","template":"","meta":{"_et_pb_use_builder":"","_et_pb_old_content":"","_et_gb_content_width":"","footnotes":""},"class_list":["post-316","page","type-page","status-publish","has-post-thumbnail","hentry"],"yoast_head":"<!-- This site is optimized with the Yoast SEO plugin v27.4 - https:\/\/yoast.com\/product\/yoast-seo-wordpress\/ -->\n<title>CANTINE DE L\u2019\u00c9COLE (CAMEROUN)<\/title>\n<meta name=\"description\" content=\"L&#039;objectif des Cantines scolaires est d&#039;atteindre un meilleur d\u00e9veloppement intellectuel et physique des enfants, filles et gar\u00e7ons, dont l\u2019\u00e2ge va de 6 \u00e0 14 ans et qui fr\u00e9quentent nos \u00e9coles. Avec le compl\u00e9ment nutritionnel qui leur est apport\u00e9 cinq fois par semaine, on obtient un taux de scolarisation plus \u00e9lev\u00e9 et un meilleur rendement scolaire.\u2026\" \/>\n<meta name=\"robots\" content=\"index, follow, max-snippet:-1, max-image-preview:large, max-video-preview:-1\" \/>\n<link rel=\"canonical\" href=\"http:\/\/L'objectif%20des%20Cantines%20scolaires%20est%20d'atteindre%20un%20meilleur%20d\u00e9veloppement%20intellectuel%20et%20physique%20des%20enfants,%20filles%20et%20gar\u00e7ons,%20dont%20l\u2019\u00e2ge%20va%20de%206%20\u00e0%2014%20ans%20et%20qui%20fr\u00e9quentent%20nos%20\u00e9coles.%20Avec%20le%20compl\u00e9ment%20nutritionnel%20qui%20leur%20est%20apport\u00e9%20cinq%20fois%20par%20semaine,%20on%20obtient%20un%20taux%20de%20scolarisation%20plus%20\u00e9lev\u00e9%20et%20un%20meilleur%20rendement%20scolaire.\u2026\" \/>\n<meta property=\"og:locale\" content=\"fr_FR\" \/>\n<meta property=\"og:type\" content=\"article\" \/>\n<meta property=\"og:title\" content=\"CANTINE DE L\u2019\u00c9COLE (CAMEROUN)\" \/>\n<meta property=\"og:description\" content=\"L&#039;objectif des Cantines scolaires est d&#039;atteindre un meilleur d\u00e9veloppement intellectuel et physique des enfants, filles et gar\u00e7ons, dont l\u2019\u00e2ge va de 6 \u00e0 14 ans et qui fr\u00e9quentent nos \u00e9coles. Avec le compl\u00e9ment nutritionnel qui leur est apport\u00e9 cinq fois par semaine, on obtient un taux de scolarisation plus \u00e9lev\u00e9 et un meilleur rendement scolaire.\u2026\" \/>\n<meta property=\"og:url\" content=\"https:\/\/www.itakaescolapios.org\/fr\/que-faisons-nous\/comedores-infantiles\/comedor-de-la-escuela-de-bafia-camerun\/\" \/>\n<meta property=\"og:site_name\" content=\"Itaka-Escolapios\" \/>\n<meta property=\"article:modified_time\" content=\"2023-11-28T11:39:47+00:00\" \/>\n<meta property=\"og:image\" content=\"https:\/\/www.itakaescolapios.org\/wp-content\/uploads\/2012\/06\/Comedores-Infantiles-Bafia-1-Camer\u00fan.jpg\" \/>\n\t<meta property=\"og:image:width\" content=\"1200\" \/>\n\t<meta property=\"og:image:height\" content=\"900\" \/>\n\t<meta property=\"og:image:type\" content=\"image\/jpeg\" \/>\n<meta name=\"twitter:card\" content=\"summary_large_image\" \/>\n<script type=\"application\/ld+json\" class=\"yoast-schema-graph\">{\"@context\":\"https:\\\/\\\/schema.org\",\"@graph\":[{\"@type\":\"WebPage\",\"@id\":\"https:\\\/\\\/www.itakaescolapios.org\\\/fr\\\/que-faisons-nous\\\/comedores-infantiles\\\/comedor-de-la-escuela-de-bafia-camerun\\\/\",\"url\":\"https:\\\/\\\/www.itakaescolapios.org\\\/fr\\\/que-faisons-nous\\\/comedores-infantiles\\\/comedor-de-la-escuela-de-bafia-camerun\\\/\",\"name\":\"Comedores de las escuelas de primaria (Camer\u00fan) - Itaka-Escolapios\",\"isPartOf\":{\"@id\":\"https:\\\/\\\/www.itakaescolapios.org\\\/es\\\/#website\"},\"primaryImageOfPage\":{\"@id\":\"https:\\\/\\\/www.itakaescolapios.org\\\/fr\\\/que-faisons-nous\\\/comedores-infantiles\\\/comedor-de-la-escuela-de-bafia-camerun\\\/#primaryimage\"},\"image\":{\"@id\":\"https:\\\/\\\/www.itakaescolapios.org\\\/fr\\\/que-faisons-nous\\\/comedores-infantiles\\\/comedor-de-la-escuela-de-bafia-camerun\\\/#primaryimage\"},\"thumbnailUrl\":\"https:\\\/\\\/www.itakaescolapios.org\\\/wp-content\\\/uploads\\\/2012\\\/06\\\/Comedores-Infantiles-Bafia-1-Camer\u00fan.jpg\",\"datePublished\":\"2012-06-01T11:51:59+00:00\",\"dateModified\":\"2023-11-28T11:39:47+00:00\",\"breadcrumb\":{\"@id\":\"https:\\\/\\\/www.itakaescolapios.org\\\/fr\\\/que-faisons-nous\\\/comedores-infantiles\\\/comedor-de-la-escuela-de-bafia-camerun\\\/#breadcrumb\"},\"inLanguage\":\"fr-FR\",\"potentialAction\":[{\"@type\":\"ReadAction\",\"target\":[\"https:\\\/\\\/www.itakaescolapios.org\\\/fr\\\/que-faisons-nous\\\/comedores-infantiles\\\/comedor-de-la-escuela-de-bafia-camerun\\\/\"]}]},{\"@type\":\"ImageObject\",\"inLanguage\":\"fr-FR\",\"@id\":\"https:\\\/\\\/www.itakaescolapios.org\\\/fr\\\/que-faisons-nous\\\/comedores-infantiles\\\/comedor-de-la-escuela-de-bafia-camerun\\\/#primaryimage\",\"url\":\"https:\\\/\\\/www.itakaescolapios.org\\\/wp-content\\\/uploads\\\/2012\\\/06\\\/Comedores-Infantiles-Bafia-1-Camer\u00fan.jpg\",\"contentUrl\":\"https:\\\/\\\/www.itakaescolapios.org\\\/wp-content\\\/uploads\\\/2012\\\/06\\\/Comedores-Infantiles-Bafia-1-Camer\u00fan.jpg\",\"width\":\"1200\",\"height\":\"900\"},{\"@type\":\"BreadcrumbList\",\"@id\":\"https:\\\/\\\/www.itakaescolapios.org\\\/fr\\\/que-faisons-nous\\\/comedores-infantiles\\\/comedor-de-la-escuela-de-bafia-camerun\\\/#breadcrumb\",\"itemListElement\":[{\"@type\":\"ListItem\",\"position\":1,\"name\":\"Itaka-Escolapios\",\"item\":\"https:\\\/\\\/www.itakaescolapios.org\\\/es\\\/\"},{\"@type\":\"ListItem\",\"position\":2,\"name\":\"Que faisons-nous\",\"item\":\"https:\\\/\\\/www.itakaescolapios.org\\\/es\\\/que-hacemos\\\/\"},{\"@type\":\"ListItem\",\"position\":3,\"name\":\"CANTINES\",\"item\":\"https:\\\/\\\/www.itakaescolapios.org\\\/es\\\/que-hacemos\\\/comedores-infantiles\\\/\"},{\"@type\":\"ListItem\",\"position\":4,\"name\":\"CANTINE DE L\u2019\u00c9COLE (CAMEROUN)\"}]},{\"@type\":\"WebSite\",\"@id\":\"https:\\\/\\\/www.itakaescolapios.org\\\/fr\\\/es\\\/#website\",\"url\":\"https:\\\/\\\/www.itakaescolapios.org\\\/fr\\\/es\\\/\",\"name\":\"Itaka-Escolapios\",\"description\":\"Red de Itaka-Escolapios\",\"publisher\":{\"@id\":\"https:\\\/\\\/www.itakaescolapios.org\\\/fr\\\/es\\\/#organization\"},\"potentialAction\":[{\"@type\":\"SearchAction\",\"target\":{\"@type\":\"EntryPoint\",\"urlTemplate\":\"https:\\\/\\\/www.itakaescolapios.org\\\/fr\\\/es\\\/?s={search_term_string}\"},\"query-input\":{\"@type\":\"PropertyValueSpecification\",\"valueRequired\":true,\"valueName\":\"search_term_string\"}}],\"inLanguage\":\"fr-FR\"},{\"@type\":\"Organization\",\"@id\":\"https:\\\/\\\/www.itakaescolapios.org\\\/fr\\\/es\\\/#organization\",\"name\":\"Fundaci\u00f3 Itaka-Escolapios\",\"url\":\"https:\\\/\\\/www.itakaescolapios.org\\\/fr\\\/es\\\/\",\"logo\":{\"@type\":\"ImageObject\",\"inLanguage\":\"fr-FR\",\"@id\":\"https:\\\/\\\/www.itakaescolapios.org\\\/fr\\\/es\\\/#\\\/schema\\\/logo\\\/image\\\/\",\"url\":\"https:\\\/\\\/www.itakaescolapios.org\\\/wp-content\\\/uploads\\\/2024\\\/04\\\/Logo-itakaescolapios-peque.png\",\"contentUrl\":\"https:\\\/\\\/www.itakaescolapios.org\\\/wp-content\\\/uploads\\\/2024\\\/04\\\/Logo-itakaescolapios-peque.png\",\"width\":500,\"height\":199,\"caption\":\"Fundaci\u00f3 Itaka-Escolapios\"},\"image\":{\"@id\":\"https:\\\/\\\/www.itakaescolapios.org\\\/fr\\\/es\\\/#\\\/schema\\\/logo\\\/image\\\/\"}}]}<\/script>\n<!-- \/ Yoast SEO plugin. -->","yoast_head_json":{"title":"CANTINE DE L\u2019\u00c9COLE (CAMEROUN)","description":"L'objectif des Cantines scolaires est d'atteindre un meilleur d\u00e9veloppement intellectuel et physique des enfants, filles et gar\u00e7ons, dont l\u2019\u00e2ge va de 6 \u00e0 14 ans et qui fr\u00e9quentent nos \u00e9coles. Avec le compl\u00e9ment nutritionnel qui leur est apport\u00e9 cinq fois par semaine, on obtient un taux de scolarisation plus \u00e9lev\u00e9 et un meilleur rendement scolaire.\u2026","robots":{"index":"index","follow":"follow","max-snippet":"max-snippet:-1","max-image-preview":"max-image-preview:large","max-video-preview":"max-video-preview:-1"},"canonical":"L'objectif des Cantines scolaires est d'atteindre un meilleur d\u00e9veloppement intellectuel et physique des enfants, filles et gar\u00e7ons, dont l\u2019\u00e2ge va de 6 \u00e0 14 ans et qui fr\u00e9quentent nos \u00e9coles. Avec le compl\u00e9ment nutritionnel qui leur est apport\u00e9 cinq fois par semaine, on obtient un taux de scolarisation plus \u00e9lev\u00e9 et un meilleur rendement scolaire.\u2026","og_locale":"fr_FR","og_type":"article","og_title":"CANTINE DE L\u2019\u00c9COLE (CAMEROUN)","og_description":"L'objectif des Cantines scolaires est d'atteindre un meilleur d\u00e9veloppement intellectuel et physique des enfants, filles et gar\u00e7ons, dont l\u2019\u00e2ge va de 6 \u00e0 14 ans et qui fr\u00e9quentent nos \u00e9coles. Avec le compl\u00e9ment nutritionnel qui leur est apport\u00e9 cinq fois par semaine, on obtient un taux de scolarisation plus \u00e9lev\u00e9 et un meilleur rendement scolaire.\u2026","og_url":"https:\/\/www.itakaescolapios.org\/fr\/que-faisons-nous\/comedores-infantiles\/comedor-de-la-escuela-de-bafia-camerun\/","og_site_name":"Itaka-Escolapios","article_modified_time":"2023-11-28T11:39:47+00:00","og_image":[{"width":1200,"height":900,"url":"https:\/\/www.itakaescolapios.org\/wp-content\/uploads\/2012\/06\/Comedores-Infantiles-Bafia-1-Camer\u00fan.jpg","type":"image\/jpeg"}],"twitter_card":"summary_large_image","schema":{"@context":"https:\/\/schema.org","@graph":[{"@type":"WebPage","@id":"https:\/\/www.itakaescolapios.org\/fr\/que-faisons-nous\/comedores-infantiles\/comedor-de-la-escuela-de-bafia-camerun\/","url":"https:\/\/www.itakaescolapios.org\/fr\/que-faisons-nous\/comedores-infantiles\/comedor-de-la-escuela-de-bafia-camerun\/","name":"Comedores de las escuelas de primaria (Camer\u00fan) - Itaka-Escolapios","isPartOf":{"@id":"https:\/\/www.itakaescolapios.org\/es\/#website"},"primaryImageOfPage":{"@id":"https:\/\/www.itakaescolapios.org\/fr\/que-faisons-nous\/comedores-infantiles\/comedor-de-la-escuela-de-bafia-camerun\/#primaryimage"},"image":{"@id":"https:\/\/www.itakaescolapios.org\/fr\/que-faisons-nous\/comedores-infantiles\/comedor-de-la-escuela-de-bafia-camerun\/#primaryimage"},"thumbnailUrl":"https:\/\/www.itakaescolapios.org\/wp-content\/uploads\/2012\/06\/Comedores-Infantiles-Bafia-1-Camer\u00fan.jpg","datePublished":"2012-06-01T11:51:59+00:00","dateModified":"2023-11-28T11:39:47+00:00","breadcrumb":{"@id":"https:\/\/www.itakaescolapios.org\/fr\/que-faisons-nous\/comedores-infantiles\/comedor-de-la-escuela-de-bafia-camerun\/#breadcrumb"},"inLanguage":"fr-FR","potentialAction":[{"@type":"ReadAction","target":["https:\/\/www.itakaescolapios.org\/fr\/que-faisons-nous\/comedores-infantiles\/comedor-de-la-escuela-de-bafia-camerun\/"]}]},{"@type":"ImageObject","inLanguage":"fr-FR","@id":"https:\/\/www.itakaescolapios.org\/fr\/que-faisons-nous\/comedores-infantiles\/comedor-de-la-escuela-de-bafia-camerun\/#primaryimage","url":"https:\/\/www.itakaescolapios.org\/wp-content\/uploads\/2012\/06\/Comedores-Infantiles-Bafia-1-Camer\u00fan.jpg","contentUrl":"https:\/\/www.itakaescolapios.org\/wp-content\/uploads\/2012\/06\/Comedores-Infantiles-Bafia-1-Camer\u00fan.jpg","width":"1200","height":"900"},{"@type":"BreadcrumbList","@id":"https:\/\/www.itakaescolapios.org\/fr\/que-faisons-nous\/comedores-infantiles\/comedor-de-la-escuela-de-bafia-camerun\/#breadcrumb","itemListElement":[{"@type":"ListItem","position":1,"name":"Itaka-Escolapios","item":"https:\/\/www.itakaescolapios.org\/es\/"},{"@type":"ListItem","position":2,"name":"Que faisons-nous","item":"https:\/\/www.itakaescolapios.org\/es\/que-hacemos\/"},{"@type":"ListItem","position":3,"name":"CANTINES","item":"https:\/\/www.itakaescolapios.org\/es\/que-hacemos\/comedores-infantiles\/"},{"@type":"ListItem","position":4,"name":"CANTINE DE L\u2019\u00c9COLE (CAMEROUN)"}]},{"@type":"WebSite","@id":"https:\/\/www.itakaescolapios.org\/fr\/es\/#website","url":"https:\/\/www.itakaescolapios.org\/fr\/es\/","name":"Itaka-Escolapios","description":"Red de Itaka-Escolapios","publisher":{"@id":"https:\/\/www.itakaescolapios.org\/fr\/es\/#organization"},"potentialAction":[{"@type":"SearchAction","target":{"@type":"EntryPoint","urlTemplate":"https:\/\/www.itakaescolapios.org\/fr\/es\/?s={search_term_string}"},"query-input":{"@type":"PropertyValueSpecification","valueRequired":true,"valueName":"search_term_string"}}],"inLanguage":"fr-FR"},{"@type":"Organization","@id":"https:\/\/www.itakaescolapios.org\/fr\/es\/#organization","name":"Fundaci\u00f3 Itaka-Escolapios","url":"https:\/\/www.itakaescolapios.org\/fr\/es\/","logo":{"@type":"ImageObject","inLanguage":"fr-FR","@id":"https:\/\/www.itakaescolapios.org\/fr\/es\/#\/schema\/logo\/image\/","url":"https:\/\/www.itakaescolapios.org\/wp-content\/uploads\/2024\/04\/Logo-itakaescolapios-peque.png","contentUrl":"https:\/\/www.itakaescolapios.org\/wp-content\/uploads\/2024\/04\/Logo-itakaescolapios-peque.png","width":500,"height":199,"caption":"Fundaci\u00f3 Itaka-Escolapios"},"image":{"@id":"https:\/\/www.itakaescolapios.org\/fr\/es\/#\/schema\/logo\/image\/"}}]}},"_links":{"self":[{"href":"https:\/\/www.itakaescolapios.org\/fr\/wp-json\/wp\/v2\/pages\/316","targetHints":{"allow":["GET"]}}],"collection":[{"href":"https:\/\/www.itakaescolapios.org\/fr\/wp-json\/wp\/v2\/pages"}],"about":[{"href":"https:\/\/www.itakaescolapios.org\/fr\/wp-json\/wp\/v2\/types\/page"}],"author":[{"embeddable":true,"href":"https:\/\/www.itakaescolapios.org\/fr\/wp-json\/wp\/v2\/users\/1"}],"replies":[{"embeddable":true,"href":"https:\/\/www.itakaescolapios.org\/fr\/wp-json\/wp\/v2\/comments?post=316"}],"version-history":[{"count":16,"href":"https:\/\/www.itakaescolapios.org\/fr\/wp-json\/wp\/v2\/pages\/316\/revisions"}],"predecessor-version":[{"id":50256,"href":"https:\/\/www.itakaescolapios.org\/fr\/wp-json\/wp\/v2\/pages\/316\/revisions\/50256"}],"up":[{"embeddable":true,"href":"https:\/\/www.itakaescolapios.org\/fr\/wp-json\/wp\/v2\/pages\/87"}],"wp:featuredmedia":[{"embeddable":true,"href":"https:\/\/www.itakaescolapios.org\/fr\/wp-json\/wp\/v2\/media\/1460"}],"wp:attachment":[{"href":"https:\/\/www.itakaescolapios.org\/fr\/wp-json\/wp\/v2\/media?parent=316"}],"curies":[{"name":"wp","href":"https:\/\/api.w.org\/{rel}","templated":true}]}}