{"id":324920,"date":"2025-03-06T09:21:15","date_gmt":"2025-03-06T08:21:15","guid":{"rendered":"https:\/\/www.itakaescolapios.org\/?page_id=324920"},"modified":"2025-03-07T18:11:10","modified_gmt":"2025-03-07T17:11:10","slug":"suscribete","status":"publish","type":"page","link":"https:\/\/www.itakaescolapios.org\/fr\/abonnez-vous-maintenant\/","title":{"rendered":"Abonnez-vous maintenant"},"content":{"rendered":"<p>[et_pb_section fb_built=\u00a0\u00bb1&Prime; custom_padding_last_edited=\u00a0\u00bbon|phone\u00a0\u00bb _builder_version=\u00a0\u00bb4.27.4&Prime; _module_preset=\u00a0\u00bbdefault\u00a0\u00bb custom_margin=\u00a0\u00bb0px||||false|false\u00a0\u00bb custom_margin_tablet=\u00a0\u00bb0px||||false|false\u00a0\u00bb custom_margin_phone=\u00a0\u00bb0px||0px||false|false\u00a0\u00bb custom_margin_last_edited=\u00a0\u00bbon|phone\u00a0\u00bb custom_padding=\u00a0\u00bb0px||||false|false\u00a0\u00bb custom_padding_tablet=\u00a0\u00bb0px||||false|false\u00a0\u00bb custom_padding_phone=\u00a0\u00bb0px||0px||false|false\u00a0\u00bb da_disable_devices=\u00a0\u00bboff|off|off\u00a0\u00bb collapsed=\u00a0\u00bboff\u00a0\u00bb global_colors_info=\u00a0\u00bb{}\u00a0\u00bb da_is_popup=\u00a0\u00bboff\u00a0\u00bb da_exit_intent=\u00a0\u00bboff\u00a0\u00bb da_has_close=\u00a0\u00bbon\u00a0\u00bb da_alt_close=\u00a0\u00bboff\u00a0\u00bb da_dark_close=\u00a0\u00bboff\u00a0\u00bb da_not_modal=\u00a0\u00bbon\u00a0\u00bb da_is_singular=\u00a0\u00bboff\u00a0\u00bb da_with_loader=\u00a0\u00bboff\u00a0\u00bb da_has_shadow=\u00a0\u00bbon\u00a0\u00bb][et_pb_row _builder_version=\u00a0\u00bb4.27.4&Prime; _module_preset=\u00a0\u00bbdefault\u00a0\u00bb width=\u00a0\u00bb100%\u00a0\u00bb max_width=\u00a0\u00bb3333px\u00a0\u00bb module_alignment=\u00a0\u00bbcenter\u00a0\u00bb custom_margin=\u00a0\u00bb0px||||false|false\u00a0\u00bb custom_padding=\u00a0\u00bb0px||||false|false\u00a0\u00bb global_colors_info=\u00a0\u00bb{}\u00a0\u00bb][et_pb_column type=\u00a0\u00bb4_4&Prime; _builder_version=\u00a0\u00bb4.27.4&Prime; _module_preset=\u00a0\u00bbdefault\u00a0\u00bb global_colors_info=\u00a0\u00bb{}\u00a0\u00bb][et_pb_image src=\u00a0\u00bbhttps:\/\/www.itakaescolapios.org\/wp-content\/uploads\/2025\/03\/newsletter.jpg\u00a0\u00bb title_text=\u00a0\u00bbItaka-Escolapios informaci\u00f3n\u00a0\u00bb align=\u00a0\u00bbcenter\u00a0\u00bb admin_label=\u00a0\u00bbIMAGEN CABECERA\u00a0\u00bb _builder_version=\u00a0\u00bb4.27.4&Prime; _module_preset=\u00a0\u00bbdefault\u00a0\u00bb global_colors_info=\u00a0\u00bb{}\u00a0\u00bb][\/et_pb_image][\/et_pb_column][\/et_pb_row][et_pb_row _builder_version=\u00a0\u00bb4.27.4&Prime; _module_preset=\u00a0\u00bbdefault\u00a0\u00bb max_width=\u00a0\u00bb3333px\u00a0\u00bb global_colors_info=\u00a0\u00bb{}\u00a0\u00bb][et_pb_column type=\u00a0\u00bb4_4&Prime; _builder_version=\u00a0\u00bb4.27.4&Prime; _module_preset=\u00a0\u00bbdefault\u00a0\u00bb global_colors_info=\u00a0\u00bb{}\u00a0\u00bb][et_pb_text admin_label=\u00a0\u00bbT\u00cdTULO\u00a0\u00bb _builder_version=\u00a0\u00bb4.27.4&Prime; _module_preset=\u00a0\u00bbdefault\u00a0\u00bb header_font=\u00a0\u00bbTitulo Itaka-Escolapios|700|||||||\u00a0\u00bb header_text_color=\u00a0\u00bbgcid-cca90ba6-297c-4d63-9e2c-8201011ef870&Prime; header_font_size=\u00a0\u00bb55px\u00a0\u00bb header_2_font=\u00a0\u00bbTitulo Itaka-Escolapios|700|||||||\u00a0\u00bb header_2_text_color=\u00a0\u00bbgcid-cca90ba6-297c-4d63-9e2c-8201011ef870&Prime; header_2_font_size=\u00a0\u00bb35px\u00a0\u00bb custom_margin=\u00a0\u00bb||20px||false|false\u00a0\u00bb custom_margin_tablet=\u00a0\u00bb||20px||false|false\u00a0\u00bb custom_margin_phone=\u00a0\u00bb||20px||false|false\u00a0\u00bb custom_margin_last_edited=\u00a0\u00bbon|desktop\u00a0\u00bb header_font_size_tablet=\u00a0\u00bb55px\u00a0\u00bb header_font_size_phone=\u00a0\u00bb45px\u00a0\u00bb header_font_size_last_edited=\u00a0\u00bbon|phone\u00a0\u00bb content_en_us=\u00a0\u00bb<\/p>\n<h1>Do you want to receive information from Itaka-Escolapios on a regular basis?<\/h1>\n<h2>Subscribe<\/h2>\n<p>\u00a0\u00bb content_fr_fr=\u00a0\u00bb<\/p>\n<h1>Voulez-vous recevoir des informations d&rsquo;Itaka-Escolapios de mani\u00e8re r\u00e9guli\u00e8re ?<\/h1>\n<h2>Abonnez-vous<\/h2>\n<p>\u00a0\u00bb content_eu=\u00a0\u00bb<\/p>\n<h1>Itaka-Eskolapioetako informazioa aldizka jaso nahi al duzu?<\/h1>\n<h2>Harpidetu<\/h2>\n<p>\u00a0\u00bb content_ca=\u00a0\u00bb<\/p>\n<h1>Vols rebre informaci\u00f3 d&rsquo;Itaka-Escolapios de manera peri\u00f2dica?<\/h1>\n<h2>Subscriu-te<\/h2>\n<p>\u00a0\u00bb content_pt_br=\u00a0\u00bb<\/p>\n<h1>Quer receber informa\u00e7\u00f5es da Itaka-Escol\u00e1pios periodicamente?<\/h1>\n<h2>Assine<\/h2>\n<p>\u00a0\u00bb global_colors_info=\u00a0\u00bb{%22gcid-cca90ba6-297c-4d63-9e2c-8201011ef870%22:%91%22header_text_color%22,%22header_2_text_color%22%93}\u00a0\u00bb]<\/p>\n<h1>\u00bfQuieres recibir informaci\u00f3n de Itaka- Escolapios de manera peri\u00f3dica?<\/h1>\n<h2>Suscr\u00edbete<\/h2>\n<p>[\/et_pb_text][et_pb_text admin_label=\u00a0\u00bbDESCRIPCI\u00d3N\u00a0\u00bb _builder_version=\u00a0\u00bb4.27.4&Prime; _module_preset=\u00a0\u00bbdefault\u00a0\u00bb text_font=\u00a0\u00bbMerriweather||||||||\u00a0\u00bb text_text_color=\u00a0\u00bbgcid-cca90ba6-297c-4d63-9e2c-8201011ef870&Prime; text_font_size=\u00a0\u00bb24px\u00a0\u00bb width=\u00a0\u00bb100%\u00a0\u00bb module_alignment=\u00a0\u00bbcenter\u00a0\u00bb custom_padding=\u00a0\u00bb||0px|||\u00a0\u00bb text_font_size_tablet=\u00a0\u00bb16px\u00a0\u00bb text_font_size_phone=\u00a0\u00bb16px\u00a0\u00bb text_font_size_last_edited=\u00a0\u00bbon|desktop\u00a0\u00bb content_en_us=\u00a0\u00bb<\/p>\n<p>We will keep you informed about projects, updates, and other network news.<br \/>Sign up now to receive it!<\/p>\n<p>\u00a0\u00bb content_fr_fr=\u00a0\u00bb<\/p>\n<p>Nous vous tiendrons inform\u00e9s des projets, des nouveaut\u00e9s et d&rsquo;autres actualit\u00e9s du r\u00e9seau.<br \/>Inscrivez-vous d\u00e8s maintenant pour les recevoir !<\/p>\n<p>\u00a0\u00bb content_eu=\u00a0\u00bb<\/p>\n<p>Proiektuez, berrikuntzez eta sareko beste albistez informatzen jarraituko zaitugu.<br \/>Izen eman zaitez jaso ahal izateko!<\/p>\n<p>\u00a0\u00bb content_ca=\u00a0\u00bb<\/p>\n<p>Us anirem informant sobre projectes, novetats i altres not\u00edcies de la xarxa.<br \/>Apunta\u2019t ja per rebre-les!<\/p>\n<p>\u00a0\u00bb content_pt_br=\u00a0\u00bb<\/p>\n<p>Vamos mant\u00ea-lo informado sobre projetos, novidades e outras not\u00edcias da rede.<br \/>Inscreva-se j\u00e1 para receber!<\/p>\n<p>\u00a0\u00bb global_colors_info=\u00a0\u00bb{%22gcid-cca90ba6-297c-4d63-9e2c-8201011ef870%22:%91%22text_text_color%22%93}\u00a0\u00bb]<\/p>\n<p>Te iremos informando sobre proyectos, novedades y otras noticias de la red.<\/p>\n<p>\u00a1Ap\u00fantate ya para recibirla!<\/p>\n<p>[\/et_pb_text][et_pb_text _builder_version=\u00a0\u00bb4.27.4&Prime; _module_preset=\u00a0\u00bbdefault\u00a0\u00bb content_en_us=\u00a0\u00bb%91newsletter_form form=%222%22%93&Prime; content_fr_fr=\u00a0\u00bb%91newsletter_form form=%223%22%93&Prime; content_eu=\u00a0\u00bb%91newsletter_form form=%224%22%93&Prime; content_ca=\u00a0\u00bb%91newsletter_form form=%225%22%93&Prime; content_pt_br=\u00a0\u00bb%91newsletter_form form=%226%22%93&Prime; global_colors_info=\u00a0\u00bb{}\u00a0\u00bb]<div class=\"tnp tnp-subscription \">\r\n<form method=\"post\" action=\"https:\/\/pruebas.itakaescolapios.org\/wp-admin\/admin-ajax.php?action=tnp&na=s\">\r\n<input type=\"hidden\" name=\"nlang\" value=\"\">\r\n<div class=\"tnp-field tnp-field-firstname\"><label for=\"tnp-1\">Nombre<\/label>\r\n<input class=\"tnp-name\" type=\"text\" name=\"nn\" id=\"tnp-1\" value=\"\" placeholder=\"\" required><\/div>\r\n<div class=\"tnp-field tnp-field-email\"><label for=\"tnp-2\">Email<\/label>\r\n<input class=\"tnp-email\" type=\"email\" name=\"ne\" id=\"tnp-2\" value=\"\" placeholder=\"\" required><\/div>\r\n<div class=\"tnp-field tnp-field-profile\"><label for=\"tnp-3\">Idioma<\/label>\r\n<select class=\"tnp-profile tnp-profile-1\" id=\"tnp-profile_1\" name=\"np1\" required><option>English<\/option><option selected>Espa\u00f1ol<\/option><option>Euskera<\/option><option>Fran\u00e7ais<\/option><option>Portugu\u00eas<\/option><option>Valenci\u00e0<\/option><\/select>\r\n<\/div>\r\n<div class=\"tnp-field tnp-field-profile\"><label for=\"tnp-4\">Lugar de origen<\/label>\r\n<input class=\"tnp-profile tnp-profile-2\" id=\"tnp-profile_2\" type=\"text\" size=\"\" name=\"np2\" placeholder=\"\" required><\/div>\r\n<div class=\"tnp-field tnp-lists\" style=\"display:none;\"><div class=\"tnp-field tnp-field-checkbox tnp-field-list\"><label for=\"nl6\"><input type=\"checkbox\" id=\"nl6\" checked name=\"nl[]\" value=\"3\"> A trav\u00e9s de la web<\/label><\/div>\r\n<\/div><div class=\"tnp-field tnp-privacy-field\"><label><input type=\"checkbox\" name=\"ny\" required class=\"tnp-privacy\"> Si contin\u00faas, aceptas la <a target=\"_blank\" href=\"https:\/\/www.itakaescolapios.org\/politica-de-privacidad\/\">pol\u00edtica de privacidad<\/a><\/label><\/div><div class=\"tnp-field tnp-field-button\" style=\"text-align: center;\"><input class=\"tnp-submit\" style=\"background-color:#00928c;cursor:pointer;\" type=\"submit\" value=\"Suscribirse\" style=\"\">\r\n<\/div>\r\n<\/form>\r\n<\/div><input type=\"hidden\" name=\"nlang\" value=\"\">\n[\/et_pb_text][\/et_pb_column][\/et_pb_row][\/et_pb_section]<\/p>\n","protected":false},"excerpt":{"rendered":"<p>\u00bfQuieres recibir informaci\u00f3n de Itaka- Escolapios de manera peri\u00f3dica? Suscr\u00edbeteTe iremos informando sobre proyectos, novedades y otras noticias de la red. \u00a1Ap\u00fantate ya para recibirla!<div class=\"tnp tnp-subscription \">\r\n<form method=\"post\" action=\"https:\/\/pruebas.itakaescolapios.org\/wp-admin\/admin-ajax.php?action=tnp&na=s\">\r\n<input type=\"hidden\" name=\"nlang\" value=\"\">\r\n<div class=\"tnp-field tnp-field-firstname\"><label for=\"tnp-1\">Nombre<\/label>\r\n<input class=\"tnp-name\" type=\"text\" name=\"nn\" id=\"tnp-1\" value=\"\" placeholder=\"\" required><\/div>\r\n<div class=\"tnp-field tnp-field-email\"><label for=\"tnp-2\">Email<\/label>\r\n<input class=\"tnp-email\" type=\"email\" name=\"ne\" id=\"tnp-2\" value=\"\" placeholder=\"\" required><\/div>\r\n<div class=\"tnp-field tnp-field-profile\"><label for=\"tnp-3\">Idioma<\/label>\r\n<select class=\"tnp-profile tnp-profile-1\" id=\"tnp-profile_1\" name=\"np1\" required><option>English<\/option><option selected>Espa\u00f1ol<\/option><option>Euskera<\/option><option>Fran\u00e7ais<\/option><option>Portugu\u00eas<\/option><option>Valenci\u00e0<\/option><\/select>\r\n<\/div>\r\n<div class=\"tnp-field tnp-field-profile\"><label for=\"tnp-4\">Lugar de origen<\/label>\r\n<input class=\"tnp-profile tnp-profile-2\" id=\"tnp-profile_2\" type=\"text\" size=\"\" name=\"np2\" placeholder=\"\" required><\/div>\r\n<div class=\"tnp-field tnp-lists\" style=\"display:none;\"><div class=\"tnp-field tnp-field-checkbox tnp-field-list\"><label for=\"nl6\"><input type=\"checkbox\" id=\"nl6\" checked name=\"nl[]\" value=\"3\"> A trav\u00e9s de la web<\/label><\/div>\r\n<\/div><div class=\"tnp-field tnp-privacy-field\"><label><input type=\"checkbox\" name=\"ny\" required class=\"tnp-privacy\"> Si contin\u00faas, aceptas la <a target=\"_blank\" href=\"https:\/\/www.itakaescolapios.org\/politica-de-privacidad\/\">pol\u00edtica de privacidad<\/a><\/label><\/div><div class=\"tnp-field tnp-field-button\" style=\"text-align: center;\"><input class=\"tnp-submit\" style=\"background-color:#00928c;cursor:pointer;\" type=\"submit\" value=\"Suscribirse\" style=\"\">\r\n<\/div>\r\n<\/form>\r\n<\/div><input type=\"hidden\" name=\"nlang\" value=\"\">\n<\/p>\n","protected":false},"author":62,"featured_media":0,"parent":0,"menu_order":0,"comment_status":"closed","ping_status":"closed","template":"","meta":{"_et_pb_use_builder":"on","_et_pb_old_content":"","_et_gb_content_width":"","footnotes":""},"class_list":["post-324920","page","type-page","status-publish","hentry"],"yoast_head":"<!-- This site is optimized with the Yoast SEO plugin v27.4 - https:\/\/yoast.com\/product\/yoast-seo-wordpress\/ -->\n<title>Abonnez-vous maintenant<\/title>\n<meta name=\"robots\" content=\"index, follow, max-snippet:-1, max-image-preview:large, max-video-preview:-1\" \/>\n<meta property=\"og:locale\" content=\"fr_FR\" \/>\n<meta property=\"og:type\" content=\"article\" \/>\n<meta property=\"og:title\" content=\"Abonnez-vous maintenant\" \/>\n<meta property=\"og:url\" content=\"https:\/\/www.itakaescolapios.org\/fr\/abonnez-vous-maintenant\/\" \/>\n<meta property=\"og:site_name\" content=\"Itaka-Escolapios\" \/>\n<meta property=\"article:modified_time\" content=\"2025-03-07T17:11:10+00:00\" \/>\n<meta name=\"twitter:card\" content=\"summary_large_image\" \/>\n<meta name=\"twitter:label1\" content=\"Dur\u00e9e de lecture estim\u00e9e\" \/>\n\t<meta name=\"twitter:data1\" content=\"3 minutes\" \/>\n<script type=\"application\/ld+json\" class=\"yoast-schema-graph\">{\"@context\":\"https:\\\/\\\/schema.org\",\"@graph\":[{\"@type\":\"WebPage\",\"@id\":\"https:\\\/\\\/www.itakaescolapios.org\\\/fr\\\/abonnez-vous-maintenant\\\/\",\"url\":\"https:\\\/\\\/www.itakaescolapios.org\\\/fr\\\/abonnez-vous-maintenant\\\/\",\"name\":\"Suscr\u00edbete - Itaka-Escolapios\",\"isPartOf\":{\"@id\":\"https:\\\/\\\/www.itakaescolapios.org\\\/es\\\/#website\"},\"datePublished\":\"2025-03-06T08:21:15+00:00\",\"dateModified\":\"2025-03-07T17:11:10+00:00\",\"breadcrumb\":{\"@id\":\"https:\\\/\\\/www.itakaescolapios.org\\\/fr\\\/abonnez-vous-maintenant\\\/#breadcrumb\"},\"inLanguage\":\"fr-FR\",\"potentialAction\":[{\"@type\":\"ReadAction\",\"target\":[\"https:\\\/\\\/www.itakaescolapios.org\\\/fr\\\/abonnez-vous-maintenant\\\/\"]}]},{\"@type\":\"BreadcrumbList\",\"@id\":\"https:\\\/\\\/www.itakaescolapios.org\\\/fr\\\/abonnez-vous-maintenant\\\/#breadcrumb\",\"itemListElement\":[{\"@type\":\"ListItem\",\"position\":1,\"name\":\"Itaka-Escolapios\",\"item\":\"https:\\\/\\\/www.itakaescolapios.org\\\/es\\\/\"},{\"@type\":\"ListItem\",\"position\":2,\"name\":\"Abonnez-vous maintenant\"}]},{\"@type\":\"WebSite\",\"@id\":\"https:\\\/\\\/www.itakaescolapios.org\\\/fr\\\/es\\\/#website\",\"url\":\"https:\\\/\\\/www.itakaescolapios.org\\\/fr\\\/es\\\/\",\"name\":\"Itaka-Escolapios\",\"description\":\"Red de Itaka-Escolapios\",\"publisher\":{\"@id\":\"https:\\\/\\\/www.itakaescolapios.org\\\/fr\\\/es\\\/#organization\"},\"potentialAction\":[{\"@type\":\"SearchAction\",\"target\":{\"@type\":\"EntryPoint\",\"urlTemplate\":\"https:\\\/\\\/www.itakaescolapios.org\\\/fr\\\/es\\\/?s={search_term_string}\"},\"query-input\":{\"@type\":\"PropertyValueSpecification\",\"valueRequired\":true,\"valueName\":\"search_term_string\"}}],\"inLanguage\":\"fr-FR\"},{\"@type\":\"Organization\",\"@id\":\"https:\\\/\\\/www.itakaescolapios.org\\\/fr\\\/es\\\/#organization\",\"name\":\"Fundaci\u00f3 Itaka-Escolapios\",\"url\":\"https:\\\/\\\/www.itakaescolapios.org\\\/fr\\\/es\\\/\",\"logo\":{\"@type\":\"ImageObject\",\"inLanguage\":\"fr-FR\",\"@id\":\"https:\\\/\\\/www.itakaescolapios.org\\\/fr\\\/es\\\/#\\\/schema\\\/logo\\\/image\\\/\",\"url\":\"https:\\\/\\\/www.itakaescolapios.org\\\/wp-content\\\/uploads\\\/2024\\\/04\\\/Logo-itakaescolapios-peque.png\",\"contentUrl\":\"https:\\\/\\\/www.itakaescolapios.org\\\/wp-content\\\/uploads\\\/2024\\\/04\\\/Logo-itakaescolapios-peque.png\",\"width\":500,\"height\":199,\"caption\":\"Fundaci\u00f3 Itaka-Escolapios\"},\"image\":{\"@id\":\"https:\\\/\\\/www.itakaescolapios.org\\\/fr\\\/es\\\/#\\\/schema\\\/logo\\\/image\\\/\"}}]}<\/script>\n<!-- \/ Yoast SEO plugin. -->","yoast_head_json":{"title":"Abonnez-vous maintenant","robots":{"index":"index","follow":"follow","max-snippet":"max-snippet:-1","max-image-preview":"max-image-preview:large","max-video-preview":"max-video-preview:-1"},"og_locale":"fr_FR","og_type":"article","og_title":"Abonnez-vous maintenant","og_url":"https:\/\/www.itakaescolapios.org\/fr\/abonnez-vous-maintenant\/","og_site_name":"Itaka-Escolapios","article_modified_time":"2025-03-07T17:11:10+00:00","twitter_card":"summary_large_image","twitter_misc":{"Dur\u00e9e de lecture estim\u00e9e":"3 minutes"},"schema":{"@context":"https:\/\/schema.org","@graph":[{"@type":"WebPage","@id":"https:\/\/www.itakaescolapios.org\/fr\/abonnez-vous-maintenant\/","url":"https:\/\/www.itakaescolapios.org\/fr\/abonnez-vous-maintenant\/","name":"Suscr\u00edbete - Itaka-Escolapios","isPartOf":{"@id":"https:\/\/www.itakaescolapios.org\/es\/#website"},"datePublished":"2025-03-06T08:21:15+00:00","dateModified":"2025-03-07T17:11:10+00:00","breadcrumb":{"@id":"https:\/\/www.itakaescolapios.org\/fr\/abonnez-vous-maintenant\/#breadcrumb"},"inLanguage":"fr-FR","potentialAction":[{"@type":"ReadAction","target":["https:\/\/www.itakaescolapios.org\/fr\/abonnez-vous-maintenant\/"]}]},{"@type":"BreadcrumbList","@id":"https:\/\/www.itakaescolapios.org\/fr\/abonnez-vous-maintenant\/#breadcrumb","itemListElement":[{"@type":"ListItem","position":1,"name":"Itaka-Escolapios","item":"https:\/\/www.itakaescolapios.org\/es\/"},{"@type":"ListItem","position":2,"name":"Abonnez-vous maintenant"}]},{"@type":"WebSite","@id":"https:\/\/www.itakaescolapios.org\/fr\/es\/#website","url":"https:\/\/www.itakaescolapios.org\/fr\/es\/","name":"Itaka-Escolapios","description":"Red de Itaka-Escolapios","publisher":{"@id":"https:\/\/www.itakaescolapios.org\/fr\/es\/#organization"},"potentialAction":[{"@type":"SearchAction","target":{"@type":"EntryPoint","urlTemplate":"https:\/\/www.itakaescolapios.org\/fr\/es\/?s={search_term_string}"},"query-input":{"@type":"PropertyValueSpecification","valueRequired":true,"valueName":"search_term_string"}}],"inLanguage":"fr-FR"},{"@type":"Organization","@id":"https:\/\/www.itakaescolapios.org\/fr\/es\/#organization","name":"Fundaci\u00f3 Itaka-Escolapios","url":"https:\/\/www.itakaescolapios.org\/fr\/es\/","logo":{"@type":"ImageObject","inLanguage":"fr-FR","@id":"https:\/\/www.itakaescolapios.org\/fr\/es\/#\/schema\/logo\/image\/","url":"https:\/\/www.itakaescolapios.org\/wp-content\/uploads\/2024\/04\/Logo-itakaescolapios-peque.png","contentUrl":"https:\/\/www.itakaescolapios.org\/wp-content\/uploads\/2024\/04\/Logo-itakaescolapios-peque.png","width":500,"height":199,"caption":"Fundaci\u00f3 Itaka-Escolapios"},"image":{"@id":"https:\/\/www.itakaescolapios.org\/fr\/es\/#\/schema\/logo\/image\/"}}]}},"_links":{"self":[{"href":"https:\/\/www.itakaescolapios.org\/fr\/wp-json\/wp\/v2\/pages\/324920","targetHints":{"allow":["GET"]}}],"collection":[{"href":"https:\/\/www.itakaescolapios.org\/fr\/wp-json\/wp\/v2\/pages"}],"about":[{"href":"https:\/\/www.itakaescolapios.org\/fr\/wp-json\/wp\/v2\/types\/page"}],"author":[{"embeddable":true,"href":"https:\/\/www.itakaescolapios.org\/fr\/wp-json\/wp\/v2\/users\/62"}],"replies":[{"embeddable":true,"href":"https:\/\/www.itakaescolapios.org\/fr\/wp-json\/wp\/v2\/comments?post=324920"}],"version-history":[{"count":7,"href":"https:\/\/www.itakaescolapios.org\/fr\/wp-json\/wp\/v2\/pages\/324920\/revisions"}],"predecessor-version":[{"id":324966,"href":"https:\/\/www.itakaescolapios.org\/fr\/wp-json\/wp\/v2\/pages\/324920\/revisions\/324966"}],"wp:attachment":[{"href":"https:\/\/www.itakaescolapios.org\/fr\/wp-json\/wp\/v2\/media?parent=324920"}],"curies":[{"name":"wp","href":"https:\/\/api.w.org\/{rel}","templated":true}]}}