{"id":389,"date":"2012-06-04T11:19:24","date_gmt":"2012-06-04T10:19:24","guid":{"rendered":"https:\/\/www.itakaescolapios.org\/?page_id=389"},"modified":"2023-11-28T12:39:46","modified_gmt":"2023-11-28T11:39:46","slug":"beregain-bilbao","status":"publish","type":"page","link":"https:\/\/www.itakaescolapios.org\/fr\/que-faisons-nous\/hogares\/beregain-bilbao\/","title":{"rendered":"BEREGAIN"},"content":{"rendered":"<p align=\"JUSTIFY\">Le Programme BEREGAIN s\u00b4occupe de la constitution d&rsquo;unit\u00e9s de cohabitation pour des jeunes femmes responsables de famille monoparentale, o\u00f9 est r\u00e9alis\u00e9 un travail individualis\u00e9 avec la jeune femme et son fils ou sa fille en vue de parvenir \u00e0 son int\u00e9gration professionnelle et sociale.<\/p>\n<p align=\"JUSTIFY\">Le programme a une convention avec la D\u00e9putation Florale de Bizkaia (depuis 2002) dans laquelle ses objectifs sont d\u00e9finis\u00a0:<\/p>\n<ul>\n<li>\n<p align=\"JUSTIFY\">R\u00e9pondre aux besoins fondamentaux du collectif familial (logement et pension, sant\u00e9, environnement s\u00fbr,\u2026)<\/p>\n<\/li>\n<li>\n<p align=\"JUSTIFY\">Offrir une attention socio-\u00e9ducative de caract\u00e8re global pour chacune des personnes membres de l&rsquo;entit\u00e9 familiale en prenant soin de l&rsquo;int\u00e9raction entre celles-ci. Pour y arriver, on se sert des ressources humaines et mat\u00e9rielles propres de la Fondation ainsi que les externes qui sont n\u00e9cessaires (garderie, \u00e9cole, acc\u00e8s \u00e0 des p\u00e9riodes de formation, prise en charge de besoins sp\u00e9ciaux,\u2026)<\/p>\n<\/li>\n<li>\n<p align=\"JUSTIFY\">Pr\u00e9parer les jeunes femmes \u00e0 une vie autonome (int\u00e9riorisation des mod\u00e8les ad\u00e9quats, utilisation d&rsquo;aptitudes personnelles, insertion professionnelle, projet social,\u2026)<\/p>\n<\/li>\n<li>\n<p align=\"JUSTIFY\">D\u00e9velopper des aptitudes de prise en charge des nouveau-n\u00e9s pour que ces jeunes femmes acqui\u00e8rent les capacit\u00e9s n\u00e9cessaires pour r\u00e9pondre de mani\u00e8re appropri\u00e9e aux besoins physiques et \u00e9motionnels de leurs enfants, en permettant l\u00b4\u00e9tablissement d\u00b4un lien ad\u00e9quat m\u00e8re-enfant.<\/p>\n<\/li>\n<li>\n<p align=\"JUSTIFY\">Offrir une orientation psychologique et p\u00e9dagogique en vue de renforcer le d\u00e9veloppement \u00e9motionnel et psychologique des m\u00e8res et des enfants.<\/p>\n<\/li>\n<li>\n<p align=\"JUSTIFY\">Fournir un service de suivi mobile aux usag\u00e8res du programme une fois qu\u00b4elle ont fini, pour les appuyer et les orienter dans leurs processus d&rsquo;\u00e9mancipation.<\/p>\n<\/li>\n<\/ul>\n<p align=\"JUSTIFY\">Le Programme Beregain dispose de deux espaces de cohabitation, chacun pouvant accueillir un maximum de quatre jeunes femmes, et cinq enfants. De cette mani\u00e8re, la possibilit\u00e9 qu\u2019une unit\u00e9 familiale comprenne plus d\u2019un enfant est envisag\u00e9e.<\/p>\n","protected":false},"excerpt":{"rendered":"<p>Le Programme BEREGAIN s\u00b4occupe de la constitution d&rsquo;unit\u00e9s de cohabitation pour des jeunes femmes responsables de famille monoparentale, o\u00f9 est r\u00e9alis\u00e9 un travail individualis\u00e9 avec la jeune femme et son [&hellip;]<\/p>\n","protected":false},"author":1,"featured_media":1276,"parent":91,"menu_order":2,"comment_status":"closed","ping_status":"closed","template":"","meta":{"_et_pb_use_builder":"","_et_pb_old_content":"","_et_gb_content_width":"","footnotes":""},"class_list":["post-389","page","type-page","status-publish","has-post-thumbnail","hentry"],"yoast_head":"<!-- This site is optimized with the Yoast SEO plugin v27.3 - https:\/\/yoast.com\/product\/yoast-seo-wordpress\/ -->\n<title>BEREGAIN<\/title>\n<meta name=\"description\" content=\"Le Programme BEREGAIN s\u00b4occupe de la constitution d&#039;unit\u00e9s de cohabitation pour des jeunes femmes responsables de famille monoparentale, o\u00f9 est r\u00e9alis\u00e9 un travail individualis\u00e9 avec la jeune femme et son fils ou sa fille en vue de parvenir \u00e0 son int\u00e9gration professionnelle et sociale. Le programme a une convention avec la D\u00e9putation Florale de Bizkaia\u2026\" \/>\n<meta name=\"robots\" content=\"index, follow, max-snippet:-1, max-image-preview:large, max-video-preview:-1\" \/>\n<link rel=\"canonical\" href=\"http:\/\/Le%20Programme%20BEREGAIN%20s\u00b4occupe%20de%20la%20constitution%20d'unit\u00e9s%20de%20cohabitation%20pour%20des%20jeunes%20femmes%20responsables%20de%20famille%20monoparentale,%20o\u00f9%20est%20r\u00e9alis\u00e9%20un%20travail%20individualis\u00e9%20avec%20la%20jeune%20femme%20et%20son%20fils%20ou%20sa%20fille%20en%20vue%20de%20parvenir%20\u00e0%20son%20int\u00e9gration%20professionnelle%20et%20sociale.%20Le%20programme%20a%20une%20convention%20avec%20la%20D\u00e9putation%20Florale%20de%20Bizkaia\u2026\" \/>\n<meta property=\"og:locale\" content=\"fr_FR\" \/>\n<meta property=\"og:type\" content=\"article\" \/>\n<meta property=\"og:title\" content=\"BEREGAIN\" \/>\n<meta property=\"og:description\" content=\"Le Programme BEREGAIN s\u00b4occupe de la constitution d&#039;unit\u00e9s de cohabitation pour des jeunes femmes responsables de famille monoparentale, o\u00f9 est r\u00e9alis\u00e9 un travail individualis\u00e9 avec la jeune femme et son fils ou sa fille en vue de parvenir \u00e0 son int\u00e9gration professionnelle et sociale. Le programme a une convention avec la D\u00e9putation Florale de Bizkaia\u2026\" \/>\n<meta property=\"og:url\" content=\"https:\/\/www.itakaescolapios.org\/fr\/que-faisons-nous\/hogares\/beregain-bilbao\/\" \/>\n<meta property=\"og:site_name\" content=\"Itaka-Escolapios\" \/>\n<meta property=\"article:modified_time\" content=\"2023-11-28T11:39:46+00:00\" \/>\n<meta property=\"og:image\" content=\"https:\/\/www.itakaescolapios.org\/wp-content\/uploads\/2012\/06\/Hogares-beregain-Bilbao-6.jpg\" \/>\n\t<meta property=\"og:image:width\" content=\"1125\" \/>\n\t<meta property=\"og:image:height\" content=\"1500\" \/>\n\t<meta property=\"og:image:type\" content=\"image\/jpeg\" \/>\n<meta name=\"twitter:card\" content=\"summary_large_image\" \/>\n<meta name=\"twitter:label1\" content=\"Dur\u00e9e de lecture estim\u00e9e\" \/>\n\t<meta name=\"twitter:data1\" content=\"2 minutes\" \/>\n<script type=\"application\/ld+json\" class=\"yoast-schema-graph\">{\"@context\":\"https:\\\/\\\/schema.org\",\"@graph\":[{\"@type\":\"WebPage\",\"@id\":\"https:\\\/\\\/www.itakaescolapios.org\\\/fr\\\/que-faisons-nous\\\/hogares\\\/beregain-bilbao\\\/\",\"url\":\"https:\\\/\\\/www.itakaescolapios.org\\\/fr\\\/que-faisons-nous\\\/hogares\\\/beregain-bilbao\\\/\",\"name\":\"Beregain - Itaka-Escolapios\",\"isPartOf\":{\"@id\":\"https:\\\/\\\/www.itakaescolapios.org\\\/es\\\/#website\"},\"primaryImageOfPage\":{\"@id\":\"https:\\\/\\\/www.itakaescolapios.org\\\/fr\\\/que-faisons-nous\\\/hogares\\\/beregain-bilbao\\\/#primaryimage\"},\"image\":{\"@id\":\"https:\\\/\\\/www.itakaescolapios.org\\\/fr\\\/que-faisons-nous\\\/hogares\\\/beregain-bilbao\\\/#primaryimage\"},\"thumbnailUrl\":\"https:\\\/\\\/www.itakaescolapios.org\\\/wp-content\\\/uploads\\\/2012\\\/06\\\/Hogares-beregain-Bilbao-6.jpg\",\"datePublished\":\"2012-06-04T10:19:24+00:00\",\"dateModified\":\"2023-11-28T11:39:46+00:00\",\"breadcrumb\":{\"@id\":\"https:\\\/\\\/www.itakaescolapios.org\\\/fr\\\/que-faisons-nous\\\/hogares\\\/beregain-bilbao\\\/#breadcrumb\"},\"inLanguage\":\"fr-FR\",\"potentialAction\":[{\"@type\":\"ReadAction\",\"target\":[\"https:\\\/\\\/www.itakaescolapios.org\\\/fr\\\/que-faisons-nous\\\/hogares\\\/beregain-bilbao\\\/\"]}]},{\"@type\":\"ImageObject\",\"inLanguage\":\"fr-FR\",\"@id\":\"https:\\\/\\\/www.itakaescolapios.org\\\/fr\\\/que-faisons-nous\\\/hogares\\\/beregain-bilbao\\\/#primaryimage\",\"url\":\"https:\\\/\\\/www.itakaescolapios.org\\\/wp-content\\\/uploads\\\/2012\\\/06\\\/Hogares-beregain-Bilbao-6.jpg\",\"contentUrl\":\"https:\\\/\\\/www.itakaescolapios.org\\\/wp-content\\\/uploads\\\/2012\\\/06\\\/Hogares-beregain-Bilbao-6.jpg\",\"width\":1125,\"height\":1500},{\"@type\":\"BreadcrumbList\",\"@id\":\"https:\\\/\\\/www.itakaescolapios.org\\\/fr\\\/que-faisons-nous\\\/hogares\\\/beregain-bilbao\\\/#breadcrumb\",\"itemListElement\":[{\"@type\":\"ListItem\",\"position\":1,\"name\":\"Itaka-Escolapios\",\"item\":\"https:\\\/\\\/www.itakaescolapios.org\\\/es\\\/\"},{\"@type\":\"ListItem\",\"position\":2,\"name\":\"Que faisons-nous\",\"item\":\"https:\\\/\\\/www.itakaescolapios.org\\\/es\\\/que-hacemos\\\/\"},{\"@type\":\"ListItem\",\"position\":3,\"name\":\"FOYERS\",\"item\":\"https:\\\/\\\/www.itakaescolapios.org\\\/es\\\/que-hacemos\\\/hogares\\\/\"},{\"@type\":\"ListItem\",\"position\":4,\"name\":\"BEREGAIN\"}]},{\"@type\":\"WebSite\",\"@id\":\"https:\\\/\\\/www.itakaescolapios.org\\\/fr\\\/es\\\/#website\",\"url\":\"https:\\\/\\\/www.itakaescolapios.org\\\/fr\\\/es\\\/\",\"name\":\"Itaka-Escolapios\",\"description\":\"Red de Itaka-Escolapios\",\"publisher\":{\"@id\":\"https:\\\/\\\/www.itakaescolapios.org\\\/fr\\\/es\\\/#organization\"},\"potentialAction\":[{\"@type\":\"SearchAction\",\"target\":{\"@type\":\"EntryPoint\",\"urlTemplate\":\"https:\\\/\\\/www.itakaescolapios.org\\\/fr\\\/es\\\/?s={search_term_string}\"},\"query-input\":{\"@type\":\"PropertyValueSpecification\",\"valueRequired\":true,\"valueName\":\"search_term_string\"}}],\"inLanguage\":\"fr-FR\"},{\"@type\":\"Organization\",\"@id\":\"https:\\\/\\\/www.itakaescolapios.org\\\/fr\\\/es\\\/#organization\",\"name\":\"Fundaci\u00f3 Itaka-Escolapios\",\"url\":\"https:\\\/\\\/www.itakaescolapios.org\\\/fr\\\/es\\\/\",\"logo\":{\"@type\":\"ImageObject\",\"inLanguage\":\"fr-FR\",\"@id\":\"https:\\\/\\\/www.itakaescolapios.org\\\/fr\\\/es\\\/#\\\/schema\\\/logo\\\/image\\\/\",\"url\":\"https:\\\/\\\/www.itakaescolapios.org\\\/wp-content\\\/uploads\\\/2024\\\/04\\\/Logo-itakaescolapios-peque.png\",\"contentUrl\":\"https:\\\/\\\/www.itakaescolapios.org\\\/wp-content\\\/uploads\\\/2024\\\/04\\\/Logo-itakaescolapios-peque.png\",\"width\":500,\"height\":199,\"caption\":\"Fundaci\u00f3 Itaka-Escolapios\"},\"image\":{\"@id\":\"https:\\\/\\\/www.itakaescolapios.org\\\/fr\\\/es\\\/#\\\/schema\\\/logo\\\/image\\\/\"}}]}<\/script>\n<!-- \/ Yoast SEO plugin. -->","yoast_head_json":{"title":"BEREGAIN","description":"Le Programme BEREGAIN s\u00b4occupe de la constitution d'unit\u00e9s de cohabitation pour des jeunes femmes responsables de famille monoparentale, o\u00f9 est r\u00e9alis\u00e9 un travail individualis\u00e9 avec la jeune femme et son fils ou sa fille en vue de parvenir \u00e0 son int\u00e9gration professionnelle et sociale. Le programme a une convention avec la D\u00e9putation Florale de Bizkaia\u2026","robots":{"index":"index","follow":"follow","max-snippet":"max-snippet:-1","max-image-preview":"max-image-preview:large","max-video-preview":"max-video-preview:-1"},"canonical":"Le Programme BEREGAIN s\u00b4occupe de la constitution d'unit\u00e9s de cohabitation pour des jeunes femmes responsables de famille monoparentale, o\u00f9 est r\u00e9alis\u00e9 un travail individualis\u00e9 avec la jeune femme et son fils ou sa fille en vue de parvenir \u00e0 son int\u00e9gration professionnelle et sociale. Le programme a une convention avec la D\u00e9putation Florale de Bizkaia\u2026","og_locale":"fr_FR","og_type":"article","og_title":"BEREGAIN","og_description":"Le Programme BEREGAIN s\u00b4occupe de la constitution d'unit\u00e9s de cohabitation pour des jeunes femmes responsables de famille monoparentale, o\u00f9 est r\u00e9alis\u00e9 un travail individualis\u00e9 avec la jeune femme et son fils ou sa fille en vue de parvenir \u00e0 son int\u00e9gration professionnelle et sociale. Le programme a une convention avec la D\u00e9putation Florale de Bizkaia\u2026","og_url":"https:\/\/www.itakaescolapios.org\/fr\/que-faisons-nous\/hogares\/beregain-bilbao\/","og_site_name":"Itaka-Escolapios","article_modified_time":"2023-11-28T11:39:46+00:00","og_image":[{"width":1125,"height":1500,"url":"https:\/\/www.itakaescolapios.org\/wp-content\/uploads\/2012\/06\/Hogares-beregain-Bilbao-6.jpg","type":"image\/jpeg"}],"twitter_card":"summary_large_image","twitter_misc":{"Dur\u00e9e de lecture estim\u00e9e":"2 minutes"},"schema":{"@context":"https:\/\/schema.org","@graph":[{"@type":"WebPage","@id":"https:\/\/www.itakaescolapios.org\/fr\/que-faisons-nous\/hogares\/beregain-bilbao\/","url":"https:\/\/www.itakaescolapios.org\/fr\/que-faisons-nous\/hogares\/beregain-bilbao\/","name":"Beregain - Itaka-Escolapios","isPartOf":{"@id":"https:\/\/www.itakaescolapios.org\/es\/#website"},"primaryImageOfPage":{"@id":"https:\/\/www.itakaescolapios.org\/fr\/que-faisons-nous\/hogares\/beregain-bilbao\/#primaryimage"},"image":{"@id":"https:\/\/www.itakaescolapios.org\/fr\/que-faisons-nous\/hogares\/beregain-bilbao\/#primaryimage"},"thumbnailUrl":"https:\/\/www.itakaescolapios.org\/wp-content\/uploads\/2012\/06\/Hogares-beregain-Bilbao-6.jpg","datePublished":"2012-06-04T10:19:24+00:00","dateModified":"2023-11-28T11:39:46+00:00","breadcrumb":{"@id":"https:\/\/www.itakaescolapios.org\/fr\/que-faisons-nous\/hogares\/beregain-bilbao\/#breadcrumb"},"inLanguage":"fr-FR","potentialAction":[{"@type":"ReadAction","target":["https:\/\/www.itakaescolapios.org\/fr\/que-faisons-nous\/hogares\/beregain-bilbao\/"]}]},{"@type":"ImageObject","inLanguage":"fr-FR","@id":"https:\/\/www.itakaescolapios.org\/fr\/que-faisons-nous\/hogares\/beregain-bilbao\/#primaryimage","url":"https:\/\/www.itakaescolapios.org\/wp-content\/uploads\/2012\/06\/Hogares-beregain-Bilbao-6.jpg","contentUrl":"https:\/\/www.itakaescolapios.org\/wp-content\/uploads\/2012\/06\/Hogares-beregain-Bilbao-6.jpg","width":1125,"height":1500},{"@type":"BreadcrumbList","@id":"https:\/\/www.itakaescolapios.org\/fr\/que-faisons-nous\/hogares\/beregain-bilbao\/#breadcrumb","itemListElement":[{"@type":"ListItem","position":1,"name":"Itaka-Escolapios","item":"https:\/\/www.itakaescolapios.org\/es\/"},{"@type":"ListItem","position":2,"name":"Que faisons-nous","item":"https:\/\/www.itakaescolapios.org\/es\/que-hacemos\/"},{"@type":"ListItem","position":3,"name":"FOYERS","item":"https:\/\/www.itakaescolapios.org\/es\/que-hacemos\/hogares\/"},{"@type":"ListItem","position":4,"name":"BEREGAIN"}]},{"@type":"WebSite","@id":"https:\/\/www.itakaescolapios.org\/fr\/es\/#website","url":"https:\/\/www.itakaescolapios.org\/fr\/es\/","name":"Itaka-Escolapios","description":"Red de Itaka-Escolapios","publisher":{"@id":"https:\/\/www.itakaescolapios.org\/fr\/es\/#organization"},"potentialAction":[{"@type":"SearchAction","target":{"@type":"EntryPoint","urlTemplate":"https:\/\/www.itakaescolapios.org\/fr\/es\/?s={search_term_string}"},"query-input":{"@type":"PropertyValueSpecification","valueRequired":true,"valueName":"search_term_string"}}],"inLanguage":"fr-FR"},{"@type":"Organization","@id":"https:\/\/www.itakaescolapios.org\/fr\/es\/#organization","name":"Fundaci\u00f3 Itaka-Escolapios","url":"https:\/\/www.itakaescolapios.org\/fr\/es\/","logo":{"@type":"ImageObject","inLanguage":"fr-FR","@id":"https:\/\/www.itakaescolapios.org\/fr\/es\/#\/schema\/logo\/image\/","url":"https:\/\/www.itakaescolapios.org\/wp-content\/uploads\/2024\/04\/Logo-itakaescolapios-peque.png","contentUrl":"https:\/\/www.itakaescolapios.org\/wp-content\/uploads\/2024\/04\/Logo-itakaescolapios-peque.png","width":500,"height":199,"caption":"Fundaci\u00f3 Itaka-Escolapios"},"image":{"@id":"https:\/\/www.itakaescolapios.org\/fr\/es\/#\/schema\/logo\/image\/"}}]}},"_links":{"self":[{"href":"https:\/\/www.itakaescolapios.org\/fr\/wp-json\/wp\/v2\/pages\/389","targetHints":{"allow":["GET"]}}],"collection":[{"href":"https:\/\/www.itakaescolapios.org\/fr\/wp-json\/wp\/v2\/pages"}],"about":[{"href":"https:\/\/www.itakaescolapios.org\/fr\/wp-json\/wp\/v2\/types\/page"}],"author":[{"embeddable":true,"href":"https:\/\/www.itakaescolapios.org\/fr\/wp-json\/wp\/v2\/users\/1"}],"replies":[{"embeddable":true,"href":"https:\/\/www.itakaescolapios.org\/fr\/wp-json\/wp\/v2\/comments?post=389"}],"version-history":[{"count":10,"href":"https:\/\/www.itakaescolapios.org\/fr\/wp-json\/wp\/v2\/pages\/389\/revisions"}],"predecessor-version":[{"id":50237,"href":"https:\/\/www.itakaescolapios.org\/fr\/wp-json\/wp\/v2\/pages\/389\/revisions\/50237"}],"up":[{"embeddable":true,"href":"https:\/\/www.itakaescolapios.org\/fr\/wp-json\/wp\/v2\/pages\/91"}],"wp:featuredmedia":[{"embeddable":true,"href":"https:\/\/www.itakaescolapios.org\/fr\/wp-json\/wp\/v2\/media\/1276"}],"wp:attachment":[{"href":"https:\/\/www.itakaescolapios.org\/fr\/wp-json\/wp\/v2\/media?parent=389"}],"curies":[{"name":"wp","href":"https:\/\/api.w.org\/{rel}","templated":true}]}}