{"id":391,"date":"2012-06-04T11:19:45","date_gmt":"2012-06-04T10:19:45","guid":{"rendered":"https:\/\/www.itakaescolapios.org\/?page_id=391"},"modified":"2023-11-28T12:39:46","modified_gmt":"2023-11-28T11:39:46","slug":"casa-lar-governador-de-valadares-brasil","status":"publish","type":"page","link":"https:\/\/www.itakaescolapios.org\/fr\/que-faisons-nous\/hogares\/casa-lar-governador-de-valadares-brasil\/","title":{"rendered":"CASA LAR"},"content":{"rendered":"<p align=\"JUSTIFY\">Les \u00ab\u00a0Casas Lar\u00a0\u00bb sont un projet d&rsquo;accueil temporaire et exceptionnel d&rsquo;enfants et adolescents des deux sexes, en priorit\u00e9 pour des fr\u00e8res\/s\u0153urs. Les enfants sont plac\u00e9s par le Tribunal d&rsquo;Enfance et de Jeunesse et par le Conseil Tut\u00e9laire.<\/p>\n<p align=\"JUSTIFY\">Le projet se d\u00e9veloppe dans deux maisons-foyers qui fonctionnent comme unit\u00e9s int\u00e9gr\u00e9es dans la communaut\u00e9, avec une infrastructure ad\u00e9quate et dans une atmosph\u00e8re accueillante.<\/p>\n<p align=\"JUSTIFY\">Pour offrir un bon service, les \u00ab\u00a0Casas Lar\u00a0\u00bb accueillent jusqu&rsquo;\u00e0 huit enfants (filles et gar\u00e7ons), accompagn\u00e9s d&rsquo;une m\u00e8re sociale et d&rsquo;une m\u00e8re sociale adjointe. Le personnel d&rsquo;appui technique (travailleurs sociaux, psychologues, \u00e9ducateurs, coordinateurs, etc.) ne r\u00e9sident pas dans les foyers, ils font leur travail au si\u00e8ge de la Fondation Itaka-Escolapios.<\/p>\n<p align=\"JUSTIFY\">Les destinataires sont des enfants, filles et gar\u00e7ons, ainsi que des adolescent(e)s de 4 \u00e0 18 ans (l\u2019inscription se fait jusqu&rsquo;\u00e0 l\u2019\u00e2ge de 10 ans) avec la possibilit\u00e9 de travailler avec les familles.<\/p>\n<p align=\"JUSTIFY\">Equipe qui travaille dans le projet : un travailleur social, un psychologue, deux m\u00e8res sociales, deux m\u00e8res adjointes, quatre volontaires \u00e9ducateurs\/\u00e9ducatrices pour les diverses activit\u00e9s et une coordinatrice du programme.<\/p>\n","protected":false},"excerpt":{"rendered":"<p>Les \u00ab\u00a0Casas Lar\u00a0\u00bb sont un projet d&rsquo;accueil temporaire et exceptionnel d&rsquo;enfants et adolescents des deux sexes, en priorit\u00e9 pour des fr\u00e8res\/s\u0153urs. Les enfants sont plac\u00e9s par le Tribunal d&rsquo;Enfance et [&hellip;]<\/p>\n","protected":false},"author":1,"featured_media":1499,"parent":91,"menu_order":3,"comment_status":"closed","ping_status":"closed","template":"","meta":{"_et_pb_use_builder":"","_et_pb_old_content":"","_et_gb_content_width":"","footnotes":""},"class_list":["post-391","page","type-page","status-publish","has-post-thumbnail","hentry"],"yoast_head":"<!-- This site is optimized with the Yoast SEO plugin v27.3 - https:\/\/yoast.com\/product\/yoast-seo-wordpress\/ -->\n<title>CASA LAR<\/title>\n<meta name=\"description\" content=\"Les &quot;Casas Lar&quot; sont un projet d&#039;accueil temporaire et exceptionnel d&#039;enfants et adolescents des deux sexes, en priorit\u00e9 pour des fr\u00e8res\/s\u0153urs. Les enfants sont plac\u00e9s par le Tribunal d&#039;Enfance et de Jeunesse et par le Conseil Tut\u00e9laire. Le projet se d\u00e9veloppe dans deux maisons-foyers qui fonctionnent comme unit\u00e9s int\u00e9gr\u00e9es dans la communaut\u00e9, avec une infrastructure\u2026\" \/>\n<meta name=\"robots\" content=\"index, follow, max-snippet:-1, max-image-preview:large, max-video-preview:-1\" \/>\n<link rel=\"canonical\" href=\"http:\/\/Les%20Casas%20Lar%20sont%20un%20projet%20d'accueil%20temporaire%20et%20exceptionnel%20d'enfants%20et%20adolescents%20des%20deux%20sexes,%20en%20priorit\u00e9%20pour%20des%20fr\u00e8res\/s\u0153urs.%20Les%20enfants%20sont%20plac\u00e9s%20par%20le%20Tribunal%20d'Enfance%20et%20de%20Jeunesse%20et%20par%20le%20Conseil%20Tut\u00e9laire.%20Le%20projet%20se%20d\u00e9veloppe%20dans%20deux%20maisons-foyers%20qui%20fonctionnent%20comme%20unit\u00e9s%20int\u00e9gr\u00e9es%20dans%20la%20communaut\u00e9,%20avec%20une%20infrastructure\u2026\" \/>\n<meta property=\"og:locale\" content=\"fr_FR\" \/>\n<meta property=\"og:type\" content=\"article\" \/>\n<meta property=\"og:title\" content=\"CASA LAR\" \/>\n<meta property=\"og:description\" content=\"Les &quot;Casas Lar&quot; sont un projet d&#039;accueil temporaire et exceptionnel d&#039;enfants et adolescents des deux sexes, en priorit\u00e9 pour des fr\u00e8res\/s\u0153urs. Les enfants sont plac\u00e9s par le Tribunal d&#039;Enfance et de Jeunesse et par le Conseil Tut\u00e9laire. Le projet se d\u00e9veloppe dans deux maisons-foyers qui fonctionnent comme unit\u00e9s int\u00e9gr\u00e9es dans la communaut\u00e9, avec une infrastructure\u2026\" \/>\n<meta property=\"og:url\" content=\"https:\/\/www.itakaescolapios.org\/fr\/que-faisons-nous\/hogares\/casa-lar-governador-de-valadares-brasil\/\" \/>\n<meta property=\"og:site_name\" content=\"Itaka-Escolapios\" \/>\n<meta property=\"article:modified_time\" content=\"2023-11-28T11:39:46+00:00\" \/>\n<meta property=\"og:image\" content=\"https:\/\/www.itakaescolapios.org\/wp-content\/uploads\/2012\/06\/Hogares-Casas-Lar-3-Governador-de-Valadares-Brasil.jpg\" \/>\n\t<meta property=\"og:image:width\" content=\"1200\" \/>\n\t<meta property=\"og:image:height\" content=\"900\" \/>\n\t<meta property=\"og:image:type\" content=\"image\/jpeg\" \/>\n<meta name=\"twitter:card\" content=\"summary_large_image\" \/>\n<meta name=\"twitter:label1\" content=\"Dur\u00e9e de lecture estim\u00e9e\" \/>\n\t<meta name=\"twitter:data1\" content=\"1 minute\" \/>\n<script type=\"application\/ld+json\" class=\"yoast-schema-graph\">{\"@context\":\"https:\\\/\\\/schema.org\",\"@graph\":[{\"@type\":\"WebPage\",\"@id\":\"https:\\\/\\\/www.itakaescolapios.org\\\/fr\\\/que-faisons-nous\\\/hogares\\\/casa-lar-governador-de-valadares-brasil\\\/\",\"url\":\"https:\\\/\\\/www.itakaescolapios.org\\\/fr\\\/que-faisons-nous\\\/hogares\\\/casa-lar-governador-de-valadares-brasil\\\/\",\"name\":\"Casa Lar - Itaka-Escolapios\",\"isPartOf\":{\"@id\":\"https:\\\/\\\/www.itakaescolapios.org\\\/es\\\/#website\"},\"primaryImageOfPage\":{\"@id\":\"https:\\\/\\\/www.itakaescolapios.org\\\/fr\\\/que-faisons-nous\\\/hogares\\\/casa-lar-governador-de-valadares-brasil\\\/#primaryimage\"},\"image\":{\"@id\":\"https:\\\/\\\/www.itakaescolapios.org\\\/fr\\\/que-faisons-nous\\\/hogares\\\/casa-lar-governador-de-valadares-brasil\\\/#primaryimage\"},\"thumbnailUrl\":\"https:\\\/\\\/www.itakaescolapios.org\\\/wp-content\\\/uploads\\\/2012\\\/06\\\/Hogares-Casas-Lar-3-Governador-de-Valadares-Brasil.jpg\",\"datePublished\":\"2012-06-04T10:19:45+00:00\",\"dateModified\":\"2023-11-28T11:39:46+00:00\",\"breadcrumb\":{\"@id\":\"https:\\\/\\\/www.itakaescolapios.org\\\/fr\\\/que-faisons-nous\\\/hogares\\\/casa-lar-governador-de-valadares-brasil\\\/#breadcrumb\"},\"inLanguage\":\"fr-FR\",\"potentialAction\":[{\"@type\":\"ReadAction\",\"target\":[\"https:\\\/\\\/www.itakaescolapios.org\\\/fr\\\/que-faisons-nous\\\/hogares\\\/casa-lar-governador-de-valadares-brasil\\\/\"]}]},{\"@type\":\"ImageObject\",\"inLanguage\":\"fr-FR\",\"@id\":\"https:\\\/\\\/www.itakaescolapios.org\\\/fr\\\/que-faisons-nous\\\/hogares\\\/casa-lar-governador-de-valadares-brasil\\\/#primaryimage\",\"url\":\"https:\\\/\\\/www.itakaescolapios.org\\\/wp-content\\\/uploads\\\/2012\\\/06\\\/Hogares-Casas-Lar-3-Governador-de-Valadares-Brasil.jpg\",\"contentUrl\":\"https:\\\/\\\/www.itakaescolapios.org\\\/wp-content\\\/uploads\\\/2012\\\/06\\\/Hogares-Casas-Lar-3-Governador-de-Valadares-Brasil.jpg\",\"width\":\"1200\",\"height\":\"900\"},{\"@type\":\"BreadcrumbList\",\"@id\":\"https:\\\/\\\/www.itakaescolapios.org\\\/fr\\\/que-faisons-nous\\\/hogares\\\/casa-lar-governador-de-valadares-brasil\\\/#breadcrumb\",\"itemListElement\":[{\"@type\":\"ListItem\",\"position\":1,\"name\":\"Itaka-Escolapios\",\"item\":\"https:\\\/\\\/www.itakaescolapios.org\\\/es\\\/\"},{\"@type\":\"ListItem\",\"position\":2,\"name\":\"Que faisons-nous\",\"item\":\"https:\\\/\\\/www.itakaescolapios.org\\\/es\\\/que-hacemos\\\/\"},{\"@type\":\"ListItem\",\"position\":3,\"name\":\"FOYERS\",\"item\":\"https:\\\/\\\/www.itakaescolapios.org\\\/es\\\/que-hacemos\\\/hogares\\\/\"},{\"@type\":\"ListItem\",\"position\":4,\"name\":\"CASA LAR\"}]},{\"@type\":\"WebSite\",\"@id\":\"https:\\\/\\\/www.itakaescolapios.org\\\/fr\\\/es\\\/#website\",\"url\":\"https:\\\/\\\/www.itakaescolapios.org\\\/fr\\\/es\\\/\",\"name\":\"Itaka-Escolapios\",\"description\":\"Red de Itaka-Escolapios\",\"publisher\":{\"@id\":\"https:\\\/\\\/www.itakaescolapios.org\\\/fr\\\/es\\\/#organization\"},\"potentialAction\":[{\"@type\":\"SearchAction\",\"target\":{\"@type\":\"EntryPoint\",\"urlTemplate\":\"https:\\\/\\\/www.itakaescolapios.org\\\/fr\\\/es\\\/?s={search_term_string}\"},\"query-input\":{\"@type\":\"PropertyValueSpecification\",\"valueRequired\":true,\"valueName\":\"search_term_string\"}}],\"inLanguage\":\"fr-FR\"},{\"@type\":\"Organization\",\"@id\":\"https:\\\/\\\/www.itakaescolapios.org\\\/fr\\\/es\\\/#organization\",\"name\":\"Fundaci\u00f3 Itaka-Escolapios\",\"url\":\"https:\\\/\\\/www.itakaescolapios.org\\\/fr\\\/es\\\/\",\"logo\":{\"@type\":\"ImageObject\",\"inLanguage\":\"fr-FR\",\"@id\":\"https:\\\/\\\/www.itakaescolapios.org\\\/fr\\\/es\\\/#\\\/schema\\\/logo\\\/image\\\/\",\"url\":\"https:\\\/\\\/www.itakaescolapios.org\\\/wp-content\\\/uploads\\\/2024\\\/04\\\/Logo-itakaescolapios-peque.png\",\"contentUrl\":\"https:\\\/\\\/www.itakaescolapios.org\\\/wp-content\\\/uploads\\\/2024\\\/04\\\/Logo-itakaescolapios-peque.png\",\"width\":500,\"height\":199,\"caption\":\"Fundaci\u00f3 Itaka-Escolapios\"},\"image\":{\"@id\":\"https:\\\/\\\/www.itakaescolapios.org\\\/fr\\\/es\\\/#\\\/schema\\\/logo\\\/image\\\/\"}}]}<\/script>\n<!-- \/ Yoast SEO plugin. -->","yoast_head_json":{"title":"CASA LAR","description":"Les \"Casas Lar\" sont un projet d'accueil temporaire et exceptionnel d'enfants et adolescents des deux sexes, en priorit\u00e9 pour des fr\u00e8res\/s\u0153urs. Les enfants sont plac\u00e9s par le Tribunal d'Enfance et de Jeunesse et par le Conseil Tut\u00e9laire. Le projet se d\u00e9veloppe dans deux maisons-foyers qui fonctionnent comme unit\u00e9s int\u00e9gr\u00e9es dans la communaut\u00e9, avec une infrastructure\u2026","robots":{"index":"index","follow":"follow","max-snippet":"max-snippet:-1","max-image-preview":"max-image-preview:large","max-video-preview":"max-video-preview:-1"},"canonical":"Les \"Casas Lar\" sont un projet d'accueil temporaire et exceptionnel d'enfants et adolescents des deux sexes, en priorit\u00e9 pour des fr\u00e8res\/s\u0153urs. Les enfants sont plac\u00e9s par le Tribunal d'Enfance et de Jeunesse et par le Conseil Tut\u00e9laire. Le projet se d\u00e9veloppe dans deux maisons-foyers qui fonctionnent comme unit\u00e9s int\u00e9gr\u00e9es dans la communaut\u00e9, avec une infrastructure\u2026","og_locale":"fr_FR","og_type":"article","og_title":"CASA LAR","og_description":"Les \"Casas Lar\" sont un projet d'accueil temporaire et exceptionnel d'enfants et adolescents des deux sexes, en priorit\u00e9 pour des fr\u00e8res\/s\u0153urs. Les enfants sont plac\u00e9s par le Tribunal d'Enfance et de Jeunesse et par le Conseil Tut\u00e9laire. Le projet se d\u00e9veloppe dans deux maisons-foyers qui fonctionnent comme unit\u00e9s int\u00e9gr\u00e9es dans la communaut\u00e9, avec une infrastructure\u2026","og_url":"https:\/\/www.itakaescolapios.org\/fr\/que-faisons-nous\/hogares\/casa-lar-governador-de-valadares-brasil\/","og_site_name":"Itaka-Escolapios","article_modified_time":"2023-11-28T11:39:46+00:00","og_image":[{"width":1200,"height":900,"url":"https:\/\/www.itakaescolapios.org\/wp-content\/uploads\/2012\/06\/Hogares-Casas-Lar-3-Governador-de-Valadares-Brasil.jpg","type":"image\/jpeg"}],"twitter_card":"summary_large_image","twitter_misc":{"Dur\u00e9e de lecture estim\u00e9e":"1 minute"},"schema":{"@context":"https:\/\/schema.org","@graph":[{"@type":"WebPage","@id":"https:\/\/www.itakaescolapios.org\/fr\/que-faisons-nous\/hogares\/casa-lar-governador-de-valadares-brasil\/","url":"https:\/\/www.itakaescolapios.org\/fr\/que-faisons-nous\/hogares\/casa-lar-governador-de-valadares-brasil\/","name":"Casa Lar - Itaka-Escolapios","isPartOf":{"@id":"https:\/\/www.itakaescolapios.org\/es\/#website"},"primaryImageOfPage":{"@id":"https:\/\/www.itakaescolapios.org\/fr\/que-faisons-nous\/hogares\/casa-lar-governador-de-valadares-brasil\/#primaryimage"},"image":{"@id":"https:\/\/www.itakaescolapios.org\/fr\/que-faisons-nous\/hogares\/casa-lar-governador-de-valadares-brasil\/#primaryimage"},"thumbnailUrl":"https:\/\/www.itakaescolapios.org\/wp-content\/uploads\/2012\/06\/Hogares-Casas-Lar-3-Governador-de-Valadares-Brasil.jpg","datePublished":"2012-06-04T10:19:45+00:00","dateModified":"2023-11-28T11:39:46+00:00","breadcrumb":{"@id":"https:\/\/www.itakaescolapios.org\/fr\/que-faisons-nous\/hogares\/casa-lar-governador-de-valadares-brasil\/#breadcrumb"},"inLanguage":"fr-FR","potentialAction":[{"@type":"ReadAction","target":["https:\/\/www.itakaescolapios.org\/fr\/que-faisons-nous\/hogares\/casa-lar-governador-de-valadares-brasil\/"]}]},{"@type":"ImageObject","inLanguage":"fr-FR","@id":"https:\/\/www.itakaescolapios.org\/fr\/que-faisons-nous\/hogares\/casa-lar-governador-de-valadares-brasil\/#primaryimage","url":"https:\/\/www.itakaescolapios.org\/wp-content\/uploads\/2012\/06\/Hogares-Casas-Lar-3-Governador-de-Valadares-Brasil.jpg","contentUrl":"https:\/\/www.itakaescolapios.org\/wp-content\/uploads\/2012\/06\/Hogares-Casas-Lar-3-Governador-de-Valadares-Brasil.jpg","width":"1200","height":"900"},{"@type":"BreadcrumbList","@id":"https:\/\/www.itakaescolapios.org\/fr\/que-faisons-nous\/hogares\/casa-lar-governador-de-valadares-brasil\/#breadcrumb","itemListElement":[{"@type":"ListItem","position":1,"name":"Itaka-Escolapios","item":"https:\/\/www.itakaescolapios.org\/es\/"},{"@type":"ListItem","position":2,"name":"Que faisons-nous","item":"https:\/\/www.itakaescolapios.org\/es\/que-hacemos\/"},{"@type":"ListItem","position":3,"name":"FOYERS","item":"https:\/\/www.itakaescolapios.org\/es\/que-hacemos\/hogares\/"},{"@type":"ListItem","position":4,"name":"CASA LAR"}]},{"@type":"WebSite","@id":"https:\/\/www.itakaescolapios.org\/fr\/es\/#website","url":"https:\/\/www.itakaescolapios.org\/fr\/es\/","name":"Itaka-Escolapios","description":"Red de Itaka-Escolapios","publisher":{"@id":"https:\/\/www.itakaescolapios.org\/fr\/es\/#organization"},"potentialAction":[{"@type":"SearchAction","target":{"@type":"EntryPoint","urlTemplate":"https:\/\/www.itakaescolapios.org\/fr\/es\/?s={search_term_string}"},"query-input":{"@type":"PropertyValueSpecification","valueRequired":true,"valueName":"search_term_string"}}],"inLanguage":"fr-FR"},{"@type":"Organization","@id":"https:\/\/www.itakaescolapios.org\/fr\/es\/#organization","name":"Fundaci\u00f3 Itaka-Escolapios","url":"https:\/\/www.itakaescolapios.org\/fr\/es\/","logo":{"@type":"ImageObject","inLanguage":"fr-FR","@id":"https:\/\/www.itakaescolapios.org\/fr\/es\/#\/schema\/logo\/image\/","url":"https:\/\/www.itakaescolapios.org\/wp-content\/uploads\/2024\/04\/Logo-itakaescolapios-peque.png","contentUrl":"https:\/\/www.itakaescolapios.org\/wp-content\/uploads\/2024\/04\/Logo-itakaescolapios-peque.png","width":500,"height":199,"caption":"Fundaci\u00f3 Itaka-Escolapios"},"image":{"@id":"https:\/\/www.itakaescolapios.org\/fr\/es\/#\/schema\/logo\/image\/"}}]}},"_links":{"self":[{"href":"https:\/\/www.itakaescolapios.org\/fr\/wp-json\/wp\/v2\/pages\/391","targetHints":{"allow":["GET"]}}],"collection":[{"href":"https:\/\/www.itakaescolapios.org\/fr\/wp-json\/wp\/v2\/pages"}],"about":[{"href":"https:\/\/www.itakaescolapios.org\/fr\/wp-json\/wp\/v2\/types\/page"}],"author":[{"embeddable":true,"href":"https:\/\/www.itakaescolapios.org\/fr\/wp-json\/wp\/v2\/users\/1"}],"replies":[{"embeddable":true,"href":"https:\/\/www.itakaescolapios.org\/fr\/wp-json\/wp\/v2\/comments?post=391"}],"version-history":[{"count":14,"href":"https:\/\/www.itakaescolapios.org\/fr\/wp-json\/wp\/v2\/pages\/391\/revisions"}],"predecessor-version":[{"id":50235,"href":"https:\/\/www.itakaescolapios.org\/fr\/wp-json\/wp\/v2\/pages\/391\/revisions\/50235"}],"up":[{"embeddable":true,"href":"https:\/\/www.itakaescolapios.org\/fr\/wp-json\/wp\/v2\/pages\/91"}],"wp:featuredmedia":[{"embeddable":true,"href":"https:\/\/www.itakaescolapios.org\/fr\/wp-json\/wp\/v2\/media\/1499"}],"wp:attachment":[{"href":"https:\/\/www.itakaescolapios.org\/fr\/wp-json\/wp\/v2\/media?parent=391"}],"curies":[{"name":"wp","href":"https:\/\/api.w.org\/{rel}","templated":true}]}}