{"id":395,"date":"2012-06-04T11:20:27","date_gmt":"2012-06-04T10:20:27","guid":{"rendered":"https:\/\/www.itakaescolapios.org\/?page_id=395"},"modified":"2023-11-28T12:39:46","modified_gmt":"2023-11-28T11:39:46","slug":"internado-campesino-cocapata-bolivia","status":"publish","type":"page","link":"https:\/\/www.itakaescolapios.org\/fr\/que-faisons-nous\/internados\/internado-campesino-cocapata-bolivia\/","title":{"rendered":"INTERNAT VILLAGEOIS DE COCAPATA (BOLIVIE)"},"content":{"rendered":"<p align=\"JUSTIFY\">Les communaut\u00e9s les plus proches du centre dans lequel se situe l&rsquo;\u00e9cole de Cocapata sont \u00e0 5 heures de route. Dans plusieurs cas, il faut traverser plusieurs rivi\u00e8res ou franchir de hauts sommets de plus de 4.000 m\u00e8tres. Ceci d\u00e9montre le besoin \u00e9vident d\u00b4avoir cet internat. Avec la demande des parents, l&rsquo;internat a \u00e9t\u00e9 inaugur\u00e9 en 2005. 160 internes peuvent y vivre, et dans la majorit\u00e9 des cas, ils trouvent dans l\u2019internat leur unique opportunit\u00e9 d&rsquo;\u00e9tudier.<\/p>\n<p align=\"JUSTIFY\">Le principal crit\u00e8re de s\u00e9lection pour pouvoir int\u00e9grer l&rsquo;internat est la vuln\u00e9rabilit\u00e9, puisqu&rsquo;il s&rsquo;agit de familles ayant de s\u00e9rieuses difficult\u00e9s \u00e9conomiques et un faible niveau \u00e9ducatif.<\/p>\n","protected":false},"excerpt":{"rendered":"<p>Les communaut\u00e9s les plus proches du centre dans lequel se situe l&rsquo;\u00e9cole de Cocapata sont \u00e0 5 heures de route. Dans plusieurs cas, il faut traverser plusieurs rivi\u00e8res ou franchir [&hellip;]<\/p>\n","protected":false},"author":1,"featured_media":1414,"parent":93,"menu_order":2,"comment_status":"closed","ping_status":"closed","template":"","meta":{"_et_pb_use_builder":"","_et_pb_old_content":"","_et_gb_content_width":"","footnotes":""},"class_list":["post-395","page","type-page","status-publish","has-post-thumbnail","hentry"],"yoast_head":"<!-- This site is optimized with the Yoast SEO plugin v27.3 - https:\/\/yoast.com\/product\/yoast-seo-wordpress\/ -->\n<title>INTERNAT VILLAGEOIS DE COCAPATA (BOLIVIE)<\/title>\n<meta name=\"description\" content=\"Les communaut\u00e9s les plus proches du centre dans lequel se situe l&#039;\u00e9cole de Cocapata sont \u00e0 5 heures de route. Dans plusieurs cas, il faut traverser plusieurs rivi\u00e8res ou franchir de hauts sommets de plus de 4.000 m\u00e8tres. Ceci d\u00e9montre le besoin \u00e9vident d\u00b4avoir cet internat. Avec la demande des parents, l&#039;internat a \u00e9t\u00e9 inaugur\u00e9\u2026\" \/>\n<meta name=\"robots\" content=\"index, follow, max-snippet:-1, max-image-preview:large, max-video-preview:-1\" \/>\n<link rel=\"canonical\" href=\"http:\/\/Les%20communaut\u00e9s%20les%20plus%20proches%20du%20centre%20dans%20lequel%20se%20situe%20l'\u00e9cole%20de%20Cocapata%20sont%20\u00e0%205%20heures%20de%20route.%20Dans%20plusieurs%20cas,%20il%20faut%20traverser%20plusieurs%20rivi\u00e8res%20ou%20franchir%20de%20hauts%20sommets%20de%20plus%20de%204.000%20m\u00e8tres.%20Ceci%20d\u00e9montre%20le%20besoin%20\u00e9vident%20d\u00b4avoir%20cet%20internat.%20Avec%20la%20demande%20des%20parents,%20l'internat%20a%20\u00e9t\u00e9%20inaugur\u00e9\u2026\" \/>\n<meta property=\"og:locale\" content=\"fr_FR\" \/>\n<meta property=\"og:type\" content=\"article\" \/>\n<meta property=\"og:title\" content=\"INTERNAT VILLAGEOIS DE COCAPATA (BOLIVIE)\" \/>\n<meta property=\"og:description\" content=\"Les communaut\u00e9s les plus proches du centre dans lequel se situe l&#039;\u00e9cole de Cocapata sont \u00e0 5 heures de route. Dans plusieurs cas, il faut traverser plusieurs rivi\u00e8res ou franchir de hauts sommets de plus de 4.000 m\u00e8tres. Ceci d\u00e9montre le besoin \u00e9vident d\u00b4avoir cet internat. Avec la demande des parents, l&#039;internat a \u00e9t\u00e9 inaugur\u00e9\u2026\" \/>\n<meta property=\"og:url\" content=\"https:\/\/www.itakaescolapios.org\/fr\/que-faisons-nous\/internados\/internado-campesino-cocapata-bolivia\/\" \/>\n<meta property=\"og:site_name\" content=\"Itaka-Escolapios\" \/>\n<meta property=\"article:modified_time\" content=\"2023-11-28T11:39:46+00:00\" \/>\n<meta property=\"og:image\" content=\"https:\/\/www.itakaescolapios.org\/wp-content\/uploads\/2012\/06\/Internados-Cocapata-1-Bolivia.jpg\" \/>\n\t<meta property=\"og:image:width\" content=\"1200\" \/>\n\t<meta property=\"og:image:height\" content=\"900\" \/>\n\t<meta property=\"og:image:type\" content=\"image\/jpeg\" \/>\n<meta name=\"twitter:card\" content=\"summary_large_image\" \/>\n<meta name=\"twitter:label1\" content=\"Dur\u00e9e de lecture estim\u00e9e\" \/>\n\t<meta name=\"twitter:data1\" content=\"1 minute\" \/>\n<script type=\"application\/ld+json\" class=\"yoast-schema-graph\">{\"@context\":\"https:\\\/\\\/schema.org\",\"@graph\":[{\"@type\":\"WebPage\",\"@id\":\"https:\\\/\\\/www.itakaescolapios.org\\\/fr\\\/que-faisons-nous\\\/internados\\\/internado-campesino-cocapata-bolivia\\\/\",\"url\":\"https:\\\/\\\/www.itakaescolapios.org\\\/fr\\\/que-faisons-nous\\\/internados\\\/internado-campesino-cocapata-bolivia\\\/\",\"name\":\"Internado Campesino Cocapata (Bolivia) - Itaka-Escolapios\",\"isPartOf\":{\"@id\":\"https:\\\/\\\/www.itakaescolapios.org\\\/es\\\/#website\"},\"primaryImageOfPage\":{\"@id\":\"https:\\\/\\\/www.itakaescolapios.org\\\/fr\\\/que-faisons-nous\\\/internados\\\/internado-campesino-cocapata-bolivia\\\/#primaryimage\"},\"image\":{\"@id\":\"https:\\\/\\\/www.itakaescolapios.org\\\/fr\\\/que-faisons-nous\\\/internados\\\/internado-campesino-cocapata-bolivia\\\/#primaryimage\"},\"thumbnailUrl\":\"https:\\\/\\\/www.itakaescolapios.org\\\/wp-content\\\/uploads\\\/2012\\\/06\\\/Internados-Cocapata-1-Bolivia.jpg\",\"datePublished\":\"2012-06-04T10:20:27+00:00\",\"dateModified\":\"2023-11-28T11:39:46+00:00\",\"breadcrumb\":{\"@id\":\"https:\\\/\\\/www.itakaescolapios.org\\\/fr\\\/que-faisons-nous\\\/internados\\\/internado-campesino-cocapata-bolivia\\\/#breadcrumb\"},\"inLanguage\":\"fr-FR\",\"potentialAction\":[{\"@type\":\"ReadAction\",\"target\":[\"https:\\\/\\\/www.itakaescolapios.org\\\/fr\\\/que-faisons-nous\\\/internados\\\/internado-campesino-cocapata-bolivia\\\/\"]}]},{\"@type\":\"ImageObject\",\"inLanguage\":\"fr-FR\",\"@id\":\"https:\\\/\\\/www.itakaescolapios.org\\\/fr\\\/que-faisons-nous\\\/internados\\\/internado-campesino-cocapata-bolivia\\\/#primaryimage\",\"url\":\"https:\\\/\\\/www.itakaescolapios.org\\\/wp-content\\\/uploads\\\/2012\\\/06\\\/Internados-Cocapata-1-Bolivia.jpg\",\"contentUrl\":\"https:\\\/\\\/www.itakaescolapios.org\\\/wp-content\\\/uploads\\\/2012\\\/06\\\/Internados-Cocapata-1-Bolivia.jpg\",\"width\":\"1200\",\"height\":\"900\"},{\"@type\":\"BreadcrumbList\",\"@id\":\"https:\\\/\\\/www.itakaescolapios.org\\\/fr\\\/que-faisons-nous\\\/internados\\\/internado-campesino-cocapata-bolivia\\\/#breadcrumb\",\"itemListElement\":[{\"@type\":\"ListItem\",\"position\":1,\"name\":\"Itaka-Escolapios\",\"item\":\"https:\\\/\\\/www.itakaescolapios.org\\\/es\\\/\"},{\"@type\":\"ListItem\",\"position\":2,\"name\":\"Que faisons-nous\",\"item\":\"https:\\\/\\\/www.itakaescolapios.org\\\/es\\\/que-hacemos\\\/\"},{\"@type\":\"ListItem\",\"position\":3,\"name\":\"INTERNATS\",\"item\":\"https:\\\/\\\/www.itakaescolapios.org\\\/es\\\/que-hacemos\\\/internados\\\/\"},{\"@type\":\"ListItem\",\"position\":4,\"name\":\"INTERNAT VILLAGEOIS DE COCAPATA (BOLIVIE)\"}]},{\"@type\":\"WebSite\",\"@id\":\"https:\\\/\\\/www.itakaescolapios.org\\\/fr\\\/es\\\/#website\",\"url\":\"https:\\\/\\\/www.itakaescolapios.org\\\/fr\\\/es\\\/\",\"name\":\"Itaka-Escolapios\",\"description\":\"Red de Itaka-Escolapios\",\"publisher\":{\"@id\":\"https:\\\/\\\/www.itakaescolapios.org\\\/fr\\\/es\\\/#organization\"},\"potentialAction\":[{\"@type\":\"SearchAction\",\"target\":{\"@type\":\"EntryPoint\",\"urlTemplate\":\"https:\\\/\\\/www.itakaescolapios.org\\\/fr\\\/es\\\/?s={search_term_string}\"},\"query-input\":{\"@type\":\"PropertyValueSpecification\",\"valueRequired\":true,\"valueName\":\"search_term_string\"}}],\"inLanguage\":\"fr-FR\"},{\"@type\":\"Organization\",\"@id\":\"https:\\\/\\\/www.itakaescolapios.org\\\/fr\\\/es\\\/#organization\",\"name\":\"Fundaci\u00f3 Itaka-Escolapios\",\"url\":\"https:\\\/\\\/www.itakaescolapios.org\\\/fr\\\/es\\\/\",\"logo\":{\"@type\":\"ImageObject\",\"inLanguage\":\"fr-FR\",\"@id\":\"https:\\\/\\\/www.itakaescolapios.org\\\/fr\\\/es\\\/#\\\/schema\\\/logo\\\/image\\\/\",\"url\":\"https:\\\/\\\/www.itakaescolapios.org\\\/wp-content\\\/uploads\\\/2024\\\/04\\\/Logo-itakaescolapios-peque.png\",\"contentUrl\":\"https:\\\/\\\/www.itakaescolapios.org\\\/wp-content\\\/uploads\\\/2024\\\/04\\\/Logo-itakaescolapios-peque.png\",\"width\":500,\"height\":199,\"caption\":\"Fundaci\u00f3 Itaka-Escolapios\"},\"image\":{\"@id\":\"https:\\\/\\\/www.itakaescolapios.org\\\/fr\\\/es\\\/#\\\/schema\\\/logo\\\/image\\\/\"}}]}<\/script>\n<!-- \/ Yoast SEO plugin. -->","yoast_head_json":{"title":"INTERNAT VILLAGEOIS DE COCAPATA (BOLIVIE)","description":"Les communaut\u00e9s les plus proches du centre dans lequel se situe l'\u00e9cole de Cocapata sont \u00e0 5 heures de route. Dans plusieurs cas, il faut traverser plusieurs rivi\u00e8res ou franchir de hauts sommets de plus de 4.000 m\u00e8tres. Ceci d\u00e9montre le besoin \u00e9vident d\u00b4avoir cet internat. Avec la demande des parents, l'internat a \u00e9t\u00e9 inaugur\u00e9\u2026","robots":{"index":"index","follow":"follow","max-snippet":"max-snippet:-1","max-image-preview":"max-image-preview:large","max-video-preview":"max-video-preview:-1"},"canonical":"Les communaut\u00e9s les plus proches du centre dans lequel se situe l'\u00e9cole de Cocapata sont \u00e0 5 heures de route. Dans plusieurs cas, il faut traverser plusieurs rivi\u00e8res ou franchir de hauts sommets de plus de 4.000 m\u00e8tres. Ceci d\u00e9montre le besoin \u00e9vident d\u00b4avoir cet internat. Avec la demande des parents, l'internat a \u00e9t\u00e9 inaugur\u00e9\u2026","og_locale":"fr_FR","og_type":"article","og_title":"INTERNAT VILLAGEOIS DE COCAPATA (BOLIVIE)","og_description":"Les communaut\u00e9s les plus proches du centre dans lequel se situe l'\u00e9cole de Cocapata sont \u00e0 5 heures de route. Dans plusieurs cas, il faut traverser plusieurs rivi\u00e8res ou franchir de hauts sommets de plus de 4.000 m\u00e8tres. Ceci d\u00e9montre le besoin \u00e9vident d\u00b4avoir cet internat. Avec la demande des parents, l'internat a \u00e9t\u00e9 inaugur\u00e9\u2026","og_url":"https:\/\/www.itakaescolapios.org\/fr\/que-faisons-nous\/internados\/internado-campesino-cocapata-bolivia\/","og_site_name":"Itaka-Escolapios","article_modified_time":"2023-11-28T11:39:46+00:00","og_image":[{"width":1200,"height":900,"url":"https:\/\/www.itakaescolapios.org\/wp-content\/uploads\/2012\/06\/Internados-Cocapata-1-Bolivia.jpg","type":"image\/jpeg"}],"twitter_card":"summary_large_image","twitter_misc":{"Dur\u00e9e de lecture estim\u00e9e":"1 minute"},"schema":{"@context":"https:\/\/schema.org","@graph":[{"@type":"WebPage","@id":"https:\/\/www.itakaescolapios.org\/fr\/que-faisons-nous\/internados\/internado-campesino-cocapata-bolivia\/","url":"https:\/\/www.itakaescolapios.org\/fr\/que-faisons-nous\/internados\/internado-campesino-cocapata-bolivia\/","name":"Internado Campesino Cocapata (Bolivia) - Itaka-Escolapios","isPartOf":{"@id":"https:\/\/www.itakaescolapios.org\/es\/#website"},"primaryImageOfPage":{"@id":"https:\/\/www.itakaescolapios.org\/fr\/que-faisons-nous\/internados\/internado-campesino-cocapata-bolivia\/#primaryimage"},"image":{"@id":"https:\/\/www.itakaescolapios.org\/fr\/que-faisons-nous\/internados\/internado-campesino-cocapata-bolivia\/#primaryimage"},"thumbnailUrl":"https:\/\/www.itakaescolapios.org\/wp-content\/uploads\/2012\/06\/Internados-Cocapata-1-Bolivia.jpg","datePublished":"2012-06-04T10:20:27+00:00","dateModified":"2023-11-28T11:39:46+00:00","breadcrumb":{"@id":"https:\/\/www.itakaescolapios.org\/fr\/que-faisons-nous\/internados\/internado-campesino-cocapata-bolivia\/#breadcrumb"},"inLanguage":"fr-FR","potentialAction":[{"@type":"ReadAction","target":["https:\/\/www.itakaescolapios.org\/fr\/que-faisons-nous\/internados\/internado-campesino-cocapata-bolivia\/"]}]},{"@type":"ImageObject","inLanguage":"fr-FR","@id":"https:\/\/www.itakaescolapios.org\/fr\/que-faisons-nous\/internados\/internado-campesino-cocapata-bolivia\/#primaryimage","url":"https:\/\/www.itakaescolapios.org\/wp-content\/uploads\/2012\/06\/Internados-Cocapata-1-Bolivia.jpg","contentUrl":"https:\/\/www.itakaescolapios.org\/wp-content\/uploads\/2012\/06\/Internados-Cocapata-1-Bolivia.jpg","width":"1200","height":"900"},{"@type":"BreadcrumbList","@id":"https:\/\/www.itakaescolapios.org\/fr\/que-faisons-nous\/internados\/internado-campesino-cocapata-bolivia\/#breadcrumb","itemListElement":[{"@type":"ListItem","position":1,"name":"Itaka-Escolapios","item":"https:\/\/www.itakaescolapios.org\/es\/"},{"@type":"ListItem","position":2,"name":"Que faisons-nous","item":"https:\/\/www.itakaescolapios.org\/es\/que-hacemos\/"},{"@type":"ListItem","position":3,"name":"INTERNATS","item":"https:\/\/www.itakaescolapios.org\/es\/que-hacemos\/internados\/"},{"@type":"ListItem","position":4,"name":"INTERNAT VILLAGEOIS DE COCAPATA (BOLIVIE)"}]},{"@type":"WebSite","@id":"https:\/\/www.itakaescolapios.org\/fr\/es\/#website","url":"https:\/\/www.itakaescolapios.org\/fr\/es\/","name":"Itaka-Escolapios","description":"Red de Itaka-Escolapios","publisher":{"@id":"https:\/\/www.itakaescolapios.org\/fr\/es\/#organization"},"potentialAction":[{"@type":"SearchAction","target":{"@type":"EntryPoint","urlTemplate":"https:\/\/www.itakaescolapios.org\/fr\/es\/?s={search_term_string}"},"query-input":{"@type":"PropertyValueSpecification","valueRequired":true,"valueName":"search_term_string"}}],"inLanguage":"fr-FR"},{"@type":"Organization","@id":"https:\/\/www.itakaescolapios.org\/fr\/es\/#organization","name":"Fundaci\u00f3 Itaka-Escolapios","url":"https:\/\/www.itakaescolapios.org\/fr\/es\/","logo":{"@type":"ImageObject","inLanguage":"fr-FR","@id":"https:\/\/www.itakaescolapios.org\/fr\/es\/#\/schema\/logo\/image\/","url":"https:\/\/www.itakaescolapios.org\/wp-content\/uploads\/2024\/04\/Logo-itakaescolapios-peque.png","contentUrl":"https:\/\/www.itakaescolapios.org\/wp-content\/uploads\/2024\/04\/Logo-itakaescolapios-peque.png","width":500,"height":199,"caption":"Fundaci\u00f3 Itaka-Escolapios"},"image":{"@id":"https:\/\/www.itakaescolapios.org\/fr\/es\/#\/schema\/logo\/image\/"}}]}},"_links":{"self":[{"href":"https:\/\/www.itakaescolapios.org\/fr\/wp-json\/wp\/v2\/pages\/395","targetHints":{"allow":["GET"]}}],"collection":[{"href":"https:\/\/www.itakaescolapios.org\/fr\/wp-json\/wp\/v2\/pages"}],"about":[{"href":"https:\/\/www.itakaescolapios.org\/fr\/wp-json\/wp\/v2\/types\/page"}],"author":[{"embeddable":true,"href":"https:\/\/www.itakaescolapios.org\/fr\/wp-json\/wp\/v2\/users\/1"}],"replies":[{"embeddable":true,"href":"https:\/\/www.itakaescolapios.org\/fr\/wp-json\/wp\/v2\/comments?post=395"}],"version-history":[{"count":10,"href":"https:\/\/www.itakaescolapios.org\/fr\/wp-json\/wp\/v2\/pages\/395\/revisions"}],"predecessor-version":[{"id":50233,"href":"https:\/\/www.itakaescolapios.org\/fr\/wp-json\/wp\/v2\/pages\/395\/revisions\/50233"}],"up":[{"embeddable":true,"href":"https:\/\/www.itakaescolapios.org\/fr\/wp-json\/wp\/v2\/pages\/93"}],"wp:featuredmedia":[{"embeddable":true,"href":"https:\/\/www.itakaescolapios.org\/fr\/wp-json\/wp\/v2\/media\/1414"}],"wp:attachment":[{"href":"https:\/\/www.itakaescolapios.org\/fr\/wp-json\/wp\/v2\/media?parent=395"}],"curies":[{"name":"wp","href":"https:\/\/api.w.org\/{rel}","templated":true}]}}