{"id":397,"date":"2012-06-04T11:20:45","date_gmt":"2012-06-04T10:20:45","guid":{"rendered":"https:\/\/www.itakaescolapios.org\/?page_id=397"},"modified":"2023-11-28T12:39:46","modified_gmt":"2023-11-28T11:39:46","slug":"internado-malaga-de-anzaldo-bolivia","status":"publish","type":"page","link":"https:\/\/www.itakaescolapios.org\/fr\/que-faisons-nous\/internados\/internado-malaga-de-anzaldo-bolivia\/","title":{"rendered":"INTERNAT MALAGA D\u2019ANZALDO (BOLIVIE)"},"content":{"rendered":"<p align=\"JUSTIFY\">L&rsquo;internat fonctionne depuis 1994 et compte de 190 places pour enfants. Il a \u00e9t\u00e9 mis en place apr\u00e8s avoir constat\u00e9 que les grandes distances existantes entre l&rsquo;\u00e9cole et les maisons de la majorit\u00e9 des \u00e9l\u00e8ves faisaient que beaucoup d\u2019enfants abandonnaient leurs \u00e9tudes ou qu&rsquo;ils ne pouvaient pas b\u00e9n\u00e9ficier au maximum de leur participation \u00e0 l\u00b4\u00e9cole. De plus les parents \u00e9taient souvent r\u00e9ticents \u00e0 ce que leurs filles parcourent seules de grandes distances\u00a0; c\u00b4est ainsi que l&rsquo;internat permet d&rsquo;am\u00e9liorer les taux d&rsquo;inscription des filles \u00e0 l&rsquo;\u00e9cole.<\/p>\n<p align=\"JUSTIFY\">En plus d&rsquo;assurer l\u2019assiduit\u00e9 \u00e0 l&rsquo;\u00e9cole des enfants ayant des difficult\u00e9s \u00e9conomiques ou qui vivent loin de l&rsquo;\u00e9cole, l&rsquo;internat garantit une bonne alimentation et la prise en charge m\u00e9dicale.Le soutien scolaire et les diff\u00e9rentes activit\u00e9s compl\u00e9mentaires qui sont organis\u00e9es par l&rsquo;internat sont aussi possibles pour les autres enfants de l&rsquo;\u00e9cole.<\/p>\n<p align=\"JUSTIFY\">De plus en plus d\u2019enfants arrivent \u00e0 l&rsquo;internat d&rsquo;Anzaldo, \u00e0 partir de 6 ans, comme cons\u00e9quence de la fermeture progressive de plusieurs petites \u00e9coles rurales des communaut\u00e9s.<\/p>\n","protected":false},"excerpt":{"rendered":"<p>L&rsquo;internat fonctionne depuis 1994 et compte de 190 places pour enfants. Il a \u00e9t\u00e9 mis en place apr\u00e8s avoir constat\u00e9 que les grandes distances existantes entre l&rsquo;\u00e9cole et les maisons [&hellip;]<\/p>\n","protected":false},"author":1,"featured_media":1403,"parent":93,"menu_order":3,"comment_status":"closed","ping_status":"closed","template":"","meta":{"_et_pb_use_builder":"","_et_pb_old_content":"","_et_gb_content_width":"","footnotes":""},"class_list":["post-397","page","type-page","status-publish","has-post-thumbnail","hentry"],"yoast_head":"<!-- This site is optimized with the Yoast SEO plugin v27.3 - https:\/\/yoast.com\/product\/yoast-seo-wordpress\/ -->\n<title>INTERNAT MALAGA D\u2019ANZALDO (BOLIVIE)<\/title>\n<meta name=\"description\" content=\"L&#039;internat fonctionne depuis 1994 et compte de 190 places pour enfants. Il a \u00e9t\u00e9 mis en place apr\u00e8s avoir constat\u00e9 que les grandes distances existantes entre l&#039;\u00e9cole et les maisons de la majorit\u00e9 des \u00e9l\u00e8ves faisaient que beaucoup d\u2019enfants abandonnaient leurs \u00e9tudes ou qu&#039;ils ne pouvaient pas b\u00e9n\u00e9ficier au maximum de leur participation \u00e0 l\u00b4\u00e9cole.\u2026\" \/>\n<meta name=\"robots\" content=\"index, follow, max-snippet:-1, max-image-preview:large, max-video-preview:-1\" \/>\n<link rel=\"canonical\" href=\"http:\/\/L'internat%20fonctionne%20depuis%201994%20et%20compte%20de%20190%20places%20pour%20enfants.%20Il%20a%20\u00e9t\u00e9%20mis%20en%20place%20apr\u00e8s%20avoir%20constat\u00e9%20que%20les%20grandes%20distances%20existantes%20entre%20l'\u00e9cole%20et%20les%20maisons%20de%20la%20majorit\u00e9%20des%20\u00e9l\u00e8ves%20faisaient%20que%20beaucoup%20d\u2019enfants%20abandonnaient%20leurs%20\u00e9tudes%20ou%20qu'ils%20ne%20pouvaient%20pas%20b\u00e9n\u00e9ficier%20au%20maximum%20de%20leur%20participation%20\u00e0%20l\u00b4\u00e9cole.\u2026\" \/>\n<meta property=\"og:locale\" content=\"fr_FR\" \/>\n<meta property=\"og:type\" content=\"article\" \/>\n<meta property=\"og:title\" content=\"INTERNAT MALAGA D\u2019ANZALDO (BOLIVIE)\" \/>\n<meta property=\"og:description\" content=\"L&#039;internat fonctionne depuis 1994 et compte de 190 places pour enfants. Il a \u00e9t\u00e9 mis en place apr\u00e8s avoir constat\u00e9 que les grandes distances existantes entre l&#039;\u00e9cole et les maisons de la majorit\u00e9 des \u00e9l\u00e8ves faisaient que beaucoup d\u2019enfants abandonnaient leurs \u00e9tudes ou qu&#039;ils ne pouvaient pas b\u00e9n\u00e9ficier au maximum de leur participation \u00e0 l\u00b4\u00e9cole.\u2026\" \/>\n<meta property=\"og:url\" content=\"https:\/\/www.itakaescolapios.org\/fr\/que-faisons-nous\/internados\/internado-malaga-de-anzaldo-bolivia\/\" \/>\n<meta property=\"og:site_name\" content=\"Itaka-Escolapios\" \/>\n<meta property=\"article:modified_time\" content=\"2023-11-28T11:39:46+00:00\" \/>\n<meta property=\"og:image\" content=\"https:\/\/www.itakaescolapios.org\/wp-content\/uploads\/2012\/06\/Internados-Anzaldo-10-Bolivia.jpg\" \/>\n\t<meta property=\"og:image:width\" content=\"1200\" \/>\n\t<meta property=\"og:image:height\" content=\"900\" \/>\n\t<meta property=\"og:image:type\" content=\"image\/jpeg\" \/>\n<meta name=\"twitter:card\" content=\"summary_large_image\" \/>\n<meta name=\"twitter:label1\" content=\"Dur\u00e9e de lecture estim\u00e9e\" \/>\n\t<meta name=\"twitter:data1\" content=\"1 minute\" \/>\n<script type=\"application\/ld+json\" class=\"yoast-schema-graph\">{\"@context\":\"https:\\\/\\\/schema.org\",\"@graph\":[{\"@type\":\"WebPage\",\"@id\":\"https:\\\/\\\/www.itakaescolapios.org\\\/fr\\\/que-faisons-nous\\\/internados\\\/internado-malaga-de-anzaldo-bolivia\\\/\",\"url\":\"https:\\\/\\\/www.itakaescolapios.org\\\/fr\\\/que-faisons-nous\\\/internados\\\/internado-malaga-de-anzaldo-bolivia\\\/\",\"name\":\"Internado \u201cM\u00e1laga\u201d de Anzaldo (Bolivia) - Itaka-Escolapios\",\"isPartOf\":{\"@id\":\"https:\\\/\\\/www.itakaescolapios.org\\\/es\\\/#website\"},\"primaryImageOfPage\":{\"@id\":\"https:\\\/\\\/www.itakaescolapios.org\\\/fr\\\/que-faisons-nous\\\/internados\\\/internado-malaga-de-anzaldo-bolivia\\\/#primaryimage\"},\"image\":{\"@id\":\"https:\\\/\\\/www.itakaescolapios.org\\\/fr\\\/que-faisons-nous\\\/internados\\\/internado-malaga-de-anzaldo-bolivia\\\/#primaryimage\"},\"thumbnailUrl\":\"https:\\\/\\\/www.itakaescolapios.org\\\/wp-content\\\/uploads\\\/2012\\\/06\\\/Internados-Anzaldo-10-Bolivia.jpg\",\"datePublished\":\"2012-06-04T10:20:45+00:00\",\"dateModified\":\"2023-11-28T11:39:46+00:00\",\"breadcrumb\":{\"@id\":\"https:\\\/\\\/www.itakaescolapios.org\\\/fr\\\/que-faisons-nous\\\/internados\\\/internado-malaga-de-anzaldo-bolivia\\\/#breadcrumb\"},\"inLanguage\":\"fr-FR\",\"potentialAction\":[{\"@type\":\"ReadAction\",\"target\":[\"https:\\\/\\\/www.itakaescolapios.org\\\/fr\\\/que-faisons-nous\\\/internados\\\/internado-malaga-de-anzaldo-bolivia\\\/\"]}]},{\"@type\":\"ImageObject\",\"inLanguage\":\"fr-FR\",\"@id\":\"https:\\\/\\\/www.itakaescolapios.org\\\/fr\\\/que-faisons-nous\\\/internados\\\/internado-malaga-de-anzaldo-bolivia\\\/#primaryimage\",\"url\":\"https:\\\/\\\/www.itakaescolapios.org\\\/wp-content\\\/uploads\\\/2012\\\/06\\\/Internados-Anzaldo-10-Bolivia.jpg\",\"contentUrl\":\"https:\\\/\\\/www.itakaescolapios.org\\\/wp-content\\\/uploads\\\/2012\\\/06\\\/Internados-Anzaldo-10-Bolivia.jpg\",\"width\":\"1200\",\"height\":\"900\"},{\"@type\":\"BreadcrumbList\",\"@id\":\"https:\\\/\\\/www.itakaescolapios.org\\\/fr\\\/que-faisons-nous\\\/internados\\\/internado-malaga-de-anzaldo-bolivia\\\/#breadcrumb\",\"itemListElement\":[{\"@type\":\"ListItem\",\"position\":1,\"name\":\"Itaka-Escolapios\",\"item\":\"https:\\\/\\\/www.itakaescolapios.org\\\/es\\\/\"},{\"@type\":\"ListItem\",\"position\":2,\"name\":\"Que faisons-nous\",\"item\":\"https:\\\/\\\/www.itakaescolapios.org\\\/es\\\/que-hacemos\\\/\"},{\"@type\":\"ListItem\",\"position\":3,\"name\":\"INTERNATS\",\"item\":\"https:\\\/\\\/www.itakaescolapios.org\\\/es\\\/que-hacemos\\\/internados\\\/\"},{\"@type\":\"ListItem\",\"position\":4,\"name\":\"INTERNAT MALAGA D\u2019ANZALDO (BOLIVIE)\"}]},{\"@type\":\"WebSite\",\"@id\":\"https:\\\/\\\/www.itakaescolapios.org\\\/fr\\\/es\\\/#website\",\"url\":\"https:\\\/\\\/www.itakaescolapios.org\\\/fr\\\/es\\\/\",\"name\":\"Itaka-Escolapios\",\"description\":\"Red de Itaka-Escolapios\",\"publisher\":{\"@id\":\"https:\\\/\\\/www.itakaescolapios.org\\\/fr\\\/es\\\/#organization\"},\"potentialAction\":[{\"@type\":\"SearchAction\",\"target\":{\"@type\":\"EntryPoint\",\"urlTemplate\":\"https:\\\/\\\/www.itakaescolapios.org\\\/fr\\\/es\\\/?s={search_term_string}\"},\"query-input\":{\"@type\":\"PropertyValueSpecification\",\"valueRequired\":true,\"valueName\":\"search_term_string\"}}],\"inLanguage\":\"fr-FR\"},{\"@type\":\"Organization\",\"@id\":\"https:\\\/\\\/www.itakaescolapios.org\\\/fr\\\/es\\\/#organization\",\"name\":\"Fundaci\u00f3 Itaka-Escolapios\",\"url\":\"https:\\\/\\\/www.itakaescolapios.org\\\/fr\\\/es\\\/\",\"logo\":{\"@type\":\"ImageObject\",\"inLanguage\":\"fr-FR\",\"@id\":\"https:\\\/\\\/www.itakaescolapios.org\\\/fr\\\/es\\\/#\\\/schema\\\/logo\\\/image\\\/\",\"url\":\"https:\\\/\\\/www.itakaescolapios.org\\\/wp-content\\\/uploads\\\/2024\\\/04\\\/Logo-itakaescolapios-peque.png\",\"contentUrl\":\"https:\\\/\\\/www.itakaescolapios.org\\\/wp-content\\\/uploads\\\/2024\\\/04\\\/Logo-itakaescolapios-peque.png\",\"width\":500,\"height\":199,\"caption\":\"Fundaci\u00f3 Itaka-Escolapios\"},\"image\":{\"@id\":\"https:\\\/\\\/www.itakaescolapios.org\\\/fr\\\/es\\\/#\\\/schema\\\/logo\\\/image\\\/\"}}]}<\/script>\n<!-- \/ Yoast SEO plugin. -->","yoast_head_json":{"title":"INTERNAT MALAGA D\u2019ANZALDO (BOLIVIE)","description":"L'internat fonctionne depuis 1994 et compte de 190 places pour enfants. Il a \u00e9t\u00e9 mis en place apr\u00e8s avoir constat\u00e9 que les grandes distances existantes entre l'\u00e9cole et les maisons de la majorit\u00e9 des \u00e9l\u00e8ves faisaient que beaucoup d\u2019enfants abandonnaient leurs \u00e9tudes ou qu'ils ne pouvaient pas b\u00e9n\u00e9ficier au maximum de leur participation \u00e0 l\u00b4\u00e9cole.\u2026","robots":{"index":"index","follow":"follow","max-snippet":"max-snippet:-1","max-image-preview":"max-image-preview:large","max-video-preview":"max-video-preview:-1"},"canonical":"L'internat fonctionne depuis 1994 et compte de 190 places pour enfants. Il a \u00e9t\u00e9 mis en place apr\u00e8s avoir constat\u00e9 que les grandes distances existantes entre l'\u00e9cole et les maisons de la majorit\u00e9 des \u00e9l\u00e8ves faisaient que beaucoup d\u2019enfants abandonnaient leurs \u00e9tudes ou qu'ils ne pouvaient pas b\u00e9n\u00e9ficier au maximum de leur participation \u00e0 l\u00b4\u00e9cole.\u2026","og_locale":"fr_FR","og_type":"article","og_title":"INTERNAT MALAGA D\u2019ANZALDO (BOLIVIE)","og_description":"L'internat fonctionne depuis 1994 et compte de 190 places pour enfants. Il a \u00e9t\u00e9 mis en place apr\u00e8s avoir constat\u00e9 que les grandes distances existantes entre l'\u00e9cole et les maisons de la majorit\u00e9 des \u00e9l\u00e8ves faisaient que beaucoup d\u2019enfants abandonnaient leurs \u00e9tudes ou qu'ils ne pouvaient pas b\u00e9n\u00e9ficier au maximum de leur participation \u00e0 l\u00b4\u00e9cole.\u2026","og_url":"https:\/\/www.itakaescolapios.org\/fr\/que-faisons-nous\/internados\/internado-malaga-de-anzaldo-bolivia\/","og_site_name":"Itaka-Escolapios","article_modified_time":"2023-11-28T11:39:46+00:00","og_image":[{"width":1200,"height":900,"url":"https:\/\/www.itakaescolapios.org\/wp-content\/uploads\/2012\/06\/Internados-Anzaldo-10-Bolivia.jpg","type":"image\/jpeg"}],"twitter_card":"summary_large_image","twitter_misc":{"Dur\u00e9e de lecture estim\u00e9e":"1 minute"},"schema":{"@context":"https:\/\/schema.org","@graph":[{"@type":"WebPage","@id":"https:\/\/www.itakaescolapios.org\/fr\/que-faisons-nous\/internados\/internado-malaga-de-anzaldo-bolivia\/","url":"https:\/\/www.itakaescolapios.org\/fr\/que-faisons-nous\/internados\/internado-malaga-de-anzaldo-bolivia\/","name":"Internado \u201cM\u00e1laga\u201d de Anzaldo (Bolivia) - Itaka-Escolapios","isPartOf":{"@id":"https:\/\/www.itakaescolapios.org\/es\/#website"},"primaryImageOfPage":{"@id":"https:\/\/www.itakaescolapios.org\/fr\/que-faisons-nous\/internados\/internado-malaga-de-anzaldo-bolivia\/#primaryimage"},"image":{"@id":"https:\/\/www.itakaescolapios.org\/fr\/que-faisons-nous\/internados\/internado-malaga-de-anzaldo-bolivia\/#primaryimage"},"thumbnailUrl":"https:\/\/www.itakaescolapios.org\/wp-content\/uploads\/2012\/06\/Internados-Anzaldo-10-Bolivia.jpg","datePublished":"2012-06-04T10:20:45+00:00","dateModified":"2023-11-28T11:39:46+00:00","breadcrumb":{"@id":"https:\/\/www.itakaescolapios.org\/fr\/que-faisons-nous\/internados\/internado-malaga-de-anzaldo-bolivia\/#breadcrumb"},"inLanguage":"fr-FR","potentialAction":[{"@type":"ReadAction","target":["https:\/\/www.itakaescolapios.org\/fr\/que-faisons-nous\/internados\/internado-malaga-de-anzaldo-bolivia\/"]}]},{"@type":"ImageObject","inLanguage":"fr-FR","@id":"https:\/\/www.itakaescolapios.org\/fr\/que-faisons-nous\/internados\/internado-malaga-de-anzaldo-bolivia\/#primaryimage","url":"https:\/\/www.itakaescolapios.org\/wp-content\/uploads\/2012\/06\/Internados-Anzaldo-10-Bolivia.jpg","contentUrl":"https:\/\/www.itakaescolapios.org\/wp-content\/uploads\/2012\/06\/Internados-Anzaldo-10-Bolivia.jpg","width":"1200","height":"900"},{"@type":"BreadcrumbList","@id":"https:\/\/www.itakaescolapios.org\/fr\/que-faisons-nous\/internados\/internado-malaga-de-anzaldo-bolivia\/#breadcrumb","itemListElement":[{"@type":"ListItem","position":1,"name":"Itaka-Escolapios","item":"https:\/\/www.itakaescolapios.org\/es\/"},{"@type":"ListItem","position":2,"name":"Que faisons-nous","item":"https:\/\/www.itakaescolapios.org\/es\/que-hacemos\/"},{"@type":"ListItem","position":3,"name":"INTERNATS","item":"https:\/\/www.itakaescolapios.org\/es\/que-hacemos\/internados\/"},{"@type":"ListItem","position":4,"name":"INTERNAT MALAGA D\u2019ANZALDO (BOLIVIE)"}]},{"@type":"WebSite","@id":"https:\/\/www.itakaescolapios.org\/fr\/es\/#website","url":"https:\/\/www.itakaescolapios.org\/fr\/es\/","name":"Itaka-Escolapios","description":"Red de Itaka-Escolapios","publisher":{"@id":"https:\/\/www.itakaescolapios.org\/fr\/es\/#organization"},"potentialAction":[{"@type":"SearchAction","target":{"@type":"EntryPoint","urlTemplate":"https:\/\/www.itakaescolapios.org\/fr\/es\/?s={search_term_string}"},"query-input":{"@type":"PropertyValueSpecification","valueRequired":true,"valueName":"search_term_string"}}],"inLanguage":"fr-FR"},{"@type":"Organization","@id":"https:\/\/www.itakaescolapios.org\/fr\/es\/#organization","name":"Fundaci\u00f3 Itaka-Escolapios","url":"https:\/\/www.itakaescolapios.org\/fr\/es\/","logo":{"@type":"ImageObject","inLanguage":"fr-FR","@id":"https:\/\/www.itakaescolapios.org\/fr\/es\/#\/schema\/logo\/image\/","url":"https:\/\/www.itakaescolapios.org\/wp-content\/uploads\/2024\/04\/Logo-itakaescolapios-peque.png","contentUrl":"https:\/\/www.itakaescolapios.org\/wp-content\/uploads\/2024\/04\/Logo-itakaescolapios-peque.png","width":500,"height":199,"caption":"Fundaci\u00f3 Itaka-Escolapios"},"image":{"@id":"https:\/\/www.itakaescolapios.org\/fr\/es\/#\/schema\/logo\/image\/"}}]}},"_links":{"self":[{"href":"https:\/\/www.itakaescolapios.org\/fr\/wp-json\/wp\/v2\/pages\/397","targetHints":{"allow":["GET"]}}],"collection":[{"href":"https:\/\/www.itakaescolapios.org\/fr\/wp-json\/wp\/v2\/pages"}],"about":[{"href":"https:\/\/www.itakaescolapios.org\/fr\/wp-json\/wp\/v2\/types\/page"}],"author":[{"embeddable":true,"href":"https:\/\/www.itakaescolapios.org\/fr\/wp-json\/wp\/v2\/users\/1"}],"replies":[{"embeddable":true,"href":"https:\/\/www.itakaescolapios.org\/fr\/wp-json\/wp\/v2\/comments?post=397"}],"version-history":[{"count":10,"href":"https:\/\/www.itakaescolapios.org\/fr\/wp-json\/wp\/v2\/pages\/397\/revisions"}],"predecessor-version":[{"id":50231,"href":"https:\/\/www.itakaescolapios.org\/fr\/wp-json\/wp\/v2\/pages\/397\/revisions\/50231"}],"up":[{"embeddable":true,"href":"https:\/\/www.itakaescolapios.org\/fr\/wp-json\/wp\/v2\/pages\/93"}],"wp:featuredmedia":[{"embeddable":true,"href":"https:\/\/www.itakaescolapios.org\/fr\/wp-json\/wp\/v2\/media\/1403"}],"wp:attachment":[{"href":"https:\/\/www.itakaescolapios.org\/fr\/wp-json\/wp\/v2\/media?parent=397"}],"curies":[{"name":"wp","href":"https:\/\/api.w.org\/{rel}","templated":true}]}}