{"id":399,"date":"2012-06-04T11:21:03","date_gmt":"2012-06-04T10:21:03","guid":{"rendered":"https:\/\/www.itakaescolapios.org\/?page_id=399"},"modified":"2023-11-28T12:39:46","modified_gmt":"2023-11-28T11:39:46","slug":"internado-calasanz-morocomarca-bolivia","status":"publish","type":"page","link":"https:\/\/www.itakaescolapios.org\/fr\/que-faisons-nous\/internados\/internado-calasanz-morocomarca-bolivia\/","title":{"rendered":"INTERNAT CALASANZ DE MOROCOMARCA (BOLIVIE)"},"content":{"rendered":"<p align=\"JUSTIFY\">La premi\u00e8re demande d&rsquo;appui de la part des autorit\u00e9s municipales d&rsquo;Unc\u00eda et par les \u00ab\u00a0Ayllus\u00a0\u00bb (une structure sociale traditionnelle) parvient aux p\u00e8res piaristes en 2003. Le chemin a \u00e9t\u00e9 long jusqu&rsquo;\u00e0 la cr\u00e9ation et l\u2019ouverture de l&rsquo;internat en 2011.<\/p>\n<p align=\"JUSTIFY\">L&rsquo;internat se situe dans la communaut\u00e9 de Morocomarca, \u00e0 environ 4.000 m\u00e8tres d\u2019altitude et avec un climat froid toute l&rsquo;ann\u00e9e, sp\u00e9cialement durant les nuits. Sa n\u00e9cessit\u00e9 est fond\u00e9e sur l&rsquo;urgence de garantir une \u00e9ducation aux enfants qui vivent tr\u00e8s \u00e9loign\u00e9s de l&rsquo;\u00e9cole, dans des communaut\u00e9s tr\u00e8s dispers\u00e9es.Cependant, dans ce cas pr\u00e9cis, s\u2019ajoute \u00e0 la distance un climat de violence pr\u00e9valent dans la zone, cr\u00e9\u00e9 par une guerre sur fond de conflits fonciers \u00e0 propos des limites territoriales qui opposent les Ayllus et qui ont laiss\u00e9 beaucoup d&rsquo;enfants orphelins. On estime \u00e0 10.000 le nombre de personnes mortes en 200 ans et actuellement dans la zone il y a environ 50 orphelins.<\/p>\n<p align=\"JUSTIFY\">L&rsquo;internat dispose de 160 places et jouit d&rsquo;un fort soutien local, d\u2019o\u00f9 la demande pressante des autorit\u00e9s pour une pr\u00e9sence piariste dans la zone, \u00ab\u00a0venez \u00e9duquer nos enfants pour qu&rsquo;ils ne se tuent pas\u00a0\u00bb.<\/p>\n<p>&nbsp;<\/p>\n","protected":false},"excerpt":{"rendered":"<p>La premi\u00e8re demande d&rsquo;appui de la part des autorit\u00e9s municipales d&rsquo;Unc\u00eda et par les \u00ab\u00a0Ayllus\u00a0\u00bb (une structure sociale traditionnelle) parvient aux p\u00e8res piaristes en 2003. Le chemin a \u00e9t\u00e9 long [&hellip;]<\/p>\n","protected":false},"author":1,"featured_media":1390,"parent":93,"menu_order":4,"comment_status":"closed","ping_status":"closed","template":"","meta":{"_et_pb_use_builder":"","_et_pb_old_content":"","_et_gb_content_width":"","footnotes":""},"class_list":["post-399","page","type-page","status-publish","has-post-thumbnail","hentry"],"yoast_head":"<!-- This site is optimized with the Yoast SEO plugin v27.3 - https:\/\/yoast.com\/product\/yoast-seo-wordpress\/ -->\n<title>INTERNAT CALASANZ DE MOROCOMARCA (BOLIVIE)<\/title>\n<meta name=\"description\" content=\"La premi\u00e8re demande d&#039;appui de la part des autorit\u00e9s municipales d&#039;Unc\u00eda et par les &quot;Ayllus&quot; (une structure sociale traditionnelle) parvient aux p\u00e8res piaristes en 2003. Le chemin a \u00e9t\u00e9 long jusqu&#039;\u00e0 la cr\u00e9ation et l\u2019ouverture de l&#039;internat en 2011. L&#039;internat se situe dans la communaut\u00e9 de Morocomarca, \u00e0 environ 4.000 m\u00e8tres d\u2019altitude et avec un\u2026\" \/>\n<meta name=\"robots\" content=\"index, follow, max-snippet:-1, max-image-preview:large, max-video-preview:-1\" \/>\n<link rel=\"canonical\" href=\"http:\/\/La%20premi\u00e8re%20demande%20d'appui%20de%20la%20part%20des%20autorit\u00e9s%20municipales%20d'Unc\u00eda%20et%20par%20les%20Ayllus%20(une%20structure%20sociale%20traditionnelle)%20parvient%20aux%20p\u00e8res%20piaristes%20en%202003.%20Le%20chemin%20a%20\u00e9t\u00e9%20long%20jusqu'\u00e0%20la%20cr\u00e9ation%20et%20l\u2019ouverture%20de%20l'internat%20en%202011.%20L'internat%20se%20situe%20dans%20la%20communaut\u00e9%20de%20Morocomarca,%20\u00e0%20environ%204.000%20m\u00e8tres%20d\u2019altitude%20et%20avec%20un\u2026\" \/>\n<meta property=\"og:locale\" content=\"fr_FR\" \/>\n<meta property=\"og:type\" content=\"article\" \/>\n<meta property=\"og:title\" content=\"INTERNAT CALASANZ DE MOROCOMARCA (BOLIVIE)\" \/>\n<meta property=\"og:description\" content=\"La premi\u00e8re demande d&#039;appui de la part des autorit\u00e9s municipales d&#039;Unc\u00eda et par les &quot;Ayllus&quot; (une structure sociale traditionnelle) parvient aux p\u00e8res piaristes en 2003. Le chemin a \u00e9t\u00e9 long jusqu&#039;\u00e0 la cr\u00e9ation et l\u2019ouverture de l&#039;internat en 2011. L&#039;internat se situe dans la communaut\u00e9 de Morocomarca, \u00e0 environ 4.000 m\u00e8tres d\u2019altitude et avec un\u2026\" \/>\n<meta property=\"og:url\" content=\"https:\/\/www.itakaescolapios.org\/fr\/que-faisons-nous\/internados\/internado-calasanz-morocomarca-bolivia\/\" \/>\n<meta property=\"og:site_name\" content=\"Itaka-Escolapios\" \/>\n<meta property=\"article:modified_time\" content=\"2023-11-28T11:39:46+00:00\" \/>\n<meta property=\"og:image\" content=\"https:\/\/www.itakaescolapios.org\/wp-content\/uploads\/2012\/06\/Internados-Morocomarca-2-Bolivia.jpg\" \/>\n\t<meta property=\"og:image:width\" content=\"1200\" \/>\n\t<meta property=\"og:image:height\" content=\"894\" \/>\n\t<meta property=\"og:image:type\" content=\"image\/jpeg\" \/>\n<meta name=\"twitter:card\" content=\"summary_large_image\" \/>\n<meta name=\"twitter:label1\" content=\"Dur\u00e9e de lecture estim\u00e9e\" \/>\n\t<meta name=\"twitter:data1\" content=\"1 minute\" \/>\n<script type=\"application\/ld+json\" class=\"yoast-schema-graph\">{\"@context\":\"https:\\\/\\\/schema.org\",\"@graph\":[{\"@type\":\"WebPage\",\"@id\":\"https:\\\/\\\/www.itakaescolapios.org\\\/fr\\\/que-faisons-nous\\\/internados\\\/internado-calasanz-morocomarca-bolivia\\\/\",\"url\":\"https:\\\/\\\/www.itakaescolapios.org\\\/fr\\\/que-faisons-nous\\\/internados\\\/internado-calasanz-morocomarca-bolivia\\\/\",\"name\":\"Internado Calasanz Morocomarca (Bolivia) - Itaka-Escolapios\",\"isPartOf\":{\"@id\":\"https:\\\/\\\/www.itakaescolapios.org\\\/es\\\/#website\"},\"primaryImageOfPage\":{\"@id\":\"https:\\\/\\\/www.itakaescolapios.org\\\/fr\\\/que-faisons-nous\\\/internados\\\/internado-calasanz-morocomarca-bolivia\\\/#primaryimage\"},\"image\":{\"@id\":\"https:\\\/\\\/www.itakaescolapios.org\\\/fr\\\/que-faisons-nous\\\/internados\\\/internado-calasanz-morocomarca-bolivia\\\/#primaryimage\"},\"thumbnailUrl\":\"https:\\\/\\\/www.itakaescolapios.org\\\/wp-content\\\/uploads\\\/2012\\\/06\\\/Internados-Morocomarca-2-Bolivia.jpg\",\"datePublished\":\"2012-06-04T10:21:03+00:00\",\"dateModified\":\"2023-11-28T11:39:46+00:00\",\"breadcrumb\":{\"@id\":\"https:\\\/\\\/www.itakaescolapios.org\\\/fr\\\/que-faisons-nous\\\/internados\\\/internado-calasanz-morocomarca-bolivia\\\/#breadcrumb\"},\"inLanguage\":\"fr-FR\",\"potentialAction\":[{\"@type\":\"ReadAction\",\"target\":[\"https:\\\/\\\/www.itakaescolapios.org\\\/fr\\\/que-faisons-nous\\\/internados\\\/internado-calasanz-morocomarca-bolivia\\\/\"]}]},{\"@type\":\"ImageObject\",\"inLanguage\":\"fr-FR\",\"@id\":\"https:\\\/\\\/www.itakaescolapios.org\\\/fr\\\/que-faisons-nous\\\/internados\\\/internado-calasanz-morocomarca-bolivia\\\/#primaryimage\",\"url\":\"https:\\\/\\\/www.itakaescolapios.org\\\/wp-content\\\/uploads\\\/2012\\\/06\\\/Internados-Morocomarca-2-Bolivia.jpg\",\"contentUrl\":\"https:\\\/\\\/www.itakaescolapios.org\\\/wp-content\\\/uploads\\\/2012\\\/06\\\/Internados-Morocomarca-2-Bolivia.jpg\",\"width\":\"1200\",\"height\":\"894\"},{\"@type\":\"BreadcrumbList\",\"@id\":\"https:\\\/\\\/www.itakaescolapios.org\\\/fr\\\/que-faisons-nous\\\/internados\\\/internado-calasanz-morocomarca-bolivia\\\/#breadcrumb\",\"itemListElement\":[{\"@type\":\"ListItem\",\"position\":1,\"name\":\"Itaka-Escolapios\",\"item\":\"https:\\\/\\\/www.itakaescolapios.org\\\/es\\\/\"},{\"@type\":\"ListItem\",\"position\":2,\"name\":\"Que faisons-nous\",\"item\":\"https:\\\/\\\/www.itakaescolapios.org\\\/es\\\/que-hacemos\\\/\"},{\"@type\":\"ListItem\",\"position\":3,\"name\":\"INTERNATS\",\"item\":\"https:\\\/\\\/www.itakaescolapios.org\\\/es\\\/que-hacemos\\\/internados\\\/\"},{\"@type\":\"ListItem\",\"position\":4,\"name\":\"INTERNAT CALASANZ DE MOROCOMARCA (BOLIVIE)\"}]},{\"@type\":\"WebSite\",\"@id\":\"https:\\\/\\\/www.itakaescolapios.org\\\/fr\\\/es\\\/#website\",\"url\":\"https:\\\/\\\/www.itakaescolapios.org\\\/fr\\\/es\\\/\",\"name\":\"Itaka-Escolapios\",\"description\":\"Red de Itaka-Escolapios\",\"publisher\":{\"@id\":\"https:\\\/\\\/www.itakaescolapios.org\\\/fr\\\/es\\\/#organization\"},\"potentialAction\":[{\"@type\":\"SearchAction\",\"target\":{\"@type\":\"EntryPoint\",\"urlTemplate\":\"https:\\\/\\\/www.itakaescolapios.org\\\/fr\\\/es\\\/?s={search_term_string}\"},\"query-input\":{\"@type\":\"PropertyValueSpecification\",\"valueRequired\":true,\"valueName\":\"search_term_string\"}}],\"inLanguage\":\"fr-FR\"},{\"@type\":\"Organization\",\"@id\":\"https:\\\/\\\/www.itakaescolapios.org\\\/fr\\\/es\\\/#organization\",\"name\":\"Fundaci\u00f3 Itaka-Escolapios\",\"url\":\"https:\\\/\\\/www.itakaescolapios.org\\\/fr\\\/es\\\/\",\"logo\":{\"@type\":\"ImageObject\",\"inLanguage\":\"fr-FR\",\"@id\":\"https:\\\/\\\/www.itakaescolapios.org\\\/fr\\\/es\\\/#\\\/schema\\\/logo\\\/image\\\/\",\"url\":\"https:\\\/\\\/www.itakaescolapios.org\\\/wp-content\\\/uploads\\\/2024\\\/04\\\/Logo-itakaescolapios-peque.png\",\"contentUrl\":\"https:\\\/\\\/www.itakaescolapios.org\\\/wp-content\\\/uploads\\\/2024\\\/04\\\/Logo-itakaescolapios-peque.png\",\"width\":500,\"height\":199,\"caption\":\"Fundaci\u00f3 Itaka-Escolapios\"},\"image\":{\"@id\":\"https:\\\/\\\/www.itakaescolapios.org\\\/fr\\\/es\\\/#\\\/schema\\\/logo\\\/image\\\/\"}}]}<\/script>\n<!-- \/ Yoast SEO plugin. -->","yoast_head_json":{"title":"INTERNAT CALASANZ DE MOROCOMARCA (BOLIVIE)","description":"La premi\u00e8re demande d'appui de la part des autorit\u00e9s municipales d'Unc\u00eda et par les \"Ayllus\" (une structure sociale traditionnelle) parvient aux p\u00e8res piaristes en 2003. Le chemin a \u00e9t\u00e9 long jusqu'\u00e0 la cr\u00e9ation et l\u2019ouverture de l'internat en 2011. L'internat se situe dans la communaut\u00e9 de Morocomarca, \u00e0 environ 4.000 m\u00e8tres d\u2019altitude et avec un\u2026","robots":{"index":"index","follow":"follow","max-snippet":"max-snippet:-1","max-image-preview":"max-image-preview:large","max-video-preview":"max-video-preview:-1"},"canonical":"La premi\u00e8re demande d'appui de la part des autorit\u00e9s municipales d'Unc\u00eda et par les \"Ayllus\" (une structure sociale traditionnelle) parvient aux p\u00e8res piaristes en 2003. Le chemin a \u00e9t\u00e9 long jusqu'\u00e0 la cr\u00e9ation et l\u2019ouverture de l'internat en 2011. L'internat se situe dans la communaut\u00e9 de Morocomarca, \u00e0 environ 4.000 m\u00e8tres d\u2019altitude et avec un\u2026","og_locale":"fr_FR","og_type":"article","og_title":"INTERNAT CALASANZ DE MOROCOMARCA (BOLIVIE)","og_description":"La premi\u00e8re demande d'appui de la part des autorit\u00e9s municipales d'Unc\u00eda et par les \"Ayllus\" (une structure sociale traditionnelle) parvient aux p\u00e8res piaristes en 2003. Le chemin a \u00e9t\u00e9 long jusqu'\u00e0 la cr\u00e9ation et l\u2019ouverture de l'internat en 2011. L'internat se situe dans la communaut\u00e9 de Morocomarca, \u00e0 environ 4.000 m\u00e8tres d\u2019altitude et avec un\u2026","og_url":"https:\/\/www.itakaescolapios.org\/fr\/que-faisons-nous\/internados\/internado-calasanz-morocomarca-bolivia\/","og_site_name":"Itaka-Escolapios","article_modified_time":"2023-11-28T11:39:46+00:00","og_image":[{"width":1200,"height":894,"url":"https:\/\/www.itakaescolapios.org\/wp-content\/uploads\/2012\/06\/Internados-Morocomarca-2-Bolivia.jpg","type":"image\/jpeg"}],"twitter_card":"summary_large_image","twitter_misc":{"Dur\u00e9e de lecture estim\u00e9e":"1 minute"},"schema":{"@context":"https:\/\/schema.org","@graph":[{"@type":"WebPage","@id":"https:\/\/www.itakaescolapios.org\/fr\/que-faisons-nous\/internados\/internado-calasanz-morocomarca-bolivia\/","url":"https:\/\/www.itakaescolapios.org\/fr\/que-faisons-nous\/internados\/internado-calasanz-morocomarca-bolivia\/","name":"Internado Calasanz Morocomarca (Bolivia) - Itaka-Escolapios","isPartOf":{"@id":"https:\/\/www.itakaescolapios.org\/es\/#website"},"primaryImageOfPage":{"@id":"https:\/\/www.itakaescolapios.org\/fr\/que-faisons-nous\/internados\/internado-calasanz-morocomarca-bolivia\/#primaryimage"},"image":{"@id":"https:\/\/www.itakaescolapios.org\/fr\/que-faisons-nous\/internados\/internado-calasanz-morocomarca-bolivia\/#primaryimage"},"thumbnailUrl":"https:\/\/www.itakaescolapios.org\/wp-content\/uploads\/2012\/06\/Internados-Morocomarca-2-Bolivia.jpg","datePublished":"2012-06-04T10:21:03+00:00","dateModified":"2023-11-28T11:39:46+00:00","breadcrumb":{"@id":"https:\/\/www.itakaescolapios.org\/fr\/que-faisons-nous\/internados\/internado-calasanz-morocomarca-bolivia\/#breadcrumb"},"inLanguage":"fr-FR","potentialAction":[{"@type":"ReadAction","target":["https:\/\/www.itakaescolapios.org\/fr\/que-faisons-nous\/internados\/internado-calasanz-morocomarca-bolivia\/"]}]},{"@type":"ImageObject","inLanguage":"fr-FR","@id":"https:\/\/www.itakaescolapios.org\/fr\/que-faisons-nous\/internados\/internado-calasanz-morocomarca-bolivia\/#primaryimage","url":"https:\/\/www.itakaescolapios.org\/wp-content\/uploads\/2012\/06\/Internados-Morocomarca-2-Bolivia.jpg","contentUrl":"https:\/\/www.itakaescolapios.org\/wp-content\/uploads\/2012\/06\/Internados-Morocomarca-2-Bolivia.jpg","width":"1200","height":"894"},{"@type":"BreadcrumbList","@id":"https:\/\/www.itakaescolapios.org\/fr\/que-faisons-nous\/internados\/internado-calasanz-morocomarca-bolivia\/#breadcrumb","itemListElement":[{"@type":"ListItem","position":1,"name":"Itaka-Escolapios","item":"https:\/\/www.itakaescolapios.org\/es\/"},{"@type":"ListItem","position":2,"name":"Que faisons-nous","item":"https:\/\/www.itakaescolapios.org\/es\/que-hacemos\/"},{"@type":"ListItem","position":3,"name":"INTERNATS","item":"https:\/\/www.itakaescolapios.org\/es\/que-hacemos\/internados\/"},{"@type":"ListItem","position":4,"name":"INTERNAT CALASANZ DE MOROCOMARCA (BOLIVIE)"}]},{"@type":"WebSite","@id":"https:\/\/www.itakaescolapios.org\/fr\/es\/#website","url":"https:\/\/www.itakaescolapios.org\/fr\/es\/","name":"Itaka-Escolapios","description":"Red de Itaka-Escolapios","publisher":{"@id":"https:\/\/www.itakaescolapios.org\/fr\/es\/#organization"},"potentialAction":[{"@type":"SearchAction","target":{"@type":"EntryPoint","urlTemplate":"https:\/\/www.itakaescolapios.org\/fr\/es\/?s={search_term_string}"},"query-input":{"@type":"PropertyValueSpecification","valueRequired":true,"valueName":"search_term_string"}}],"inLanguage":"fr-FR"},{"@type":"Organization","@id":"https:\/\/www.itakaescolapios.org\/fr\/es\/#organization","name":"Fundaci\u00f3 Itaka-Escolapios","url":"https:\/\/www.itakaescolapios.org\/fr\/es\/","logo":{"@type":"ImageObject","inLanguage":"fr-FR","@id":"https:\/\/www.itakaescolapios.org\/fr\/es\/#\/schema\/logo\/image\/","url":"https:\/\/www.itakaescolapios.org\/wp-content\/uploads\/2024\/04\/Logo-itakaescolapios-peque.png","contentUrl":"https:\/\/www.itakaescolapios.org\/wp-content\/uploads\/2024\/04\/Logo-itakaescolapios-peque.png","width":500,"height":199,"caption":"Fundaci\u00f3 Itaka-Escolapios"},"image":{"@id":"https:\/\/www.itakaescolapios.org\/fr\/es\/#\/schema\/logo\/image\/"}}]}},"_links":{"self":[{"href":"https:\/\/www.itakaescolapios.org\/fr\/wp-json\/wp\/v2\/pages\/399","targetHints":{"allow":["GET"]}}],"collection":[{"href":"https:\/\/www.itakaescolapios.org\/fr\/wp-json\/wp\/v2\/pages"}],"about":[{"href":"https:\/\/www.itakaescolapios.org\/fr\/wp-json\/wp\/v2\/types\/page"}],"author":[{"embeddable":true,"href":"https:\/\/www.itakaescolapios.org\/fr\/wp-json\/wp\/v2\/users\/1"}],"replies":[{"embeddable":true,"href":"https:\/\/www.itakaescolapios.org\/fr\/wp-json\/wp\/v2\/comments?post=399"}],"version-history":[{"count":13,"href":"https:\/\/www.itakaescolapios.org\/fr\/wp-json\/wp\/v2\/pages\/399\/revisions"}],"predecessor-version":[{"id":50229,"href":"https:\/\/www.itakaescolapios.org\/fr\/wp-json\/wp\/v2\/pages\/399\/revisions\/50229"}],"up":[{"embeddable":true,"href":"https:\/\/www.itakaescolapios.org\/fr\/wp-json\/wp\/v2\/pages\/93"}],"wp:featuredmedia":[{"embeddable":true,"href":"https:\/\/www.itakaescolapios.org\/fr\/wp-json\/wp\/v2\/media\/1390"}],"wp:attachment":[{"href":"https:\/\/www.itakaescolapios.org\/fr\/wp-json\/wp\/v2\/media?parent=399"}],"curies":[{"name":"wp","href":"https:\/\/api.w.org\/{rel}","templated":true}]}}