{"id":401,"date":"2012-06-04T11:21:27","date_gmt":"2012-06-04T10:21:27","guid":{"rendered":"https:\/\/www.itakaescolapios.org\/?page_id=401"},"modified":"2023-11-28T12:39:46","modified_gmt":"2023-11-28T11:39:46","slug":"internado-kamda-india","status":"publish","type":"page","link":"https:\/\/www.itakaescolapios.org\/fr\/que-faisons-nous\/internados\/internado-kamda-india\/","title":{"rendered":"ST. JOSEPH CALASANZ HOSTEL de KAMDA (INDE)"},"content":{"rendered":"<p align=\"JUSTIFY\">L&rsquo;internat de Kamda est l\u2019unique mani\u00e8re de garantir l&rsquo;acc\u00e8s \u00e0 une \u00e9ducation pour plusieurs des enfants qui vivent tr\u00e8s \u00e9loign\u00e9s de l&rsquo;\u00e9cole, dont l\u2019acc\u00e8s se fait par des chemins peu nombreux et en mauvais \u00e9tat, \u00e9videment sans transport public ni services similaires.<\/p>\n<p align=\"JUSTIFY\">Dans les familles qui peuvent se le permettre, les enfants utilisent de vieilles bicyclettes pour faire les longs d\u00e9placements. Cependant, les familles avec moins de moyens ont recours \u00e0 l&rsquo;internat pour s\u2019assurer que leurs enfants peuvent \u00e9tudier, parce que la distance entre leurs maisons et les \u00e9coles est trop grande pour \u00eatre parcourue en une journ\u00e9e.<\/p>\n","protected":false},"excerpt":{"rendered":"<p>L&rsquo;internat de Kamda est l\u2019unique mani\u00e8re de garantir l&rsquo;acc\u00e8s \u00e0 une \u00e9ducation pour plusieurs des enfants qui vivent tr\u00e8s \u00e9loign\u00e9s de l&rsquo;\u00e9cole, dont l\u2019acc\u00e8s se fait par des chemins peu [&hellip;]<\/p>\n","protected":false},"author":1,"featured_media":1675,"parent":93,"menu_order":5,"comment_status":"closed","ping_status":"closed","template":"","meta":{"_et_pb_use_builder":"","_et_pb_old_content":"","_et_gb_content_width":"","footnotes":""},"class_list":["post-401","page","type-page","status-publish","has-post-thumbnail","hentry"],"yoast_head":"<!-- This site is optimized with the Yoast SEO plugin v27.3 - https:\/\/yoast.com\/product\/yoast-seo-wordpress\/ -->\n<title>ST. JOSEPH CALASANZ HOSTEL de KAMDA (INDE)<\/title>\n<meta name=\"description\" content=\"L&#039;internat de Kamda est l\u2019unique mani\u00e8re de garantir l&#039;acc\u00e8s \u00e0 une \u00e9ducation pour plusieurs des enfants qui vivent tr\u00e8s \u00e9loign\u00e9s de l&#039;\u00e9cole, dont l\u2019acc\u00e8s se fait par des chemins peu nombreux et en mauvais \u00e9tat, \u00e9videment sans transport public ni services similaires. Dans les familles qui peuvent se le permettre, les enfants utilisent de vieilles\u2026\" \/>\n<meta name=\"robots\" content=\"index, follow, max-snippet:-1, max-image-preview:large, max-video-preview:-1\" \/>\n<link rel=\"canonical\" href=\"http:\/\/L'internat%20de%20Kamda%20est%20l\u2019unique%20mani\u00e8re%20de%20garantir%20l'acc\u00e8s%20\u00e0%20une%20\u00e9ducation%20pour%20plusieurs%20des%20enfants%20qui%20vivent%20tr\u00e8s%20\u00e9loign\u00e9s%20de%20l'\u00e9cole,%20dont%20l\u2019acc\u00e8s%20se%20fait%20par%20des%20chemins%20peu%20nombreux%20et%20en%20mauvais%20\u00e9tat,%20\u00e9videment%20sans%20transport%20public%20ni%20services%20similaires.%20Dans%20les%20familles%20qui%20peuvent%20se%20le%20permettre,%20les%20enfants%20utilisent%20de%20vieilles\u2026\" \/>\n<meta property=\"og:locale\" content=\"fr_FR\" \/>\n<meta property=\"og:type\" content=\"article\" \/>\n<meta property=\"og:title\" content=\"ST. JOSEPH CALASANZ HOSTEL de KAMDA (INDE)\" \/>\n<meta property=\"og:description\" content=\"L&#039;internat de Kamda est l\u2019unique mani\u00e8re de garantir l&#039;acc\u00e8s \u00e0 une \u00e9ducation pour plusieurs des enfants qui vivent tr\u00e8s \u00e9loign\u00e9s de l&#039;\u00e9cole, dont l\u2019acc\u00e8s se fait par des chemins peu nombreux et en mauvais \u00e9tat, \u00e9videment sans transport public ni services similaires. Dans les familles qui peuvent se le permettre, les enfants utilisent de vieilles\u2026\" \/>\n<meta property=\"og:url\" content=\"https:\/\/www.itakaescolapios.org\/fr\/que-faisons-nous\/internados\/internado-kamda-india\/\" \/>\n<meta property=\"og:site_name\" content=\"Itaka-Escolapios\" \/>\n<meta property=\"article:modified_time\" content=\"2023-11-28T11:39:46+00:00\" \/>\n<meta property=\"og:image\" content=\"https:\/\/www.itakaescolapios.org\/wp-content\/uploads\/2012\/06\/Internados-Kamda-3-India.jpg\" \/>\n\t<meta property=\"og:image:width\" content=\"1200\" \/>\n\t<meta property=\"og:image:height\" content=\"912\" \/>\n\t<meta property=\"og:image:type\" content=\"image\/jpeg\" \/>\n<meta name=\"twitter:card\" content=\"summary_large_image\" \/>\n<script type=\"application\/ld+json\" class=\"yoast-schema-graph\">{\"@context\":\"https:\\\/\\\/schema.org\",\"@graph\":[{\"@type\":\"WebPage\",\"@id\":\"https:\\\/\\\/www.itakaescolapios.org\\\/fr\\\/que-faisons-nous\\\/internados\\\/internado-kamda-india\\\/\",\"url\":\"https:\\\/\\\/www.itakaescolapios.org\\\/fr\\\/que-faisons-nous\\\/internados\\\/internado-kamda-india\\\/\",\"name\":\"INTERNADO SAN JOS\u00c9 DE CALASANZ de KAMDA (INDIA) - Itaka-Escolapios\",\"isPartOf\":{\"@id\":\"https:\\\/\\\/www.itakaescolapios.org\\\/es\\\/#website\"},\"primaryImageOfPage\":{\"@id\":\"https:\\\/\\\/www.itakaescolapios.org\\\/fr\\\/que-faisons-nous\\\/internados\\\/internado-kamda-india\\\/#primaryimage\"},\"image\":{\"@id\":\"https:\\\/\\\/www.itakaescolapios.org\\\/fr\\\/que-faisons-nous\\\/internados\\\/internado-kamda-india\\\/#primaryimage\"},\"thumbnailUrl\":\"https:\\\/\\\/www.itakaescolapios.org\\\/wp-content\\\/uploads\\\/2012\\\/06\\\/Internados-Kamda-3-India.jpg\",\"datePublished\":\"2012-06-04T10:21:27+00:00\",\"dateModified\":\"2023-11-28T11:39:46+00:00\",\"breadcrumb\":{\"@id\":\"https:\\\/\\\/www.itakaescolapios.org\\\/fr\\\/que-faisons-nous\\\/internados\\\/internado-kamda-india\\\/#breadcrumb\"},\"inLanguage\":\"fr-FR\",\"potentialAction\":[{\"@type\":\"ReadAction\",\"target\":[\"https:\\\/\\\/www.itakaescolapios.org\\\/fr\\\/que-faisons-nous\\\/internados\\\/internado-kamda-india\\\/\"]}]},{\"@type\":\"ImageObject\",\"inLanguage\":\"fr-FR\",\"@id\":\"https:\\\/\\\/www.itakaescolapios.org\\\/fr\\\/que-faisons-nous\\\/internados\\\/internado-kamda-india\\\/#primaryimage\",\"url\":\"https:\\\/\\\/www.itakaescolapios.org\\\/wp-content\\\/uploads\\\/2012\\\/06\\\/Internados-Kamda-3-India.jpg\",\"contentUrl\":\"https:\\\/\\\/www.itakaescolapios.org\\\/wp-content\\\/uploads\\\/2012\\\/06\\\/Internados-Kamda-3-India.jpg\",\"width\":\"1200\",\"height\":\"912\"},{\"@type\":\"BreadcrumbList\",\"@id\":\"https:\\\/\\\/www.itakaescolapios.org\\\/fr\\\/que-faisons-nous\\\/internados\\\/internado-kamda-india\\\/#breadcrumb\",\"itemListElement\":[{\"@type\":\"ListItem\",\"position\":1,\"name\":\"Itaka-Escolapios\",\"item\":\"https:\\\/\\\/www.itakaescolapios.org\\\/es\\\/\"},{\"@type\":\"ListItem\",\"position\":2,\"name\":\"Que faisons-nous\",\"item\":\"https:\\\/\\\/www.itakaescolapios.org\\\/es\\\/que-hacemos\\\/\"},{\"@type\":\"ListItem\",\"position\":3,\"name\":\"INTERNATS\",\"item\":\"https:\\\/\\\/www.itakaescolapios.org\\\/es\\\/que-hacemos\\\/internados\\\/\"},{\"@type\":\"ListItem\",\"position\":4,\"name\":\"ST. JOSEPH CALASANZ HOSTEL de KAMDA (INDE)\"}]},{\"@type\":\"WebSite\",\"@id\":\"https:\\\/\\\/www.itakaescolapios.org\\\/fr\\\/es\\\/#website\",\"url\":\"https:\\\/\\\/www.itakaescolapios.org\\\/fr\\\/es\\\/\",\"name\":\"Itaka-Escolapios\",\"description\":\"Red de Itaka-Escolapios\",\"publisher\":{\"@id\":\"https:\\\/\\\/www.itakaescolapios.org\\\/fr\\\/es\\\/#organization\"},\"potentialAction\":[{\"@type\":\"SearchAction\",\"target\":{\"@type\":\"EntryPoint\",\"urlTemplate\":\"https:\\\/\\\/www.itakaescolapios.org\\\/fr\\\/es\\\/?s={search_term_string}\"},\"query-input\":{\"@type\":\"PropertyValueSpecification\",\"valueRequired\":true,\"valueName\":\"search_term_string\"}}],\"inLanguage\":\"fr-FR\"},{\"@type\":\"Organization\",\"@id\":\"https:\\\/\\\/www.itakaescolapios.org\\\/fr\\\/es\\\/#organization\",\"name\":\"Fundaci\u00f3 Itaka-Escolapios\",\"url\":\"https:\\\/\\\/www.itakaescolapios.org\\\/fr\\\/es\\\/\",\"logo\":{\"@type\":\"ImageObject\",\"inLanguage\":\"fr-FR\",\"@id\":\"https:\\\/\\\/www.itakaescolapios.org\\\/fr\\\/es\\\/#\\\/schema\\\/logo\\\/image\\\/\",\"url\":\"https:\\\/\\\/www.itakaescolapios.org\\\/wp-content\\\/uploads\\\/2024\\\/04\\\/Logo-itakaescolapios-peque.png\",\"contentUrl\":\"https:\\\/\\\/www.itakaescolapios.org\\\/wp-content\\\/uploads\\\/2024\\\/04\\\/Logo-itakaescolapios-peque.png\",\"width\":500,\"height\":199,\"caption\":\"Fundaci\u00f3 Itaka-Escolapios\"},\"image\":{\"@id\":\"https:\\\/\\\/www.itakaescolapios.org\\\/fr\\\/es\\\/#\\\/schema\\\/logo\\\/image\\\/\"}}]}<\/script>\n<!-- \/ Yoast SEO plugin. -->","yoast_head_json":{"title":"ST. JOSEPH CALASANZ HOSTEL de KAMDA (INDE)","description":"L'internat de Kamda est l\u2019unique mani\u00e8re de garantir l'acc\u00e8s \u00e0 une \u00e9ducation pour plusieurs des enfants qui vivent tr\u00e8s \u00e9loign\u00e9s de l'\u00e9cole, dont l\u2019acc\u00e8s se fait par des chemins peu nombreux et en mauvais \u00e9tat, \u00e9videment sans transport public ni services similaires. Dans les familles qui peuvent se le permettre, les enfants utilisent de vieilles\u2026","robots":{"index":"index","follow":"follow","max-snippet":"max-snippet:-1","max-image-preview":"max-image-preview:large","max-video-preview":"max-video-preview:-1"},"canonical":"L'internat de Kamda est l\u2019unique mani\u00e8re de garantir l'acc\u00e8s \u00e0 une \u00e9ducation pour plusieurs des enfants qui vivent tr\u00e8s \u00e9loign\u00e9s de l'\u00e9cole, dont l\u2019acc\u00e8s se fait par des chemins peu nombreux et en mauvais \u00e9tat, \u00e9videment sans transport public ni services similaires. Dans les familles qui peuvent se le permettre, les enfants utilisent de vieilles\u2026","og_locale":"fr_FR","og_type":"article","og_title":"ST. JOSEPH CALASANZ HOSTEL de KAMDA (INDE)","og_description":"L'internat de Kamda est l\u2019unique mani\u00e8re de garantir l'acc\u00e8s \u00e0 une \u00e9ducation pour plusieurs des enfants qui vivent tr\u00e8s \u00e9loign\u00e9s de l'\u00e9cole, dont l\u2019acc\u00e8s se fait par des chemins peu nombreux et en mauvais \u00e9tat, \u00e9videment sans transport public ni services similaires. Dans les familles qui peuvent se le permettre, les enfants utilisent de vieilles\u2026","og_url":"https:\/\/www.itakaescolapios.org\/fr\/que-faisons-nous\/internados\/internado-kamda-india\/","og_site_name":"Itaka-Escolapios","article_modified_time":"2023-11-28T11:39:46+00:00","og_image":[{"width":1200,"height":912,"url":"https:\/\/www.itakaescolapios.org\/wp-content\/uploads\/2012\/06\/Internados-Kamda-3-India.jpg","type":"image\/jpeg"}],"twitter_card":"summary_large_image","schema":{"@context":"https:\/\/schema.org","@graph":[{"@type":"WebPage","@id":"https:\/\/www.itakaescolapios.org\/fr\/que-faisons-nous\/internados\/internado-kamda-india\/","url":"https:\/\/www.itakaescolapios.org\/fr\/que-faisons-nous\/internados\/internado-kamda-india\/","name":"INTERNADO SAN JOS\u00c9 DE CALASANZ de KAMDA (INDIA) - Itaka-Escolapios","isPartOf":{"@id":"https:\/\/www.itakaescolapios.org\/es\/#website"},"primaryImageOfPage":{"@id":"https:\/\/www.itakaescolapios.org\/fr\/que-faisons-nous\/internados\/internado-kamda-india\/#primaryimage"},"image":{"@id":"https:\/\/www.itakaescolapios.org\/fr\/que-faisons-nous\/internados\/internado-kamda-india\/#primaryimage"},"thumbnailUrl":"https:\/\/www.itakaescolapios.org\/wp-content\/uploads\/2012\/06\/Internados-Kamda-3-India.jpg","datePublished":"2012-06-04T10:21:27+00:00","dateModified":"2023-11-28T11:39:46+00:00","breadcrumb":{"@id":"https:\/\/www.itakaescolapios.org\/fr\/que-faisons-nous\/internados\/internado-kamda-india\/#breadcrumb"},"inLanguage":"fr-FR","potentialAction":[{"@type":"ReadAction","target":["https:\/\/www.itakaescolapios.org\/fr\/que-faisons-nous\/internados\/internado-kamda-india\/"]}]},{"@type":"ImageObject","inLanguage":"fr-FR","@id":"https:\/\/www.itakaescolapios.org\/fr\/que-faisons-nous\/internados\/internado-kamda-india\/#primaryimage","url":"https:\/\/www.itakaescolapios.org\/wp-content\/uploads\/2012\/06\/Internados-Kamda-3-India.jpg","contentUrl":"https:\/\/www.itakaescolapios.org\/wp-content\/uploads\/2012\/06\/Internados-Kamda-3-India.jpg","width":"1200","height":"912"},{"@type":"BreadcrumbList","@id":"https:\/\/www.itakaescolapios.org\/fr\/que-faisons-nous\/internados\/internado-kamda-india\/#breadcrumb","itemListElement":[{"@type":"ListItem","position":1,"name":"Itaka-Escolapios","item":"https:\/\/www.itakaescolapios.org\/es\/"},{"@type":"ListItem","position":2,"name":"Que faisons-nous","item":"https:\/\/www.itakaescolapios.org\/es\/que-hacemos\/"},{"@type":"ListItem","position":3,"name":"INTERNATS","item":"https:\/\/www.itakaescolapios.org\/es\/que-hacemos\/internados\/"},{"@type":"ListItem","position":4,"name":"ST. JOSEPH CALASANZ HOSTEL de KAMDA (INDE)"}]},{"@type":"WebSite","@id":"https:\/\/www.itakaescolapios.org\/fr\/es\/#website","url":"https:\/\/www.itakaescolapios.org\/fr\/es\/","name":"Itaka-Escolapios","description":"Red de Itaka-Escolapios","publisher":{"@id":"https:\/\/www.itakaescolapios.org\/fr\/es\/#organization"},"potentialAction":[{"@type":"SearchAction","target":{"@type":"EntryPoint","urlTemplate":"https:\/\/www.itakaescolapios.org\/fr\/es\/?s={search_term_string}"},"query-input":{"@type":"PropertyValueSpecification","valueRequired":true,"valueName":"search_term_string"}}],"inLanguage":"fr-FR"},{"@type":"Organization","@id":"https:\/\/www.itakaescolapios.org\/fr\/es\/#organization","name":"Fundaci\u00f3 Itaka-Escolapios","url":"https:\/\/www.itakaescolapios.org\/fr\/es\/","logo":{"@type":"ImageObject","inLanguage":"fr-FR","@id":"https:\/\/www.itakaescolapios.org\/fr\/es\/#\/schema\/logo\/image\/","url":"https:\/\/www.itakaescolapios.org\/wp-content\/uploads\/2024\/04\/Logo-itakaescolapios-peque.png","contentUrl":"https:\/\/www.itakaescolapios.org\/wp-content\/uploads\/2024\/04\/Logo-itakaescolapios-peque.png","width":500,"height":199,"caption":"Fundaci\u00f3 Itaka-Escolapios"},"image":{"@id":"https:\/\/www.itakaescolapios.org\/fr\/es\/#\/schema\/logo\/image\/"}}]}},"_links":{"self":[{"href":"https:\/\/www.itakaescolapios.org\/fr\/wp-json\/wp\/v2\/pages\/401","targetHints":{"allow":["GET"]}}],"collection":[{"href":"https:\/\/www.itakaescolapios.org\/fr\/wp-json\/wp\/v2\/pages"}],"about":[{"href":"https:\/\/www.itakaescolapios.org\/fr\/wp-json\/wp\/v2\/types\/page"}],"author":[{"embeddable":true,"href":"https:\/\/www.itakaescolapios.org\/fr\/wp-json\/wp\/v2\/users\/1"}],"replies":[{"embeddable":true,"href":"https:\/\/www.itakaescolapios.org\/fr\/wp-json\/wp\/v2\/comments?post=401"}],"version-history":[{"count":13,"href":"https:\/\/www.itakaescolapios.org\/fr\/wp-json\/wp\/v2\/pages\/401\/revisions"}],"predecessor-version":[{"id":50227,"href":"https:\/\/www.itakaescolapios.org\/fr\/wp-json\/wp\/v2\/pages\/401\/revisions\/50227"}],"up":[{"embeddable":true,"href":"https:\/\/www.itakaescolapios.org\/fr\/wp-json\/wp\/v2\/pages\/93"}],"wp:featuredmedia":[{"embeddable":true,"href":"https:\/\/www.itakaescolapios.org\/fr\/wp-json\/wp\/v2\/media\/1675"}],"wp:attachment":[{"href":"https:\/\/www.itakaescolapios.org\/fr\/wp-json\/wp\/v2\/media?parent=401"}],"curies":[{"name":"wp","href":"https:\/\/api.w.org\/{rel}","templated":true}]}}