{"id":415,"date":"2012-06-04T12:02:50","date_gmt":"2012-06-04T11:02:50","guid":{"rendered":"https:\/\/www.itakaescolapios.org\/?page_id=415"},"modified":"2023-11-28T12:39:46","modified_gmt":"2023-11-28T11:39:46","slug":"mugitzen-tafalla","status":"publish","type":"page","link":"https:\/\/www.itakaescolapios.org\/fr\/que-faisons-nous\/voluntariado\/mugitzen-tafalla\/","title":{"rendered":"VOLONTARIAT MUGITZEN "},"content":{"rendered":"<p align=\"JUSTIFY\">En addition du volontariat du programme de soutien scolaire \u00abTrastevere\u00bb et du groupe Scout Ibaialde de la Fondation, nous promouvons le groupe de volontariat Mugitzen.<\/p>\n<p align=\"JUSTIFY\">L\u2019offre est faite \u00e0 partir de 4\u00e8me de \u00abESO\u00bb (secondaire). Tous les jeunes int\u00e9ress\u00e9s font pendant cette premi\u00e8re ann\u00e9e des visites aux endroits d\u00b4actions de volontariat. Ils sont \u00e9galement invit\u00e9s \u00e0 participer dans nos projets et campagnes.<\/p>\n<p align=\"JUSTIFY\">L\u2019objectif est de former un groupe de jeunes qui veulent d\u00e9dier une partie de leur temps au volontariat dans des activit\u00e9s qui sont d\u00e9velopp\u00e9es par la fondation ou par d\u00b4autres milieux \u00e0 Tafalla (Caritas, Anfas, accompagnement de personnes \u00e2g\u00e9es\u2026).<\/p>\n","protected":false},"excerpt":{"rendered":"<p>En addition du volontariat du programme de soutien scolaire \u00abTrastevere\u00bb et du groupe Scout Ibaialde de la Fondation, nous promouvons le groupe de volontariat Mugitzen. L\u2019offre est faite \u00e0 partir [&hellip;]<\/p>\n","protected":false},"author":1,"featured_media":1804,"parent":98,"menu_order":3,"comment_status":"closed","ping_status":"closed","template":"","meta":{"_et_pb_use_builder":"","_et_pb_old_content":"","_et_gb_content_width":"","footnotes":""},"class_list":["post-415","page","type-page","status-publish","has-post-thumbnail","hentry"],"yoast_head":"<!-- This site is optimized with the Yoast SEO plugin v27.3 - https:\/\/yoast.com\/product\/yoast-seo-wordpress\/ -->\n<title>VOLONTARIAT MUGITZEN<\/title>\n<meta name=\"description\" content=\"En addition du volontariat du programme de soutien scolaire \u00abTrastevere\u00bb et du groupe Scout Ibaialde de la Fondation, nous promouvons le groupe de volontariat Mugitzen. L\u2019offre est faite \u00e0 partir de 4\u00e8me de \u00abESO\u00bb (secondaire). Tous les jeunes int\u00e9ress\u00e9s font pendant cette premi\u00e8re ann\u00e9e des visites aux endroits d\u00b4actions de volontariat. Ils sont \u00e9galement invit\u00e9s\u2026\" \/>\n<meta name=\"robots\" content=\"index, follow, max-snippet:-1, max-image-preview:large, max-video-preview:-1\" \/>\n<link rel=\"canonical\" href=\"http:\/\/En%20addition%20du%20volontariat%20du%20programme%20de%20soutien%20scolaire%20\u00abTrastevere\u00bb%20et%20du%20groupe%20Scout%20Ibaialde%20de%20la%20Fondation,%20nous%20promouvons%20le%20groupe%20de%20volontariat%20Mugitzen.%20L\u2019offre%20est%20faite%20\u00e0%20partir%20de%204\u00e8me%20de%20\u00abESO\u00bb%20(secondaire).%20Tous%20les%20jeunes%20int\u00e9ress\u00e9s%20font%20pendant%20cette%20premi\u00e8re%20ann\u00e9e%20des%20visites%20aux%20endroits%20d\u00b4actions%20de%20volontariat.%20Ils%20sont%20\u00e9galement%20invit\u00e9s\u2026\" \/>\n<meta property=\"og:locale\" content=\"fr_FR\" \/>\n<meta property=\"og:type\" content=\"article\" \/>\n<meta property=\"og:title\" content=\"VOLONTARIAT MUGITZEN\" \/>\n<meta property=\"og:description\" content=\"En addition du volontariat du programme de soutien scolaire \u00abTrastevere\u00bb et du groupe Scout Ibaialde de la Fondation, nous promouvons le groupe de volontariat Mugitzen. L\u2019offre est faite \u00e0 partir de 4\u00e8me de \u00abESO\u00bb (secondaire). Tous les jeunes int\u00e9ress\u00e9s font pendant cette premi\u00e8re ann\u00e9e des visites aux endroits d\u00b4actions de volontariat. Ils sont \u00e9galement invit\u00e9s\u2026\" \/>\n<meta property=\"og:url\" content=\"https:\/\/www.itakaescolapios.org\/fr\/que-faisons-nous\/voluntariado\/mugitzen-tafalla\/\" \/>\n<meta property=\"og:site_name\" content=\"Itaka-Escolapios\" \/>\n<meta property=\"article:modified_time\" content=\"2023-11-28T11:39:46+00:00\" \/>\n<meta property=\"og:image\" content=\"https:\/\/www.itakaescolapios.org\/wp-content\/uploads\/2012\/06\/Voluntariado-Mugitzen-Tafalla.jpg\" \/>\n\t<meta property=\"og:image:width\" content=\"1200\" \/>\n\t<meta property=\"og:image:height\" content=\"999\" \/>\n\t<meta property=\"og:image:type\" content=\"image\/jpeg\" \/>\n<meta name=\"twitter:card\" content=\"summary_large_image\" \/>\n<meta name=\"twitter:label1\" content=\"Dur\u00e9e de lecture estim\u00e9e\" \/>\n\t<meta name=\"twitter:data1\" content=\"1 minute\" \/>\n<script type=\"application\/ld+json\" class=\"yoast-schema-graph\">{\"@context\":\"https:\\\/\\\/schema.org\",\"@graph\":[{\"@type\":\"WebPage\",\"@id\":\"https:\\\/\\\/www.itakaescolapios.org\\\/fr\\\/que-faisons-nous\\\/voluntariado\\\/mugitzen-tafalla\\\/\",\"url\":\"https:\\\/\\\/www.itakaescolapios.org\\\/fr\\\/que-faisons-nous\\\/voluntariado\\\/mugitzen-tafalla\\\/\",\"name\":\"ESCUELA DE VOLUNTARIADO MUGITZEN - Itaka-Escolapios\",\"isPartOf\":{\"@id\":\"https:\\\/\\\/www.itakaescolapios.org\\\/es\\\/#website\"},\"primaryImageOfPage\":{\"@id\":\"https:\\\/\\\/www.itakaescolapios.org\\\/fr\\\/que-faisons-nous\\\/voluntariado\\\/mugitzen-tafalla\\\/#primaryimage\"},\"image\":{\"@id\":\"https:\\\/\\\/www.itakaescolapios.org\\\/fr\\\/que-faisons-nous\\\/voluntariado\\\/mugitzen-tafalla\\\/#primaryimage\"},\"thumbnailUrl\":\"https:\\\/\\\/www.itakaescolapios.org\\\/wp-content\\\/uploads\\\/2012\\\/06\\\/Voluntariado-Mugitzen-Tafalla.jpg\",\"datePublished\":\"2012-06-04T11:02:50+00:00\",\"dateModified\":\"2023-11-28T11:39:46+00:00\",\"breadcrumb\":{\"@id\":\"https:\\\/\\\/www.itakaescolapios.org\\\/fr\\\/que-faisons-nous\\\/voluntariado\\\/mugitzen-tafalla\\\/#breadcrumb\"},\"inLanguage\":\"fr-FR\",\"potentialAction\":[{\"@type\":\"ReadAction\",\"target\":[\"https:\\\/\\\/www.itakaescolapios.org\\\/fr\\\/que-faisons-nous\\\/voluntariado\\\/mugitzen-tafalla\\\/\"]}]},{\"@type\":\"ImageObject\",\"inLanguage\":\"fr-FR\",\"@id\":\"https:\\\/\\\/www.itakaescolapios.org\\\/fr\\\/que-faisons-nous\\\/voluntariado\\\/mugitzen-tafalla\\\/#primaryimage\",\"url\":\"https:\\\/\\\/www.itakaescolapios.org\\\/wp-content\\\/uploads\\\/2012\\\/06\\\/Voluntariado-Mugitzen-Tafalla.jpg\",\"contentUrl\":\"https:\\\/\\\/www.itakaescolapios.org\\\/wp-content\\\/uploads\\\/2012\\\/06\\\/Voluntariado-Mugitzen-Tafalla.jpg\",\"width\":\"1200\",\"height\":\"999\"},{\"@type\":\"BreadcrumbList\",\"@id\":\"https:\\\/\\\/www.itakaescolapios.org\\\/fr\\\/que-faisons-nous\\\/voluntariado\\\/mugitzen-tafalla\\\/#breadcrumb\",\"itemListElement\":[{\"@type\":\"ListItem\",\"position\":1,\"name\":\"Itaka-Escolapios\",\"item\":\"https:\\\/\\\/www.itakaescolapios.org\\\/es\\\/\"},{\"@type\":\"ListItem\",\"position\":2,\"name\":\"Que faisons-nous\",\"item\":\"https:\\\/\\\/www.itakaescolapios.org\\\/es\\\/que-hacemos\\\/\"},{\"@type\":\"ListItem\",\"position\":3,\"name\":\"VOLONTARIAT\",\"item\":\"https:\\\/\\\/www.itakaescolapios.org\\\/es\\\/que-hacemos\\\/voluntariado\\\/\"},{\"@type\":\"ListItem\",\"position\":4,\"name\":\"VOLONTARIAT MUGITZEN\"}]},{\"@type\":\"WebSite\",\"@id\":\"https:\\\/\\\/www.itakaescolapios.org\\\/fr\\\/es\\\/#website\",\"url\":\"https:\\\/\\\/www.itakaescolapios.org\\\/fr\\\/es\\\/\",\"name\":\"Itaka-Escolapios\",\"description\":\"Red de Itaka-Escolapios\",\"publisher\":{\"@id\":\"https:\\\/\\\/www.itakaescolapios.org\\\/fr\\\/es\\\/#organization\"},\"potentialAction\":[{\"@type\":\"SearchAction\",\"target\":{\"@type\":\"EntryPoint\",\"urlTemplate\":\"https:\\\/\\\/www.itakaescolapios.org\\\/fr\\\/es\\\/?s={search_term_string}\"},\"query-input\":{\"@type\":\"PropertyValueSpecification\",\"valueRequired\":true,\"valueName\":\"search_term_string\"}}],\"inLanguage\":\"fr-FR\"},{\"@type\":\"Organization\",\"@id\":\"https:\\\/\\\/www.itakaescolapios.org\\\/fr\\\/es\\\/#organization\",\"name\":\"Fundaci\u00f3 Itaka-Escolapios\",\"url\":\"https:\\\/\\\/www.itakaescolapios.org\\\/fr\\\/es\\\/\",\"logo\":{\"@type\":\"ImageObject\",\"inLanguage\":\"fr-FR\",\"@id\":\"https:\\\/\\\/www.itakaescolapios.org\\\/fr\\\/es\\\/#\\\/schema\\\/logo\\\/image\\\/\",\"url\":\"https:\\\/\\\/www.itakaescolapios.org\\\/wp-content\\\/uploads\\\/2024\\\/04\\\/Logo-itakaescolapios-peque.png\",\"contentUrl\":\"https:\\\/\\\/www.itakaescolapios.org\\\/wp-content\\\/uploads\\\/2024\\\/04\\\/Logo-itakaescolapios-peque.png\",\"width\":500,\"height\":199,\"caption\":\"Fundaci\u00f3 Itaka-Escolapios\"},\"image\":{\"@id\":\"https:\\\/\\\/www.itakaescolapios.org\\\/fr\\\/es\\\/#\\\/schema\\\/logo\\\/image\\\/\"}}]}<\/script>\n<!-- \/ Yoast SEO plugin. -->","yoast_head_json":{"title":"VOLONTARIAT MUGITZEN","description":"En addition du volontariat du programme de soutien scolaire \u00abTrastevere\u00bb et du groupe Scout Ibaialde de la Fondation, nous promouvons le groupe de volontariat Mugitzen. L\u2019offre est faite \u00e0 partir de 4\u00e8me de \u00abESO\u00bb (secondaire). Tous les jeunes int\u00e9ress\u00e9s font pendant cette premi\u00e8re ann\u00e9e des visites aux endroits d\u00b4actions de volontariat. Ils sont \u00e9galement invit\u00e9s\u2026","robots":{"index":"index","follow":"follow","max-snippet":"max-snippet:-1","max-image-preview":"max-image-preview:large","max-video-preview":"max-video-preview:-1"},"canonical":"En addition du volontariat du programme de soutien scolaire \u00abTrastevere\u00bb et du groupe Scout Ibaialde de la Fondation, nous promouvons le groupe de volontariat Mugitzen. L\u2019offre est faite \u00e0 partir de 4\u00e8me de \u00abESO\u00bb (secondaire). Tous les jeunes int\u00e9ress\u00e9s font pendant cette premi\u00e8re ann\u00e9e des visites aux endroits d\u00b4actions de volontariat. Ils sont \u00e9galement invit\u00e9s\u2026","og_locale":"fr_FR","og_type":"article","og_title":"VOLONTARIAT MUGITZEN","og_description":"En addition du volontariat du programme de soutien scolaire \u00abTrastevere\u00bb et du groupe Scout Ibaialde de la Fondation, nous promouvons le groupe de volontariat Mugitzen. L\u2019offre est faite \u00e0 partir de 4\u00e8me de \u00abESO\u00bb (secondaire). Tous les jeunes int\u00e9ress\u00e9s font pendant cette premi\u00e8re ann\u00e9e des visites aux endroits d\u00b4actions de volontariat. Ils sont \u00e9galement invit\u00e9s\u2026","og_url":"https:\/\/www.itakaescolapios.org\/fr\/que-faisons-nous\/voluntariado\/mugitzen-tafalla\/","og_site_name":"Itaka-Escolapios","article_modified_time":"2023-11-28T11:39:46+00:00","og_image":[{"width":1200,"height":999,"url":"https:\/\/www.itakaescolapios.org\/wp-content\/uploads\/2012\/06\/Voluntariado-Mugitzen-Tafalla.jpg","type":"image\/jpeg"}],"twitter_card":"summary_large_image","twitter_misc":{"Dur\u00e9e de lecture estim\u00e9e":"1 minute"},"schema":{"@context":"https:\/\/schema.org","@graph":[{"@type":"WebPage","@id":"https:\/\/www.itakaescolapios.org\/fr\/que-faisons-nous\/voluntariado\/mugitzen-tafalla\/","url":"https:\/\/www.itakaescolapios.org\/fr\/que-faisons-nous\/voluntariado\/mugitzen-tafalla\/","name":"ESCUELA DE VOLUNTARIADO MUGITZEN - Itaka-Escolapios","isPartOf":{"@id":"https:\/\/www.itakaescolapios.org\/es\/#website"},"primaryImageOfPage":{"@id":"https:\/\/www.itakaescolapios.org\/fr\/que-faisons-nous\/voluntariado\/mugitzen-tafalla\/#primaryimage"},"image":{"@id":"https:\/\/www.itakaescolapios.org\/fr\/que-faisons-nous\/voluntariado\/mugitzen-tafalla\/#primaryimage"},"thumbnailUrl":"https:\/\/www.itakaescolapios.org\/wp-content\/uploads\/2012\/06\/Voluntariado-Mugitzen-Tafalla.jpg","datePublished":"2012-06-04T11:02:50+00:00","dateModified":"2023-11-28T11:39:46+00:00","breadcrumb":{"@id":"https:\/\/www.itakaescolapios.org\/fr\/que-faisons-nous\/voluntariado\/mugitzen-tafalla\/#breadcrumb"},"inLanguage":"fr-FR","potentialAction":[{"@type":"ReadAction","target":["https:\/\/www.itakaescolapios.org\/fr\/que-faisons-nous\/voluntariado\/mugitzen-tafalla\/"]}]},{"@type":"ImageObject","inLanguage":"fr-FR","@id":"https:\/\/www.itakaescolapios.org\/fr\/que-faisons-nous\/voluntariado\/mugitzen-tafalla\/#primaryimage","url":"https:\/\/www.itakaescolapios.org\/wp-content\/uploads\/2012\/06\/Voluntariado-Mugitzen-Tafalla.jpg","contentUrl":"https:\/\/www.itakaescolapios.org\/wp-content\/uploads\/2012\/06\/Voluntariado-Mugitzen-Tafalla.jpg","width":"1200","height":"999"},{"@type":"BreadcrumbList","@id":"https:\/\/www.itakaescolapios.org\/fr\/que-faisons-nous\/voluntariado\/mugitzen-tafalla\/#breadcrumb","itemListElement":[{"@type":"ListItem","position":1,"name":"Itaka-Escolapios","item":"https:\/\/www.itakaescolapios.org\/es\/"},{"@type":"ListItem","position":2,"name":"Que faisons-nous","item":"https:\/\/www.itakaescolapios.org\/es\/que-hacemos\/"},{"@type":"ListItem","position":3,"name":"VOLONTARIAT","item":"https:\/\/www.itakaescolapios.org\/es\/que-hacemos\/voluntariado\/"},{"@type":"ListItem","position":4,"name":"VOLONTARIAT MUGITZEN"}]},{"@type":"WebSite","@id":"https:\/\/www.itakaescolapios.org\/fr\/es\/#website","url":"https:\/\/www.itakaescolapios.org\/fr\/es\/","name":"Itaka-Escolapios","description":"Red de Itaka-Escolapios","publisher":{"@id":"https:\/\/www.itakaescolapios.org\/fr\/es\/#organization"},"potentialAction":[{"@type":"SearchAction","target":{"@type":"EntryPoint","urlTemplate":"https:\/\/www.itakaescolapios.org\/fr\/es\/?s={search_term_string}"},"query-input":{"@type":"PropertyValueSpecification","valueRequired":true,"valueName":"search_term_string"}}],"inLanguage":"fr-FR"},{"@type":"Organization","@id":"https:\/\/www.itakaescolapios.org\/fr\/es\/#organization","name":"Fundaci\u00f3 Itaka-Escolapios","url":"https:\/\/www.itakaescolapios.org\/fr\/es\/","logo":{"@type":"ImageObject","inLanguage":"fr-FR","@id":"https:\/\/www.itakaescolapios.org\/fr\/es\/#\/schema\/logo\/image\/","url":"https:\/\/www.itakaescolapios.org\/wp-content\/uploads\/2024\/04\/Logo-itakaescolapios-peque.png","contentUrl":"https:\/\/www.itakaescolapios.org\/wp-content\/uploads\/2024\/04\/Logo-itakaescolapios-peque.png","width":500,"height":199,"caption":"Fundaci\u00f3 Itaka-Escolapios"},"image":{"@id":"https:\/\/www.itakaescolapios.org\/fr\/es\/#\/schema\/logo\/image\/"}}]}},"_links":{"self":[{"href":"https:\/\/www.itakaescolapios.org\/fr\/wp-json\/wp\/v2\/pages\/415","targetHints":{"allow":["GET"]}}],"collection":[{"href":"https:\/\/www.itakaescolapios.org\/fr\/wp-json\/wp\/v2\/pages"}],"about":[{"href":"https:\/\/www.itakaescolapios.org\/fr\/wp-json\/wp\/v2\/types\/page"}],"author":[{"embeddable":true,"href":"https:\/\/www.itakaescolapios.org\/fr\/wp-json\/wp\/v2\/users\/1"}],"replies":[{"embeddable":true,"href":"https:\/\/www.itakaescolapios.org\/fr\/wp-json\/wp\/v2\/comments?post=415"}],"version-history":[{"count":17,"href":"https:\/\/www.itakaescolapios.org\/fr\/wp-json\/wp\/v2\/pages\/415\/revisions"}],"predecessor-version":[{"id":50223,"href":"https:\/\/www.itakaescolapios.org\/fr\/wp-json\/wp\/v2\/pages\/415\/revisions\/50223"}],"up":[{"embeddable":true,"href":"https:\/\/www.itakaescolapios.org\/fr\/wp-json\/wp\/v2\/pages\/98"}],"wp:featuredmedia":[{"embeddable":true,"href":"https:\/\/www.itakaescolapios.org\/fr\/wp-json\/wp\/v2\/media\/1804"}],"wp:attachment":[{"href":"https:\/\/www.itakaescolapios.org\/fr\/wp-json\/wp\/v2\/media?parent=415"}],"curies":[{"name":"wp","href":"https:\/\/api.w.org\/{rel}","templated":true}]}}