{"id":4371,"date":"2012-11-14T13:22:27","date_gmt":"2012-11-14T12:22:27","guid":{"rendered":"https:\/\/www.itakaescolapios.org\/?page_id=4371"},"modified":"2023-11-28T12:39:34","modified_gmt":"2023-11-28T11:39:34","slug":"la-educacion-no-es-un-cuento","status":"publish","type":"page","link":"https:\/\/www.itakaescolapios.org\/fr\/campanas\/educacion-futuro\/la-educacion-no-es-un-cuento\/","title":{"rendered":"LA EDUCACI\u00d3N NO ES UN CUENTO"},"content":{"rendered":"<p><a href=\"https:\/\/www.itakaescolapios.org\/campanas\/la-educacion-no-es-un-cuento\/pastorcito-2\/\" rel=\"attachment wp-att-4875\"><img decoding=\"async\" class=\"alignright size-medium wp-image-4875\" title=\"pastorcito\" src=\"https:\/\/www.itakaescolapios.org\/wp-content\/uploads\/2012\/11\/pastorcito1-163x300.jpg\" alt=\"\" width=\"163\" height=\"300\" srcset=\"https:\/\/www.itakaescolapios.org\/wp-content\/uploads\/2012\/11\/pastorcito1-163x300.jpg 163w, https:\/\/www.itakaescolapios.org\/wp-content\/uploads\/2012\/11\/pastorcito1-250x459.jpg 250w, https:\/\/www.itakaescolapios.org\/wp-content\/uploads\/2012\/11\/pastorcito1.jpg 537w\" sizes=\"(max-width: 163px) 100vw, 163px\" \/><\/a>61 millones \u00a0de ni\u00f1os y ni\u00f1as en el mundo est\u00e1n sin escolarizar y cerca de 200 millones \u00a0a pesar de haber sido escolarizados no alcanzan las competencias b\u00e1sicas \u00a0debido a la calidad precaria de la ense\u00f1anza que reciben.<\/p>\n<p>Os presentamos a continuaci\u00f3n una din\u00e1mica que tiene como objeto trabajar en familia el valor de la educaci\u00f3n como motor de cambio. Nos gustar\u00eda que trabajarais en vuestro hogar las realidades de la educaci\u00f3n en otros lugares del mundo y que les ayud\u00e9is a vuestros hijos e hijas a escribir las vidas de los ni\u00f1os y ni\u00f1as presentados en la din\u00e1mica.<\/p>\n<p>Pinchando en cada enlace pod\u00e9is bajaros la actividad, unas fichas que a modo de cuento inician la historia de Hugo, Kavita y Therese.<\/p>\n<p>Esta actividad la pod\u00e9is completar en con el material de la actividad<a href=\"https:\/\/www.itakaescolapios.org\/campanas\/a-que-cole-vas\/\" target=\"_blank\" rel=\"noopener\"> \u201c\u00bfC\u00f3mo es mi cole?\u201d<\/a> din\u00e1mica que por medio de entrevistas, a diferentes ni\u00f1os y ni\u00f1as, nos describe la realidad educativa de Bolivia, Camer\u00fan, India, Brasil&#8230;<\/p>\n<p>Ficha actividad: <a href=\"http:\/\/www.educa.itakaescolapios.org\/cooperacion-norte-sur\/campana-2012-13.-la-educacion-no-es-un-cuento\/?searchterm=campa%C3%B1a*%202012-13*\" target=\"_blank\" rel=\"noopener\">\u201cLa educaci\u00f3n no es un cuento\u201d<\/a><\/p>\n<p>Cuentos:<\/p>\n<p><a href=\"https:\/\/www.itakaescolapios.org\/wp-content\/uploads\/2012\/11\/Hugo.pdf\" target=\"_blank\" rel=\"noopener\">Hugo el pastorcillo de Chayanta<\/a><\/p>\n<p><a href=\"https:\/\/www.itakaescolapios.org\/wp-content\/uploads\/2012\/11\/Kavita.pdf\" target=\"_blank\" rel=\"noopener\">Kavita la hija de Veena<\/a><\/p>\n<p><a href=\"https:\/\/www.itakaescolapios.org\/wp-content\/uploads\/2012\/11\/Therese.pdf\" target=\"_blank\" rel=\"noopener\">Therese la ni\u00f1a que queria ser maestra<\/a><!--more--><\/p>\n","protected":false},"excerpt":{"rendered":"<p>61 millones \u00a0de ni\u00f1os y ni\u00f1as en el mundo est\u00e1n sin escolarizar y cerca de 200 millones \u00a0a pesar de haber sido escolarizados no alcanzan las competencias b\u00e1sicas \u00a0debido a [&hellip;]<\/p>\n","protected":false},"author":46,"featured_media":0,"parent":3983,"menu_order":4,"comment_status":"closed","ping_status":"closed","template":"","meta":{"_et_pb_use_builder":"","_et_pb_old_content":"","_et_gb_content_width":"","footnotes":""},"class_list":["post-4371","page","type-page","status-publish","hentry"],"yoast_head":"<!-- This site is optimized with the Yoast SEO plugin v27.3 - https:\/\/yoast.com\/product\/yoast-seo-wordpress\/ -->\n<title>LA EDUCACI\u00d3N NO ES UN CUENTO<\/title>\n<meta name=\"description\" content=\"61 millones \u00a0de ni\u00f1os y ni\u00f1as en el mundo est\u00e1n sin escolarizar y cerca de 200 millones \u00a0a pesar de haber sido escolarizados no alcanzan las competencias b\u00e1sicas \u00a0debido a la calidad precaria de la ense\u00f1anza que reciben. Os presentamos a continuaci\u00f3n una din\u00e1mica que tiene como objeto trabajar en familia el valor de la\u2026\" \/>\n<meta name=\"robots\" content=\"index, follow, max-snippet:-1, max-image-preview:large, max-video-preview:-1\" \/>\n<link rel=\"canonical\" href=\"http:\/\/61%20millones%20\u00a0de%20ni\u00f1os%20y%20ni\u00f1as%20en%20el%20mundo%20est\u00e1n%20sin%20escolarizar%20y%20cerca%20de%20200%20millones%20\u00a0a%20pesar%20de%20haber%20sido%20escolarizados%20no%20alcanzan%20las%20competencias%20b\u00e1sicas%20\u00a0debido%20a%20la%20calidad%20precaria%20de%20la%20ense\u00f1anza%20que%20reciben.%20Os%20presentamos%20a%20continuaci\u00f3n%20una%20din\u00e1mica%20que%20tiene%20como%20objeto%20trabajar%20en%20familia%20el%20valor%20de%20la\u2026\" \/>\n<meta property=\"og:locale\" content=\"fr_FR\" \/>\n<meta property=\"og:type\" content=\"article\" \/>\n<meta property=\"og:title\" content=\"LA EDUCACI\u00d3N NO ES UN CUENTO\" \/>\n<meta property=\"og:description\" content=\"61 millones \u00a0de ni\u00f1os y ni\u00f1as en el mundo est\u00e1n sin escolarizar y cerca de 200 millones \u00a0a pesar de haber sido escolarizados no alcanzan las competencias b\u00e1sicas \u00a0debido a la calidad precaria de la ense\u00f1anza que reciben. Os presentamos a continuaci\u00f3n una din\u00e1mica que tiene como objeto trabajar en familia el valor de la\u2026\" \/>\n<meta property=\"og:url\" content=\"https:\/\/www.itakaescolapios.org\/fr\/campanas\/educacion-futuro\/la-educacion-no-es-un-cuento\/\" \/>\n<meta property=\"og:site_name\" content=\"Itaka-Escolapios\" \/>\n<meta property=\"article:modified_time\" content=\"2023-11-28T11:39:34+00:00\" \/>\n<meta property=\"og:image\" content=\"https:\/\/www.itakaescolapios.org\/wp-content\/uploads\/2012\/11\/pastorcito1.jpg\" \/>\n\t<meta property=\"og:image:width\" content=\"537\" \/>\n\t<meta property=\"og:image:height\" content=\"987\" \/>\n\t<meta property=\"og:image:type\" content=\"image\/jpeg\" \/>\n<meta name=\"twitter:card\" content=\"summary_large_image\" \/>\n<meta name=\"twitter:label1\" content=\"Dur\u00e9e de lecture estim\u00e9e\" \/>\n\t<meta name=\"twitter:data1\" content=\"1 minute\" \/>\n<script type=\"application\/ld+json\" class=\"yoast-schema-graph\">{\"@context\":\"https:\\\/\\\/schema.org\",\"@graph\":[{\"@type\":\"WebPage\",\"@id\":\"https:\\\/\\\/www.itakaescolapios.org\\\/fr\\\/campanas\\\/educacion-futuro\\\/la-educacion-no-es-un-cuento\\\/\",\"url\":\"https:\\\/\\\/www.itakaescolapios.org\\\/fr\\\/campanas\\\/educacion-futuro\\\/la-educacion-no-es-un-cuento\\\/\",\"name\":\"LA EDUCACI\u00d3N NO ES UN CUENTO - Itaka-Escolapios\",\"isPartOf\":{\"@id\":\"https:\\\/\\\/www.itakaescolapios.org\\\/es\\\/#website\"},\"primaryImageOfPage\":{\"@id\":\"https:\\\/\\\/www.itakaescolapios.org\\\/fr\\\/campanas\\\/educacion-futuro\\\/la-educacion-no-es-un-cuento\\\/#primaryimage\"},\"image\":{\"@id\":\"https:\\\/\\\/www.itakaescolapios.org\\\/fr\\\/campanas\\\/educacion-futuro\\\/la-educacion-no-es-un-cuento\\\/#primaryimage\"},\"thumbnailUrl\":\"https:\\\/\\\/www.itakaescolapios.org\\\/wp-content\\\/uploads\\\/2012\\\/11\\\/pastorcito1-163x300.jpg\",\"datePublished\":\"2012-11-14T12:22:27+00:00\",\"dateModified\":\"2023-11-28T11:39:34+00:00\",\"breadcrumb\":{\"@id\":\"https:\\\/\\\/www.itakaescolapios.org\\\/fr\\\/campanas\\\/educacion-futuro\\\/la-educacion-no-es-un-cuento\\\/#breadcrumb\"},\"inLanguage\":\"fr-FR\",\"potentialAction\":[{\"@type\":\"ReadAction\",\"target\":[\"https:\\\/\\\/www.itakaescolapios.org\\\/fr\\\/campanas\\\/educacion-futuro\\\/la-educacion-no-es-un-cuento\\\/\"]}]},{\"@type\":\"ImageObject\",\"inLanguage\":\"fr-FR\",\"@id\":\"https:\\\/\\\/www.itakaescolapios.org\\\/fr\\\/campanas\\\/educacion-futuro\\\/la-educacion-no-es-un-cuento\\\/#primaryimage\",\"url\":\"https:\\\/\\\/www.itakaescolapios.org\\\/wp-content\\\/uploads\\\/2012\\\/11\\\/pastorcito1-163x300.jpg\",\"contentUrl\":\"https:\\\/\\\/www.itakaescolapios.org\\\/wp-content\\\/uploads\\\/2012\\\/11\\\/pastorcito1-163x300.jpg\"},{\"@type\":\"BreadcrumbList\",\"@id\":\"https:\\\/\\\/www.itakaescolapios.org\\\/fr\\\/campanas\\\/educacion-futuro\\\/la-educacion-no-es-un-cuento\\\/#breadcrumb\",\"itemListElement\":[{\"@type\":\"ListItem\",\"position\":1,\"name\":\"Itaka-Escolapios\",\"item\":\"https:\\\/\\\/www.itakaescolapios.org\\\/es\\\/\"},{\"@type\":\"ListItem\",\"position\":2,\"name\":\"Campagnes\",\"item\":\"https:\\\/\\\/www.itakaescolapios.org\\\/es\\\/campanas\\\/\"},{\"@type\":\"ListItem\",\"position\":3,\"name\":\"2012-2013 L\u2019\u00e9ducation assure le futur\",\"item\":\"https:\\\/\\\/www.itakaescolapios.org\\\/es\\\/campanas\\\/educacion-futuro\\\/\"},{\"@type\":\"ListItem\",\"position\":4,\"name\":\"LA EDUCACI\u00d3N NO ES UN CUENTO\"}]},{\"@type\":\"WebSite\",\"@id\":\"https:\\\/\\\/www.itakaescolapios.org\\\/fr\\\/es\\\/#website\",\"url\":\"https:\\\/\\\/www.itakaescolapios.org\\\/fr\\\/es\\\/\",\"name\":\"Itaka-Escolapios\",\"description\":\"Red de Itaka-Escolapios\",\"publisher\":{\"@id\":\"https:\\\/\\\/www.itakaescolapios.org\\\/fr\\\/es\\\/#organization\"},\"potentialAction\":[{\"@type\":\"SearchAction\",\"target\":{\"@type\":\"EntryPoint\",\"urlTemplate\":\"https:\\\/\\\/www.itakaescolapios.org\\\/fr\\\/es\\\/?s={search_term_string}\"},\"query-input\":{\"@type\":\"PropertyValueSpecification\",\"valueRequired\":true,\"valueName\":\"search_term_string\"}}],\"inLanguage\":\"fr-FR\"},{\"@type\":\"Organization\",\"@id\":\"https:\\\/\\\/www.itakaescolapios.org\\\/fr\\\/es\\\/#organization\",\"name\":\"Fundaci\u00f3 Itaka-Escolapios\",\"url\":\"https:\\\/\\\/www.itakaescolapios.org\\\/fr\\\/es\\\/\",\"logo\":{\"@type\":\"ImageObject\",\"inLanguage\":\"fr-FR\",\"@id\":\"https:\\\/\\\/www.itakaescolapios.org\\\/fr\\\/es\\\/#\\\/schema\\\/logo\\\/image\\\/\",\"url\":\"https:\\\/\\\/www.itakaescolapios.org\\\/wp-content\\\/uploads\\\/2024\\\/04\\\/Logo-itakaescolapios-peque.png\",\"contentUrl\":\"https:\\\/\\\/www.itakaescolapios.org\\\/wp-content\\\/uploads\\\/2024\\\/04\\\/Logo-itakaescolapios-peque.png\",\"width\":500,\"height\":199,\"caption\":\"Fundaci\u00f3 Itaka-Escolapios\"},\"image\":{\"@id\":\"https:\\\/\\\/www.itakaescolapios.org\\\/fr\\\/es\\\/#\\\/schema\\\/logo\\\/image\\\/\"}}]}<\/script>\n<!-- \/ Yoast SEO plugin. -->","yoast_head_json":{"title":"LA EDUCACI\u00d3N NO ES UN CUENTO","description":"61 millones \u00a0de ni\u00f1os y ni\u00f1as en el mundo est\u00e1n sin escolarizar y cerca de 200 millones \u00a0a pesar de haber sido escolarizados no alcanzan las competencias b\u00e1sicas \u00a0debido a la calidad precaria de la ense\u00f1anza que reciben. Os presentamos a continuaci\u00f3n una din\u00e1mica que tiene como objeto trabajar en familia el valor de la\u2026","robots":{"index":"index","follow":"follow","max-snippet":"max-snippet:-1","max-image-preview":"max-image-preview:large","max-video-preview":"max-video-preview:-1"},"canonical":"61 millones \u00a0de ni\u00f1os y ni\u00f1as en el mundo est\u00e1n sin escolarizar y cerca de 200 millones \u00a0a pesar de haber sido escolarizados no alcanzan las competencias b\u00e1sicas \u00a0debido a la calidad precaria de la ense\u00f1anza que reciben. Os presentamos a continuaci\u00f3n una din\u00e1mica que tiene como objeto trabajar en familia el valor de la\u2026","og_locale":"fr_FR","og_type":"article","og_title":"LA EDUCACI\u00d3N NO ES UN CUENTO","og_description":"61 millones \u00a0de ni\u00f1os y ni\u00f1as en el mundo est\u00e1n sin escolarizar y cerca de 200 millones \u00a0a pesar de haber sido escolarizados no alcanzan las competencias b\u00e1sicas \u00a0debido a la calidad precaria de la ense\u00f1anza que reciben. Os presentamos a continuaci\u00f3n una din\u00e1mica que tiene como objeto trabajar en familia el valor de la\u2026","og_url":"https:\/\/www.itakaescolapios.org\/fr\/campanas\/educacion-futuro\/la-educacion-no-es-un-cuento\/","og_site_name":"Itaka-Escolapios","article_modified_time":"2023-11-28T11:39:34+00:00","og_image":[{"width":537,"height":987,"url":"https:\/\/www.itakaescolapios.org\/wp-content\/uploads\/2012\/11\/pastorcito1.jpg","type":"image\/jpeg"}],"twitter_card":"summary_large_image","twitter_misc":{"Dur\u00e9e de lecture estim\u00e9e":"1 minute"},"schema":{"@context":"https:\/\/schema.org","@graph":[{"@type":"WebPage","@id":"https:\/\/www.itakaescolapios.org\/fr\/campanas\/educacion-futuro\/la-educacion-no-es-un-cuento\/","url":"https:\/\/www.itakaescolapios.org\/fr\/campanas\/educacion-futuro\/la-educacion-no-es-un-cuento\/","name":"LA EDUCACI\u00d3N NO ES UN CUENTO - Itaka-Escolapios","isPartOf":{"@id":"https:\/\/www.itakaescolapios.org\/es\/#website"},"primaryImageOfPage":{"@id":"https:\/\/www.itakaescolapios.org\/fr\/campanas\/educacion-futuro\/la-educacion-no-es-un-cuento\/#primaryimage"},"image":{"@id":"https:\/\/www.itakaescolapios.org\/fr\/campanas\/educacion-futuro\/la-educacion-no-es-un-cuento\/#primaryimage"},"thumbnailUrl":"https:\/\/www.itakaescolapios.org\/wp-content\/uploads\/2012\/11\/pastorcito1-163x300.jpg","datePublished":"2012-11-14T12:22:27+00:00","dateModified":"2023-11-28T11:39:34+00:00","breadcrumb":{"@id":"https:\/\/www.itakaescolapios.org\/fr\/campanas\/educacion-futuro\/la-educacion-no-es-un-cuento\/#breadcrumb"},"inLanguage":"fr-FR","potentialAction":[{"@type":"ReadAction","target":["https:\/\/www.itakaescolapios.org\/fr\/campanas\/educacion-futuro\/la-educacion-no-es-un-cuento\/"]}]},{"@type":"ImageObject","inLanguage":"fr-FR","@id":"https:\/\/www.itakaescolapios.org\/fr\/campanas\/educacion-futuro\/la-educacion-no-es-un-cuento\/#primaryimage","url":"https:\/\/www.itakaescolapios.org\/wp-content\/uploads\/2012\/11\/pastorcito1-163x300.jpg","contentUrl":"https:\/\/www.itakaescolapios.org\/wp-content\/uploads\/2012\/11\/pastorcito1-163x300.jpg"},{"@type":"BreadcrumbList","@id":"https:\/\/www.itakaescolapios.org\/fr\/campanas\/educacion-futuro\/la-educacion-no-es-un-cuento\/#breadcrumb","itemListElement":[{"@type":"ListItem","position":1,"name":"Itaka-Escolapios","item":"https:\/\/www.itakaescolapios.org\/es\/"},{"@type":"ListItem","position":2,"name":"Campagnes","item":"https:\/\/www.itakaescolapios.org\/es\/campanas\/"},{"@type":"ListItem","position":3,"name":"2012-2013 L\u2019\u00e9ducation assure le futur","item":"https:\/\/www.itakaescolapios.org\/es\/campanas\/educacion-futuro\/"},{"@type":"ListItem","position":4,"name":"LA EDUCACI\u00d3N NO ES UN CUENTO"}]},{"@type":"WebSite","@id":"https:\/\/www.itakaescolapios.org\/fr\/es\/#website","url":"https:\/\/www.itakaescolapios.org\/fr\/es\/","name":"Itaka-Escolapios","description":"Red de Itaka-Escolapios","publisher":{"@id":"https:\/\/www.itakaescolapios.org\/fr\/es\/#organization"},"potentialAction":[{"@type":"SearchAction","target":{"@type":"EntryPoint","urlTemplate":"https:\/\/www.itakaescolapios.org\/fr\/es\/?s={search_term_string}"},"query-input":{"@type":"PropertyValueSpecification","valueRequired":true,"valueName":"search_term_string"}}],"inLanguage":"fr-FR"},{"@type":"Organization","@id":"https:\/\/www.itakaescolapios.org\/fr\/es\/#organization","name":"Fundaci\u00f3 Itaka-Escolapios","url":"https:\/\/www.itakaescolapios.org\/fr\/es\/","logo":{"@type":"ImageObject","inLanguage":"fr-FR","@id":"https:\/\/www.itakaescolapios.org\/fr\/es\/#\/schema\/logo\/image\/","url":"https:\/\/www.itakaescolapios.org\/wp-content\/uploads\/2024\/04\/Logo-itakaescolapios-peque.png","contentUrl":"https:\/\/www.itakaescolapios.org\/wp-content\/uploads\/2024\/04\/Logo-itakaescolapios-peque.png","width":500,"height":199,"caption":"Fundaci\u00f3 Itaka-Escolapios"},"image":{"@id":"https:\/\/www.itakaescolapios.org\/fr\/es\/#\/schema\/logo\/image\/"}}]}},"_links":{"self":[{"href":"https:\/\/www.itakaescolapios.org\/fr\/wp-json\/wp\/v2\/pages\/4371","targetHints":{"allow":["GET"]}}],"collection":[{"href":"https:\/\/www.itakaescolapios.org\/fr\/wp-json\/wp\/v2\/pages"}],"about":[{"href":"https:\/\/www.itakaescolapios.org\/fr\/wp-json\/wp\/v2\/types\/page"}],"author":[{"embeddable":true,"href":"https:\/\/www.itakaescolapios.org\/fr\/wp-json\/wp\/v2\/users\/46"}],"replies":[{"embeddable":true,"href":"https:\/\/www.itakaescolapios.org\/fr\/wp-json\/wp\/v2\/comments?post=4371"}],"version-history":[{"count":34,"href":"https:\/\/www.itakaescolapios.org\/fr\/wp-json\/wp\/v2\/pages\/4371\/revisions"}],"predecessor-version":[{"id":49902,"href":"https:\/\/www.itakaescolapios.org\/fr\/wp-json\/wp\/v2\/pages\/4371\/revisions\/49902"}],"up":[{"embeddable":true,"href":"https:\/\/www.itakaescolapios.org\/fr\/wp-json\/wp\/v2\/pages\/3983"}],"wp:attachment":[{"href":"https:\/\/www.itakaescolapios.org\/fr\/wp-json\/wp\/v2\/media?parent=4371"}],"curies":[{"name":"wp","href":"https:\/\/api.w.org\/{rel}","templated":true}]}}